{"id":57598,"date":"2023-08-09T07:41:30","date_gmt":"2023-08-09T07:41:30","guid":{"rendered":"https:\/\/meijenfeldt.nl\/?page_id=57598"},"modified":"2023-12-10T18:01:46","modified_gmt":"2023-12-10T18:01:46","slug":"m","status":"publish","type":"page","link":"https:\/\/meijenfeldt.nl\/?page_id=57598","title":{"rendered":"M"},"content":{"rendered":"<p><span style=\"font-size: 10pt;\"><span style=\"color: #0000ff;\"><a style=\"color: #0000ff;\" href=\"https:\/\/meijenfeldt.nl\/\">FAMILIE<\/a><\/span>\u00a0\/\u00a0<span style=\"color: #0000ff;\"><a style=\"color: #0000ff;\" href=\"https:\/\/meijenfeldt.nl\/?page_id=51152\">BIBLIOTHEEK<\/a><\/span>\u00a0\/\u00a0<span style=\"color: #0000ff;\"><a style=\"color: #0000ff;\" href=\"https:\/\/meijenfeldt.nl\/?page_id=217\">LITERATUUR<\/a><\/span> \/ <span style=\"color: #000000;\">AUTEURS M<\/span><\/span><\/p>\n<p style=\"text-align: justify;\"><span style=\"color: #000000; font-size: 12pt;\">C.G. <span style=\"color: #008000;\"><span style=\"color: #0000ff;\"><a style=\"color: #0000ff;\" href=\"https:\/\/meijenfeldt.nl\/?page_id=19536\"><strong>Malmstr\u00f6m<\/strong><\/a><\/span>,<\/span> \u201cSveriges Politiska Historia fr\u00e5n konung Karl XII:s d\u00f6d till statshv\u00e4lfningen 1772\u201d, 6 delen, Stockholm 1855-1877.<\/span><br \/>\n<span style=\"color: #000000; font-size: 12pt;\">J. <span style=\"color: #008000;\"><span style=\"color: #0000ff;\"><a style=\"color: #0000ff;\" href=\"https:\/\/meijenfeldt.nl\/?page_id=20203\"><b>Mankell<\/b><\/a><\/span>,<\/span><\/span><br \/>\n<span style=\"color: #000000; font-size: 12pt;\"><span class=\"s2\">\u2013 \u201cUppgifter<\/span> <span class=\"s2\">r\u00f6rande<\/span> <span class=\"s2\">svenska<\/span> <span class=\"s2\">krigsmagtens<\/span><span class=\"s2\">,<\/span><span class=\"s2\"> s<\/span><span class=\"s2\">edan <\/span><span class=\"s2\">slutet<\/span> <span class=\"s2\">af\u00a0<\/span><span class=\"s2\">femtonhundratalet\u201d<\/span><span class=\"s2\">,<\/span>\u00a0delen 1 en 2,\u00a0<span class=\"s2\">Stockholm 1865<\/span><span class=\"s2\">.<br \/>\n\u2013 \u201cAnteckningar r\u00f6rande svenska regementernas historia\u201d, \u00d6rebro 1866.<br \/>\n<\/span>\u2013 \u201cAnteckningar r\u00f6rande Finska Arm\u00e9ens och Finlands Krijgshistoria\u201d, deel 1, Stockholm 1870.<\/span><br \/>\n<span style=\"color: #000000; font-size: 12pt;\">A.F. <strong>Manning<\/strong>, \u201cOp zoek naar het alledaagse vaderland\u201d, Amsterdam 1975. &#x2663;<br \/>\nJ. Marcinkevicius, &#8220;Lithuania. An Outline&#8221;, Vilnius 2001. &#x2663;<\/span><br \/>\n<span style=\"color: #000000; font-size: 12pt;\">R. <strong>Marholm,<\/strong> \u201cScenen aus einem Trauerspiel \u2018Patkul\u2019s Tod&#8217;\u201d, in Baltische Montatschrift 26, Riga 1879, <span style=\"color: #0000ff;\"><a style=\"color: #0000ff;\" href=\"https:\/\/babel.hathitrust.org\/cgi\/pt?id=hvd.hnj9ck&amp;view=1up&amp;seq=198\">pag. 182-186<\/a><\/span>.<\/span><br \/>\n<span style=\"color: #000000; font-size: 12pt;\">A. <span style=\"color: #0000ff;\"><a style=\"color: #0000ff;\" href=\"https:\/\/books.google.nl\/books?id=_n5uBgAAQBAJ&amp;pg=PT154&amp;dq=meijerfeldt&amp;hl=sv&amp;sa=X&amp;ved=0ahUKEwiRrZCTnNDhAhURfFAKHdjrB3cQ6AEIPTAE#v=onepage&amp;q=meijerfeldt&amp;f=false\"><strong>Marklund<\/strong><\/a>,<\/span> \u201cStenbock. \u00c4ra och ensamhet i Karl XII:s tid\u201d, Lund 2008.<br \/>\nR. <strong>Marsson<\/strong>, \u201cDie Schwe\u00addischen General\u00adstatthalter in Stralsund\u201d, Stralsundische Zeitung 9-9-1923.<\/span><br \/>\n<span style=\"color: #000000; font-size: 12pt;\">C. <strong>Marx<\/strong>, \u201cGeheime diplomatie in de achttiende eeuw\u201d, vertaling, Katwijk aan Zee 1983. &#x2663;<\/span><br \/>\n<span style=\"color: #000000; font-size: 12pt;\">J.<span style=\"color: #0000ff;\"><a style=\"color: #0000ff;\" href=\"https:\/\/www.diva-portal.org\/smash\/get\/diva2:625276\/FULLTEXT01.pdf\"><strong> Massengale<\/strong><\/a><\/span>, \u201cStefan Ekman. \u00ab\u00a0I skuggan af Din Graf, jag pa min Lyra slar. \u00bb Carl Michael Bellmans Dikter Over Doda i Relation till Dikttypens Svenska Tradition och Funktion i Nyhetspressen under Senare Delen av 1700-talet.\u00a0\u00bb Scandinavian Studies 22 December 2005.<\/span><br \/>\n<span style=\"color: #000000; font-size: 12pt;\">R. <strong>Massie<\/strong>, \u201cPeter de Grote en het ontstaan van het moderne Rusland. 1672-1725\u201d, vertaling, Amsterdam 1986. &#x2663;<\/span><br \/>\n<span style=\"font-size: 12pt;\"><span style=\"color: #000000;\">P. <span style=\"color: #0000ff;\"><strong>Massuet<\/strong>,<\/span> \u201cHistoire des Rois de Pologne en du Gouvernement de ce Royaume, <\/span>o\u00f9 l&#8217;on trouve un d\u00e9tail tr\u00e8s-circonstanci\u00e9 de tout ce qui s&#8217;est pass\u00e9 de plus remarquable sous le regne de Frederic Auguste, et pendant les deux derniers interregnes<span style=\"color: #000000;\">\u201d, Amsterdam 1733, <span style=\"color: #0000ff;\"><a style=\"color: #0000ff;\" href=\"https:\/\/babel.hathitrust.org\/cgi\/pt?id=hvd.hh1s3w&amp;view=1up&amp;seq=57&amp;q1=meyerfelds\">pag. 51<\/a><\/span>.<\/span><\/span><br \/>\n<span style=\"color: #000000; font-size: 12pt;\">E. <b>Mats<\/b>, \u201cP\u00e5 Gripsholm, S\u00e4gner Fakta Historia p\u00e5 ett 450-\u00e5rigt slott\u201d, Stockholm 1987. &#x2663;<\/span><br \/>\n<span style=\"color: #000000; font-size: 12pt;\">Fr.J. <strong>Meier<\/strong>, \u201cAnjala Forbundet\u201d, in: Historisk Archiv, deel 1, Kopenhagen 1873, <a style=\"color: #000000;\" href=\"https:\/\/babel.hathitrust.org\/cgi\/pt?id=njp.32101072326927&amp;view=1up&amp;seq=514\"><span style=\"color: #0000ff;\">pag. 506<\/span><\/a> en <a style=\"color: #000000;\" href=\"https:\/\/babel.hathitrust.org\/cgi\/pt?id=njp.32101072326927&amp;view=1up&amp;seq=527\"><span style=\"color: #0000ff;\">pag. 519<\/span><\/a>.<br \/>\nJ.G. von <strong>Meiern<\/strong>, &#8220;Acta Pacis Westphali\u00e6 Publica oder Westf\u00e4lische Friedens-Handlungen und Geschichte&#8221;, Hannover 1734, <span style=\"color: #0000ff;\"><a style=\"color: #0000ff;\" href=\"https:\/\/meijenfeldt.nl\/wp-content\/uploads\/2022\/09\/Meiern.pdf\">pag. 55<\/a><\/span>.<\/span><br \/>\n<span style=\"color: #000000; font-size: 12pt;\">M.F. <strong>Metcalf<\/strong>, \u201cRussia, England and Swedish Party Politics 1762-1766\u201d, Stockholm 1977.<\/span><br \/>\n<span style=\"color: #000000; font-size: 12pt;\">A.C. <span style=\"color: #0000ff;\"><strong><a style=\"color: #0000ff;\" href=\"https:\/\/meijenfeldt.nl\/wp-content\/uploads\/2022\/10\/Meurling.pdf\">Meurling<\/a><\/strong><\/span>, \u201cSvensk domstolf\u00f6rvaltning i Livland 1634-1700\u201d, Lund 1967.<br \/>\nA. <strong>Minken<\/strong>, \u201cNordic Taters \u2013 ethnic identity, social cathegorizing and economic adaption ca 1500-1850&#8243;.<\/span><br \/>\n<span style=\"color: #000000; font-size: 12pt;\"><strong>Moniteur<\/strong> des dates, juli 1871, <a style=\"color: #000000;\" href=\"https:\/\/babel.hathitrust.org\/cgi\/pt?id=mdp.39015015215448&amp;view=1up&amp;seq=246\"><span style=\"color: #0000ff;\">pag. 29<\/span><\/a>.<\/span><br \/>\n<span style=\"color: #000000; font-size: 12pt;\">L. <strong>Morery<\/strong>, \u201cLe Grand Dictoinaire Historique\u201d, Parijs 1707, deel 2, <span style=\"color: #0000ff;\"><a style=\"color: #0000ff;\" href=\"https:\/\/babel.hathitrust.org\/cgi\/pt?id=ucm.5319444969&amp;view=1up&amp;seq=205&amp;q1=meyerfelt\">pag. 193<\/a><\/span> en <span style=\"color: #0000ff;\"><a style=\"color: #0000ff;\" href=\"https:\/\/babel.hathitrust.org\/cgi\/pt?id=ucm.5319444969&amp;view=1up&amp;seq=207&amp;q1=meyerfelt\">pag. 195<\/a>.<\/span><\/span><br \/>\n<span style=\"color: #000000; font-size: 12pt;\">J. <strong>Mottley<\/strong>, \u201cThe History of the Life and Reign of the Empress Catharine\u201d, London 1744.<\/span><br \/>\n<span style=\"color: #000000; font-size: 12pt;\">J.G. Megerle von <span style=\"color: #0000ff;\"><strong><a style=\"color: #0000ff;\" href=\"https:\/\/books.google.se\/books?id=3ghssDbFKWIC&amp;pg=PR1&amp;dq=megerle+von+m%C3%BChlfeld+adelslexikon&amp;hl=sv&amp;sa=X&amp;ved=0ahUKEwix74Sq-rvhAhWSJVAKHcPeBSkQ6AEINjAC#v=onepage&amp;q=mayenfeld&amp;f=false\">M\u00fchlfeld<\/a><\/strong>,<\/span> \u201cErganzungsband zu dem \u00d6sterreichischen Adels=Lexikon\u201d, Wenen 1824, pag. 176-177, 374-376.<\/span><br \/>\n<span style=\"font-size: 12pt;\"><span style=\"color: #000000;\">M. <span style=\"color: #0000ff;\"><strong><a style=\"color: #0000ff;\" href=\"https:\/\/meijenfeldt.nl\/wp-content\/uploads\/2022\/09\/Muller.pdf\">M\u00fcller<\/a><\/strong><\/span>, \u201cBeitrag zur Baltischen Wappenkunde. D<\/span>ie Wappen der b\u00fcrgerlichen und im Lande nicht immatrikulierten adligen Familien der fr\u00fcheren russischen Ostseeprovinzen Liv-, Est- und Kurland (jetzt Lettland und Estland) mit einer kurzen Einf\u00fchrung, <span style=\"color: #000000;\">Riga 1931.<\/span><\/span><br \/>\n<span style=\"color: #000000; font-size: 12pt;\">L.W. <span style=\"color: #008000;\"><span style=\"color: #0000ff;\"><a style=\"color: #0000ff;\" href=\"https:\/\/meijenfeldt.nl\/?page_id=28467\"><strong>Munthe<\/strong><\/a><\/span>,<\/span> \u201cKungl. Fortifikationens historia\u201d, 7 delen, Stock\u00adholm 1902-1917.<br \/>\nO. <span style=\"color: #0000ff;\"><a style=\"color: #0000ff;\" href=\"https:\/\/meijenfeldt.nl\/?page_id=61229\"><strong>Mustelin<\/strong><\/a><\/span>, &#8220;Studier i Finl\u00e4nsk Historieforskning 1809-1865&#8221;, \u00c5bo 1957.\u00a0<\/span><\/p>\n<p style=\"text-align: center;\">\n","protected":false},"excerpt":{"rendered":"<p>FAMILIE\u00a0\/\u00a0BIBLIOTHEEK\u00a0\/\u00a0LITERATUUR \/ AUTEURS M C.G. Malmstr\u00f6m, \u201cSveriges Politiska Historia fr\u00e5n konung Karl XII:s d\u00f6d till statshv\u00e4lfningen 1772\u201d, 6 delen, Stockholm 1855-1877. J. Mankell, \u2013 \u201cUppgifter r\u00f6rande svenska krigsmagtens, sedan slutet af\u00a0femtonhundratalet\u201d,\u00a0delen 1 en 2,\u00a0Stockholm 1865. \u2013 \u201cAnteckningar r\u00f6rande svenska regementernas historia\u201d, \u00d6rebro 1866. \u2013 \u201cAnteckningar r\u00f6rande Finska Arm\u00e9ens och Finlands Krijgshistoria\u201d, deel 1, Stockholm 1870. &hellip; <a href=\"https:\/\/meijenfeldt.nl\/?page_id=57598\" class=\"more-link\">Verder lezen <span class=\"screen-reader-text\">M<\/span><\/a><\/p>\n","protected":false},"author":1,"featured_media":0,"parent":0,"menu_order":0,"comment_status":"closed","ping_status":"closed","template":"","meta":{"footnotes":""},"class_list":["post-57598","page","type-page","status-publish","hentry"],"_links":{"self":[{"href":"https:\/\/meijenfeldt.nl\/index.php?rest_route=\/wp\/v2\/pages\/57598","targetHints":{"allow":["GET"]}}],"collection":[{"href":"https:\/\/meijenfeldt.nl\/index.php?rest_route=\/wp\/v2\/pages"}],"about":[{"href":"https:\/\/meijenfeldt.nl\/index.php?rest_route=\/wp\/v2\/types\/page"}],"author":[{"embeddable":true,"href":"https:\/\/meijenfeldt.nl\/index.php?rest_route=\/wp\/v2\/users\/1"}],"replies":[{"embeddable":true,"href":"https:\/\/meijenfeldt.nl\/index.php?rest_route=%2Fwp%2Fv2%2Fcomments&post=57598"}],"version-history":[{"count":5,"href":"https:\/\/meijenfeldt.nl\/index.php?rest_route=\/wp\/v2\/pages\/57598\/revisions"}],"predecessor-version":[{"id":61226,"href":"https:\/\/meijenfeldt.nl\/index.php?rest_route=\/wp\/v2\/pages\/57598\/revisions\/61226"}],"wp:attachment":[{"href":"https:\/\/meijenfeldt.nl\/index.php?rest_route=%2Fwp%2Fv2%2Fmedia&parent=57598"}],"curies":[{"name":"wp","href":"https:\/\/api.w.org\/{rel}","templated":true}]}}