{"id":57595,"date":"2023-08-09T07:38:19","date_gmt":"2023-08-09T07:38:19","guid":{"rendered":"https:\/\/meijenfeldt.nl\/?page_id=57595"},"modified":"2025-02-14T08:43:57","modified_gmt":"2025-02-14T08:43:57","slug":"l","status":"publish","type":"page","link":"https:\/\/meijenfeldt.nl\/?page_id=57595","title":{"rendered":"L"},"content":{"rendered":"<p><span style=\"font-size: 10pt;\"><span style=\"color: #0000ff;\"><a style=\"color: #0000ff;\" href=\"https:\/\/meijenfeldt.nl\/\">FAMILIE<\/a><\/span>\u00a0\/\u00a0<span style=\"color: #0000ff;\"><a style=\"color: #0000ff;\" href=\"https:\/\/meijenfeldt.nl\/?page_id=51152\">BIBLIOTHEEK<\/a><\/span>\u00a0\/\u00a0<span style=\"color: #0000ff;\"><a style=\"color: #0000ff;\" href=\"https:\/\/meijenfeldt.nl\/?page_id=217\">LITERATUUR<\/a><\/span> \/ <span style=\"color: #000000;\">AUTEURS L<\/span><\/span><\/p>\n<p><span style=\"color: #000000; font-size: 12pt;\">J.<strong> Lacombe, <\/strong>\u201cAbr\u00e9g\u00e9 chronologique de l\u2019Histoire du Nord\u201d, Paris 1762.<\/span><br \/>\n<span style=\"color: #000000; font-size: 12pt;\">G. <strong>De Lamberty<\/strong>, \u201cMemoires pour servir a l\u2019histoire du XVIII siecle, contenant le negociations, traitez, resolutions, et autres documens authentiques concernant les affaires d\u2019etat\u201d, deel 4, Den Haag 1727, <span style=\"color: #0000ff;\"><a style=\"color: #0000ff;\" href=\"https:\/\/gallica.bnf.fr\/ark:\/12148\/bpt6k96011191\/f479.item.r=meierfeld\">pag. 459<\/a> en <a style=\"color: #0000ff;\" href=\"https:\/\/gallica.bnf.fr\/ark:\/12148\/bpt6k96006344\/f667.item.r=meierfeld\">pag. 647<\/a><\/span>.<\/span><br \/>\n<span style=\"font-size: 12pt;\"><span style=\"color: #000000;\">M.<strong> Lamm<\/strong><strong>, <\/strong>\u201cBidrag till k\u00e4nnedom om Kellgrens journalistika verksamhet i Stockholmsposten\u201d, Samlaren, tidskrift utgiven af Svenska Literaturs\u00e4llskapets Arbetsutskot, Uppsala 1913.<br \/>\n<\/span><span style=\"color: #000000;\">S. <b>Lang<\/b>, \u201cRiddarhuset i Stockholm\u201d, Stockholm 1974. &#x2663;<br \/>\nH.J. <strong>Langer<\/strong> e.a., \u201cSchwedenzeit in Mecklenburg und Pommern\u201d, Wismar 1998. &#x2663;<\/span><\/span><br \/>\n<span style=\"font-size: 12pt;\"><span style=\"color: #000000;\">L. von <strong>Ledebur<\/strong>, <\/span><span style=\"color: #000000;\">\u201cAdelslexicon der Preussischen Monar\u00adchie\u201d, Berlijn 1855, deel 2, <span style=\"color: #0000ff;\"><a style=\"color: #0000ff;\" href=\"https:\/\/play.google.com\/books\/reader?id=349AAAAAcAAJ&amp;pg=GBS.PA102&amp;hl=nl\">pag. 103<\/a><\/span>, gecorrigeerd in deel 3, Nachtrag, <span style=\"color: #0000ff;\"><a style=\"color: #0000ff;\" href=\"https:\/\/play.google.com\/books\/reader?id=449AAAAAcAAJ&amp;pg=GBS.PA310&amp;hl=nl\">pag. 310<\/a><\/span>.<br \/>\nR. <strong>Lehfeldt<\/strong>, &#8220;Geschichte des Ostpreussischen F\u00fcsilier-Regiments Nr. 33&#8221;, Berlijn 1877, <a href=\"https:\/\/babel.hathitrust.org\/cgi\/pt?id=hvd.hnx5ud&amp;view=1up&amp;seq=502&amp;q1=meyerfelt\"><span style=\"color: #0000ff;\">pag. 502-508<\/span><\/a>.<br \/>\n<\/span><span style=\"color: #000000;\">S. <strong>Leijonhufvud<\/strong>,<br \/>\n<\/span><span style=\"color: #000000;\">&#8211; \u201cOmkring Carl Gustaf Tessin\u201d, Stock\u00adholm 1918.<\/span><\/span><br \/>\n<span style=\"color: #000000; font-size: 12pt;\"><strong>&#8211; <\/strong>\u201cCarl Gustaf Tessin och hans Aker\u00f6\u00adkrets\u201d, Stock\u00adholm 1933.<br \/>\nB.<strong>\u00a0<span style=\"color: #0000ff;\"><a style=\"color: #0000ff;\" href=\"https:\/\/meijenfeldt.nl\/?page_id=53341\">Lesch<\/a><\/span><\/strong>, \u201cJan Anders J\u00e4gerhorn: Patriot och v\u00e4rldborgare, separatist och emigrant: en tidskildring\u201d, Svenska Litteraturs\u00e4llskapet, Helsingfors 1941<br \/>\nC.A. <strong>Levisson<\/strong>, &#8220;Anekdoter och karaktersdrag ur svenska regenternes lefnad ifr\u00e5n Gustaf I t.o.m. Carl XIV Johan&#8221;, Stockholm 1844, <span style=\"color: #0000ff;\"><a style=\"color: #0000ff;\" href=\"https:\/\/babel.hathitrust.org\/cgi\/pt?id=hvd.hwl42i&amp;view=1up&amp;seq=319&amp;q1=meyerfelt\">pag. 311<\/a><\/span>.<br \/>\nA.<strong> Lewenhaupt<\/strong>, &#8220;Karl XII:s Officerare. Biografiska anteckningar&#8221;, Stockholm 1920, deel 1, <span style=\"color: #0000ff;\"><a style=\"color: #0000ff;\" href=\"http:\/\/runeberg.org\/karlxiioff\/0468.html\">pag. 448<\/a><\/span>.<\/span><br \/>\n<span style=\"font-size: 12pt;\"><span style=\"color: #000000;\">A.L. <strong><span style=\"color: #0000ff;\"><a style=\"color: #0000ff;\" href=\"https:\/\/meijenfeldt.nl\/?page_id=28054\">Lewenhaupt<\/a><\/span><u><\/u><\/strong>,<br \/>\n&#8211; &#8220;Kurzer Bericht was\u00a0 sich mit mir seit der Zeit, da ich in K\u00f6nigliche Dienste gekommen, bis auf die Kapitulation beym Dnieper zugetragen&#8221;, in &#8220;Schwedische Biographie&#8221;, deel 1, Altona en L\u00fcbech 1760.<br \/>\n&#8211; \u201cBer\u00e4ttelse\u201d. F\u00f6rord S.E. Bring in Historisk Handlingar, deel 34, Stockholm 1952. F\u00f6rord G.T. Westin in Karolinska Krigare Ber\u00e4ttar, Stockholm 1987. &#x2663;<br \/>\nS. <span style=\"color: #0000ff;\"><strong><a style=\"color: #0000ff;\" href=\"https:\/\/meijenfeldt.nl\/wp-content\/uploads\/2022\/10\/Lewenhaupt-Sven.pdf\">Lewenhaupt<\/a><\/strong><\/span>, &#8220;Svenska h\u00f6gra \u00e4mbetsm\u00e4n fr\u00e5n 1634&#8221;, Stockholm 1962.<br \/>\n<\/span><span style=\"color: #000000;\">A.J. <strong>Lichtman<\/strong>, \u201cYour Family History. How to use oral history, personal family archives, and public documents to discover your heritage\u201d, New York 1978. &#x2663;<br \/>\n<\/span><span style=\"color: #000000;\">B. <span style=\"color: #0000ff;\"><a style=\"color: #0000ff;\" href=\"http:\/\/runeberg.org\/lidner\/\"><strong>Lidner<\/strong><\/a><\/span><strong>, <\/strong>\u201cSamlade Skrifter\u201d, Stockholm 1878.<br \/>\n<\/span>E. <b>Liedman<\/b>, \u201cVittsk\u00f6vle Kyrka\u201d, Degeberga 1967. &#x2663;<\/span><br \/>\n<span style=\"color: #000000; font-size: 12pt;\">M. de <a style=\"color: #000000;\" href=\"https:\/\/www.delpher.nl\/nl\/boeken1\/gview?query=meyerfeldt&amp;page=2&amp;coll=boeken1&amp;identifier=iF5aAAAAcAAJ\"><strong><span style=\"color: #0000ff;\">Limiers<\/span><\/strong><\/a>, \u201cHistoire de Suede sous le regne de Charles XII, Den Haag 1740, deel 4.<br \/>\nK.E. <strong>Lind\u00e9n<\/strong>,<br \/>\n&#8211; &#8220;Anteckningar om krik\u00e5rerna i 1788-1790 \u00e5rs krig&#8221;, in F\u00f6rhandlingar och Upsatser 32, Skrifter Svenska Litteraturs\u00e4llskapet i Finland, Helsingfors 1919, <span style=\"color: #0000ff;\"><a style=\"color: #0000ff;\" href=\"https:\/\/digi.kansalliskirjasto.fi\/teos\/binding\/2654051?term=Meijerfelt&amp;page=261\">pag. 155-192<\/a> <span style=\"color: #000000;\">(Meijerfeltska friskyttarna).<\/span><\/span><br \/>\n<span style=\"color: #0000ff;\">&#8211; <span style=\"color: #000000;\">&#8220;<span style=\"color: #0000ff;\"><a style=\"color: #0000ff;\" href=\"https:\/\/meijenfeldt.nl\/?page_id=49220\">F\u00f6rh\u00e5llenden och sjukv\u00e5rd<\/a><\/span><\/span><\/span> under kriget i Finland 1788-1790&#8243;, Helsingfors 1920.<\/span><br \/>\n<span style=\"font-size: 12pt;\"><span style=\"color: #000000;\">D. <b>Lindholm<\/b>, D. <strong>Nicolle<\/strong>, \u201cThe Scandinavian Baltic Crusades 1100-1500\u201d, Oxford 2007. <span class=\"s4\">&#x2663;<br \/>\n<\/span><\/span><span style=\"color: #000000;\">L. <strong><a style=\"color: #000000;\" href=\"https:\/\/sok.riksarkivet.se\/Sbl\/Mobil\/Artikel\/20164\"><span style=\"color: #0000ff;\">Lindholm<\/span><\/a><\/strong>, lemma over A.A. Stiernman in \u201cSvenskt Biografiskt Lexikon\u201d, Stockholm.<br \/>\nJ.W. <strong>Lindner<\/strong>, \u201cArwed Gyllenstierna\u201d, Bayreuth 1833.<\/span><\/span><br \/>\n<span style=\"font-size: 12pt;\"><span style=\"color: #000000;\">L. <strong>Linnarsson<\/strong>, \u201cRiksr\u00e5dens licentiering,\u00a0en studie i frihetstidens parlamentarism\u201d, Uppsala universitet, Humanistisk-samh\u00e4llsvetenskapliga vetenskapsomr\u00e5det, Filosofiska fakulteten, 1943.<br \/>\nC. von <strong>Linn\u00e9<\/strong>, &#8220;Ska\u030anska resa, p\u00e5 h\u00f6ga \u00f6fwerhetens befallning f\u00f6rr\u00e4ttad \u00e5r 1749: Med r\u00f6n och anm\u00e4rkningar uti oeconomien, naturalier, antiquiteter, seder, lefnadss\u00e4tt&#8221;, Stockholm 1751,<\/span> <span style=\"color: #0000ff;\"><a style=\"color: #0000ff;\" href=\"https:\/\/babel.hathitrust.org\/cgi\/pt?id=nyp.33433006610202&amp;view=1up&amp;seq=307&amp;q1=meyerfeldt\">pag. 271<\/a><\/span>.<\/span><br \/>\n<span style=\"font-size: 12pt;\"><span style=\"color: #000000;\">X. <b>Liske<\/b>, (vert.) \u201c\u00d6fversikt af den Polska Litteraturen med s\u00e4rskildt afseende p\u00e5 den Svenska Historien\u201d, deel 3, in Historiskt bibliotek utgivet af Carl Silverstolpe, deel 3, Stockholm 1877, bijlagen 14-19,<\/span> <span style=\"color: #0000ff;\"><a style=\"color: #0000ff;\" href=\"https:\/\/books.google.se\/books?id=aTUPAAAAYAAJ&amp;pg=RA1-PA405&amp;dq=historiskt+bibliotek+silfverstolpe+meyerfeldt&amp;hl=nl&amp;sa=X&amp;ved=0ahUKEwj8xPzX9v3mAhWCY1AKHbfWCykQuwUIDDAA#v=onepage&amp;q=historiskt%20bibliotek%20silfverstolpe%20meyerfeldt&amp;f=false\">pag. 403-407<\/a><\/span>.<\/span><br \/>\n<span style=\"color: #000000; font-size: 12pt;\"><strong>Livl\u00e4ndische<\/strong> Beitr\u00e4ge\u00a0zur Verbreitung gr\u00fcndlicher Kunde von der protestantischen Landeskirche und dem deutschen Landesstaate in den Ostseeprovinzen Russlands, von ihrem guten Rechte und von ihrem Kampfe um Gewissensfreiheit, deel 3.1, &#8220;Das Meyerfeld&#8217;sche Regiment&#8221;, Leipzig 1869, <span style=\"color: #0000ff;\"><a style=\"color: #0000ff;\" href=\"file:\/\/\/H:\/Downloads\/est_a_1694_3_1_ocr.pdf\">pag. 73 e.v.<\/a><\/span><\/span><br \/>\n<span style=\"color: #000000; font-size: 12pt;\">V. <strong>Loewe<\/strong>, \u201cPublikationen aus den K. Preu\u00dfischen Staatsar\u00adchiven\u201d, deel 87, \u201cPreu\u00dfens Staatsvertr\u00e4te aus der Regierungs\u00adzeit K\u00f6nig Friedrich Wilhelm I\u201d, Osnabr\u00fcck 1966.<\/span><br \/>\n<span style=\"color: #000000; font-size: 12pt;\">I. Le\u00a0<span style=\"color: #0000ff;\"><a style=\"color: #0000ff;\" href=\"https:\/\/meijenfeldt.nl\/?page_id=9234\"><strong>Long<\/strong><\/a><\/span>, \u201cHet leven van den heldhaften Carel den XIIden, Koning der Sweden\u201d, Amsterdam 1721.<\/span><br \/>\n<span style=\"font-size: 12pt;\"><span style=\"color: #000000;\">A. <span style=\"color: #0000ff;\"><a style=\"color: #0000ff;\" href=\"https:\/\/meijenfeldt.nl\/?page_id=51813\"><strong>Losman<\/strong><\/a><\/span>, \u201cCarl Gustaf Wrangel och Europa\u201d, Uppsala 1980.<br \/>\n<\/span>F. <b>L\u00f6wenhielm<\/b>. \u201cKungl. Serafimerorden i Riddarholmskyrkan\u201d, Katrineholm 1990. &#x2663;&#x2663;<\/span><br \/>\n<span style=\"color: #000000; font-size: 12pt;\">K. von <strong>L\u00f6wis of Menar<\/strong>, &#8220;Burgenlexikon f\u00fcr Alt-Livland&#8221;, Riga 1922. &#x2663;<br \/>\n<\/span><span style=\"color: #000000;\"><span style=\"font-size: 12pt;\">B. <span style=\"color: #0000ff;\"><strong><a style=\"color: #0000ff;\" href=\"https:\/\/meijenfeldt.nl\/wp-content\/uploads\/2025\/02\/Lundberg.pdf\">Lundberg<\/a><\/strong><\/span>, &#8220;<\/span><span style=\"font-size: 12pt;\">De diplomatiska f\u00f6rbindelserna mellan Sverige och Preussen fr\u00e5n Poltavaslaget 1709 till fredsbrottet 1715&#8243;, diss. Lund 1893.<br \/>\n<\/span><\/span><span style=\"font-size: 12pt;\">K. <span style=\"color: #0000ff;\"><a style=\"color: #0000ff;\" href=\"https:\/\/meijenfeldt.nl\/?page_id=46713\"><strong>Lundblad<\/strong><\/a><\/span>,<span style=\"color: #000000;\"> &#8220;Carl XII:s Historia&#8221;, Christianstad 1835-1839.<\/span><\/span><br \/>\n<span style=\"color: #000000; font-size: 12pt;\">G. <b>Lundquist<\/b>, \u201cSweden past and present\u201d, Stockholm 1948. &#x2663;<\/span><br \/>\n<span style=\"color: #000000; font-size: 12pt;\">L.<strong> Lundquist<\/strong>, lemma &#8220;Johan August Meyerfeldt d.y.&#8221; in Svenskt Biografiskt Lexikon, Stockholm 1986, deel 25, pag. 475, <span style=\"color: #0000ff;\"><a style=\"color: #0000ff;\" href=\"https:\/\/meijenfeldt.nl\/wp-content\/uploads\/2022\/10\/1986-Lundquist-boek.pdf\">boek<\/a>,<\/span> <span style=\"color: #0000ff;\"><a style=\"color: #0000ff;\" href=\"https:\/\/sok.riksarkivet.se\/sbl\/Presentation.aspx?id=9330\">web<\/a> en <a style=\"color: #0000ff;\" href=\"https:\/\/meijenfeldt.nl\/wp-content\/uploads\/2022\/10\/1986-Lundquist-vertaling.pdf\">vertaling<\/a>.<\/span><\/span><br \/>\n<span style=\"color: #000000; font-size: 12pt;\">A. <strong>Lyttkens<\/strong>, \u201cKvinnan\u201d, Stockholm 1977.<\/span><\/p>\n","protected":false},"excerpt":{"rendered":"<p>FAMILIE\u00a0\/\u00a0BIBLIOTHEEK\u00a0\/\u00a0LITERATUUR \/ AUTEURS L J. Lacombe, \u201cAbr\u00e9g\u00e9 chronologique de l\u2019Histoire du Nord\u201d, Paris 1762. G. De Lamberty, \u201cMemoires pour servir a l\u2019histoire du XVIII siecle, contenant le negociations, traitez, resolutions, et autres documens authentiques concernant les affaires d\u2019etat\u201d, deel 4, Den Haag 1727, pag. 459 en pag. 647. M. Lamm, \u201cBidrag till k\u00e4nnedom om Kellgrens &hellip; <a href=\"https:\/\/meijenfeldt.nl\/?page_id=57595\" class=\"more-link\">Verder lezen <span class=\"screen-reader-text\">L<\/span><\/a><\/p>\n","protected":false},"author":1,"featured_media":0,"parent":0,"menu_order":0,"comment_status":"closed","ping_status":"closed","template":"","meta":{"footnotes":""},"class_list":["post-57595","page","type-page","status-publish","hentry"],"_links":{"self":[{"href":"https:\/\/meijenfeldt.nl\/index.php?rest_route=\/wp\/v2\/pages\/57595","targetHints":{"allow":["GET"]}}],"collection":[{"href":"https:\/\/meijenfeldt.nl\/index.php?rest_route=\/wp\/v2\/pages"}],"about":[{"href":"https:\/\/meijenfeldt.nl\/index.php?rest_route=\/wp\/v2\/types\/page"}],"author":[{"embeddable":true,"href":"https:\/\/meijenfeldt.nl\/index.php?rest_route=\/wp\/v2\/users\/1"}],"replies":[{"embeddable":true,"href":"https:\/\/meijenfeldt.nl\/index.php?rest_route=%2Fwp%2Fv2%2Fcomments&post=57595"}],"version-history":[{"count":6,"href":"https:\/\/meijenfeldt.nl\/index.php?rest_route=\/wp\/v2\/pages\/57595\/revisions"}],"predecessor-version":[{"id":70999,"href":"https:\/\/meijenfeldt.nl\/index.php?rest_route=\/wp\/v2\/pages\/57595\/revisions\/70999"}],"wp:attachment":[{"href":"https:\/\/meijenfeldt.nl\/index.php?rest_route=%2Fwp%2Fv2%2Fmedia&parent=57595"}],"curies":[{"name":"wp","href":"https:\/\/api.w.org\/{rel}","templated":true}]}}