{"id":57586,"date":"2023-08-09T07:28:42","date_gmt":"2023-08-09T07:28:42","guid":{"rendered":"https:\/\/meijenfeldt.nl\/?page_id=57586"},"modified":"2025-01-15T15:04:27","modified_gmt":"2025-01-15T15:04:27","slug":"h","status":"publish","type":"page","link":"https:\/\/meijenfeldt.nl\/?page_id=57586","title":{"rendered":"H"},"content":{"rendered":"<p><span style=\"color: #000000; font-size: 10pt;\"><span style=\"color: #0000ff;\"><a style=\"color: #0000ff;\" href=\"https:\/\/meijenfeldt.nl\/\">FAMILIE<\/a><\/span>\u00a0\/\u00a0<a style=\"color: #000000;\" href=\"https:\/\/meijenfeldt.nl\/?page_id=51152\"><span style=\"color: #0000ff;\">BIBLIOTHEEK<\/span><\/a>\u00a0\/\u00a0<a style=\"color: #000000;\" href=\"https:\/\/meijenfeldt.nl\/?page_id=217\"><span style=\"color: #0000ff;\">LITERATUUR<\/span><\/a> \/ AUTEURS H<\/span><\/p>\n<p><span style=\"font-size: 12pt;\"><span style=\"color: #000000;\">J. ter<strong> Haar<\/strong>, \u201cGeschiedenis van de Lage Landen\u201d, Bussum 1976, 4 delen. &#x2663;<br \/>\n<\/span><span style=\"color: #000000;\">H.-J. <b>Hacker<\/b>, \u201eDie Schwedenstrasse\u201c, Rostock 2003. &#x2663;<br \/>\nC.P. <span style=\"color: #0000ff;\"><a style=\"color: #0000ff;\" href=\"https:\/\/meijenfeldt.nl\/?page_id=53994\"><strong>Hagberg<\/strong><\/a><\/span>, \u201cTal, \u00f6fver framledne En af Rikets Herrars, F\u00e4lt-Marskalkens, Riddarens och Commendeurs af Kongl. Maj:ts Orden, Riddarens med StoraKorset af Kon. Sv\u00e5rd-Orden, H\u00f6gv\u00e4lborne Herr Grefve Joh. August Meyerfelts Enkefru, H\u00f6gv\u00e4lborne Grefvinnan Lovia Augusta Meyerfelt, f\u00f6dd Grefvinna Sparre, h\u00e5llit vid Dess Jordf\u00e4sting i St. Clara Kyrka den 23 September 1817. &#x2663;<br \/>\nH. von <b>Hagemeister<\/b>, <b>\u201c<\/b>Materialien zu einer Geschichte der Landg\u00fcter Livlands\u201d, Riga 1836, deel 1, <span style=\"color: #0000ff;\"><a style=\"color: #0000ff;\" href=\"https:\/\/books.google.se\/books?id=JUECAAAAYAAJ&amp;printsec=frontcover&amp;dq=editions:X5_NOsh25loC&amp;hl=sv&amp;sa=X&amp;ved=0ahUKEwjVrJih3_nfAhUELFAKHcaABWsQ6AEIMTAB#v=onepage&amp;q=Pabbasch&amp;f=false\">pag. 105<\/a><\/span> en <a style=\"color: #000000;\" href=\"https:\/\/books.google.se\/books?id=JUECAAAAYAAJ&amp;printsec=frontcover&amp;dq=editions:X5_NOsh25loC&amp;hl=sv&amp;sa=X&amp;ved=0ahUKEwjVrJih3_nfAhUELFAKHcaABWsQ6AEIMTAB#v=onepage&amp;q=Festen&amp;f=false\"><span style=\"color: #0000ff;\">pag. 215<\/span><\/a>.<br \/>\n<\/span><span style=\"color: #000000;\">O. <span style=\"color: #0000ff;\"><strong><a style=\"color: #0000ff;\" href=\"https:\/\/meijenfeldt.nl\/wp-content\/uploads\/2023\/08\/Haintz_0.pdf\">Haintz<\/a><\/strong><\/span><\/span><span style=\"color: #000000;\">, \u201cK\u00f6nig Karl XII. von Schweden\u201d, Berlin 1958.<\/span><\/span><br \/>\n<span style=\"color: #000000; font-size: 12pt;\">C<b>. <span style=\"color: #0000ff;\"><a style=\"color: #0000ff;\" href=\"https:\/\/meijenfeldt.nl\/wp-content\/uploads\/2022\/10\/Hallendorff.pdf\">Hallendorff<\/a><\/span>, \u201c<\/b>Karl XII och Lewenhaupt \u00e5r 1708\u201d, UUA 1902:3.<br \/>\nE. <strong>Hammar<\/strong>, \u201cFranskundervisningen i Sverige fram till 1807\u201d, Uppsala 1981,\u00a0<span style=\"color: #0000ff;\"><a style=\"color: #0000ff;\" href=\"http:\/\/www.tam-arkiv.se\/share\/proxy\/alfresco-noauth\/tam\/content\/workspace\/SpacesStore\/a547f72f-f36a-492b-b617-9caaa172151e\/download\/ASU_148.pdf\">pag. 125<\/a>.<\/span><\/span><br \/>\n<span style=\"font-size: 12pt;\"><span style=\"color: #000000;\">B. <span style=\"color: #0000ff;\"><strong><a style=\"color: #0000ff;\" href=\"https:\/\/meijenfeldt.nl\/wp-content\/uploads\/2023\/01\/Hammarlund.pdf\">Hammarlund<\/a><\/strong><\/span>, \u201cPolitik utan partier. Studier i Sveriges politiska liv 1726-1727\u201d, Acta Universitatis Stockholmsiensis 35, Stockholm 1985.<br \/>\nH.L.M. <b>Hamilton<\/b>, \u201cMinne af f\u00e4ltmarskalken grefve Carl Gustaf Rehnsk\u00f6ld\u201d, SAH 1877, Stockholm 1878, <span style=\"color: #0000ff;\"><a style=\"color: #0000ff;\" href=\"https:\/\/babel.hathitrust.org\/cgi\/pt?id=coo.31924028538563;view=2up;seq=64;skin=mobile\">pag. 79-81<\/a><\/span>.<br \/>\n<\/span><span style=\"color: #000000;\">\u201c<span style=\"color: #0000ff;\"><a style=\"color: #0000ff;\" href=\"https:\/\/meijenfeldt.nl\/?page_id=19337\"><strong>Handlingar<\/strong><\/a><\/span> r\u00f6rande Skandinaviens historia\u201d, 40 delen,\u00a0<\/span><span style=\"color: #000000;\">en\u00a0<\/span><strong style=\"color: #000000;\">\u201c<\/strong><span style=\"color: #000000;\">Historiska Handlingar\u201d, 41 delen, <\/span><span style=\"color: #000000;\">Kongl. Samfundet f\u00f6r utgifvande af Handskrifter r\u00f6rande Skandinaviens historia, Stockholm 1816-1860 resp. <\/span><span style=\"color: #000000;\">1861-1979.<br \/>\n<\/span><span style=\"color: #000000;\">T. <b>Harbottle<\/b>, \u201cDictionary of Battles\u201d, Londen 1971.<br \/>\nR.M. <span style=\"color: #0000ff;\"><a style=\"color: #0000ff;\" href=\"https:\/\/meijenfeldt.nl\/?page_id=49105\"><b>Hatton<\/b><\/a><\/span>, \u201cCharles XII of Sweden\u201d, London 1968.<br \/>\nL. von <span style=\"color: #0000ff;\"><a style=\"color: #0000ff;\" href=\"https:\/\/meijenfeldt.nl\/?page_id=49225\"><strong>Hausswolff<\/strong><\/a><\/span>, \u00d6fverceremonim\u00e4staren, \u201cBref 1809\u20141810 till Excellensen Grefve Nils Posse \u00e5 Hellekis&#8221;, IV in\u00a0\u201cF\u00f6r hundra \u00e5r sen. Skildringar och bref fr\u00e5n revolutions\u00e5ren 1809-1810\u201d, Stockholm 1909.<br \/>\nO.T. von <b>Hefner <\/b>in Siebmacher, \u201cStammbuch des bl\u00fchenden und abgestornenen Adels in Deutschland, Regensburg 1865, deel 3, <span style=\"color: #0000ff;\"><a style=\"color: #0000ff;\" href=\"https:\/\/play.google.com\/books\/reader?id=OBcXAAAAYAAJ&amp;pg=GBS.PA26&amp;hl=nl\">pag. 26-28<\/a><\/span>, <span style=\"color: #0000ff;\"><a style=\"color: #0000ff;\" href=\"https:\/\/play.google.com\/books\/reader?id=OBcXAAAAYAAJ&amp;pg=GBS.PA44&amp;hl=nl\">pag. 45-46<\/a> <span style=\"color: #000000;\">en<\/span> <a style=\"color: #0000ff;\" href=\"https:\/\/play.google.com\/books\/reader?id=OBcXAAAAYAAJ&amp;pg=GBS.PA92&amp;hl=nl\">pag. 93<\/a>.<\/span><br \/>\n<\/span>V. von <b>Heidenstam<\/b>,<br \/>\n&#8211; \u201cDrottning Omma\u201d, Stockholm-G\u00f6teborg 1914. <span class=\"s4\">&#x2663;<br \/>\n&#8211; &#8220;Karolinerna&#8221;, Stockholm 1905, deel 1, <span style=\"color: #0000ff;\"><a style=\"color: #0000ff;\" href=\"https:\/\/archive.org\/details\/karolinerna00heidgoog\/page\/n133\/mode\/2up?q=meyerfelt\">pag. 121<\/a>.<\/span><br \/>\n<\/span>M. <strong>Hein<\/strong>, \u2018Der Siebenj\u00e4hrige Krieg\u201d, Die Kleine Geschichts-B\u00fccherei, Berlijn. &#x2663;<\/span><br \/>\n<span style=\"font-size: 12pt;\"><span style=\"color: #000000;\">P. <b>Heinke<\/b>, \u201eDie Wappen in den Kirchen und Herrenh\u00e4usern Nehringen und Griebenow\u201c, Karlsburg 2010. &#x2663;<br \/>\nJ.C. von <strong>Hellbach<\/strong>, &#8220;Adels=Lexikon oder Handbuch \u00fcber die historischen, genealogischen und diplomatischen, zum Theil auch heraldischen Nachrichten vom hohen und niedern Adel, besonders in den deutschen Bundesstaaten, so wie von dem \u00f6streichischen, b\u00f6hmischen, m\u00e4hrenschen, preu\u00dfischen, schlesischen und lausitzischen Adel&#8221;, Ilmenau 1826, deel 2, <span style=\"color: #0000ff;\"><a style=\"color: #0000ff;\" href=\"https:\/\/www.digitale-sammlungen.de\/en\/view\/bsb10428215?q=meier&amp;page=118,119\">pag. 107<\/a><\/span>, <a href=\"https:\/\/www.digitale-sammlungen.de\/en\/view\/bsb10428215?q=meier&amp;page=120,121\"><span style=\"color: #0000ff;\">pag. 108<\/span><\/a> en <span style=\"color: #0000ff;\"><a style=\"color: #0000ff;\" href=\"https:\/\/www.digitale-sammlungen.de\/en\/view\/bsb10428215?q=meyerenfeld&amp;page=134,135\">pag. 123<\/a><\/span>.<br \/>\nC. <strong>Heller<\/strong>, &#8220;Chronik der Stadt Wolgast&#8221;, Greifswald 1829, <a style=\"color: #000000;\" href=\"https:\/\/babel.hathitrust.org\/cgi\/pt?id=hvd.hx3iuw&amp;view=1up&amp;seq=304&amp;q1=meyerfeldt\"><span style=\"color: #0000ff;\">pag. 280<\/span><\/a>.<br \/>\nJ. <strong>Hellstenius<\/strong>, \u201cOm och ur Sveriges Privat-Archiver\u201d, Nordisk Universitets-Tidskrift, Kopenhagen 1864, <span style=\"color: #0000ff;\"><a style=\"color: #0000ff;\" href=\"https:\/\/babel.hathitrust.org\/cgi\/pt?id=chi.102593212&amp;view=1up&amp;seq=519&amp;q1=meyerfeldt\">pag. 63<\/a><\/span>.<br \/>\n<\/span>T. <b>Helm<\/b>, S. <b>Bock<\/b>, \u201cSchl\u00f6sser und Herrenh\u00e4user auf R\u00fcgen\u201d, Bremen 2004. &#x2663;<\/span><br \/>\n<span style=\"font-size: 12pt;\"><span style=\"color: #000000;\">N. <span style=\"color: #0000ff;\"><strong><a style=\"color: #0000ff;\" href=\"https:\/\/meijenfeldt.nl\/wp-content\/uploads\/2023\/08\/Herlitz.pdf\">Herlitz<\/a><\/strong><\/span>, \u201cFr\u00e5n Thorn till Altranst\u00e4dt. Studier \u00f6ver Carl XII:s politik 1702-1706&#8243;, diss., Uppsala 1916.<br \/>\n<\/span>R.F. <span style=\"color: #0000ff;\"><a style=\"color: #0000ff;\" href=\"https:\/\/meijenfeldt.nl\/?page_id=20808\"><strong>Hochschild<\/strong><\/a><\/span>, \u201cMemoarer\u201d, 2 delen, Stockholm 1909.<\/span><br \/>\n<span style=\"font-size: 12pt;\"><span style=\"color: #000000;\">H. <strong>Hofberg<\/strong>, \u201cSvenskt Biografiskt Handlexikon\u201d, deel 2, Stockholm 1876,<\/span><span style=\"color: #0000ff;\">\u00a0<\/span><a style=\"color: #0000ff;\" href=\"https:\/\/archive.org\/details\/svensktbiografi01hofbgoog\/page\/16\/mode\/2up?q=maijerfelt&amp;view=theater\">pag. 17-18<\/a><span style=\"color: #0000ff;\"><span style=\"color: #000000;\">, Stockholm 1906,<\/span> <a style=\"color: #0000ff;\" href=\"https:\/\/meijenfeldt.nl\/wp-content\/uploads\/2022\/10\/Handlexicon.pdf\">pag. 133-134<\/a><\/span><span style=\"color: #0000ff;\"><span style=\"color: #000000;\">.<br \/>\nS. <strong><a style=\"color: #0000ff;\" href=\"https:\/\/meijenfeldt.nl\/wp-content\/uploads\/2022\/09\/Hogberg.pdf\">H\u00f6gberg<\/a><\/strong>, &#8220;Matrikel \u00f6ver ledam\u00f6yer av Kungl. Patritiska S\u00e4llskapet 1766-1815&#8221;, Stockholm 1961.<\/span><br \/>\n<\/span><span style=\"color: #000000;\">P. en R. <strong>H\u00f6h<\/strong>, &#8220;Reise Know-How . Lettland Handbuch&#8221;, Bielefeld 1993. &#x2663;<br \/>\nM.M. <strong>H\u00f6jer<\/strong>, &#8220;Konungariket Sverige, en topografiskt-statistikt beskrifning&#8221;, deel 2 Stockholm 1881,\u00a0<span style=\"color: #0000ff;\"><a style=\"color: #0000ff;\" href=\"https:\/\/babel.hathitrust.org\/cgi\/pt?id=uc1.$b101185&amp;view=1up&amp;seq=183\">pag. 177<\/a><\/span>,\u00a0<span style=\"color: #0000ff;\"><a style=\"color: #0000ff;\" href=\"https:\/\/babel.hathitrust.org\/cgi\/pt?id=uc1.$b101185&amp;view=1up&amp;seq=540\">pag. 534<\/a><\/span>, <span style=\"color: #0000ff;\"><a style=\"color: #0000ff;\" href=\"https:\/\/babel.hathitrust.org\/cgi\/pt?id=uc1.$b101186&amp;view=1up&amp;seq=67\">pag. 641<\/a><\/span>\u00a0en <span style=\"color: #0000ff;\"><a style=\"color: #0000ff;\" href=\"https:\/\/babel.hathitrust.org\/cgi\/pt?id=uc1.$b101186&amp;view=1up&amp;seq=100\">pag. 674<\/a><\/span>.<\/span><\/span><br \/>\n<span style=\"color: #000000; font-size: 12pt;\">H. <b>H\u00f6ltering<\/b>, \u201cObservationer i Sverige. Allerunderd\u00e5nigate relation ofver hvad undertecknad, som af hans stortsariska Majest\u00e4t i juli m\u00e5nad anno 1716 s\u00e4ndts till Sverige, i samma konungarike observerat och iakttagit\u201d, Historiska Tidskrift 18, 1888.<\/span><br \/>\n<span style=\"color: #000000; font-size: 12pt;\">A.J. von <span style=\"color: #0000ff;\"><a style=\"color: #0000ff;\" href=\"https:\/\/meijenfeldt.nl\/?page_id=53330\"><strong>H\u00f6pken<\/strong><\/a><\/span>, \u201cSkrifter\u201d, Stockholm 1890-1893.<br \/>\nJ. <span style=\"color: #0000ff;\"><strong><a style=\"color: #0000ff;\" href=\"https:\/\/meijenfeldt.nl\/wp-content\/uploads\/2022\/09\/Horberg.pdf\">H\u00f6rberg<\/a><\/strong><\/span>, &#8220;Handlingar r\u00f6rande Skandinavi\u00ebns Historia&#8221;, Stockholm 1800-1830.<\/span><br \/>\n<span style=\"color: #000000; font-size: 12pt;\">J.G. <span style=\"color: #0000ff;\"><a style=\"color: #0000ff;\" href=\"https:\/\/meijenfeldt.nl\/?page_id=23462\"><b>Horn<\/b><\/a><\/span>, \u201cArvid Bernhard Horn. Hans levnad\u201d,\u00a0Stockholm 1852.<\/span><br \/>\n<span style=\"color: #000000; font-size: 12pt;\">E. <b>Hornborg<\/b>, \u201cSveriges Historia\u201d, Stockholm 1940.<\/span><br \/>\n<span style=\"color: #000000; font-size: 12pt;\">J.D. <b>Hultman<\/b>, G. <b>Floderus<\/b><u><\/u>, \u201cHandlingar h\u00f6rende till Konung Carl XII:s Historia\u201d, Stockholm 1819.<\/span><br \/>\n<span style=\"color: #000000; font-size: 12pt;\">A.M. <b>Hummerhielm<\/b>, \u201cGeneralmajoren friherre Alexander H:s Dagbok 1707-1708\u201d, KKD deel 10, Lund 1914, <span style=\"color: #0000ff;\"><a style=\"color: #0000ff;\" href=\"http:\/\/runeberg.org\/karolikrig\/10\/0052.html\">pag. 7-8<\/a><\/span>, <span style=\"color: #0000ff;\"><a style=\"color: #0000ff;\" href=\"http:\/\/runeberg.org\/karolikrig\/10\/0065.html\">pag. 20<\/a><\/span>\u00a0en\u00a0<span style=\"color: #0000ff;\"><a style=\"color: #0000ff;\" href=\"http:\/\/runeberg.org\/karolikrig\/10\/0082.html\">pag. 37.<\/a><\/span><\/span><br \/>\n<span style=\"color: #000000; font-size: 12pt;\">A.W. <b>Hupel<\/b>:<\/span><br \/>\n<span style=\"font-size: 12pt;\"><span style=\"color: #000000;\">\u2013 \u201cDer Nordischen\u00a0<\/span><span style=\"color: #000000;\">Miscellaneen\u201d, deel 3, Riga 1781,<\/span> <a style=\"color: #000000;\" href=\"https:\/\/books.google.se\/books?id=GtlDAQAAMAAJ&amp;pg=RA1-PA103&amp;lpg=RA1-PA103&amp;dq=bartholom%C3%A4us+meyer+wenden&amp;source=bl&amp;ots=KmKxdnYmuF&amp;sig=17MBUCjziyK2tvAppbgTXwYiOoA&amp;hl=nl&amp;sa=X&amp;ved=2ahUKEwjtiO-4sMzeAhUosqQKHSFXCM0Q6AEwAnoECAgQAQ#v=onepage&amp;q=bartholom%C3%A4us%20meyer%20wenden&amp;f=false\"><span style=\"color: #0000ff;\">pag. 103-104<\/span><\/a><span style=\"color: #000000;\">., deel 18, Riga 1789, <span style=\"color: #0000ff;\"><a style=\"color: #0000ff;\" href=\"https:\/\/babel.hathitrust.org\/cgi\/pt?id=nyp.33433066602354&amp;view=1up&amp;seq=262&amp;q1=meyerfeldt\">pag. 254-255<\/a><\/span> (sterfbed Mellin).<br \/>\n<\/span><span style=\"color: #000000;\">\u2013 \u201cHerrn J.B. Fischer&#8217;s Beytr\u00e4ge und Berichtigungen zu Hernn F.K. Gadebusch livl\u00e4ndischer Bibliothek\u201d, deel 4, Riga 1782, <a style=\"color: #000000;\" href=\"https:\/\/books.google.se\/books?id=U29lAAAAcAAJ&amp;pg=PA99&amp;lpg=PA99&amp;dq=A.W.+Hupel+Herrn+J.B.+Fischer%E2%80%99s+Beytr%C3%A4ge+und+Berichtigungen+zu+Hernn+F.K.+Gadebusch+livl%C3%A4ndischer+Bibliothek&amp;source=bl&amp;ots=qW1Y7PEqfE&amp;sig=ACfU3U1PvchWapHZtyo2JtP_yIsp2inrJQ&amp;hl=sv&amp;sa=X&amp;ved=2ahUKEwjN3MyI6Y7gAhXQJ1AKHQqyDpQQ6AEwCXoECAcQAQ#v=onepage&amp;q=meyerfeld&amp;f=false\"><span style=\"color: #0000ff;\">pag. 103-104<\/span><\/a>.<\/span><\/span><br \/>\n<span style=\"font-size: 12pt;\"><span style=\"color: #000000;\">\u2013 \u201cTopographische Nachrichten von Lief- und Ehstland\u201d, deel 3, Riga 1782, pag. pag. 186. pag. 180 en <\/span><a style=\"color: #000000;\" href=\"https:\/\/books.google.se\/books?id=86lKAAAAcAAJ&amp;pg=PA492&amp;dq=wrangell+sall&amp;hl=sv&amp;sa=X&amp;ved=0ahUKEwje-6mpqsreAhXB-6QKHX6iBrk4ChDoAQhKMAU#v=onepage&amp;q=meyerfeld&amp;f=false\"><span style=\"color: #0000ff;\">pag. 251<\/span><\/a><span style=\"color: #000000;\">.<\/span><\/span><\/p>\n","protected":false},"excerpt":{"rendered":"<p>FAMILIE\u00a0\/\u00a0BIBLIOTHEEK\u00a0\/\u00a0LITERATUUR \/ AUTEURS H J. ter Haar, \u201cGeschiedenis van de Lage Landen\u201d, Bussum 1976, 4 delen. &#x2663; H.-J. Hacker, \u201eDie Schwedenstrasse\u201c, Rostock 2003. &#x2663; C.P. Hagberg, \u201cTal, \u00f6fver framledne En af Rikets Herrars, F\u00e4lt-Marskalkens, Riddarens och Commendeurs af Kongl. Maj:ts Orden, Riddarens med StoraKorset af Kon. Sv\u00e5rd-Orden, H\u00f6gv\u00e4lborne Herr Grefve Joh. August Meyerfelts Enkefru, H\u00f6gv\u00e4lborne &hellip; <a href=\"https:\/\/meijenfeldt.nl\/?page_id=57586\" class=\"more-link\">Verder lezen <span class=\"screen-reader-text\">H<\/span><\/a><\/p>\n","protected":false},"author":1,"featured_media":0,"parent":0,"menu_order":0,"comment_status":"closed","ping_status":"closed","template":"","meta":{"footnotes":""},"class_list":["post-57586","page","type-page","status-publish","hentry"],"_links":{"self":[{"href":"https:\/\/meijenfeldt.nl\/index.php?rest_route=\/wp\/v2\/pages\/57586","targetHints":{"allow":["GET"]}}],"collection":[{"href":"https:\/\/meijenfeldt.nl\/index.php?rest_route=\/wp\/v2\/pages"}],"about":[{"href":"https:\/\/meijenfeldt.nl\/index.php?rest_route=\/wp\/v2\/types\/page"}],"author":[{"embeddable":true,"href":"https:\/\/meijenfeldt.nl\/index.php?rest_route=\/wp\/v2\/users\/1"}],"replies":[{"embeddable":true,"href":"https:\/\/meijenfeldt.nl\/index.php?rest_route=%2Fwp%2Fv2%2Fcomments&post=57586"}],"version-history":[{"count":8,"href":"https:\/\/meijenfeldt.nl\/index.php?rest_route=\/wp\/v2\/pages\/57586\/revisions"}],"predecessor-version":[{"id":70042,"href":"https:\/\/meijenfeldt.nl\/index.php?rest_route=\/wp\/v2\/pages\/57586\/revisions\/70042"}],"wp:attachment":[{"href":"https:\/\/meijenfeldt.nl\/index.php?rest_route=%2Fwp%2Fv2%2Fmedia&parent=57586"}],"curies":[{"name":"wp","href":"https:\/\/api.w.org\/{rel}","templated":true}]}}