{"id":57582,"date":"2023-08-09T07:26:25","date_gmt":"2023-08-09T07:26:25","guid":{"rendered":"https:\/\/meijenfeldt.nl\/?page_id=57582"},"modified":"2023-08-09T08:09:02","modified_gmt":"2023-08-09T08:09:02","slug":"g","status":"publish","type":"page","link":"https:\/\/meijenfeldt.nl\/?page_id=57582","title":{"rendered":"G"},"content":{"rendered":"<p><span style=\"color: #000000; font-size: 10pt;\"><a href=\"https:\/\/meijenfeldt.nl\/\"><span style=\"color: #0000ff;\">FAMILIE<\/span><\/a>\u00a0\/\u00a0<span style=\"color: #0000ff;\"><a style=\"color: #0000ff;\" href=\"https:\/\/meijenfeldt.nl\/?page_id=51152\">BIBLIOTHEEK<\/a><\/span> \/ <span style=\"color: #0000ff;\"><a style=\"color: #0000ff;\" href=\"https:\/\/meijenfeldt.nl\/?page_id=217\">LITERATUUR<\/a><\/span>\u00a0\/ AUTEURS G<\/span><\/p>\n<p style=\"text-align: justify;\"><span style=\"color: #000000; font-size: 12pt;\">F.K. <span style=\"color: #008000;\"><span style=\"color: #0000ff;\"><a style=\"color: #0000ff;\" href=\"https:\/\/meijenfeldt.nl\/?page_id=27359\"><strong>Gadebusch<\/strong><\/a><\/span>,<\/span> \u201cLivl\u00e4ndische Jahrb\u00fccher\u201d, Riga 1780-1783.<\/span><br \/>\n<span style=\"color: #000000; font-size: 12pt;\">J.F. <strong>Gauhe<\/strong>, \u201cDes Heil. R\u00f6m. Reichs Genealogisch-Historischen Adels-Lexici\u201d, Leipzig 1747, deel 2, <a style=\"color: #000000;\" href=\"https:\/\/books.google.nl\/books?id=OA1nAAAAcAAJ&amp;pg=PA727&amp;dq=gauhe+des+heil.+r%C3%B6m.+meyerfeld&amp;hl=sv&amp;sa=X&amp;ved=0ahUKEwjr_-3t-u7dAhXPaVAKHf6nCKgQ6AEIKjAA#v=onepage&amp;q=gauhe%20des%20heil.%20r%C3%B6m.%20meyerfeld&amp;f=false\">pag. <span style=\"color: #0000ff;\">727-728<\/span><\/a><span style=\"color: #0000ff;\">.<\/span><\/span><br \/>\n<span style=\"color: #000000; font-size: 12pt;\">H.E. <strong>van Gelder<\/strong>, \u201cDe Nederlandse munten\u201d, Utrecht 1970. &#x2663;<\/span><br \/>\n<span style=\"color: #000000; font-size: 12pt;\">K. <strong>Gerner<\/strong> (red.), \u201cThe Swedes &amp; The Dutch were made for each other\u201d, The Hague\/Lund 2014. &#x2663;<\/span><br \/>\n<span style=\"color: #000000; font-size: 12pt;\">G. <strong><span style=\"color: #0000ff;\">Gezelius,<\/span> <\/strong>\u201cF\u00f6rs\u00f6k Til Et Biographiskt Lexicon \u00f6fver Namnkunnige,\u00a0L\u00e4rde och Minnesv\u00e4rde Svenske M\u00e4n\u201d, Stockholm \/ Upsala \/ \u00c5bo 1779, deel 2<strong>,\u00a0<\/strong><span style=\"color: #0000ff;\"><a style=\"color: #0000ff;\" href=\"https:\/\/play.google.com\/books\/reader?id=Co4-AAAAcAAJ&amp;pg=GBS.PA162&amp;hl=nl\">pag 163-164<\/a><\/span>, 1787, en deel 4, <span style=\"color: #0000ff;\"><a style=\"color: #0000ff;\" href=\"https:\/\/play.google.com\/books\/reader?id=ZIFLAAAAcAAJ&amp;pg=GBS.PA528&amp;hl=nl\">pag. 577-579<\/a><\/span>.<\/span><br \/>\n<span style=\"color: #000000; font-size: 12pt;\">H. <strong>Gillingstam<\/strong>, lemma <em>Meyerfeldt, sl\u00e4kt<\/em> in \u201cSvenskt Biografiskt Lexikon\u201d, Stockholm 1986, pag. 470, <span style=\"color: #0000ff;\"><a style=\"color: #0000ff;\" href=\"https:\/\/meijenfeldt.nl\/wp-content\/uploads\/2022\/10\/1986-Gillingstam-boek.pdf\">boek<\/a><\/span>, <a style=\"color: #000000;\" href=\"https:\/\/sok.riksarkivet.se\/sbl\/Presentation.aspx?id=9328\"><span style=\"color: #0000ff;\">web<\/span><\/a> en <a href=\"https:\/\/meijenfeldt.nl\/wp-content\/uploads\/2022\/10\/1986-Gillingstam-vertaling.pdf\"><span style=\"color: #0000ff;\">vertaling<\/span><\/a>.<\/span><br \/>\n<span style=\"color: #000000; font-size: 12pt;\">V. <strong>Gitermann<\/strong>, \u201cGeschichte Russlands\u201d, 3 delen, Z\u00fcrich 1944. &#x2663;<strong><br \/>\n<\/strong>C.C. <span style=\"color: #0000ff;\"><a style=\"color: #0000ff;\" href=\"https:\/\/meijenfeldt.nl\/?page_id=31044\"><strong>Gj\u00f6rwell<\/strong><\/a><\/span><strong>, <\/strong>\u201cSvenska Archivum; Inneh\u00e5llande: Handlingar uti Svea-Rikes Historia\u201d, Stockholm 1790.<\/span><br \/>\n<span style=\"color: #000000; font-size: 12pt;\">L. <b>Granlund<\/b>, \u201cRiddarholmskyrkan, de svenska konungarnas gravkyrka\u201d, Malm\u00f6 1980. &#x2663;<br \/>\nS. <strong>Grauers<\/strong>, \u201cStr\u00f6dda politiska nyheter (1709-18)\u201d, PHT 1926, <span style=\"color: #0000ff;\"><a style=\"color: #0000ff;\" href=\"http:\/\/personhistoriskasamfundet.org\/1920-1949\/\">pag. 34<\/a><\/span>.<\/span><br \/>\n<span style=\"color: #000000; font-size: 12pt;\">\u201cUniversit\u00e4t und Gesellschaft. Festschrift zur 550-Jahrfeier der Universit\u00e4t <strong>Greifswald<\/strong> 1456-2006, 2 delen, Rostock 2006. &#x2663;<\/span><br \/>\n<span style=\"color: #000000; font-size: 12pt;\">F. <strong>Grijzenhout<\/strong> e.a., \u201cVoor Vaderland en Vrijheid. De revolutie van de patriotten\u201d, Amsterdam 1987. &#x2663;<br \/>\nC.G. <span style=\"color: #0000ff;\"><a style=\"color: #0000ff;\" href=\"https:\/\/meijenfeldt.nl\/?page_id=49079\"><strong>Grimberg<\/strong><\/a><\/span>, &#8220;Svenska folkets underbara \u00f6den&#8221;, 11 delen, Stockholm 1913\u20131924.<\/span><br \/>\n<span style=\"font-size: 12pt;\"><span style=\"color: #000000;\">J.-L. Le Gallois de <strong><span style=\"color: #008000;\"><span style=\"color: #0000ff;\"><a style=\"color: #0000ff;\" href=\"https:\/\/meijenfeldt.nl\/?page_id=29688\">Grimarest<\/a><\/span>,<\/span> <\/strong>\u201cLes Campagnes de Charles XII, roi de Su\u00e8de\u201d, Parijs\/Den Haag 1705-1711, vier delen. Duitse vertaling: \u201cDie Feld-Z\u00fcge des durchlauchtisten F\u00fcrsten Carl XII. K\u00f6nigs von Schweden\u201d, 1707.<br \/>\nM. <strong>Gritzner<\/strong>,<br \/>\n<span style=\"color: #333333;\">&#8211;<\/span>\u00a0\u201cHandbuch der Damen-Stifter\u201d, Frankfurt a.M. 1893,\u00a0<span style=\"color: #0000ff;\"><a style=\"color: #0000ff;\" href=\"https:\/\/bildsuche.digitale-sammlungen.de\/index.html?c=viewer&amp;bandnummer=bsb00089686&amp;pimage=34&amp;v=150&amp;nav=&amp;l=en\">pag. 14-15<\/a>.<br \/>\n<\/span>&#8211; \u201cJ. Siebmacher\u2019s Grosses und Algemeines Wappenbuch, <span style=\"color: #0000ff;\"><a style=\"color: #0000ff;\" href=\"file:\/\/\/C:\/Users\/hugov\/Downloads\/wappenbuch_siebmacher%20(1).pdf\">Band 3, Abt 11, deel 2<\/a><\/span>, Der Adel der Russ. Ostseeprovinzen; Der Nichtimmatrikulirte Adel\u201d, N\u00fcrnberg 1902, pag, 124.<br \/>\n<\/span><span style=\"color: #000000;\">G. <strong>Groen van Prinsterer<\/strong>, \u201cHandboek der Geschiedenis van het Vader\u00adland\u201d, Amsterdam 1895. &#x2663;<br \/>\nC. <strong>Grundsten<\/strong>, &#8220;Sarek and Kebnekaise, where the light is ever-changing&#8221;. &#x2663; <\/span><\/span><br \/>\n<span style=\"color: #000000; font-size: 12pt;\"><strong>Gustaaf III,<br \/>\n<\/strong><strong>\u2013 <span style=\"color: #008000;\">\u201c<\/span><\/strong><span style=\"color: #0000ff;\"><a style=\"color: #0000ff;\" href=\"https:\/\/meijenfeldt.nl\/?page_id=20137\">Collection<\/a><\/span> des \u00c9crits politiques, litteraires et dramatiques\u201d, deel 4. Correspondence I en deel 5. Correspondence II, Stockholm 1805.<\/span><br \/>\n<span style=\"color: #000000; font-size: 12pt;\"><b>\u2013 \u201c<\/b><span style=\"color: #0000ff;\"><a style=\"color: #0000ff;\" href=\"https:\/\/meijenfeldt.nl\/?page_id=20137\">Skrifter<\/a><\/span> i Politiska och Vittra \u00c4mnen, Brefwexling I-III\u201d, deel 5-7, Stockholm 1810-1812.<\/span><br \/>\n<span style=\"color: #000000; font-size: 12pt;\">\u2013 <span style=\"color: #0000ff;\">\u201c<\/span><a style=\"color: #000000;\" href=\"https:\/\/www.delpher.nl\/nl\/boeken1\/gview?query=meijerfeldt&amp;page=1&amp;coll=boeken1&amp;identifier=sKJRAAAAcA\"><span style=\"color: #0000ff;\">Hemliga handlingar<\/span><\/a><span style=\"color: #0000ff;\">,<\/span> h\u00f6rande till Sveriges historia efter konung Gustaf III:s antr\u00e4de till regeringen\u201d, Stockholm 1821, pag. 17, 87 en 262.<\/span><br \/>\n<span style=\"color: #000000; font-size: 12pt;\"><span style=\"color: #0000ff;\"><a style=\"color: #0000ff;\" href=\"https:\/\/meijenfeldt.nl\/?page_id=53963\"><strong>Gustaf IV Adolf<\/strong><\/a><\/span>, \u201cTal, H\u00e5llit af Konungen Uti Ordens-Capellet i Stockholms Slott Den 29 April 1799, D\u00e5 til Riddare af Seraphimer-Orden Dubbades, En af Rikets Herrar, F\u00e4lt-Marskalken M.M. Herr Grefve Johan August Meyerfelt, efter Herr General-Lieutenanten och Ambassadeuren M.M. Friherre Johan Wilh. Sprengtporten\u201d, Stockholm 1799.<strong><br \/>\n<\/strong>A<strong>. <span style=\"color: #0000ff;\"><a style=\"color: #0000ff;\" href=\"https:\/\/meijenfeldt.nl\/?page_id=49135\">Gyllenkrook<\/a><\/span><\/strong>, \u201cRelationer fr\u00e5n Karl XIIs krig\u201d, Stock\u00adholm 1913.<\/span><br \/>\n<span style=\"color: #000000; font-size: 12pt;\">E. <b>Gyllenstierna<\/b>, \u201cBref fr\u00e5n Erik G. till hans moder, Crakau d. 9 Augusti 1702\u201d, KKD deel 9, Lund 1913, <a style=\"color: #000000;\" href=\"http:\/\/runeberg.org\/karolikrig\/9\/0303.html\"><span style=\"color: #0000ff;\">pag. 256.<\/span><\/a><\/span><br \/>\n<span style=\"color: #000000; font-size: 12pt;\">N. <span style=\"color: #008000;\"><span style=\"color: #0000ff;\"><a style=\"color: #0000ff;\" href=\"https:\/\/meijenfeldt.nl\/?page_id=22977\"><b>Gyllenstierna<\/b><\/a><\/span>,<\/span><\/span><br \/>\n<span style=\"color: #000000; font-size: 12pt;\">\u2013 \u201c\u00d6fversten grefve Nils G:s ber\u00e4ttelse om Polska och Ryska Krigen 1702 1 juni \u2013 1709 d. 16 juni. KKD deel 8, Lund 1913.<\/span><br \/>\n<span style=\"color: #000000; font-size: 12pt;\">\u2013 \u201cJournal \u00f6fver generalguvern\u00f6r, friherre Nils G:s marsch med Pommerska arm\u00e9n till Polen 1702\u201d, KKD deel 12, Lund 1918.<\/span><\/p>\n","protected":false},"excerpt":{"rendered":"<p>FAMILIE\u00a0\/\u00a0BIBLIOTHEEK \/ LITERATUUR\u00a0\/ AUTEURS G F.K. Gadebusch, \u201cLivl\u00e4ndische Jahrb\u00fccher\u201d, Riga 1780-1783. J.F. Gauhe, \u201cDes Heil. R\u00f6m. Reichs Genealogisch-Historischen Adels-Lexici\u201d, Leipzig 1747, deel 2, pag. 727-728. H.E. van Gelder, \u201cDe Nederlandse munten\u201d, Utrecht 1970. &#x2663; K. Gerner (red.), \u201cThe Swedes &amp; The Dutch were made for each other\u201d, The Hague\/Lund 2014. &#x2663; G. Gezelius, \u201cF\u00f6rs\u00f6k Til &hellip; <a href=\"https:\/\/meijenfeldt.nl\/?page_id=57582\" class=\"more-link\">Verder lezen <span class=\"screen-reader-text\">G<\/span><\/a><\/p>\n","protected":false},"author":1,"featured_media":0,"parent":0,"menu_order":0,"comment_status":"closed","ping_status":"closed","template":"","meta":{"footnotes":""},"class_list":["post-57582","page","type-page","status-publish","hentry"],"_links":{"self":[{"href":"https:\/\/meijenfeldt.nl\/index.php?rest_route=\/wp\/v2\/pages\/57582","targetHints":{"allow":["GET"]}}],"collection":[{"href":"https:\/\/meijenfeldt.nl\/index.php?rest_route=\/wp\/v2\/pages"}],"about":[{"href":"https:\/\/meijenfeldt.nl\/index.php?rest_route=\/wp\/v2\/types\/page"}],"author":[{"embeddable":true,"href":"https:\/\/meijenfeldt.nl\/index.php?rest_route=\/wp\/v2\/users\/1"}],"replies":[{"embeddable":true,"href":"https:\/\/meijenfeldt.nl\/index.php?rest_route=%2Fwp%2Fv2%2Fcomments&post=57582"}],"version-history":[{"count":2,"href":"https:\/\/meijenfeldt.nl\/index.php?rest_route=\/wp\/v2\/pages\/57582\/revisions"}],"predecessor-version":[{"id":57644,"href":"https:\/\/meijenfeldt.nl\/index.php?rest_route=\/wp\/v2\/pages\/57582\/revisions\/57644"}],"wp:attachment":[{"href":"https:\/\/meijenfeldt.nl\/index.php?rest_route=%2Fwp%2Fv2%2Fmedia&parent=57582"}],"curies":[{"name":"wp","href":"https:\/\/api.w.org\/{rel}","templated":true}]}}