{"id":57535,"date":"2023-08-08T15:33:13","date_gmt":"2023-08-08T15:33:13","guid":{"rendered":"https:\/\/meijenfeldt.nl\/?page_id=57535"},"modified":"2025-01-18T14:03:03","modified_gmt":"2025-01-18T14:03:03","slug":"e","status":"publish","type":"page","link":"https:\/\/meijenfeldt.nl\/?page_id=57535","title":{"rendered":"E"},"content":{"rendered":"<p><span style=\"color: #000000; font-size: 10pt; font-family: georgia, palatino, serif;\"><span style=\"color: #0000ff;\"><span style=\"color: #000000; font-size: 10pt;\"><a style=\"color: #0000ff;\" href=\"https:\/\/meijenfeldt.nl\/\">FAMILIE<\/a> \/ <\/span><a style=\"color: #0000ff;\" href=\"https:\/\/meijenfeldt.nl\/?page_id=51152\">BIBLIOTHEEK<\/a><\/span> \/ <span style=\"color: #0000ff;\"><a style=\"color: #0000ff;\" href=\"https:\/\/meijenfeldt.nl\/?page_id=217\">LITERATUUR<\/a><\/span> \/ AUTEURS E<\/span><\/p>\n<p><span style=\"font-size: 12pt;\"><span style=\"color: #000000;\">H.F. von <span style=\"color: #0000ff;\"><strong><a style=\"color: #0000ff;\" href=\"https:\/\/meijenfeldt.nl\/wp-content\/uploads\/2022\/09\/Ehrenkrook.pdf\">Ehrenkrook<\/a><\/strong><\/span>, &#8220;Genealogisches Handbuch der Adelige H\u00e4user&#8221;, B deel 1, in: Genealogisches Handbuch, deel 9, Gl\u00fccksburg\/Ostsee 1954.<br \/>\nJ.A. <span style=\"color: #0000ff;\"><a style=\"color: #0000ff;\" href=\"https:\/\/meijenfeldt.nl\/?page_id=53297\"><strong>Ehrenstr\u00f6m<\/strong><\/a><\/span>, &#8220;Efterl\u00e4mnade historiska anteckningar&#8221;, utg. S.J. Bo\u00ebthhius, Uppsala 1882.<br \/>\nG.J. <span style=\"color: #0000ff;\"><a style=\"color: #0000ff;\" href=\"https:\/\/meijenfeldt.nl\/?page_id=32665\"><b>Ehrensv\u00e4rd<\/b><\/a><\/span>, \u201cDagbockanteckningar f\u00f6rda vid Gustaf III:s Hof\u201d, Stockholm 1877, twee delen.<\/span><span style=\"color: #000000;\"><br \/>\n<\/span><span style=\"color: #000000;\">E.A. <strong>Eichhorn<\/strong>, \u201cStralsund und der R\u00fcgendamm\u201d, Stralsund 1937. &#x2660;<br \/>\nK. <strong>Ejdorf, <\/strong>\u201cGodaftenkroen och Korporalskroen, En privilegeret kro med h\u00e6nger\u00f8v\u201d, Strandsiden, oktober 2007, <span style=\"color: #0000ff;\"><a style=\"color: #0000ff;\" href=\"http:\/\/www.karlslunde.dk\/bygninger\/Billeder\/korporalskroen_2007.pdf\">pag. 6-7<\/a><\/span>.<\/span><\/span><br \/>\n<span style=\"color: #000000; font-size: 12pt;\">S. <strong>Ek<\/strong>,<br \/>\n\u2014\u00a0met A. Sj\u00f6ding, &#8220;Samlade skrifter av Johan Henrik Kellgren&#8221;, Stockholm 1938-1960, 7 delen.<br \/>\n\u2014\u00a0\u201cKellgren, skalden och kulturk\u00e4mpen\u201d, Stockholm 1965.<br \/>\nC.C. <span style=\"color: #0000ff;\"><a style=\"color: #0000ff;\" href=\"https:\/\/meijenfeldt.nl\/?page_id=49231\"><strong>Ekman<\/strong><\/a><\/span>, &#8220;Dagbok f\u00f6rd under kriget i Finland 1788-1790&#8221;, Helsingfors 1900.<br \/>\nB. <strong>Ekstr\u00f6m<\/strong>, &#8220;Hang\u00f6udd p\u00e5 1700-talet. Svensk utpost i Tsarens skugga&#8221;, Hang\u00f6 1987. &#x2663;<br \/>\nG. <strong>Elgenstierna<\/strong>,<br \/>\n&#8211; \u201cDen introducerade svenska adelns \u00e4ttertavlor\u201d, Stockholm 1930, deel 5, <span style=\"color: #0000ff;\"><a style=\"color: #0000ff;\" href=\"https:\/\/meijenfeldt.nl\/wp-content\/uploads\/2022\/09\/Elgenstierna.pdf\">pag. 226-227<\/a><\/span>, Wiki <span style=\"color: #0000ff;\"><a style=\"color: #0000ff;\" href=\"https:\/\/www.adelsvapen.com\/genealogi\/Meijerfeldt_nr_864\">adel<\/a>\u00a0<\/span>en <a style=\"color: #000000;\" href=\"https:\/\/www.adelsvapen.com\/genealogi\/Meijerfeldt_nr_59\"><span style=\"color: #0000ff;\">graven<\/span><\/a><span style=\"color: #0000ff;\">.<br \/>\n<\/span>&#8211; &#8220;Svenska m\u00e4n och kvinnor&#8221;, deel 5, Stockholm 1952-1955, <span style=\"color: #0000ff;\"><a style=\"color: #0000ff;\" href=\"https:\/\/meijenfeldt.nl\/wp-content\/uploads\/2022\/10\/Elgenstierna-Man-och-kvinnor.pdf\">pag. 272<\/a><\/span>.<\/span><br \/>\n<span style=\"font-size: 12pt;\"><span style=\"color: #000000;\">W. <b>Ellenbroek<\/b>, H. <strong>Raaff<\/strong>, \u201cOostzee-Journaal. Een reis door Scandinavi\u00eb, de Baltische republieken, Kaliningrad, Polen en Noord-Duitsland\u201d, Amsterdam 1995. <span class=\"s4\">&#x2663;<\/span><br \/>\nL. von <strong>Engestr\u00f6m<\/strong>, &#8220;Minnen och Anteckningar&#8221;, Stockholm 1876, deel 2, <span style=\"color: #0000ff;\"><a style=\"color: #0000ff;\" href=\"https:\/\/babel.hathitrust.org\/cgi\/pt?id=hvd.hnngr1&amp;view=1up&amp;seq=429\">pag. 17<\/a>, <a style=\"color: #0000ff;\" href=\"https:\/\/babel.hathitrust.org\/cgi\/pt?id=hvd.hnngr1&amp;view=1up&amp;seq=449\">pag. 37<\/a>, <a style=\"color: #0000ff;\" href=\"https:\/\/babel.hathitrust.org\/cgi\/pt?id=hvd.hnngr1&amp;view=1up&amp;seq=496\">pag. 84<\/a> en <a style=\"color: #0000ff;\" href=\"https:\/\/babel.hathitrust.org\/cgi\/pt?id=hvd.hnngr1&amp;view=1up&amp;seq=830\">pag. 416<\/a>.<\/span><br \/>\nP. <span style=\"color: #0000ff;\"><strong><a style=\"color: #0000ff;\" href=\"https:\/\/meijenfeldt.nl\/wp-content\/uploads\/2023\/08\/Englund.pdf\">Englund<\/a><\/strong><\/span><strong>, <\/strong>\u201cPoltava: ber\u00e4ttelsen om en arm\u00e9s underg\u00e5ng\u201d, Stockholm 1988. vert. \u201cThe battle that shook Europe. Poltava and the Birth of the Russian Empire\u201d, Londen 1992.<\/span> &#x2663;<\/span><br \/>\n<span style=\"font-size: 12pt;\"><span style=\"color: #000000;\">B.A. <b>Ennes<\/b>,<br \/>\n&#8211; \u201c<span style=\"color: #0000ff;\"><a style=\"color: #0000ff;\" href=\"https:\/\/meijenfeldt.nl\/?page_id=40994\">Biografiska Minnen<\/a><\/span> af Konung Carl XII:s Krigare\u201d, Stockholm 1819.<br \/>\n<span style=\"font-family: georgia, palatino, serif;\">&#8211; &#8220;<\/span><\/span><span style=\"font-family: georgia, palatino, serif;\"><span style=\"color: #000000;\">Svenskarne i Bender. Biografier&#8221;, Stockholm 1808,<\/span> <span style=\"color: #0000ff;\"><a style=\"color: #0000ff;\" href=\"https:\/\/litteraturbanken.se\/f%C3%B6rfattare\/EnnesBA\/titlar\/SvenskarneIBender\/sida\/9\/faksimil?s_query=meyerfelt&amp;s_from=0&amp;s_to=29&amp;s_text_filter=%5Bobject%20Object%5D&amp;s_word_form_only=true&amp;s_lbworkid=lb2400107&amp;hit_index=0\">pag. 9<\/a><\/span>.<br \/>\n<span style=\"color: #000000;\">N. <strong>Erdmann<\/strong>,<br \/>\n&#8211;\u00a0<\/span><\/span><span style=\"color: #0000ff;\"><span style=\"color: #000000;\">&#8220;Vid<\/span>\u00a0<a style=\"color: #0000ff;\" href=\"https:\/\/meijenfeldt.nl\/?page_id=49396\">Hovet och p\u00e5 Adelsgodsen<\/a><\/span><span style=\"color: #000000; font-family: georgia, palatino, serif;\">\u00a0i 1700-talets Sverige&#8221;, Stockholm 1926.<br \/>\n<\/span><span style=\"color: #000000; font-family: georgia, palatino, serif;\">&#8211; \u201cAdmiral <\/span><a href=\"https:\/\/meijenfeldt.nl\/?page_id=53033\"><span style=\"color: #0000ff;\">Carl Tersmedens<\/span><\/a><span style=\"color: #000000; font-family: georgia, palatino, serif;\">\u00a0Memoarer\u201d, Stock\u00adholm 1918-1927.<br \/>\n<\/span><span style=\"color: #000000;\">B. <strong>Erdmannsd\u00f6rffer<\/strong>, \u201cDeutsche Geschichte vom Westf\u00e4li\u00adschen Frieden bis zur Regierungsantritt Friedrich\u2019s des Gros\u00adzen, 1648-1740\u201d, Berlin 1893, deel 2,\u00a0<span style=\"color: #0000ff;\"><a style=\"color: #0000ff;\" href=\"https:\/\/books.google.nl\/books?id=LdMPAAAAYAAJ&amp;printsec=frontcover&amp;source=gbs_book_other_versions_r&amp;redir_esc=y#v=onepage&amp;q=meyerfeldt&amp;f=false\">pag. 327-328.<\/a><\/span><\/span><\/span><br \/>\n<span style=\"color: #000000; font-size: 12pt;\">N. von <strong>Essen<\/strong>, \u201cGenealogisches Handbuch der Oeselschen Ritterschaft\u201d, Tartu 1935,\u00a0<span style=\"color: #0000ff;\"><a style=\"color: #0000ff;\" href=\"https:\/\/personen.digitale-sammlungen.de\/baltlex\/Blatt_bsb00000345,00192.html?prozent=\">pag. 192<\/a><\/span>.<\/span><\/p>\n","protected":false},"excerpt":{"rendered":"<p>FAMILIE \/ BIBLIOTHEEK \/ LITERATUUR \/ AUTEURS E H.F. von Ehrenkrook, &#8220;Genealogisches Handbuch der Adelige H\u00e4user&#8221;, B deel 1, in: Genealogisches Handbuch, deel 9, Gl\u00fccksburg\/Ostsee 1954. J.A. Ehrenstr\u00f6m, &#8220;Efterl\u00e4mnade historiska anteckningar&#8221;, utg. S.J. Bo\u00ebthhius, Uppsala 1882. G.J. Ehrensv\u00e4rd, \u201cDagbockanteckningar f\u00f6rda vid Gustaf III:s Hof\u201d, Stockholm 1877, twee delen. E.A. Eichhorn, \u201cStralsund und der R\u00fcgendamm\u201d, Stralsund &hellip; <a href=\"https:\/\/meijenfeldt.nl\/?page_id=57535\" class=\"more-link\">Verder lezen <span class=\"screen-reader-text\">E<\/span><\/a><\/p>\n","protected":false},"author":1,"featured_media":0,"parent":0,"menu_order":0,"comment_status":"closed","ping_status":"closed","template":"","meta":{"footnotes":""},"class_list":["post-57535","page","type-page","status-publish","hentry"],"_links":{"self":[{"href":"https:\/\/meijenfeldt.nl\/index.php?rest_route=\/wp\/v2\/pages\/57535","targetHints":{"allow":["GET"]}}],"collection":[{"href":"https:\/\/meijenfeldt.nl\/index.php?rest_route=\/wp\/v2\/pages"}],"about":[{"href":"https:\/\/meijenfeldt.nl\/index.php?rest_route=\/wp\/v2\/types\/page"}],"author":[{"embeddable":true,"href":"https:\/\/meijenfeldt.nl\/index.php?rest_route=\/wp\/v2\/users\/1"}],"replies":[{"embeddable":true,"href":"https:\/\/meijenfeldt.nl\/index.php?rest_route=%2Fwp%2Fv2%2Fcomments&post=57535"}],"version-history":[{"count":7,"href":"https:\/\/meijenfeldt.nl\/index.php?rest_route=\/wp\/v2\/pages\/57535\/revisions"}],"predecessor-version":[{"id":70060,"href":"https:\/\/meijenfeldt.nl\/index.php?rest_route=\/wp\/v2\/pages\/57535\/revisions\/70060"}],"wp:attachment":[{"href":"https:\/\/meijenfeldt.nl\/index.php?rest_route=%2Fwp%2Fv2%2Fmedia&parent=57535"}],"curies":[{"name":"wp","href":"https:\/\/api.w.org\/{rel}","templated":true}]}}