{"id":57533,"date":"2023-08-08T15:32:12","date_gmt":"2023-08-08T15:32:12","guid":{"rendered":"https:\/\/meijenfeldt.nl\/?page_id=57533"},"modified":"2024-07-28T12:15:28","modified_gmt":"2024-07-28T12:15:28","slug":"d","status":"publish","type":"page","link":"https:\/\/meijenfeldt.nl\/?page_id=57533","title":{"rendered":"D"},"content":{"rendered":"<p><span style=\"color: #000000; font-size: 10pt; font-family: georgia, palatino, serif;\"><span style=\"color: #0000ff;\"><span style=\"color: #000000; font-size: 10pt;\"><a style=\"color: #0000ff;\" href=\"https:\/\/meijenfeldt.nl\/\">FAMILIE<\/a> \/ <\/span><a style=\"color: #0000ff;\" href=\"https:\/\/meijenfeldt.nl\/?page_id=51152\">BIBLIOTHEEK<\/a><\/span> \/ <span style=\"color: #0000ff;\"><a style=\"color: #0000ff;\" href=\"https:\/\/meijenfeldt.nl\/?page_id=217\">LITERATUUR<\/a><\/span> \/ AUTEURS D<\/span><\/p>\n<p><span style=\"color: #000000; font-size: 12pt;\">V. <span style=\"color: #0000ff;\"><strong><a style=\"color: #0000ff;\" href=\"https:\/\/meijenfeldt.nl\/wp-content\/uploads\/2022\/10\/Dabolins.pdf\">D\u0101bolin\u0161<\/a><\/strong><\/span>, &#8220;Die Dynastie der Rigaer M\u00fcnzmeister Wulff (1557-1659), in Forschungen zur baltische Geschichte 13, Tartu 2018, pag. 24-47.<br \/>\nC.E.F. <strong><span style=\"color: #0000ff;\"><a style=\"color: #0000ff;\" href=\"https:\/\/meijenfeldt.nl\/?page_id=32383\">Dalmer<\/a><\/span>, <\/strong>&#8220;Sammlung etlicher Nachrichten aus der Zeit und dem Leben des D. Albr. Joach. v. Krakevitz, weiland Superintendenten in Mecklenburg, nachher General-superintendenten von Pommern u. R\u00fcgen u. s. w., Versassers des Mecklenburgischen Landeskatechismus&#8221;, Stralsund 1862.<br \/>\nN. von <strong>Dardel<\/strong>, \u201cGrefvinnan Lovisa Meyerfelt, f\u00f6dd <span style=\"color: #0000ff;\"><a style=\"color: #0000ff;\" href=\"http:\/\/runeberg.org\/pht\/1899\/0237.html\">Sparre<\/a><\/span>\u201c, PHT 1898-1900, <span style=\"color: #0000ff;\"><a style=\"color: #0000ff;\" href=\"https:\/\/runeberg.org\/pht\/1899\/0237.html\">portret 7<\/a>, <a style=\"color: #0000ff;\" href=\"https:\/\/runeberg.org\/pht\/1899\/0195.html\">pag. 175<\/a> <span style=\"color: #000000;\">en<\/span> <a style=\"color: #0000ff;\" href=\"https:\/\/runeberg.org\/pht\/1899\/0196.html\">pag. 176<\/a>.\u00a0<\/span><br \/>\nD. <strong>Defoe<\/strong>,<br \/>\n&#8211; A Scots Gentleman in the Sweedish Service, &#8220;<\/span><span style=\"font-size: 12pt;\"><span style=\"color: #000000;\">The History of the Wars, of His Present Majesty Charles XII, King of Sweden, from his First Landing in Denmark, to his Return from Turkey to Pomerania&#8221;, Londen 1715, <span style=\"color: #0000ff;\"><a style=\"color: #0000ff;\" href=\"https:\/\/play.google.com\/books\/reader?id=nthOAQAAIAAJ&amp;pg=GBS.PA115&amp;hl=nl\">pag. 115<\/a><\/span>, <span style=\"color: #0000ff;\"><a style=\"color: #0000ff;\" href=\"https:\/\/play.google.com\/books\/reader?id=nthOAQAAIAAJ&amp;pg=GBS.PA301&amp;hl=nl\">pag. 301<\/a><\/span> en <span style=\"color: #0000ff;\"><a style=\"color: #0000ff;\" href=\"https:\/\/play.google.com\/books\/reader?id=nthOAQAAIAAJ&amp;pg=GBS.PA339&amp;hl=nl\">pag. 339<\/a><\/span>. Editie 1720, <span style=\"color: #0000ff;\"><a style=\"color: #0000ff;\" href=\"https:\/\/play.google.com\/books\/reader?id=vmlEAQAAMAAJ&amp;pg=GBS.PT31&amp;hl=nl\">pag. 311<\/a><\/span>,\u00a0<\/span><br \/>\n<\/span><span style=\"color: #000000; font-size: 12pt;\">&#8211; &#8220;A True, Authentick, and Impartial History of the Life and Glorious Actions of the Czar of Muscovy: from his Birth till his Death&#8221;, Londen 1723, <span style=\"color: #0000ff;\"><a style=\"color: #0000ff;\" href=\"https:\/\/play.google.com\/books\/reader?id=fQYHz22jAr4C&amp;pg=GBS.PA122&amp;hl=nl\">pag. 123<\/a><\/span>, <span style=\"color: #0000ff;\"><a style=\"color: #0000ff;\" href=\"https:\/\/play.google.com\/books\/reader?id=fQYHz22jAr4C&amp;pg=GBS.PA218&amp;hl=nl\">pag. 218<\/a><\/span> en <span style=\"color: #0000ff;\"><a style=\"color: #0000ff;\" href=\"https:\/\/play.google.com\/books\/reader?id=fQYHz22jAr4C&amp;pg=GBS.PA400&amp;hl=nl\">pag. 401<\/a>.<br \/>\n<\/span>H.O. <strong>Donner<\/strong>, &#8220;Karl August Ehrensv\u00e4rds brev till general greve Johan August Meijerfelt under \u00e5ret 1789&#8221;, Historiallinen Artkisto 45, Helsingfors 1939.<\/span><br \/>\n<span style=\"font-size: 12pt;\"><span style=\"color: #000000;\">E. <strong>Donnert<\/strong>, \u201cRussland im Zeitalter der Aufkl\u00e4rung\u201d, Leipzig 1983. &#x2663;<br \/>\nR. van<strong> Drie<\/strong>, N. Plomp en A. van der Tang, \u201cGenealogie. Van Stamboom tot Familiegeschiedenis\u201d, Teleac en CBG, Utrecht\/\u2019s-Gravenhage 1988. &#x2663;<br \/>\nJ.G. <strong>Droysen<\/strong>, &#8220;Friedrich Wilhelm I. K\u00f6nig von Preussen&#8221;, deel 1, van &#8220;Geschichte der Preussische Politik&#8221;, deel 4, afdeling 2, Leipzig 1869, <span style=\"color: #0000ff;\"><a style=\"color: #0000ff;\" href=\"https:\/\/babel.hathitrust.org\/cgi\/pt?id=iau.31858043618275&amp;view=1up&amp;seq=64&amp;q1=meyerfeldt\">pag. 48-49<\/a><\/span> en <a href=\"https:\/\/babel.hathitrust.org\/cgi\/pt?id=iau.31858043618275&amp;view=1up&amp;seq=70&amp;q1=meyerfeldt\"><span style=\"color: #0000ff;\">pag. 54-57<\/span><\/a>.<br \/>\n<\/span><span style=\"color: #000000;\">S. <b>Duhs<\/b>, \u201cThe Monarchs of Sweden. A short history of the nation\u201d, (vert.), Bromma 2000. &#x2663;<\/span><\/span><\/p>\n","protected":false},"excerpt":{"rendered":"<p>FAMILIE \/ BIBLIOTHEEK \/ LITERATUUR \/ AUTEURS D V. D\u0101bolin\u0161, &#8220;Die Dynastie der Rigaer M\u00fcnzmeister Wulff (1557-1659), in Forschungen zur baltische Geschichte 13, Tartu 2018, pag. 24-47. C.E.F. Dalmer, &#8220;Sammlung etlicher Nachrichten aus der Zeit und dem Leben des D. Albr. Joach. v. Krakevitz, weiland Superintendenten in Mecklenburg, nachher General-superintendenten von Pommern u. R\u00fcgen u. &hellip; <a href=\"https:\/\/meijenfeldt.nl\/?page_id=57533\" class=\"more-link\">Verder lezen <span class=\"screen-reader-text\">D<\/span><\/a><\/p>\n","protected":false},"author":1,"featured_media":0,"parent":0,"menu_order":0,"comment_status":"closed","ping_status":"closed","template":"","meta":{"footnotes":""},"class_list":["post-57533","page","type-page","status-publish","hentry"],"_links":{"self":[{"href":"https:\/\/meijenfeldt.nl\/index.php?rest_route=\/wp\/v2\/pages\/57533","targetHints":{"allow":["GET"]}}],"collection":[{"href":"https:\/\/meijenfeldt.nl\/index.php?rest_route=\/wp\/v2\/pages"}],"about":[{"href":"https:\/\/meijenfeldt.nl\/index.php?rest_route=\/wp\/v2\/types\/page"}],"author":[{"embeddable":true,"href":"https:\/\/meijenfeldt.nl\/index.php?rest_route=\/wp\/v2\/users\/1"}],"replies":[{"embeddable":true,"href":"https:\/\/meijenfeldt.nl\/index.php?rest_route=%2Fwp%2Fv2%2Fcomments&post=57533"}],"version-history":[{"count":9,"href":"https:\/\/meijenfeldt.nl\/index.php?rest_route=\/wp\/v2\/pages\/57533\/revisions"}],"predecessor-version":[{"id":61347,"href":"https:\/\/meijenfeldt.nl\/index.php?rest_route=\/wp\/v2\/pages\/57533\/revisions\/61347"}],"wp:attachment":[{"href":"https:\/\/meijenfeldt.nl\/index.php?rest_route=%2Fwp%2Fv2%2Fmedia&parent=57533"}],"curies":[{"name":"wp","href":"https:\/\/api.w.org\/{rel}","templated":true}]}}