{"id":57531,"date":"2023-08-08T15:31:19","date_gmt":"2023-08-08T15:31:19","guid":{"rendered":"https:\/\/meijenfeldt.nl\/?page_id=57531"},"modified":"2024-07-22T11:27:23","modified_gmt":"2024-07-22T11:27:23","slug":"c","status":"publish","type":"page","link":"https:\/\/meijenfeldt.nl\/?page_id=57531","title":{"rendered":"C"},"content":{"rendered":"<p><span style=\"color: #000000; font-size: 10pt; font-family: georgia, palatino, serif;\"><span style=\"color: #0000ff;\"><span style=\"color: #000000; font-size: 10pt;\"><a style=\"color: #0000ff;\" href=\"https:\/\/meijenfeldt.nl\/\">FAMILIE<\/a> \/ <\/span><a style=\"color: #0000ff;\" href=\"https:\/\/meijenfeldt.nl\/?page_id=51152\">BIBLIOTHEEK<\/a><\/span> \/ <span style=\"color: #0000ff;\"><a style=\"color: #0000ff;\" href=\"https:\/\/meijenfeldt.nl\/?page_id=217\">LITERATUUR<\/a><\/span> \/ AUTEURS C<\/span><\/p>\n<p><span style=\"font-size: 12pt;\"><span style=\"color: #000000;\">R. <b>Campert<\/b>, \u201cSomberman\u2019s actie\u201d, Amsterdam 1985. <span class=\"s4\">&#x2663;<br \/>\n<\/span><\/span><\/span><span class=\"fn\" style=\"font-size: 12pt;\"><span dir=\"ltr\"><span style=\"color: #000000;\"><strong>Cantate<\/strong> \u00fcber den Verlust Seiner Excellence des Hochgebohrnen Grafen und Herrn Herrn Johann August von Meyerfeldt Sr. K\u00f6nigl. Majest\u00e4t und des Reichs Schweden Rath General-Gouverneur \u00fcber Pommern und R\u00fcgen und Canzlern der Universit\u00e4t in Greifswald bey der \u00f6ffentlichen Trauer-Rede auf der K\u00f6nigl. Akademie zu Greifswald musicalisch aufgef\u00fchret, 1750.<\/span><br \/>\n<\/span><\/span><span style=\"font-size: 12pt;\"><span style=\"color: #000000;\"><span class=\"s4\">J.L. <span style=\"color: #0000ff;\"><a style=\"color: #0000ff;\" href=\"https:\/\/meijenfeldt.nl\/?page_id=52824\"><strong>Carlbom<\/strong><\/a><\/span>, \u201cKarl X Gustav, fr\u00e5n Weichseln till B\u00e4lt, 1657: taget \u00f6ver B\u00e4lt och freden i Roskilde, 1658\u201d, 1910.<br \/>\n<\/span><\/span><span style=\"color: #000000;\">G. <strong><span style=\"color: #0000ff;\"><a style=\"color: #0000ff;\" href=\"https:\/\/meijenfeldt.nl\/wp-content\/uploads\/2022\/09\/Carlquist.pdf\">Carlquist<\/a><\/span><\/strong> en J. Carlsson, \u201cSvensk Uppslagbok\u201d, Malm\u00f6 1951.<br \/>\nF. <span style=\"color: #0000ff;\"><a style=\"color: #0000ff;\" href=\"https:\/\/meijenfeldt.nl\/?page_id=9585\"><strong>Carlsen<\/strong><\/a><\/span>, \u201cEfterretninger om Gammelkj\u00f8gegaard og Omgegn\u201d, delen 1 en 2, Kopenhagen 1876-1878.<\/span><\/span><br \/>\n<span style=\"font-size: 12pt;\"><span style=\"color: #000000;\">P. <strong>Carlski\u00f6ld<\/strong>, <\/span><span style=\"color: #000000;\"><strong>\u201c<\/strong>Svea Rikes Ridderskaps och Adels Vapn-Bok, inneh\u00e5llande alla p\u00e5 Riddarhuset introducerade greflige, friherrlige och adelige \u00c4tters Sk\u00f6ldem\u00e4rken\u201d, Stockholm 1764, <\/span><span style=\"color: #000000;\"> <span style=\"color: #0000ff;\"><a style=\"color: #0000ff;\" href=\"https:\/\/books.google.nl\/books?id=ljRlactrGKoC&amp;printsec=frontcover&amp;dq=Carlski%C3%B6ld&amp;hl=en&amp;sa=X&amp;ved=0ahUKEwjZhqnA7vvdAhVONOwKHfbbAAEQ6AEIDDAA#v=onepage&amp;q=Carlski%C3%B6ld&amp;f=false\">pag. 3 en 29<\/a><\/span>.<br \/>\n<\/span><span style=\"color: #000000;\">E. <b>Carlson<\/b>,<br \/>\n<\/span><span style=\"color: #000000;\">&#8211; \u201cKonung Karl XII:s <span style=\"color: #0000ff;\"><a style=\"color: #0000ff;\" href=\"https:\/\/meijenfeldt.nl\/?page_id=19684\">egenh\u00e4ndige bref<\/a><\/span>, Stockholm 1893.<\/span><span style=\"color: #000000;\"><br \/>\n&#8211;<\/span> &#8220;Slaget vid Poltava. dess krigshistoria f\u00f6ruts\u00e4ttningar enligt samtida k\u00e4llor&#8221;, in Historiska studier, Stockholm 1897, pag. 3-80.<\/span><br \/>\n<span style=\"font-size: 12pt;\"><span style=\"color: #000000;\">&#8211; \u201c<span style=\"color: #0000ff;\"><a style=\"color: #0000ff;\" href=\"https:\/\/meijenfeldt.nl\/?page_id=19366\">Sveriges Historia<\/a><\/span> under Karl den tolftes regering\u201d, Stockholm 1910, deel 3.<br \/>\n<\/span><span style=\"color: #000000;\">F.F. <strong>Carlson<\/strong>,<br \/>\n<\/span><span style=\"color: #000000;\">&#8211; \u201c<span style=\"color: #0000ff;\"><a style=\"color: #0000ff;\" href=\"https:\/\/meijenfeldt.nl\/?page_id=19366\">Sveriges Historia<\/a><\/span> under Karl den tolftes regering\u201d, Stockholm 1855.<br \/>\n&#8211; &#8220;Om Sveriges inflytande p\u00e5 Konungavalet i Polen 1704&#8221;, UU\u00c5 1861, <span style=\"color: #0000ff;\"><a style=\"color: #0000ff;\" href=\"https:\/\/archive.org\/details\/UpsalaUniversitetsArsskrift1861\/page\/n709\/mode\/2up?q=mejerfeldt\">pag. 27<\/a><\/span>.<br \/>\n<\/span><span style=\"color: #000000;\">&#8211; \u201cCarl den Tolftes t\u00e5g mot Ryssland\u201d, SAH ifr\u00e5n \u00e5r 1796, deel 61, Stock\u00adholm 1885, <span style=\"color: #0000ff;\"><a style=\"color: #0000ff;\" href=\"https:\/\/babel.hathitrust.org\/cgi\/pt?id=umn.319510019470245&amp;view=2up&amp;seq=386\">pag. 375<\/a><\/span> en <span style=\"color: #0000ff;\"><a style=\"color: #0000ff;\" href=\"https:\/\/babel.hathitrust.org\/cgi\/pt?id=umn.319510019470245&amp;view=2up&amp;seq=398\">pag. 387<\/a><\/span>.<br \/>\n&#8211; \u201cGeschichte Schwedens\u201d, <span style=\"color: #0000ff;\"><a style=\"color: #0000ff;\" href=\"https:\/\/babel.hathitrust.org\/cgi\/pt\/search?q1=mejerfelt;id=uc1.%24b101500;view=2up;seq=5;start=1;sz=10;page=search;orient=0\">deel 6<\/a><\/span>, in \u201cGeschichte Europas\u201d, Gotha 1887.<br \/>\nA.B. <span style=\"color: #0000ff;\"><strong><a style=\"color: #0000ff;\" href=\"https:\/\/meijenfeldt.nl\/wp-content\/uploads\/2022\/09\/Carlsson-Uppsala.pdf\">Carlsson<\/a><\/strong><\/span>, &#8220;Uppsala universit\u00e4ts matrikel 1595-1750, Uppsala 1922.<br \/>\n<\/span><span style=\"color: #000000;\">E. <span style=\"color: #0000ff;\"><strong><a style=\"color: #0000ff;\" href=\"https:\/\/meijenfeldt.nl\/wp-content\/uploads\/2023\/08\/Carlsson.pdf\">Carlsson<\/a><\/strong><\/span>, \u201cKarl XII och kapitulationen vid Perevo\u00adlotjna\u201d, KF\u00c5 1940.<br \/>\n<\/span><span style=\"color: #000000;\">D.G. <span style=\"color: #0000ff;\"><strong><a style=\"color: #0000ff;\" href=\"https:\/\/books.google.nl\/books?id=AIhPAAAAcAAJ&amp;printsec=frontcover&amp;hl=nl&amp;source=gbs_ge_summary_r&amp;cad=0#v=onepage&amp;q&amp;f=false\">Cedercrona<\/a><\/strong><\/span>, \u201cSweriges Ridderskaps och Adels Wapen-Bok\u201d, Stockholm 1746.<\/span><\/span><br \/>\n<span style=\"font-size: 12pt;\"><span style=\"color: #000000;\">J<strong>. <span style=\"color: #0000ff;\"><a style=\"color: #0000ff;\" href=\"https:\/\/meijenfeldt.nl\/?page_id=20461\">Cederhielm<\/a><\/span><\/strong>,<\/span><span style=\"color: #000000;\">\u00a0\u201cDagboks-fragment\u201d en \u201cBref till sin broder Germund\u201d , KKD delen 6, 8 en 10, Lund 1912-1914.<br \/>\nCh. <strong>Chefer<\/strong>, \u201cMemoires de ce qui s\u2019est pass\u00e9 de plus consid\u00e9rable dans le nord depuis l\u2019annee 1700 jusques en 1710, et le caract\u00e8re des princes qui y ont eu part\u201d, Jean Louis d\u2019Usson, Marquis de Bonac, in: Revue d\u2019Histoire Diplomatique, Parijs 1888,\u00a0<span style=\"color: #0000ff;\"><a style=\"color: #0000ff;\" href=\"https:\/\/gallica.bnf.fr\/ark:\/12148\/bpt6k9633248j\/f637.image.r=meijerfelt?rk=42918;4\">pag. 625<\/a><\/span>.<br \/>\n<\/span><span style=\"color: #000000;\">E. <b>Christiansen<\/b>, \u201cThe Northern Crusaders\u201d, Londen 1997. <span class=\"s4\">&#x2663;<br \/>\nJ.<span style=\"color: #0000ff;\"><a style=\"color: #0000ff;\" href=\"https:\/\/meijenfeldt.nl\/?page_id=65352\"><strong> Clausen<\/strong><\/a><\/span>, \u201cGammel K\u00f8gegaard\u201d, in Danske Slotte og Herreg\u00e5rde, deel 4, Kopenhagen 1964.<br \/>\nS. <strong><span style=\"color: #0000ff;\"><a style=\"color: #0000ff;\" href=\"https:\/\/meijenfeldt.nl\/?page_id=36901\">Clason<\/a><\/span>, <\/strong>C. af <strong>Petersen, <\/strong>\u201cF\u00f6r hundra \u00e5r sen. Skildringar och bref fr\u00e5n revolutions\u00e5ren 1809\u20141810\u201d, Stockholm 1909.<br \/>\nC. <strong>Coroban<\/strong>, \u201cBritish reactions to Charles XII\u2019s stay in the Ottoman Empire\u201d, paper presented at\u00a0Second International Conference of the Romanian Association for Baltic and Nordic Studies: Black Sea and Baltic Sea Regions: Confluences, influences and crosscurrents in the modern and contemporary ages, at T\u00e2rgovi\u015fte, May 20-22, 2011. printed in Revista Rom\u00e2n\u0103 de Studii Baltice \u015fi Nordice, Vol. 3, Issue 1, 2011, <span style=\"color: #0000ff;\"><a style=\"color: #0000ff;\" href=\"https:\/\/meijenfeldt.nl\/wp-content\/uploads\/2023\/02\/Coroban.pdf\">pag. 29-63<\/a><\/span>.<br \/>\n<\/span><\/span><span style=\"color: #000000;\"><span class=\"s4\">C. de <b>Coster<\/b>, \u201cDe legende en de helfhaftige vroolijke en roemrijke daden van Uilenspiegel en Lamme Goedzak in Vlaanderenland en elders\u201d, Amsterdam. &#x2663;<br \/>\n<\/span><\/span><span style=\"color: #000000;\"><span style=\"font-family: georgia, palatino, serif;\">K.M. <b>Creuz <\/b>(pseudoniem M. Malmanen), \u201c<\/span><span style=\"font-weight: normal;\"><span style=\"font-family: georgia, palatino, serif;\">Anjala-F\u00f6rbundet. Bidrag till dess historia efter enskilta och offentliga handlinga\u201d, Stockholm 1848, <span style=\"color: #0000ff;\"><a style=\"color: #0000ff;\" href=\"https:\/\/babel.hathitrust.org\/cgi\/pt?id=inu.30000131513149;view=2up;seq=80;skin=mobile\">pag. 64-65<\/a><\/span>, <span style=\"color: #0000ff;\"><a style=\"color: #0000ff;\" href=\"https:\/\/babel.hathitrust.org\/cgi\/pt?id=inu.30000131513149;view=2up;seq=96;skin=mobile\">pag. 81<\/a><\/span>,\u00a0<span style=\"color: #0000ff;\"><a style=\"color: #0000ff;\" href=\"https:\/\/babel.hathitrust.org\/cgi\/pt?id=inu.30000131513149;view=2up;seq=98;skin=mobile\">pag. 82<\/a><\/span> noot 1, pag. 99,\u00a0<span style=\"color: #0000ff;\"><a style=\"color: #0000ff;\" href=\"https:\/\/babel.hathitrust.org\/cgi\/pt?id=inu.30000131513149;view=2up;seq=124;skin=mobile\">pag. 109<\/a><\/span> en\u00a0<span style=\"color: #0000ff;\"><a style=\"color: #0000ff;\" href=\"https:\/\/babel.hathitrust.org\/cgi\/pt?id=inu.30000131513149;view=2up;seq=132;skin=mobile\">pag. 116<\/a><\/span>.<\/span><br \/>\n<\/span><\/span><span style=\"color: #000000;\">W.A.H. <strong>Crol<\/strong>, \u201cDe kruitmolen aan de Schie\u201d, Rotterdams Jaarboekje 1951.<\/span><\/span><br \/>\n<span style=\"font-size: 12pt;\"><span style=\"color: #000000;\">M.J. von <span style=\"color: #0000ff;\"><a style=\"color: #0000ff;\" href=\"https:\/\/meijenfeldt.nl\/?page_id=21189\"><strong>Crusenstolpe<\/strong><\/a><\/span>, <\/span><span style=\"color: #000000;\">\u201cHistorisk Tafla&#8221;, <\/span><span style=\"color: #000000;\">\u201cMorianen&#8221;, <\/span><span style=\"color: #000000;\">\u201cGustaaf III&#8221; en <\/span><span style=\"color: #000000;\">\u201cHuset Tessin\u201d.<\/span><\/span><\/p>\n","protected":false},"excerpt":{"rendered":"<p>FAMILIE \/ BIBLIOTHEEK \/ LITERATUUR \/ AUTEURS C R. Campert, \u201cSomberman\u2019s actie\u201d, Amsterdam 1985. &#x2663; Cantate \u00fcber den Verlust Seiner Excellence des Hochgebohrnen Grafen und Herrn Herrn Johann August von Meyerfeldt Sr. K\u00f6nigl. Majest\u00e4t und des Reichs Schweden Rath General-Gouverneur \u00fcber Pommern und R\u00fcgen und Canzlern der Universit\u00e4t in Greifswald bey der \u00f6ffentlichen Trauer-Rede auf &hellip; <a href=\"https:\/\/meijenfeldt.nl\/?page_id=57531\" class=\"more-link\">Verder lezen <span class=\"screen-reader-text\">C<\/span><\/a><\/p>\n","protected":false},"author":1,"featured_media":0,"parent":0,"menu_order":0,"comment_status":"closed","ping_status":"closed","template":"","meta":{"footnotes":""},"class_list":["post-57531","page","type-page","status-publish","hentry"],"_links":{"self":[{"href":"https:\/\/meijenfeldt.nl\/index.php?rest_route=\/wp\/v2\/pages\/57531","targetHints":{"allow":["GET"]}}],"collection":[{"href":"https:\/\/meijenfeldt.nl\/index.php?rest_route=\/wp\/v2\/pages"}],"about":[{"href":"https:\/\/meijenfeldt.nl\/index.php?rest_route=\/wp\/v2\/types\/page"}],"author":[{"embeddable":true,"href":"https:\/\/meijenfeldt.nl\/index.php?rest_route=\/wp\/v2\/users\/1"}],"replies":[{"embeddable":true,"href":"https:\/\/meijenfeldt.nl\/index.php?rest_route=%2Fwp%2Fv2%2Fcomments&post=57531"}],"version-history":[{"count":8,"href":"https:\/\/meijenfeldt.nl\/index.php?rest_route=\/wp\/v2\/pages\/57531\/revisions"}],"predecessor-version":[{"id":65355,"href":"https:\/\/meijenfeldt.nl\/index.php?rest_route=\/wp\/v2\/pages\/57531\/revisions\/65355"}],"wp:attachment":[{"href":"https:\/\/meijenfeldt.nl\/index.php?rest_route=%2Fwp%2Fv2%2Fmedia&parent=57531"}],"curies":[{"name":"wp","href":"https:\/\/api.w.org\/{rel}","templated":true}]}}