{"id":57529,"date":"2023-08-08T15:29:57","date_gmt":"2023-08-08T15:29:57","guid":{"rendered":"https:\/\/meijenfeldt.nl\/?page_id=57529"},"modified":"2023-08-09T08:13:06","modified_gmt":"2023-08-09T08:13:06","slug":"b","status":"publish","type":"page","link":"https:\/\/meijenfeldt.nl\/?page_id=57529","title":{"rendered":"B"},"content":{"rendered":"<p><span style=\"color: #000000; font-size: 10pt;\"><span style=\"color: #0000ff;\"><a style=\"color: #0000ff;\" href=\"https:\/\/meijenfeldt.nl\/\">FAMILIE<\/a> \/ <a style=\"color: #0000ff;\" href=\"https:\/\/meijenfeldt.nl\/?page_id=51152\">BIBLIOTHEEK<\/a><\/span> \/ <span style=\"color: #0000ff;\"><a style=\"color: #0000ff;\" href=\"https:\/\/meijenfeldt.nl\/?page_id=217\">LITERATUUR<\/a><\/span> \/ AUTEURS B<\/span><\/p>\n<p><span style=\"font-size: 12pt;\"><span style=\"color: #000000;\">A. <span style=\"color: #0000ff;\"><strong><a style=\"color: #0000ff;\" href=\"https:\/\/meijenfeldt.nl\/?page_id=17505\">Babos<\/a><\/strong><\/span>, \u201cTracing a Sacred Building Tradition. Wooden Churches, Carpenters and Founders in Maramure\u015f until the turn of the 18th Century\u201d, Lund 2004.<br \/>\n<\/span><span style=\"color: #000000;\">P.O. <span style=\"color: #0000ff;\"><a style=\"color: #0000ff;\" href=\"https:\/\/meijenfeldt.nl\/?page_id=22901\"><b>B\u00e4ckstr\u00f6m<\/b><\/a><\/span>,<br \/>\n&#8211; \u201cCarl XII:s Historia\u201d, Stockholm 1877.<br \/>\n&#8211; \u201cOfficier-, Stamm- und Rangliste des Pommerschen F\u00fchlier-Regiments Nr. 34, 1720-1820\u201d, Berlin 1895.<br \/>\n<\/span><span style=\"color: #000000;\">H. von <span style=\"color: #0000ff;\"><strong><a style=\"color: #0000ff;\" href=\"http:\/\/digital.ub.uni-duesseldorf.de\/urn\/urn:nbn:de:hbz:061:1-476263\">Baensch<\/a><\/strong><\/span>, \u201cGeschichte der Familie Von Wrangel vom Jahre Zw\u00f6lfhundertf\u00fcnfzig bis auf die Gegenwart\u201d, Berlijn\/Dresden 1887, deel 1, <span style=\"color: #0000ff;\"><a style=\"color: #0000ff;\" href=\"https:\/\/meijenfeldt.nl\/wp-content\/uploads\/2022\/10\/Baensch.pdf\">pag. 130 en 441<\/a><\/span>.<\/span><\/span><br \/>\n<span style=\"color: #000000; font-size: 12pt;\">A. <b>Ballagi<\/b>, \u201cXII. K\u00e1roly \u00e9s a sv\u00e9dek \u00e1tvonul\u00e1sa Magyarorsz\u00e1gon 1709-1715\u201d, Budapest 1922, vert. Edm. Beck, \u201cZur Geschichte der Heimkehr Karls XII. und des Schwedischen Heeres durch Ungarn\u201d, KF\u00c5 1931, <span style=\"color: #0000ff;\"><a style=\"color: #0000ff;\" href=\"https:\/\/meijenfeldt.nl\/wp-content\/uploads\/2020\/02\/Ballagi-1.pdf\">pag. 180-198<\/a><\/span>.<\/span><br \/>\n<span style=\"color: #000000; font-size: 12pt;\">J. <b>Bancks<\/b>,<strong>\u00a0<\/strong>\u201cThe History of the Life and Reign of the Czar Peter the Great, Emperor of All Russia, and Father of his Country\u201d, London 1740, <span style=\"color: #0000ff;\"><a style=\"color: #0000ff;\" href=\"https:\/\/books.google.nl\/books?id=XMQKAAAAIAAJ&amp;printsec=frontcover&amp;dq=Bancks,+%22The+History+of+the+Life+and+Reign+of+the+Czar+Peter+the+Great&amp;hl=nl&amp;sa=X&amp;ved=0ahUKEwjktM7Kw6ndAhUQbFAKHcjqAN8Q6AEIKzAA#v=onepage&amp;q=meyerfeldt&amp;f=false\">pag. 104<\/a><\/span>.<\/span><br \/>\n<span style=\"font-size: 12pt;\"><span style=\"color: #000000;\">J.W. <b>Bardili<\/b>, \u201cSchwedische Rei\u03b2-Beschreibung von Pultawa nach Bender \/\u00a0Und durch die Wallachay und Moldau nach Teutschland\u201d, Stralsund 1715,\u00a0\u00a0<span style=\"color: #0000ff;\"><a style=\"color: #0000ff;\" href=\"http:\/\/digitale.bibliothek.uni-halle.de\/vd18\/content\/pageview\/2383464\">pag. 71-99<\/a><\/span>.<br \/>\nJ.C.G. <span style=\"color: #0000ff;\"><a style=\"color: #0000ff;\" href=\"https:\/\/meijenfeldt.nl\/?page_id=55923\"><strong>Barfod<\/strong><\/a><\/span>, &#8220;M\u00e4rkv\u00e4rdigheter r\u00f6rande sk\u00e5nska adeln&#8221;<\/span>, Stockholm 1847,<\/span><br \/>\n<span style=\"color: #000000; font-size: 12pt;\">A. <span style=\"color: #0000ff;\"><a style=\"color: #0000ff;\" href=\"https:\/\/meijenfeldt.nl\/?page_id=22924\"><strong>Barnekow<\/strong><\/a><\/span>, \u201cAnteckningar om sl\u00e4kten Barnekow\u201d, Stockholm 1908. &#x2663;<br \/>\n<strong>Barraclough<\/strong> red., \u201cSpectrum-Times Atlas van de Wereldgeschie\u00addenis\u201d, vertaling, Utrecht\/Antwerpen 1981. &#x2663;&#x2663;<br \/>\n<span style=\"font-size: 12pt;\"><span style=\"color: #000000;\"><span style=\"color: #0000ff;\">&#8220;Wie steths in <a style=\"color: #0000ff;\" href=\"https:\/\/meijenfeldt.nl\/?page_id=53014\"><strong>Bender<\/strong><\/a><\/span>? Was macht Der K\u00f6nig in Schweden? Ist Er tode Oder lebet Er noch?\u201d Hierauff er\u00f6ffnet der curiose Etranger seine Meining Denen Neubegierigen, 1711.<\/span><\/span><\/span><br \/>\n<span style=\"color: #000000; font-size: 12pt;\">F.G. <span style=\"color: #0000ff;\"><a style=\"color: #0000ff;\" href=\"https:\/\/meijenfeldt.nl\/?page_id=22940\"><strong>Bengtsson<\/strong><\/a><\/span>, \u201cKarl XII:s levnad\u201d, Stockholm 1931.<\/span><br \/>\n<span style=\"font-size: 12pt;\"><span style=\"color: #000000;\">C.<strong> Bennedich<\/strong>, \u201cKarl XII:s krigsf\u00f6ring 1707-1709 och krigtsk\u00e4de\u00adplatsens natur och kultur I\u201d, KF\u00c5 1911, pag. 105 <span style=\"font-family: georgia, palatino, serif; font-size: 12pt;\">(M. schijnbaar dienstdoende generaal-majoor 14-09-1708).<\/span><br \/>\n<\/span><span style=\"color: #000000;\">C.R. <strong>Berch<\/strong>, &#8220;Cathalogue de portraits contenant les Rois, les Reines et les Princes du Sang Royal de Suede; avec les grands officiers, le clerg\u00e9, les s\u00e7avans, et autres personnes &#8230;&#8221;, Stockholm 1767, <span style=\"color: #0000ff;\"><a style=\"color: #0000ff;\" href=\"https:\/\/play.google.com\/books\/reader?id=rY5LYlkzns0C&amp;pg=GBS.PA40&amp;hl=nl\">pag. 40<\/a><\/span>.<br \/>\nP.G. <strong>Berg<\/strong>, &#8220;Svenskt konversationslexikon&#8221;, deel 1 (Bennet), Stockholm 1845,<\/span> <span style=\"color: #0000ff;\"><a style=\"color: #0000ff;\" href=\"https:\/\/archive.org\/details\/PG_Berg_Svenskt_konversationslexikon_1\/page\/97\/mode\/2up?q=Meijerfeldt\">pag. 97<\/a><\/span>.<\/span><br \/>\n<span style=\"color: #000000; font-size: 12pt;\">K. &amp; H.-D. <span style=\"color: #0000ff;\"><strong><a style=\"color: #0000ff;\" href=\"https:\/\/meijenfeldt.nl\/wp-content\/uploads\/2022\/09\/Bergemann.pdf\">Bergemann<\/a><\/strong><\/span>, &#8220;Die Rettung der Pfarrkirche St. Andreas in Nehringen&#8221;, in: H.T. Porada &amp; W. Schmidt, &#8220;Kirchliches Leben zwischen Trebel und Strelasund&#8221;, Kiel 2019, pag. 327-334.<\/span><br \/>\n<span style=\"color: #000000; font-size: 12pt;\">C.G.A. <span style=\"color: #0000ff;\"><a style=\"color: #0000ff;\" href=\"https:\/\/meijenfeldt.nl\/?page_id=53049\"><strong>Bergenstr\u00e5hle<\/strong><\/a><\/span>, &#8220;Kungl. V\u00e4sterbottens regementes krigshistoria&#8221;, Stockholm 1917.<\/span><br \/>\n<span style=\"color: #000000; font-size: 12pt;\">G. <strong>Bergh<\/strong>, &#8220;C.A. Ehrensv\u00e4rds brev&#8221;, Stockholm 1916, <span style=\"color: #0000ff;\"><a style=\"color: #0000ff;\" href=\"https:\/\/meijenfeldt.nl\/wp-content\/uploads\/2022\/10\/Ehresvards-brev.pdf\">pag. 186-189<\/a><\/span>.<\/span><br \/>\n<span style=\"color: #000000; font-size: 12pt;\">G. <b>Bergmann<\/b>, \u201cGeschichte von Livland\u201d,\u00a0 Leipzig 1776, \u00a0<span style=\"color: #0000ff;\"><a style=\"color: #0000ff;\" href=\"https:\/\/books.google.se\/books?id=tchfAAAAcAAJ&amp;pg=PA185&amp;lpg=PA185&amp;dq=Livland+meyerfeld&amp;source=bl&amp;ots=fHdLI5-lKg&amp;sig=I1tJmNkPVN7ngtq8bZFKBZUs9aA&amp;hl=sv&amp;sa=X&amp;ved=2ahUKEwjGzJ3C8MzeAhVNDewKHcGLDhwQ6AEwB3oECAEQAQ#v=onepage&amp;q=meyerfeld&amp;f=false\">pag. 185<\/a><\/span>.<br \/>\nTh. von <strong>Bernhardi<\/strong>, &#8220;Krigs-Zehnen aus den Zeiten der Kaiserin Katharina II.&#8221;, in: Vermischte Schriften, Berlijn 1879, <span style=\"color: #0000ff;\"><a style=\"color: #0000ff;\" href=\"https:\/\/babel.hathitrust.org\/cgi\/pt?id=uc1.$b740517&amp;view=1up&amp;seq=136&amp;q1=meyerfeldt\">pag. 124<\/a><\/span>.<\/span><br \/>\n<span style=\"color: #000000; font-size: 12pt;\">B. von<span style=\"color: #0000ff;\"><a style=\"color: #0000ff;\" href=\"https:\/\/meijenfeldt.nl\/?page_id=55933\"><strong> Beskow<\/strong><\/a><\/span>,<br \/>\n<span style=\"color: #0000ff;\"><span style=\"color: #000000;\">&#8211; \u201cOm Gustav den tredje\u00a0s\u00e5som Konung och Mennis\u00adka\u201d, SAH 1796, Stockholm 1864-1869.<br \/>\n&#8211; \u201cKarl den Tolfte. En Minnesbild\u201d, Stockhom 1868<\/span><\/span>.<\/span><br \/>\n<span style=\"color: #000000; font-size: 12pt;\">D.H. <strong>Biederstedt<\/strong>, \u201cBeytr\u00e4ge zur Geschichte der Kirchen und Prediger in Neuvorpomern\u201d, deel 2, Greifswald 1818,\u00a0<span style=\"color: #0000ff;\"><a style=\"color: #0000ff;\" href=\"https:\/\/books.google.nl\/books?id=T_JBAAAAcAAJ&amp;pg=PA13&amp;lpg=PA13&amp;dq=ernst+battus+1758&amp;source=bl&amp;ots=vfOrZ_XJKg&amp;sig=QOELsuqmqMI-dfshty7Zkn8nq4k&amp;hl=en&amp;sa=X&amp;ved=2ahUKEwi2l8-GjL3dAhVEhqQKHf9kCZUQ6AEwB3oECAMQAQ#v=onepage&amp;q=ernst%20battus%201758&amp;f=false\">pag. 12-13<\/a><\/span>.<\/span><br \/>\n<span style=\"font-size: 12pt;\"><span style=\"color: #000000;\">S. <strong>Boberg<\/strong>, \u201cKunglig Krigpropaganda\u201d, G\u00f6tenborg 1967, pag. 37-38.<br \/>\nS. <span style=\"color: #0000ff;\"><strong><a style=\"color: #0000ff;\" href=\"https:\/\/meijenfeldt.nl\/wp-content\/uploads\/2022\/09\/Bock-Nehringen.pdf\">Bock<\/a><\/strong><\/span>, &#8220;Mutma\u03b2ungen und Wissen \u00fcber einen neu aufgefundenen Plan der Kirche zu Nehringen&#8221;, in: Pommern, Zeitschift f\u00fcr Kultur und Geschichte, 2 \/ 2018, pag. 17-19.<br \/>\nW. von <strong>Bock<\/strong>, <\/span>&#8220;Das Meyerfeld&#8217;sche Regiment (1707 und 1869)&#8221;, in Livl\u00e4ndische Beitr\u00e4ge zur Verbreitung grundlicher Kunde von der protestantischen Landeskirche und dem deutschen Landestaate in den Ostseeprovinzen Russlands, von ihrem guten Rechte und von ihrem Kampfe um Gewissenfreiheit, Berlijn 1867-1868, <span style=\"color: #0000ff;\"><a style=\"color: #0000ff;\" href=\"https:\/\/babel.hathitrust.org\/cgi\/pt?id=inu.32000001606658&amp;view=1up&amp;seq=83&amp;q1=meyerfeld\">pag. 73-76<\/a>.<br \/>\n<\/span><span style=\"color: #000000;\">P.M. <strong>Boer-Den<\/strong><strong> Hoed<\/strong>,<br \/>\n<\/span><span style=\"color: #000000;\">&#8211; \u201cZweedsche Spraakkunst\u201d, Haarlem 1936. &#x2663;<br \/>\n<\/span><span style=\"color: #000000;\"><span class=\"s2\">&#8211; \u201cMeesters der Zweedse vertelkunst\u201d, Amsterdam 1963.<\/span> <span class=\"s4\">&#x2663;<\/span><\/span><\/span><br \/>\n<span style=\"font-size: 12pt;\"><span style=\"color: #000000;\">J.F. von <span style=\"color: #0000ff;\"><a style=\"color: #0000ff;\" href=\"https:\/\/meijenfeldt.nl\/?page_id=32368\"><strong>Bohlen<\/strong><\/a><\/span>, \u201cDie Erwerbung Pommerns durch die Hohen\u00adzollern\u201d, Berlijn 1865.<br \/>\n<\/span><span style=\"color: #000000;\">J. <b>Bohmbach<\/b>, \u201eDie Bedeutung Norddeutschlands f\u00fcr die Gro\u03b2macht Schweden im 17. Jahrhundert\u201c, Kolloquium schwedischer und deutscher Historiker in Stade am 25.6.1984, Stade 1986. &#x2663;<br \/>\n<\/span><span style=\"color: #000000;\">M. <strong><span style=\"color: #0000ff;\"><a style=\"color: #0000ff;\" href=\"https:\/\/meijenfeldt.nl\/wp-content\/uploads\/2023\/01\/Bohnstedt.pdf\">Bohnstedt<\/a><\/span><\/strong>, &#8220;Fr\u00e5n Bendertiden. Casten Feifs brev till Arvid Horn 1710-12&#8221;, PHT 1921<\/span><span style=\"color: #0000ff;\"><span style=\"color: #000000;\">.<br \/>\n<\/span><\/span><span style=\"color: #000000;\">E. <b>Bollmann<\/b>, \u201eMecklenburg-Vorpommern\u201c, Komet 2012. &#x2663;<\/span><\/span><br \/>\n<span style=\"color: #000000; font-size: 12pt;\">C.C. <span style=\"color: #0000ff;\"><a style=\"color: #0000ff;\" href=\"https:\/\/ia800301.us.archive.org\/26\/items\/hedvigelisabethc01hedv\/hedvigelisabethc01hedv.pdf\"><strong>Bonde<\/strong><\/a><\/span>, \u201cHedvig Elisabeth Carlottas <span style=\"color: #0000ff;\"><a style=\"color: #0000ff;\" href=\"https:\/\/meijenfeldt.nl\/?page_id=11182\"><strong>Dagbok<\/strong><\/a><\/span>\u201c, Stock\u00adholm 1908.<\/span><br \/>\n<span style=\"color: #000000; font-size: 12pt;\">S. <strong>Bonnesen<\/strong>,<br \/>\n&#8211; \u201cStudier \u00f6ver August II:s Utrikespolitik 1712-1715\u201d, Lund 1918, <span style=\"color: #0000ff;\"><a style=\"color: #0000ff;\" href=\"https:\/\/books.google.nl\/books?redir_esc=y&amp;hl=nl&amp;id=xVMUAQAAIAAJ&amp;focus=searchwithinvolume&amp;q=meijerfeldt\">pag. 284-286<\/a><\/span>.<\/span><br \/>\n<span style=\"color: #000000; font-size: 12pt;\">&#8211; \u201cOversikter och granskningar: Helge Almquist (\u2026)\u201d, HT 1921, pag. 82 (omkoping door Slippenbach).<br \/>\nJ.A.M.Y. <strong>Bos-Rops<\/strong> en M. Verbruggen, \u201cArchief*Wijzer. Handlei\u00adding voor het gebruik van archieven in Nederland\u201d, Muiderberg 1987. &#x2663;<br \/>\nH. <strong>Bots<\/strong>, G.H.M. Posthumus Meyjes en F. Wieringa, \u201cVlucht naar de vrijheid. De Hugenoten en de Nederlanden\u201d, Amsterdam 1985. &#x2663;<br \/>\nC.W. <strong>B\u00f6ttiger<\/strong>, &#8220;Minne af Johan Henrik Kellgren&#8221;, SAH 1796, Stockholm 1870, <span style=\"color: #0000ff;\"><a style=\"color: #0000ff;\" href=\"https:\/\/archive.org\/details\/svenskaakademie16akadgoog\/page\/n128\/mode\/2up?q=Mejerfelt\">pag. 119<\/a><\/span>.<br \/>\nJ. <span style=\"color: #0000ff;\"><strong><a style=\"color: #0000ff;\" href=\"https:\/\/meijenfeldt.nl\/?page_id=11480\">Breevoort<\/a><\/strong><\/span>, \u201cVerhaal uit het Zweedsche Hofleven\u201d, Rotterdam 1915. &#x2663;<\/span><br \/>\n<span style=\"color: #000000; font-size: 12pt;\">\u201cEncyclop\u00e6dia <strong><u><\/u>Britannica<\/strong>\u201d, George Gleig, Edinburg 1797.<\/span><br \/>\n<span style=\"color: #000000; font-size: 12pt;\">J. <strong>Brokken<\/strong>, &#8220;Baltische zielen&#8221;, Amsterdam 2010. &#x2663;<br \/>\nG.A. <strong>Brongers<\/strong>, Th.P.E. de Klerck en A.<strong> Modderaar-Woldring<\/strong>, \u201cGenealogie en geschiedenis van de familie Woldring. Vijf eeuwen geschiede\u00adnis van een Drents-Groningse familie\u201d, Groningen 1970. &#x2663;<\/span><br \/>\n<span style=\"color: #000000; font-size: 12pt;\">J.C. <strong>Brotze<\/strong>,\u00a0\u201cSammlung verschiedner Liefl\u00e4ndischer Monumente\u201d, Riga 1761,\u00a0deel 1:2, <span style=\"color: #0000ff;\"><a style=\"color: #0000ff;\" href=\"https:\/\/www.acadlib.lu.lv\/broce\/lielbildes\/sejums_nr1\/bm01163bm.htm\">pag. 163v<\/a><\/span> en <span style=\"color: #0000ff;\"><a style=\"color: #0000ff;\" href=\"https:\/\/www.acadlib.lu.lv\/broce\/lielbildes\/sejums_nr1\/bm01164am.htm\">pag. 174<\/a><\/span> en deel 3:2, <a style=\"color: #000000;\" href=\"https:\/\/drive.google.com\/file\/d\/1r9ctZkSteMYqvLmU9Jzhcv2g2Mwgpk3K\/view\"><span style=\"color: #0000ff;\">pag. 237v-238<\/span>.<\/a><br \/>\nA. <span style=\"color: #0000ff;\"><a style=\"color: #0000ff;\" href=\"https:\/\/meijenfeldt.nl\/?page_id=32363\"><strong>Br\u00fcckner<\/strong><\/a><\/span>, &#8220;Der Anjalabund in Finland, 1788&#8221;, Baltische Monatsschrift, 19. Band, Neuer Folge, Band I, Riga 1870.<br \/>\nL.W. <span style=\"color: #0000ff;\"><strong><a style=\"color: #0000ff;\" href=\"https:\/\/meijenfeldt.nl\/wp-content\/uploads\/2022\/09\/Bruggemann.pdf\">Br\u00fcggemann<\/a><\/strong><\/span>, &#8220;Ausf\u00fchrliche Beschreibung des gegenw\u00e4rtigen Zustandes des K\u00f6nigl. Preussischen Herzothums Vor- und Hinter-Pommern&#8221;, Stettin 1779.\u00a0<\/span><br \/>\n<span style=\"font-size: 12pt;\"><span style=\"color: #000000;\">P.J.O <strong>de Bruijne<\/strong> en G. van der Tas, \u201cDokter Adriaan\u2026. De lotgevallen van een merkwaardig geneesheer\u201d, Nunspeet 1974. &#x2663;<br \/>\nH. von <strong><a href=\"https:\/\/meijenfeldt.nl\/wp-content\/uploads\/2022\/04\/bruiningk_livlandische_eod.pdf\"><span style=\"color: #0000ff;\">Bruiningk<\/span><\/a><\/strong>\u00a0en N.\u00a0<strong>Busch<\/strong>, \u201c<span class=\"fn\"><span dir=\"ltr\">Livl\u00e4ndische G\u00fcterurkunden: aus den Jahren 1207 bis 1500<\/span><\/span>\u201c, <span dir=\"ltr\">Kommissionsverlag von Jonck &amp; Poliewsky, Riga<\/span> 1908, deel 1,\u00a0<\/span><span style=\"color: #000000;\">pag. 23, noot 9 en <\/span><span style=\"color: #000000;\">pag. 328.<br \/>\n<\/span><span style=\"color: #000000;\">E. <b>Brunner<\/b>, \u201cCarolus Rex: Karl XII &#8211; hans liv i sanning \u00e5terber\u00e4ttat\u201c, roman, Stockholm 2005. &#x2666; B. <span style=\"color: #0000ff;\"><a style=\"color: #0000ff;\" href=\"http:\/\/bengt_nilsson.tripod.com\/Carolus\/introduktion.htm\">Nilsson<\/a><\/span>, &#8220;En granskning&#8221;.<br \/>\n<\/span><span style=\"color: #000000;\">R. <b>Buchholz<\/b> e.a., \u201eSchwedenzeit\u201c, Wismar 1998. &#x2663;<\/span><\/span><br \/>\n<span style=\"color: #000000; font-size: 12pt;\">W. <strong>Buchholz<\/strong>,<br \/>\n\u2013 \u201cStaat und St\u00e4mdegesellschaft in Schweden zur Zeit des \u00dcberganges vom Absolutismus zum\u00a0 St\u00e4ndeparlementarismus 1718-1720\u201d, Bonn\/Stockholm 1979. &#x2663;<br \/>\n\u2013 \u201c\u00d6ffentliche Finanzen und Finanzverwaltung in entwickelten fr\u00fchmodernen Staat, Landesherr und Landst\u00e4nde in Schwedisch-Pommern 1720-1806\u201d, Ver\u00f6ffentlichungen der Historischen Kommission f\u00fcr Pommern V 25, K\u00f6ln\/Weimar 1992, pag. 250, 323 en 436.W. &#x2663;<br \/>\n&#8211; lemma <em>Meyerfeldt (Meyerfeld, Meijerfeldt), Johann August <\/em>in Neue Deutsche Biographie, deel 17, Berlin 1994,\u00a0<span style=\"color: #0000ff;\"><a style=\"color: #0000ff;\" href=\"https:\/\/www.deutsche-biographie.de\/downloadPDF?url=sfz62920.pdf\">pag. 390<\/a><\/span>.<br \/>\nA. <strong>Buchholtz<\/strong>, &#8220;Beitr\u00e4ge zur Lebensgeschichte Johann Reinhold Patkuls&#8221;, Riga, 1893, <span style=\"color: #0000ff;\"><a style=\"color: #0000ff;\" href=\"https:\/\/books.google.nl\/books?id=BQ8TyAEACAAJ&amp;printsec=frontcover&amp;redir_esc=y#v=onepage&amp;q=meyerfeldt&amp;f=false\">pag. 30-31<\/a><\/span>.<br \/>\n<span style=\"color: #000000; font-family: georgia, palatino, serif;\">G. von <strong>Budberg<\/strong>, &#8220;Der Liefl\u00e4ndischen <span style=\"color: #0000ff;\"><a style=\"color: #0000ff;\" href=\"https:\/\/dspace.ut.ee\/bitstream\/handle\/10062\/28307\/r_est_a_879_tervik.pdf?sequence=5&amp;isAllowed=y\">Ritterschafft<\/a><\/span>&#8220;, Riga 09-07-1700.<br \/>\n<\/span><span style=\"font-family: georgia, palatino, serif;\">F.G. von <strong>Bunge<\/strong>, <\/span>&#8220;<span style=\"color: #000000; font-family: georgia, palatino, serif;\">Ehst- und Livl\u00e4ndische Brieflade, Ein Sammlung von Urkunden \u00a0zur Adels- und G\u00fctergeschichte Ehst- und Livlands, in \u00dcbersetzungen und Ausz\u00fcgen\u201d, deel 2.2 Zweedse tijd, Reval 1861, <span style=\"color: #0000ff;\"><a style=\"color: #0000ff;\" href=\"https:\/\/play.google.com\/books\/reader?id=1aFKAAAAcAAJ&amp;pg=GBS.RA2-PA924&amp;hl=nl\">pag. 925<\/a><\/span>.\u00a0<\/span><br \/>\nC. <strong>Burman<\/strong><strong>, <\/strong>\u201cMin salig bror Jean Hendrich\u201d, roman, Stockholm 1993. &#x2663;<br \/>\nN. <strong>Buske<\/strong>, &#8220;Malereien an der Empore der Kirche in Waase. Barocke Bilderwelt in pommerschen Dorfkirchen&#8221;, in &#8220;Pommern. Zeitschriftf\u00fcr Kultur und Geschichte&#8221;, Heft 4, 2005, <span style=\"color: #0000ff;\"><a style=\"color: #0000ff;\" href=\"https:\/\/meijenfeldt.nl\/wp-content\/uploads\/2023\/08\/Buske.pdf\">pag. 30-35.<\/a><\/span><\/span><\/p>\n","protected":false},"excerpt":{"rendered":"<p>FAMILIE \/ BIBLIOTHEEK \/ LITERATUUR \/ AUTEURS B A. Babos, \u201cTracing a Sacred Building Tradition. Wooden Churches, Carpenters and Founders in Maramure\u015f until the turn of the 18th Century\u201d, Lund 2004. P.O. B\u00e4ckstr\u00f6m, &#8211; \u201cCarl XII:s Historia\u201d, Stockholm 1877. &#8211; \u201cOfficier-, Stamm- und Rangliste des Pommerschen F\u00fchlier-Regiments Nr. 34, 1720-1820\u201d, Berlin 1895. H. von Baensch, &hellip; <a href=\"https:\/\/meijenfeldt.nl\/?page_id=57529\" class=\"more-link\">Verder lezen <span class=\"screen-reader-text\">B<\/span><\/a><\/p>\n","protected":false},"author":1,"featured_media":0,"parent":0,"menu_order":0,"comment_status":"closed","ping_status":"closed","template":"","meta":{"footnotes":""},"class_list":["post-57529","page","type-page","status-publish","hentry"],"_links":{"self":[{"href":"https:\/\/meijenfeldt.nl\/index.php?rest_route=\/wp\/v2\/pages\/57529","targetHints":{"allow":["GET"]}}],"collection":[{"href":"https:\/\/meijenfeldt.nl\/index.php?rest_route=\/wp\/v2\/pages"}],"about":[{"href":"https:\/\/meijenfeldt.nl\/index.php?rest_route=\/wp\/v2\/types\/page"}],"author":[{"embeddable":true,"href":"https:\/\/meijenfeldt.nl\/index.php?rest_route=\/wp\/v2\/users\/1"}],"replies":[{"embeddable":true,"href":"https:\/\/meijenfeldt.nl\/index.php?rest_route=%2Fwp%2Fv2%2Fcomments&post=57529"}],"version-history":[{"count":6,"href":"https:\/\/meijenfeldt.nl\/index.php?rest_route=\/wp\/v2\/pages\/57529\/revisions"}],"predecessor-version":[{"id":61174,"href":"https:\/\/meijenfeldt.nl\/index.php?rest_route=\/wp\/v2\/pages\/57529\/revisions\/61174"}],"wp:attachment":[{"href":"https:\/\/meijenfeldt.nl\/index.php?rest_route=%2Fwp%2Fv2%2Fmedia&parent=57529"}],"curies":[{"name":"wp","href":"https:\/\/api.w.org\/{rel}","templated":true}]}}