{"id":57527,"date":"2023-08-08T15:28:21","date_gmt":"2023-08-08T15:28:21","guid":{"rendered":"https:\/\/meijenfeldt.nl\/?page_id=57527"},"modified":"2023-08-09T08:12:22","modified_gmt":"2023-08-09T08:12:22","slug":"a","status":"publish","type":"page","link":"https:\/\/meijenfeldt.nl\/?page_id=57527","title":{"rendered":"A"},"content":{"rendered":"<p><span style=\"color: #000000; font-family: georgia, palatino, serif; font-size: 10pt;\"><span style=\"color: #000000;\"><span style=\"color: #0000ff;\"><span style=\"color: #000000; font-size: 10pt;\"><a style=\"color: #0000ff;\" href=\"https:\/\/meijenfeldt.nl\/\">FAMILIE<\/a> \/ <\/span><a style=\"color: #0000ff;\" href=\"https:\/\/meijenfeldt.nl\/?page_id=51152\">BIBLIOTHEEK<\/a><\/span> \/ <span style=\"color: #0000ff;\"><a style=\"color: #0000ff;\" href=\"https:\/\/meijenfeldt.nl\/?page_id=217\">LITERATUUR<\/a><\/span><span style=\"font-family: georgia, palatino, serif;\"> \/ <\/span><\/span> AUTEURS A<\/span><\/p>\n<p><span style=\"font-size: 12pt;\"><span style=\"color: #000000;\">R. <strong>Aaltonen<\/strong>, &#8220;Hang\u00f6 F\u00e4sting&#8221;, Hang\u00f6 1971. &#x2663;<br \/>\nA. <\/span><span style=\"color: #000000;\"><span style=\"color: #0000ff;\"><a style=\"color: #0000ff;\" href=\"https:\/\/meijenfeldt.nl\/?page_id=3259\"><strong>\u00c5berg<\/strong><\/a><\/span>,<br \/>\n<span style=\"color: #0000ff;\">\u2014\u00a0<\/span>lemma in &#8220;Svenska M\u00e4n och Kvinnor, Biografisk Uppslagsbok&#8221;, Stockholm 1949..<br \/>\n<\/span><span style=\"color: #000000;\">\u2014 &#8220;J.M. Lyth&#8221; in\u00a0Karolinka Dagb\u00f6cker\u201d, Stockholm 1958.<br \/>\n\u2014 \u201cAv annan mening. Karolinen Axel Gyllenkrook\u201d, Stockholm 1998.<br \/>\n<\/span><span style=\"color: #000000;\">\u201cSvenska <strong>Adelsm\u00e4ns <\/strong>\u00d6den\u201d, Stockholm 1872 (fascimile 1976). &#x2663;<\/span><\/span><br \/>\n<span style=\"font-size: 12pt;\">G.J. <span style=\"color: #000000;\"><strong>Adlerbeth<\/strong>,<\/span><\/span><br \/>\n<span style=\"color: #000000; font-size: 12pt;\">\u2014 &#8220;<span style=\"font-family: georgia, palatino, serif;\">Tal \u00f6fver Hans Excellence den H\u00f6gv\u00e4lborne Grefven, Herr <span style=\"color: #0000ff;\"><a style=\"color: #0000ff;\" href=\"https:\/\/meijenfeldt.nl\/?page_id=3391\">Johan August Mejerfelt<\/a><\/span>, En af Rikets Herrar, F\u00e4ltmarskalk, Riddare och Commend\u00f6r af Kongl. Maj:ts orden, samt Riddare med Stora Korset af Kongl. Sv\u00e4rds-Orden&#8221;, Uppl\u00e4st d\u00e5 Dess Vapen vid Jordf\u00e4stningen i Kongl. Riddareholms-Kyrkan krossades, Den 2 Maj 1800. Stockholm. Tryckt hos Carl Deleen och J, G. Forsgren. 1800.<\/span>\u00a0&#x2663;<\/span><br \/>\n<span style=\"color: #000000; font-size: 12pt;\"><strong>\u2014 <\/strong>\u201c<span style=\"color: #0000ff;\"><a style=\"color: #0000ff;\" href=\"https:\/\/meijenfeldt.nl\/?page_id=54005\">Historiska Anteckningar<\/a><\/span>, efter en i von Brinkmanska Arkivet p\u00e5 Trolle-Ljungby befintlig handskrift\u201d, \u00d6rebro 1856.<\/span><br \/>\n<span style=\"color: #000000; font-size: 12pt;\">H.T. <span style=\"color: #0000ff;\"><a style=\"color: #0000ff;\" href=\"https:\/\/meijenfeldt.nl\/?page_id=49068\"><strong>Adlercreuz<\/strong><\/a><\/span>, &#8220;Historiskt-Politiska Anteckningar f\u00f6r \u00e5ren 1743-1796&#8221;, Helsingfors 1887<span style=\"color: #0000ff;\">.<\/span><\/span><br \/>\n<span style=\"font-size: 12pt;\"><span style=\"color: #000000;\">G. <strong><span style=\"color: #0000ff;\"><a style=\"color: #0000ff;\" href=\"https:\/\/meijenfeldt.nl\/?page_id=21276\">Adlerfeld<\/a><\/span>,<\/strong> \u201cHistoire Militaire de Charles XII, Roi de Su\u00e9de\u201d, Amsterdam 1730 \/ <\/span><span style=\"color: #000000;\">\u201c<\/span>Leben<span style=\"color: #000000;\"> Carls des Zw\u00f6lften, K\u00f6nigs von Schweden\u201d, Frankfurt\/Leipzig 1740 \/ <\/span><span style=\"color: #000000;\">\u201cThe military\u00a0<\/span>history <span style=\"color: #000000;\">of Charles XII, King of Sweden\u201d, Londen 1740 \/ <\/span><span style=\"color: #000000;\">\u201cKarl XII:s Krigsf\u00f6retag 1700-1706\u201d, Stock\u00adholm 1919.<\/span><\/span><br \/>\n<span style=\"color: #000000; font-size: 12pt;\">S. <span style=\"color: #0000ff;\"><a style=\"color: #0000ff;\" href=\"https:\/\/meijenfeldt.nl\/?page_id=20292\"><strong>Agrell<\/strong><\/a>,<\/span> \u201cAndre legationspredikanten vid Svenska beskickning i Konstantinopel Sven Agrells Dagbok 1707-1713\u201d, KKD deel 5, Lund 1909.<\/span><br \/>\n<span style=\"color: #000000; font-size: 12pt;\">S. <strong><span style=\"color: #0000ff;\"><a style=\"color: #0000ff;\" href=\"http:\/\/celinevonmeijenfeldt.nl\/?page_id=3429\">Ahlgren<\/a><\/span>, <\/strong>\u201cUgerups by och s\u00e4teri genom seklerna\u201d, Kristianstad 2008. &#x2663;<br \/>\nJ. <b>Ahlklo<\/b>, \u201cSlottsauktion Rosendals Slott\u201d, Helsingborgs Auktionsverk 09-08-2014. &#x2663;<br \/>\nW. <span style=\"color: #0000ff;\"><strong><a style=\"color: #0000ff;\" href=\"https:\/\/meijenfeldt.nl\/wp-content\/uploads\/2023\/01\/Ahlstrom.pdf\">Ahlstr\u00f6m<\/a><\/strong><\/span>, &#8220;Arvid Horn och Karl XII, 1710-13, diss. Uppsala 1959.<br \/>\nA.W.N. <span style=\"color: #0000ff;\"><a style=\"color: #0000ff;\" href=\"https:\/\/meijenfeldt.nl\/?page_id=53358\"><strong>Ahnfelt<\/strong><\/a><\/span>, &#8220;Ur svenska hofvets och aristokratiens lif. Skildringar hemtade &#8220;, deel 4, Stockholm 1881.<\/span><br \/>\n<span style=\"color: #000000; font-size: 12pt;\">F. <span style=\"color: #0000ff;\"><a style=\"color: #0000ff;\" href=\"https:\/\/books.google.se\/books?hl=sv&amp;id=PAEUAQAAIAAJ&amp;dq=editions%3ALCCN49037549&amp;focus=searchwithinvolume&amp;q=meijerfeldt\"><strong>Alm\u00e9n<\/strong><\/a><\/span>, \u201cGustav III och hans R\u00e5dgivare 1772-89, Arbetss\u00e4tt och meningsbrytningar i r\u00e5dkammmare och konseljer\u201d, Uppsa\u00adla 1940.<\/span><br \/>\n<span style=\"color: #000000; font-size: 12pt;\">H.K.H. <span style=\"color: #0000ff;\"><a style=\"color: #0000ff;\" href=\"https:\/\/meijenfeldt.nl\/?page_id=54925\"><strong>Almquist<\/strong><\/a><\/span>, \u201cHolstein-Gottorp, Sverige och den nordiska ligan i den politiska krisen 1713-1714\u201d,\u00a0<\/span><span style=\"color: #000000; font-size: 16px;\">Skrifter utg. av <\/span><span style=\"color: #000000; font-size: 12pt;\">KHVSU\u00a0 21:1, Uppsala\/Leipzig 1918<\/span><span style=\"color: #000000; font-size: 12pt;\">.<br \/>\n<\/span><span style=\"color: #000000; font-size: 12pt;\">A.<strong> Alstrin<\/strong>, &#8220;Bref till professor J. Upmarck&#8221;, HT 1884, <span style=\"color: #0000ff;\"><a style=\"color: #0000ff;\" href=\"http:\/\/runeberg.org\/ht\/1884\/0182.html\">pag. 178<\/a> en <a style=\"color: #0000ff;\" href=\"http:\/\/runeberg.org\/ht\/1884\/0187.html\">pag. 183<\/a>.<\/span><\/span><br \/>\n<span style=\"font-size: 12pt;\"><span style=\"color: #000000;\">S. <b>Ambrosiani<\/b>, \u201cN\u00e5gra stenar med allians-vapen\u201d, PHT 1904,<span style=\"color: #0000ff;\"> <a style=\"color: #0000ff;\" href=\"http:\/\/runeberg.org\/pht\/1904\/0101.html\">pag. 94<\/a><\/span>.<br \/>\n<strong>American<\/strong> Genealogical Research Institute, \u201cHow To Trace Your Family Tree, A Complete and Easy To Understand Guide for the Beginner\u201d, New York 1973. &#x2663;<br \/>\nG. <strong>Andersson<\/strong>, &#8220;Bref af Wasaborg 1711 och Patkull 1718, in Handlingar ur v. Brinkman&#8217;ska archivet p\u00e5 Trolle-Ljungby, \u00d6rebro 1865,\u00a0<span style=\"color: #0000ff;\"><a style=\"color: #0000ff;\" href=\"https:\/\/babel.hathitrust.org\/cgi\/pt?id=osu.32435019589498&amp;view=1up&amp;seq=173\">pag. 159-161<\/a><\/span>.<br \/>\n<\/span><span style=\"color: #000000;\">L.M. <strong>Andersson<\/strong> en L. <strong>Amur\u00e9n<\/strong>, \u201cSveriges Historia i \u00c5rtal\u201d, Lund 2003. &#x2663;<br \/>\n<span class=\"s1\">C. <span style=\"color: #0000ff;\"><a style=\"color: #0000ff;\" href=\"https:\/\/meijenfeldt.nl\/?page_id=55907\"><strong>Annerstedt<\/strong><\/a><\/span>,\u00a0<\/span> \u201cF\u00e4ltmarskalken grefve Magnus Stenbock minnesanteckning\u201d, Svenska<span class=\"Apple-converted-space\">\u00a0\u00a0<\/span>Akademiens Handlingar\u201d, deel 20, Stockholm 1905.<br \/>\n<\/span><span style=\"color: #000000;\">G. <strong>Anrep<\/strong>, \u201cSvenska Adels \u00c4tters-taflor\u201d, Stockholm 1861,\u00a0<span style=\"color: #0000ff;\"><a style=\"color: #0000ff;\" href=\"http:\/\/runeberg.org\/anrep\/2\/0894.html\">pag. 888-889<\/a><\/span>.<br \/>\nE.M. <strong>Arndt<\/strong>, &#8220;Schwedische Geschichte unter Gustav III. und Gustav IV.&#8221;, Leipzig 1839, <span style=\"color: #0000ff;\"><a style=\"color: #0000ff;\" href=\"https:\/\/archive.org\/details\/bub_gb_QsxAAAAAcAAJ\/page\/121\/mode\/2up?q=Meierfeld\">pag. 121<\/a><\/span>.<br \/>\n<\/span><span style=\"color: #000000;\">I. <b>Asmus<\/b>, \u201eUnter der schwedischen Krone\u201c, Pommern nach dem Westf\u00e4lischen Frieden, Greifswald 1998. &#x2663;<\/span><\/span><br \/>\n<span style=\"color: #000000; font-size: 12pt;\">W. <strong>Assmann<\/strong> (vert), \u201dBeknopte Algemeene Geschiedenis op aardrijkskundigen grondslag en met gedurige aanwijzing van den gang der beschaving onder het menschdom\u201d, deel 2,\u00a0<span style=\"color: #0000ff;\"><a style=\"color: #0000ff;\" href=\"https:\/\/www.delpher.nl\/nl\/boeken1\/gview?query=meyerfeldt&amp;page=2&amp;coll=boeken1&amp;identifier=7hC8-IMUQoAC\">pag. 862<\/a><\/span>.<\/span><br \/>\n<span style=\"color: #000000; font-size: 12pt;\">P.D.A. <span style=\"color: #0000ff;\"><a style=\"color: #0000ff;\" href=\"http:\/\/celinevonmeijenfeldt.nl\/?page_id=3438\"><strong>Atterbom<\/strong><\/a><\/span><strong>, <\/strong>\u201cSamlade Skrifter\u201d, deel 3, VI:II, \u201cSvenska Siare och Skalder eller grunddragen af Svenska Vitterhetens h\u00e4fder\u201d<strong>, <\/strong>\u00d6robr\u00f6 1863.<\/span><br \/>\n<span style=\"color: #000000; font-size: 12pt;\">J.\u00a0<strong>Aubert,<br \/>\n\u2013 \u201c<\/strong><span style=\"color: #0000ff;\"><span style=\"color: #000000;\">La Vie de Stanislas Leszczinski: surnomm\u00e9 le bienfaisant, Roi de Pologne, Duc de Lorraine et de Bar\u201d, Parijs 1769,<\/span> <a style=\"color: #0000ff;\" href=\"https:\/\/opacplus.bsb-muenchen.de\/metaopac\/singleHit.do?methodToCall=showHit&amp;curPos=42&amp;identifier=100_SOLR_SERVER_1659228073&amp;showFulltextPage=83\">pag. 71<\/a><\/span>.<\/span><br \/>\n<span style=\"color: #000000; font-size: 12pt;\">\u2013 &#8220;Leven van Stanislaus Leszczinski, bygenaamd den weldadigen, Koning van Polen, Hertog van Lotteringen en Bar\u201d, Utrecht 1770, <span style=\"color: #0000ff;\"><a style=\"color: #0000ff;\" href=\"https:\/\/www.delpher.nl\/nl\/boeken1\/gview?query=meyerfeldt&amp;coll=boeken1&amp;identifier=SW_7_CV_650C\">deel 1<\/a><\/span>.<br \/>\nC. <strong>Auerbach<\/strong>, \u201cSvensk-Tysk Ordbok\u201d, Stockholm 1932. &#x2663;<\/span><br \/>\n<span style=\"color: #000000; font-size: 12pt;\">C. <span style=\"color: #0000ff;\"><a style=\"color: #0000ff;\" href=\"http:\/\/celinevonmeijenfeldt.nl\/?page_id=3443\"><strong>Aulin<\/strong><\/a><\/span>, \u201cChristelig lik-predikan\u201d, Lund 1759.<br \/>\nE. d\u2019<strong>Auvergne<\/strong>, \u201cThe History of the Campagne in the Spanish Netherlands, Anno Dom. 1694, with the Journal of the Siege of Huy\u201d, Londen 1694, <span style=\"color: #0000ff;\"><a style=\"color: #0000ff;\" href=\"https:\/\/play.google.com\/books\/reader?id=HW1LAAAAcAAJ&amp;pg=GBS.PA70&amp;hl=nl\">pag. 71<\/a><\/span>.<\/span><\/p>\n","protected":false},"excerpt":{"rendered":"<p>FAMILIE \/ BIBLIOTHEEK \/ LITERATUUR \/ AUTEURS A R. Aaltonen, &#8220;Hang\u00f6 F\u00e4sting&#8221;, Hang\u00f6 1971. &#x2663; A. \u00c5berg, \u2014\u00a0lemma in &#8220;Svenska M\u00e4n och Kvinnor, Biografisk Uppslagsbok&#8221;, Stockholm 1949.. \u2014 &#8220;J.M. Lyth&#8221; in\u00a0Karolinka Dagb\u00f6cker\u201d, Stockholm 1958. \u2014 \u201cAv annan mening. Karolinen Axel Gyllenkrook\u201d, Stockholm 1998. \u201cSvenska Adelsm\u00e4ns \u00d6den\u201d, Stockholm 1872 (fascimile 1976). &#x2663; G.J. Adlerbeth, \u2014 &#8220;Tal &hellip; <a href=\"https:\/\/meijenfeldt.nl\/?page_id=57527\" class=\"more-link\">Verder lezen <span class=\"screen-reader-text\">A<\/span><\/a><\/p>\n","protected":false},"author":1,"featured_media":0,"parent":0,"menu_order":0,"comment_status":"closed","ping_status":"closed","template":"","meta":{"footnotes":""},"class_list":["post-57527","page","type-page","status-publish","hentry"],"_links":{"self":[{"href":"https:\/\/meijenfeldt.nl\/index.php?rest_route=\/wp\/v2\/pages\/57527","targetHints":{"allow":["GET"]}}],"collection":[{"href":"https:\/\/meijenfeldt.nl\/index.php?rest_route=\/wp\/v2\/pages"}],"about":[{"href":"https:\/\/meijenfeldt.nl\/index.php?rest_route=\/wp\/v2\/types\/page"}],"author":[{"embeddable":true,"href":"https:\/\/meijenfeldt.nl\/index.php?rest_route=\/wp\/v2\/users\/1"}],"replies":[{"embeddable":true,"href":"https:\/\/meijenfeldt.nl\/index.php?rest_route=%2Fwp%2Fv2%2Fcomments&post=57527"}],"version-history":[{"count":6,"href":"https:\/\/meijenfeldt.nl\/index.php?rest_route=\/wp\/v2\/pages\/57527\/revisions"}],"predecessor-version":[{"id":57650,"href":"https:\/\/meijenfeldt.nl\/index.php?rest_route=\/wp\/v2\/pages\/57527\/revisions\/57650"}],"wp:attachment":[{"href":"https:\/\/meijenfeldt.nl\/index.php?rest_route=%2Fwp%2Fv2%2Fmedia&parent=57527"}],"curies":[{"name":"wp","href":"https:\/\/api.w.org\/{rel}","templated":true}]}}