{"id":55923,"date":"2023-05-02T12:37:54","date_gmt":"2023-05-02T12:37:54","guid":{"rendered":"https:\/\/meijenfeldt.nl\/?page_id=55923"},"modified":"2023-05-02T12:44:11","modified_gmt":"2023-05-02T12:44:11","slug":"barfod","status":"publish","type":"page","link":"https:\/\/meijenfeldt.nl\/?page_id=55923","title":{"rendered":"Barfod"},"content":{"rendered":"<p><span style=\"color: #000000;\"><strong><span id=\"ctl00_MainContent_lblTitle\" style=\"font-size: 14pt;\">Johan Christopher Georg <\/span><\/strong><\/span><span style=\"font-size: 14pt;\"><strong>Barfod, \u201cM\u00e4rkv\u00e4rdigheter r\u00f6rande sk\u00e5nska adeln\u201d, Stockholm 1847<\/strong><\/span><\/p>\n<p><span style=\"font-size: 10pt; color: #000000;\">Sk\u00e5ne den 22 November 1788 <\/span>.<\/p>\n<table style=\"border-collapse: collapse; width: 100%;\">\n<tbody>\n<tr>\n<td style=\"width: 47.2727%;\"><span style=\"font-size: 10pt;\">Kiell Christopher Barnekow , son af sistn\u00e4mnde vice president Christian Barnekow , f\u00f6rlorade sin fader i sp\u00e4da \u00e5r , men nj\u00f6t af sin moder , fru Brita Scheel , en lika sorgf\u00e4llig som v\u00e4rdig uppfostran . Han \u00e4rfde efter fadren Widtsk\u00f6fle , Rosendal och \u00d6rtofta i Sk\u00e5ne , samt Ralswik och Strey p\u00e5 R\u00fcgen . S\u00e5som m\u00f6derne &#8211; arf tillf\u00f6ll honom gamla Ki\u00f6ge p\u00e5 Seland . Denna betydliga egendom f\u00f6r\u00f6kades sedermera med Ugerup i Sk\u00e5ne , som han tillhandlade sig . F\u00f6ren\u00e4mnde danska g\u00e5rd , bel\u00e4gen n\u00e4ra vid Ki\u00f6ge stad , \u00e4r temligen stor , d\u00e5 endast hufvudg\u00e5rden i jorde &#8211; boken \u00e4r taxerad f\u00f6r 59 tunnor 4 skeppor 3 fjerdingar h\u00e5rdt korn , samt skogen till en afgift , som svarar mot 7 t : r 5 skeppor dito ( Danske Atlas ; II , 373 ) . Samma gods eger dessutom sin egen birke &#8211; r\u00e4tt , och dess egare \u00e4r s\u00e5ledes ber\u00e4ttigad att h\u00e5lla sin egen birke &#8211; domare . D\u00e5 flera sk\u00e5nska gods , s\u00e4rdeles ofvan- n\u00e4mnda \u00d6rtofta , under danska regeringen haft lika f\u00f6rm\u00e5n , f\u00e5r jag h\u00e4r anledning att n\u00e4mna n\u00e5got om birke- r\u00e4ttens beskaffenhet . (\u2026)<\/span><\/td>\n<td style=\"width: 52.7273%;\">\n<p id=\"tw-target-text\" class=\"tw-data-text tw-text-large tw-ta\" dir=\"ltr\" data-placeholder=\"Vertaling\"><span class=\"Y2IQFc\" lang=\"nl\" style=\"font-size: 10pt;\">Kiell Christopher Barnekow, zoon van laatstgenoemde vice-president Christian Barnekow, verloor zijn vader op jonge leeftijd, maar genoot van zijn moeder, mevrouw Brita Scheel, die net zo treurig was als dat ze het waard was opgevoed te worden. Hij erfde van zijn vader Widtsk\u00f6fle, Rosendal en \u00d6rtofta in Sk\u00e5ne, evenals Ralswik en Strey op R\u00fcgen. Net als de moederlijke erfenis viel het oude Ki\u00f6ge op Seland aan hem. Dit aanzienlijke bezit werd later aangevuld met Ugerup in Sk\u00e5ne, dat hij verwierf. De bovengenoemde Deense boerderij, gelegen nabij de stad Ki\u00f6ge, is vrij groot, aangezien alleen de hoofdboerderij in het landboek wordt getaxeerd op 59 vaten 4 skeps 3 liter hard graan, evenals het bos tegen een vergoeding, wat overeenkomt met 7 t : r 5 skeps idem ( Deense Atlas; II, 373). Hetzelfde landgoed bezit ook zijn eigen berkenrecht, en de eigenaar heeft dus het recht om zijn eigen berkenrechter te houden. Aangezien verschillende landgoederen in Sk\u00e5ne, vooral de bovengenoemde \u00d6rtofta, onder de Deense regering hetzelfde voordeel hadden, heb ik reden om hier iets te zeggen over de aard van de berk. (&#8230;)<\/span><\/p>\n<\/td>\n<\/tr>\n<\/tbody>\n<\/table>\n<p><span style=\"color: #0000ff; font-size: 10pt;\"><a style=\"color: #0000ff;\" href=\"https:\/\/play.google.com\/books\/reader?id=wLJfAAAAcAAJ&amp;pg=GBS.PA264&amp;hl=nl\">Pag. 265-267<\/a><\/span><\/p>\n<table style=\"border-collapse: collapse; width: 100%;\">\n<tbody>\n<tr>\n<td style=\"width: 48.3334%;\"><span style=\"font-size: 10pt;\">Grefvinnan Ascheberg , rik och v\u00f6rdnadsv\u00e4rd , hade , efter flera \u00e5rs enko &#8211; st\u00e5nd , en f\u00f6rn\u00e4m friare uti kongl . r\u00e5det och general &#8211; guvern\u00f6ren \u00f6fver Pomern , grefve Meijerfeldt , hvars frieri hon afslog med f\u00f6reb\u00e4rande af sina \u00e5r ; men friaren , \u00e4ldre \u00e4n grefvinnan , v\u00e4nde sig d\u00e5 till hennes yng- sta dotter , som det s\u00e4ges , efter grefvinnans egen anvisning ; detta gifte , emellan en ful och gammal herre och en 15 \u00e5rs munter fr\u00f6ken , synes ej varit det b\u00e4st afpassade ; ocks\u00e5 blef det icke lyckligt , ehuru det v\u00e4lsig- nades med flera barn . Sedan grefvinnan hunnit f\u00e5 allt utredt , gjorde hon med sina barn ett rent arf &#8211; skifte , d\u00e5 \u00e4ldsta sonen fick \u00d6rtofta ; andra sonen S\u00f6fdeborg , hvilket han genast s\u00e5lde till grefve Meijerfeldt ; f\u00f6rsta m\u00e5gen , general Bennett , fick Ellinge , och den andre , Gamla Ki\u00f6ge p\u00e5 Seland . Sjelf beh\u00f6ll hon Widtsk\u00f6fle , Ugerup , T\u00e5sterup och Rosendal . Hon var en verklig husmoder , och h\u00f6ll sitt folk till b\u00e5de gudsfruktan och anst\u00e4ndighet . Till den \u00e4ndan hade hennes eget rum d\u00f6rr \u00e5t borg &#8211; stugan , eller det rummet p\u00e5 sk\u00e5nska herrg\u00e5rdarne , hvarest tjenste &#8211; folket \u00e4ter och vistas vid lediga stunder . Hon underl\u00e4t aldrig att tillse deras bord &#8211; skick och bevista deras b\u00f6ne &#8211; stunder . Godsets dagsverkare hade fri tillg\u00e5ng till det dricka , som f\u00f6r tjenstefolkets r\u00e4kning stod i n\u00e4mnde rum , \u00e4fvensom till den aldrig inl\u00e4sta br\u00f6dkorgen , fast den s\u00e4llan bes\u00f6k- tes af b\u00f6nderna , hvilka alla voro v\u00e4lm\u00e5ende . Hon h\u00f6ll sabbaten i s\u00e5dan helgd , att hon en g\u00e5ng afvisade sin \u00e4ldste son , general Barnekow , och dess grefvinna , d\u00e5 de p\u00e5 ny\u00e5rs &#8211; dagen kommo att g\u00f6ra henne sin uppvaktning . Oaktadt hon best\u00e4ndigt bibeh\u00e5llit s\u00e5dan respekt hos sina barn , att de aldrig f\u00f6rlorade ur \u00f6gnasigte den v\u00f6rdnad de hyst f\u00f6r henne i yngre \u00e5r , hade hon likv\u00e4l den harmen , att se sin yngste son , Rutger , emot hennes vilja gifta sig med fr\u00f6ken Macklier , hvartill hon ej ville sam- tycka , emedan de voro kusiner , och s\u00e5ledes besl\u00e4gtade i en efter hennes tanka f\u00f6rbuden led . Denna Denna sv\u00e4rdotter vann dock sedermera hennes aktning , s\u00e5som sn\u00e4ll hush\u00e5llerska , fast\u00e4n hon icke kunde t\u00e5la hennes h\u00f6gdragna v\u00e4sende . Andra sv\u00e4rdottern , f\u00f6dd grefvinna Stenbock , \u00e4lskades mera f\u00f6r sin fromhet och v\u00e4nlighet , fast\u00e4n hennes efter gummans tanka flyktiga n\u00f6jen och spel &#8211; s\u00e4llskaper ej vunno bifall . F\u00f6r de arma var hon en s\u00e4ker tillflykt i n\u00f6dens stund , och bes\u00f6rjde deras v\u00e4l genom \u00e5tskilliga barmhertighets &#8211; inr\u00e4ttningar p\u00e5 sina gods . Hon bes\u00f6rjde \u00e4fven ungdomens uppfostran , medelst skolans in- r\u00e4ttning vid T\u00e5sterup 1743 , med anslagen l\u00f6n och stat f\u00f6r dess l\u00e4rare . Kyrko &#8211; byggnaderna blefvo af henne sorgf\u00e4lligt underh\u00e5llne , och deras prydnad ej heller f\u00f6rsummad . Hennes gudsfruktan bevisade sig s\u00e5ledes i goda gerningar , hvilka f\u00f6r alla tider g\u00f6ra hennes namn v\u00e4lsignadt . N\u00e4r hon utaf sina 4 barn , general &#8211; l\u00f6jtnanten baron Christian Barnekow och \u00f6fversten Rutger Barnekow , samt d\u00f6ttrarne , Maja Lena Eleonora , gift med generalen baron Bennett , och Brita , gift med riks &#8211; r\u00e5det grefve Meijerfeldt , sett en talrik skara af barnabarn , afled hon \u00e5r 1753 , sedan hon uppn\u00e5tt en \u00e5lder af 82 \u00e5r . Hon den sista af grefliga namnet v . Ascheberg , och r\u00e4ttf\u00e4rdigar v . Dalins utsago i hennes grafskrift , som slutas med dessa ord : \u00bb Ack ! lycka , d\u00e5 ett \u00e4delt sl\u00e4gte med s\u00e5dan klarhet slocknar ut \u00bb . var Hennes begrafning pryddes \u00e4fven med en fransk parentation af dottersonen grefve Carl Meijerfeldt , som finnes tryckt jemte den af doktor Custen Aulin h\u00e5llna lik &#8211; predikan . F\u00f6rstn\u00e4mnde tal \u00e4r uppfylldt med de alltf\u00f6r ofta upprepade exklamationerna : \u00bb Victime de la Mort , Epouse du ciel \u00bb . Allt detta skulle grefven l\u00e4ra sig utan- till , och han \u00f6fvade sig , under sitt vistande i Christian- stad , i deklamationen , jemte s\u00e5dana gester , som ans\u00e5gos n\u00f6diga . Detta \u00e5s\u00e5gs af personer , som bodde i ett rum midt emot honom , men som icke kunde h\u00f6ra eller veta hvad det angick . Man trodde s\u00e5ledes att han blifvit galen , hvilket straxt kringspriddes i staden.<\/span><\/td>\n<td style=\"width: 51.6666%;\">\n<p class=\"tw-data-text tw-text-large tw-ta\" dir=\"ltr\" data-placeholder=\"Vertaling\"><span class=\"Y2IQFc\" lang=\"nl\" style=\"font-size: 10pt;\">Gravin Ascheberg, rijk en eerbiedwaardig, had, na enkele jaren van eenverdienersstatus, een voorname aanzoeker, de Koningsraad en de gouverneur-generaal van Pommeren, graaf Meijerfeldt, wiens voorstel ze weigerde onder het voorwendsel van haar jaren; maar de vrijer, ouder dan de gravin, wendde zich toen tot haar jongste dochter, zoals wordt gezegd, volgens de eigen instructies van de gravin; dit huwelijk, tussen een lelijke en oude man en een 15-jarige vrolijke jongedame, lijkt niet de beste match te zijn geweest; het was ook niet gelukkig, hoewel het gezegend was met meerdere kinderen. Nadat de gravin tijd had gehad om alles te laten onderzoeken, voerden zij en haar kinderen een zuivere erfeniswijziging door, toen de oudste zoon \u00d6rtofta ontving; tweede zoon S\u00f6fdeborg, die hij onmiddellijk verkocht aan graaf Meijerfeldt; de eerste schoonzoon, generaal Bennett, kreeg Ellinge, en de tweede, Gamla Ki\u00f6ge op Seland. Zelf hield ze Widtsk\u00f6fle, Ugerup, T\u00e5sterup en Rosendal. Ze was een echte huisvrouw en hield haar volk zowel aan godsvrucht als aan fatsoen.\u00a0<\/span><span class=\"Y2IQFc\" lang=\"nl\" style=\"font-size: 10pt;\">Daartoe had haar eigen kamer een deur naar het kasteelhuisje, of die kamer in de herenhuis in Sk\u00e5ne, waar de bedienden eten en hun vrije tijd doorbrengen. Ze zorgde nooit voor hun tafelconditie en bewees hun gebedstijden. De dagloners van het landgoed hadden gratis toegang tot de drank, die namens de bedienden in de eerder genoemde kamer werd bewaard, evenals tot de nooit volgeladen broodmand, hoewel deze zelden werd bezocht door de boeren, die allemaal welgesteld waren. Ze hield de sabbat zo heilig dat ze ooit haar oudste zoon, generaal Barnekow, en zijn gravin de deur wees toen ze haar op nieuwjaarsdag kwamen opzoeken. Hoewel ze voortdurend zoveel respect behield voor haar kinderen dat ze nooit de eerbied uit het oog verloren die ze in jongere jaren voor haar hadden, had ze niettemin de wrok toen ze zag dat haar jongste zoon, Rutger, tegen haar wil met juffrouw Macklier trouwde, waarmee ze niet wilde instemmen, omdat ze neven waren en dus volgens haar op een verboden manier verwant waren. Deze schoondochter won later echter haar respect als vriendelijke huishoudster, hoewel ze haar hooghartige karakter niet kon uitstaan. De tweede schoondochter, geboren gravin Stenbock, was meer geliefd vanwege haar vroomheid en vriendelijkheid, hoewel haar vluchtige genoegens en gokfeesten volgens de oude vrouw geen goedkeuring kregen.\u00a0<\/span><span class=\"Y2IQFc\" lang=\"nl\" style=\"font-size: 10pt;\">Voor de armen was ze een veilig toevluchtsoord in tijden van nood, en voorzag ze in hun welzijn door middel van talrijke instellingen van barmhartigheid op haar landgoederen. Ze zorgde ook voor de opvoeding van de jeugd, door middel van de schoolinrichting in T\u00e5sterup in 1743, met het toegewezen salaris en de staat voor de leraren. De kerkgebouwen werden door haar zorgvuldig onderhouden en ook hun versieringen werden niet verwaarloosd. Haar vrees voor God bleek dus uit goede daden, die haar naam voor altijd gezegend maken. Toen zij, van haar 4 kinderen, luitenant-generaal baron Christian Barnekow en kolonel Rutger Barnekow, evenals dochters, Maja Lena Eleonora, getrouwd met generaal baron Bennett, en Brita, getrouwd met de Rijksraad graaf Meijerfeldt, een groot aantal kleinkinderen zag , stierf zij in 1753, nadat zij de leeftijd van 82 jaar had bereikt. Zij is de laatste van de grafelijke naam v . Ascheberg , en rechtvaardigt v . Dalin&#8217;s verklaring in haar grafschrift, dat eindigt met deze woorden: \u00bb Helaas! geluk, wanneer een adellijke familie zo duidelijk uitsterft \u00bb. Waar haar begrafenis ook werd versierd met een Franse presentatoe door haar dochterszoon graaf Carl Meijerfeldt, die in druk is gevonden samen met de begrafenispreek van Dr. Custen Aulin. De eerstgenoemde toespraak wordt vervuld met de al te vaak herhaalde uitroepen: \u00bbVictime de la Mort, Epouse du ciel\u00bb. Dit alles moest de graaf uit het hoofd leren, en hij oefende tijdens zijn verblijf in Christiansted de declamatie en de gebaren die hij nodig achtte. Dit werd gezien door mensen die in een kamer tegenover hem woonden, maar niet konden horen of weten waar het over ging. Men dacht daarom dat hij gek was geworden, wat zich meteen door de stad verspreidde.<\/span><\/p>\n<\/td>\n<\/tr>\n<\/tbody>\n<\/table>\n<p><span style=\"color: #0000ff;\"><a style=\"color: #0000ff;\" href=\"https:\/\/play.google.com\/books\/reader?id=wLJfAAAAcAAJ&amp;pg=GBS.PA270&amp;hl=nl\"><span style=\"font-size: 10pt;\">Pag. 271<\/span><\/a><\/span><\/p>\n<table style=\"border-collapse: collapse; width: 100%;\">\n<tbody>\n<tr>\n<td style=\"width: 47.1212%;\"><span style=\"font-size: 13.3333px;\">Andra sonen , Christian Barnekow , bevistade Pomerska kriget , och nj\u00f6t serskild v\u00e5rd af sedermera riksr\u00e5det grefve Adam Horn , som d\u00e5 var \u00f6fverste f\u00f6r \u00f6stg\u00f6tha kavalleri . V\u00e5r unge baron , f\u00f6rdjupad i vidlyftiga spelskulder och utan penningar , f\u00f6ll p\u00e5 det or\u00e5det , att , med tillhjelp af en falsk nyckel , bestj\u00e4la grefve Horns schatull . Saken r\u00f6jdes , men nedtystades af grefve Horn , som var gift med hans kusin , en grefvinna Meyerfeldt . Detta oaktadt f\u00f6rebr\u00e5ddes han p\u00e5 n\u00e5got s\u00e4tt af en officer , som k\u00e4nde h\u00e4ndelsen . I f\u00f6rtviflan h\u00e4r\u00f6fver ingick han tidigt en morgon i officerns t\u00e4lt , och fasth\u00f6ll honom p\u00e5 s\u00e4ngen , medan hans dr\u00e4ng med en pistol skj\u00f6t honom f\u00f6r pannan . H\u00e4rp\u00e5 flydde denne olycksfogel till Hamburg , der han sedermera lefde inkognito , af det underh\u00e5ll , som han i hemlighet erh\u00f6ll fr\u00e5n sina syskon .<\/span><\/td>\n<td style=\"width: 52.8788%;\">\n<p id=\"tw-target-text\" class=\"tw-data-text tw-text-large tw-ta\" dir=\"ltr\" data-placeholder=\"Vertaling\"><span class=\"Y2IQFc\" lang=\"nl\" style=\"font-size: 10pt;\">De tweede zoon, Christian Barnekow, bezocht de Pommerse Oorlog en genoot speciale zorg van de latere Riksraad graaf Adam Horn, die toen kolonel was van de \u00d6stg\u00f6tha-cavalerie. Onze jonge baron, verzonken in grote speelschulden en berooid, viel op de onvoorzichtigheid om de schatkist van graaf Horn te beroven met behulp van een valse sleutel. De zaak werd opgehelderd, maar verzwegen door graaf Horn, die getrouwd was met zijn nicht, een gravin Meyerfeldt. Desondanks werd hij op de een of andere manier berispt door een officier die op de hoogte was van het incident. Wanhopig hierover ging hij op een ochtend vroeg de tent van de officier binnen en drukte hem tegen het bed, terwijl zijn bediende hem met een pistool in het voorhoofd schoot. Hierna vluchtte deze noodlottige vogel naar Hamburg, waar hij vervolgens incognito leefde, op de alimentatie die hij in het geheim ontving van zijn broers en zussen.<\/span><\/p>\n<\/td>\n<\/tr>\n<\/tbody>\n<\/table>\n","protected":false},"excerpt":{"rendered":"<p>Johan Christopher Georg Barfod, \u201cM\u00e4rkv\u00e4rdigheter r\u00f6rande sk\u00e5nska adeln\u201d, Stockholm 1847 Sk\u00e5ne den 22 November 1788 . Kiell Christopher Barnekow , son af sistn\u00e4mnde vice president Christian Barnekow , f\u00f6rlorade sin fader i sp\u00e4da \u00e5r , men nj\u00f6t af sin moder , fru Brita Scheel , en lika sorgf\u00e4llig som v\u00e4rdig uppfostran . Han \u00e4rfde efter &hellip; <a href=\"https:\/\/meijenfeldt.nl\/?page_id=55923\" class=\"more-link\">Verder lezen <span class=\"screen-reader-text\">Barfod<\/span><\/a><\/p>\n","protected":false},"author":1,"featured_media":0,"parent":0,"menu_order":0,"comment_status":"closed","ping_status":"closed","template":"","meta":{"footnotes":""},"class_list":["post-55923","page","type-page","status-publish","hentry"],"_links":{"self":[{"href":"https:\/\/meijenfeldt.nl\/index.php?rest_route=\/wp\/v2\/pages\/55923","targetHints":{"allow":["GET"]}}],"collection":[{"href":"https:\/\/meijenfeldt.nl\/index.php?rest_route=\/wp\/v2\/pages"}],"about":[{"href":"https:\/\/meijenfeldt.nl\/index.php?rest_route=\/wp\/v2\/types\/page"}],"author":[{"embeddable":true,"href":"https:\/\/meijenfeldt.nl\/index.php?rest_route=\/wp\/v2\/users\/1"}],"replies":[{"embeddable":true,"href":"https:\/\/meijenfeldt.nl\/index.php?rest_route=%2Fwp%2Fv2%2Fcomments&post=55923"}],"version-history":[{"count":3,"href":"https:\/\/meijenfeldt.nl\/index.php?rest_route=\/wp\/v2\/pages\/55923\/revisions"}],"predecessor-version":[{"id":55929,"href":"https:\/\/meijenfeldt.nl\/index.php?rest_route=\/wp\/v2\/pages\/55923\/revisions\/55929"}],"wp:attachment":[{"href":"https:\/\/meijenfeldt.nl\/index.php?rest_route=%2Fwp%2Fv2%2Fmedia&parent=55923"}],"curies":[{"name":"wp","href":"https:\/\/api.w.org\/{rel}","templated":true}]}}