{"id":55907,"date":"2023-05-01T15:21:01","date_gmt":"2023-05-01T15:21:01","guid":{"rendered":"https:\/\/meijenfeldt.nl\/?page_id=55907"},"modified":"2023-05-01T15:21:01","modified_gmt":"2023-05-01T15:21:01","slug":"annerstedt","status":"publish","type":"page","link":"https:\/\/meijenfeldt.nl\/?page_id=55907","title":{"rendered":"Annerstedt"},"content":{"rendered":"<p><span style=\"font-size: 14pt; color: #000000;\"><strong><span class=\"s1\">Claes Annerstedt,\u00a0<\/span> \u201cF\u00e4ltmarskalken Grefve Magnus Stenbock minnesanteckning\u201d, Svenska<span class=\"Apple-converted-space\">\u00a0\u00a0<\/span>Akademiens Handlingar ifr\u00e5n \u00e5r 1886\u201d, deel 20, Stockholm 1905.<\/strong><\/span><\/p>\n<p><span style=\"color: #0000ff;\"><a style=\"color: #0000ff;\" href=\"https:\/\/archive.org\/details\/svenskaakademie26akadgoog\/page\/104\/mode\/2up?q=meijerfelt\"><span style=\"font-size: 10pt;\">Pag. 105-106<\/span><\/a><\/span><\/p>\n<table style=\"border-collapse: collapse; width: 100%; height: 1064px;\">\n<tbody>\n<tr style=\"height: 1064px;\">\n<td style=\"width: 50%; height: 1064px;\"><span style=\"font-size: 13.3333px;\">Vid denna tid har han haft en v\u00e5ldsam sammanst\u00f6tning med en annan af Karls favoriter, d\u00e5varande generalmajoren (sedermera kungl. r\u00e5det och grefven) J. A. <\/span><mark style=\"font-size: 13.3333px;\">Meijerfelt<\/mark><span style=\"font-size: 13.3333px;\">, en modig, men icke l\u00e4tthandterlig karolin. Striden uppkom d\u00e4rigenom, att Stenbock f\u00f6reh\u00f6ll <\/span><mark style=\"font-size: 13.3333px;\">Meijerfelt<\/mark><span style=\"font-size: 13.3333px;\">, att det st\u00e5tt s\u00e5 sl\u00e4tt till med den senares regemente i kvarteren, och att denne l\u00e4nge v\u00e4grat underst\u00e4lla Stenbock sitt regementes r\u00e4kenskaper. Det kom till v\u00e5ldsam ordv\u00e4xling. Stenbock tyckes hafva h\u00f6gdraget l\u00e5tit <mark>Meijerfelt<\/mark> veta, att han f\u00f6r sin del skalle f\u00f6redraga att vara en konungs lakej framf\u00f6r att vara generalmajor och uppf\u00f6ra sig s\u00e5 som Meijerfelt, hvartill denne genm\u00e4lde: \u00bb\u00c4r ni general-l\u00f6jtnant, s\u00e5 \u00e4r jag generalmajor, och hvad ni \u00e4r i dag kan jag blifva i morgon.\u00bb Och det gick d\u00e4rh\u00e4n, som Stenbock klagade f\u00f6r konungen, att Meijerfelt inf\u00f6r hela regementet med knytn\u00e4fven och otillb\u00f6rliga \u00e5th\u00e4fvor vanv\u00f6rdligen h\u00f6tte \u00e5t honom och visade sitt f\u00f6rakt. Saken drogs p\u00e5 Stenbocks fordran och med sk\u00e4l inf\u00f6r krigsr\u00e4tt, sedan b\u00e4gge under sensommaren infunnit sig hos Carl i Blonie. F\u00e5r man tro Stenbock, skulle Meijerfelts sak d\u00e4r antagit ett d\u00e5ligt utseende. \u00bbHela hans parti rodnar i sitt bryderi\u00bb, heter det ena g\u00e5ngen, och den andra: \u00bbom <mark>Meijerfelt<\/mark> yfts tillf\u00f6rne, s\u00e5 l\u00e5ter han nu h\u00e4nga fj\u00e4drarna\u00bb. Af den tillb\u00f6rliga satisfaktion, hvarp\u00e5 Stenbock f\u00f6rst hoppats, blef intet, ty krigsr\u00e4tten anordnade p\u00e5 Karls befallning en v\u00e4nskaplig bil\u00e4ggning af tvisten.\u00a0Stenbock var ej alldeles n\u00f6jd, s\u00e5 mycket mindre kanske som Carl alldeles i samma vefva gjorde <mark>Meijerfelt<\/mark> till friherre<\/span><\/td>\n<td style=\"width: 50%; height: 1064px;\">\n<p id=\"tw-target-text\" class=\"tw-data-text tw-text-large tw-ta\" dir=\"ltr\" data-placeholder=\"Vertaling\"><span class=\"Y2IQFc\" lang=\"nl\" style=\"font-size: 10pt;\">Op dat moment had hij een agressieve botsing met een andere favoriet van Karel, de toen generaal-majoor (later Koningsraad en graaf) J. A. Meijerfelt, een dappere maar geen gemakkelijke Karoliner. De strijd ontstond omdat Stenbock Meijerfelt ervan beschuldigde dat het er zo slecht met diens regiment in de kwartieren voorstond, en dat hij achterstallig was met het indienen van de rekenschap voor zijn regiment bij Stenbock. Er volgde een agressieve woordenwisseling. Stenbock lijkt Meijerfelt op arrogante wijze te hebben laten weten dat hij\u00a0 liever een lakei van de koning was dan een generaal-majoor en zich als Meijerfelt te gedragen, waarop laatstgenoemde antwoordde: &#8220;Ik mag dan geen luitenant-generaal zijn maar een generaal-majoor en wat vandaag niet is kan morgen komen.&#8221; En het voerde daartoe, dat Stenbock bij de koning klaagde, dat Meijerfelt, tegenover het hele regiment, respectloos tegen hem schreeuwde en zijn minachting toonde met zijn vuist en ongepaste gebaren. De zaak werd op verzoek van Stenbock en met redenen voorgelegd voor een Krijgsraad, aangezien beiden in de nazomer bij Carl in Blonie waren. Als men Stenbock mag geloven, zou de zaak voor Meijerfelt er slecht hebben uitgezien &#8220;Zijn hele partij bloost door zijn narigheid&#8221;, staat er de ene keer, en de andere keer: &#8220;als Meijerfelt promotie zoekt, laat hij nu zijn veren hangen&#8221;. Er kwam niets van de gepaste genoegdoening waar Stenbock aanvankelijk op hoopte, omdat de Krijgsraad op bevel van Karel een minnelijke schikking van het geschil regelde.1 Stenbock was helemaal niet tevreden, te meer daar Karel bij dezelfde gelegenheid Meijerfelt tot baron benoemde.<\/span><\/p>\n<\/td>\n<\/tr>\n<\/tbody>\n<\/table>\n<p><span style=\"color: #0000ff;\"><a style=\"color: #0000ff;\" href=\"https:\/\/archive.org\/details\/svenskaakademie26akadgoog\/page\/144\/mode\/2up?q=meijerfelt\"><span style=\"font-size: 10pt;\">Pag. 145-146<\/span><\/a><\/span><\/p>\n<table style=\"border-collapse: collapse; width: 100%;\">\n<tbody>\n<tr>\n<td style=\"width: 50%;\"><span style=\"font-size: 10pt;\">N\u00e4r det g\u00e5r till aktion, skola officerarne uppmuntra sitt folk att modigt sl\u00e5ss f\u00f6r konung, f\u00e4dernesland och eget od\u00f6dligt namn, \u00bbvarandes b\u00e4ttre d\u00f6 \u00e4n illa fakta\u00bb. Flera lysande namn m\u00f6ta oss bland det h\u00f6gre bef\u00e4let, som under Stenbock skulle leda stri- den: den ridderlige generall\u00f6jtnanten Jakob Burensk\u00f6ld, generalmajoren Johan August <mark>Meijerfelt<\/mark> (hans forne vederdeloman fr\u00e5n polska tiden), Magnus Palmqvist, den store ingenj\u00f6ren, och Gustaf Adam Taube, alla m\u00e4n af of\u00f6rf\u00e5radt mod och l\u00e5ng krigserfarenhet. Till dem sl\u00f6t sig h\u00e4r i Ousby, den 8 februari, generalmajor Kristian Ludvig Ascheberg.\u00a0<\/span><\/td>\n<td style=\"width: 50%;\">\n<p id=\"tw-target-text\" class=\"tw-data-text tw-text-large tw-ta\" dir=\"ltr\" data-placeholder=\"Vertaling\"><span class=\"Y2IQFc\" lang=\"nl\" style=\"font-size: 10pt;\">Als het op actie aankomt, zullen de officieren hun mensen aanmoedigen om dapper te vechten voor koning, vaderland en eigen onsterfelijke naam, &#8220;beter dood dan slechte feiten&#8221;. Wij ontmoeten verschillende illustere namen onder het hogere bevel, die onder Steenbok de strijd zouden leiden: de ridderlijke luitenant-generaal Jakob Burensk\u00f6ld, generaal-majoor Johan August Meijerfelt (zijn voormalige beloning uit de Poolse tijd), Magnus Palmqvist, de grote ingenieur, en Gustaf Adam Taube, allemaal mannen met ontembare moed en lange oorlogservaring. Ze werden hier in Ousby op 8 februari vergezeld door generaal-majoor Kristian Ludvig Ascheberg.<\/span><\/p>\n<\/td>\n<\/tr>\n<\/tbody>\n<\/table>\n<p><span style=\"color: #0000ff;\"><a style=\"color: #0000ff;\" href=\"https:\/\/archive.org\/details\/svenskaakademie26akadgoog\/page\/160\/mode\/2up?q=meijerfelt\"><span style=\"font-size: 10pt;\">Pag. 160-161<\/span><\/a><\/span><\/p>\n<table style=\"border-collapse: collapse; width: 100%;\">\n<tbody>\n<tr>\n<td style=\"width: 50%;\"><span style=\"font-size: 10pt;\">Men de mellanst\u00e5ende regementena b\u00f6rjade alltmer vika, och d\u00e5 danska h\u00f6gra flygelns uppl\u00f6sta kavalleri jagade f\u00f6rbi deras rygg, togo de till flykten, l\u00e4mnande gardet i sticket. Det skulle g\u00e5tt grenadj\u00e4rerna lika illa, om <mark>Meijerfelt<\/mark> och Ascheberg med h\u00f6gra flygelns skvadroner, som emellertid kastat undan hvad \u00abom stod i deras v\u00e4g, nu v\u00e4ndt sig \u00e5t v\u00e4nster, men h\u00e4nf\u00f6rda af stridsifvern jagade de fram\u00e5t mot Helsingborg och besatte det till klyftan vid H\u00e4lsan ledande passet R\u00f6m\u00f6la f\u00f6r att afst\u00e4nga all retr\u00e4tt den v\u00e4gen. H\u00e4raf begagnade sig general Eichstedt f\u00f6r att samla grenadjarema och trenne andra regementen samt bakom Meijerfelts rygg p\u00e5 en omv\u00e4g \u00e5t norr f\u00f6ra dem in i staden genom Kullaporten.<\/span><\/td>\n<td style=\"width: 50%;\">\n<p id=\"tw-target-text\" class=\"tw-data-text tw-text-large tw-ta\" dir=\"ltr\" data-placeholder=\"Vertaling\"><span class=\"Y2IQFc\" lang=\"nl\" style=\"font-size: 10pt;\">aar de tussenliggende regimenten begonnen steeds meer te wijken, en toen de ontbonden cavalerie van de Deense rechtervleugel hen achterna joeg, sloegen ze op de vlucht en lieten de bewaker in de steek. Het zou de grenadiers net zo slecht zijn afgegaan als Meijerfelt en Ascheberg met de eskadrons van de rechtervleugel, die echter alles wat hen in de weg stond aan de kant wierpen, nu naar links afkeerden, maar verrukt door de geest van de strijd, ze achtervolgden richting Helsingborg en bezette het tot aan het gat bij H\u00e4lsan, leidende naar de pas R\u00f6m\u00f6la om alle terugtrekking op die manier af te snijden. Generaal Eichstedt gebruikte dit om de grenadiers en drie andere regimenten te verzamelen en, achter de rug van Meijerfelt, via een omweg naar het noorden, via de Kullapoort de stad binnen te brengen.<\/span><\/p>\n<\/td>\n<\/tr>\n<\/tbody>\n<\/table>\n<p><span style=\"color: #0000ff;\"><a style=\"color: #0000ff;\" href=\"https:\/\/archive.org\/details\/svenskaakademie26akadgoog\/page\/510\/mode\/2up?q=meijerfelt\"><span style=\"font-size: 10pt;\">Pag. 510<\/span><\/a><\/span><\/p>\n<table style=\"border-collapse: collapse; width: 100%;\">\n<tbody>\n<tr>\n<td style=\"width: 50%;\"><span style=\"font-size: 10pt;\">Jfr hans ord till M\u00fcllern 17 jan. 1714 om Stenbock och Meijerfelt, att det varit b\u00e4ttre, om dessa f\u00f6regifna hj\u00e4ltar aldrig satt sin fot i Tyskland (Loenbom 4, s. 161).<\/span><\/td>\n<td style=\"width: 50%;\">\n<p id=\"tw-target-text\" class=\"tw-data-text tw-text-large tw-ta\" dir=\"ltr\" data-placeholder=\"Vertaling\"><span class=\"Y2IQFc\" lang=\"nl\" style=\"font-size: 10pt;\">Zie zijn woorden aan M\u00fcllern 17 jan. 1714 over Stenbock en Meijerfelt, dat het beter zou zijn geweest als deze zogenaamde helden nooit een voet in Duitsland hadden gezet (Loenbom 4, p. 161).<\/span><\/p>\n<\/td>\n<\/tr>\n<\/tbody>\n<\/table>\n","protected":false},"excerpt":{"rendered":"<p>Claes Annerstedt,\u00a0 \u201cF\u00e4ltmarskalken Grefve Magnus Stenbock minnesanteckning\u201d, Svenska\u00a0\u00a0Akademiens Handlingar ifr\u00e5n \u00e5r 1886\u201d, deel 20, Stockholm 1905. Pag. 105-106 Vid denna tid har han haft en v\u00e5ldsam sammanst\u00f6tning med en annan af Karls favoriter, d\u00e5varande generalmajoren (sedermera kungl. r\u00e5det och grefven) J. A. Meijerfelt, en modig, men icke l\u00e4tthandterlig karolin. Striden uppkom d\u00e4rigenom, att Stenbock f\u00f6reh\u00f6ll &hellip; <a href=\"https:\/\/meijenfeldt.nl\/?page_id=55907\" class=\"more-link\">Verder lezen <span class=\"screen-reader-text\">Annerstedt<\/span><\/a><\/p>\n","protected":false},"author":1,"featured_media":0,"parent":0,"menu_order":0,"comment_status":"closed","ping_status":"closed","template":"","meta":{"footnotes":""},"class_list":["post-55907","page","type-page","status-publish","hentry"],"_links":{"self":[{"href":"https:\/\/meijenfeldt.nl\/index.php?rest_route=\/wp\/v2\/pages\/55907","targetHints":{"allow":["GET"]}}],"collection":[{"href":"https:\/\/meijenfeldt.nl\/index.php?rest_route=\/wp\/v2\/pages"}],"about":[{"href":"https:\/\/meijenfeldt.nl\/index.php?rest_route=\/wp\/v2\/types\/page"}],"author":[{"embeddable":true,"href":"https:\/\/meijenfeldt.nl\/index.php?rest_route=\/wp\/v2\/users\/1"}],"replies":[{"embeddable":true,"href":"https:\/\/meijenfeldt.nl\/index.php?rest_route=%2Fwp%2Fv2%2Fcomments&post=55907"}],"version-history":[{"count":2,"href":"https:\/\/meijenfeldt.nl\/index.php?rest_route=\/wp\/v2\/pages\/55907\/revisions"}],"predecessor-version":[{"id":55909,"href":"https:\/\/meijenfeldt.nl\/index.php?rest_route=\/wp\/v2\/pages\/55907\/revisions\/55909"}],"wp:attachment":[{"href":"https:\/\/meijenfeldt.nl\/index.php?rest_route=%2Fwp%2Fv2%2Fmedia&parent=55907"}],"curies":[{"name":"wp","href":"https:\/\/api.w.org\/{rel}","templated":true}]}}