{"id":55188,"date":"2023-04-02T19:56:57","date_gmt":"2023-04-02T19:56:57","guid":{"rendered":"https:\/\/meijenfeldt.nl\/?page_id=55188"},"modified":"2024-04-03T13:46:01","modified_gmt":"2024-04-03T13:46:01","slug":"1-7-1-coup-1756","status":"publish","type":"page","link":"https:\/\/meijenfeldt.nl\/?page_id=55188","title":{"rendered":"1.7.1. Staatsgreep 1756"},"content":{"rendered":"<p style=\"text-align: justify;\"><span style=\"color: #000000;\">Johann August is dood, lang leve Johann August! Net als zijn vader wil hij zich militair en politiek verdienstelijk maken voor de Zweedse koning. Op adellijke en militaire onderscheidingen moet hij echter niet kunnen rekenen, omdat hij niet hoger <\/span><span style=\"color: #000000;\">dan graaf kan stijgen en militaire promoties in die vredestijd strikt gekoppeld zijn aan dienstjaren. Dan rest hem maar \u00e9\u00e9n ding: de in 1748 door koning Frederik I ingevoerde onderscheidingen, waarvoor uitgerekend zijn vader niet ontvankelijk was geweest.<\/span><\/p>\n<p style=\"text-align: justify;\"><span style=\"color: #000000;\">D<\/span><span style=\"color: #000000;\">e nieuwe koning Adolf Frederik maakt n<\/span><span style=\"color: #000000;\">a zijn kroning op 26 november 1751 van de door zijn voorganger ge\u00efntroduceerde onderscheidingen gebruik om de adelstand verder aan zich te binden. Al op<\/span><span style=\"color: #000000;\"> 4 december kent hij onderscheidingen toe aan <\/span><span style=\"color: #000000;\">enkele honderden edelen. E\u00e9n van hen is <\/span><span style=\"color: #000000;\">Johann August jr, die Ridder in de Zwaard Orde wordt. Deze orde wijst terug naar de Zwaardbroeders van Lijfland. Het is een onderscheiding voor Zweedse officieren \u2018die hun zwaarden met eer hebben ontbloot in dienst van hun vaderland\u2019, om hen te belonen voor moed en opmerkelijke dienst in oorlogstijd en voor langdurige en heilzame activiteiten in de strijdkrachten in vredestijd. Voor het verkrijgen van de onderscheiding is 20 jaar militaire dienst vereist, waarbij oorlogsjaren dubbel tellen en moed en dapperheid in het buitenland nog eens extra meetellen. Met zijn dienstjaren en de oorlogstijd in Silezi\u00eb en de Zuidelijke Nederlanden voldoet hij ondanks zijn pas 26-jarige leeftijd aan deze voorwaarden.<\/span><\/p>\n<p style=\"text-align: justify;\"><span style=\"color: #000000;\">Koning Adolf Frederik betreedt op 4 december de zaal van de Zwaard Orde in zijn Koninklijk Paleis in Stockholm. Hij treft daar de Ridders in blauwe, fluwelen gewaden met witte biezen, een gele en blauwe zijden riem rondom de taille, en over de schouders een blauwe jas met witte kraag en voering. De Kanselier heet hem welkom en roept in een lange ceremonie de kandidaten \u00e9\u00e9n voor \u00e9\u00e9n naar voren. Als Johan August naar voren stapt hoort hij zijn ridderbrief met verdiensten voorlezen. Daarna zakt hij door zijn knie\u00ebn, knielt voor de koning, strekt zijn rechterhand uit met opgeheven wijsvinger en middelvinger en zegt de belofte en eed van de Ordesecretaris plechtig na: \u2018<em>Ik Johann August Meijerfeldt, beloof en zweer bij God en zijn heilig evangelie dat ik het zuivere christelijke geloof en de leer, met goed en bloed, zal verdedigen; trouw en loyaal zal zijn aan mijn koning en zijn koninkrijk, de vijanden van het koninkrijk met dappere moed tegemoet zal gaan, de wet zal handhaven en ridderlijkheid beoefenen volgens mijn beste verstand en de statuten die mij zijn voorgeschreven. Zo waarlijk, helpe mij God!\u2019<\/em>.\u00a0<\/span><\/p>\n<p style=\"text-align: justify;\"><span style=\"color: #000000;\">De koning trekt zijn kroningszwaard uit de schede, slaat driemaal met de platte zijde van het lemmet op zijn linkerschouder en spreekt de woorden uit: <em>\u2018Wij Adolf Frederik, bij de gratie Gods, Koning der Zweden, Gothen en Wenden enz. enz. enz., maken u een ridder van Onze Eervolle Orde van het Zwaard. Wees waardig!\u2019<\/em>. Als dank voor die genade kust Johann August de hand van de koning en haalt bij de Ordesecretaris zijn ridderschapsbrief nr. 500 op. Tenslotte krijgt hij van de Schatmeester zijn eretekens: op zijn linkerborst een zilveren en om zijn nek of aan een sjerp een gouden wit ge\u00ebmailleerd Andreaskruis. Het midden van het kruis bestaat uit een blauwe vol met daarop een rechtopstaand zwaard, omringd door de drie Zweedse koninklijke kronen. Het insigne is aangevuld met vier gouden kronen rondom de blauwe bol, in een sjerp gewikkeld, gekruiste zwaarden en een koninklijke kroon. De achterkant van het insigne is bedrukt met een lauwerkrans en de inscriptie: \u2018<em>voor het vaderland<\/em>\u2019. Voor deze eretekens moet hij veertig daalder betalen aan de schatmeester. Hij mag het zijn leven lang dragen en zijn nabestaanden moeten het teruggeven.<\/span><\/p>\n<p style=\"text-align: justify;\"><span style=\"color: #000000;\">Met zijn onderscheidingen keert\u00a0<\/span><span style=\"color: #000000;\">Johann August o<\/span><span style=\"color: #000000;\">p 18 december van het Lijfregiment van de Koningin terug naar zijn eerste regiment <\/span><span style=\"color: #000000;\">van Cronhiort <\/span><span style=\"color: #000000;\">en wordt daarin ingaande <\/span><span style=\"color: #000000;\">19 maart 1752 als majoor benoemd. Het regiment is dan niet in Stralsund maar Kristianstad in Zweden gelegerd. Hij vervult de vacature van z<\/span><span style=\"color: #000000;\">ijn oudere broer Carl Friedrich jr, die op 19 september 1750 tot majoor in het regiment was bevorderd, op 31 augustus 1751 <\/span><span style=\"color: #000000;\">afscheid uit de actieve dienst<\/span><span style=\"color: #000000;\"> had genomen en inmiddels <\/span><span style=\"color: #000000;\">Kamerheer bij de koning is<\/span><span style=\"color: #000000;\">.\u00a0<\/span><span style=\"color: #0000ff;\"><a style=\"color: #0000ff;\" href=\"#voetnoot\">(1)<\/a>\u00a0<\/span><\/p>\n<p style=\"text-align: justify;\"><span style=\"color: #000000;\">In 1753 overlijdt de moeder van Brita Barnekow, gravin Margaretha von Ascheberg. Carl Friedrich jr schrijft een lijkrede in het Frans, getiteld: &#8220;<i>Victime<\/i> <i>de<\/i> <i>la<\/i> <i>nature<\/i>! <i>Epouse<\/i> <i>du<\/i> <i>ciel<\/i>!\u201d. <span style=\"color: #0000ff;\"><a style=\"color: #0000ff;\" href=\"#voetnoot\">(2)<\/a><\/span> Hij leert de rede uit het hoofd en &#8211; terwijl hij in Kristianstad woont &#8211; oefent hij op de voordracht en de daarbij noodzakelijk geachte gebaren<\/span><span style=\"color: #000000;\">. Dit was gezien door personen die in een kamer recht tegenover de zijne wonen. Zij kunnen horen noch weten waar het om gaat, dus al snel doet in de stad het gerucht de ronde dat graaf Von Meijerfeldt waanzinnig geworden is. <span style=\"color: #0000ff;\"><a style=\"color: #0000ff;\" href=\"#voetnoot\">(3)<\/a><\/span><\/span><\/p>\n<p style=\"text-align: justify;\"><span style=\"color: #000000; font-size: 12pt;\"><span class=\"Y2IQFc\" lang=\"nl\" style=\"font-family: georgia, palatino, serif;\">Johann August schenkt in 1753 <\/span><span style=\"font-family: georgia, palatino, serif;\">een patroontas en een pistoolriem aan Erik Brahe, misschien als condoleance voor het overlijden van diens vrouw. De buitenomslag van de patroontas is versierd met een borduursel in steelsteek, platte steek en schootsteek, genaaid met zilvergaren en verguldgaren. De motieven zijn symmetrisch met kandelaar, palmetten en acanthuslussen. De afmetingen zijn 310 mm breed en 160 mm hoog. De pistoolriem is van kalfsleer met messing en is 93 mm breed en 1140 mm lang. <span style=\"color: #0000ff;\"><a style=\"color: #0000ff;\" href=\"#voetnoot\">(4)<\/a><\/span><\/span><\/span><\/p>\n<p style=\"text-align: center;\"><img loading=\"lazy\" decoding=\"async\" class=\" wp-image-9170 aligncenter\" src=\"https:\/\/meijenfeldt.nl\/wp-content\/uploads\/2018\/04\/messing-en-leder-300x300.jpg\" alt=\"\" width=\"323\" height=\"323\" srcset=\"https:\/\/meijenfeldt.nl\/wp-content\/uploads\/2018\/04\/messing-en-leder-300x300.jpg 300w, https:\/\/meijenfeldt.nl\/wp-content\/uploads\/2018\/04\/messing-en-leder-150x150.jpg 150w, https:\/\/meijenfeldt.nl\/wp-content\/uploads\/2018\/04\/messing-en-leder-768x768.jpg 768w, https:\/\/meijenfeldt.nl\/wp-content\/uploads\/2018\/04\/messing-en-leder-1024x1024.jpg 1024w\" sizes=\"auto, (max-width: 323px) 100vw, 323px\" \/><em><span style=\"font-size: 10pt;\">Geborduurde <\/span><span style=\"font-size: 13.3333px;\">bruine <\/span><span style=\"font-size: 10pt;\">p<\/span><span style=\"font-size: 10pt; color: #000000;\">atroontas<\/span><\/em><span style=\"font-size: 10pt;\"><em> met blauw fluweel\u00a0<\/em><\/span><\/p>\n<p style=\"text-align: justify;\"><span style=\"color: #000000;\">Erik Brahe is niet zomaar een vriend. Hij is de leider van de Hofpartij, waar Johann August jr traditiegetrouw ook een vurig aanhanger is, zoals blijkt in de Rijksdag 1755-1756. Adolf Frederik is er de persoon niet naar om macht naar zich toe te trekken. Zijn tijdgenoten omschrijven hem als een goedaardige, flegmatieke heer die zich het best vermaakt aan de eettafel of aan zijn werkbank, waar hij met grote vaardigheid snuifdozen in elkaar zet. Hij wordt op grote schaal bespot als <em>\u2018slipperheld<\/em>\u2019, doelend op iemand die volledig ondergeschikt is aan zijn vrouw. Inderdaad is koningin Lovisa Ulrika meer gedreven om de sterke koninklijke macht van weleer te herstellen. <span style=\"color: #0000ff;\"><a style=\"color: #0000ff;\" href=\"#voetnoot\">(5)<\/a><\/span><\/span><\/p>\n<p style=\"text-align: justify;\"><span style=\"color: #000000;\">De Rijksdag heeft twee beslissingen genomen die de koningin tot actie aanzetten. De eerste is de benoeming van een lid van de Hoedenpartij tot gouverneur van de negenjarige kroonprins Gustaaf en de tweede tot herinvoering van het koninklijk naamstempel, waarmee zijn aanwezigheid en medewerking niet meer nodig is. Lovisa Ulrika beraamt een coup die uitblinkt in eenvoud: een rel uitlokken in het centrum van Stockholm en die door de Stockholmse garde en het garnizoen onder aanvoering van haar man laten neerslaan, waarna de oppositie wordt gearresteerd en de Rijksdag haar echtgenoot met meer macht kan belonen.<\/span><\/p>\n<p style=\"text-align: justify;\"><span style=\"color: #000000;\">In de lijsten van de belangrijkste coupplegers weet Johann August weg te blijven, maar hij hoort al vroeg tot haar vertrouwelingen en staat minstens sympathiek tegenover het coupplan. In elk geval is hij betrokken bij de pogingen van de koningin geld in te zamelen om leden van de Rijksdag om te kopen. Nadat Frederik de Grote weigert 100.000 rijksdaalder te betalen en ook de Zweedse handel haar onvoldoende geld wil lenen, maakt zij gebruik van de aanwezigheid van Johann August bij haar broer August Wilhelm en diens vrouw Louisa Amalie van Brunswijk. Hij is daar officieel om te berichten over het overlijden van moeder van de koning, maar dit &#8217;toeval&#8217; wordt gebruikt om de hertog van Brunswijk juwelen als financi\u00eble zekerheid aan te bieden. Daar wil hij niets van weten, maar een gewone lening van 6.000 dukaten wil hij wel in wissels ter beschikking stellen. In Hamburg verzilvert Johann August de wissels en dat komt aan het licht. Intussen zendt Lovisa Ulrika nog een ander naar Duitsland met een veel groter onderpand: de Kroonjuwelen. Deze zaak komt via een bankier en een loslippige hofdame <\/span><span style=\"color: #000000;\">aan het licht<\/span><span style=\"color: #000000;\">. De koningin weet net op tijd de Kroonjuwelen uit Berlijn terug te krijgen om de vermoorde onschuld te kunnen spelen.<\/span><\/p>\n<p style=\"text-align: justify;\"><span style=\"color: #000000;\">Besloten wordt de staatsgreep met het kleine bedrag van Johan August toch door te zetten, maar ook dat raakt bekend. Boosdoener is de boodschapper van de samenzweerders. In de druilerige nacht van maandag 21 op dinsdag 22 juni brengt hij bij het ophitsen van zeelieden en andere losbandige figuren meer toasts uit op de koningin dan hij kan verdragen. In beschonken toestand zwerft hij van kroeg naar kroeg en vertelt steeds meer details over het coupplan, die uiteindelijk ter ore komt van de politie. Als de politie hem met behulp van verschillende scherpe instrumenten verhoort, vertelt de koninklijke boodschapper al snel alles wat hij weet.\u00a0<\/span><\/p>\n<p style=\"text-align: justify;\">De volgende dag vertrekt het koninklijk paar voor een diner naar slot Ulriksdal, zes kilometer ten noorden van de hoofdstad, om niet bij de inspectie van de Kroonjuwelen te hoeven zijn. Verschillende samenzweerders worden gearresteerd en in de beruchte dievenkelder onder het stadhuis gemarteld. Horn brengt de koningin op de hoogte van de ontwikkelingen. Johann August adviseert het koningspaar om naar Uppsala te gaan en een eerder plan in de praktijk te brengen: met twee regimenten de hoofdstad in te trekken. Ze besluiten echter het advies van Horn op te volgen om gewoon naar het Stockholms paleis te gaan. Bij het paleis blijken de kanonnen echter omgekeerd te staan en veel bewakers en edelen door de straten te patrouilleren. Alleen de broers Ribbing en graaf Meijerfeldt staan nog aan hun zijde, met wie zij de nacht in heftige gesprekken doorbrengen. De stad ontvluchten blijkt geen re\u00eble optie. De staatsgreep is definitief mislukt.<\/p>\n<p style=\"text-align: justify;\">Johann August jr. houdt zich vervolgens verscholen in het familiekasteel N\u00e4sby. Hij wordt echter aangehouden en verhoord, waarbij hem getuigenissen en bekentenissen van hoofdverdachte Brahe worden voorgehouden. Door gedeeltelijk schuld te bekennen en sterke verwijten in ontvangst te nemen, ontkomt hij aan de pijnbank en wordt gepardonneerd. <span style=\"color: #000000;\">Door gedeeltelijk schuld te bekennen en sterke verwijten in ontvangst te nemen ontkomt Johann August aan de pijnbank en wordt gepardonneerd. <span style=\"color: #0000ff;\"><a style=\"color: #0000ff;\" href=\"#voetnoot\">(6)<\/a><\/span><\/span>\u00a0<span style=\"color: #000000;\">Tijdgenoten schrijven Johann August een belangrijke rol in de juwelenzaak toe. President-kanselier Anders Johann von H\u00f6pken maakt zelfs een kanttekening bij een brief van 26 mei 1756 van de koningin aan de koning, waarin hij graaf Von Meijerfeldt aanwijst als degene die de Kroonjuwelen in zekerheid gaf aan de Hertog van Brunswijk, in ruil voor een wissel van 18.000 rijksdaalder. <span style=\"color: #0000ff;\"><a style=\"color: #0000ff;\" href=\"#voetnoot\">(7)<\/a><\/span> Zijn opportunisme en Duitse spraakzaamheid worden als reden genoemd voor zijn afvaardiging naar de Hertog. <span style=\"color: #0000ff;\"><a style=\"color: #0000ff;\" href=\"#voetnoot\">(8)<\/a><\/span><\/span><\/p>\n<p style=\"text-align: justify;\">De andere samenzweerders komen er minder lichtzinnig vanaf. Op 17 juli horen zij hun doodvonnis uitgesproken worden. Vijf dagen later worden zij op het Ridderholmsplein onthoofd. Binnen de Rijksdag woedt een heftig debat over het lot van het koninklijk paar en vooral de koningin. Enkele eisen dat ook zij ter dood wordt veroordeeld. Velen willen haar voorgoed naar Berlijn sturen. Zij komt er uiteindelijk met een waarschuwing van af in de vorm van een strafpreek door de aartsbisschop. De aartsbisschop zegt achteraf dat hij tranen in haar ogen zag, tranen van wroeging en schaamte. Lovisa Ulrika heeft evenwel nergens spijt van, behalve natuurlijk dat het plan mislukt is.<\/p>\n<p style=\"text-align: center;\"><span style=\"font-size: 10pt; color: #000000;\"><span style=\"color: #0000ff;\"><a id=\"voetnoot\"><\/a><a style=\"color: #0000ff;\" href=\"https:\/\/meijenfeldt.nl\/?page_id=173\">Terug<\/a><\/span>\u00a0 \u00a0***\u00a0 \u00a0<span style=\"color: #0000ff;\"><a style=\"color: #0000ff;\" href=\"https:\/\/meijenfeldt.nl\/?page_id=62995\">Verder<\/a><\/span><\/span><\/p>\n<p style=\"text-align: justify;\"><span style=\"color: #000000; font-size: 10pt;\">1. Krigsarkivet Sverige, 023 Generalm\u00f6nsterrullor, 0\/1273 Cronhiorts regemente infanterie, Regementsstaben <a href=\"https:\/\/sok.riksarkivet.se\/bildvisning\/A0029351_00006#?c=&amp;m=&amp;s=&amp;cv=5&amp;xywh=246%2C1441%2C3459%2C2301\"><span style=\"color: #0000ff;\">fol. 6<\/span><\/a>, Majorscompagnie <span style=\"color: #0000ff;\"><a style=\"color: #0000ff;\" href=\"https:\/\/sok.riksarkivet.se\/bildvisning\/A0029351_00070#?c=&amp;m=&amp;s=&amp;cv=69&amp;xywh=-43%2C237%2C4980%2C3313\">fol. 70<\/a><\/span>. O. B\u00e4ckstr\u00f6m, \u201cOfficier-, Stamm- und Rangliste des Pommerschen F\u00fchlier-Regiments Nr. 34, 1720-1820\u201d, Berlin 1895, blz. 71.<br \/>\n2. C. Aulin, &#8220;Christelig lik-predikan&#8221;, Lund 1759: C.F. von Meijerfeldt, &#8220;Oraison funebre &amp; pan\u00eagerique \u00e0 l&#8217;occasion de la mort de la d\u00e9funte comtesse ci-devant madame Marguerithe d&#8217;Ascheberg colonelle douairi\u00e8re de Barnekov&#8230;. solemnellement enterr\u00e9e le 13. de Decembre 1753 dans l&#8217;Eglise \u00e0 Witsk\u00f6fle&#8230;&#8221;.<\/span><br \/>\n<span style=\"color: #000000; font-size: 10pt;\">3. C. Barfod, \u201cM\u00e4rkv\u00e4rdigheter r\u00f6rande sk\u00e5nska adeln\u201d, Stockholm 1847, <span style=\"color: #0000ff;\"><a style=\"color: #0000ff;\" href=\"https:\/\/meijenfeldt.nl\/?page_id=55923\">pag. 271<\/a><\/span>. A. <span style=\"color: #0000ff;\"><a style=\"color: #0000ff;\" href=\"https:\/\/meijenfeldt.nl\/wp-content\/uploads\/2020\/02\/Barnekow-1-1.pdf\">Barnekow<\/a><\/span>, \u201cAnteckningar om Sl\u00e4kten Barnekow\u201d, Stockholm 1908, pag. 61.<\/span><br \/>\n<span style=\"color: #000000; font-size: 10pt;\">4. <span style=\"color: #000000;\"><span style=\"font-family: georgia, palatino, serif;\">Beide giften bevinden zich in Skoklosters Slott in Uppsala onder nummer <span style=\"color: #0000ff;\"><a style=\"color: #0000ff;\" href=\"http:\/\/emuseumplus.lsh.se\/eMuseumPlus?service=direct\/1\/ResultLightboxView\/result.t1.collection_lightbox.$TspTitleImageLink.link&amp;sp=10&amp;sp=Scollection&amp;sp=SfieldValue&amp;sp=0&amp;sp=2&amp;sp=3&amp;sp=Slightbox_4x5&amp;sp=0&amp;sp=Sdetail&amp;sp=0&amp;sp=F&amp;sp=T&amp;sp=2\">14633<\/a><\/span>\u00a0resp. <span style=\"color: #0000ff;\"><a style=\"color: #0000ff;\" href=\"http:\/\/emuseumplus.lsh.se\/eMuseumPlus?service=direct\/1\/ResultLightboxView\/result.t2.collection_lightbox.$TspTitleLink.link&amp;sp=10&amp;sp=Scollection&amp;sp=SfieldValue&amp;sp=0&amp;sp=2&amp;sp=3&amp;sp=Slightbox_4x5&amp;sp=0&amp;sp=Sdetail&amp;sp=0&amp;sp=F&amp;sp=T&amp;sp=3\">14634<\/a><\/span>.<\/span><\/span><br \/>\n5. Ook de opvolger van Frederik II de Grote van Pruisen, Frederik Willem II, heeft een temperamentvolle zus, Wilhelmina van Pruisen, die in 1787 met succes de steun van haar broer inroept om de opstand van de regenten tegen haar ook niet zo krachtdadige Nederlandse echtgenoot prins Willem V van Oranje de kop in te drukken.<br \/>\n<\/span><span style=\"font-size: 10pt; color: #000000;\">6. Personer vid Riksens H\u00f6gl. St\u00e4nders Commission (\u2026) h\u00f6rde under Riksdagen i Stockholm \u00e5r 1756, Uti saken r\u00f6rande det h\u00e4r i Staden anlagde upror, Handlingar r\u00f6rande Skandinaviens historia\u201d, deel 13, <span style=\"color: #0000ff;\"><a style=\"color: #0000ff;\" href=\"http:\/\/runeberg.org\/hrsh\/13\/0319.html\">pag. 307<\/a><\/span>.<\/span><br \/>\n<span style=\"color: #000000; font-size: 10pt;\">7. A.J. von H\u00f6pken, &#8220;Skrifter&#8221;, Stockholm 1890, deel 2, <span style=\"color: #0000ff;\"><a style=\"color: #0000ff;\" href=\"https:\/\/play.google.com\/books\/reader?id=hTA3AQAAMAAJ&amp;pg=GBS.PA226&amp;hl=nl&amp;q=meijerfelt\">pag. 226-227<\/a><\/span>.<\/span><br \/>\n<span style=\"color: #000000; font-size: 10pt;\">8. G.J. Ehrensv\u00e4rd, &#8220;Dagboksanteckningar f\u00f6rda vid Gustaf III:s Hof, Stock\u00adholm, deel I, <span style=\"color: #0000ff;\"><a style=\"color: #0000ff;\" href=\"https:\/\/babel.hathitrust.org\/cgi\/pt?q1=meijerfelt;id=pst.000055770118;view=1up;seq=498;start=11;sz=10;page=search;num=462\" data-seq=\"498\">pag. 462<\/a><\/span> en <span style=\"color: #0000ff;\"><a style=\"color: #0000ff;\" href=\"https:\/\/babel.hathitrust.org\/cgi\/pt?q1=meijerfelt;id=pst.000055770118;view=1up;seq=499;start=1;sz=10;page=search;num=463\" data-seq=\"499\">pag. 463<\/a>.<\/span><br \/>\n<\/span><\/p>\n","protected":false},"excerpt":{"rendered":"<p>Johann August is dood, lang leve Johann August! Net als zijn vader wil hij zich militair en politiek verdienstelijk maken voor de Zweedse koning. Op adellijke en militaire onderscheidingen moet hij echter niet kunnen rekenen, omdat hij niet hoger dan graaf kan stijgen en militaire promoties in die vredestijd strikt gekoppeld zijn aan dienstjaren. Dan &hellip; <a href=\"https:\/\/meijenfeldt.nl\/?page_id=55188\" class=\"more-link\">Verder lezen <span class=\"screen-reader-text\">1.7.1. Staatsgreep 1756<\/span><\/a><\/p>\n","protected":false},"author":1,"featured_media":0,"parent":0,"menu_order":0,"comment_status":"closed","ping_status":"closed","template":"","meta":{"footnotes":""},"class_list":["post-55188","page","type-page","status-publish","hentry"],"_links":{"self":[{"href":"https:\/\/meijenfeldt.nl\/index.php?rest_route=\/wp\/v2\/pages\/55188","targetHints":{"allow":["GET"]}}],"collection":[{"href":"https:\/\/meijenfeldt.nl\/index.php?rest_route=\/wp\/v2\/pages"}],"about":[{"href":"https:\/\/meijenfeldt.nl\/index.php?rest_route=\/wp\/v2\/types\/page"}],"author":[{"embeddable":true,"href":"https:\/\/meijenfeldt.nl\/index.php?rest_route=\/wp\/v2\/users\/1"}],"replies":[{"embeddable":true,"href":"https:\/\/meijenfeldt.nl\/index.php?rest_route=%2Fwp%2Fv2%2Fcomments&post=55188"}],"version-history":[{"count":37,"href":"https:\/\/meijenfeldt.nl\/index.php?rest_route=\/wp\/v2\/pages\/55188\/revisions"}],"predecessor-version":[{"id":62993,"href":"https:\/\/meijenfeldt.nl\/index.php?rest_route=\/wp\/v2\/pages\/55188\/revisions\/62993"}],"wp:attachment":[{"href":"https:\/\/meijenfeldt.nl\/index.php?rest_route=%2Fwp%2Fv2%2Fmedia&parent=55188"}],"curies":[{"name":"wp","href":"https:\/\/api.w.org\/{rel}","templated":true}]}}