{"id":54469,"date":"2023-03-16T13:34:22","date_gmt":"2023-03-16T13:34:22","guid":{"rendered":"https:\/\/meijenfeldt.nl\/?page_id=54469"},"modified":"2023-06-22T12:44:37","modified_gmt":"2023-06-22T12:44:37","slug":"meritforteckningar-3","status":"publish","type":"page","link":"https:\/\/meijenfeldt.nl\/?page_id=54469","title":{"rendered":"Merit 1751-1790"},"content":{"rendered":"<p><span style=\"font-size: 14pt;\"><strong><span style=\"color: #000000;\">Samenstelling van meritf\u00f6rteckningar over <\/span><\/strong><\/span><strong style=\"font-size: 18.6667px;\">Johann August von Meijerfeldt jr <\/strong><strong style=\"font-size: 14pt;\"><span style=\"color: #000000;\">in het Riksarkivet Sverige<\/span><\/strong><\/p>\n<table style=\"border-collapse: collapse; width: 100%; height: 1324px;\">\n<tbody>\n<tr style=\"height: 56px;\">\n<td style=\"width: 16.8182%; height: 56px;\"><span style=\"color: #000000; font-size: 10pt;\">1737 den<br \/>\n6 Maii<\/span><\/td>\n<td style=\"width: 83.1818%; height: 56px;\"><span style=\"color: #000000; font-size: 10pt;\">Erh\u00f6lt jag d\u00e5 warande Herr \u00d6fwerste Grefwe Dohnas fullmakt s\u00e5som f\u00f6rare wid des Regimente.<\/span><\/td>\n<\/tr>\n<tr style=\"height: 21px;\">\n<td style=\"width: 16.8182%; height: 21px;\"><span style=\"color: #000000; font-size: 10pt;\">1939 den<br \/>\n6 Junii<\/span><\/td>\n<td style=\"width: 83.1818%; height: 21px;\"><span style=\"color: #000000; font-size: 10pt;\">K\u00e5rt dareffter f\u00e4cktes H\u00f6gst Saliger Hans Kongl: Maj:t Friedrich ben\u00e5da mig med Cammar Herre brefwet, sedan effter jag<br \/>\nN.B. Al in 1751 benoemt hij het bestaan van deze brief<\/span><\/td>\n<\/tr>\n<tr style=\"height: 56px;\">\n<td style=\"width: 16.8182%; height: 56px;\"><span style=\"color: #000000; font-size: 10pt;\">1744 den<br \/>\n13 Junii<\/span><\/td>\n<td style=\"width: 83.1818%; height: 56px;\"><span style=\"color: #000000; font-size: 10pt;\">Undfeck capitain fullmakt p\u00e5 Compagnie H\u00f6gst Sal: hennes Kongl: Maj:<sup>t<\/sup> Drottningens Lif Regimente.<\/span><\/td>\n<\/tr>\n<tr style=\"height: 168px;\">\n<td style=\"width: 16.8182%; height: 142px;\"><span style=\"color: #000000; font-size: 10pt;\">1745<\/span><\/p>\n<p>&nbsp;<\/td>\n<td style=\"width: 83.1818%; height: 142px;\"><span style=\"color: #000000; font-size: 10pt;\">Effter \u00e4rh\u00e5llen Kongl: permission at f\u00e5 tr\u00e4da i uthrikes tienst bewistade jag campagner i Bohmen s\u00e5som volontair under hertigen af Weissenfels, efter senars \u00e5ter marsch till Sachsen jag under Prints Carl af Lottringen war n\u00e4rwarande wid Bataillen wid Soor samt under winter campagnen i Sachsen; i Bataillen wid Kesseldorff:<\/span><\/td>\n<\/tr>\n<tr style=\"height: 112px;\">\n<td style=\"width: 16.8182%; height: 78px;\"><span style=\"font-size: 10pt; color: #000000;\">1746 den<\/span><br \/>\n<span style=\"font-size: 10pt; color: #000000;\">9 Maii<\/span><\/td>\n<td style=\"width: 83.1818%; height: 78px;\"><span style=\"font-size: 10pt; color: #000000;\">Sedan jag \u00e4rf\u00e5llit H\u00f6gst Sal: H:<sup>s<\/sup> Kongl: Maj:<sup>t<\/sup> allern\u00e5digste f\u00f6rskrift till fursten af Waldeck f\u00f6rfogade jag mig till allierta armeen i Brabant hwerest jag ibland andra bewistade Bataillen wid Raucoux.<\/span><\/td>\n<\/tr>\n<tr style=\"height: 84px;\">\n<td style=\"width: 16.8182%; height: 47px;\"><span style=\"font-size: 10pt; color: #000000;\">1749 den<\/span><br \/>\n<span style=\"font-size: 10pt; color: #000000;\">22 Oct:<sup>r<\/sup><\/span><\/td>\n<td style=\"width: 83.1818%; height: 47px;\"><span style=\"font-size: 10pt; color: #000000;\">Blef jag i den f\u00f6ljande Campg: af h\u00f6gbemelte F\u00fcrste f\u00f6rordnad till des General Adjudant, och under samma sij\u03b2lans f\u00f6rr\u00e4ttande f\u00e5ngen uti Bataille wid Laffeld.<\/span><\/td>\n<\/tr>\n<tr style=\"height: 56px;\">\n<td style=\"width: 16.8182%; height: 56px;\"><span style=\"font-size: 10pt; color: #000000;\">1751 den<\/span><br \/>\n<span style=\"font-size: 10pt; color: #000000;\">4 Dec:<sup>r<\/sup><\/span><\/td>\n<td style=\"width: 83.1818%; height: 56px;\"><span style=\"font-size: 10pt; color: #000000;\">Blef jag Kongl: Maj:<sup>ts\u00a0<\/sup>allern\u00e5digst utn\u00e4md och dubbad till Riddare af Kongl:<sup>e<\/sup> Swerdt Orden.<\/span><\/td>\n<\/tr>\n<tr style=\"height: 56px;\">\n<td style=\"width: 16.8182%; height: 56px;\"><span style=\"color: #000000; font-size: 10pt;\">1751 den<\/span><br \/>\n<span style=\"color: #000000; font-size: 10pt;\">18 Dec:<sup>r<\/sup><\/span><\/td>\n<td style=\"width: 83.1818%; height: 56px;\"><span style=\"color: #000000; font-size: 10pt;\">Ben\u00e5dat med Kongl: fullmakt at ware w\u00e4rckelig: Major wid \u00e5fwennamade Regemente.<\/span><\/td>\n<\/tr>\n<tr style=\"height: 28px;\">\n<td style=\"width: 16.8182%; height: 28px;\"><span style=\"color: #000000; font-size: 10pt;\">1756<\/span><\/td>\n<td style=\"width: 83.1818%; height: 28px;\"><span style=\"color: #000000; font-size: 10pt;\">Efter allerund\u00e5nigst \u00e4rh\u00e5llen Permission bevistet som voluntaire med hans durchlaugtighet Erfprintzen af Brunswig Campagner vid Allierade Armeen i Westphalen, och under densamma Bataillen wid Hastenbeck, en samma \u00e5hr d\u00e5 Kongl. Maj:<sup>ts<\/sup> Armee borjade agern in Pommern begifwit mig tilbakans.<br \/>\nN.B. Tot 1774 laat hij deze buitenlandse dienst weg.<\/span><\/td>\n<\/tr>\n<tr style=\"height: 28px;\">\n<td style=\"width: 16.8182%; height: 28px;\"><span style=\"color: #000000; font-size: 10pt;\">1757<\/span><\/td>\n<td style=\"width: 83.1818%; height: 28px;\"><span style=\"color: #000000; font-size: 10pt;\">Major, commanderad wid Cronhiort Regementet.<\/span><\/td>\n<\/tr>\n<tr style=\"height: 56px;\">\n<td style=\"width: 16.8182%; height: 56px;\"><span style=\"color: #000000; font-size: 10pt;\">1758<\/span><\/td>\n<td style=\"width: 83.1818%; height: 56px;\"><span style=\"color: #000000; font-size: 10pt;\">Campagne under Kongl: Majts Arm\u00e9e, bevistad Stralsundska Bloquada. F\u00f6rordnad at commandera det Tijska Granadeur Batallion. Penemijnde Skantz och attaquen p\u00e5 Gustov och dientlige attaquen p\u00e5 Steinhagen.<\/span><\/td>\n<\/tr>\n<tr style=\"height: 28px;\">\n<td style=\"width: 16.8182%; height: 28px;\"><span style=\"color: #000000; font-size: 10pt;\">1759<\/span><\/td>\n<td style=\"width: 83.1818%; height: 28px;\"><span style=\"color: #000000; font-size: 10pt;\">Bevistade med bemelte Bataillion expedition p\u00e5 Usedom och Wollin, nambl. attaquen p\u00e5 &#8230; en Swinemijnde och Wollin, samt Swinemijnde Skantz intagande, j\u00e4mte flera under denna Campagner f\u00f6rfallen Rencontrer.<\/span><\/td>\n<\/tr>\n<tr style=\"height: 56px;\">\n<td style=\"width: 16.8182%; height: 56px;\"><span style=\"color: #000000; font-size: 10pt;\">1759 den<\/span><br \/>\n<span style=\"color: #000000; font-size: 10pt;\">28 Oct:<sup>r<\/sup><\/span><\/td>\n<td style=\"width: 83.1818%; height: 56px;\"><span style=\"color: #000000; font-size: 10pt;\">Erh\u00e5llit Hans Kongl: Maj:<sup>ts<\/sup> allern\u00e5digste fullmakt p\u00e5 \u00d6fwerst-Lieutenant i armeen.<\/span><\/td>\n<\/tr>\n<tr style=\"height: 112px;\">\n<td style=\"width: 16.8182%; height: 112px;\"><span style=\"color: #000000; font-size: 10pt;\">1760<\/span><\/td>\n<td style=\"width: 83.1818%; height: 112px;\"><span style=\"color: #000000; font-size: 10pt;\">Campagne med Bataillonen och Winter Expeditionen wid fientliga inbr\u00e5ttet i Swenska Pommern samt attaquen p\u00e5 Anclam, hwarest Prusi\u03b2e commenderande Generalen Manteuffel blef till f\u00e5nga lage blefwen er\u00f6fwrades ad min Bataillion 3. stijcken sina telige Suet Canoner.<\/span><\/td>\n<\/tr>\n<tr style=\"height: 140px;\">\n<td style=\"width: 16.8182%; height: 140px;\"><span style=\"color: #000000; font-size: 10pt;\">1761<\/span><\/td>\n<td style=\"width: 83.1818%; height: 140px;\"><span style=\"color: #000000; font-size: 10pt;\">Campagne blef mig af Herr Generalen en Chef Ehrensvard utom min Grenadier Bataillion anf\u00f6rtrodt commendo \u00f6fwer en s\u00e4rskillt Avant Corps best\u00e5ende af flere Bataillonen, et regemente Cavalerie och en dehl l\u00e4tta Troupper, hwar\u00f6fwan jan hela Campagneb f\u00f6rde bef\u00e4let, och om winteren med densamma formerade Cordonen f\u00f6r arm\u00e9en l\u00e4ngst effter &#8230;, samt olimperade ar\u00f6ne Usedom och Wollin.<\/span><\/td>\n<\/tr>\n<tr style=\"height: 56px;\">\n<td style=\"width: 16.8182%; height: 56px;\"><span style=\"font-size: 10pt; color: #000000;\">1762<\/span><\/td>\n<td style=\"width: 83.1818%; height: 56px;\"><span style=\"color: #000000; font-size: 10pt;\">Med bem\u00e4lte Corps bevistade winter expedition i Mecklenburg, och beh\u00e5llit commandat \u00f6fwer den samma, til des freden blef sluten, d\u00e5 ocks\u00e5 Grenaderene \u00e5ter afgingo Vegemunstare i Stralsund.<\/span><\/td>\n<\/tr>\n<tr style=\"height: 56px;\">\n<td style=\"width: 16.8182%; height: 56px;\"><span style=\"font-size: 10pt; color: #000000;\">1762 den<\/span><br \/>\n<span style=\"font-size: 10pt; color: #000000;\">29 Junii<\/span><\/td>\n<td style=\"width: 83.1818%; height: 56px;\"><span style=\"font-size: 10pt; color: #000000;\">\u00d6fwerste i armeen.<\/span><\/td>\n<\/tr>\n<tr style=\"height: 56px;\">\n<td style=\"width: 16.8182%; height: 56px;\"><span style=\"font-size: 10pt; color: #000000;\">1766 den<\/span><br \/>\n<span style=\"font-size: 10pt; color: #000000;\">13 Maii<\/span><\/td>\n<td style=\"width: 83.1818%; height: 56px;\"><span style=\"font-size: 10pt; color: #000000;\">F\u00f6rordnad till General-Adjudant hos Hans Kongl: Maj:<sup>t<br \/>\nN.B. besluit is van 12 december 1766<\/sup><\/span><\/td>\n<\/tr>\n<tr style=\"height: 56px;\">\n<td style=\"width: 16.8182%; height: 56px;\"><span style=\"font-size: 10pt; color: #000000;\">1770 den<\/span><br \/>\n<span style=\"font-size: 10pt; color: #000000;\">2 Maii<\/span><\/td>\n<td style=\"width: 83.1818%; height: 56px;\"><span style=\"font-size: 10pt; color: #000000;\">Transporteras till \u00d6fwerste Jedelingen vid Kongl. Westerbotens Regementet<\/span><\/td>\n<\/tr>\n<tr style=\"height: 56px;\">\n<td style=\"width: 16.8182%; height: 56px;\"><span style=\"font-size: 10pt; color: #000000;\">1773 den<\/span><br \/>\n<span style=\"font-size: 10pt; color: #000000;\">1 Nov:<sup>r<\/sup><\/span><\/td>\n<td style=\"width: 83.1818%; height: 56px;\"><span style=\"font-size: 10pt; color: #000000;\">Utn\u00e4md til General Major<\/span><\/td>\n<\/tr>\n<tr style=\"height: 56px;\">\n<td style=\"width: 16.8182%; height: 56px;\"><span style=\"font-size: 10pt; color: #000000;\">1791 den<\/span><br \/>\n<span style=\"font-size: 10pt; color: #000000;\">Martii<\/span><\/td>\n<td style=\"width: 83.1818%; height: 56px;\"><span style=\"font-size: 10pt; color: #000000;\">Erh\u00f6ll Kongl: Maj:t n\u00e5dige afsked<\/span><\/td>\n<\/tr>\n<\/tbody>\n<\/table>\n<p><span style=\"color: #000000;\"><strong>Lijst van meritf\u00f6rteckningar:<\/strong><\/span><\/p>\n<p><span style=\"color: #000000; font-size: 10pt;\"><em>Militaria\/V\/6<\/em><br \/>\nM1114, fol 27-28 <span style=\"color: #0000ff;\"><a style=\"color: #0000ff;\" href=\"https:\/\/meijenfeldt.nl\/wp-content\/uploads\/2023\/02\/M1114-27-28-JAMjr-Meriter-1751-08-31.pdf\">Meriter 1<\/a><\/span>, Stockholm 05-07-1751<br \/>\nM1114, fol 29-30 <span style=\"color: #0000ff;\"><a style=\"color: #0000ff;\" href=\"https:\/\/meijenfeldt.nl\/wp-content\/uploads\/2023\/02\/M1114-29-30-JAMjr-Meriter-1751-08-31.pdf\">Meriter 2<\/a><\/span>, Christianstad, 31-08-1751<br \/>\n<\/span><\/p>\n<p><span style=\"color: #000000; font-size: 10pt;\"><em>Krigsarkivet, Meritband<\/em><br \/>\nDl 1-2-3, fol 635, <span style=\"color: #0000ff;\"><a style=\"color: #0000ff;\" href=\"https:\/\/sok.riksarkivet.se\/bildvisning\/A0043350_00802#?c=&amp;m=&amp;s=&amp;cv=801&amp;xywh=-1192%2C134%2C8062%2C4305\">Regement L\u00f6wenfels<\/a><\/span>, 1757<br \/>\nDl 1-2-3, fol 711<span style=\"color: #0000ff;\"> <a style=\"color: #0000ff;\" href=\"https:\/\/sok.riksarkivet.se\/bildvisning\/A0043350_00889#?c=&amp;m=&amp;s=&amp;cv=888&amp;xywh=-107%2C1131%2C5912%2C3305\">Regement L\u00f6wenfels<\/a><\/span>, 1758,<br \/>\nDl 1-2-3, fol 665, <span style=\"color: #0000ff;\"><a style=\"color: #0000ff;\" href=\"https:\/\/sok.riksarkivet.se\/bildvisning\/A0043350_00836#?c=&amp;m=&amp;s=&amp;cv=835&amp;xywh=-885%2C-61%2C7095%2C3967\">Regement L\u00f6wenfels<\/a><\/span>,\u00a01759.<br \/>\nDl 4-5, fo 1004, <span style=\"color: #0000ff;\"><a style=\"color: #0000ff;\" href=\"https:\/\/sok.riksarkivet.se\/bildvisning\/A0043351_00438#?c=&amp;m=&amp;s=&amp;cv=437&amp;xywh=-380%2C446%2C7095%2C3967\">Regement L\u00f6wenfels<\/a><\/span>,1760<br \/>\nDl 6, fol 1169, <span style=\"color: #0000ff;\"><a style=\"color: #0000ff;\" href=\"https:\/\/sok.riksarkivet.se\/bildvisning\/A0043352_00008#?c=&amp;m=&amp;s=&amp;cv=7&amp;xywh=-22%2C404%2C7093%2C3965\">Regement Sprengtporten<\/a><\/span>,\u00a015-05-1766<br \/>\nDl 17, fol 327, <span style=\"color: #0000ff;\"><a style=\"color: #0000ff;\" href=\"https:\/\/sok.riksarkivet.se\/bildvisning\/A0043361_00354#?c=&amp;m=&amp;s=&amp;cv=353&amp;xywh=-412%2C327%2C7093%2C3966\">Drottningens Lif Regemente<\/a><\/span>, 1768<br \/>\nDl 17, fol 336, <span style=\"color: #0000ff;\"><a style=\"color: #0000ff;\" href=\"https:\/\/sok.riksarkivet.se\/bildvisning\/A0043361_00364#?c=&amp;m=&amp;s=&amp;cv=363&amp;xywh=-280%2C198%2C7093%2C3965\">Drottningens Lif Regemente<\/a>,<\/span> 1769<br \/>\nDl 9, fol 386,\u00a0<span style=\"color: #0000ff;\"><a style=\"color: #0000ff;\" href=\"https:\/\/sok.riksarkivet.se\/bildvisning\/A0043354_00417#?c=&amp;m=&amp;s=&amp;cv=416&amp;xywh=275%2C292%2C5912%2C3305\">Westerbottens\u00a0<\/a><a style=\"color: #0000ff;\" href=\"https:\/\/sok.riksarkivet.se\/bildvisning\/A0043354_00417#?c=&amp;m=&amp;s=&amp;cv=416&amp;xywh=275%2C292%2C5912%2C3305\">Regemente<\/a><\/span>, 23-11-1771<br \/>\nDl 9, fol 893, <span style=\"color: #0000ff;\"><a style=\"color: #0000ff;\" href=\"https:\/\/sok.riksarkivet.se\/bildvisning\/A0043354_00956#?c=&amp;m=&amp;s=&amp;cv=955&amp;xywh=1228%2C431%2C4925%2C2754\">W\u00e4sterbottens Regemente<\/a><\/span>. 30-05-1774<br \/>\nDl 14, fol 907.\u00a0<span style=\"color: #0000ff;\"><a style=\"color: #0000ff;\" href=\"https:\/\/sok.riksarkivet.se\/bildvisning\/A0043359_00997#?c=&amp;m=&amp;s=&amp;cv=996&amp;xywh=560%2C-9%2C5913%2C3306\">W\u00e4sterbottens\u00a0<\/a><a style=\"color: #0000ff;\" href=\"https:\/\/sok.riksarkivet.se\/bildvisning\/A0043359_00997#?c=&amp;m=&amp;s=&amp;cv=996&amp;xywh=560%2C-9%2C5913%2C3306\">Regemente<\/a>,<\/span> 1777<br \/>\nDl 25, fol 147,\u00a0<span style=\"color: #0000ff;\"><a style=\"color: #0000ff;\" href=\"https:\/\/sok.riksarkivet.se\/bildvisning\/A0043369_00194#?c=&amp;m=&amp;s=&amp;cv=193&amp;xywh=11%2C290%2C5913%2C3306\">Nerike och Wermelands Regemente<\/a>, <\/span>1779<br \/>\nDl 25, fol 158,\u00a0<span style=\"color: #0000ff;\"><a style=\"color: #0000ff;\" href=\"https:\/\/sok.riksarkivet.se\/bildvisning\/A0043369_00205#?c=&amp;m=&amp;s=&amp;cv=204&amp;xywh=10%2C278%2C5912%2C3305\">Nerike och Wermelands Regemente<\/a>,\u00a0<\/span>1780<br \/>\nDl 25, fol 171.\u00a0<span style=\"color: #0000ff;\"><a style=\"color: #0000ff;\" href=\"https:\/\/sok.riksarkivet.se\/bildvisning\/A0043369_00221#?c=&amp;m=&amp;s=&amp;cv=220&amp;xywh=-337%2C368%2C7761%2C4339\">Nerike och Wermelands Regemente<\/a><\/span>, 1780<br \/>\nDl 21, fol 726,\u00a0<span style=\"color: #0000ff;\"><a style=\"color: #0000ff;\" href=\"https:\/\/sok.riksarkivet.se\/bildvisning\/A0043365_00803#?c=&amp;m=&amp;s=&amp;cv=802&amp;xywh=-830%2C129%2C8042%2C4496\">Nerike och Wermelands Regemente<\/a><\/span>, 1783<br \/>\nDl 29, fol 206,\u00a0<span style=\"color: #0000ff;\"><a style=\"color: #0000ff;\" href=\"https:\/\/sok.riksarkivet.se\/bildvisning\/A0043372_00211#?c=&amp;m=&amp;s=&amp;cv=210&amp;xywh=-1642%2C-39%2C8515%2C4761\">Nerike och Wermelands Regemente<\/a>,\u00a0<\/span>1790<br \/>\nDl 29, fol 216,\u00a0<span style=\"color: #0000ff;\"><a style=\"color: #0000ff;\" href=\"https:\/\/sok.riksarkivet.se\/bildvisning\/A0043372_00221#?c=&amp;m=&amp;s=&amp;cv=220&amp;xywh=-538%2C259%2C7095%2C3967\">Nerike och Wermelands Regemente<\/a>,\u00a0<\/span>1790<br \/>\nDl 29, fol 312,\u00a0<span style=\"color: #0000ff;\"><a style=\"color: #0000ff;\" href=\"https:\/\/sok.riksarkivet.se\/bildvisning\/A0043372_00322#?c=&amp;m=&amp;s=&amp;cv=321&amp;xywh=1340%2C335%2C4109%2C2295\">Nerike och Wermelands Regemente<\/a>,\u00a0<\/span>1790<br \/>\n<\/span><\/p>\n<p><em><span style=\"font-size: 10pt;\">Krigsarkivet,\u00a0<\/span><\/em><span style=\"color: #000000; font-size: 13.3333px;\"><em>Meritf\u00f6rteckningar<\/em><br \/>\n<\/span><span style=\"color: #000000; font-size: 13.3333px;\">0321, 248,<\/span> <a style=\"color: #000000; font-size: 13.3333px;\" href=\"https:\/\/sok.riksarkivet.se\/bildvisning\/A0004242_00248#?c=&amp;m=&amp;s=&amp;cv=247&amp;xywh=89%2C746%2C4059%2C2167\"><span style=\"color: #0000ff;\">General-Lieutenant och Commendeur<\/span><\/a>. <span style=\"color: #000000; font-size: 13.3333px;\">27-12-1778<br \/>\n<\/span><span style=\"color: #000000; font-size: 13.3333px;\">0321, <\/span><span style=\"color: #000000; font-size: 13.3333px;\">239,\u00a0<\/span><a style=\"color: #000000; font-size: 13.3333px;\" href=\"https:\/\/sok.riksarkivet.se\/bildvisning\/A0004242_00239#?c=&amp;m=&amp;s=&amp;cv=238&amp;xywh=2227%2C1027%2C2107%2C1125\"><span style=\"color: #0000ff;\">General-Lieutenant och Commendeur transporterad<\/span><\/a>,\u00a0<span style=\"color: #000000; font-size: 13.3333px;\">10-02-1779<br \/>\n<span style=\"color: #000000; font-size: 10pt;\">0321, 265, 270, 276, <span style=\"color: #0000ff;\"><a style=\"color: #0000ff;\" href=\"https:\/\/sok.riksarkivet.se\/bildvisning\/A0004242_00265#?c=&amp;m=&amp;s=&amp;cv=264&amp;xywh=2066%2C1793%2C2849%2C1593\">General-Lieutenant och Commendeur<\/a><span style=\"color: #000000;\">, 1788<\/span><\/span><\/span><\/span><\/p>\n<p style=\"text-align: center;\"><span style=\"color: #0000ff;\"><a style=\"color: #0000ff;\" href=\"https:\/\/meijenfeldt.nl\/?page_id=54482\"><span style=\"font-size: 10pt;\">Handschriften<\/span><\/a><\/span><\/p>\n","protected":false},"excerpt":{"rendered":"<p>Samenstelling van meritf\u00f6rteckningar over Johann August von Meijerfeldt jr in het Riksarkivet Sverige 1737 den 6 Maii Erh\u00f6lt jag d\u00e5 warande Herr \u00d6fwerste Grefwe Dohnas fullmakt s\u00e5som f\u00f6rare wid des Regimente. 1939 den 6 Junii K\u00e5rt dareffter f\u00e4cktes H\u00f6gst Saliger Hans Kongl: Maj:t Friedrich ben\u00e5da mig med Cammar Herre brefwet, sedan effter jag N.B. Al &hellip; <a href=\"https:\/\/meijenfeldt.nl\/?page_id=54469\" class=\"more-link\">Verder lezen <span class=\"screen-reader-text\">Merit 1751-1790<\/span><\/a><\/p>\n","protected":false},"author":1,"featured_media":0,"parent":0,"menu_order":0,"comment_status":"closed","ping_status":"closed","template":"","meta":{"footnotes":""},"class_list":["post-54469","page","type-page","status-publish","hentry"],"_links":{"self":[{"href":"https:\/\/meijenfeldt.nl\/index.php?rest_route=\/wp\/v2\/pages\/54469","targetHints":{"allow":["GET"]}}],"collection":[{"href":"https:\/\/meijenfeldt.nl\/index.php?rest_route=\/wp\/v2\/pages"}],"about":[{"href":"https:\/\/meijenfeldt.nl\/index.php?rest_route=\/wp\/v2\/types\/page"}],"author":[{"embeddable":true,"href":"https:\/\/meijenfeldt.nl\/index.php?rest_route=\/wp\/v2\/users\/1"}],"replies":[{"embeddable":true,"href":"https:\/\/meijenfeldt.nl\/index.php?rest_route=%2Fwp%2Fv2%2Fcomments&post=54469"}],"version-history":[{"count":24,"href":"https:\/\/meijenfeldt.nl\/index.php?rest_route=\/wp\/v2\/pages\/54469\/revisions"}],"predecessor-version":[{"id":56690,"href":"https:\/\/meijenfeldt.nl\/index.php?rest_route=\/wp\/v2\/pages\/54469\/revisions\/56690"}],"wp:attachment":[{"href":"https:\/\/meijenfeldt.nl\/index.php?rest_route=%2Fwp%2Fv2%2Fmedia&parent=54469"}],"curies":[{"name":"wp","href":"https:\/\/api.w.org\/{rel}","templated":true}]}}