{"id":5421,"date":"2017-08-20T09:22:35","date_gmt":"2017-08-20T09:22:35","guid":{"rendered":"http:\/\/meijenfeldt.nl\/?page_id=5421"},"modified":"2025-01-07T11:08:42","modified_gmt":"2025-01-07T11:08:42","slug":"mini-summary","status":"publish","type":"page","link":"https:\/\/meijenfeldt.nl\/?page_id=5421","title":{"rendered":"ii. Abstract"},"content":{"rendered":"<p style=\"text-align: center;\"><span style=\"font-size: 12pt; color: #000000;\"><span style=\"color: #0000ff;\"><a style=\"color: #0000ff;\" href=\"#zweeds\"><span style=\"font-size: 10pt;\">Svenska<\/span><\/a><\/span><span style=\"font-size: 10pt;\">\u00a0 \u00a0<\/span><\/span><span style=\"font-size: 10pt;\"><span style=\"color: #000000;\">***\u00a0 \u00a0<span style=\"color: #0000ff;\"><a style=\"color: #0000ff;\" href=\"#nederlands\">Nederlands<\/a><\/span><\/span><span style=\"color: #000000;\">\u00a0 \u00a0***\u00a0 \u00a0<span style=\"color: #0000ff;\"><a style=\"color: #0000ff;\" href=\"#duits\">Deutsch<\/a><\/span>\u00a0 \u00a0***\u00a0 \u00a0<span style=\"color: #0000ff;\"><a style=\"color: #0000ff;\" href=\"#engels\">English<\/a><\/span><\/span><\/span><\/p>\n<p style=\"text-align: center;\"><img loading=\"lazy\" decoding=\"async\" class=\"alignnone wp-image-60510\" src=\"https:\/\/meijenfeldt.nl\/wp-content\/uploads\/2023\/10\/Mondriaan-300x300.webp\" alt=\"\" width=\"345\" height=\"345\" srcset=\"https:\/\/meijenfeldt.nl\/wp-content\/uploads\/2023\/10\/Mondriaan-300x300.webp 300w, https:\/\/meijenfeldt.nl\/wp-content\/uploads\/2023\/10\/Mondriaan-150x150.webp 150w, https:\/\/meijenfeldt.nl\/wp-content\/uploads\/2023\/10\/Mondriaan-768x768.webp 768w, https:\/\/meijenfeldt.nl\/wp-content\/uploads\/2023\/10\/Mondriaan.webp 921w\" sizes=\"auto, (max-width: 345px) 100vw, 345px\" \/><br \/>\n<em><span style=\"color: #000000; font-family: georgia, palatino, serif; font-size: 10pt;\">Compositie met groot rood vlak, geel, zwart, grijs en blauw<br \/>\nPiet Mondriaan, 1921 \u2013 Gemeentemuseum Den Haag<a id=\"zweeds\"><\/a><\/span><\/em><\/p>\n<p style=\"text-align: center;\"><span style=\"color: #800000;\"><strong><span style=\"font-size: 12pt;\">Sammanfattning<\/span><\/strong><\/span><\/p>\n<p id=\"tw-target-text\" class=\"tw-data-text tw-text-large tw-ta\" dir=\"ltr\" style=\"text-align: justify;\" data-placeholder=\"Vertaling\"><span class=\"Y2IQFc\" lang=\"sv\" style=\"color: #000000;\">Familjen Von Meijenfeldt bor i Nederl\u00e4nderna och Kanada. Det finns cirka 160 medlemmar f\u00f6rdelade p\u00e5 tre grenar (De Haas, De Koe och Augustijn). Trots familjens ringa storlek \u00e4r namnet ganska v\u00e4lk\u00e4nt i landet. En f\u00f6rklaring till detta kan vara den uppenbara utl\u00e4ndska adeln och ett stort antal artiklar om n\u00e5gra familjemedlemmar p\u00e5 de nationella tidningarnas f\u00f6rstasidor. Mindre \u00e4n 100 medlemmar av familjen Von Meijenfeldt levde och dog i Nederl\u00e4nderna. Den f\u00f6rsta f\u00f6rfadern, Johan August, registrerades i Amsterdam den 1 maj 1793. Han f\u00f6ddes omkring 1760 n\u00e4ra den gamla hansestaden Stralsund i svenska Pommern vid \u00d6stersj\u00f6n.<\/span><\/p>\n<p id=\"tw-target-text\" class=\"tw-data-text tw-text-large tw-ta\" dir=\"ltr\" style=\"text-align: justify;\" data-placeholder=\"Vertaling\"><span class=\"Y2IQFc\" lang=\"sv\" style=\"color: #000000;\">Det finns mycket mer \u00e4n indicier f\u00f6r att Johan August var en naturlig son till den svenske greven Johan August von Meijerfeldt (1725-1800), f\u00e4ltmarskalk i det svensk-ryska kriget 1788-1790. Namn, platser, datum och ritningar i Sverige, Tyskland och Nederl\u00e4nderna visar s\u00e5 m\u00e5nga likheter att slumpen kan uteslutas. F\u00f6re sitt \u00e4ktenskap i <\/span><span style=\"color: #000000;\">1763 <\/span><span style=\"color: #000000;\">med grevinnan Lovisa Augusta Sparre (1745-1817)\u00a0 deltog greven i de \u00f6sterrikiska tronf\u00f6ljdskrigen. Till en b\u00f6rjan utf\u00f6rde han kejserlig milit\u00e4rtj\u00e4nst i Schlesien, Nederl\u00e4nderna och Hannover. Han anv\u00e4ndes sedan i svensk tj\u00e4nst i Pommern, d\u00e4r han tillbringade de l\u00e5nga, kalla vintrarna p\u00e5 sitt gods i Nehringen. Den adliga familjen Von Meijerfeldt deltog i kungahovet i Stockholm i fransk stil. Tv\u00e5 s\u00f6ner f\u00f6ddes och dog senare av skottskador (Johan August 1766-1791) och hj\u00e4rnhinneinflammation (Axel Friedrich 1769-1795).<\/span><\/p>\n<p id=\"tw-target-text\" class=\"tw-data-text tw-text-large tw-ta\" dir=\"ltr\" style=\"text-align: justify;\" data-placeholder=\"Vertaling\"><span class=\"Y2IQFc\" lang=\"sv\" style=\"color: #000000;\">Tjugo \u00e5r tidigare (1674) uppfostrades hans far Andreas Meijer till den svenska adeln med till\u00e4gg av &#8220;feldt&#8221; till namnet. Den fr\u00e4msta motiveringen var att han kunde smuggla ut en beskrivning av f\u00e4stningen Gl\u00fcckstadt d\u00e4r han hade blivit tillf\u00e5ngatagen av danskarna, tillsammans med en plan f\u00f6r att inta den. Andreas blev \u00f6verinspekt\u00f6r \u00f6ver de livl\u00e4ndska dom\u00e4nerna i Oberpahlen.<\/span><\/p>\n<p id=\"tw-target-text\" class=\"tw-data-text tw-text-large tw-ta\" dir=\"ltr\" style=\"text-align: justify;\" data-placeholder=\"Vertaling\"><span class=\"Y2IQFc\" lang=\"sv\" style=\"color: #000000;\">Den f\u00f6rste Meijer var Johan 1480, som tj\u00e4nade den livl\u00e4ndska orden. 1510 var han Kastelan i Riga. Hans f\u00f6rl\u00e4ning var Bubbusch (idag Pabaze i Lettland). N\u00e4r orden uppl\u00f6stes 1562 besl\u00f6t hans sonson Hinrik och hans \u00e4ttlingar att tj\u00e4na den svenska landsh\u00f6vdingen i Estland.<\/span><\/p>\n<p id=\"tw-target-text\" class=\"tw-data-text tw-text-large tw-ta\" dir=\"ltr\" style=\"text-align: justify;\" data-placeholder=\"Vertaling\"><span class=\"Y2IQFc\" lang=\"sv\" style=\"color: #000000;\">M\u00e5nga namne levde tidigare i Europa, men var inte sl\u00e4kt med varandra. Flera schweiziska, \u00f6sterrikiska och tyska adelsfamiljer fr\u00e5n Konstanz, Soglio, R\u00f6sebeck och Bremen har d\u00f6tt ut. M\u00e5nga judiska namne emigrerade fr\u00e5n Hessen till USA mellan 1850 och 1920 efter att ha tagit sin arbetsgivares efternamn eller ut\u00f6kat sitt f\u00f6rnamn Meijer till efternamn p\u00e5 grund av Napoleons regler.<a id=\"nederlands\"><\/a><\/span><\/p>\n<p style=\"text-align: center;\"><span style=\"color: #800000;\"><strong><span style=\"font-size: 12pt;\">Samenvatting<\/span><\/strong><\/span><\/p>\n<p id=\"tw-target-text\" class=\"tw-data-text tw-text-large tw-ta\" dir=\"ltr\" style=\"text-align: justify;\" data-placeholder=\"Vertaling\"><span class=\"Y2IQFc\" lang=\"nl\" style=\"color: #000000;\">De familie Von Meijenfeldt woont in Nederland en Canada. Er zijn ongeveer 160 leden verdeeld over drie takken (De Haas, De Koe en Augustijn). Ondanks de kleine omvang van de familie is de naam vrij goed bekend in het land. Een verklaring hiervoor zou kunnen liggen in de voor de hand liggende buitenlandse adel en een groot aantal artikelen over enkele familieleden op de voorpagina&#8217;s van landelijke dagbladen. Minder dan 100 leden van de familie Von Meijenfeldt woonden en stierven in Nederland. De eerste voorvader, Johan August, registreerde zich op 1 mei 1793 in Amsterdam. Hij werd rond 1760 geboren in de buurt van de oude Hanzestad Stralsund in Zweeds-Pommeren aan de Oostzee.<\/span><\/p>\n<p id=\"tw-target-text\" class=\"tw-data-text tw-text-large tw-ta\" dir=\"ltr\" style=\"text-align: justify;\" data-placeholder=\"Vertaling\"><span class=\"Y2IQFc\" lang=\"nl\" style=\"color: #000000;\">Er is veel meer dan indirect bewijs dat Johan August een natuurlijke zoon was van de Zweedse graaf Johan August von Meijerfeldt (1725-1800), veldmaarschalk in de Zweeds-Russische oorlog 1788-1790. Namen, plaatsen, data en tekeningen in Zweden, Duitsland en Nederland vertonen zoveel overeenkomsten dat toeval kan worden uitgesloten. V\u00f3\u00f3r zijn huwelijk met gravin Lovisa Augusta Sparre (1745-1817) in 1763 nam de graaf deel aan de Oostenrijkse Successieoorlogen. Aanvankelijk vervulde hij keizerlijke militaire dienst in Silezi\u00eb, Nederland en Hannover. Daarna werd hij gebruikt in Zweedse dienst in Pommeren, waar hij de lange, koude winters doorbracht op zijn landgoed in Nehringen. De adellijke familie Meijerfeldt nam geheel in Franse stijl deel aan het koninklijke hof in Stockholm. Twee zonen werden geboren en stierven later aan schotwonden (Johan augustus 1766-1791) en nekkramp (Axel Friedrich 1769-1795).<\/span><\/p>\n<p id=\"tw-target-text\" class=\"tw-data-text tw-text-large tw-ta\" dir=\"ltr\" style=\"text-align: justify;\" data-placeholder=\"Vertaling\"><span class=\"Y2IQFc\" lang=\"nl\" style=\"color: #000000;\">Twintig jaar eerder (1674) werd zijn vader Andreas Meijer in de Zweedse adel verheven met toevoeging van &#8220;feldt&#8221; aan de naam. De belangrijkste motivatie was dat hij een beschrijving van het fort van Gl\u00fcckstadt, waar hij door de Denen was gevangengenomen, naar buiten kon smokkelen, samen met een plan om het te veroveren. Andreas werd hoofdinspecteur over de Lijflandse domeinen van Oberpahlen. <\/span><\/p>\n<p class=\"tw-data-text tw-text-large tw-ta\" dir=\"ltr\" style=\"text-align: justify;\" data-placeholder=\"Vertaling\"><span class=\"Y2IQFc\" lang=\"nl\" style=\"color: #000000;\">De eerste Meijer was Johan in 1480, die de Lijflandse Orde diende. In 1510 was hij Kastelan in Riga. Zijn leengoed was Bubbusch (vandaag Pabaze in Letland). Toen de orde in 1562 werd ontbonden, besloten zijn kleinzoon Hinrik en zijn nakomelingen om de Zweedse gouverneur in Estland te dienen.<\/span><\/p>\n<p id=\"tw-target-text\" class=\"tw-data-text tw-text-large tw-ta\" dir=\"ltr\" style=\"text-align: justify;\" data-placeholder=\"Vertaling\"><span class=\"Y2IQFc\" lang=\"nl\" style=\"color: #000000;\">Veel naamgenoten woonden vroeger in Europa, maar waren geen familie van elkaar. Verschillende Zwitserse, Oostenrijkse en Duitse adellijke families uit Konstanz, Soglio, R\u00f6sebeck en Bremen zijn uitgestorven. Veel joodse naamgenoten emigreerden tussen 1850 en 1920 van Hessen naar de Verenigde Staten nadat ze de achternaam van hun werkgever hadden aangenomen of hun\u00a0 hun voornaam Meijer hadden uitgebreid tot achternaam vanwege de regels van Napoleon.<a id=\"duits\"><\/a><\/span><\/p>\n<p style=\"text-align: center;\"><span style=\"color: #800000;\"><strong><span style=\"font-size: 12pt;\">Zusammenfassung<\/span><\/strong><\/span><\/p>\n<p id=\"tw-target-text\" class=\"tw-data-text tw-text-large tw-ta\" dir=\"ltr\" style=\"text-align: justify;\" data-placeholder=\"Vertaling\"><span class=\"Y2IQFc\" lang=\"de\" style=\"color: #000000;\">Die Familie von Meijenfeldt lebt in den Niederlanden und Kanada. Es gibt rund 160 Mitglieder, die sich auf drei Zweige (De Haas, De Koe und Augustijn) verteilen. Trotz der geringen Gr\u00f6\u00dfe der Familie ist der Name im Land ziemlich bekannt. Eine Erkl\u00e4rungung daf\u00fcr k\u00f6nnten der offensichtliche ausl\u00e4ndische Adel und eine Vielzahl von Artikeln \u00fcber einige wenige Familienmitglieder auf den Titelseiten nationaler Zeitungen sein. Weniger als 100 Mitglieder der Familie Von Meijenfeldt haben in den Niederlanden gelebt und sind dort gestorben. Der erste Vorfahr, Johan August, hat sich am 1. Mai 1793 in Amsterdam angemeldet. Er wurde um 1760 in der N\u00e4he der alten Hansestadt Stralsund in Schwedisch-Vorpommern an der Ostsee geboren.<\/span><\/p>\n<p id=\"tw-target-text\" class=\"tw-data-text tw-text-large tw-ta\" dir=\"ltr\" style=\"text-align: justify;\" data-placeholder=\"Vertaling\"><span class=\"Y2IQFc\" lang=\"de\" style=\"color: #000000;\">Es gibt viel mehr als Indizienbeweise daf\u00fcr, dass Johan August ein nat\u00fcrlicher Sohn des schwedischen Grafen Johan August von Meijerfeldt (1725-1800), Feldmarschall im Schwedisch-Russischen Krieg 1788-1790, war. Namen, Orte, Daten und Zeichnungen in Schweden, Deutschland und den Niederlanden weisen so viele \u00c4hnlichkeiten auf, dass man den Zufall verneinen kann. Vor seiner Hochzeit mit Gr\u00e4fin Lovisa Augusta Sparre (1745-1817) im Jahr 1763 nahm der Graf an den \u00d6sterreichischen Erbfolgekriegen teil. Er leistete zun\u00e4chst kaiserliche Milit\u00e4rdienste in Schlesien, den Niederlanden und Hannover. Danach wurde er in schwedischen Diensten in Pommern gebraucht, wo er die langen kalten Winter auf seinem Gut Nehringen verbrachte. Die Adelsfamilie Meijerfeldt trat ganz im franz\u00f6sischen Stil ins Leben am k\u00f6niglichen Hof in Stockholm ein. Zwei S\u00f6hne wurden geboren und starben sp\u00e4ter an Schussverletzungen (Johan August 1766-1791) und Miningitis (Axel Friedrich 1769-1795).<\/span><\/p>\n<p id=\"tw-target-text\" class=\"tw-data-text tw-text-large tw-ta\" dir=\"ltr\" style=\"text-align: justify;\" data-placeholder=\"Vertaling\"><span class=\"Y2IQFc\" lang=\"de\" style=\"color: #000000;\">Der Vater des Feldmarschalls hie\u00df auch Johan August von Meijerfeldt (1664-1749). Nachdem er 1717 Brita Barnekow geheiratet hatte, war er Generalgouverneur von Schwedisch-Pommern. Nachdem ihm der K\u00f6nig das Gut Nehringen geschenkt hatte, restaurierte er die Geb\u00e4ude, insbesondere die St.-Andreas-Kirche. Sein Sohn Carl Friedrich jr. baute um 1880 das neue Gutshaus. Die Kirche wurde in kommunistischer Zeit durch den Pfarrer vor dem Abriss gerettet. Schlie\u00dflich wurde die Herrenloge in der Kirche eingeweiht. Der Generalgouverneur wurde Graf aufgrund seiner mutigen und loyalen Abenteuer mit K\u00f6nig Karl XII. in Livland, Polen, Sachsen und der Ukraine zwischen 1700 und 1715. Zu Beginn des Jahres 1694 war er vom englisch-niederl\u00e4ndischen K\u00f6nig Wilhelm III. unter Vertrag genommen worden im Dienst der Provinz Zeeland.<\/span><\/p>\n<p id=\"tw-target-text\" class=\"tw-data-text tw-text-large tw-ta\" dir=\"ltr\" style=\"text-align: justify;\" data-placeholder=\"Vertaling\"><span class=\"Y2IQFc\" lang=\"de\" style=\"color: #000000;\">Zwanzig Jahre zuvor (1674) wurde sein Vater Andreas Meijer in den schwedischen Adelsstand erhoben und f\u00fcgte dem Namen \u201efeldt\u201c hinzu. Die Hauptmotivation war, dass er eine Beschreibung der Festung Gl\u00fcckstadt, in der er von den D\u00e4nen gefangen genommen wurde, zusammen mit einem Plan f\u00fcr ihre Eroberung herausschmuggeln konnte. Andreas wurde Generalinspektor \u00fcber die livl\u00e4ndischen Dom\u00e4nen von Oberpahlen.<\/span><\/p>\n<p id=\"tw-target-text\" class=\"tw-data-text tw-text-large tw-ta\" dir=\"ltr\" style=\"text-align: justify;\" data-placeholder=\"Vertaling\"><span class=\"Y2IQFc\" lang=\"de\" style=\"color: #000000;\">Der erste Meijer war 1480 Johan, der dem Livl\u00e4ndischen Orden diente. 1510 war er Kastelan in Riga. Sein Lehen war Bubbusch (heute Pabaze in Lettland). Als der Orden 1562 aufgel\u00f6st wurde, beschlossen sein Enkel Hinrik und seine Nachkommen, dem schwedischen Gouverneur in Estland zu dienen. <\/span><\/p>\n<p class=\"tw-data-text tw-text-large tw-ta\" dir=\"ltr\" style=\"text-align: justify;\" data-placeholder=\"Vertaling\"><span class=\"Y2IQFc\" lang=\"de\" style=\"color: #000000;\">Viele Menschen mit einem \u00e4hnlich klingenden Familiennamen lebten fr\u00fcher in Europa, waren aber nicht miteinander verwandt. Mehrere schweizerische, \u00f6sterreichische und deutsche Adelsgeschlechter aus Konstanz, Soglio, R\u00f6sebeck und Bremen sind ausgestorben. Viele j\u00fcdische Namensvetter wanderten zwischen 1850 und 1920 aus Hessen in die Vereinigten Staaten aus, nachdem sie den Namen ihres Arbeitgebers angenommen hatten oder eine eigene Erfindung ihres Vornamens Meijer erschaften, die ihnen durch napoleonische Regeln aufgezwungen wurde.<a id=\"engels\"><\/a><\/span><\/p>\n<p style=\"text-align: center;\"><span style=\"font-size: 12pt; color: #800000;\"><strong>Summary<\/strong><\/span><\/p>\n<p style=\"text-align: justify;\"><span style=\"color: #000000;\">The Von Meijenfeldt family lives in the Netherlands and Canada. There are around 160 members, divided over three branches (De Haas, De Koe and Augustijn). In spite of the small size of the family, the name is rather renowned in the country. A clarification for this could be the apparent foreign nobility and a variety of articles about a few members of the family on the front pages of national newspapers. Less than 100 members of the family Von Meijenfeldt have lived and died in the Netherlands. The first ancestor, Johan August, arrived in Amsterdam 1 May 1793. He was born around 1760 in the vicinity of the old Hanseatic harbour city of Stralsund in Swedish-Pomerania on the Baltic Sea.<\/span><\/p>\n<p style=\"text-align: justify;\"><span style=\"color: #000000;\">There is a lot more than circumstantial evidence that Johan August was a natural son of the Swedish Count Johan August von Meijerfeldt (1725-1800), Field Marshal in the Swedish-Russian War 1788-1790. Names, places, dates and drawings in Sweden, Germany and the Netherlands show so many similarities that one can negate coincidence. Before his wedding to Countess Lovisa Augusta Sparre (1745-1817) in 1763 the Count took part in the Austrian Succession Wars. He first went into the Emperor\u2019s military service in Silesia, the Netherlands and Hannover. Afterwards he was needed in Swedish service in Pomerania, where he spent the long cold winters on his Nehringen Estate. The noble Meijerfeldt family joined life at the Royal Court in Stockholm in full French style. Two sons were born and subsequently died from shot wounds (Johan August 1766-1791) and meningitis (Axel Friedrich 1769-1795).<\/span><\/p>\n<p style=\"text-align: justify;\"><span style=\"color: #000000;\">The father of the field marshal was also called Johan August von Meijerfeldt (1664-1749). He was governor-general of Swedish-Pomerania after he married Brita Barnekow in 1717. After the king donated the Nehringen Estate to him, he restaured the buildings, especially the St. Andreas Church. His son Carl Friedrich jr built the new manor house around 1880. The church was saved from demolition by the vicar during communist times. Finally the Lords \u2018loge\u2019 inside the church has been inaugurated. The governor-general acquired the Nehringen Estate and became count because of his brave and loyal adventures with King Charles XII in Livonia, Poland, Saxonia and Ukraine between 1700 and 1715. Earlier in 1694 he had been contracted by the Anglo-Dutch King William III in the service of the province of Zeeland.<\/span><\/p>\n<p style=\"text-align: justify;\"><span style=\"color: #000000;\">Twenty years prior to this (1674) his father Andreas Meijer was raised in Swedish nobility adding \u201cfeldt\u201d to the name. The main motivation was that he was able to smuggle out a description of the Gl\u00fcckstadt fortress in which he was captured by the Danes, together with a plan on how to conquer it. Andreas became Inspector-General over de Livonian domains of Oberpahlen.<\/span><\/p>\n<p style=\"text-align: justify;\"><span style=\"color: #000000;\">The first Meijer was Johan in 1480, serving the Livonian Order. In 1510 he was the warden of the fortress of Riga. His fief was Bubbusch (now Pabaze in Latvia). When the Order was liquidated in 1562, his grandson Hinrik and his descendants decided to serve the Swedish governor in Estonia.<\/span><\/p>\n<p style=\"text-align: justify;\"><span style=\"color: #000000;\">Many people with a similarly sounding family name used to live in Europe but were not related. Several Swiss, Austrian and German noble families from Konstanz, Soglio, R\u00f6sebeck and Bremen have died out. Many Jewish namesakes emigrated from Hessia to the United States between 1850 and 1920 after they adopted the name of their employer or created an own concoction of their first name Meijer, forced on them by Napoleontic rules.<\/span><\/p>\n<p style=\"text-align: center;\"><span style=\"font-family: georgia, palatino, serif; font-size: 10pt;\"><span style=\"color: #0000ff;\"><a style=\"color: #0000ff;\" href=\"https:\/\/meijenfeldt.nl\/?page_id=51165\">Terug<\/a><\/span>\u00a0 \u00a0***\u00a0 \u00a0<span style=\"color: #0000ff;\"><a style=\"color: #0000ff;\" href=\"https:\/\/meijenfeldt.nl\/?page_id=51169\">Verder<\/a><\/span><\/span><\/p>\n","protected":false},"excerpt":{"rendered":"<p>Svenska\u00a0 \u00a0***\u00a0 \u00a0Nederlands\u00a0 \u00a0***\u00a0 \u00a0Deutsch\u00a0 \u00a0***\u00a0 \u00a0English Compositie met groot rood vlak, geel, zwart, grijs en blauw Piet Mondriaan, 1921 \u2013 Gemeentemuseum Den Haag Sammanfattning Familjen Von Meijenfeldt bor i Nederl\u00e4nderna och Kanada. Det finns cirka 160 medlemmar f\u00f6rdelade p\u00e5 tre grenar (De Haas, De Koe och Augustijn). Trots familjens ringa storlek \u00e4r namnet ganska &hellip; <a href=\"https:\/\/meijenfeldt.nl\/?page_id=5421\" class=\"more-link\">Verder lezen <span class=\"screen-reader-text\">ii. Abstract<\/span><\/a><\/p>\n","protected":false},"author":1,"featured_media":0,"parent":0,"menu_order":0,"comment_status":"closed","ping_status":"closed","template":"","meta":{"footnotes":""},"class_list":["post-5421","page","type-page","status-publish","hentry"],"_links":{"self":[{"href":"https:\/\/meijenfeldt.nl\/index.php?rest_route=\/wp\/v2\/pages\/5421","targetHints":{"allow":["GET"]}}],"collection":[{"href":"https:\/\/meijenfeldt.nl\/index.php?rest_route=\/wp\/v2\/pages"}],"about":[{"href":"https:\/\/meijenfeldt.nl\/index.php?rest_route=\/wp\/v2\/types\/page"}],"author":[{"embeddable":true,"href":"https:\/\/meijenfeldt.nl\/index.php?rest_route=\/wp\/v2\/users\/1"}],"replies":[{"embeddable":true,"href":"https:\/\/meijenfeldt.nl\/index.php?rest_route=%2Fwp%2Fv2%2Fcomments&post=5421"}],"version-history":[{"count":21,"href":"https:\/\/meijenfeldt.nl\/index.php?rest_route=\/wp\/v2\/pages\/5421\/revisions"}],"predecessor-version":[{"id":69782,"href":"https:\/\/meijenfeldt.nl\/index.php?rest_route=\/wp\/v2\/pages\/5421\/revisions\/69782"}],"wp:attachment":[{"href":"https:\/\/meijenfeldt.nl\/index.php?rest_route=%2Fwp%2Fv2%2Fmedia&parent=5421"}],"curies":[{"name":"wp","href":"https:\/\/api.w.org\/{rel}","templated":true}]}}