{"id":53994,"date":"2023-02-26T11:20:32","date_gmt":"2023-02-26T11:20:32","guid":{"rendered":"https:\/\/meijenfeldt.nl\/?page_id=53994"},"modified":"2023-04-26T09:49:44","modified_gmt":"2023-04-26T09:49:44","slug":"tal-1817","status":"publish","type":"page","link":"https:\/\/meijenfeldt.nl\/?page_id=53994","title":{"rendered":"Tal 1817"},"content":{"rendered":"<p><span style=\"font-size: 14pt;\"><strong><span style=\"color: #000000;\">Tal, \u00f6fver framledne (&#8230;) Enkefru, H\u00f6gv\u00e4lborne Grefvinnan Lovia Augusta Meyerfelt, f\u00f6dd Grefvinna Sparre, h\u00e5llit vid Dess Jordf\u00e4sting i St. Clara Kyrka den 23 September 1817 af Carl. P. Hagberg, Th. Doct. Professor, Kyrkoherde vid Clara F\u00f6rsammling.<\/span><\/strong> <strong><span style=\"color: #000000;\">Stockholm, tryckt hos Olof Grahn, 1817.<\/span><\/strong><\/span><\/p>\n<p><span style=\"color: #0000ff;\"><a style=\"color: #0000ff;\" href=\"https:\/\/meijenfeldt.nl\/wp-content\/uploads\/2018\/09\/ZZ.25.-Tal-Lovisa-Augusta.pdf\">Originele tekst<\/a><\/span><\/p>\n<table style=\"border-collapse: collapse; width: 100%; height: 3815px;\">\n<tbody>\n<tr style=\"height: 581px;\">\n<td style=\"width: 50%; height: 581px;\"><a href=\"https:\/\/meijenfeldt.nl\/wp-content\/uploads\/2018\/09\/ZZ.25.-Tal-Lovisa-Augusta.pdf\"><img loading=\"lazy\" decoding=\"async\" class=\"wp-image-53995 aligncenter\" src=\"https:\/\/meijenfeldt.nl\/wp-content\/uploads\/2023\/02\/Tal-LAS-1-173x300.jpg\" alt=\"\" width=\"268\" height=\"465\" srcset=\"https:\/\/meijenfeldt.nl\/wp-content\/uploads\/2023\/02\/Tal-LAS-1-173x300.jpg 173w, https:\/\/meijenfeldt.nl\/wp-content\/uploads\/2023\/02\/Tal-LAS-1-592x1024.jpg 592w, https:\/\/meijenfeldt.nl\/wp-content\/uploads\/2023\/02\/Tal-LAS-1.jpg 630w\" sizes=\"auto, (max-width: 268px) 100vw, 268px\" \/><\/a><\/td>\n<td style=\"width: 50%; vertical-align: top; text-align: center; height: 581px;\"><span style=\"font-size: 10pt;\"><span style=\"color: #000000;\"><strong><span style=\"font-size: 16pt;\">REDE<\/span><\/strong><br \/>\n<span style=\"font-size: 8pt;\">OVER<\/span><br \/>\n<span style=\"font-size: 8pt;\">WIJLEN EEN VAN &#8216;S RIJKS HEREN,<\/span><br \/>\n<span style=\"font-size: 8pt;\">VELDMAARSCHALK, RIDDER <\/span><span style=\"font-size: 8pt;\">EN COMMANDEUR<br \/>\nIN DE KONINKLIJKE <\/span><span style=\"font-size: 8pt;\">MAJESTEITS ORDE,<br \/>\nRIDDER <\/span><span style=\"font-size: 8pt;\">MET GROOTKRUIS IN DE<\/span><br \/>\n<span style=\"font-size: 8pt;\">KONINKLIJKE ZWAARDORDE,<\/span><br \/>\nWELEDELGEBOREN HEER GRAAF<br \/>\n<strong><span style=\"font-size: 12pt;\">JOHAN AUGUST MEYERFELT&#8217;S<\/span><\/strong><br \/>\n<em>WEDUWE,<\/em><br \/>\nHOOGEDELGEBOREN GRAVIN<br \/>\n<span style=\"font-size: 16pt;\"><strong>LOVISA AUGUSTA<br \/>\n<\/strong> <strong>MEYERFELT<\/strong><\/span><br \/>\n<span style=\"font-size: 8pt;\">GEBOREN<\/span> <span style=\"font-size: 12pt;\">G<span style=\"font-size: 10pt;\">RAVIN<\/span> SPARRE<\/span><br \/>\ngehouden<br \/>\nbij haar uitvaart in de St. Clara Kerk<br \/>\nop 23 September 1817<br \/>\ndoor <em>CARL P. HAGBERG<\/em><br \/>\nTh. Doct. Professor, Pastor St Clara Gemeente.<\/span> <span style=\"color: #000000;\">Stockholm, gedrukt bij Olof Grahn, 1817.<\/span><\/span><\/td>\n<\/tr>\n<tr style=\"height: 84px;\">\n<td style=\"width: 50%; height: 84px;\"><span style=\"font-size: 10pt;\">2 <em>Salig \u00e4st Du; ty de f\u00f6rm\u00e5 icke l\u00f6na dig <\/em><\/span><em><span style=\"font-size: 10pt;\">igen; men dig varder igen l\u00f6nt i de r\u00e4ttfar<\/span><span style=\"font-size: 10pt;\">digas\u00a0 uppst\u00e5ndelse. Luc. 14:14.<\/span><\/em><\/td>\n<td style=\"width: 50%; height: 84px;\">\n<p id=\"tw-target-text\" class=\"tw-data-text tw-text-large tw-ta\" dir=\"ltr\" data-placeholder=\"Vertaling\"><span class=\"Y2IQFc\" lang=\"nl\" style=\"font-size: 10pt;\">2 <em>En gij zult zalig zijn, omdat zij niet hebben om u te vergelden; want het zal u vergolden worden in de opstanding der rechtvaardigen.<\/em> <em>Lucas 14:14 (Statenvertaling)<\/em><\/span><\/p>\n<\/td>\n<\/tr>\n<tr style=\"height: 336px;\">\n<td style=\"width: 50%; height: 336px;\"><span style=\"font-size: 10pt;\">3 <em>I Joppe var en l\u00e4rjunginna, be<\/em><\/span><em><span style=\"font-size: 10pt;\">n\u00e4mnd Tabitha; hon var full med <\/span><span style=\"font-size: 10pt;\">goda gerningar och allmosor, som <\/span><span style=\"font-size: 10pt;\">hon gaf. S\u00e5 h\u00e4nde sig, i de da<\/span><span style=\"font-size: 10pt;\">gar, att hon vardt sjuk och blef <\/span><\/em><span style=\"font-size: 10pt;\"><em>d\u00f6d.<\/em> Denna r\u00f6rande ber\u00e4ttelse fr\u00e5n <\/span><span style=\"font-size: 10pt;\">Christendomens f\u00f6rsta tidehvarf, fin<\/span><span style=\"font-size: 10pt;\">nes i Apostla-gerningarnas Nionde Ca<\/span><span style=\"font-size: 10pt;\">pitel; och skulle den icke lifligt \u00e5ter<\/span><span style=\"font-size: 10pt;\">kallas i v\u00e5rt minne i d\u00f6ds sorgligt <\/span><span style=\"font-size: 10pt;\">h\u00f6gtidliga timma, d\u00e5 \u00e5t jorden skall<\/span><br \/>\n<span style=\"font-size: 10pt;\">\u00f6fverlemnas den f\u00f6rg\u00e4ngliga delen af <\/span><span style=\"font-size: 10pt;\"><em>Fru Grefvinnan<\/em> <em>LOVISA AUGU<\/em><\/span><span style=\"font-size: 10pt;\"><em>STA MEYERFELT<\/em>, f\u00f6dd <em>Gref<\/em><\/span><span style=\"font-size: 10pt;\"><em>vinna SPARRE<\/em>, Enka efter fram<\/span><span style=\"font-size: 10pt;\">ledne <em>En af Rikets Herrar, F\u00e4lt-<\/em><\/span><\/td>\n<td style=\"width: 50%; height: 336px;\">\n<p id=\"tw-target-text\" class=\"tw-data-text tw-text-large tw-ta\" dir=\"ltr\" data-placeholder=\"Vertaling\"><span class=\"Y2IQFc\" lang=\"nl\" style=\"font-size: 10pt;\">3 <em>In Joppe woonde een leerlinge die Tabitha heette; ze was vol goede daden en aalmoezen, die ze gaf. Zo gebeurde het in die dagen dat ze ziek werd en stierf.<\/em> Dit ontroerende verhaal uit het eerste tijdperk van het Christendom is te vinden in het negende hoofdstuk van de Handelingen van de Apostelen; en mocht het niet levendig in ons geheugen worden gememoreerd in het droevig plechtige uur van overlijden, dan zal het vergankelijke deel van <em>vrouwe gravin LOVISA AUGUSTA MEYERFELT,<\/em> geboren <em>gravin SPARRE,<\/em> weduwe van wijlen <em>Een van &#8217;s Rijks Heren, Veld-<\/em><\/span><\/p>\n<\/td>\n<\/tr>\n<tr style=\"height: 476px;\">\n<td style=\"width: 50%; height: 476px;\"><span style=\"font-size: 10pt;\">4\u00a0<em>Marskalken, Riddaren och Commen<\/em><\/span><em><span style=\"font-size: 10pt;\">deuren af Kongl. Maj:ts Orden, Rid<\/span><span style=\"font-size: 10pt;\">daren med Stora Korset af Kongl. <\/span><span style=\"font-size: 10pt;\">Sv\u00e4rds-Orden, Herr Grefve Johan <\/span><\/em><span style=\"font-size: 10pt;\"><em>August Meyerfelt!<\/em> Ty \u00e5t hvem <\/span><span style=\"font-size: 10pt;\">kan, med st\u00f6rre r\u00e4ttvisa och allm\u00e4nnare <\/span><span style=\"font-size: 10pt;\">bifall, lemnas det sk\u00f6na vittnesb\u00f6rdet: <\/span><em><span style=\"font-size: 10pt;\">hon v\u00e4r full med goda gerningar och <\/span><\/em><span style=\"font-size: 10pt;\"><em>allmosor, som hon gaf<\/em>; hvem ut\u00f6f<\/span><span style=\"font-size: 10pt;\">vade mera troget och samvetsgrant v\u00e4l<\/span><span style=\"font-size: 10pt;\">g\u00f6renhetens himmelska dygd? Dess <\/span><span style=\"font-size: 10pt;\">af naturen \u00e4dla och l\u00e4ttr\u00f6rda hjerta <\/span><span style=\"font-size: 10pt;\">var uppv\u00e4rmdt af N\u00e5dens milda l\u00e5ga: <\/span><span style=\"font-size: 10pt;\">det var hennes Tro, som <em>verkade ge<\/em><\/span><span style=\"font-size: 10pt;\"><em>nom K\u00e4rleken<\/em>; och derf\u00f6re s\u00f6kte hon <\/span><span style=\"font-size: 10pt;\">icke menniskors lof och beundran, utan <\/span><span style=\"font-size: 10pt;\">ut\u00f6fvade merendels sina v\u00e4lgerningar <\/span><span style=\"font-size: 10pt;\">i l\u00f6ndom, osynlig f\u00f6r verlden, lik en<\/span><br \/>\n<span style=\"font-size: 10pt;\">Engel ifr\u00e5n himmelen, som, i n\u00f6dens <\/span><span style=\"font-size: 10pt;\">och bedr\u00f6fvelsens stund, uppenbarar<\/span><\/td>\n<td style=\"width: 50%; height: 476px;\">\n<p id=\"tw-target-text\" class=\"tw-data-text tw-text-large tw-ta\" dir=\"ltr\" data-placeholder=\"Vertaling\"><span class=\"Y2IQFc\" lang=\"nl\" style=\"font-family: georgia, palatino, serif; font-size: 10pt;\">4 <em>Maarschalk, Ridder en Commendeur van de Kon. Maj. Orde, Ridder met Grootkruis van de Kon. ZwaardOrde, Heer Graaf Johan August Meyerfelt!<\/em> Want aan wie kan, met meer rechtvaardigheid en meer algemene goedkeuring, de prachtige getuigenis worden overgelaten: ze was vol goede daden en aalmoezen die ze gaf; wie oefende getrouwer en gewetensvoller de hemelse deugd van naastenliefde uit? Haar van nature nobele en gemakkelijk ontroerde hart werd verwarmd door de zachte vlam van genade: het was haar geloof dat werkte door liefde; en daarom zocht ze niet de lof en bewondering van mensen, maar oefende ze haar welwillendheid meestal in stilte uit, onzichtbaar voor de wereld, als een engel uit de hemel, die, in het uur van nood en verdriet, onthult<\/span><\/p>\n<\/td>\n<\/tr>\n<tr style=\"height: 476px;\">\n<td style=\"width: 50%; height: 476px;\"><span style=\"font-size: 10pt;\">5 sin n\u00e4rvarelse endast f\u00f6r det lidande hjertat. Men Englars bes\u00f6k p\u00e5 jorden \u00e4r kort. De infinna sig der f\u00f6r att tr\u00f6sta och hugsvala, och \u00e5terg\u00e5 sedan till sina himmelska boningar.<\/span><\/p>\n<p><span style=\"font-size: 10pt;\">Ack! det hjerta har redan kallnat, <\/span><span style=\"font-size: 10pt;\">som slog s\u00e5 varmt f\u00f6r den lidande <\/span><span style=\"font-size: 10pt;\">menskligheten, och f\u00f6rvissnad \u00e4r den <\/span><span style=\"font-size: 10pt;\">hand, som utdelat s\u00e5 m\u00e5nga v\u00e4lger<\/span><span style=\"font-size: 10pt;\">ningar: h\u00e4r ligger denna F\u00f6rsamlin<\/span><span style=\"font-size: 10pt;\">gens Tabitha, utan k\u00e4nsla och lif, <\/span><span style=\"font-size: 10pt;\">hon, som kl\u00e4dde den nakna, spisade <\/span><span style=\"font-size: 10pt;\">den hungriga, v\u00e5rdade den\u00a0 \u00e4rnl\u00f6sa, <\/span><span style=\"font-size: 10pt;\">hon \u00e4r vorden d\u00f6d. Sorgen och be<\/span><span style=\"font-size: 10pt;\">st\u00f6rtningen \u00e4r allm\u00e4n i Hof och hyd<\/span><span style=\"font-size: 10pt;\">dor; det hus, der gl\u00e4dje och f\u00f6rtroen<\/span><span style=\"font-size: 10pt;\">de och v\u00e4nskap bodde s\u00e5 l\u00e4nge, \u00e4r <\/span><span style=\"font-size: 10pt;\">nu inrymdt \u00e5t saknaden och sorgen, <\/span><span style=\"font-size: 10pt;\">d\u00f6dsklockan kl\u00e4mtar s\u00e5 hemskt, om-<\/span><\/td>\n<td style=\"width: 50%; height: 476px;\"><\/td>\n<\/tr>\n<tr style=\"height: 644px;\">\n<td style=\"width: 50%; height: 644px;\"><span style=\"color: #000000;\"><span style=\"font-size: 10pt;\">6 kring oss sv\u00e4lva s\u00e5 dystert de klagande ljuden; b\u00e5ren \u00e4r omgifven af s\u00f6rjande v\u00e4nner; m\u00e5nga af de fattiga, som hon hulpit, de olyckliga, som hon r\u00e4ddat, de bedr\u00f6fvade, som hon hugsvalat, hafva, i dag, infunnit sig vid hennes graf f\u00f6r<em> att gr\u00e5ta der<\/em> *). I allas hjertan r\u00e5der samma k\u00e4nsla af \u00f6m saknad <\/span><span style=\"font-size: 10pt;\">\u2014 den k\u00e4nsla, hvarmed barn f\u00f6lja en <\/span><span style=\"font-size: 10pt;\">buld moder till grafven. Hvar \u00e4r den\u00a0<\/span><span style=\"font-size: 10pt;\">Petrus, som f\u00f6rm\u00e5r v\u00e4cka henne ur\u00a0<\/span><span style=\"font-size: 10pt;\">den tunga s\u00f6mnen, som<\/span><em><span style=\"font-size: 10pt;\"> r\u00e4cker hen<\/span><\/em><span style=\"font-size: 10pt;\"><em>ne sin hand, och reser henne upp<\/em>? <\/span><span style=\"font-size: 10pt;\">F\u00f6rg\u00e4fves \u2014 d\u00f6den \u00e5tergifver icke <\/span><span style=\"font-size: 10pt;\">hvad han: tog, grafvens portar \u00e4ro\u00a0<\/span><span style=\"font-size: 10pt;\">st\u00e4ngda, och ingen mensklig makt bryter dem upp. <\/span><\/span><\/p>\n<p><span style=\"font-size: 10pt; color: #000000;\">\u00c4r d\u00e5 allt, \u00e4fven det sk\u00f6naste, de<\/span><\/p>\n<p><span style=\"font-size: 10pt; color: #000000;\">* Joh.11:51<\/span><\/p>\n<p><span style=\"color: #000000;\"><span style=\"font-size: 10pt;\">7 \u00e4dlaste, det dyrbaraste, det ljufvaste, <\/span><span style=\"font-size: 10pt;\">p\u00e5 jorden f\u00f6rg\u00e4ngligt? Ja \u2014 f\u00f6rg\u00e4ng<\/span><span style=\"font-size: 10pt;\">ligt \u00e4r allt, som jorden gaf: h\u00f6ghet, <\/span><span style=\"font-size: 10pt;\">\u00e4ra, rikedom, prydnader, \u00e4retecken, i<\/span><\/span><br \/>\n<span style=\"color: #000000;\"><span style=\"font-size: 10pt;\">grafven krossas kronor, och purpurn <\/span><span style=\"font-size: 10pt;\">f\u00f6rmultnar. Du m\u00e5 vara aldrig s\u00e5 m\u00e4k<\/span><span style=\"font-size: 10pt;\">tig och rik, du m\u00e5 lysa med b\u00f6rd <\/span><span style=\"font-size: 10pt;\">och titlar, beundras f\u00f6r ditt snille el<\/span><span style=\"font-size: 10pt;\">ler v\u00e4lsignas f\u00f6r dina dygder, <em>af jord <\/em><\/span><em><span style=\"font-size: 10pt;\">\u00e4r du kommen, och till jord skall <\/span><\/em><span style=\"font-size: 10pt;\"><em>du \u00e5ter varda<\/em>. Men lifsens tr\u00e4d blom<\/span><span style=\"font-size: 10pt;\">strar likv\u00e4l p\u00e5 sjelfva grafven: ej sk\u00f6f <\/span><span style=\"font-size: 10pt;\">lar f\u00f6rg\u00e4ngelsen det sanna, goda och <\/span><span style=\"font-size: 10pt;\">sk\u00f6na i tanken och handiingen: den <\/span><span style=\"font-size: 10pt;\">m\u00e4ktar icke sl\u00e4cka de heliga k\u00e4nslor, <\/span><span style=\"font-size: 10pt;\">som uppv\u00e4rma en Christens nyf\u00f6dda<\/span><\/span><br \/>\n<span style=\"color: #000000;\"><span style=\"font-size: 10pt;\">bjerta. Det goda vi utr\u00e4ttat i verlden <\/span><span style=\"font-size: 10pt;\">lefver i v\u00e4lsignelse, v\u00e5ra goda gernin<\/span><span style=\"font-size: 10pt;\">gar f\u00f6lja oss efter, och blifva \u00e4dla ste<\/span><span style=\"font-size: 10pt;\">nar i den of\u00f6rg\u00e4ngliga krona, som fram<\/span><span style=\"font-size: 10pt;\">r\u00e4ckes af Bel\u00f6narens hand. Det \u00e4r blott<\/span><\/span><\/p>\n<hr \/>\n<\/td>\n<td style=\"width: 50%; height: 644px;\"><\/td>\n<\/tr>\n<tr style=\"height: 28px;\">\n<td style=\"width: 50%; height: 28px;\"><span style=\"font-size: 10pt;\">8 <span style=\"color: #000000;\">den f\u00f6rg\u00e4ngliga kl\u00e4dnaden, som h\u00e4r l\u00e4g: ges at, och den gud&#8217;ruktige, Jik Elias <\/span><\/span><span style=\"color: #000000; font-size: 10pt;\">i sin himmelsf\u00e4rd, kastar ifr\u00e5n sig den jordiska manteln och f\u00f6rsvinner ur de <\/span><span style=\"font-size: 10pt;\">d\u00f6dligas \u00e5syn,<\/span><\/p>\n<p><span style=\"font-size: 10pt;\">Grefvinnan MEYERFELT\u00a0<\/span><span style=\"font-size: 10pt;\">\u00e4r ifr\u00e5n oss tagen. J, som genom sl\u00e4gt<\/span><span style=\"font-size: 10pt;\">skapens och v\u00e4nskapens band varit med <\/span><span style=\"font-size: 10pt;\">henne f\u00f6renade, beder Gud, att <em>hen<\/em><\/span><span style=\"font-size: 10pt;\"><em>nes<\/em> mennisko\u00e4lskande <em>ande varder \u00f6f<\/em><\/span><span style=\"font-size: 10pt;\"><em>ver Eder<\/em>: liter hennes efterd\u00f6me krafs<\/span><span style=\"font-size: 10pt;\">tigt uppmuntra Eder till k\u00e4rlek och <\/span><span style=\"font-size: 10pt;\">goda gerningar i Christeligt sume; ty<\/span><br \/>\n<span style=\"font-size: 10pt;\">sk\u00f6mre och varaktigare\u00e9 minnesv\u00e5rd kan\u00a0<\/span><span style=\"font-size: 10pt;\">icke uppresas p\u00e5 hennes graf.<\/span><\/p>\n<p><span style=\"font-size: 10pt;\">Och I alle, som hafven njutit hen<\/span><span style=\"font-size: 10pt;\">nes v\u00e4lgerningar, hvem af Eder skulle, <\/span><span style=\"font-size: 10pt;\">i denna stund, missunna henne den <\/span><span style=\"font-size: 10pt;\">efterl\u00e4ngtade hvilun, och af egennytta<\/span><\/td>\n<td style=\"width: 50%; height: 28px;\"><\/td>\n<\/tr>\n<tr style=\"height: 28px;\">\n<td style=\"width: 50%; height: 28px;\"><span style=\"font-size: 10pt; color: #000000;\">9 \u00f6nska henne tillbaka till en verld, s\u00e5 <\/span><span style=\"font-size: 10pt; color: #000000;\">full af m\u00f6dor, sorger och bekymmer? <\/span><span style=\"font-size: 10pt; color: #000000;\">Nu \u00e4r hon befriad fr\u00e5n all kroppslig <\/span><span style=\"font-size: 10pt; color: #000000;\">pl\u00e5ga, nu har hon upph\u00f6rt att lida, <\/span><span style=\"font-size: 10pt; color: #000000;\">hon so ver s\u00e5 s\u00f6tt f\u00f6r att hvila ut efter<\/span><br \/>\n<span style=\"font-size: 10pt; color: #000000;\">l\u00e5ngvarig kamp och m\u00f6da. Fri, glad <\/span><span style=\"font-size: 10pt; color: #000000;\">och salig h\u00e5r Anden, som en tid bod<\/span><span style=\"font-size: 10pt; color: #000000;\">dei denna stolthyddan; uppsv\u00e4fvat till <\/span><span style=\"font-size: 10pt; color: #000000;\">de rymder, der <em>ingen gr\u00e5t, ingen<\/em><\/span><br \/>\n<span style=\"font-size: 10pt; color: #000000;\"><em>suck, ingen klagan skall v\u00e5ra mer<\/em>. <\/span><span style=\"font-size: 10pt; color: #000000;\">Hon har g\u00e5tt, att \u00e5ter f\u00f6renas med en <\/span><span style=\"font-size: 10pt; color: #000000;\">\u00e4lskad <em>Make<\/em>, att trycka till moderligt <\/span><span style=\"font-size: 10pt; color: #000000;\">hjerta tidigt saknade <em>Barn<\/em>. Hon var<\/span><br \/>\n<span style=\"font-size: 10pt; color: #000000;\">redan tr\u00f6tt af lifvets besv\u00e4r, och trif. <\/span><span style=\"font-size: 10pt; color: #000000;\">des ej l\u00e4ngre p\u00e5 en jord, fr\u00e5n hvilken <\/span><span style=\"font-size: 10pt; color: #000000;\">hennes b\u00e4sta V\u00e4nner, den ena efter den <\/span><span style=\"font-size: 10pt; color: #000000;\">andra, vandrade bort, B\u00f6re vi i denna <\/span><span style=\"font-size: 10pt; color: #000000;\">stund endast klaga och gr\u00e5ta? Nej! l\u00e5tom<\/span><br \/>\n<span style=\"color: #000000; font-size: 10pt;\">oss, s\u00e5som Christne \u00e4gnar; med undergif<\/span><span style=\"color: #000000; font-size: 10pt;\">venhet f\u00f6r Guds behag, v\u00f6rda hans skic-<\/span><\/td>\n<td style=\"width: 50%; height: 28px;\"><\/td>\n<\/tr>\n<tr style=\"height: 28px;\">\n<td style=\"width: 50%; height: 28px;\"><span style=\"font-family: georgia, palatino, serif; font-size: 10pt;\">10 kelse, och tacka Honom f\u00f6r allt det goda <em>Grefvinnan MEYERFELT<\/em> utr\u00e4ttat under sin\u00a0 v\u00e4lg\u00f6rande lefnad, f\u00f6r all den hugsvalelse hon beredt en lidande mensklighet: l\u00e5tom oss tacka Gud; som, i behaglig tid, gjorde ett slut p\u00e5 hennes pl\u00e5gor, och under hennes sista stunder p\u00e5 jorden gj\u00f6r i hennes hjerta frimodighet, styrka och sinneslugn. Slutad till sin Fr\u00e4lsares br\u00f6st, styrkt af det himmelska br\u00f6det och vederqvickt af lifsens k\u00e4lla, beredde hon sig till den\u00a0stista f\u00e4rden med den r\u00e4ctf\u00e4rdiges lugn, och ett fromt sinnes h\u00f6gre f\u00f6rhoppningar. \u00c5nnu en g\u00e5ng lyste hon, med andakt, sitt \u00f6ga mot himmelen: fr\u00e5n bleknande l\u00e4ppar uppsteg dit det tacksamma hjertats sista b\u00f6n \u2014 och kampen var fullbordad, f\u00f6rg\u00e4nglighetens boja <\/span><span style=\"font-family: georgia, palatino, serif; font-size: 10pt;\">krossades. Anden gick segrande ur sitt<\/span><\/td>\n<td style=\"width: 50%; height: 28px;\"><\/td>\n<\/tr>\n<tr style=\"height: 28px;\">\n<td style=\"width: 50%; height: 28px;\"><span style=\"font-size: 10pt;\">11 f\u00e4ngelse p\u00e5 jorden. <em>Grefvinnan MEYERFELT<\/em> \u00e4r icke mer bland oss: ej mera kallas jag, s\u00e5som fordom, att utde1a hennes h\u00e5fv\u00f6r bland de n\u00f6dlidande; <\/span><span style=\"font-size: 10pt;\">jag har emottagit hennes sista afsked, <\/span><span style=\"font-size: 10pt;\">och g\u00e5r nu, att, med darrande hand och <\/span><span style=\"font-size: 10pt;\">bl\u00f6dande hjerta, efter gammalt Christe<\/span><span style=\"font-size: 10pt;\">ligt bruk, inviga hennes stoft \u00e5t jorden <\/span><span style=\"font-size: 10pt;\">och hvilan:<br \/>\n<\/span><em><span style=\"font-size: 10pt;\">Af jord \u00e4r du kommen.<br \/>\n<\/span><span style=\"font-size: 10pt;\">Jord skall du \u00e5ter varda.<br \/>\n<\/span><span style=\"font-size: 10pt;\">Jesus Christus, v\u00e5r Fr\u00e4lsare, skall dig<br \/>\n<\/span><\/em><span style=\"font-size: 10pt;\"><em>uppv\u00e4cka p\u00e5 den yttersta dagen.<\/em><br \/>\n<\/span><span style=\"font-size: 10pt;\">Hvila i ro fr\u00e5n all m\u00f6da och sorg <\/span><span style=\"font-size: 10pt;\">till dess dagarna hafva en \u00e4nda, och <\/span><span style=\"font-size: 10pt;\">domsbasunen d\u00f6nar, och grafvens inse<\/span><span style=\"font-size: 10pt;\">gel bryts, och Anden \u00e5tertager sin bo<\/span><span style=\"font-size: 10pt;\">ning, f\u00f6rklarad och f\u00f6rherrligad!<br \/>\n<\/span><em><span style=\"font-size: 10pt;\">S\u00e5 vandra vi all verldens v\u00e4g;<br \/>\n<\/span><span style=\"font-size: 10pt;\">Den ena med den andra;<\/span><\/em><\/td>\n<td style=\"width: 50%; height: 28px;\"><\/td>\n<\/tr>\n<tr style=\"height: 619px;\">\n<td style=\"width: 50%; height: 619px;\"><span style=\"font-size: 10pt;\">12 <em>Kom, ho du \u00e4r, och \u00f6fverv\u00e4g<\/em><\/span><em><span style=\"font-size: 10pt;\">Hvarth\u00e4n du snart skall vandra!<\/span><\/em><br \/>\n<em><span style=\"font-size: 10pt;\">Du bygger hus, du \u00f6nskar ro:<\/span><\/em><br \/>\n<em><span style=\"font-size: 10pt;\">Se h\u00e4r det hus, der du skall bo,<\/span><\/em><br \/>\n<em><span style=\"font-size: 10pt;\">Den b\u00e4dd, der du skall hvila.<\/span><\/em><em><span style=\"font-size: 10pt;\">I detta vansklighetens land<br \/>\n<\/span><span style=\"font-size: 10pt;\">Du f\u00e5f\u00e4ngt lyckan s\u00f6ker:<br \/>\n<\/span><span style=\"font-size: 10pt;\">Du knyter dina v\u00e4nskapsb\u00e5nd,<\/span><\/em><br \/>\n<em><span style=\"font-size: 10pt;\">Och dina skatter \u00f6ker;<br \/>\n<\/span><span style=\"font-size: 10pt;\">Men Herren, Herren har befallt,<\/span><\/em><br \/>\n<em><span style=\"font-size: 10pt;\">Att du skall d\u00f6, och lemna allt,<\/span><\/em><br \/>\n<em><span style=\"font-size: 10pt;\">Som fr\u00f6jdat dig p\u00e5 jorden,<\/span><\/em><span style=\"font-size: 10pt;\">Se grafven \u00f6ppnas, och din v\u00e4n<\/span><br \/>\n<span style=\"font-size: 10pt;\">Uti dess djup f\u00f6rsvinner.<br \/>\n<\/span><span style=\"font-size: 10pt;\">Hon kommer ej till dig igen,<br \/>\n<\/span><span style=\"font-size: 10pt;\">Men snart du henne hinner.<br \/>\n<\/span><span style=\"font-size: 10pt;\">Snart hvila v\u00e5ra kalla ben,<br \/>\n<\/span><span style=\"font-size: 10pt;\">Och sommarns fl\u00e4gt och solens sken<br \/>\n<\/span><span style=\"font-size: 10pt;\">Skall dem ej mera lifva.<\/span><\/td>\n<td style=\"width: 50%; height: 619px;\"><\/td>\n<\/tr>\n<tr style=\"height: 487px;\">\n<td style=\"width: 50%; height: 487px;\"><span style=\"font-size: 10pt;\">13 <em>Men Han, som oss till lifvet v\u00e4ckt,<\/em><\/span><span style=\"font-size: 10pt;\"><em>Skall undanv\u00e4lta stenen,<\/em><\/span><br \/>\n<span style=\"font-size: 10pt;\"><em>Och lifva, med sin Andas fl\u00e4gt,<\/em><\/span><br \/>\n<span style=\"font-size: 10pt;\"><em>En g\u00e5ng, de kalla benen.<\/em><\/span><br \/>\n<span style=\"font-size: 10pt;\"><em>Vid skenet af hans herrlighet,<\/em><\/span><br \/>\n<span style=\"font-size: 10pt;\"><em>Skall \u00e4ra och od\u00f6dlighet<\/em><\/span><br \/>\n<span style=\"font-size: 10pt;\"><em>Hans trogna barn bekr\u00f6na.<\/em><\/span><span style=\"font-size: 10pt;\">O, m\u00e5 vi h\u00e4r, till Guds behag,<\/span><br \/>\n<span style=\"font-size: 10pt;\">S\u00e5 redeligen vandra,<\/span><br \/>\n<span style=\"font-size: 10pt;\">Att, i v\u00e5r Faders hus, en dag,<\/span><br \/>\n<span style=\"font-size: 10pt;\">Vi \u00e5terse hvarandra.<\/span><br \/>\n<span style=\"font-size: 10pt;\">Den frommas pr\u00f6fning \u00e4r ej l\u00e5ng;<\/span><br \/>\n<span style=\"font-size: 10pt;\">Dess d\u00f6d \u00e4r blott en \u00f6fverg\u00e5ng<\/span><br \/>\n<span style=\"font-size: 10pt;\">Till r\u00e5tta lifvets njutning. Amen *)<\/span><span style=\"font-size: 10pt;\">*) J, O. Wallins Psalmbok N:o 490.<\/span><\/td>\n<td style=\"width: 50%; height: 487px;\"><\/td>\n<\/tr>\n<\/tbody>\n<\/table>\n<p>&nbsp;<\/p>\n","protected":false},"excerpt":{"rendered":"<p>Tal, \u00f6fver framledne (&#8230;) Enkefru, H\u00f6gv\u00e4lborne Grefvinnan Lovia Augusta Meyerfelt, f\u00f6dd Grefvinna Sparre, h\u00e5llit vid Dess Jordf\u00e4sting i St. Clara Kyrka den 23 September 1817 af Carl. P. Hagberg, Th. Doct. Professor, Kyrkoherde vid Clara F\u00f6rsammling. Stockholm, tryckt hos Olof Grahn, 1817. Originele tekst REDE OVER WIJLEN EEN VAN &#8216;S RIJKS HEREN, VELDMAARSCHALK, RIDDER EN &hellip; <a href=\"https:\/\/meijenfeldt.nl\/?page_id=53994\" class=\"more-link\">Verder lezen <span class=\"screen-reader-text\">Tal 1817<\/span><\/a><\/p>\n","protected":false},"author":1,"featured_media":0,"parent":0,"menu_order":0,"comment_status":"closed","ping_status":"closed","template":"","meta":{"footnotes":""},"class_list":["post-53994","page","type-page","status-publish","hentry"],"_links":{"self":[{"href":"https:\/\/meijenfeldt.nl\/index.php?rest_route=\/wp\/v2\/pages\/53994","targetHints":{"allow":["GET"]}}],"collection":[{"href":"https:\/\/meijenfeldt.nl\/index.php?rest_route=\/wp\/v2\/pages"}],"about":[{"href":"https:\/\/meijenfeldt.nl\/index.php?rest_route=\/wp\/v2\/types\/page"}],"author":[{"embeddable":true,"href":"https:\/\/meijenfeldt.nl\/index.php?rest_route=\/wp\/v2\/users\/1"}],"replies":[{"embeddable":true,"href":"https:\/\/meijenfeldt.nl\/index.php?rest_route=%2Fwp%2Fv2%2Fcomments&post=53994"}],"version-history":[{"count":16,"href":"https:\/\/meijenfeldt.nl\/index.php?rest_route=\/wp\/v2\/pages\/53994\/revisions"}],"predecessor-version":[{"id":54092,"href":"https:\/\/meijenfeldt.nl\/index.php?rest_route=\/wp\/v2\/pages\/53994\/revisions\/54092"}],"wp:attachment":[{"href":"https:\/\/meijenfeldt.nl\/index.php?rest_route=%2Fwp%2Fv2%2Fmedia&parent=53994"}],"curies":[{"name":"wp","href":"https:\/\/api.w.org\/{rel}","templated":true}]}}