{"id":53358,"date":"2023-02-12T08:34:33","date_gmt":"2023-02-12T08:34:33","guid":{"rendered":"https:\/\/meijenfeldt.nl\/?page_id=53358"},"modified":"2023-03-06T16:06:40","modified_gmt":"2023-03-06T16:06:40","slug":"ahnfelt","status":"publish","type":"page","link":"https:\/\/meijenfeldt.nl\/?page_id=53358","title":{"rendered":"Ahnfelt"},"content":{"rendered":"<p><span style=\"color: #000000; font-size: 14pt;\"><strong>Arvid Wolfgang Nathanael Ahnfelt, &#8220;Ur svenska hofvets och aristokratiens lif. Skildringar hemtade &#8220;, deel 4, Stockholm 1881.<\/strong><\/span><\/p>\n<hr \/>\n<p><span style=\"color: #000000;\">I. Memoarer af Hofintendenten von R\u00f6\u00f6k. V. Karaktersdrag af Gustaf IV Adolf.\u00a0<\/span><\/p>\n<p><span style=\"color: #0000ff;\"><a style=\"color: #0000ff;\" href=\"https:\/\/play.google.com\/books\/reader?id=gstJAQAAMAAJ&amp;pg=GBS.PA104&amp;hl=nl\">Pag. 105<\/a><\/span><\/p>\n<p><span style=\"color: #000000;\">Brief 5 van Gustaaf IV Adolf, 6 februari 1800<\/span><\/p>\n<table style=\"border-collapse: collapse; width: 100%;\">\n<tbody>\n<tr>\n<td style=\"width: 50%;\"><span style=\"color: #000000; font-size: 10pt;\">I anseende till grefve Meyerfelts sjuklighet ser jag genast ett hinder f\u00f6r den kallelsen som nu skall utg\u00e5. Derfor har jag t\u00e4nkt, att det vore b\u00e4st att till en b\u00f6rjan endast skrifva ett allm\u00e4nt cirkul\u00e4r till alla s\u00e5 v\u00e4l f\u00f6r detta riksens r\u00e5d som \u00e4fven R. Herrar , p\u00e5 det s\u00e4tt jag er redan anbefalt, emedan de alltid skola g\u00f6ra sig de kappor som dem anbefallas att bruka, \u00e4fven de af dem hvilka sedermera kunna f\u00f6rord nas att f\u00f6rest\u00e4lla R. Embeten , ty ehuru dessa ej nyttja ofvann\u00e4mnda kappor p\u00e5 kroningsdagen, s\u00e5 skola de likv\u00e4l nyttja dem vid hyllningen, d\u00e5 de ej mer representera f\u00f6rutn\u00e4mnda embeten. H\u00e4rigenom f\u00f6rekom mes \u00e4tven den ol\u00e4genhet, att f\u00f6rordna n\u00e5gra innan jag \u00e4r s\u00e4ker om de kunna komma. I anseende h\u00e4rtill \u00e4ndras cirkul\u00e4ret p\u00e5 det s\u00e4tt att det endast \u00e4r st\u00e4ldt till R. Herrar. G. A.\u00a0 Den 6 febr.<\/span><\/td>\n<td style=\"width: 50%;\">\n<p id=\"tw-target-text\" class=\"tw-data-text tw-text-large tw-ta\" dir=\"ltr\" data-placeholder=\"Vertaling\"><span style=\"font-size: 10pt; color: #000000;\"><span class=\"Y2IQFc\" lang=\"nl\">Met het oog op de ziekte van graaf Meyerfelt zie ik meteen een obstakel voor de dagvaarding die nu zal worden uitgebracht. Daarom heb ik gedacht dat het het beste zou zijn om eerst een algemene circulaire te schrijven aan iedereen, zowel voor deze Rijksraad als voor andere Rijksheren, op de manier die ik u al heb aanbevolen, omdat zij altijd de jassen die ze moeten dragen, zelfs die van degenen die later kunnen worden aangesteld om de Rijksfuncties\u00a0 te vertegenwoordigen, want hoewel ze de bovengenoemde jassen niet dragen op de kroningsdag, zullen ze ze nog steeds dragen bij het eerbetoon, omdat zij dan\u00a0<\/span>niet langer de bovengenoemde functies vertegenwoordigen. Dit voorkomt ook het ongemak van het aanstellen van een aantal voordat ik zeker weet of ze kunnen komen. Met het oog hierop wordt de circulaire zodanig gewijzigd dat deze alleen aan Rijksheren is gericht. G.A. Op 6 febr.<\/span><\/p>\n<\/td>\n<\/tr>\n<\/tbody>\n<\/table>\n<p><span style=\"color: #0000ff;\"><a style=\"color: #0000ff;\" href=\"https:\/\/play.google.com\/books\/reader?id=gstJAQAAMAAJ&amp;pg=GBS.PA106&amp;hl=nl\">Pag. 106<\/a><\/span><\/p>\n<p><span style=\"color: #000000;\">Brief 6 van koning Gustaaf IV Adolf, 1800<\/span><\/p>\n<table style=\"border-collapse: collapse; width: 100%;\">\n<tbody>\n<tr>\n<td style=\"width: 50%;\"><span style=\"font-size: 10pt; color: #000000;\">Nedanst\u00e5ende Herrar skola kallas att vid kr\u00f6ningen f\u00f6rr\u00e4tta riks embeten. Herr Grefve Karl Adam Wachtmeister Riksamiral.<\/span><br \/>\n<span style=\"font-size: 10pt; color: #000000;\"> Herr Grefve Meyerfelt Riksmarsk\u00a0<\/span><br \/>\n<span style=\"font-size: 10pt; color: #000000;\"> Herr Grefve Posse Riksskattm\u00e4stare. <\/span><br \/>\n<span style=\"font-size: 10pt; color: #000000;\">Herr Friherre Essen Riksstallm\u00e4stare.<\/span><br \/>\n<span style=\"font-size: 10pt; color: #000000;\">Alla \u00f6friga Rikets Herrar skola kallas genom cirkul\u00e4r att infinna sig vid kr\u00f6ningen och att i h\u00e4ndelse af sjuklighet detta skriftligen be styrka. Uti samma cirkul\u00e4r underr\u00e4ttas de, det jag tillagt dem den r\u00e4ttighet att vid detta tillf\u00e4lle s\u00e5som Rikets Herrar nyttja till deras ordensdr\u00e4gter en kappa af samma f\u00e4rger som den hvilken tillh\u00f6rer or densdr\u00e4gten, men vidare och l\u00e4ngre . N\u00e4mligen p\u00e5 det s\u00e4tt att kappans bredd r\u00e4cker ifr\u00e5n kragens nedersta kant \u00f6fver halfva axlarne , hvarf\u00f6r kragen och uppslagen b\u00f6ra vara i proportion bredare \u00e4n vanligt och att dess l\u00e4ngd r\u00e4cker nerom foth\u00e4len och sl\u00e4par endast en 1\/2 aln p\u00e5 golfvet.<\/span><\/td>\n<td style=\"width: 50%;\">\n<p id=\"tw-target-text\" class=\"tw-data-text tw-text-large tw-ta\" dir=\"ltr\" data-placeholder=\"Vertaling\"><span class=\"Y2IQFc\" lang=\"nl\" style=\"font-size: 10pt; color: #000000;\">De volgende heren zullen worden geroepen om de koninklijke taken bij de kroning uit te voeren.<br \/>\nHeer Graaf Karl Adam Wachtmeister Rijksadmiraal.<br \/>\nHeer Graaf Meyerfelt Rijksmaarschalk.<br \/>\nHeer Graaf Posse Nationale penningmeester.<br \/>\nHeer Baron Essen Nationaal Stalmeester.<br \/>\nAlle andere Rijksheren zullen per circulaire worden opgeroepen om aanwezig te zijn bij de kroning en in geval van ziekte schriftelijk te verontschuldigen. In dezelfde circulaire wordt hen meegedeeld dat ik hen het recht heb verleend om bij deze gelegenheid als Rijksheren een jas te dragen in dezelfde kleuren als die welke bij de kleding van de orde hoort, maar wijder en langer. Namelijk in de manier waarop de breedte van de jas vanaf de onderkant van de kraag over de helft van de schouders reikt. Daarom moeten de kraag en de revers proportioneel breder zijn dan normaal en de lengte tot aan de hiel reiken en slechts 1\/2 el in de taille.<\/span><\/p>\n<\/td>\n<\/tr>\n<\/tbody>\n<\/table>\n<p><span style=\"color: #000000;\">III. Ur landsh\u00f6fdingen friherre J. af Nordins hofkr\u00f6nika\u00a0<\/span><\/p>\n<p><span style=\"color: #0000ff;\"><a style=\"color: #0000ff;\" href=\"https:\/\/play.google.com\/books\/reader?id=gstJAQAAMAAJ&amp;pg=GBS.RA2-PA182&amp;hl=nl\">Pag. 182<\/a><\/span><\/p>\n<p><span style=\"color: #000000;\">Brief Stockholm, 11 augustus 1800<\/span><\/p>\n<table style=\"border-collapse: collapse; width: 100%;\">\n<tbody>\n<tr>\n<td style=\"width: 50%;\"><span style=\"font-size: 10pt; color: #000000;\">I morgon afreser hela det kungl. hofvet till Str\u00f6msholm; men h\u00e4lften af alla de h\u00e4rvarande garnisonstrupperna b\u00f6rja redan i dag att dit transporteras. V\u00e5r Selim har i dessa dagar t\u00e4ckts g\u00f6ra en f\u00f6rl\u00e4 ning p\u00e5 lifstid till trenne herrar, n\u00e4mligen h. exc. baron v. Essen, \u00f6fverste Borgenstierna och Selims tjenstg\u00f6rande hofmarskalk grefve Debesche, utaf ett af de st\u00f6rsta kronogodsen i Pomern, hvilket f\u00f6r be st\u00e4ndigt varit till den nu utslocknade grefliga Meyerfeltska familjen f\u00f6rl\u00e4nt. Detta godsets h\u00f6gst ansenliga revenyer komma att jemnt f\u00f6r delas emellan de n\u00e4mnda trenne herrarne, och skall den in loco va rande generalguvern\u00f6ren m. m. baron v. Essen best\u00e4ndigt bestyra om f\u00f6rvaltningen deraf.<\/span><\/td>\n<td style=\"width: 50%;\">\n<p id=\"tw-target-text\" class=\"tw-data-text tw-text-large tw-ta\" dir=\"ltr\" data-placeholder=\"Vertaling\"><span class=\"Y2IQFc\" lang=\"nl\" style=\"font-size: 10pt; color: #000000;\">Morgens reist het hele Koninklijke Hof af naar Str\u00f6msholm; maar de helft van alle garnizoenstroepen hier begint vandaag al daarheen te worden vervoerd. Onze Selim is in deze dagen gedekt om een \u200b\u200bschenking voor het leven te doen aan drie heren, te weten Z.E. baron v. Essen, kolonel Borgenstierna en Selim&#8217;s dienstdoende hofmaarschalk graaf Debesche, van een van de grootste kroondomeinen in Pommeren, dat altijd in handen was van de nu afgesloten grafelijke familie Meyerfelt. De zeer aanzienlijke inkomsten van dit landgoed zullen gelijkelijk worden verdeeld tussen de drie genoemde heren, en de gouverneur-generaal ter plaatse, onder andere Baron v. Essen, zal permanent toezicht houden op het beheer ervan.<\/span><\/p>\n<\/td>\n<\/tr>\n<\/tbody>\n<\/table>\n","protected":false},"excerpt":{"rendered":"<p>Arvid Wolfgang Nathanael Ahnfelt, &#8220;Ur svenska hofvets och aristokratiens lif. Skildringar hemtade &#8220;, deel 4, Stockholm 1881. I. Memoarer af Hofintendenten von R\u00f6\u00f6k. V. Karaktersdrag af Gustaf IV Adolf.\u00a0 Pag. 105 Brief 5 van Gustaaf IV Adolf, 6 februari 1800 I anseende till grefve Meyerfelts sjuklighet ser jag genast ett hinder f\u00f6r den kallelsen som &hellip; <a href=\"https:\/\/meijenfeldt.nl\/?page_id=53358\" class=\"more-link\">Verder lezen <span class=\"screen-reader-text\">Ahnfelt<\/span><\/a><\/p>\n","protected":false},"author":1,"featured_media":0,"parent":0,"menu_order":0,"comment_status":"closed","ping_status":"closed","template":"","meta":{"footnotes":""},"class_list":["post-53358","page","type-page","status-publish","hentry"],"_links":{"self":[{"href":"https:\/\/meijenfeldt.nl\/index.php?rest_route=\/wp\/v2\/pages\/53358","targetHints":{"allow":["GET"]}}],"collection":[{"href":"https:\/\/meijenfeldt.nl\/index.php?rest_route=\/wp\/v2\/pages"}],"about":[{"href":"https:\/\/meijenfeldt.nl\/index.php?rest_route=\/wp\/v2\/types\/page"}],"author":[{"embeddable":true,"href":"https:\/\/meijenfeldt.nl\/index.php?rest_route=\/wp\/v2\/users\/1"}],"replies":[{"embeddable":true,"href":"https:\/\/meijenfeldt.nl\/index.php?rest_route=%2Fwp%2Fv2%2Fcomments&post=53358"}],"version-history":[{"count":6,"href":"https:\/\/meijenfeldt.nl\/index.php?rest_route=\/wp\/v2\/pages\/53358\/revisions"}],"predecessor-version":[{"id":54218,"href":"https:\/\/meijenfeldt.nl\/index.php?rest_route=\/wp\/v2\/pages\/53358\/revisions\/54218"}],"wp:attachment":[{"href":"https:\/\/meijenfeldt.nl\/index.php?rest_route=%2Fwp%2Fv2%2Fmedia&parent=53358"}],"curies":[{"name":"wp","href":"https:\/\/api.w.org\/{rel}","templated":true}]}}