{"id":53341,"date":"2023-02-11T12:25:08","date_gmt":"2023-02-11T12:25:08","guid":{"rendered":"https:\/\/meijenfeldt.nl\/?page_id=53341"},"modified":"2023-03-04T16:17:02","modified_gmt":"2023-03-04T16:17:02","slug":"lesch","status":"publish","type":"page","link":"https:\/\/meijenfeldt.nl\/?page_id=53341","title":{"rendered":"Lesch"},"content":{"rendered":"<p><span style=\"font-size: 14pt; color: #000000;\"><strong>Bruno Lesch, &#8220;Jan Anders J\u00e4gerhorn: Patriot och v\u00e4rldborgare, separatist och emigrant: en tidskildring&#8221;, Svenska Litteraturs\u00e4llskapet, Helsingfors 1941<\/strong><\/span><\/p>\n<hr \/>\n<p><span style=\"color: #0000ff;\"><a style=\"color: #0000ff;\" href=\"https:\/\/digi.kansalliskirjasto.fi\/teos\/binding\/2093809?term=Meijerfelt&amp;page=240\">Pag. 230<\/a><\/span><\/p>\n<p><img decoding=\"async\" src=\"https:\/\/digi.kansalliskirjasto.fi\/teos\/binding\/2093809\/articles\/81553624\/images\/125109783\/search-result-preview\" alt=\"J\u00e4gerhorn 230\" \/><\/p>\n<p><span style=\"color: #0000ff;\"><a style=\"color: #0000ff;\" href=\"https:\/\/digi.kansalliskirjasto.fi\/teos\/binding\/2093809?term=Meijerfelt&amp;term=Meijerfelts&amp;page=242\">Pag. 232<\/a><\/span><\/p>\n<p><img decoding=\"async\" src=\"https:\/\/digi.kansalliskirjasto.fi\/teos\/binding\/2093809\/articles\/81553625\/images\/125109784\/search-result-preview\" alt=\"J\u00e4gerhorn 232\" \/><\/p>\n<p><span style=\"color: #0000ff;\"><a style=\"color: #0000ff;\" href=\"https:\/\/digi.kansalliskirjasto.fi\/teos\/binding\/2093809?term=Meijerfelt&amp;page=243\">Pag. 233<\/a><\/span><\/p>\n<p><img decoding=\"async\" src=\"https:\/\/digi.kansalliskirjasto.fi\/teos\/binding\/2093809\/articles\/81553626\/images\/125109785\/search-result-preview\" alt=\"J\u00e4gerhorn 233\" \/><\/p>\n<p><span style=\"color: #0000ff;\"><a style=\"color: #0000ff;\" href=\"https:\/\/digi.kansalliskirjasto.fi\/teos\/binding\/2093809?term=Meijerfelt&amp;page=511\">Pag. 501-508<\/a>\u00a0<span style=\"color: #000000;\">(voetnoten)<\/span><\/span><\/p>\n","protected":false},"excerpt":{"rendered":"<p>Bruno Lesch, &#8220;Jan Anders J\u00e4gerhorn: Patriot och v\u00e4rldborgare, separatist och emigrant: en tidskildring&#8221;, Svenska Litteraturs\u00e4llskapet, Helsingfors 1941 Pag. 230 Pag. 232 Pag. 233 Pag. 501-508\u00a0(voetnoten)<\/p>\n","protected":false},"author":1,"featured_media":0,"parent":0,"menu_order":0,"comment_status":"closed","ping_status":"closed","template":"","meta":{"footnotes":""},"class_list":["post-53341","page","type-page","status-publish","hentry"],"_links":{"self":[{"href":"https:\/\/meijenfeldt.nl\/index.php?rest_route=\/wp\/v2\/pages\/53341","targetHints":{"allow":["GET"]}}],"collection":[{"href":"https:\/\/meijenfeldt.nl\/index.php?rest_route=\/wp\/v2\/pages"}],"about":[{"href":"https:\/\/meijenfeldt.nl\/index.php?rest_route=\/wp\/v2\/types\/page"}],"author":[{"embeddable":true,"href":"https:\/\/meijenfeldt.nl\/index.php?rest_route=\/wp\/v2\/users\/1"}],"replies":[{"embeddable":true,"href":"https:\/\/meijenfeldt.nl\/index.php?rest_route=%2Fwp%2Fv2%2Fcomments&post=53341"}],"version-history":[{"count":4,"href":"https:\/\/meijenfeldt.nl\/index.php?rest_route=\/wp\/v2\/pages\/53341\/revisions"}],"predecessor-version":[{"id":54161,"href":"https:\/\/meijenfeldt.nl\/index.php?rest_route=\/wp\/v2\/pages\/53341\/revisions\/54161"}],"wp:attachment":[{"href":"https:\/\/meijenfeldt.nl\/index.php?rest_route=%2Fwp%2Fv2%2Fmedia&parent=53341"}],"curies":[{"name":"wp","href":"https:\/\/api.w.org\/{rel}","templated":true}]}}