{"id":53279,"date":"2023-02-08T10:09:48","date_gmt":"2023-02-08T10:09:48","guid":{"rendered":"https:\/\/meijenfeldt.nl\/?page_id=53279"},"modified":"2023-06-22T12:40:24","modified_gmt":"2023-06-22T12:40:24","slug":"hkm-dienste-1690-1705","status":"publish","type":"page","link":"https:\/\/meijenfeldt.nl\/?page_id=53279","title":{"rendered":"Merit 1691"},"content":{"rendered":"<p><span style=\"font-size: 14pt; color: #000000;\"><strong>Carl Friederich Meijrfeldt, &#8220;M<\/strong><\/span><strong style=\"color: #000000; font-size: 18.6667px;\">eritf\u00f6rteckning <\/strong><strong style=\"color: #000000; font-size: 14pt;\">\u00d6sterbottens <\/strong><strong style=\"color: #000000; font-size: 14pt;\">Regemente&#8221;,<\/strong><strong style=\"color: #000000; font-size: 14pt;\"> Riksarkivet Sverige, <\/strong><strong style=\"color: #000000; font-size: 14pt;\">754 \u00c4<\/strong><strong style=\"color: #000000; font-size: 14pt;\">mnessamlingar Militaria, 1 <\/strong><strong style=\"color: #000000; font-size: 14pt;\">Administrativa handlingar <\/strong><strong style=\"color: #000000; font-size: 14pt;\">r\u00f6rande arm\u00e9n 1500-1800, <\/strong><strong style=\"color: #000000; font-size: 14pt;\">V\/2 Arm\u00e9ns meritf\u00f6rteckningar, <\/strong><strong style=\"color: #000000; font-size: 14pt;\">M 964, Riga, Januari 1691.<\/strong><\/p>\n<p>&nbsp;<\/p>\n<p style=\"text-align: center;\"><a href=\"https:\/\/meijenfeldt.nl\/wp-content\/uploads\/2023\/02\/M964-1-3-Carl-Friedrich-sr.pdf\"><img loading=\"lazy\" decoding=\"async\" class=\" wp-image-53179 aligncenter\" src=\"https:\/\/meijenfeldt.nl\/wp-content\/uploads\/2023\/02\/Merit-CFMsr-274x300.jpg\" alt=\"\" width=\"613\" height=\"671\" srcset=\"https:\/\/meijenfeldt.nl\/wp-content\/uploads\/2023\/02\/Merit-CFMsr-274x300.jpg 274w, https:\/\/meijenfeldt.nl\/wp-content\/uploads\/2023\/02\/Merit-CFMsr-768x842.jpg 768w, https:\/\/meijenfeldt.nl\/wp-content\/uploads\/2023\/02\/Merit-CFMsr.jpg 779w\" sizes=\"auto, (max-width: 613px) 100vw, 613px\" \/><\/a><span style=\"font-size: 10pt;\"><em><span style=\"color: #0000ff;\"><a style=\"color: #0000ff;\" href=\"https:\/\/meijenfeldt.nl\/wp-content\/uploads\/2023\/02\/M964-1-3-Carl-Friedrich-sr.pdf\">Origineel<\/a><\/span><\/em><\/span><\/p>\n<table style=\"border-collapse: collapse; width: 100%; height: 1413px;\">\n<tbody>\n<tr style=\"height: 30px;\">\n<td style=\"width: 50%; height: 10px;\">\n<p style=\"text-align: left;\"><strong><span style=\"font-size: 10pt;\"><em><span style=\"color: #000000;\">Transcriptie<\/span><\/em><\/span><\/strong><\/p>\n<\/td>\n<td style=\"width: 50%; height: 10px;\"><strong><span style=\"color: #000000; font-size: 10pt;\"><em>Vertaling<\/em><\/span><\/strong><\/td>\n<\/tr>\n<tr style=\"height: 756px;\">\n<td style=\"width: 50%; height: 617px;\">\n<p style=\"text-align: right;\"><span style=\"font-size: 10pt;\">15<\/span><\/p>\n<p><span style=\"font-size: 12pt;\"><strong>Capitain <\/strong><\/span><br \/>\n<span style=\"font-size: 12pt;\"><strong>Carl Friederich Meijrfeldt<\/strong><\/span><\/p>\n<p><span style=\"font-size: 10pt;\">Anno 1680 blef jag f\u00f6rmedelst capitulation f\u00f6r att wijst anthalet Mansk\u00e4ps under H: \u00d6fwerst Johan von CampenHausen, d\u00e5 hafwande w\u00e4rfwad Regemente til foot, til fenrich avancerat. Sedermehra der uppaf\u00f6llande \u00e5hr 682 migh better til at evertuera och til H:<sup>s <\/sup>Kongl: Maijts: ti\u00e4ntst capablare gi\u00f6ra, gick till Frankrijke, hwarest jag A.<sup>o<\/sup> 1684\u00a0 n\u00e4r marchen skedda til dhe Spanska Nederl\u00e4nder, och f\u00e4stning Lijxanburg under commando Marshall Crickl\u00a0 attaquerat blef, bevistade; oppeh\u00e5llandes mig under f\u00f6r den Sahl: Hr: \u00d6fwersten Carl Koningsmarcks Regemente, wijdh en \u00e5terkomst wart jag \u00e5ter genom Hans Kungl: Maijtts: n\u00e5der under \u00f6fwern\u00e4mbda Regemente til leutenant befordrat; och sedermehra genom serdeles Kongelig N\u00e5hd<\/span><\/td>\n<td style=\"width: 50%; height: 617px;\">&nbsp;<\/p>\n<p><span style=\"font-size: 12pt;\"><strong>Kapitein <\/strong><\/span><br \/>\n<span style=\"font-size: 12pt;\"><strong>Carl Friedrich Meijerfeldt<\/strong><sup>1<\/sup><\/span><\/p>\n<p><span style=\"font-size: 10pt;\">Anno 1680 werd ik door middel van een dienstcontract voor een zeker aantal manschappen onder heer kolonel Johan von Campenhausen, die een geworven regiment te voet had, tot vaandrig benoemd. Later in het jaar 1682 kon ik mij beter ontwortelen en geschikter maken in dienst van Zijne Koninklijke Majesteit, ging naar Frankrijk, waar ik anno 1684 aan de mars naar de Spaanse Nederlanden en de aanval op de vesting Luxemburg onder commando van maarschalk Cr\u00e9quy<sup>2<\/sup>\u00a0deelnam; hield mij op bij kolonel Carl Koningsmarck&#8217;s regiment, bij een terugkomst was ik weer door Zijn Koninklijke Majesteit bij bovengenoemd regiment tot luitenant bevorderd; en later door\u00a0 zeer veel Koninklijke Gratie<\/span><\/td>\n<\/tr>\n<tr style=\"height: 700px;\">\n<td style=\"width: 50%; height: 700px;\">\n<p style=\"text-align: right;\"><span style=\"color: #000000; font-size: 10pt;\">15v<\/span><\/p>\n<p><span style=\"font-size: 10pt;\">blef Anno 1687 i Martio under \u00d6sterbotten Infanterie til Captain befordrat, och em\u00e4dan i den frijdalige tijder hoos obhafwer warst genom Hans Kungl: Maijtts: N\u00e5der till\u00e5teliget officirerne sig at f\u00f6rs\u00e4ckia i dhe \u00e5thrijkes krijgs occasioner och campagner, s\u00e5 hafwer jag och A.<sup>o<\/sup> 1690 dhen n\u00e5den s\u00f6ckt och underst\u00e5tt mig desto ti\u00e4nligare at gi\u00f6ra \u00fathi Konglig Maijtts ti\u00e4nst, och f\u00f6r d\u00e4nsk\u00fall emploijerat mig i dhen uthrijkes h\u00e5lden campagnier samma \u00e5hr som i Brabandt wedh alla dhe f\u00f6rfallen occasionen, serdeles dhen action wijd Florij, och sedermehra campagnien wijdt Rhein til \u00e4nda bijwonat. Och skulle jag l\u00e4teligen k\u00fanna skaffa mig wittens b\u00f6rder, hwad \u00e5fwan bem\u00e4lt \u00e4r, om mig s\u00e5 w\u00e4hl, som alla dhe andre d\u00e5 witterliget waret, dett Hans Kongl. Maijtt. willia alt=<\/span><\/td>\n<td style=\"width: 50%; height: 700px;\">&nbsp;<\/p>\n<p><span style=\"font-size: 10pt;\">werd ik anno maart 1687 in het \u00d6sterbotten Regiment tot kapitein bevorderd, en omdat wij als officieren in de vredestijd door Zijne Koninklijke Majesteit verplicht werden ons te verzekeren van buitenlandse krijgsgelegenheden en campagnes, heb ik in het jaar 1690 de noodzaak gevoeld mij nog dienstbaarder te maken buiten Koninklijke Majesteit&#8217;s dienst, en om die reden heb ik mij ingezet voor de buitenlandse campagnes die in hetzelfde jaar in Brabant plaatsvonden met alle daar voorgevallen gebeurtenissen, vooral de actie bij Fleurus<sup>3<\/sup> en zette toen de campagne aan de Rijn voort tot aan het eind van de winter. <span class=\"Y2IQFc\" lang=\"nl\">En als ik gemakkelijk de lasten van wijsheid zou kunnen verwerven, wat gewoonlijk wordt gezegd, als ik daarvoor zou kiezen, zoals alle anderen in die tijd echt waren, dat Zijne Koninklijke Majesteit&#8217;s\u00a0<\/span><\/span><\/td>\n<\/tr>\n<tr style=\"height: 672px;\">\n<td style=\"width: 50%; height: 86px;\">\n<p style=\"text-align: right;\"><span style=\"font-size: 10pt;\">16<\/span><\/p>\n<p><span style=\"font-size: 10pt;\">=s\u00e5 wara sk\u00falle, H. \u00d6fwerste Banier hwilken f\u00f6r den tijden commenderande f\u00f6r \u00d6fwerst-leutenant under Hans Excellence Greff Bielkens Regemente uti Brabandt, kan nogsamyt mit bewijstande af dhen Campagnien betijga. Ock icke mindre ern\u00e5 kunnet Herr GeneralFeltmarschall Fleming attestatum, hoos wilkens Regemente lag st\u00e5nd i den Reiniska campanien, d\u00e4r som afwenben \u00e4r iag k\u00fannit penitrera af s\u00e5dan framdeles af mig begi\u00e4rens at skolat. D\u00e4tta \u00e4r alts\u00e5 hwad jag underd\u00e5nigst af mina ringe ti\u00e4nsten gefwer relatera k\u00fannet, framherdamdes iag allerunderd\u00e5nigst til Kongl: Majtts: Krigstj\u00e4nst med all h\u00fald och trauhent.<\/span><\/p>\n<p><span style=\"font-size: 10pt;\">Carl F. Meijrfelt.<\/span><\/td>\n<td style=\"width: 50%; height: 86px;\">&nbsp;<\/p>\n<p><span style=\"font-size: 10pt;\">alzo was geschiedt, heer kolonel Banier<sup>4<\/sup> die indertijd als luitenant-kolonel het commando voerde over het regiment van Zijne Excellentie graaf Bielke<sup>5<\/sup> in Brabant, kan eerlijk getuigen van mijn kennis van die campagne. En niet minder erna kan de heer generaal veldmaarschalk Fleming<sup>6<\/sup> verklaren, bij welk regiment ik stond in de Rijn campagne, waar ik als [verkenner?] zo ver heb kunnen penetreren waar mijn verlangen school. <span class=\"Y2IQFc\" lang=\"nl\" style=\"color: #000000;\">Dit is dan wat ik het meest nederig van mijn geringe verdiensten ter kennis kan overbrengen, onderwerp ik mij\u00a0<\/span>met alle respect en vertrouwen <span style=\"color: #000000;\">nederig aan de Koninklijke Majesteit&#8217;s\u00a0 krijgsdienst.<\/span><\/span><\/p>\n<p><span style=\"font-size: 10pt;\">Carl F. Meijrfelt.<\/span><\/td>\n<\/tr>\n<\/tbody>\n<\/table>\n<p style=\"text-align: center;\"><span style=\"color: #0000ff;\"><a style=\"color: #0000ff;\" href=\"https:\/\/meijenfeldt.nl\/?page_id=54482\"><span style=\"font-size: 10pt;\">Handschriften<\/span><\/a><\/span><\/p>\n<p><span style=\"color: #000000; font-size: 10pt;\">1. Meestal gebruiken <\/span><span style=\"color: #000000; font-size: 13.3333px;\"><span style=\"font-size: 10pt;\">Carl Friedrich en zijn broers hun achterna<\/span>am m\u00e8t <\/span><span style=\"color: #000000; font-size: 13.3333px;\">middelste &#8220;e&#8221;<\/span><span style=\"color: #000000; font-size: 13.3333px;\"> en m\u00e8t laatste &#8220;t&#8221;, <\/span><span style=\"color: #000000; font-size: 10pt;\">vandaar de vertaling &#8220;Meijerfeldt&#8221;.<br \/>\n<\/span><span style=\"color: #000000; font-size: 10pt;\">2. Fran\u00e7ois de Blanchefort de Cr\u00e9quy, Marquis de Marines (1629-1687), maarschalk over de Franse troepen die januari 1684 het Spaanse ontzettingsleger weg weten te houden van de Luxemburgse belegering, die leidt tot de verovering begin juni.<br \/>\n<\/span><span style=\"color: #000000; font-size: 10pt;\">3. Fleurus bij Charlerois in Henegouwen, waar de Fransen de geallieerden een zware slag toebrengen en Carl Friedrich onder Magnus Stenbock \u00e9\u00e9n van de weinige Zweden is die aan de dood of gevangenschap weten te ontsnappen.<br \/>\n4. Johan Gabriel Ban\u00e9r (1662-1706), luitenant-kolonel en waarnemend kolonel van Bielke&#8217;s regiment, in 1690 vertrokken als kolonel in dienst van Willem III en opgevolgd door Magnus Stenbock.<br \/>\n5. Nils Bielke (1644-1716), gouverneur-generaal over Zweeds-Pommeren, bevelhebber over de acht Zweedse regimenten in de Republiek.<br \/>\n6. Heino Heinrich von Flemming (1632-1706), Saksisch en Brandenburgs veldmaarschalk.<\/span><\/p>\n","protected":false},"excerpt":{"rendered":"<p>Carl Friederich Meijrfeldt, &#8220;Meritf\u00f6rteckning \u00d6sterbottens Regemente&#8221;, Riksarkivet Sverige, 754 \u00c4mnessamlingar Militaria, 1 Administrativa handlingar r\u00f6rande arm\u00e9n 1500-1800, V\/2 Arm\u00e9ns meritf\u00f6rteckningar, M 964, Riga, Januari 1691. &nbsp; Origineel Transcriptie Vertaling 15 Capitain Carl Friederich Meijrfeldt Anno 1680 blef jag f\u00f6rmedelst capitulation f\u00f6r att wijst anthalet Mansk\u00e4ps under H: \u00d6fwerst Johan von CampenHausen, d\u00e5 hafwande w\u00e4rfwad Regemente &hellip; <a href=\"https:\/\/meijenfeldt.nl\/?page_id=53279\" class=\"more-link\">Verder lezen <span class=\"screen-reader-text\">Merit 1691<\/span><\/a><\/p>\n","protected":false},"author":1,"featured_media":0,"parent":0,"menu_order":0,"comment_status":"closed","ping_status":"closed","template":"","meta":{"footnotes":""},"class_list":["post-53279","page","type-page","status-publish","hentry"],"_links":{"self":[{"href":"https:\/\/meijenfeldt.nl\/index.php?rest_route=\/wp\/v2\/pages\/53279","targetHints":{"allow":["GET"]}}],"collection":[{"href":"https:\/\/meijenfeldt.nl\/index.php?rest_route=\/wp\/v2\/pages"}],"about":[{"href":"https:\/\/meijenfeldt.nl\/index.php?rest_route=\/wp\/v2\/types\/page"}],"author":[{"embeddable":true,"href":"https:\/\/meijenfeldt.nl\/index.php?rest_route=\/wp\/v2\/users\/1"}],"replies":[{"embeddable":true,"href":"https:\/\/meijenfeldt.nl\/index.php?rest_route=%2Fwp%2Fv2%2Fcomments&post=53279"}],"version-history":[{"count":14,"href":"https:\/\/meijenfeldt.nl\/index.php?rest_route=\/wp\/v2\/pages\/53279\/revisions"}],"predecessor-version":[{"id":56682,"href":"https:\/\/meijenfeldt.nl\/index.php?rest_route=\/wp\/v2\/pages\/53279\/revisions\/56682"}],"wp:attachment":[{"href":"https:\/\/meijenfeldt.nl\/index.php?rest_route=%2Fwp%2Fv2%2Fmedia&parent=53279"}],"curies":[{"name":"wp","href":"https:\/\/api.w.org\/{rel}","templated":true}]}}