{"id":53033,"date":"2023-01-28T11:19:15","date_gmt":"2023-01-28T11:19:15","guid":{"rendered":"https:\/\/meijenfeldt.nl\/?page_id=53033"},"modified":"2023-01-31T09:36:12","modified_gmt":"2023-01-31T09:36:12","slug":"erdmann-2","status":"publish","type":"page","link":"https:\/\/meijenfeldt.nl\/?page_id=53033","title":{"rendered":"Erdmann"},"content":{"rendered":"<p><span style=\"font-size: 14pt;\"><strong><span style=\"color: #000000;\">Nils Erdmann, &#8220;Amiral Carl Tersmedens memoarer&#8221;, Stockholm 1918-1927.<\/span><\/strong><\/span><\/p>\n<hr \/>\n<p><span style=\"font-size: 14pt;\"><strong><span style=\"color: #000000;\">Deel 3 &#8220;I Fredrik I:s Sverige&#8221;<\/span><\/strong><\/span><\/p>\n<p><span style=\"color: #0000ff;\"><a style=\"color: #0000ff;\" href=\"http:\/\/runeberg.org\/tersmem\/3\/0205.html\">Pag. 199<\/a><\/span> (Politik och hofintriger)<\/p>\n<p>En betydelig betj\u00e4ning och granna equipager afgingo med en kronolastdragare tillika med ett spann magnifiqua h\u00e4star af grefve Meijerfeldts stuteri fr\u00e5n N\u00e4ringe, utom ett spann dess egna h\u00e4star.<\/p>\n<p><span style=\"color: #0000ff;\"><a style=\"color: #0000ff;\" href=\"http:\/\/runeberg.org\/tersmem\/3\/0221.html\">Pag. 215<\/a><\/span> Lovisa Ulrikas f\u00f6rm\u00e4lning<\/p>\n<p>Den 13 juni lyfte vi ankar, och den 17, kl. 3 eftermiddagen, voro vi i Stralsund. Jag for i land till generalgouvernoren grefve Meijerfeldt, en utgammal herre och minnessl\u00f6, att anmala min ankomst, och sedan till kommendanten, \u00f6fversten af drottningens lifregemente baron Schwerin.<\/p>\n<p><span style=\"color: #0000ff;\"><a style=\"color: #0000ff;\" href=\"http:\/\/runeberg.org\/tersmem\/3\/0228.html\">Pag. 222<\/a><\/span><\/p>\n<p>Hennes K. H. (som l\u00e4mnade Berlin den 26 juli) emottogs af pommerska regeringens deputerade, men som H. Ex. generalgouvern\u00f6ren grefve Meijerfeldt, som passerat 80 \u00e5r, ej kunde vara tillstades, harangerade grefve Boel p\u00e5 K. M:ts och regeringens vagnar, hvarefter grefve Tessins grefvinna presenterade var<br \/>\nhofmastarinna och b\u00e4gge hoffr\u00f6knarna.<\/p>\n<p><span style=\"color: #0000ff;\"><a style=\"color: #0000ff;\" href=\"http:\/\/runeberg.org\/tersmem\/3\/0230.html\">Pag. 224<\/a><\/span><\/p>\n<p>Vid trappan emottogs Hennes K. H. af en myckenhet parerade dames, som utgjorde grefvinnan Meijerfeldts suite, utom alla cavaillers, hvilka, de m\u00e4sta i<br \/>\ngallakl\u00e4der, gjorde couren brillant.<\/p>\n<p><span style=\"color: #0000ff;\"><a style=\"color: #0000ff;\" href=\"http:\/\/runeberg.org\/tersmem\/3\/0231.html\">Pag. 225<\/a><\/span><\/p>\n<p>Den 22 juli (sannolikt 2 augusti) kommo atskilliga af herrarna med sm\u00e5 b\u00e5tar ombord att emottaga prinsessan, som kl. 5 anl\u00e4nde uti slup med. b\u00e4gge Deras<br \/>\nExcellenser grefvarna Meijerfeldt och Tessin samt fr\u00f6ken Knesebeck.<\/p>\n<p><span style=\"color: #000000; font-size: 14pt;\"><strong>Deel 5 &#8220;<span style=\"font-family: georgia, palatino, serif;\">Gustaf III och flottan&#8221;<\/span><\/strong><\/span><\/p>\n<p><span style=\"color: #0000ff;\"><a style=\"color: #0000ff;\" href=\"https:\/\/digital.ub.umu.se\/node\/323596\/search?fulltext-query=Meijerfeldt&amp;preview=323596%2F70%2Fsimple%2F0#overlay=admin\/nainuwa\/content\/323396\/hocr\">Pag. 64<\/a><\/span><\/p>\n<div class=\"ocr_line\" title=\"bbox 590 1648 1906 1710\">Har fannt jag en stor samling af b\u00e4gge k\u00f6nen och\u00a0b\u00e4gge t\u00e4nkes\u00e4tten och blef mot 9 af \u00f6fverkammarherren\u00a0befallt att i lilla rummet g\u00f6ra H. M:ts partie trente-quarante. Efter soup\u00e9n, d\u00e5 jag r\u00e4knat min vinst, 123\u00a0ducater, som kom mig v\u00e4l till pass, pratade jag med H.\u00a0Ex. Liewen om v\u00e5ra st\u00e4llningar i Carlskrona, och som\u00a0H. M:t skulle passera rummet, d\u00e4r vi voro, d\u00e5 han retirerade sig, stannade jag kvar med H. Ex. och Meijerfeldt i hopp, att han skulle s\u00e4ga mig n\u00e5got. Men han\u00a0passerade oss sm\u00e5leende och sade: \u201dTersmeden har\u00a0goda f\u00f6rmyndare i spel!\u201d Han syftade pa grefvinnan\u00a0Gyldenstolpe, som satt p\u00e5 andra sidan om mig och hade\u00a0mycken faveur hos konungen, och R. R. Posse, som jag\u00a0under spelet kallat min f\u00f6rmyndare.<\/div>\n","protected":false},"excerpt":{"rendered":"<p>Nils Erdmann, &#8220;Amiral Carl Tersmedens memoarer&#8221;, Stockholm 1918-1927. Deel 3 &#8220;I Fredrik I:s Sverige&#8221; Pag. 199 (Politik och hofintriger) En betydelig betj\u00e4ning och granna equipager afgingo med en kronolastdragare tillika med ett spann magnifiqua h\u00e4star af grefve Meijerfeldts stuteri fr\u00e5n N\u00e4ringe, utom ett spann dess egna h\u00e4star. Pag. 215 Lovisa Ulrikas f\u00f6rm\u00e4lning Den 13 juni &hellip; <a href=\"https:\/\/meijenfeldt.nl\/?page_id=53033\" class=\"more-link\">Verder lezen <span class=\"screen-reader-text\">Erdmann<\/span><\/a><\/p>\n","protected":false},"author":1,"featured_media":0,"parent":0,"menu_order":0,"comment_status":"closed","ping_status":"closed","template":"","meta":{"footnotes":""},"class_list":["post-53033","page","type-page","status-publish","hentry"],"_links":{"self":[{"href":"https:\/\/meijenfeldt.nl\/index.php?rest_route=\/wp\/v2\/pages\/53033","targetHints":{"allow":["GET"]}}],"collection":[{"href":"https:\/\/meijenfeldt.nl\/index.php?rest_route=\/wp\/v2\/pages"}],"about":[{"href":"https:\/\/meijenfeldt.nl\/index.php?rest_route=\/wp\/v2\/types\/page"}],"author":[{"embeddable":true,"href":"https:\/\/meijenfeldt.nl\/index.php?rest_route=\/wp\/v2\/users\/1"}],"replies":[{"embeddable":true,"href":"https:\/\/meijenfeldt.nl\/index.php?rest_route=%2Fwp%2Fv2%2Fcomments&post=53033"}],"version-history":[{"count":4,"href":"https:\/\/meijenfeldt.nl\/index.php?rest_route=\/wp\/v2\/pages\/53033\/revisions"}],"predecessor-version":[{"id":53105,"href":"https:\/\/meijenfeldt.nl\/index.php?rest_route=\/wp\/v2\/pages\/53033\/revisions\/53105"}],"wp:attachment":[{"href":"https:\/\/meijenfeldt.nl\/index.php?rest_route=%2Fwp%2Fv2%2Fmedia&parent=53033"}],"curies":[{"name":"wp","href":"https:\/\/api.w.org\/{rel}","templated":true}]}}