{"id":52983,"date":"2023-01-24T12:32:41","date_gmt":"2023-01-24T12:32:41","guid":{"rendered":"https:\/\/meijenfeldt.nl\/?page_id=52983"},"modified":"2023-01-24T12:32:41","modified_gmt":"2023-01-24T12:32:41","slug":"jarneberg","status":"publish","type":"page","link":"https:\/\/meijenfeldt.nl\/?page_id=52983","title":{"rendered":"Jarneberg"},"content":{"rendered":"<p><span style=\"font-size: 14pt;\"><strong>Eric Jarneberg, &#8220;Viggbyholm,\u00a0<\/strong><\/span><span style=\"font-size: 14pt;\"><strong>fr\u00e5n forntida by till modernt f\u00f6rortssamh\u00e4lle&#8221;, T\u00e4by Hembygdsf\u00f6renings \u00c5rsskrift Nr.22.<\/strong><\/span><\/p>\n<hr \/>\n<p><span style=\"color: #000000;\">Pag. 28<\/span><\/p>\n<p><span style=\"color: #000000;\">&#8230; August\u00a0<em>Meijerfeldt<\/em>, N\u00e4sby s\u00e4teri. Under de n\u00e4rmsta \u00e5ren utvidgade han sina N\u00e4sby-dom\u00e4ner med Ytterby&#8230;<\/span><br \/>\n<span style=\"color: #000000;\">&#8230; s\u00e4teri (med Strand och Kjula by) till greve Johan August\u00a0<em>Meijerfeldt<\/em>. Denne ut\u00f6kade d\u00e4rmed sin&#8230;<\/span><\/p>\n<p><span style=\"color: #000000;\">Pag. 29<\/span><\/p>\n<p><span style=\"color: #000000;\">Greve Johan August\u00a0<em>Meijerfeldt<\/em>\u00a0var f\u00f6dd i Livland 1665 och blev en av Karl XII:s ryktbara&#8230;<\/span><br \/>\n<span style=\"color: #000000;\">&#8230; besittningen Pommern, vars generalguvern\u00f6r han var. \u00c5r 1749 avled greve J A\u00a0<em>Meijerfeldt<\/em>\u00a0d \u00e4. Hans maka&#8230;<\/span><br \/>\n<span style=\"color: #000000;\">&#8230; sidan \u00e4r det\u00a0<em>Meijerfeldtska<\/em>\u00a0vapnet inristat och p\u00e5 den andra st\u00e5r f\u00f6ljande inskription: &#8220;Til Guds&#8230;<\/span><br \/>\n<span style=\"color: #000000;\">&#8230; vid\u00a0<em>Meijerfeldts<\/em>\u00a0vinkanna denna tid (1741): &#8220;Wiggebyholm bredevid Saltsj\u00f6n har vackra Tr\u00e4byggningar&#8230;<\/span><br \/>\n<span style=\"color: #000000;\">&#8230; Johan August\u00a0<em>Meijerfeldt<\/em>\u00a0den \u00e4ldre kom den yngre med samma namn. Han var f\u00f6dd i Stralsund 1725, kom&#8230;<\/span><\/p>\n<p><span style=\"color: #000000;\">Pag. 30<\/span><\/p>\n<p><span style=\"color: #000000;\">&#8230;Grevinnan Lovisa Sparre-<em>Meijerfeldt<\/em>\u00a0var mycket vacker. Hennes make, Johan August, ans\u00e5gs vara ful&#8230;<\/span><br \/>\n<span style=\"color: #000000;\">&#8230; prydnad med lindar bekostades av\u00a0<em>Meijerfeldts<\/em>\u00a0och utf\u00f6rdes av Stockman. &#8220;Jag vore aldrig p\u00e5 n\u00e5gon cour&#8230;<\/span><br \/>\n<span style=\"color: #000000;\">&#8230; (hovmottagning) om ej f\u00f6r att se grevinnan\u00a0<em>Meijerfeldt<\/em>, en sk\u00f6nhet som den f\u00f6rra v\u00e4rlden hade tillbedit&#8230;<\/span><br \/>\n<span style=\"color: #000000;\">&#8230; informator i den\u00a0<em>Meijerfeldtska<\/em>\u00a0familjen p\u00e5 1770-talet f\u00f6r s\u00f6nerna Johan August och Axel Fredrik. (De&#8230;<\/span><br \/>\n<span style=\"color: #000000;\">&#8230; citeras: &#8220;I likhet med de andra vackra grevinnorna anses Lovisa\u00a0<em>Meijerfeldt<\/em>\u00a0ingalunda vara bortkommen p\u00e5 k\u00e4rlekens villov\u00e4gar&#8221; (J G Oxenstierna) 29&#8230;<\/span><\/p>\n<p><span style=\"color: #000000;\">Pag. 31<\/span><\/p>\n<p><span style=\"color: #000000;\">&#8230; ben\u00e4mndes d\u00e4refter s\u00e4teri s\u00e5 l\u00e4nge den \u00e4gdes av familjerna Lagerfeldt, Gezelius och\u00a0<em>Meijerfeldt<\/em>. \u00c5r&#8230;<\/span><\/p>\n<p><span style=\"color: #000000;\">Pag. 34<\/span><\/p>\n<p><span style=\"color: #000000;\">&#8230; n\u00e4rheten till hennes syssling, grevinnan Lovisa Sparre\u00a0<em>Meijerfeldt<\/em>\u00a0p\u00e5 N\u00e4sby. Det var d\u00e4rf\u00f6r naturligt att&#8230;<\/span><br \/>\n<span style=\"color: #000000;\">&#8230; Justelius kom med trilla, greveparet\u00a0<em>Meijerfeldt<\/em>\u00a0med sitt vackra fyrspann, de flesta av \u00f6vriga&#8230;<\/span><\/p>\n","protected":false},"excerpt":{"rendered":"<p>Eric Jarneberg, &#8220;Viggbyholm,\u00a0fr\u00e5n forntida by till modernt f\u00f6rortssamh\u00e4lle&#8221;, T\u00e4by Hembygdsf\u00f6renings \u00c5rsskrift Nr.22. Pag. 28 &#8230; August\u00a0Meijerfeldt, N\u00e4sby s\u00e4teri. Under de n\u00e4rmsta \u00e5ren utvidgade han sina N\u00e4sby-dom\u00e4ner med Ytterby&#8230; &#8230; s\u00e4teri (med Strand och Kjula by) till greve Johan August\u00a0Meijerfeldt. Denne ut\u00f6kade d\u00e4rmed sin&#8230; Pag. 29 Greve Johan August\u00a0Meijerfeldt\u00a0var f\u00f6dd i Livland 1665 och blev en &hellip; <a href=\"https:\/\/meijenfeldt.nl\/?page_id=52983\" class=\"more-link\">Verder lezen <span class=\"screen-reader-text\">Jarneberg<\/span><\/a><\/p>\n","protected":false},"author":1,"featured_media":0,"parent":0,"menu_order":0,"comment_status":"closed","ping_status":"closed","template":"","meta":{"footnotes":""},"class_list":["post-52983","page","type-page","status-publish","hentry"],"_links":{"self":[{"href":"https:\/\/meijenfeldt.nl\/index.php?rest_route=\/wp\/v2\/pages\/52983","targetHints":{"allow":["GET"]}}],"collection":[{"href":"https:\/\/meijenfeldt.nl\/index.php?rest_route=\/wp\/v2\/pages"}],"about":[{"href":"https:\/\/meijenfeldt.nl\/index.php?rest_route=\/wp\/v2\/types\/page"}],"author":[{"embeddable":true,"href":"https:\/\/meijenfeldt.nl\/index.php?rest_route=\/wp\/v2\/users\/1"}],"replies":[{"embeddable":true,"href":"https:\/\/meijenfeldt.nl\/index.php?rest_route=%2Fwp%2Fv2%2Fcomments&post=52983"}],"version-history":[{"count":2,"href":"https:\/\/meijenfeldt.nl\/index.php?rest_route=\/wp\/v2\/pages\/52983\/revisions"}],"predecessor-version":[{"id":52985,"href":"https:\/\/meijenfeldt.nl\/index.php?rest_route=\/wp\/v2\/pages\/52983\/revisions\/52985"}],"wp:attachment":[{"href":"https:\/\/meijenfeldt.nl\/index.php?rest_route=%2Fwp%2Fv2%2Fmedia&parent=52983"}],"curies":[{"name":"wp","href":"https:\/\/api.w.org\/{rel}","templated":true}]}}