{"id":52824,"date":"2023-01-14T16:52:06","date_gmt":"2023-01-14T16:52:06","guid":{"rendered":"https:\/\/meijenfeldt.nl\/?page_id=52824"},"modified":"2023-05-08T15:57:36","modified_gmt":"2023-05-08T15:57:36","slug":"carlbom","status":"publish","type":"page","link":"https:\/\/meijenfeldt.nl\/?page_id=52824","title":{"rendered":"Carlbom"},"content":{"rendered":"<p><span style=\"font-size: 14pt; color: #000000;\"><strong>Johan Levin Carlbom<\/strong><\/span><span style=\"font-size: 14pt; color: #000000;\"><strong>, &#8220;Karl X Gustav, fr\u00e5n Weichseln till B\u00e4lt, 1657: taget \u00f6ver B\u00e4lt och freden i Roskilde, 1658&#8221;, 1910.<\/strong><\/span><\/p>\n<hr \/>\n<p><span style=\"color: #0000ff;\"><a style=\"color: #0000ff;\" href=\"https:\/\/play.google.com\/books\/reader?id=KxmgAAAAMAAJ&amp;pg=GBS.PA290&amp;hl=nl\"><span style=\"font-size: 10pt;\">Pag. 290-291<\/span><\/a><\/span><\/p>\n<table style=\"border-collapse: collapse; width: 100%; height: 398px;\">\n<tbody>\n<tr style=\"height: 502px;\">\n<td style=\"width: 50%; height: 398px;\"><span style=\"font-size: 10pt;\">Major Meijer skulle 1655 v\u00e4rva 2 komp. dragoner \u00e5 100 gemena, f\u00f6r vilka konungen ocks\u00e5 best\u00e4mde kvarter i Draheim . Han omtalas verkligen med 80 nyv\u00e4rvade dragoner i ok . 1655 h\u00e4r bortat, \u00e4vens\u00e5 i nov. var han i Pomerellen, men sen n\u00e4mnes han ej vidare, s\u00e5 framt han ej \u00e4r identisk med \u00f6verstl. Anders Meijer, som den 4 juli 1656 hade i Polen 4 komp. krigsfolk. En Meijer var major vid Douglas reg. i Preussen t . ex . 1657. &#8211; Ryttm\u00e4staren Johan Anton Meiher, son till generalmajoren, ville 1655 v\u00e4rva 1 komp. ryttare till K. M. Lewenhaupts reg . och hade 1 rytterikomp. i Bremen p\u00e5 h\u00f6sten.<\/span><\/td>\n<td style=\"width: 50%; height: 398px;\">\n<p id=\"tw-target-text\" class=\"tw-data-text tw-text-large tw-ta\" dir=\"ltr\" data-placeholder=\"Vertaling\"><span class=\"Y2IQFc\" lang=\"nl\" style=\"font-family: georgia, palatino, serif; font-size: 10pt;\">Majoor Meijer zou in 1655 twee compagnie\u00ebn dragonders van 100 soldaten werven, voor wie de koning ook kwartieren in Draheim bestemde. Er wordt echt over hem gezegd dat hij in oktober 1655 met 80 nieuw aangeworven dragonders op weg ging, en in november in Pomerellen was, maar zijn naam wordt verder niet genoemd, zodat hij niet identiek is aan luitenant-kolonel Anders Meijer, die op 4 juli 1656 in Polen 4 compagnid\u00ebn krijgslieden had. Een Meijer was majoor bij een regiment in Pruisen t. ex. 1657. &#8211; Ritmeester Johan Anton Meiher, zoon van de generaal-majoor, wilde in 1655 een compagnie ruiters bij K.M. Lewenhaupt&#8217;s regiment en had een cavalerie compagnie in Bremen in de herfst.<\/span><\/p>\n<\/td>\n<\/tr>\n<\/tbody>\n<\/table>\n","protected":false},"excerpt":{"rendered":"<p>Johan Levin Carlbom, &#8220;Karl X Gustav, fr\u00e5n Weichseln till B\u00e4lt, 1657: taget \u00f6ver B\u00e4lt och freden i Roskilde, 1658&#8221;, 1910. Pag. 290-291 Major Meijer skulle 1655 v\u00e4rva 2 komp. dragoner \u00e5 100 gemena, f\u00f6r vilka konungen ocks\u00e5 best\u00e4mde kvarter i Draheim . Han omtalas verkligen med 80 nyv\u00e4rvade dragoner i ok . 1655 h\u00e4r bortat, &hellip; <a href=\"https:\/\/meijenfeldt.nl\/?page_id=52824\" class=\"more-link\">Verder lezen <span class=\"screen-reader-text\">Carlbom<\/span><\/a><\/p>\n","protected":false},"author":1,"featured_media":0,"parent":0,"menu_order":0,"comment_status":"closed","ping_status":"closed","template":"","meta":{"footnotes":""},"class_list":["post-52824","page","type-page","status-publish","hentry"],"_links":{"self":[{"href":"https:\/\/meijenfeldt.nl\/index.php?rest_route=\/wp\/v2\/pages\/52824","targetHints":{"allow":["GET"]}}],"collection":[{"href":"https:\/\/meijenfeldt.nl\/index.php?rest_route=\/wp\/v2\/pages"}],"about":[{"href":"https:\/\/meijenfeldt.nl\/index.php?rest_route=\/wp\/v2\/types\/page"}],"author":[{"embeddable":true,"href":"https:\/\/meijenfeldt.nl\/index.php?rest_route=\/wp\/v2\/users\/1"}],"replies":[{"embeddable":true,"href":"https:\/\/meijenfeldt.nl\/index.php?rest_route=%2Fwp%2Fv2%2Fcomments&post=52824"}],"version-history":[{"count":6,"href":"https:\/\/meijenfeldt.nl\/index.php?rest_route=\/wp\/v2\/pages\/52824\/revisions"}],"predecessor-version":[{"id":56058,"href":"https:\/\/meijenfeldt.nl\/index.php?rest_route=\/wp\/v2\/pages\/52824\/revisions\/56058"}],"wp:attachment":[{"href":"https:\/\/meijenfeldt.nl\/index.php?rest_route=%2Fwp%2Fv2%2Fmedia&parent=52824"}],"curies":[{"name":"wp","href":"https:\/\/api.w.org\/{rel}","templated":true}]}}