{"id":52672,"date":"2023-01-03T15:44:19","date_gmt":"2023-01-03T15:44:19","guid":{"rendered":"https:\/\/meijenfeldt.nl\/?page_id=52672"},"modified":"2025-03-29T16:19:11","modified_gmt":"2025-03-29T16:19:11","slug":"3-6-4-resterende-adel-oostenrijk","status":"publish","type":"page","link":"https:\/\/meijenfeldt.nl\/?page_id=52672","title":{"rendered":"4.5.4. Rest Oostenrijkse adel"},"content":{"rendered":"<p style=\"text-align: justify;\"><span style=\"color: #000000; font-family: georgia, palatino, serif; font-size: 12pt;\">AAa. <b>Tobias<\/b> Archesius geadeld Von Mayenffeld (Neyenfeldu), Wenen 17-01-1630, Bohemen.<\/span><\/p>\n<p style=\"text-align: justify;\"><span style=\"color: #000000; font-family: georgia, palatino, serif; font-size: 12pt;\">AAb. <strong>Johann Mathias<\/strong> Tschuegg, voorouder Leonhard\u00a0Tschugguel uit Zuid-Tirol geadeld\u00a0in 1530 von\u00a0Graumburg und Mayenfeldt 19-01-1699,\u00a0nakomeling:<\/span><\/p>\n<p style=\"text-align: justify;\"><span style=\"color: #000000; font-family: georgia, palatino, serif; font-size: 12pt;\">AAb.1. <strong>Leonhard<\/strong>, Ritter Edler von Tschuegg von Pichelheimb, Graunburg und Mayenfeldt, rijksbaron 23-05-1705, Oostenrijks baron 1724, \u221e <em>Anna\u00a0<\/em>barones <em>von Priami.<\/em><\/span><\/p>\n<table style=\"border-collapse: collapse; width: 100%;\">\n<tbody>\n<tr>\n<td style=\"width: 50%;\">\n<p style=\"text-align: center;\"><span style=\"font-family: georgia, palatino, serif; font-size: 12pt;\"><img loading=\"lazy\" decoding=\"async\" class=\"size-medium wp-image-6315 aligncenter\" src=\"https:\/\/meijenfeldt.nl\/wp-content\/uploads\/2017\/09\/Wappen-Tschugguel-234x300.jpg\" sizes=\"auto, (max-width: 234px) 100vw, 234px\" srcset=\"https:\/\/meijenfeldt.nl\/wp-content\/uploads\/2017\/09\/Wappen-Tschugguel-234x300.jpg 234w, https:\/\/meijenfeldt.nl\/wp-content\/uploads\/2017\/09\/Wappen-Tschugguel-768x986.jpg 768w, https:\/\/meijenfeldt.nl\/wp-content\/uploads\/2017\/09\/Wappen-Tschugguel-797x1024.jpg 797w\" alt=\"Stamwapen Tschugguel\" width=\"234\" height=\"300\" \/><span style=\"font-size: 10pt;\"><em>Stamwapen Tschugguel<\/em><\/span><\/span><\/p>\n<\/td>\n<td style=\"width: 50%;\"><span style=\"font-family: georgia, palatino, serif; font-size: 12pt;\"><img loading=\"lazy\" decoding=\"async\" class=\"size-medium wp-image-6244 aligncenter\" src=\"https:\/\/meijenfeldt.nl\/wp-content\/uploads\/2017\/09\/Wappen-Tsch%C3%BCgg-1699-249x300.jpg\" sizes=\"auto, (max-width: 249px) 100vw, 249px\" srcset=\"https:\/\/meijenfeldt.nl\/wp-content\/uploads\/2017\/09\/Wappen-Tsch\u00fcgg-1699-249x300.jpg 249w, https:\/\/meijenfeldt.nl\/wp-content\/uploads\/2017\/09\/Wappen-Tsch\u00fcgg-1699.jpg 637w\" alt=\"AT-OeStA\/AVA Adel RAA 430.24, Tschuegg, Johann Mathias, rittermaessiger Adelsstand fuer das Reich und die Erblande, 'von Graumburg und Mayenfeldt', privilegium denominandi, Wappenbesserung, exemptio (Befreiung von fremden Gerichten), Lehenberechtigung, 1\/19\/1699, Artist: -\" width=\"249\" height=\"300\" \/><span style=\"font-size: 10pt;\"><em>AT-OeStA\/AVA Adel RAA 430.24, Tschuegg<\/em><\/span><\/span><\/td>\n<\/tr>\n<\/tbody>\n<\/table>\n<p style=\"text-align: justify;\"><span style=\"font-family: georgia, palatino, serif; font-size: 12pt;\"><span style=\"color: #000000;\">AAc. <b>Johann Bertrand<\/b>\u00a0Mayer von Mayersfeld (Mayern von Mayersfelsen, de Meieren, Mayr), *\u00a0<span class=\"s1\">Duderstadt (Eichsfeld), Nedersaksen 24-06-1676, \u2020 Wenen 15-08-1720.\u00a0<\/span><\/span><span style=\"color: #000000;\"><span class=\"s1\">1699 promotie dr. jur.\u00a0Wenen<\/span><span class=\"s1\">, 1710 docent Institutionen, 1713 Professor Kodex, Wenen 04-10-1715 adelstand, 1718 Professor Canonum,\u00a0<\/span><span class=\"s1\">kaiserlich Kammerprokurator,\u00a0<\/span><span class=\"s1\">Rektor<\/span><\/span><span style=\"color: #000000;\">. Begrijpelijk\u00a0maar niet terecht binnen <span style=\"color: #0000ff;\"><a style=\"color: #0000ff;\" href=\"https:\/\/meijenfeldt.nl\/?page_id=5935\">het Tiroolse geslacht<\/a>\u00a0<\/span>geplaatst.<\/span><\/span><\/p>\n<p style=\"text-align: center;\"><span style=\"font-family: georgia, palatino, serif; font-size: 12pt;\"><span style=\"color: #000000;\"><img loading=\"lazy\" decoding=\"async\" class=\"size-medium wp-image-23551 aligncenter\" src=\"https:\/\/meijenfeldt.nl\/wp-content\/uploads\/2020\/02\/893C59D6-DABB-4CAA-A908-29DE4778208B-300x300.jpeg\" alt=\"\" width=\"300\" height=\"300\" srcset=\"https:\/\/meijenfeldt.nl\/wp-content\/uploads\/2020\/02\/893C59D6-DABB-4CAA-A908-29DE4778208B-300x300.jpeg 300w, https:\/\/meijenfeldt.nl\/wp-content\/uploads\/2020\/02\/893C59D6-DABB-4CAA-A908-29DE4778208B-150x150.jpeg 150w, https:\/\/meijenfeldt.nl\/wp-content\/uploads\/2020\/02\/893C59D6-DABB-4CAA-A908-29DE4778208B.jpeg 520w\" sizes=\"auto, (max-width: 300px) 100vw, 300px\" \/><\/span><span style=\"color: #000000; font-size: 10pt;\"><i>AT-OeStA\/AVA Adel RAA 268.13 Mayer von Mayersfeld<\/i><\/span><\/span><\/p>\n<p style=\"text-align: justify;\"><span style=\"color: #000000; font-family: georgia, palatino, serif; font-size: 12pt;\">AAd. <b>Anton <\/b>Mayer von Mayersfelsen, k.k. Hofprokurator, Kammerprokurator, \u221e 12-10-1749\u00a0<i>Maria Christina von Keess<\/i>, * 19-06-1713, \u2020 10-06-1759, dochter van Johann Georg von Keess (1673-1754) en Maria Anna Klara Mansuet van Orelli (-1742).<\/span><\/p>\n<p style=\"text-align: justify;\"><span style=\"color: #000000; font-family: georgia, palatino, serif; font-size: 12pt;\">AAe. <b>Johann Georg<\/b>\u00a0Mayer von Mayersfelsen, * 08-09-1751, 1772 <a style=\"color: #000000;\" href=\"https:\/\/www.europeana.eu\/portal\/nl\/record\/9200332\/ABO__2BZ197731502.html\"><span style=\"color: #0000ff;\">promotie<\/span><\/a>\u00a0dr.jur. Wenen, advocaat bij hof en rechtbank, \u221e1 <i>Barbara Magdalena von G\u00fcssot<\/i>, \u2020Wenen 01-03-1778,\u00a0\u221e2\u00a0<i>Elisabeth Therese de Passy<\/i>, twee kinderen uit eerste huwelijk en \u00e9\u00e9n uit het tweede:<\/span><\/p>\n<p style=\"text-align: justify;\"><span style=\"color: #000000; font-family: georgia, palatino, serif; font-size: 12pt;\">AAe.1. <b>Maria<\/b>\u00a0<b>Ludovika<\/b>., * Wenen 187..<\/span><\/p>\n<p style=\"text-align: justify;\"><span style=\"font-family: georgia, palatino, serif; font-size: 12pt;\">AAe.2. <b>Franz Borgias, * <\/b>Wenen 187..<\/span><\/p>\n<p style=\"text-align: justify;\"><span style=\"color: #000000; font-family: georgia, palatino, serif; font-size: 12pt;\">AAe.3. <b>Katharina (Katalin)<\/b>, * Wenen 31-10-1780, \u2020 Hietzing, Wenen 29-06-1854, \u221e <i>Joseph Buschmann<\/i>, * Keulen 06-02-1781, \u2020 Wenen 16-10-1854, Liechtensteinscher Wirtschafsrat, zoon van Peter Joseph Johannes Ignatius Buschmann\u00a0(1742-1803) en Antonia Walburga Ignatia von Aichen\u00a0(1745-1793), vier kinderen.<\/span><\/p>\n<p style=\"text-align: justify;\"><span style=\"color: #000000; font-family: georgia, palatino, serif; font-size: 12pt;\">AAf. <b>Maria Anna<\/b>\u00a0Mayer von Mayersfelsen, \u221e <i>Joseph von Gall<\/i>, * 1747, \u2020 Wenen 11-03-1805, Landrat, Appallazionsrat Neder-Oostenrijk, zoon van\u00a0Johann Adam von Gall (1702-1781), vier kinderen.<\/span><\/p>\n<p style=\"text-align: justify;\"><span style=\"color: #000000; font-family: georgia, palatino, serif; font-size: 12pt;\">AAg.<strong> Maria Catharina<\/strong> von Mayersfeld,\u00a0\u221e Wenen 26-10-1718\u00a0<em>Otto Joseph von Quarient und Raal<\/em>, Zuid-Tirol,\u00a0 heer van Rauchenstein, Weickerstorf und Vesten Rohr, Keizerlijk Raad en Regent Neder-Oostenrijk, (\u221e1 Maria Elisabeth Tinti), geen kinderen. ANDERE BRON:\u00a0\u221e <i>Bartholomeus<\/i> <i>von Tinti<\/i>, heer van Planckenstein en Enzerstorff aan de Vischa, dochter Maria Elisabeth\u00a0\u221e Von Quarient und Raal (echtgenoot Otto Joseph\u00a0\u2020 1718).<\/span><\/p>\n<p style=\"text-align: justify;\"><span style=\"color: #000000; font-family: georgia, palatino, serif; font-size: 12pt;\">AAi. <strong>M. Anna <\/strong>von Mayersfeld, \u221e <em>Von Pirckerth<\/em>, tante\u00a0van M. Anna Heinin \u221e Von Reckumin en nicht van Felizitas von Pickerth \u221e Von Freysleben.<\/span><\/p>\n<p style=\"text-align: justify;\"><span style=\"color: #000000; font-family: georgia, palatino, serif; font-size: 12pt;\">AAj. <strong>Elisabeth Benedikta<\/strong> von Mayersfeld, \u221e <em>Andreas Kurz<\/em>, niederl\u00e4ndischer Hofrath, 1742 testament in Wenen, een zoon.<\/span><\/p>\n<p style=\"text-align: justify;\"><span style=\"color: #000000; font-family: georgia, palatino, serif; font-size: 12pt;\">AAk. <b>Joseph<\/b> <b>Berthold<\/b> von Mayersfeld, \u221e Steyr, Opper-Oostenrijk 1745 <i>Catharina<\/i> <i>Wachtenberger<\/i>.<\/span><\/p>\n<p style=\"text-align: justify;\"><span style=\"color: #000000; font-family: georgia, palatino, serif; font-size: 12pt;\">AAm. <b>Niclas<\/b> Mayer, 1759 Oostenrijkse adelstand met uitbreiding von Mayersfeld, k.k. kapitein infanterieregiment baron von Sinc\u00e8re, niet te verwarren met Mayersfeld zu L\u00f6wenkron.<\/span><\/p>\n<p style=\"text-align: justify;\"><span style=\"color: #000000; font-family: georgia, palatino, serif; font-size: 12pt;\">AAn.<strong> Franz Ferdinand <\/strong>von Mayersfeld zu L\u00f6wenkron, \u2020 1837, overste en commandant van Kuffstein, \u221e Burgpfarre Wenen 02-04-1769 <i>Maria Anna Fritz.\u00a0<\/i><em>1<\/em>780 1799 Oostenrijkse adelstand, maar Sr. r. k.k. apost. majoor\u00a0Gubernium, secretaris voor\u00a0het marktgraafschap\u00a0Moravi\u00eb en het hertogdom Silezi\u00eb, 1801 Hofsekretaris in\u00a0Wenen, 1804 verkoopt zijn bibliotheek van 500 boeken over geschiedenis, schilder- en beelhoudkunst voor 4100\u00a0fl. aan de Pr\u00e4monstratenser kloosterbibliotheek in Nova Rise in Moravi\u00eb, 1818-1820 k.k. wirkliche Hofsekret\u00e4re\u00a0van de Hofkaselarij in Praag. Later tabakshandelaar in Leipnitz<em>.<\/em><\/span><\/p>\n<p style=\"text-align: justify;\"><span style=\"font-family: georgia, palatino, serif; font-size: 12pt;\"><img loading=\"lazy\" decoding=\"async\" class=\" wp-image-6380 aligncenter\" src=\"https:\/\/meijenfeldt.nl\/wp-content\/uploads\/2017\/09\/IMG_0516-300x218.jpg\" sizes=\"auto, (max-width: 435px) 100vw, 435px\" srcset=\"https:\/\/meijenfeldt.nl\/wp-content\/uploads\/2017\/09\/IMG_0516-300x218.jpg 300w, https:\/\/meijenfeldt.nl\/wp-content\/uploads\/2017\/09\/IMG_0516-768x557.jpg 768w, https:\/\/meijenfeldt.nl\/wp-content\/uploads\/2017\/09\/IMG_0516-1024x743.jpg 1024w\" alt=\"IMG_0516\" width=\"435\" height=\"316\" \/><\/span><\/p>\n<p style=\"text-align: center;\"><span style=\"font-family: georgia, palatino, serif; font-size: 12pt;\"><img loading=\"lazy\" decoding=\"async\" class=\"alignnone wp-image-6271 aligncenter\" src=\"https:\/\/meijenfeldt.nl\/wp-content\/uploads\/2017\/09\/Franz-Rietstap-300x80.jpg\" sizes=\"auto, (max-width: 436px) 100vw, 436px\" srcset=\"https:\/\/meijenfeldt.nl\/wp-content\/uploads\/2017\/09\/Franz-Rietstap-300x80.jpg 300w, https:\/\/meijenfeldt.nl\/wp-content\/uploads\/2017\/09\/Franz-Rietstap.jpg 420w\" alt=\"Franz Rietstap\" width=\"436\" height=\"116\" \/><span style=\"font-size: 10pt;\"><em>J.B. Rietstap, \u201cArmorial G\u00e9n\u00e9ral\u201d, Gouda 1884.<\/em><\/span><\/span><\/p>\n<p style=\"text-align: justify;\"><span style=\"color: #000000; font-family: georgia, palatino, serif; font-size: 12pt;\">AAo.<strong> Maximilian<\/strong>\u00a0von Mayerfeld, * Wenen-Stad 1761, rond 1801-1803 actief in het theaterwezen.<\/span><\/p>\n<p style=\"text-align: justify;\"><span style=\"color: #000000; font-family: georgia, palatino, serif; font-size: 12pt;\">AAp. <b>Johann<\/b> <b>Anton<\/b> <b>Xaver <\/b>Ledermayr geadeld Von Mayernfeld, Wenen\u00a017-02-1794 door keizer Franz II, Urbaramts- und Landgerichts Verwalter in Weyer, Opper-Oostenrijk.<\/span><\/p>\n<p style=\"text-align: center;\"><span style=\"font-family: georgia, palatino, serif; font-size: 12pt;\"><em><img loading=\"lazy\" decoding=\"async\" class=\"wp-image-6323 aligncenter\" src=\"https:\/\/meijenfeldt.nl\/wp-content\/uploads\/2017\/09\/Mayernfeld-183x300.jpg\" alt=\"Mayernfeld\" width=\"279\" height=\"458\" srcset=\"https:\/\/meijenfeldt.nl\/wp-content\/uploads\/2017\/09\/Mayernfeld-183x300.jpg 183w, https:\/\/meijenfeldt.nl\/wp-content\/uploads\/2017\/09\/Mayernfeld.jpg 426w\" sizes=\"auto, (max-width: 279px) 100vw, 279px\" \/><\/em><span style=\"font-size: 10pt;\"><em>Ledermayr\u00a0von Mayernfeld<\/em><\/span><\/span><\/p>\n<p style=\"text-align: justify;\"><span style=\"color: #000000; font-family: georgia, palatino, serif; font-size: 12pt;\">AAq. <b>Friedrich Moritz Franz<\/b>\u00a0von Mayfeld, * Wenen 01-02-1817, \u2020 Schwanenstadt 31-08-1904, ambtenaar-politicus, pianist-componist, schilder, \u221e <i>Barbara (Betty) von Jenny<\/i>, * Schwanenstadt 15-05-1832,\u00a0\u2020Schwanenstadt 13-06-1908, pianiste.<\/span><\/p>\n<p style=\"padding-left: 40px; text-align: justify;\"><span style=\"color: #000000; font-family: georgia, palatino, serif; font-size: 12pt;\">War im Verwaltungsdienst in Wien (1840\u201350), Linz (1850\/51 und 1859\u201373), Braunau (1851\u201354), Ried i. I. (1854\u201359) und V\u00f6cklabruck (1873\u201380) besch\u00e4ftigt, veranstaltete daneben in Linz gemeinsam mit seiner Frau regelm\u00e4\u00dfig Musikabende, an denen oft der befreundete A. Bruckner teilnahm, der von M. zum Komponieren von Symphonien aufgefordert worden sein soll.<\/span><\/p>\n<p style=\"text-align: center;\"><span style=\"font-family: georgia, palatino, serif; font-size: 10pt; color: #000000;\"><span style=\"color: #0000ff;\"><a id=\"voetnoot\"><\/a>T<a style=\"color: #0000ff;\" href=\"https:\/\/meijenfeldt.nl\/?page_id=7027\">Terug<\/a>\u00a0<\/span> \u00a0***\u00a0 \u00a0<span style=\"color: #0000ff;\"><a style=\"color: #0000ff;\" href=\"https:\/\/meijenfeldt.nl\/?page_id=2141\">Verder<\/a><\/span><\/span><\/p>\n","protected":false},"excerpt":{"rendered":"<p>AAa. Tobias Archesius geadeld Von Mayenffeld (Neyenfeldu), Wenen 17-01-1630, Bohemen. AAb. Johann Mathias Tschuegg, voorouder Leonhard\u00a0Tschugguel uit Zuid-Tirol geadeld\u00a0in 1530 von\u00a0Graumburg und Mayenfeldt 19-01-1699,\u00a0nakomeling: AAb.1. Leonhard, Ritter Edler von Tschuegg von Pichelheimb, Graunburg und Mayenfeldt, rijksbaron 23-05-1705, Oostenrijks baron 1724, \u221e Anna\u00a0barones von Priami. Stamwapen Tschugguel AT-OeStA\/AVA Adel RAA 430.24, Tschuegg AAc. Johann Bertrand\u00a0Mayer von &hellip; <a href=\"https:\/\/meijenfeldt.nl\/?page_id=52672\" class=\"more-link\">Verder lezen <span class=\"screen-reader-text\">4.5.4. Rest Oostenrijkse adel<\/span><\/a><\/p>\n","protected":false},"author":1,"featured_media":0,"parent":0,"menu_order":0,"comment_status":"closed","ping_status":"closed","template":"","meta":{"footnotes":""},"class_list":["post-52672","page","type-page","status-publish","hentry"],"_links":{"self":[{"href":"https:\/\/meijenfeldt.nl\/index.php?rest_route=\/wp\/v2\/pages\/52672","targetHints":{"allow":["GET"]}}],"collection":[{"href":"https:\/\/meijenfeldt.nl\/index.php?rest_route=\/wp\/v2\/pages"}],"about":[{"href":"https:\/\/meijenfeldt.nl\/index.php?rest_route=\/wp\/v2\/types\/page"}],"author":[{"embeddable":true,"href":"https:\/\/meijenfeldt.nl\/index.php?rest_route=\/wp\/v2\/users\/1"}],"replies":[{"embeddable":true,"href":"https:\/\/meijenfeldt.nl\/index.php?rest_route=%2Fwp%2Fv2%2Fcomments&post=52672"}],"version-history":[{"count":12,"href":"https:\/\/meijenfeldt.nl\/index.php?rest_route=\/wp\/v2\/pages\/52672\/revisions"}],"predecessor-version":[{"id":64523,"href":"https:\/\/meijenfeldt.nl\/index.php?rest_route=\/wp\/v2\/pages\/52672\/revisions\/64523"}],"wp:attachment":[{"href":"https:\/\/meijenfeldt.nl\/index.php?rest_route=%2Fwp%2Fv2%2Fmedia&parent=52672"}],"curies":[{"name":"wp","href":"https:\/\/api.w.org\/{rel}","templated":true}]}}