{"id":51813,"date":"2022-11-21T11:44:09","date_gmt":"2022-11-21T11:44:09","guid":{"rendered":"https:\/\/meijenfeldt.nl\/?page_id=51813"},"modified":"2022-11-21T15:32:17","modified_gmt":"2022-11-21T15:32:17","slug":"losman","status":"publish","type":"page","link":"https:\/\/meijenfeldt.nl\/?page_id=51813","title":{"rendered":"Losman"},"content":{"rendered":"<p style=\"text-align: justify;\"><span style=\"color: #000000; font-size: 14pt;\"><strong>Arne Losman, &#8220;Carl Gustaf Wrangel och Europa. Studier i kulturf\u00f6rbindelser kring en 1600-talsmagnat&#8221;, Uppsala 1980.<\/strong><\/span><\/p>\n<p><span style=\"text-decoration: underline;\"><span style=\"color: #000000; text-decoration: underline;\">Pag. 49-50<\/span><\/span><\/p>\n<p style=\"text-align: justify;\"><span style=\"color: #000000; font-size: 10pt;\">Carl Gustaf von Wrangel heeft voor een oude tekst voor zijn bibliotheek contact gehad met Thomas Lansius (1577-1657), professor aan het Collegium Illustre in T\u00fcbingen. Dit is een academie voor de prinsen van W\u00fcrttemberg en de buitenlandse adel. Door de Dertigjarige Oorlog sluit de &#8220;Eberhard-Karls-Universit\u00e4t&#8221; enkele keren, maar zodra Wrangel in 1654 hoort dat zij weer geopend is en Lansius ondanks zijn hoge leeftijd nog doceert neemt hij een besluit:<\/span><\/p>\n<p><img loading=\"lazy\" decoding=\"async\" class=\"alignnone wp-image-51817\" src=\"https:\/\/meijenfeldt.nl\/wp-content\/uploads\/2022\/11\/Losman-300x113.jpg\" alt=\"\" width=\"635\" height=\"239\" srcset=\"https:\/\/meijenfeldt.nl\/wp-content\/uploads\/2022\/11\/Losman-300x113.jpg 300w, https:\/\/meijenfeldt.nl\/wp-content\/uploads\/2022\/11\/Losman-1024x384.jpg 1024w, https:\/\/meijenfeldt.nl\/wp-content\/uploads\/2022\/11\/Losman-768x288.jpg 768w, https:\/\/meijenfeldt.nl\/wp-content\/uploads\/2022\/11\/Losman-1536x577.jpg 1536w, https:\/\/meijenfeldt.nl\/wp-content\/uploads\/2022\/11\/Losman.jpg 1918w\" sizes=\"auto, (max-width: 635px) 100vw, 635px\" \/><\/p>\n<p style=\"text-align: justify;\"><span style=\"color: #000000; font-size: 10pt;\">* = Skoklostersammlumgen, Riksarkivet, Stockholm.<\/span><br \/>\n<span style=\"color: #000000; font-size: 10pt;\">3 = Br\u00f6dernas inskr. i T\u00fcbingen se Die Matrikel der Universit\u00e4t T\u00fcbingen, Bd. 3, T\u00fcbingen 1953, 531, Register zu den Matrikeln 1600-1815, T\u00fcbingen 1954, 371.<br \/>\nN.B. In <span style=\"color: #0000ff;\"><a style=\"color: #0000ff;\" href=\"http:\/\/idb.ub.uni-tuebingen.de\/opendigi\/LXV223-3#p=539\">deze publicatie<\/a><\/span> wordt gemeld dat de broers vanaf 1654 aan het Collegium Illustre studeren, maar niet behoren tot de groep studerenden die in de Matrikels worden genoemd. Bij Johan Fredrik staat <em>disc in Galliam 6.5.58<\/em> en bij Wolmar <em>disc in patriam 30.5.57<\/em>. Als dit data zijn betekent dit dat Andreas alleen met Wolmar in juni 1657 de terugreis aanvaardt.<\/span><\/p>\n<p style=\"text-align: justify;\"><span style=\"color: #000000;\"><span style=\"font-size: 10pt;\">P.S. Het eerste dat wij van Andreas Meijer weten is dat Carl Gustaf von Wrangel hem als hofmeester koos. Uit het boek is niet te halen of hij het al eerder was en waarom hij gekozen werd. Hun beide ouders komen uit Estland: Herman von Wrangel was van Estlandse adel en Johann Meijer slothoofdman van Fellin. De eerste was Zweeds veldmaarschalk <\/span><span style=\"font-size: 13.3333px;\">toen koning Gustaaf II Adolf in 1620 de grens met Lijfland overtrok <\/span><span style=\"font-size: 10pt;\">en nam wellicht de tweede mee tot aan de belegering van Riga in 1621. In 1643 keerde Herman von Wrangel als gouverneur-generaal terug. Hij was inmiddels voor de derde keer getrouwd met Amalia Magdalena van Nassau-Siegen. Hij stierf dat jaar in Riga. Zijn zoon Carl Gustaf zal zeker bij de begrafenis geweest zijn.<\/span><\/span><\/p>\n","protected":false},"excerpt":{"rendered":"<p>Arne Losman, &#8220;Carl Gustaf Wrangel och Europa. Studier i kulturf\u00f6rbindelser kring en 1600-talsmagnat&#8221;, Uppsala 1980. Pag. 49-50 Carl Gustaf von Wrangel heeft voor een oude tekst voor zijn bibliotheek contact gehad met Thomas Lansius (1577-1657), professor aan het Collegium Illustre in T\u00fcbingen. Dit is een academie voor de prinsen van W\u00fcrttemberg en de buitenlandse adel. &hellip; <a href=\"https:\/\/meijenfeldt.nl\/?page_id=51813\" class=\"more-link\">Verder lezen <span class=\"screen-reader-text\">Losman<\/span><\/a><\/p>\n","protected":false},"author":1,"featured_media":0,"parent":0,"menu_order":0,"comment_status":"closed","ping_status":"closed","template":"","meta":{"footnotes":""},"class_list":["post-51813","page","type-page","status-publish","hentry"],"_links":{"self":[{"href":"https:\/\/meijenfeldt.nl\/index.php?rest_route=\/wp\/v2\/pages\/51813","targetHints":{"allow":["GET"]}}],"collection":[{"href":"https:\/\/meijenfeldt.nl\/index.php?rest_route=\/wp\/v2\/pages"}],"about":[{"href":"https:\/\/meijenfeldt.nl\/index.php?rest_route=\/wp\/v2\/types\/page"}],"author":[{"embeddable":true,"href":"https:\/\/meijenfeldt.nl\/index.php?rest_route=\/wp\/v2\/users\/1"}],"replies":[{"embeddable":true,"href":"https:\/\/meijenfeldt.nl\/index.php?rest_route=%2Fwp%2Fv2%2Fcomments&post=51813"}],"version-history":[{"count":7,"href":"https:\/\/meijenfeldt.nl\/index.php?rest_route=\/wp\/v2\/pages\/51813\/revisions"}],"predecessor-version":[{"id":51816,"href":"https:\/\/meijenfeldt.nl\/index.php?rest_route=\/wp\/v2\/pages\/51813\/revisions\/51816"}],"wp:attachment":[{"href":"https:\/\/meijenfeldt.nl\/index.php?rest_route=%2Fwp%2Fv2%2Fmedia&parent=51813"}],"curies":[{"name":"wp","href":"https:\/\/api.w.org\/{rel}","templated":true}]}}