{"id":5128,"date":"2017-08-01T17:44:15","date_gmt":"2017-08-01T17:44:15","guid":{"rendered":"http:\/\/meijenfeldt.nl\/?page_id=5128"},"modified":"2025-07-06T09:50:11","modified_gmt":"2025-07-06T09:50:11","slug":"1-1-6-henric-meijer","status":"publish","type":"page","link":"https:\/\/meijenfeldt.nl\/?page_id=5128","title":{"rendered":"1.1.6. Ritmeester Heinrich"},"content":{"rendered":"<p style=\"text-align: justify;\"><span style=\"color: #000000;\">Heinrich (Hinrik, Henric) Meijer is de zoon van <\/span><span style=\"color: #0000ff;\"><a style=\"color: #0000ff;\" href=\"https:\/\/meijenfeldt.nl\/?page_id=5142\">Wolmar<\/a><\/span> <span style=\"color: #000000;\">Meijer en Agnes von Tiesenhausen. <\/span><\/p>\n<p style=\"text-align: justify;\"><span style=\"color: #000000;\">Heinrich i<\/span><span style=\"color: #000000;\">s in 1560 officier in de ruiterij van de Duitse Orde in Lijfland. Deze <\/span><span style=\"color: #000000;\">loopt op zijn laatste benen als gevolg van de Reformatie en de Lijflandse Oorlog. Tsaar Iwan IV de Ver\u00adschrikke\u00adlijke verovert grote delen van Lijfland. <\/span><span style=\"color: #000000;\">Landmeester Gotthard Kettler zoekt in 1561 bescherming bij Sigismund II August, koning van Polen en grootvorst van Litouwen. De stad Riga volgt hem, maar de <\/span><span style=\"color: #000000;\">stad Reval kiest voor <\/span><span style=\"color: #000000;\">koning Erik XIV van Zweden. <\/span><span style=\"color: #000000;\">Voor het eerst arriveren enkele Zweedse schepen en manschappen onder admiraal Klas Horn bij Reval. De Estlandse Ridderschappen willen hun band met Reval handhaven en zweren begin juni 1561 de eed van trouw aan de\u00a0 Zweedse koning. Kettler heft op 5 maart 1562 de Lijflandse tak van de Duitse Orde op door zijn ambts\u00adkleed af te leggen. Hij wordt hertog van Koerland en Semgallen in Poolse dienst.\u00a0<\/span><\/p>\n<p><img loading=\"lazy\" decoding=\"async\" class=\"wp-image-52958 aligncenter\" src=\"https:\/\/meijenfeldt.nl\/wp-content\/uploads\/2023\/01\/Kettler-262x300.jpg\" alt=\"\" width=\"497\" height=\"569\" srcset=\"https:\/\/meijenfeldt.nl\/wp-content\/uploads\/2023\/01\/Kettler-262x300.jpg 262w, https:\/\/meijenfeldt.nl\/wp-content\/uploads\/2023\/01\/Kettler.jpg 489w\" sizes=\"auto, (max-width: 497px) 100vw, 497px\" \/><\/p>\n<p style=\"text-align: center;\"><span style=\"color: #000000;\"><em><span style=\"font-size: 10pt;\">Laatste Meester van de Lijflandse Orde<br \/>\nen eerste Hertog van Koerland<br \/>\n<\/span><\/em><em><span style=\"font-size: 10pt;\">Gotthard Kettler (1517-1587)<\/span><\/em><\/span><\/p>\n<p style=\"text-align: justify;\"><span style=\"color: #000000;\">Hoewel het geslacht Meijer drie generaties lang de Duitse Orde dient, treedt Heinrich niet in <\/span><span style=\"color: #000000;\">Pools-Litouwse dienst. Hij volgt <\/span><span style=\"color: #000000;\">de Estlandse ridders en treedt in Zweedse dienst als<\/span><span style=\"color: #000000;\"> ritmeester van het adellijke cavaleriecorps van Lijfland. <\/span><span style=\"color: #000000;\"><span style=\"color: #0000ff;\"><a style=\"color: #0000ff;\" href=\"#voetnoot\">(1)<\/a><\/span><\/span><\/p>\n<p style=\"text-align: justify;\"><span style=\"color: #000000;\">In datzelfde jaar al treedt Heinrich in het huwelijk met <em>Magdalena von Wrangel<\/em> uit een Estlands riddergeslacht. H<\/span><span style=\"color: #000000;\">aar vader komt van het landgoed Ellistfer (<\/span><i style=\"color: #000000;\">Elistvere <\/i><span style=\"color: #000000;\">bij<\/span><i style=\"color: #000000;\">\u00a0<\/i><span style=\"color: #000000;\">Dorpat). Zijn voornaam kent twee varianten: landraad Wolmar <\/span><span style=\"color: #0000ff;\"><a style=\"color: #0000ff;\" href=\"#voetnoot\">(2)<\/a><\/span><span style=\"color: #000000;\"> en Christoph (-1543).\u00a0<\/span><span style=\"color: #0000ff;\"><a style=\"color: #0000ff;\" href=\"#voetnoot\">(3)<\/a> <span style=\"color: #000000;\">Haar oudere broer Hans (\u2020 v\u00f3\u00f3r 1589) is gehuwd met Anna Bolswing (* Stockholm 1550).<\/span><\/span><\/p>\n<p style=\"text-align: center;\"><strong><img loading=\"lazy\" decoding=\"async\" class=\"alignnone size-full wp-image-1257 aligncenter\" src=\"https:\/\/meijenfeldt.nl\/wp-content\/uploads\/2016\/11\/IMG_0423.jpg\" alt=\"\" width=\"209\" height=\"223\" \/><\/strong><em><span style=\"font-size: 10pt;\">Wapenschild von Wrangel<\/span><\/em><strong><br \/>\n<\/strong><\/p>\n<p style=\"text-align: justify;\"><span style=\"color: #000000;\">De moeder van de bruid is Magdalena von Taube uit het huis Fier. De familienaam wordt v\u00f3\u00f3r 1500 niet te onderscheiden ook geschreven als Tuve en betekent \u201cduif\u201d. Het geslacht komt uit het Westfaalse Paderborn en is als Ordevazal met de Kruistochten in Lijfland terecht gekomen, waar het sterk opbloeit. Dankzij verhoging in de Poolse, Zweedse en Finse adelstand zijn er veel gegevens over te vinden. De hier relevante tak Fier \u2013 waar eens het slot Fierenhof (<i style=\"color: #000000;\">Tsooru<\/i>) ten zuiden van Dorpat <\/span><span style=\"color: #000000;\">stond \u2013 stamt af van Andreas von Taube uit Dorpat<\/span><span style=\"color: #000000;\">, overleden in 1460, en diens zoon Heinrich von Taube, in 1516 eigenaar van Fier.<\/span><\/p>\n<p style=\"text-align: justify;\"><span style=\"color: #000000;\">Heinrich Meijer en Magdalena von Wrangel krijgen een zoon. Zij heven hem de naam van hun grootvader aan vaders- en moederszijde:<\/span>\u00a0<span style=\"color: #008000;\"><span style=\"color: #0000ff;\"><a style=\"color: #0000ff;\" href=\"https:\/\/meijenfeldt.nl\/?page_id=95\">Wolmar<\/a><\/span>.<\/span><\/p>\n<p style=\"text-align: justify;\"><span style=\"color: #000000;\">Heinrich vecht door als ritmeester in de Lijflandse adelscavalerie totdat in 1581 aan de oorlog met de Russen een einde komt dankzij de oprukkende Zweden en Polen. De door <\/span><span style=\"color: #000000;\">interne ver\u00adzwakkingen geplaagde Iwan IV moet accepteren dat hij zijn avontuur moet bekopen zonder enige haven of gebied aan de Oostzee.<\/span><\/p>\n<p style=\"text-align: justify;\"><span style=\"color: #000000;\">Tegelijk met zijn militaire verrichtingen is Heinrich Meijer landrechter, welke bevoegdheid met de komst van de Zweden niet is ingetrokken.<\/span><\/p>\n<p style=\"text-align: center;\"><a id=\"voetnoot\"><\/a><span style=\"color: #000000; font-size: 10pt;\"><span style=\"color: #0000ff;\"><a style=\"color: #0000ff;\" href=\"https:\/\/meijenfeldt.nl\/?page_id=5142\">Terug<\/a><\/span>\u00a0 \u00a0***\u00a0 \u00a0<span style=\"color: #0000ff;\"><a style=\"color: #0000ff;\" href=\"https:\/\/meijenfeldt.nl\/?page_id=95\">Verder<\/a><\/span><\/span><\/p>\n<p style=\"text-align: justify;\"><span style=\"font-size: 10pt;\"><span style=\"color: #000000;\">1. Brief van Gerard von Meijenfeldt (Nk.22) van 13 augustus 1984: \u201c<i>Mij is altijd \u00f3\u00f3k doorgege\u00adven dat die Zweedse voorouders van ons uit Estland kwamen, waar ze de naam Meyer hadden. Dit drukte tevens uit de positie van deze Estlander, een horige boer, die er voor zorgen moest dat hij het leengeld van al de horige boeren verzamelde en dit dan naar de leenheer bracht<\/i>.\u201d [<span style=\"color: #0000ff;\"><a style=\"color: #0000ff;\" href=\"https:\/\/meijenfeldt.nl\/wp-content\/uploads\/2021\/11\/CH-038.pdf\">CH-038<\/a><\/span>]<br \/>\n2. A.A. von Stiernman, \u201cSveacia Illustris. Sl\u00e4gttaflor \u00f6fver de p\u00e5 Svenska Riddarhuset until \u00e5r \u2026. introducerade \u00e4tter i alfabetisk ordning\u201d, Uppsala Universit\u00e4tsbibliotek, Handskrifter, X 18 del M-O, <span style=\"color: #0000ff;\"><a style=\"color: #0000ff;\" href=\"https:\/\/meijenfeldt.nl\/?page_id=12369\">Mejerfelt<\/a><\/span>.<br \/>\n3. H. von Baensch, &#8220;Geschichte der Familie von Wrangel, vom Jahre 1250 bis auf die Gegenwart, nach Urkunden und Tageb\u00fcchern bearbeitet&#8221;, Berlin und Dresden 1878, deel I, <\/span><span style=\"color: #0000ff;\"><a style=\"color: #0000ff;\" href=\"http:\/\/digital.ub.uni-duesseldorf.de\/urn\/urn:nbn:de:hbz:061:1-476263\">pag. 130<\/a><\/span><span style=\"color: #000000;\">. In tegenstelling tot Stiernman vermeldt Baensch gedetailleerde stamtafels en bronnen. Christoph is zoon van Hans, wiens broer landraad Wolmar was.<br \/>\n<\/span><\/span><\/p>\n","protected":false},"excerpt":{"rendered":"<p>Heinrich (Hinrik, Henric) Meijer is de zoon van Wolmar Meijer en Agnes von Tiesenhausen. Heinrich is in 1560 officier in de ruiterij van de Duitse Orde in Lijfland. Deze loopt op zijn laatste benen als gevolg van de Reformatie en de Lijflandse Oorlog. Tsaar Iwan IV de Ver\u00adschrikke\u00adlijke verovert grote delen van Lijfland. Landmeester Gotthard &hellip; <a href=\"https:\/\/meijenfeldt.nl\/?page_id=5128\" class=\"more-link\">Verder lezen <span class=\"screen-reader-text\">1.1.6. Ritmeester Heinrich<\/span><\/a><\/p>\n","protected":false},"author":1,"featured_media":0,"parent":0,"menu_order":0,"comment_status":"closed","ping_status":"closed","template":"","meta":{"footnotes":""},"class_list":["post-5128","page","type-page","status-publish","hentry"],"_links":{"self":[{"href":"https:\/\/meijenfeldt.nl\/index.php?rest_route=\/wp\/v2\/pages\/5128","targetHints":{"allow":["GET"]}}],"collection":[{"href":"https:\/\/meijenfeldt.nl\/index.php?rest_route=\/wp\/v2\/pages"}],"about":[{"href":"https:\/\/meijenfeldt.nl\/index.php?rest_route=\/wp\/v2\/types\/page"}],"author":[{"embeddable":true,"href":"https:\/\/meijenfeldt.nl\/index.php?rest_route=\/wp\/v2\/users\/1"}],"replies":[{"embeddable":true,"href":"https:\/\/meijenfeldt.nl\/index.php?rest_route=%2Fwp%2Fv2%2Fcomments&post=5128"}],"version-history":[{"count":93,"href":"https:\/\/meijenfeldt.nl\/index.php?rest_route=\/wp\/v2\/pages\/5128\/revisions"}],"predecessor-version":[{"id":73649,"href":"https:\/\/meijenfeldt.nl\/index.php?rest_route=\/wp\/v2\/pages\/5128\/revisions\/73649"}],"wp:attachment":[{"href":"https:\/\/meijenfeldt.nl\/index.php?rest_route=%2Fwp%2Fv2%2Fmedia&parent=5128"}],"curies":[{"name":"wp","href":"https:\/\/api.w.org\/{rel}","templated":true}]}}