{"id":51218,"date":"2022-11-14T08:32:37","date_gmt":"2022-11-14T08:32:37","guid":{"rendered":"https:\/\/meijenfeldt.nl\/?page_id=51218"},"modified":"2025-07-06T12:44:40","modified_gmt":"2025-07-06T12:44:40","slug":"1-2-6-wapenschild","status":"publish","type":"page","link":"https:\/\/meijenfeldt.nl\/?page_id=51218","title":{"rendered":"1.2.1. Adelstand"},"content":{"rendered":"<p style=\"text-align: justify;\"><span style=\"color: #000000;\">Op 24 november 1674 te<\/span><span style=\"color: #000000;\"> Stockholm\u00a0<\/span><span style=\"color: #000000;\">verheft de Zweedse koning Karel XI Andreas Meijer in de Zweedse adelstand door ondertekening van een \u201c<em>sk\u00f6ldebref<\/em>\u201d (schild-of adelsbrief). <span style=\"color: #0000ff;\"><a style=\"color: #0000ff;\" href=\"https:\/\/meijenfeldt.nl\/?page_id=18673#voetnoot\">(1)<\/a><\/span>\u00a0<\/span><span style=\"color: #000000;\">In de brief staan de diensten die hij bewezen heeft uitvoerig opgesomd, maar niets over zijn familie of afkomst. Er zijn wel twee verbindingen met het Lijflandse geslacht. De eerste is zijn familienaam <em>Meijer,<\/em> die wordt uitgebreid tot <em>Meijerfelt<\/em>. De tweede verbinding is\u00a0de zilveren sikkel in blauw veld in de bovenste helft van het nieuwe wapenschild.\u00a0<\/span><\/p>\n<p style=\"text-align: justify;\"><span style=\"color: #000000;\">De beschrijving van het wapen luidt als volgt:<\/span><\/p>\n<table style=\"border-collapse: collapse; width: 100%;\">\n<tbody>\n<tr>\n<td style=\"width: 50%; text-align: center;\"><em><strong><span style=\"font-size: 10pt; color: #000000;\">Transcriptie<\/span><\/strong><\/em><\/td>\n<td style=\"width: 50%; text-align: center;\"><em><strong><span style=\"font-size: 10pt; color: #000000;\">Vertaling<\/span><\/strong><\/em><\/td>\n<\/tr>\n<tr>\n<td style=\"width: 50%;\"><span style=\"font-size: 10pt; color: #000000;\"><i>En skild f\u00f6rdeelt i twenne f\u00e4ldt, dett \u00fandersta hwitt med een f\u00e4stning \u00fathi aff tree Bastioner, wallerne \u00f6fwer alt gr\u00f6na med en lijten watnegraff r\u00fandt omkring. dett \u00f6fwersta f\u00e4ltet bl\u00e5tt med en \u00fathstr\u00e4ckt hwijt arm hafwan\u00addes en sk\u00e4ra \u00fathi handen, ofwan p\u00e5 sk\u00f6lden en \u00f6pen tornerhielm med tw\u00e4nne w\u00e4rior korswijs med guldene f\u00e4ster. L\u00f6ffw\u00e4rcket aff bl\u00e5hwijt och gr\u00f6n f\u00f6rga, \u00fander hwar andra f\u00f6rm\u00e4ngde och med sm\u00e5 g\u00faldstrijmor \u00fathzijrade, aldeles som wapnet st\u00e5r h\u00e4r hoos affm\u00e5hlat.<\/i><\/span><\/td>\n<td style=\"width: 50%;\"><span style=\"font-size: 10pt; color: #000000;\"><em>Een schild verdeeld in twee velden, het onderste wit met een vesting waaraan drie bastions, de wallen overal groen met een smalle watergang rond daaromheen. Het boven\u00adste veld blauw met een uitgestrekte witte arm houdende een sikkel in de hand, boven op het schild een open toernooihelm met twee zwaarden ge\u00adkruist met gouden handvest. Het lofwerk van blauw-witte en groene kleur, waaronder verscheidene en met smalle goudlijnen versierselen, zoals het wapen hier staat op de schilde\u00adring.<\/em><\/span><\/td>\n<\/tr>\n<\/tbody>\n<\/table>\n<p style=\"text-align: justify;\"><span style=\"color: #000000;\">Ten opzichte van het <\/span><span style=\"color: #000000;\"><span style=\"color: #0000ff;\"><a style=\"color: #0000ff;\" href=\"https:\/\/meijenfeldt.nl\/?page_id=50819#wapen\">Lijflandse wapenschild<\/a><\/span> is extra, dat een zilveren arm de sikkel vasthoudt en dat er een onderste helft met een vesting is. Die helft is identiek aan het wapen van Andreas&#8217; beschermheer <span style=\"color: #0000ff;\"><a style=\"color: #0000ff;\" href=\"https:\/\/meijenfeldt.nl\/?page_id=5128\">von Wrangel<\/a><\/span>. Het <\/span><span style=\"color: #000000;\">kan ook op bet slotheerschap van zijn voorvaders duiden en op het feit dat hij ingenieur is. Een vierzijdige vesting staat bovendien symbool voor het Christelijke kruis. De toernooihelm en gekruiste de\u00adgens slaan op de militaire activiteiten in de eerste helft van zijn loopbaan.<\/span><\/p>\n<p style=\"text-align: justify;\"><span style=\"color: #000000;\">Het netschrift van de schildbrief met de tekening van het wapen is niet beschikbaar, maar bij de introductie in 1675 in het Ridderhuis aan de Riddarhusettorget 10 in Stockholm is gelukkig een schildering gemaakt en bewaard. Het hangt in de Ridderzaal, de rechtertrap naar beneden, aan de linkerwand.<\/span><\/p>\n<p style=\"text-align: center;\"><img loading=\"lazy\" decoding=\"async\" class=\"wp-image-1089 aligncenter\" src=\"http:\/\/celinevonmeijenfeldt.nl\/wp-content\/uploads\/2016\/10\/IMG_0375-225x300.jpg\" alt=\"IMG_0375\" width=\"470\" height=\"626\" srcset=\"https:\/\/meijenfeldt.nl\/wp-content\/uploads\/2016\/10\/IMG_0375-225x300.jpg 225w, https:\/\/meijenfeldt.nl\/wp-content\/uploads\/2016\/10\/IMG_0375.jpg 474w\" sizes=\"auto, (max-width: 470px) 100vw, 470px\" \/><span style=\"color: #000000; font-size: 10pt;\"><i>Foto: <\/i>K.-H. Stiernspetz<i><br \/>\n<\/i><i>Fotoafdruk en -scan: <\/i>FamilieArchief<\/span><\/p>\n<p style=\"text-align: justify;\"><span style=\"color: #000000;\">H<\/span><span style=\"color: #000000;\">ier en daar wijkt de schilder af van de wapenbrief en pleegt enkele aanvullingen. In het bovenveld komt de gestrekte arm van links, is geharnast en de sikkel is getand. In het onderveld heeft de vesting een vierde bastion gekregen, staan op alle vier schietende kanonnen, zijn de wallen niet groen (sinopel) en is het veld goud in plaats van zilver. De open toernooihelm is van binnen keel (rood) met een azuur-sinopele band er boven. <\/span><\/p>\n<p style=\"text-align: justify;\"><span style=\"color: #000000;\">Bovenaan het schild staat MEIJERFELT en onderaan N.\u00b0. Er staat geen volgnummer achter. Dat luidt bij de introductie 841, maar is ergens rond 1850 schuift het volgens <\/span><span style=\"color: #000000;\">de administratie van het Ridderhuis <\/span><span style=\"color: #000000;\">door naar nummer 864. Misschien is het nummer expres open gelaten of is de goudverf van het getal van de schildplaat afgebladderd.<\/span><\/p>\n<p style=\"text-align: justify;\"><span style=\"color: #000000;\">Het wapenschild wordt daarna in diverse wapenboeken afgebeeld, meestal in iets versimpelde vorm, soms afwijkend en vaak zwart-wit. De arm met sikkel wordt bijvoorbeeld meestal omgedraaid. Misschien hebben de auteurs van die wapenboeken naar het\u00a0 stempel gekeken (dat moet altijd spiegelbeeldig zijn om het correct in het lak af te drukken) of naar het latere gravenwapen (daarin staan arm en sikkel gespiegeld). <\/span><\/p>\n<p style=\"text-align: justify;\"><span style=\"color: #000000;\">De schildbrief vermeldt tussen de open toernooihelm en de helmversiering van twee zwaarden niets. De <\/span><span style=\"color: #000000;\">Ridderhuisafbeelding voegt op die plaats een blauw-groene wrong toe. Dat is een rol van twee ineengedraaide repen stof, gevuld met haar of wol, aangebracht om vijandelijke slagen te breken. De meeste wapenboeken nemen de wrong over, behalve de Baltische, die er een adelskroon voor in de plaats zetten.<\/span><\/p>\n<p style=\"text-align: center;\"><img loading=\"lazy\" decoding=\"async\" class=\"size-medium wp-image-55348 aligncenter\" src=\"https:\/\/meijenfeldt.nl\/wp-content\/uploads\/2023\/04\/Adlig_krona.svg_-300x112.png\" alt=\"\" width=\"300\" height=\"112\" srcset=\"https:\/\/meijenfeldt.nl\/wp-content\/uploads\/2023\/04\/Adlig_krona.svg_-300x112.png 300w, https:\/\/meijenfeldt.nl\/wp-content\/uploads\/2023\/04\/Adlig_krona.svg_-1024x382.png 1024w, https:\/\/meijenfeldt.nl\/wp-content\/uploads\/2023\/04\/Adlig_krona.svg_-768x286.png 768w, https:\/\/meijenfeldt.nl\/wp-content\/uploads\/2023\/04\/Adlig_krona.svg_-1536x573.png 1536w, https:\/\/meijenfeldt.nl\/wp-content\/uploads\/2023\/04\/Adlig_krona.svg_.png 1920w\" sizes=\"auto, (max-width: 300px) 100vw, 300px\" \/><em><span style=\"color: #000000; font-size: 10pt;\">Adelskroon<\/span><\/em><\/p>\n<table style=\"border-collapse: collapse; width: 100%;\">\n<tbody>\n<tr>\n<td style=\"width: 50%; text-align: center;\"><img loading=\"lazy\" decoding=\"async\" class=\" wp-image-1090 aligncenter\" style=\"text-align: center;\" src=\"http:\/\/celinevonmeijenfeldt.nl\/wp-content\/uploads\/2016\/10\/IMG_0376-300x298.jpg\" alt=\"IMG_0376\" width=\"251\" height=\"249\" srcset=\"https:\/\/meijenfeldt.nl\/wp-content\/uploads\/2016\/10\/IMG_0376-300x298.jpg 300w, https:\/\/meijenfeldt.nl\/wp-content\/uploads\/2016\/10\/IMG_0376-150x150.jpg 150w, https:\/\/meijenfeldt.nl\/wp-content\/uploads\/2016\/10\/IMG_0376.jpg 347w\" sizes=\"auto, (max-width: 251px) 100vw, 251px\" \/><span id=\"alttext-container\"><span style=\"color: #000000; font-size: 10pt;\"><i>Historisch Archief Estland <span style=\"color: #0000ff;\"><a style=\"color: #0000ff;\" href=\"#voetnoot\">(1)<\/a><\/span><\/i><\/span><\/span><\/td>\n<td style=\"width: 50%; text-align: center;\"><img loading=\"lazy\" decoding=\"async\" class=\"alignnone size-medium wp-image-35930 aligncenter\" src=\"https:\/\/meijenfeldt.nl\/wp-content\/uploads\/2021\/01\/Kiellberg-adel-205x300.jpg\" alt=\"\" width=\"205\" height=\"300\" srcset=\"https:\/\/meijenfeldt.nl\/wp-content\/uploads\/2021\/01\/Kiellberg-adel-205x300.jpg 205w, https:\/\/meijenfeldt.nl\/wp-content\/uploads\/2021\/01\/Kiellberg-adel.jpg 322w\" sizes=\"auto, (max-width: 205px) 100vw, 205px\" \/><span style=\"color: #000000; font-size: 10pt;\"><em>Kiellberg 1734 <span style=\"color: #0000ff;\"><a style=\"color: #0000ff;\" href=\"#voetnoot\">(2)<\/a><\/span><\/em><\/span><\/td>\n<\/tr>\n<tr>\n<td style=\"width: 50%; text-align: center;\"><img loading=\"lazy\" decoding=\"async\" class=\"size-medium wp-image-35934 aligncenter\" src=\"https:\/\/meijenfeldt.nl\/wp-content\/uploads\/2021\/01\/Cedercrona-adel-209x300.jpg\" alt=\"\" width=\"209\" height=\"300\" srcset=\"https:\/\/meijenfeldt.nl\/wp-content\/uploads\/2021\/01\/Cedercrona-adel-209x300.jpg 209w, https:\/\/meijenfeldt.nl\/wp-content\/uploads\/2021\/01\/Cedercrona-adel.jpg 334w\" sizes=\"auto, (max-width: 209px) 100vw, 209px\" \/><span style=\"color: #000000; font-size: 10pt;\"><em>Cedercrona 1746 <span style=\"color: #0000ff;\"><a style=\"color: #0000ff;\" href=\"#voetnoot\">(3)<\/a><\/span><\/em><\/span><\/td>\n<td style=\"width: 50%; text-align: center;\"><img loading=\"lazy\" decoding=\"async\" class=\"size-medium wp-image-35937 aligncenter\" src=\"https:\/\/meijenfeldt.nl\/wp-content\/uploads\/2021\/01\/Carlskiold-adel-202x300.jpg\" alt=\"\" width=\"202\" height=\"300\" srcset=\"https:\/\/meijenfeldt.nl\/wp-content\/uploads\/2021\/01\/Carlskiold-adel-202x300.jpg 202w, https:\/\/meijenfeldt.nl\/wp-content\/uploads\/2021\/01\/Carlskiold-adel.jpg 211w\" sizes=\"auto, (max-width: 202px) 100vw, 202px\" \/><span style=\"color: #000000; font-size: 10pt;\"><em>Carlski\u00f6ld 1764 <span style=\"color: #0000ff;\"><a style=\"color: #0000ff;\" href=\"#voetnoot\">(4)<\/a><\/span><\/em><\/span><\/td>\n<\/tr>\n<tr>\n<td style=\"width: 50%; text-align: center;\"><img loading=\"lazy\" decoding=\"async\" class=\" wp-image-35940 aligncenter\" src=\"https:\/\/meijenfeldt.nl\/wp-content\/uploads\/2021\/01\/Klingspor-adel-1765-252x300.jpg\" alt=\"\" width=\"213\" height=\"253\" srcset=\"https:\/\/meijenfeldt.nl\/wp-content\/uploads\/2021\/01\/Klingspor-adel-1765-252x300.jpg 252w, https:\/\/meijenfeldt.nl\/wp-content\/uploads\/2021\/01\/Klingspor-adel-1765.jpg 339w\" sizes=\"auto, (max-width: 213px) 100vw, 213px\" \/><em><span style=\"font-weight: 400; color: #000000; font-size: 10pt;\">Klingspor &amp; Stiernstedt 1865<span style=\"color: #0000ff;\"><a style=\"color: #0000ff;\" href=\"#voetnoot\"> (5)<\/a><\/span><\/span><\/em><\/td>\n<td style=\"width: 50%; text-align: center;\"><img loading=\"lazy\" decoding=\"async\" class=\"alignnone wp-image-35948 aligncenter\" src=\"https:\/\/meijenfeldt.nl\/wp-content\/uploads\/2021\/01\/Klingspor-adel-1886-213x300.jpg\" alt=\"\" width=\"198\" height=\"279\" srcset=\"https:\/\/meijenfeldt.nl\/wp-content\/uploads\/2021\/01\/Klingspor-adel-1886-213x300.jpg 213w, https:\/\/meijenfeldt.nl\/wp-content\/uploads\/2021\/01\/Klingspor-adel-1886.jpg 277w\" sizes=\"auto, (max-width: 198px) 100vw, 198px\" \/><span style=\"color: #000000; font-size: 10pt;\"><em>Klingspor 1890 <span style=\"color: #0000ff;\"><a style=\"color: #0000ff;\" href=\"#voetnoot\">(6)<\/a><\/span><\/em><\/span><\/td>\n<\/tr>\n<tr>\n<td style=\"width: 50%; text-align: center;\"><img loading=\"lazy\" decoding=\"async\" class=\"alignnone wp-image-1158 aligncenter\" src=\"https:\/\/meijenfeldt.nl\/wp-content\/uploads\/2016\/10\/image023.png\" alt=\"\" width=\"208\" height=\"250\" \/><span style=\"color: #000000; font-size: 10pt;\"><em>Elgenstierna 1930 <span style=\"color: #0000ff;\"><a style=\"color: #0000ff;\" href=\"#voetnoot\">(7)<\/a><\/span><\/em><\/span><\/td>\n<td style=\"width: 50%; text-align: center;\"><img loading=\"lazy\" decoding=\"async\" class=\"alignnone wp-image-1160 aligncenter\" src=\"https:\/\/meijenfeldt.nl\/wp-content\/uploads\/2016\/10\/image027-209x300.png\" alt=\"\" width=\"190\" height=\"273\" srcset=\"https:\/\/meijenfeldt.nl\/wp-content\/uploads\/2016\/10\/image027-209x300.png 209w, https:\/\/meijenfeldt.nl\/wp-content\/uploads\/2016\/10\/image027.png 440w\" sizes=\"auto, (max-width: 190px) 100vw, 190px\" \/><span style=\"color: #000000; font-size: 10pt;\"><em>M\u00fcller 1931 <span style=\"color: #0000ff;\"><a style=\"color: #0000ff;\" href=\"#voetnoot\">(8)<\/a><\/span><\/em><\/span><\/td>\n<\/tr>\n<\/tbody>\n<\/table>\n<p style=\"text-align: center;\"><span style=\"color: #000000; font-size: 10pt;\"><span style=\"color: #0000ff;\"><a id=\"voetnoot\"><\/a><a style=\"color: #0000ff;\" href=\"https:\/\/meijenfeldt.nl\/?page_id=64262\">Terug<\/a><\/span>\u00a0 \u00a0***\u00a0 \u00a0<span style=\"color: #0000ff;\"><a style=\"color: #0000ff;\" href=\"https:\/\/meijenfeldt.nl\/?page_id=57315\">Verder<\/a><\/span><\/span><\/p>\n<p><span style=\"font-size: 10pt; color: #000000;\">1. Riksarkivet Sverige, 1112.1 Riksregistraturet, B\/412, <span style=\"color: #0000ff;\"><a style=\"color: #0000ff;\" href=\"https:\/\/sok.riksarkivet.se\/bildvisning\/A0038907_00311#?c=&amp;m=&amp;s=&amp;cv=310&amp;xywh=-939%2C229%2C6969%2C3596\">fol 310 e.v.<\/a><\/span>, <span style=\"color: #0000ff;\"><a style=\"color: #0000ff;\" href=\"https:\/\/meijenfeldt.nl\/?page_id=54278\">Sk\u00f6ldebref f\u00f6r Inspectoren Meijerfelt.<\/a> <\/span>Andreas von Meijerfelt, Rahvusarhivis \u00a0s\u00e4ilitatavate pitserite kujutised, f. 3742, n. 1, <span style=\"color: #0000ff;\"><a style=\"color: #0000ff;\" href=\"https:\/\/www.ra.ee\/apps\/vapid\/index.php?act=vapp&amp;id=807&amp;nimi=meijerfelt&amp;tiitel=&amp;andja=&amp;kujund=&amp;lang=de\">s. 142<\/a><\/span>.<br \/>\n2. E. <span style=\"color: #0000ff;\"><a style=\"color: #0000ff;\" href=\"https:\/\/meijenfeldt.nl\/wp-content\/uploads\/2022\/09\/Kiellberg.pdf\">Kiellberg<\/a><\/span>, &#8220;Sweriges Rikets Ridderskaps och Adels Wapnebok&#8221;, Stockholm 1734, pag. 145.<br \/>\n3. D.G. Cedercrona, &#8220;Sweriges Rikes Ridderskaps och Adels Wapen-Bok&#8221;, Stockholm 1746, <span style=\"color: #0000ff;\"><a style=\"color: #0000ff;\" href=\"https:\/\/play.google.com\/books\/reader?id=AIhPAAAAcAAJ&amp;pg=GBS.RA2-PA93-IA1&amp;hl=nl\">pag. 94<\/a><\/span>.<br \/>\n4. P. Carlski\u00f6ld, &#8220;Svea Rikes Ridderskaps och Adels Wapen-bok i Koppar-Stick&#8221;, Stockholm 1764, <span style=\"color: #0000ff;\"><a style=\"color: #0000ff;\" href=\"https:\/\/play.google.com\/books\/reader?id=ljRlactrGKoC&amp;pg=GBS.RA2-PA28-IA1&amp;hl=nl\">pag. 29<\/a><\/span>.<br \/>\n5. <span style=\"font-weight: 400; color: #000000; font-size: 10pt;\">C.A. Klingspor, A.W. Stiernstedt, &#8220;Sveriges ridderskaps och adels wapenbok&#8221;, Stockholm 1865, <span style=\"color: #0000ff;\"><span style=\"color: #000000;\">deel 2,<\/span> <a style=\"color: #0000ff;\" href=\"https:\/\/meijenfeldt.nl\/wp-content\/uploads\/2023\/03\/Klingspor-Stiernstedt-pag-97.pdf\">pag. 97<\/a>.<br \/>\n<span style=\"color: #000000;\">6. C.A. Klingspor, &#8220;Sveriges Ridderskaps och Adels Vapenbok&#8221;, Stockholm 1886, <span style=\"color: #0000ff;\"><a style=\"color: #0000ff;\" href=\"https:\/\/www.digitale-bibliothek-mv.de\/viewer\/image\/PPN755781104\/69\/\">pag. 59<\/a><\/span> en <span style=\"color: #0000ff;\"><a style=\"color: #0000ff;\" href=\"https:\/\/www.digitale-bibliothek-mv.de\/viewer\/image\/PPN755781104\/184\/\">pag. 22<\/a><\/span>.<br \/>\n7. G. Elgenstierna, &#8220;Den introducerade svenska Adelns \u00e4ttertavlor&#8221;, Stockholm 1930, deel V, <a style=\"color: #0000ff;\" href=\"https:\/\/www.adelsvapen.com\/genealogi\/Meijerfeldt_nr_864\">pag. 226<\/a>.<br \/>\n8. M. M\u00fcller, &#8220;Beitrag zur Baltischen Wappenkunde&#8221;, Riga 1931, <span style=\"color: #0000ff;\"><a style=\"color: #0000ff;\" href=\"https:\/\/meijenfeldt.nl\/wp-content\/uploads\/2022\/09\/Muller.pdf\">Bu. 120<\/a><\/span>.<\/span><\/span><\/span><\/span><\/p>\n","protected":false},"excerpt":{"rendered":"<p>Op 24 november 1674 te Stockholm\u00a0verheft de Zweedse koning Karel XI Andreas Meijer in de Zweedse adelstand door ondertekening van een \u201csk\u00f6ldebref\u201d (schild-of adelsbrief). (1)\u00a0In de brief staan de diensten die hij bewezen heeft uitvoerig opgesomd, maar niets over zijn familie of afkomst. Er zijn wel twee verbindingen met het Lijflandse geslacht. De eerste is &hellip; <a href=\"https:\/\/meijenfeldt.nl\/?page_id=51218\" class=\"more-link\">Verder lezen <span class=\"screen-reader-text\">1.2.1. Adelstand<\/span><\/a><\/p>\n","protected":false},"author":1,"featured_media":0,"parent":0,"menu_order":0,"comment_status":"closed","ping_status":"closed","template":"","meta":{"footnotes":""},"class_list":["post-51218","page","type-page","status-publish","hentry"],"_links":{"self":[{"href":"https:\/\/meijenfeldt.nl\/index.php?rest_route=\/wp\/v2\/pages\/51218","targetHints":{"allow":["GET"]}}],"collection":[{"href":"https:\/\/meijenfeldt.nl\/index.php?rest_route=\/wp\/v2\/pages"}],"about":[{"href":"https:\/\/meijenfeldt.nl\/index.php?rest_route=\/wp\/v2\/types\/page"}],"author":[{"embeddable":true,"href":"https:\/\/meijenfeldt.nl\/index.php?rest_route=\/wp\/v2\/users\/1"}],"replies":[{"embeddable":true,"href":"https:\/\/meijenfeldt.nl\/index.php?rest_route=%2Fwp%2Fv2%2Fcomments&post=51218"}],"version-history":[{"count":22,"href":"https:\/\/meijenfeldt.nl\/index.php?rest_route=\/wp\/v2\/pages\/51218\/revisions"}],"predecessor-version":[{"id":64378,"href":"https:\/\/meijenfeldt.nl\/index.php?rest_route=\/wp\/v2\/pages\/51218\/revisions\/64378"}],"wp:attachment":[{"href":"https:\/\/meijenfeldt.nl\/index.php?rest_route=%2Fwp%2Fv2%2Fmedia&parent=51218"}],"curies":[{"name":"wp","href":"https:\/\/api.w.org\/{rel}","templated":true}]}}