{"id":50819,"date":"2022-11-03T10:11:51","date_gmt":"2022-11-03T10:11:51","guid":{"rendered":"https:\/\/meijenfeldt.nl\/?page_id=50819"},"modified":"2024-08-12T12:12:26","modified_gmt":"2024-08-12T12:12:26","slug":"1-1-1-oeradel","status":"publish","type":"page","link":"https:\/\/meijenfeldt.nl\/?page_id=50819","title":{"rendered":"1.1.3. Oeroude adel"},"content":{"rendered":"<p style=\"text-align: justify;\"><span style=\"color: #000000;\">Het geslacht Meijer in Lijfland <\/span><span style=\"color: #000000;\">is van oeroude adel. Die term is ontleend aan een Zweeds wapenboek.<\/span><span style=\"color: #0000ff;\">\u00a0<a style=\"color: #0000ff;\" href=\"#voetnoot\">(1)<\/a><\/span><span style=\"color: #000000;\"> De titels, leengoederen, huwelijken, wapens en functies van de familieleden rechtvaardigen die term wel.<\/span><\/p>\n<p style=\"text-align: center;\"><span style=\"color: #800000;\"><strong>Titels<\/strong><\/span><\/p>\n<p style=\"text-align: justify;\"><span style=\"color: #000000;\"><span style=\"color: #0000ff;\"><span style=\"color: #000000;\">De titulatuur &#8220;<em>Herr<\/em>&#8221; van de eerst bekende Meijer duidt meteen al op adelstand. Het betekent dat hij <\/span><\/span><\/span><span style=\"color: #000000;\">op basis van het plaatselijk geldend feodaal leenstelsel <\/span><span style=\"color: #000000;\">heerser over een grondgebied is, in bruikleen verkregen van een leenheer. <\/span><span style=\"color: #000000;\"><span style=\"color: #0000ff;\"><span style=\"color: #000000;\">De Grootmeester van de Duitse Orde is wat hoog gegrepen als leenheer, maar <\/span><\/span><\/span><span style=\"color: #000000;\"><span style=\"color: #0000ff;\"><span style=\"color: #000000;\">de Landmeester in Lijfland of diens regionale Komtur ligt voor de hand. De onder hen ressorterende lokale Vogt is niet bevoegd leenrechten en adelstand te verstrekken. <\/span><\/span><\/span><\/p>\n<p style=\"text-align: justify;\"><span style=\"color: #000000;\"><span style=\"color: #0000ff;\"><span style=\"color: #000000;\">Het leengoed Bubus van de eerste Meijer ligt in het gerecht Segewold (<em style=\"color: #000000;\">Sigulda<\/em>). De daar zetelende Komtur komt in aanmerking het leenrecht en de adelstand te hebben toegekend. Vanaf 1387 krijgt de Komtur van Segewold de benaming Landmaarschalk en twee van deze Landmaarschalken worden in die tijd vervolgens Landmeester: Bernd von der Borg (1471-1483) en Wolter von Plettenberg (1494-1535). De laatste arriveert in 1460 in Lijfland en is tien jaar eerder in Westfalen geboren op kasteel <\/span><\/span><\/span><span style=\"color: #000000;\">Haus Meyerich <\/span><span style=\"color: #000000;\">bij de toen derde Duitse stad Soest. I<\/span><span style=\"color: #000000;\"><span style=\"color: #0000ff;\"><span style=\"color: #000000;\">n dit verband is de naam van het kasteel bijzonder. <\/span><\/span><\/span><\/p>\n<p style=\"text-align: justify;\"><span style=\"color: #000000;\"><span style=\"color: #0000ff;\"><span style=\"color: #000000;\">E<\/span><\/span><\/span><span style=\"color: #000000;\"><span style=\"color: #0000ff;\"><span style=\"color: #000000;\">en adelsbrief of privilegedocument voor Meijer is niet gevonden.\u00a0<\/span><\/span><\/span><span style=\"color: #0000ff;\"><span style=\"color: #000000;\">De naam komt ook niet voor in<\/span><\/span><span style=\"color: #000000;\"> adelsregisters, zoals de Almanach de Gotha of<\/span><span style=\"color: #000000;\">\u00a0het handvest Stadga. <span style=\"color: #0000ff;\"><a style=\"color: #0000ff;\" href=\"#voetnoot\">(2)<\/a><\/span> Alleen bij <\/span><span style=\"color: #000000;\">de Lijflandse Ridderschap van 1700 staat de naam, zij het de Zweedse naam Meijerfeldt, die niet in de Lijflandse maar Zweedse ridderschap ge\u00efmmatriculeerd is.\u00a0<span style=\"color: #0000ff;\"><a style=\"color: #0000ff;\" href=\"#voetnoot\">(3)<\/a><\/span><\/span><\/p>\n<p style=\"text-align: center;\"><span style=\"color: #800000;\"><strong>Leengoederen<\/strong><\/span><\/p>\n<p style=\"text-align: justify;\"><span style=\"color: #000000;\">De Meijers bezitten twee leengoederen: in 1480 Bubus en vanaf 1624 Festen. Bubus ligt 50 km ten noorden van R\u012bga en 12 km van de Oostzeekust. Omdat het daarna niet meer wordt genoemd is het blijkbaar geen erfleen. Festen ligt 130 km ten oosten van Riga. Bij de binnenkomst van de Zweedse koning geeft hij het uit als erfleen aan de Meijers, totdat het verloren gaat door de inname van Riga in 1710. Deze twee leengoederen worden<\/span> <span style=\"color: #0000ff;\"><a style=\"color: #0000ff;\" href=\"https:\/\/meijenfeldt.nl\/?page_id=650\">elders<\/a><\/span> behandeld.<\/p>\n<p style=\"text-align: center;\"><span style=\"color: #800000;\"><strong>Huwelijken<\/strong><\/span><\/p>\n<p style=\"text-align: justify;\"><span style=\"color: #000000; text-align: justify;\">De vrouwen van de Meijers hebben de achternamen Fahrensbach, Tiesenhausen, Wrangel, Bremen en Taube. Dit zijn stuk voor stuk hoog-adellijke vazallengeslachten in Lijfland. De dochters worden in die tijd uitgehuwelijkt en dat is natuurlijk aan een aanzienlijke partij. In de volgende paragrafen worden de vrouwen en hun families \u00e9\u00e9n voor \u00e9\u00e9n behandeld.<\/span><\/p>\n<p style=\"text-align: center;\"><span style=\"color: #800000; text-align: justify;\"><strong>Wapens<\/strong><\/span><\/p>\n<p style=\"text-align: justify;\"><span style=\"color: #000000; text-align: justify;\">Het dragen van een wapen is voorbehouden aan de adel. De Meijers dragen een wapen: een witte (zilver, argent) sikkel in een blauw (azuur) veld. <span style=\"color: #0000ff;\"><a style=\"color: #0000ff;\" href=\"#voetnoot\">(4)<\/a> <\/span>Dit wapen komt terug in het hartschild van het latere Zweedse wapen.\u00a0<\/span><\/p>\n<p style=\"text-align: center;\"><img loading=\"lazy\" decoding=\"async\" class=\"alignnone wp-image-50773\" src=\"https:\/\/meijenfeldt.nl\/wp-content\/uploads\/2022\/10\/1480-Sikkel-239x300.jpg\" alt=\"\" width=\"385\" height=\"483\" srcset=\"https:\/\/meijenfeldt.nl\/wp-content\/uploads\/2022\/10\/1480-Sikkel-239x300.jpg 239w, https:\/\/meijenfeldt.nl\/wp-content\/uploads\/2022\/10\/1480-Sikkel-816x1024.jpg 816w, https:\/\/meijenfeldt.nl\/wp-content\/uploads\/2022\/10\/1480-Sikkel-768x964.jpg 768w, https:\/\/meijenfeldt.nl\/wp-content\/uploads\/2022\/10\/1480-Sikkel-1223x1536.jpg 1223w, https:\/\/meijenfeldt.nl\/wp-content\/uploads\/2022\/10\/1480-Sikkel.jpg 1472w\" sizes=\"auto, (max-width: 385px) 100vw, 385px\" \/><br \/>\n<em><span style=\"color: #000000; font-size: 10pt;\">Wapenschild van het geslacht Meijer<\/span><span style=\"color: #000000; font-size: 10pt;\"><br \/>\n<\/span><\/em><span style=\"font-family: georgia, palatino, serif; font-size: 8pt;\"><span style=\"color: #000000;\">Ontwerp <\/span><span style=\"color: #000000;\">Lester von Meijenfeldt<\/span><\/span><em><span style=\"color: #000000; font-size: 10pt;\"><br \/>\n<\/span><\/em><\/p>\n<p style=\"text-align: justify;\"><span style=\"color: #000000;\">Een sikkel is een snijmes. Het lemmet is van metaal, niet al te lang (gemiddeld 45 cm), dun en vlijmscherp. Het meest bekende is de maanvorm van het lemmet; eigenlijk is het juister om omgekeerd bij nieuwe c.q. halve maan naar de sikkelvorm te verwijzen. Een sikkel heeft een korte steel of handvat. <\/span><span style=\"color: #000000;\">De sikkel is eerst en vooral een landbouwgereedschap om gras, riet of koren te snijden of snoeien. De kromming van het lemmet maakt het mogelijk meerdere stengels tegelijk af te snijden. Door de korte steel kan met \u00e9\u00e9n hand gesneden worden, terwijl het gewas met de andere hand wordt vastgepakt. Pas sinds eind negentiende eeuw wordt dit geleidelijk machinaal gedaan. <\/span><span style=\"color: #000000;\">Daarnaast wordt een sikkel als handwapen gebruikt, maar dan met een iets verlengd handvat om een betere balans bij het gevecht te krijgen.<\/span><\/p>\n<p style=\"text-align: justify;\"><span style=\"color: #000000;\">De Grieken, Kelten en Germanen gebruikten de sikkel als symbool, waaraan vaak een mythe ten grondslag lag. In het meer recente verleden is de sikkel in combinatie met de hamer door het communisme als symbool voor de boeren respectievelijk arbeiders gebruikt. Als heraldisch figuur is de sikkel goed bekend. Het duidt op een boerenafkomst en is een teken van hoop op een vruchtbare toekomst, maar er is tevens een militaire uitleg. Indien de snede getand is behoort dit in de beschrijving vermeld te worden. <\/span><\/p>\n<p style=\"text-align: justify;\"><span style=\"color: #000000;\">In de Zweedse wapenbrief van 1674 staat niets over een tanding, maar de wapenplaat in het Ridderhuis in Stockholm laat een getand lemmet zien. In het wapen van 1674 wordt de sikkel vastgehouden door een geharnaste arm; het is dus denkbaar dat de militaire betekenis eerder bestond en dat het lemmet al in 1480 getand was. In elk geval zijn beide interpretaties verenigbaar met de meiertraditie van de familie.<\/span><\/p>\n<p style=\"text-align: center;\"><span style=\"color: #800000;\"><strong>Functies<\/strong><\/span><\/p>\n<p style=\"text-align: justify;\"><span style=\"color: #000000;\">De Meijers bekleden zowel onder de Landmeester van de Duitse Orde als onder de Zweedse gouverneur hoge militaire functies (kasteelheer, slotcommandant, ritmeester) en bestuurlijke functies (stadhouder, landrechter). <span style=\"color: #000000; text-align: justify;\">In de volgende paragrafen worden de functies \u00e9\u00e9n voor \u00e9\u00e9n behandeld.<\/span><\/span><\/p>\n<p style=\"text-align: center;\"><span style=\"font-size: 10pt;\"><span style=\"color: #0000ff;\"><a id=\"voetnoot\"><\/a><a style=\"color: #0000ff;\" href=\"https:\/\/meijenfeldt.nl\/?page_id=65734\">Terug<\/a><\/span>\u00a0 \u00a0***\u00a0 \u00a0<span style=\"color: #0000ff;\"><a style=\"color: #0000ff;\" href=\"https:\/\/meijenfeldt.nl\/?page_id=93\">Verder<\/a><\/span><\/span><\/p>\n<p style=\"text-align: justify;\"><span style=\"color: #000000; font-family: georgia, palatino, serif; font-size: 10pt;\">1. C.A. Klingspor, \u201cSveriges Rid\u00adderskaps och Adels Vapen\u00adbok\u201d, Stockholm 1886,\u00a0<span style=\"color: #0000ff;\"><a style=\"color: #0000ff;\" href=\"https:\/\/digitale-bibliothek-mv.de\/viewer\/image\/PPN755781104\/14\/\">pag. 14:4<\/a><\/span>.<br \/>\n2. In 1280 opgesteld door koning Magnus Birgersson Ladul\u00e5s ter financiering van de verdediging van het koninkrijk Zweden, na discussie met de ouderenraad van grootgrondbezitters, die te paard militaire dienst vervullen of daarvoor voetsoldaten leveren (paardendienst) gecompenseerd met belastingvrijstelling en eigen belastinginning. Gesproken wordt van \u2018wereldlijke verlossing\u2019 als tegenhanger van de geestelijke verlossing van de mens door God.<br \/>\n3. &#8220;<\/span><span class=\"dont-break-out\" style=\"font-family: georgia, palatino, serif; font-size: 10pt; color: #000000;\">Der Liefl\u00e4ndischen Ritterschafft, Wie auch, Des Magistrats, und der B\u00fcrgerschafft, zu Riga, \u00fcber des Infamen und Verr\u00e4hterischen Johan Reinhold Patkuls Auffr\u00fchrisches Verfahren und Calumnieuse Beschuldigungen; Bey dem in Riga Anno 1700. gehaltenen Landt-Tage, Auffgesetzte, und an Ihro K. Majest. von Schweden Raht, Feld Marschal und General-Gouverneur in Liefland, Den Hochwohlgebohrnen Herrn, Grafen Erich Dahlberg \u00fcberreichte Declarationes Und Erkl\u00e4runge&#8221;, Riga <\/span><span style=\"color: #000000; font-family: georgia, palatino, serif; font-size: 10pt;\"><span style=\"color: #0000ff;\"><a style=\"color: #0000ff;\" href=\"https:\/\/dspace.ut.ee\/bitstream\/handle\/10062\/28307\/r_est_a_879_tervik.pdf?sequence=5&amp;isAllowed=y\">10 juli 1700<\/a>.<br \/>\n<span style=\"color: #000000;\">4. A.A. von Stiernman, \u201cSvecia Illustris, Sl\u00e4gttaflor \u00f6fver de p\u00e5 Svenska Riddarhuset until \u00e5r \u2026. introducerade \u00e4tter i alfabetisk ordning\u201d, Uppsala Universit\u00e4tsbibliotek, handskriften, X. Svensk genealogi och biografi, del 18 (M-O), <span style=\"color: #0000ff;\"><a style=\"color: #0000ff;\" href=\"https:\/\/meijenfeldt.nl\/wp-content\/uploads\/2018\/11\/Stiernman-UUB.pdf\">Mejerfelt<\/a><\/span>, &#8220;<em>f\u00f6rde i wapn en <\/em><\/span><\/span><\/span><span style=\"color: #000000;\"><em style=\"font-family: georgia, palatino, serif; font-size: 13.3333px;\">hwit sk\u00e4ra <\/em><em style=\"font-size: 10pt; font-family: georgia, palatino, serif;\">i bl\u00e5tt f\u00e4lt<\/em><span style=\"font-size: 10pt; font-family: georgia, palatino, serif;\">&#8221;\u00a0<\/span><\/span><\/p>\n","protected":false},"excerpt":{"rendered":"<p>Het geslacht Meijer in Lijfland is van oeroude adel. Die term is ontleend aan een Zweeds wapenboek.\u00a0(1) De titels, leengoederen, huwelijken, wapens en functies van de familieleden rechtvaardigen die term wel. Titels De titulatuur &#8220;Herr&#8221; van de eerst bekende Meijer duidt meteen al op adelstand. Het betekent dat hij op basis van het plaatselijk geldend &hellip; <a href=\"https:\/\/meijenfeldt.nl\/?page_id=50819\" class=\"more-link\">Verder lezen <span class=\"screen-reader-text\">1.1.3. Oeroude adel<\/span><\/a><\/p>\n","protected":false},"author":1,"featured_media":0,"parent":0,"menu_order":0,"comment_status":"closed","ping_status":"closed","template":"","meta":{"footnotes":""},"class_list":["post-50819","page","type-page","status-publish","hentry"],"_links":{"self":[{"href":"https:\/\/meijenfeldt.nl\/index.php?rest_route=\/wp\/v2\/pages\/50819","targetHints":{"allow":["GET"]}}],"collection":[{"href":"https:\/\/meijenfeldt.nl\/index.php?rest_route=\/wp\/v2\/pages"}],"about":[{"href":"https:\/\/meijenfeldt.nl\/index.php?rest_route=\/wp\/v2\/types\/page"}],"author":[{"embeddable":true,"href":"https:\/\/meijenfeldt.nl\/index.php?rest_route=\/wp\/v2\/users\/1"}],"replies":[{"embeddable":true,"href":"https:\/\/meijenfeldt.nl\/index.php?rest_route=%2Fwp%2Fv2%2Fcomments&post=50819"}],"version-history":[{"count":49,"href":"https:\/\/meijenfeldt.nl\/index.php?rest_route=\/wp\/v2\/pages\/50819\/revisions"}],"predecessor-version":[{"id":65757,"href":"https:\/\/meijenfeldt.nl\/index.php?rest_route=\/wp\/v2\/pages\/50819\/revisions\/65757"}],"wp:attachment":[{"href":"https:\/\/meijenfeldt.nl\/index.php?rest_route=%2Fwp%2Fv2%2Fmedia&parent=50819"}],"curies":[{"name":"wp","href":"https:\/\/api.w.org\/{rel}","templated":true}]}}