{"id":49711,"date":"2022-09-17T08:51:59","date_gmt":"2022-09-17T08:51:59","guid":{"rendered":"https:\/\/meijenfeldt.nl\/?page_id=49711"},"modified":"2023-06-22T12:39:28","modified_gmt":"2023-06-22T12:39:28","slug":"gluckstadt","status":"publish","type":"page","link":"https:\/\/meijenfeldt.nl\/?page_id=49711","title":{"rendered":"Wahrhafte Relation 1657"},"content":{"rendered":"<p><span style=\"color: #000000;\"><strong><span style=\"font-size: 14pt;\">Andreas Meijer, &#8220;Wahrhaffte Relation Wie Ich nebst meinem Anvertrauten Baron Wrangell undt einem Diener den 20<sup>ten<\/sup> Junij auf L\u00fcnenburgischem grundt und boden von den K\u00f6nigl. D\u00e4hnische Solldaten zwischen Harburgh undt Hamburgh angehalten und aller bei mich habenden Sachen benommen worden&#8221;, Gl\u00fcckstadt den 25<sup>ten<\/sup> Junij Anno 1657.<\/span><\/strong><\/span><\/p>\n<p><a href=\"https:\/\/meijenfeldt.nl\/wp-content\/uploads\/2022\/09\/1657-06-25-Gluckstadt.pdf\"><img loading=\"lazy\" decoding=\"async\" class=\"wp-image-52644 aligncenter\" src=\"https:\/\/meijenfeldt.nl\/wp-content\/uploads\/2023\/01\/Wahrhaffte-Relation-300x84.jpg\" alt=\"\" width=\"557\" height=\"156\" srcset=\"https:\/\/meijenfeldt.nl\/wp-content\/uploads\/2023\/01\/Wahrhaffte-Relation-300x84.jpg 300w, https:\/\/meijenfeldt.nl\/wp-content\/uploads\/2023\/01\/Wahrhaffte-Relation-1024x288.jpg 1024w, https:\/\/meijenfeldt.nl\/wp-content\/uploads\/2023\/01\/Wahrhaffte-Relation-768x216.jpg 768w, https:\/\/meijenfeldt.nl\/wp-content\/uploads\/2023\/01\/Wahrhaffte-Relation-1536x432.jpg 1536w, https:\/\/meijenfeldt.nl\/wp-content\/uploads\/2023\/01\/Wahrhaffte-Relation.jpg 1620w\" sizes=\"auto, (max-width: 557px) 100vw, 557px\" \/><\/a><\/p>\n<p style=\"text-align: center;\"><em><span style=\"font-size: 10pt;\"><a style=\"font-family: 'Noto Serif', serif; color: #000000;\" href=\"https:\/\/meijenfeldt.nl\/wp-content\/uploads\/2022\/09\/1657-06-25-Gluckstadt.pdf\"><span style=\"color: #0000ff;\">Netschrift<\/span><\/a><span style=\"color: #000000; font-family: 'Noto Serif', serif;\"> &amp;\u00a0<\/span><span style=\"font-family: 'Noto Serif', serif; color: #0000ff;\"><a style=\"color: #0000ff;\" href=\"https:\/\/meijenfeldt.nl\/wp-content\/uploads\/2022\/09\/1657-06-29-Gluckstadt.pdf\">kladschrift<\/a><\/span><\/span><\/em><\/p>\n<table style=\"border-collapse: collapse; width: 100%; height: 2181px;\">\n<tbody>\n<tr style=\"height: 1145px;\">\n<td style=\"width: 52.1212%; height: 1145px;\"><span style=\"color: #000000; font-size: 10pt;\">Wahrhaffte Relation Wie Ich nebst meinem Anvertrauten Baron Wrangell undt einem Diener den 20<sup>ten<\/sup> Junij auf L\u00fcnenburgischem grundt und boden von den K\u00f6nigl. D\u00e4hnische Solldaten zwischen Harburgh undt Hamburgh angehalten und aller bei mich habenden Sachen benommen worden.<\/span><\/p>\n<p><span style=\"color: #000000; font-size: 13.3333px;\">Es habe Z. Exc: der Herr Graff und Feldtmarschall Carll Gustaff Wrangell sich die Erziehung derer beijden Unmundigen J\u00fcngsten Gebr\u00fcdere rh\u00fcmblichst jederzeit la\u03b2en angelagen sein, undt zu derer beforderung gutt befunden dieselbe vor 3 Jahren unter meinem gouverno nacher T\u00fcbingen de\u03b2 F\u00fcrstl. Collegium zuverplichten. Al\u03b2 aber vorwichen Jahr durch den feintlichen Ein- und \u00dcberfall des Mo\u03b2koviters gantz Liefflandt und in demselben auch Eurer Ihr. G\u00fceter ganzlich einge\u00e4schert und verw\u00fcstet, und ihnen dahero alle mittel ferner in der frembde zur leben benommen: Hatt hochged. S. Excell. mir verwichen Herbst mit eigner handgeschrieben Sin auff diesen fall und hindurch wurden gen\u00f6tigt werden dieselbe aufs Vorjahr zur sich nacher Wollgast zufordere undt daselbst privatim ferner informiren zur la\u03b2en. Weill aber der Eltern noch mehr hoffnung zuen stidiren foromittiret, habe ich denselben umb noch auff eine Zeit daselbst dem studio und exercitijs obzuliegen verbehten: Diesen J\u00fcngern aber 14 und 15 Jahr allt, habe ich I. Hgrafl. Exc. Ordre nach herab f\u00fchren wollen, damit derselbe beij seinem Herren bruder au\u03b2 mangel ander mittel sustentation haben und fernern instruction zur Hause genie\u03b2en m\u00f6chte, habe also in Gottes nahmen den 30. Maij sie Reise von T\u00fcbing au\u03b2 mit ihnen vorgenommen, unter wegens aber so gabr von keiner ruptur zwischen beiden Crohnen vernehmen k\u00f6nnen: bi\u03b2 ich dan 15ten dieses den Wasserstrohms herab zur Dorvere im Stifft Vehrden ankommen und daselbst die Gewi\u03b2heit und \u00dcberfahrt der K\u00f6nigl. Armee eingenommen. Worauff ich mich al\u03b2fort wieder \u00fcber die Waser undt naher Bremen gewandt, daselbst nebst andern 5. persohnen einen Wagen gemietet, und mit ihnen umb mehrer sicherheit durchs landt L\u00fcnenburgh per Hoije, Wallesra<\/span><span style=\"color: #000000; font-size: 13.3333px;\">, Solltow<\/span><span style=\"color: #000000; font-size: 13.3333px;\"> und Harburgh gegangen, woselbst ich mich der sicherheit wegen geb\u00fchrend, und ob zwischen Harburg und Hamburgh einige Gefahr zubef\u00fcrchten, ob da zwichen einige Schantze, oder aufm Elbe Strohms einiges Schiff, alro man angehalten werden machte, Zurfinden erkundigt, bin aber von jederm\u00e4nniglich dawider versichert worden: Habe mich jedoch expresse reserviret, da ich deren da\u03b2<\/span><\/td>\n<td style=\"width: 47.8788%; height: 1145px;\">\n<p id=\"tw-target-text\" class=\"tw-data-text tw-text-large tw-ta\" dir=\"ltr\" data-placeholder=\"Vertaling\"><span class=\"Y2IQFc\" lang=\"nl\" style=\"color: #000000; font-size: 10pt;\">Waarheidsgetrouw relaas hoe ik, samen met de mij toevertrouwde baron Wrangell en een bediende, op 20 juni op L\u00fcnenburgse grond en bodem door Koninklijke Deense soldaten tussen Harburg en Hamburg aangehouden ben en mij alle spullen die ik bij mij had <\/span><span style=\"font-size: 10pt;\">werden<\/span>\u00a0<span class=\"Y2IQFc\" lang=\"nl\" style=\"color: #000000; font-size: 10pt;\">af<\/span><span style=\"font-size: 10pt;\">nomen<\/span><span style=\"color: #000000; font-size: 10pt;\">.<\/span><\/p>\n<p class=\"tw-data-text tw-text-large tw-ta\" dir=\"ltr\" data-placeholder=\"Vertaling\"><span class=\"Y2IQFc\" lang=\"nl\" style=\"font-size: 10pt; color: #000000;\">Z. Exc. de heer graaf en veldmaarschalk Carll Gustaff Wrangell zorgde voor de opvoeding van zijn twee jongste en nog steeds niet <\/span><span style=\"font-size: 10pt;\">meerderjarig<\/span> <span style=\"color: #000000; font-size: 10pt;\">broers, en ter bevordering daarvan had besloten hen voor 3 jaar onder mijn gouverneurschap bij het Vorstelijk College in T\u00fcbingen in te schrijven. Toen echter verleden jaar de Moskovieten heel Lijfland aan- en overvielen en ook uw landgoederen volledig verbrand en verwoest werden, en u daardoor van alle levensmiddelen\u00a0 uit den vreemde beroofde werd; heeft bovengenoemde Z. Excel. mij deze afgelopen herfst met een zelfgeschreven brief over deze zaak en gedwongen <\/span><span style=\"font-size: 10pt;\">werd<\/span>\u00a0<span style=\"color: #000000; font-size: 10pt;\">hetzelfde in het voorjaar voor zich in Wollgast te vorderen en zich daarover priv\u00e9 te laten informeren. <\/span><span class=\"Y2IQFc\" lang=\"nl\" style=\"font-size: 10pt; color: #000000;\">Maar omdat de ouders nog steeds hoopten op op een voortgezette studie, heb ik hen daar een tijdje de leiding genomen over de studie en oefeningen: deze jongeren van 14 en 15 jaar oud, heb ik volgens Uw Hooggrafelijke Exc. orders bestellingen willlen opnemen, zodat hij bij gebrek aan andere middelen in hun levensonderhoud konden voorzien bij hun broer en ook van thuis instructies konden krijgen, ben ik dus in God&#8217;s naam op 30 mei een reis vanuit T\u00fcbingen met hen aangevangen, maar onderweg hoorde ik van een breuk tussen de twee Kronen: tot ik de 15de van deze maand de rivier stroomafwaarts naar D\u00f6verden in het bisdom Verden <span style=\"color: #0000ff;\"><a style=\"color: #0000ff;\" href=\"#voetnoot\">(1)<\/a><\/span> aankwam en daar de zekerheid van de overkomst van het Koninklijke leger vernam. <\/span><span class=\"Y2IQFc\" lang=\"nl\"><span style=\"font-size: 10pt;\">Waarop ik weer over de rivier ging\u00a0 en in de richting van Bremen trok, daar samen met 5 andere mensen een wagen huurde en met hen door het land van L\u00fcnenburgh trok via Hoya, Walsrode, Soltau en Harburg, waar ik om veiligheidsredenen, verkende of er enig gevaar te vrezen was tussen Harburg en Hamburg, of daartussen enige schans was, of enig schip op de rivier de Elbe lag, dus werden ze opgehouden om ze te vinden, maar mij werd <\/span><\/span><span style=\"font-size: 10pt;\">door iedereen de verzekering gegeven: ik heb me wel gereserveerd uitgedrukt,<\/span> <span style=\"font-size: 10pt;\">aangezien ik\u00a0 hen wel de<\/span><\/p>\n<\/td>\n<\/tr>\n<tr style=\"height: 1036px;\">\n<td style=\"width: 52.1212%; height: 1036px;\"><span style=\"color: #000000; font-size: 10pt;\">geringste vorabsehen und vernebenen wurde, sollte der schiffer mich an Landt zursetzen verbunden sein. Wes ich nun au\u03b2er aller gefahr undt zue Hamburgh in Porte zue sein schon vermeine, kommen etzliche Mu\u03b2quetirer au\u03b2 einem L\u00fcneburgischer jurisdiction unter vorstenem ortt und auff L\u00fcneburgischer grundt und bodem eingendem Pfarerhause \/: allwo vor diesen einmahl dergleichen invasion undt hostilit\u00e4t ver\u00fcbet, auch selbiger ortt al\u03b2fort nach diesem actu au\u03b2 Harburgh, der Solldaten einige au\u03b2age nach, mit 30. Musquetirer umb in\u03b2 k\u00fcnftige solches zur praecauriren, befelet :\/ woselbst sie sich vorstecket unter conduite eines fendrichs Herver, von welchen wir aus suspicion Schwedl. Officirer nicht allein al\u03b2forth angehalten, besonders nebst unser hardes nach Alltonah \u00fcberbracht wurden. Ob ich nun zwar meinen untergebene zur eherer und schleuninger liberirung suppresso vero ejus nomine zur Zinne prin\u03b2ichen von Adell ausgegeben, ist mir doch von der Soldatese Preusen Churbrandenburgich und per consequens\u00a0 auch feindt wehre, geantwortett. Wie sich nun der Leutenandt bei Ihren auch wieder eingefundt hat selbiger von mir zur Kuster undt felleisen die schl\u00fcssel gefordert, und ob ich gleich etwa\u03b2 ohne de\u03b2 H. Commendanten dieser \u00f6rter oppressen ordre an un\u03b2 zue ver\u00fcben einzustellen unterschiedtlich gebehten, hatt selbiger doch demn ungeachtet libidine pr\u00e6d\u00e6 die kuster undt felleisen er\u00f6ffnet, alles an Bahrschaft, guldenen Ringen, herausgefuschet, und hernach alles \u00fcbrige Kleidern und wei\u03b2eh Zeuge Ihme selbst und den Soldaten au\u03b2getheilet, also da\u03b2 wir auch kaume unsere kleider obgleich dieselbe auch durchgefuchet und ausgepl\u00fcndert, salviren und erhalten k\u00f6nne. Darauff hatt er un\u03b2 auch den 22<span style=\"font-size: 10px; height: 0px; line-height: 0; position: relative; vertical-align: baseline; bottom: 1ex;\">ten\u00a0<\/span>hujus anfero naher Gl\u00fcckstadt gefangen eingebracht. Geschrieben in Gl\u00fcckstadt den 25<span style=\"font-size: 10px; height: 0px; line-height: 0; position: relative; vertical-align: baseline; bottom: 1ex;\">ten<\/span>\u00a0Junij Anno 1657<\/span><\/p>\n<p style=\"text-align: left;\"><span style=\"color: #000000; font-size: 10pt;\">Andreas Meijer<\/span><br \/>\n<span style=\"color: #000000; font-size: 10pt;\">Baron Wrangells p.t.<\/span><br \/>\n<span style=\"color: #000000; font-size: 10pt;\">Hoffmeister<\/span><\/p>\n<\/td>\n<td style=\"width: 47.8788%; height: 1036px;\">\n<p class=\"tw-data-text tw-text-large tw-ta\" dir=\"ltr\" data-placeholder=\"Vertaling\"><span class=\"Y2IQFc\" lang=\"nl\" style=\"font-size: 10pt;\">minste bedoeling en vaagheid wilde geven, mocht de schipper zich verbinden mij aan wal terug te zetten. Omdat ik nu buiten alle gevaar dacht te zijn en naar de haven in Hamburg kon gaan, kwam een aantal musketiers vanuit de jurisdictie van Lunenburg onder het eerste dorp en op Luneburgse grond en bodem ergens uit een pastorie \/: zodra dezen eenmaal hun invasie en vijandelijkheid pleegden, ook hetzelfde dorp direct na deze daad uit Harburgh, de soldaten volgens sommige verklaringen, met 30 musketiers als toekomstige voorzorgsmaatregel bevolen :\/ waar ze zichzelf onder aanvoering van een vaandrig Herver plaatst, van waaruit we onder verdenking van Zweedse officieren niet alleen meteen werden tegengehouden, ook met onze problemen naar Altona werden gebracht. Hoewel ik de aan mij toevertrouwden voordroeg voor eerdere en snellere bevrijding na het onderdrukken van mijn naam volgens de principes van de adel , is mij door de soldaten geantwoord dat Pruisen en als consequentie daarvan Kurbrandenburg ook vijandig was.\u00a0 Hoe hun luitenant dezelfde mensen van mij<\/span><span class=\"Y2IQFc\" lang=\"nl\" style=\"color: #000000; font-size: 10pt;\"> terugstuurden naar de koster en de sleutels van kluis opvorderde, hoewel ik niets anders had gedaan dan de Heer Commandant van deze dorpen onderdrukkende bevelen om verschillende delicten te plegen, had dezelfde desondanks achteloos ten prooi aan lust\u00a0 de koster de kluis geopend, al het geld, gouden ringen, eruit gehaald, en hierna alle overige kleding en witgoed verdeeld tussen hem en de soldaten, waarbij we onze kleren nauwelijks konden redden en behouden, ook al werden ze doorzocht en leeggeroofd. Vervolgens heeft hij ons de 22e hujus vervoerd naar Gl\u00fcckstadt en als gevangene binnengebracht. Geschreven in Gl\u00fcckstadt op 25 juni anno 1657<\/span><\/p>\n<p class=\"tw-data-text tw-text-large tw-ta\" dir=\"ltr\" data-placeholder=\"Vertaling\"><span class=\"Y2IQFc\" lang=\"nl\" style=\"color: #000000; font-size: 10pt;\">Andreas Meijer<br \/>\n<\/span><span style=\"color: #000000; font-size: 10pt;\">Baron Wrangell&#8217;s p.t.<br \/>\n<\/span><span class=\"Y2IQFc\" lang=\"nl\" style=\"color: #000000; font-size: 10pt;\">Hofmeester<\/span><\/p>\n<\/td>\n<\/tr>\n<\/tbody>\n<\/table>\n<p><span style=\"color: #000000; font-size: 10pt;\">1. <\/span><a id=\"voetnoot\"><\/a><span style=\"color: #000000; font-size: 10pt;\"> Dorp aan de rivier Wezer net binnen het aan Zweden toebehorende bisdom Verden.<br \/>\n<\/span><\/p>\n<p style=\"text-align: center;\"><span style=\"color: #0000ff;\"><a style=\"color: #0000ff;\" href=\"https:\/\/meijenfeldt.nl\/?page_id=54482\"><span style=\"font-size: 10pt;\">Handschriften<\/span><\/a><\/span><\/p>\n<hr \/>\n","protected":false},"excerpt":{"rendered":"<p>Andreas Meijer, &#8220;Wahrhaffte Relation Wie Ich nebst meinem Anvertrauten Baron Wrangell undt einem Diener den 20ten Junij auf L\u00fcnenburgischem grundt und boden von den K\u00f6nigl. D\u00e4hnische Solldaten zwischen Harburgh undt Hamburgh angehalten und aller bei mich habenden Sachen benommen worden&#8221;, Gl\u00fcckstadt den 25ten Junij Anno 1657. Netschrift &amp;\u00a0kladschrift Wahrhaffte Relation Wie Ich nebst meinem Anvertrauten &hellip; <a href=\"https:\/\/meijenfeldt.nl\/?page_id=49711\" class=\"more-link\">Verder lezen <span class=\"screen-reader-text\">Wahrhafte Relation 1657<\/span><\/a><\/p>\n","protected":false},"author":1,"featured_media":0,"parent":0,"menu_order":0,"comment_status":"closed","ping_status":"closed","template":"","meta":{"footnotes":""},"class_list":["post-49711","page","type-page","status-publish","hentry"],"_links":{"self":[{"href":"https:\/\/meijenfeldt.nl\/index.php?rest_route=\/wp\/v2\/pages\/49711","targetHints":{"allow":["GET"]}}],"collection":[{"href":"https:\/\/meijenfeldt.nl\/index.php?rest_route=\/wp\/v2\/pages"}],"about":[{"href":"https:\/\/meijenfeldt.nl\/index.php?rest_route=\/wp\/v2\/types\/page"}],"author":[{"embeddable":true,"href":"https:\/\/meijenfeldt.nl\/index.php?rest_route=\/wp\/v2\/users\/1"}],"replies":[{"embeddable":true,"href":"https:\/\/meijenfeldt.nl\/index.php?rest_route=%2Fwp%2Fv2%2Fcomments&post=49711"}],"version-history":[{"count":33,"href":"https:\/\/meijenfeldt.nl\/index.php?rest_route=\/wp\/v2\/pages\/49711\/revisions"}],"predecessor-version":[{"id":56680,"href":"https:\/\/meijenfeldt.nl\/index.php?rest_route=\/wp\/v2\/pages\/49711\/revisions\/56680"}],"wp:attachment":[{"href":"https:\/\/meijenfeldt.nl\/index.php?rest_route=%2Fwp%2Fv2%2Fmedia&parent=49711"}],"curies":[{"name":"wp","href":"https:\/\/api.w.org\/{rel}","templated":true}]}}