{"id":49259,"date":"2022-08-10T14:14:06","date_gmt":"2022-08-10T14:14:06","guid":{"rendered":"https:\/\/meijenfeldt.nl\/?page_id=49259"},"modified":"2022-08-10T14:14:06","modified_gmt":"2022-08-10T14:14:06","slug":"starback-backstrom","status":"publish","type":"page","link":"https:\/\/meijenfeldt.nl\/?page_id=49259","title":{"rendered":"Starb\u00e4ck &#038; B\u00e4ckstr\u00f6m"},"content":{"rendered":"<p><span style=\"color: #000000; font-size: 14pt;\"><strong>Carl Georg Starb\u00e4ck, voortgezet door P. O. B\u00e4ckstr\u00f6m, &#8220;Ber\u00e4ttelser ur svenska historien&#8221;, deel 7 &#8220;Carl XII&#8221;, Stockholm 1886.<\/strong><\/span><\/p>\n<hr \/>\n<p><span style=\"color: #0000ff;\"><a style=\"color: #0000ff;\" href=\"https:\/\/archive.org\/details\/berttelserursve02bcgoog\/page\/n95\/mode\/2up?q=meijerfelt\">Pag. 89<\/a><\/span><\/p>\n<p>Fr\u00e4n Sverige ankom till konungens h\u00e4r en f\u00f6rst\u00e4rkning af 7,000 man nytt manskap, hvarigenom de indelta regementena blefvo fulltaliga och den svenska styrkan i Polen bragtes till 32,000 man. ]p)fter att hafva i polska Preussen qvarlemnat generalmajor\u00a0<mark>Meijerfelt<\/mark>\u00a0vid Danzig med 2,200 ryttare och dragoner, jemte bes\u00e4ttningarna i Elbing och Posen, uppbr\u00f6t konungen den i\u00ab Juni fr\u00e5n sitt vinterqvarter i Heilsberg och t\u00e5gade s\u00f6derut till Blonie, der han stannade n\u00e5gon tid, till dess konungavalet f\u00f6rsigg\u00e5tt den 2 Juli.<\/p>\n<p><span style=\"color: #0000ff;\"><a style=\"color: #0000ff;\" href=\"https:\/\/archive.org\/details\/berttelserursve02bcgoog\/page\/n99\/mode\/2up?q=meijerfelt\">Pag. 92-94<\/a><\/span><\/p>\n<p>Emellertid, s\u00e5 snart generalmajor Johan August\u00a0<mark>Meijerfelt<\/mark>^ som f\u00f6rde bef\u00e4let \u00f6fver den vid Danzig f\u00f6rlagda svenska styrkan, f\u00e5tt kunskap om Schulenburgs infall i landskapet Posen, uppbr\u00f6t han fr\u00e5n Danzig den 14 Juli, f\u00f6r att unds\u00e4tta generalmajor Arvid Axel Marderfelt, hvilken med en svag svensk bes\u00e4ttning l\u00e5g i staden Posen. T\u00e5get \u00f6fver Kulm och Thorn gick likv\u00e4l s\u00e5 l\u00e5ngsamt, att\u00a0<mark>Meijerfelt<\/mark>\u00a0f\u00f6rst den 11 Augusti kom till stadens n\u00e4rhet. Schulenburg, som fatt k\u00e4nnedom om hans annalkande, besl\u00f6t \u00f6fverrumpla honom och drog med 3,500 man af sitt b\u00e4sta folk \u00f6fver Wartha mot Posen, men fann, vid framkomsten den 17 Augusti, svenska styrkan, 2,700 m\u00e4n, f\u00e4rdig att m\u00f6ta honom och blef efter en hetsig strid med f\u00f6rlust tillbakaslagen.<br \/>\n<mark>Meijerfelt<\/mark>\u00a0ins\u00e5g emellertid, att han snart skulle f\u00e5 strida mot Schulenburgs hutvudstyrka, med hvilken hans egen var alltf\u00f6r svag att kunna m\u00e4ta sig, hvarf\u00f6re han redan f\u00f6ljande dagen aft\u00e4gade i riktning \u00e5t Warschau, f\u00f6r att f\u00f6rena sig med konung Stanisiaus och polska kronoh\u00e4ren under Lubomirski, som nu \u00e5tmina.tone tills vidare slutit sig till honom. Ocks\u00e5 hade\u00a0<mark>Meijerfelt<\/mark>\u00a0knappt lemnat Polen, innan Schulenburg der infann sig och omringade staden, under afvaktan \u00e4 ankomsten af sitt bel\u00e4grings-artilleri.<br \/>\nGenom Carls t\u00e5g till Jaroslaw och Lemberg hade emellertid v\u00e4gen blifvit \u00f6ppen f\u00f6r August att f\u00f6rena sig med Schulenburgs h\u00e4r; men dessf\u00f6rinnan ville han dock hafva den tillfredsst\u00e4llelsen att fr\u00e5n War- schau bortjaga sin medt\u00e4flare Stanisiaus. Planen h\u00e4rtill blef med myc- ken skicklighet b\u00e5de uppgjord och utf\u00f6rd. August uppbr\u00f6t i medlet af Augusti fr\u00e5n Lublin och gjorde f\u00f6rst en l\u00e5tsad r\u00f6relse \u00e5t \u00f6ster, s\u00e5som om han \u00e4mnade sig till Breszc, men v\u00e4nde sedan hastigt om och skyndade mot Warschau, der den nyvalde konungen och hans an- h\u00e4ngare \u00e4nnu befunno sig. Till hans f\u00f6rsvar hade konung Carl efter- lemnat ungef\u00e4r Soo svenskar under Arvid Horn samt polska kronoh\u00e4ren, omkring 6,000 man, under Lubomirski. Med denna uppbr\u00f6t Stanisiaus, f\u00f6r att f\u00f6rena sig med Meijerfelts styrka, oclv hade kommit till Lowicz, ungef\u00e4r 7 svenska mil vester om Warschau, der han fick k\u00e4nnedom om Augusts anryckande, d\u00e5 han genast v\u00e4nde om till Warschau, f\u00f6r att r\u00e4dda sin familj, samt kom dit den 18 Augusti\u00bb Horn ville nu, att man med alla stridskrafter, som i hast kunde samlas, skulle v\u00e4nda sig mot August, men h\u00e4rp\u00e5 kunde Lubomirski ej f\u00f6rm\u00e5s att ing\u00e5. I st\u00e4llet besl\u00f6t man, sedan den kungliga familjen blifvit f\u00f6rd i s\u00e4kerhet den 19, att g\u00e5 till Latowicz, n\u00e5gra mil i sydost om War- schau, der 400 svenskar blifvit inneslutne af Ai^gusts general Brandty som med 6,000 man n\u00e4rmade sig Praga l\u00e5ngs Weichsel.ns \u00f6stra strand, medan August, med \u00e5terstoden af sin h\u00e4r, l\u00e5ngs vestra stranden ryckte mot Warschau. Vid ankomsten till Latowicz fann dock kronoh\u00e4ren staden redan intagen af Brandt, som derefter kastade sig emellan denna h\u00e4r och Praga, s\u00e5 att hvarken Stanisiaus eller kronoh\u00e4ren kunde komma tillbaka till Warschau. Utanf\u00f6r denna stad f\u00f6renade sig August och Brandt, medan Horn med sina 800 svenskar innesl\u00f6t sig i slottet. D\u00e5 likv\u00e4l der ingenting var f\u00f6rberedt f\u00f6r en bel\u00e4gring, m\u00e5ste den svenska styrkan gifva sig den 26 Augusti, hvarefter Stanisiaus med kronoh\u00e4ren t\u00e5gade \u00f6fver Lublin till Jaroslaw, att f\u00f6rena sig med Rehnsk\u00f6lds styrka.<br \/>\nUnder tiden upph\u00e4fde Schulenburg den 3 September bel\u00e4gringen af Posen och t\u00e5gade till Warschau, dit ryssarne under Patkul n\u00e4rmade sig fr\u00e5n andra sidan, hvaremot Meijerfelt, s\u00e4 snart han fick kunskap om Schulenburgs aft\u00e5g, skyndade fr\u00e5n Thorn till Posen, der han intr\u00e4ffade den 10 September samt \u00f6fverf\u00f6ll och slpg kort derefter en polsk trupp under Radomirski. Konung August hade emellertid be- slutat \u00e5ter f\u00f6retaga en bel\u00e4gring af Posen, der Brandt med en st\u00f6rre styrka intr\u00e4ffade den 19 September och f\u00f6rs\u00f6kte. samma dag \u00f6fver- rumpla Meijerfelts trupper, som spridt sig i trakten f\u00f6r att furagera; men Meijerfelt samlade i hast 350 ryttare och jiqgade fienden tillbaka \u00f6fvef W\u00e4rtli\u00e4-flodeA Samt hindrade sedermera Undet de f\u00f6ljande tv\u00e4ttft\u00e9 veckorna Btandts tnipper att \u00f6fverg\u00e4 floden och innesluta staden \u00e5t den sidan\u00bb till dess den 3 Oktober \u00e5terstoden af belagringstrupperna jemte artilleriet anl\u00e4nde, d\u00e5 bel\u00e4gringsharen uppgick till 14,500 man, nemligen 2,000 sachsare under Brandt, 6,000 ryssar under Patkul, 3,000 kosacker och 3,500 man af polska kronoh\u00e4ren. Den 5 Oktober begyntes beskjutningen och fortsattes sedermera till dess Brandt, vid svenska hufvudstyrkans annalkande, den 24 Oktober upph\u00e4fde bel\u00e4gringen.<\/p>\n<p><span style=\"color: #0000ff;\"><a style=\"color: #0000ff;\" href=\"https:\/\/archive.org\/details\/berttelserursve02bcgoog\/page\/n117\/mode\/2up?q=meijerfelt\">Pag. 108-109<\/a><\/span><\/p>\n<p>F\u00f6rr\u00e5den i Crodno b\u00f6rjade emellertid taga slut och Ogihfy^ som der f\u00f6rde bef\u00e4let \u00f6fver den ryska styrkan, fann sig ej l\u00e4ngre kunna der uth\u00e4rda. Den 31 Mars uppbr\u00f6t han med de &amp;,ooo man fotfolk och 3,000 ryttare, som \u00e4nnu \u00e5terstodo af de 30,000 ryssar, hvilka vid vinterns b\u00f6rjan st\u00e5tt vid Grodno. Han skyndade i ilmarscher till Brzesc, der han intr\u00e4ffade den 10 April. Carl XII var genast fllrdig ^tt f\u00f6rf\u00f6lja honom, men en olycklig tillf\u00e4llighet ber\u00f6fvade honom frakten af hans s\u00e5 v\u00e4l anlagda och s\u00e5 ih\u00e4rdigt fullf\u00f6ljda plan att afsk\u00e4ra och f\u00f6rst\u00f6ra den ryska styrkan. Just som han skulle bryta upp^ blef bron \u00f6fver Niemen f\u00f6rst\u00f6td af islossningen, och flera dagar \u00e4tgingo, inn^n den h^nn \u00e5ter ist\u00e5nds\u00e4ttas. Tillika voro v\u00e4game s\u00e5 fi^derfvade af k\u00e4llossningen, att Ogilvy f\u00e5tt alltf\u00f6r l\u00e5ngt f\u00f6rspr\u00e4ng; men, sedan underr\u00e4ttelse ing\u00e5tt, att. lian genom Podolien tagit riktningen \u00e5t Kiew, dro^ konung Carl till Pinsk f\u00f6r att genskjuta honom. Vid ankomsten dit den 34 Apnril visade det sig dock, att Qgilvy icke kunde upphinnas, hvarf\u00f6re konungen stannade i Pinsk tillsvidare, sedan han skickat\u00a0<mark>Meijerfelt<\/mark>\u00a0med 3,000 dragoner och Ss^piehas 3,000. polackar till Brzesc, samt Potocki till polska Preussen, der Smigelski \u00e5ter upptr\u00e4dt.<\/p>\n<p>(&#8230;)<\/p>\n<p>Den 7 Juli uppbr\u00f6t Carl XII fr\u00e5n Jareslawice och t\u00e5gade i nordostlig riktning \u00f6fver Lublin till Pulawy, dit han ankom den 1^9 och der\u00a0<mark>Meijerfelt<\/mark>\u00a0och Sapieha fr\u00e5n Brzesc f\u00f6renade sig med svenska hufvudstyrkan. Sedan vid Pulawy en bro blifvit slagen \u00f6fver Weichseln, fortsattes t\u00e5get allt l\u00e4ngre \u00e5t nordvest till Piontek i Masowien, der Rehnsk\u00f6ld den 6 Augusti f\u00f6renade sig med konungens h\u00e4r. Efter n\u00e5gra dagars hvila uppbr\u00f6t h\u00e4ren \u00e5ter den ti Augusti och kom den 13 till staden Warth\u00e4, vid fioden af samma namn, der generalmajor Marderfeli qvarlemnades med 4,000 svenskar, jemte ungef\u00e4r 15,000 polackar under Potocki, f\u00f6r att gifva akt p\u00e5 Augusts och ryssames r\u00f6relser, hvar\u00e9fter t\u00e5get fortsattes s\u00f6der om Kalisch genom Schlesien fram till Sch\u00f6nberg vid sachsiska gr\u00e4nsen, vidhvilken konung Carl stod den I September med en styrka af omkring 19,000 man, hvaraf 11,500 voro fotfolk, 2,500 dragoner och 5,000 ryttare.<\/p>\n<p><span style=\"color: #0000ff;\"><a style=\"color: #0000ff;\" href=\"https:\/\/archive.org\/details\/berttelserursve02bcgoog\/page\/n121\/mode\/2up?q=meijerfelt\">Pag. 113<\/a><\/span><\/p>\n<p>Till Sveriges ombud vid dessa underhandlingar uts\u00e5g konungen Carl Piper ,och kanslir\u00e5det Olof Hermelin. F\u00f6r Piper hade Carl gifvit tillk\u00e4nna hvad han af August ovilkorligen fordrade, nemligen att f\u00f6r alltid afst\u00e5 fr\u00e5n polska kronan, erk\u00e4nna Stanislaus s\u00e5som Polens konung och lofva att aldrig mera t\u00e4nka p\u00e5 \u00e5terintagandet af polska tronen, icke ens i h\u00e4ndelse af Stanislai d\u00f6d; afs\u00e4ga sig alla andra f\u00f6rbund och synnerligast det ryska; med vederb\u00f6rlig hedersbetygelse \u00e5tergifva friheten \u00e5t prinsarne Sobieski och andra tagna f\u00e5ngar, samt utlemna alla \u00f6tverl\u00f6pare, som g\u00e5tt fr\u00e5n Sveriges i hans tjenst och deribland uttryckligen Johan Reinhold Patkul, men deremot fQrl\u00e5ta alla, som fr\u00e5n Augusts tjenst \u00f6fverg\u00e5tt till Sveriges. De sachsiska ombuden gjorde visserligen \u00e5tskilliga f\u00f6rs\u00f6k att vinna lindring i dessa vilkor, men f\u00f6rg\u00e4fves, och d\u00e5 konungen nu skickade\u00a0<mark>Meijerfelt<\/mark>\u00a0med en betydlig truppstyrka mot Sachsens hufvudstad Dresden, blefvo s\u00e4ndebuden s\u00e5 uppskr\u00e4mda, att de undertecknade fredsf\u00f6rdraget redan den 14 September.<\/p>\n<p><span style=\"color: #0000ff;\"><a style=\"color: #0000ff;\" href=\"https:\/\/archive.org\/details\/berttelserursve02bcgoog\/page\/n143\/mode\/2up?q=meijerfelt\">Pag. 134<\/a><\/span><\/p>\n<p>I staden Wartha och trakten deromkring vid Wartha-floden qvarlemnades <mark>Meijerfelt<\/mark>\u00a0med 3,000 man, och till polska Preussen s\u00e4ndes Potocki och Liibomirski med sina polska trupper, f\u00f6r att skydda detta land mot en polsk partig\u00e4ngares, Rybinskis, str\u00f6fvmer.<\/p>\n<p><span style=\"color: #0000ff;\"><a style=\"color: #0000ff;\" href=\"https:\/\/archive.org\/details\/berttelserursve02bcgoog\/page\/n181\/mode\/2up?q=meijerfelt\">Pag. 172<\/a><\/span><\/p>\n<p>Redan under flykten fr\u00e4n Pultawa till Perevoloczna hade han skickat generalmajor\u00a0<mark>Meijerfelt<\/mark> att f\u00f6resl\u00e5 czaren fi^ och utvexling af de \u00e5 \u00f6mse sidor tagna f\u00e5ngar; -men czaren hade af b\u00f6jt alla underhandlingar derotn, s\u00e5 l\u00e4nge han hade n\u00e5gon utsigt att f\u00e5 kohungen i sitt v\u00e5ld under flykten till Turkiet. D\u00e5 han der var i s\u00e4kerhet, hade czaren l\u00e5tit gifva honom tillk\u00e4nna sina fordringar, &gt; hvilka gingo ut p\u00e5 att Lifland, Estland, Ingermanland^ Viborg och Karelen skulle aftr\u00e4das till Ryssland\u00bb Sk\u00e5ne, Halland och Bleking till Danmark, August erk\u00e4nnas f\u00f6r konung i Polen samt Mazeppa och hans anh\u00e4ngare utlemnas. P\u00e4 s\u00e5dana-vilkor kunde konung Carl naturligtvis ej ing\u00e5, och s\u00e5 mycket ifrig&amp;re blefvo nu hans f\u00f6rs\u00f6k att tillv\u00e4gabringa krig mellan Turkiet och Ryssland eller \u00e5tminstone genom m\u00f6jligheten af ett s\u00e5dant krig s\u00f6ka f\u00f6rm\u00e5 czaren att neds\u00e4tta sina anspr\u00e5k.<\/p>\n<p><span style=\"color: #0000ff;\"><a style=\"color: #0000ff;\" href=\"https:\/\/archive.org\/details\/berttelserursve02bcgoog\/page\/n203\/mode\/2up?q=meijerfelt\">Pag. 195<\/a><\/span><\/p>\n<p>Sjette dagen efter kalabaliken best\u00e4mdes f\u00f6r konungens afresa fr\u00e5n Bender, utan att han sjelf eller n\u00e5gon af hans omgifning visste hvart han skulle f\u00f6ras. F\u00f6re afresan skickade han sin trogne drabant Axel Roos till general\u00a0<mark>Meijerfelt<\/mark> i Stralsund med underr\u00e4ttelse om de intr\u00e4ffade tilldragelserna.* F\u00f6r att undvika nyfikna blickar, d\u00e5 han skulle s\u00e5som f\u00e5nge f\u00f6ras genom landet, gjorde konungen sig sjuk och l\u00e4t sig baras p\u00e5 en madrass ned i vagnen. N\u00e4r han lemnade den, f\u00f6r att \u00e4ta eller sofva, bars han af svenske officerare, hvarvid han med en Uten kudde dolde ansigtet P\u00e5 detta s\u00e4tt anl\u00e4nde han den 9 April till Timurtasch, ett lustslott i n\u00e4rheten af staden Demotika, ungef\u00e4r fyra svenska mil s\u00f6der om Adrianopel. Det var ett st\u00e5tligt och v\u00e4l inredt slott, hvari konungen och hans omgifning hade godt utrymme. Der fans ock en vacker tr\u00e4dg\u00e5rd, rikt f\u00f6rsedd med vattenkonster och andra prydnader; men hela den omgifvande trakten var sumpig och osund, s\u00e5 att fiera bland svenskarne insjuknade.<\/p>\n<p>* Det \u00e4r deona resa som legat till gnind f\u00f6r Tegn\u00e9rs bekanta dikt \u00bbAxel\u00bb.<\/p>\n<p><span style=\"color: #0000ff;\"><a style=\"color: #0000ff;\" href=\"https:\/\/archive.org\/details\/berttelserursve02bcgoog\/page\/n229\/mode\/2up?q=meijerfelt\">Pag. 218-219<\/a><\/span><\/p>\n<p>Sedan svenskame utrymt T\u00f6nningen, gingo de fiendtliga h\u00e4rarne under en m\u00e5nads tid i qvarter inom Holstein, men lijuni uppbr\u00f6tode sachsiska pch ryska trupp\u00e9m\u00f6, de f\u00f6rra till StraUurid-och de senare under Mentschikoffs bef\u00e4l till StettiA, att f\u00f6retaga dess bei\u00f6grfftg, Dentia f\u00e4stning, der generalen <em>Johan Angust\u00a0<mark>Meijerfelt<\/mark><\/em>\u00a0f\u00f6rde bef\u00e4let, h\u00f6lls sedermera innesluten i flera m\u00e5nader, men sedan ryssarne f\u00e5tt till sig det sachsiska bel\u00e4gnngsartilleiriet, *ii kanonen och 3om\u00f6r\u00f6are,blef Staden fr\u00e4n d\u00f6n II September&#8217;!s\u00e5 h\u00e4ftigt beskjuten och bombarderad, att\u00a0<mark>Meijerfelt<\/mark>\u00a0f\u00f6r att f\u00f6rekomma dess f\u00f6rst\u00f6ring n\u00f6dgades den 18 September b\u00f6rja underhandlingar om dagtingan. Den neutrala t&gt;reussiska regeringen s\u00e5g emellertid &lt;&gt;gerna denna vigtiga ftlstning i ryssarnes h\u00e4nder&gt; och s\u00e4 Uppgjordes saken p\u00e4 det s\u00e4tt, att 2 preussiska och 2 svenska bataljoner, hvilka senare borde tr\u00e4da i holsteinsk tjenst, skulle utg\u00f6ra Stettins bes\u00e4ttning.<br \/>\nMed \u00e5terstoden af sitt folk) 800 man, drog\u00a0<mark>Meijerfelt<\/mark>\u00a0till Stral* sund, hvilken stad alltsedan b\u00f6rjan af Juli m\u00e5nad varit innesluten af sachsarne. Vid denna tid anl\u00e4nde dock slutligen till R\u00e5gen den af Stenbock s\u00e5 l\u00e4nge v\u00e4ntade andra transporten, skyddad af Wachtmeister med 16 linieskepp och n\u00e5gra fregatter, hvarigenom DUcker, som \u00e5ter-\u00bb tagit bef\u00e4let i Pomern, lyckades f\u00f6rdrifva.fienden fr\u00e4n \u00f6n och spr\u00e4nga biokaden af Stralsund. Ocks\u00e5 upph\u00e4fde sachsarne i b\u00f6rjan af (^tober denna stads bel\u00e4gring och gingo i vinterqvarter.<br \/>\nUnder \u00e5ret 1714 f\u00f6ref\u00f6llo inom Sveriges tyska besittningar, der\u00a0<mark>Meijerfelt<\/mark> nu f|tt \u00f6fverbef\u00e4let, inga krigsr\u00f6relser af n\u00e5gon betydenhet. I Januari utrymdes Stettin af de 2 svenska bataljonerna, som ersattes med lika m\u00e5nga holateinska. Stralsund och Wismar f\u00f6rs\u00e4gos med lifs-~ medel oqh aJIa f\u00f6rn\u00f6denheter att uth\u00e4rda en l\u00e4ngre bel\u00e4gringy man under de nu p\u00e5g\u00e5ende underhandlingarne om fred hvilade kriget i dessa trakter.<\/p>\n<p>Pag. 317<\/p>\n<p>Redan f\u00f6ljande \u00e5ret f\u00f6ll han dock i on\u00e5d, d\u00e5 en stor del af fraktflottan f\u00f6rlorades vid Rugen, och Gustaf Cronldelm fick nu \u00f6fvarinseendct.\u00bb \u00f6fv^r flottan, men n\u00e4r icke heller han kunde, under \u00e5ret 1713, fullg\u00f6ra konungens fordringar, f\u00f6rordnades generalen <em>Johan August\u00a0<mark>Meijerfelt<\/mark><\/em>\u00a02M. WWs vidare leda verket.- Det dr\u00f6jde likv\u00e4l icke s\u00e4rdeles l\u00e4i^, innan \u00e4fven han f\u00f6rlorade detta f\u00f6rtroende och fick till eftertr\u00e4dare generalen Hans Henrik van Lkwen^ som 1715 med mycken kraft och raskhet bedret flottans utrustning. \u00a3n tredje general, Gust^rf Fredrik von Rosen^ fick \u00e4fven fr\u00e5n 1716 tidtals inseendet \u00f6fver flottan, ehuru ingendera bland dessa generaler hade n\u00e5gon kunskap eller erfarenhet i sj\u00f6v\u00e4sendet.<\/p>\n<p><span style=\"color: #0000ff;\"><a style=\"color: #0000ff;\" href=\"https:\/\/archive.org\/details\/berttelserursve02bcgoog\/page\/n395\/mode\/2up?q=meijerfelt\">Pag. 378-379<\/a><\/span><\/p>\n<p>N\u00e4r konungen i 1714 kom tUl Stmlsund, infann sig Wellingk genast och tycktes \u00e4fven \u00e5tervinna konungens f\u00f6rtroende; men d\u00e4 han fortfor att yrka p\u00e5 fred,\u00a0 blef han undanskjuten, som det s\u00e4des, genom G\u00f6rtz, <mark>Meijerfelt<\/mark> och Feif, var under \u00e5ren 1715 och 1716 i overksiamhet, men sl\u00f6t sig nu till G\u00f6rtz och lyckades genoto hans inflytande \u00e5ter l\u00e4 deltaga i d\u00e4 f\u00f6rda underhandlingar.<\/p>\n<p><span style=\"color: #0000ff;\"><a style=\"color: #0000ff;\" href=\"https:\/\/archive.org\/details\/berttelserursve02bcgoog\/page\/n413\/mode\/2up?q=meijerfelt\">Pag. 397<\/a><\/span><\/p>\n<p><em>Johan August\u00a0<\/em><mark><em>Meijerfelt<\/em>,<\/mark>\u00a0som utm\u00e4rkte sig i slaget vid Kliszow och under de f\u00f6ljande \u00e5ren ofta med framg\u00e5ng anf\u00f6rde s\u00e4rskilda h\u00e4rafdelningar;<\/p>\n","protected":false},"excerpt":{"rendered":"<p>Carl Georg Starb\u00e4ck, voortgezet door P. O. B\u00e4ckstr\u00f6m, &#8220;Ber\u00e4ttelser ur svenska historien&#8221;, deel 7 &#8220;Carl XII&#8221;, Stockholm 1886. Pag. 89 Fr\u00e4n Sverige ankom till konungens h\u00e4r en f\u00f6rst\u00e4rkning af 7,000 man nytt manskap, hvarigenom de indelta regementena blefvo fulltaliga och den svenska styrkan i Polen bragtes till 32,000 man. ]p)fter att hafva i polska Preussen &hellip; <a href=\"https:\/\/meijenfeldt.nl\/?page_id=49259\" class=\"more-link\">Verder lezen <span class=\"screen-reader-text\">Starb\u00e4ck &#038; B\u00e4ckstr\u00f6m<\/span><\/a><\/p>\n","protected":false},"author":1,"featured_media":0,"parent":0,"menu_order":0,"comment_status":"closed","ping_status":"closed","template":"","meta":{"footnotes":""},"class_list":["post-49259","page","type-page","status-publish","hentry"],"_links":{"self":[{"href":"https:\/\/meijenfeldt.nl\/index.php?rest_route=\/wp\/v2\/pages\/49259","targetHints":{"allow":["GET"]}}],"collection":[{"href":"https:\/\/meijenfeldt.nl\/index.php?rest_route=\/wp\/v2\/pages"}],"about":[{"href":"https:\/\/meijenfeldt.nl\/index.php?rest_route=\/wp\/v2\/types\/page"}],"author":[{"embeddable":true,"href":"https:\/\/meijenfeldt.nl\/index.php?rest_route=\/wp\/v2\/users\/1"}],"replies":[{"embeddable":true,"href":"https:\/\/meijenfeldt.nl\/index.php?rest_route=%2Fwp%2Fv2%2Fcomments&post=49259"}],"version-history":[{"count":2,"href":"https:\/\/meijenfeldt.nl\/index.php?rest_route=\/wp\/v2\/pages\/49259\/revisions"}],"predecessor-version":[{"id":49261,"href":"https:\/\/meijenfeldt.nl\/index.php?rest_route=\/wp\/v2\/pages\/49259\/revisions\/49261"}],"wp:attachment":[{"href":"https:\/\/meijenfeldt.nl\/index.php?rest_route=%2Fwp%2Fv2%2Fmedia&parent=49259"}],"curies":[{"name":"wp","href":"https:\/\/api.w.org\/{rel}","templated":true}]}}