{"id":49079,"date":"2022-08-01T08:57:02","date_gmt":"2022-08-01T08:57:02","guid":{"rendered":"https:\/\/meijenfeldt.nl\/?page_id=49079"},"modified":"2022-09-18T09:05:03","modified_gmt":"2022-09-18T09:05:03","slug":"grimberg","status":"publish","type":"page","link":"https:\/\/meijenfeldt.nl\/?page_id=49079","title":{"rendered":"Grimberg"},"content":{"rendered":"<p><span style=\"color: #000000; font-size: 14pt;\"><strong>Carl Gustaf Grimberg, &#8220;Svenska folkets underbara \u00f6den&#8221;, 11 delen, Stockholm 1913\u20131924.<\/strong><\/span><\/p>\n<hr \/>\n<p>(1899)<\/p>\n<p><span style=\"color: #0000ff;\"><a style=\"color: #0000ff;\" href=\"https:\/\/archive.org\/details\/personhistoriskt191516pers\/page\/n1031\/mode\/2up?q=meijerfelt+grimberg\">Pag. 76<\/a><\/span> (Grefvinnan Pipers sl\u00e4kt)<\/p>\n<p>then sidsta, som war then wackraste af them,<sup>5<\/sup> blef i Saxen gift med Qfwerst. Mejerfeldt, som ock blef grefwe och Riksr\u00e5d<\/p>\n<p><sup>5<\/sup> Anna Maria T\u00f6rnflycht (1685-1715) 1707 g. m. Johan August <mark>Meijerfelt<\/mark>.<\/p>\n<p>DEEL 5 (1916)<\/p>\n<p><span style=\"color: #0000ff;\"><a style=\"color: #0000ff;\" href=\"https:\/\/archive.org\/details\/svenskafolketsun05grimuoft\/page\/38\/mode\/2up?q=meijerfeldt\">Pag. 38<\/a><\/span><\/p>\n<table style=\"border-collapse: collapse; width: 100%; height: 387px;\">\n<tbody>\n<tr style=\"height: 387px;\">\n<td style=\"width: 50%; height: 387px;\"><span style=\"font-size: 10pt;\">Tv\u00e5 dagar efter slaget utn\u00e4mnde Karl XII honom <em>(= Stenbok)<\/em> till generalmajor, och sedan spelade han, som vi ha sett, en stor roll b\u00e5de som f\u00e4ltherre och som rolighetsminister under Karls polska krig. \u00bbLille bocken\u00bb var ocks\u00e5 genom sitt glada lynne mycket popul\u00e4r inom arm\u00e9n. Vilket dock ej hindrade, att han kunde r\u00e5ka ut f\u00f6r h\u00e4ftiga sammanst\u00f6tningar, s\u00e5som med den hetlevrade generalmajor <mark>Meijerfeldt<\/mark>, som en g\u00e5ng efter en stunds ordv\u00e4xling inf\u00f6r hela regementet \u00bbh\u00f6tte \u00e5t honom med knytn\u00e4ven\u00bb och \u00bbgenom otillb\u00f6rliga \u00e5th\u00e4vor visade ho- nom sitt f\u00f6rakt\u00bb. Saken drogs inf\u00f6r krigsr\u00e4tt, men p\u00e5 ko- nungens befallning blev tvisten bilagd i godo.<\/span><\/td>\n<td style=\"width: 50%; height: 387px;\">\n<p id=\"tw-target-text\" class=\"tw-data-text tw-text-large tw-ta\" dir=\"ltr\" data-placeholder=\"Vertaling\"><span class=\"Y2IQFc\" lang=\"nl\" style=\"font-size: 10pt;\">Twee dagen na de slag benoemde Karel XII hem (= Stenbok) tot generaal-majoor, en daarna speelde hij, zoals we hebben gezien, een grote rol zowel als veldcommandant en als kwartiermaker tijdens de Poolse oorlog van Karel. &#8220;Geitje&#8221; was ook erg populair in het leger vanwege zijn opgewekte karakter. Wat hem er echter niet van weerhield hevige botsingen te krijgen, zoals met de opvliegende generaal-majoor Meijerfeldt, die eens, na een korte woordenwisseling in het bijzijn van het hele regiment, &#8220;hem met zijn vuist sloeg&#8221; en &#8220;toonde hem zijn minachting door ongepaste gebaren&#8221; . De zaak werd voor een krijgsraad gebracht, maar op bevel van de koning werd het geschil bijgelegd.<\/span><\/p>\n<\/td>\n<\/tr>\n<\/tbody>\n<\/table>\n<p><span style=\"color: #0000ff;\"><a style=\"color: #0000ff;\" href=\"https:\/\/archive.org\/details\/svenskafolketsun05grimuoft\/page\/276\/mode\/2up?q=meijerfeldt\">Pag. 276<\/a><\/span><\/p>\n<table style=\"border-collapse: collapse; width: 100%; height: 434px;\">\n<tbody>\n<tr style=\"height: 434px;\">\n<td style=\"width: 50%; height: 434px;\"><span style=\"font-size: 10pt;\">Det allm\u00e4nna tillst\u00e5ndet i Sverige fann H\u00f6lterling el\u00e4ndigt. \u00bbAv unga och till krig fullt dugliga b\u00f6nder finns i det riktiga gamla Sverige f\u00f6ga mer att tillg\u00e5, varf\u00f6r resande d\u00e4rst\u00e4des merendels skjutsas av sm\u00e5 barn eller av kvinnor\u00bb, s\u00e4ger han. Bland sev\u00e4rdheter, som man var artig nog att f\u00f6revisa f\u00f6r den intresserade fr\u00e4mlingen, var Karlstens f\u00e4stning \u2014 sven skarne tyckas ha varit sig lika i alla tider. H\u00f6lterling kom ocks\u00e5 i ber\u00f6ring med en del framst\u00e5ende svenskar, general <mark>Meijerfeldt<\/mark> bland andra. F\u00e5r man tro hans egen redog\u00f6relse, s\u00e5 skall han under ett gemytligt samtal ha lockat ur generalen, hur stor den svenska arm\u00e9n i Sk\u00e5ne p\u00e5 pricken var. Uppgiften f\u00e5r emellertid st\u00e5 f\u00f6r H\u00f6lterlings r\u00e4kning.<\/span><\/td>\n<td style=\"width: 50%; height: 434px;\">\n<p id=\"tw-target-text\" class=\"tw-data-text tw-text-large tw-ta\" dir=\"ltr\" data-placeholder=\"Vertaling\"><span class=\"Y2IQFc\" lang=\"nl\" style=\"font-size: 10pt;\">H\u00f6lterling vond de algemene toestand in Zweden erbarmelijk. &#8220;In het echte oude Zweden zijn er nog maar weinig jonge boeren die volledig geschikt zijn voor oorlog, daarom worden reizigers daar meestal gereden door kleine kinderen of vrouwen&#8221;, zegt hij. Een van de bezienswaardigheden, die ze beleefd genoeg waren om aan de ge\u00efnteresseerde vreemdeling te laten zien, was het fort van Karlsten &#8211; de Zweden lijken door alle eeuwen heen hetzelfde te zijn geweest. H\u00f6lterling kwam ook in contact met enkele prominente Zweden, onder meer generaal Meijerfeldt. Als we zijn eigen verhaal mogen geloven, moet hij tijdens een gezellig gesprek aan de generaal hebben opgemaakt hoe groot het Zweedse leger in Scania was. Dit bericht komt echter voor rekening van van H\u00f6lterling.<\/span><\/p>\n<\/td>\n<\/tr>\n<\/tbody>\n<\/table>\n<p>DEEL 13 (1918)<\/p>\n<p><span style=\"color: #0000ff;\"><a style=\"color: #0000ff;\" href=\"https:\/\/archive.org\/details\/svenskafolketsun07grimuoft\/page\/n3\/mode\/2up?q=meijerfeldt\">Pag. 107<\/a><\/span><\/p>\n<table style=\"border-collapse: collapse; width: 100%; height: 297px;\">\n<tbody>\n<tr style=\"height: 297px;\">\n<td style=\"width: 50%; height: 297px;\"><span style=\"font-size: 10pt;\">Efter henne komma de \u00f6vriga av den kungliga familjen, hertig Karl, liten men med milit\u00e4riskt utseende och n\u00e5got av sin morbroder Fredrik II i blicken, hertig Fredrik enklast kl\u00e4dd men vackrast av alla och prinsessan deras syster, glad och v\u00e4nlig men alltid prinsessa. Bland statsfruarna, som nu f\u00f6lja, \u00e4ro Kellgrens tre gracer, grevinnan\u00a0<mark>Meijerfeldt<\/mark>, f\u00f6dd Wrede-Sparre, grevinnan H\u00f6pken, f\u00f6dd Fersen, och grevinnan L\u00f6wenhielm, hennes syster, alla tre fullkomliga sk\u00f6nheter.<\/span><\/td>\n<td style=\"width: 50%; height: 297px;\">\n<p id=\"tw-target-text\" class=\"tw-data-text tw-text-large tw-ta\" dir=\"ltr\" data-placeholder=\"Vertaling\"><span class=\"Y2IQFc\" lang=\"nl\" style=\"font-size: 10pt;\">Na haar komt de rest van de koninklijke familie, hertog Karl, klein maar met een militair uiterlijk en iets van zijn oom Fredrik II in zijn ogen, hertog Fredrik meest eenvoudig gekleed maar de mooiste van allemaal en de prinses hun zus, gelukkig en vriendelijk maar altijd een prinses. Onder de dames van staat, die nu volgen, zijn de drie grati\u00ebn van Kellgren, gravin Meijerfeldt, geboren Wrede-Sparre, gravin H\u00f6pken, geboren Fersen, en gravin L\u00f6wenhielm, haar zus, alle drie perfecte schoonheden.<\/span><\/p>\n<\/td>\n<\/tr>\n<\/tbody>\n<\/table>\n<p><span style=\"color: #0000ff;\"><a style=\"color: #0000ff;\" href=\"https:\/\/archive.org\/details\/svenskafolketsun07grimuoft\/page\/110\/mode\/2up?q=meijerfeldt\">Pag. 110<\/a><\/span><\/p>\n<table style=\"border-collapse: collapse; width: 100%;\">\n<tbody>\n<tr>\n<td style=\"width: 50%;\"><span style=\"font-size: 10pt;\">Klarast av alla stj\u00e4rnor vid tredje Gustavs hov str\u00e5lade \u00bbde tre gracerna\u00bb, grevinnorna H\u00f6pken, L\u00f6wenhielm och\u00a0<mark>Meijerfeldt<\/mark>. Med all sin sk\u00f6nhet och sin kvicka, slagf\u00e4rdiga konversation voro de dock ej n\u00e5gra dygdem\u00f6nster. Gustav III l\u00e4t Sergel f\u00f6reviga grevinnan von H\u00f6pkens f\u00e4gring genom att taga hennes huvud till modell f\u00f6r en staty av den gudinna, som hon s\u00e5 ivrigt dyrkat.<\/span><\/td>\n<td style=\"width: 50%;\">\n<p id=\"tw-target-text\" class=\"tw-data-text tw-text-large tw-ta\" dir=\"ltr\" data-placeholder=\"Vertaling\"><span class=\"Y2IQFc\" lang=\"nl\" style=\"font-size: 10pt;\">De helderste van alle sterren aan het hof van Gustav III schenen &#8220;de drie grati\u00ebn&#8221;, gravinnen H\u00f6pken, L\u00f6wenhielm en Meijerfeldt. Echter, met al hun schoonheid en hun geestige, klaar om te vechten gesprek, waren ze geen toonbeelden van deugd. Gustav III liet Sergel de schoonheid van gravin von H\u00f6pken bestendigen door haar hoofd als model te nemen voor een beeld van de godin die ze zo vurig aanbad.<\/span><\/p>\n<\/td>\n<\/tr>\n<\/tbody>\n<\/table>\n<p>&nbsp;<\/p>\n","protected":false},"excerpt":{"rendered":"<p>Carl Gustaf Grimberg, &#8220;Svenska folkets underbara \u00f6den&#8221;, 11 delen, Stockholm 1913\u20131924. (1899) Pag. 76 (Grefvinnan Pipers sl\u00e4kt) then sidsta, som war then wackraste af them,5 blef i Saxen gift med Qfwerst. Mejerfeldt, som ock blef grefwe och Riksr\u00e5d 5 Anna Maria T\u00f6rnflycht (1685-1715) 1707 g. m. Johan August Meijerfelt. DEEL 5 (1916) Pag. 38 Tv\u00e5 &hellip; <a href=\"https:\/\/meijenfeldt.nl\/?page_id=49079\" class=\"more-link\">Verder lezen <span class=\"screen-reader-text\">Grimberg<\/span><\/a><\/p>\n","protected":false},"author":1,"featured_media":0,"parent":0,"menu_order":0,"comment_status":"closed","ping_status":"closed","template":"","meta":{"footnotes":""},"class_list":["post-49079","page","type-page","status-publish","hentry"],"_links":{"self":[{"href":"https:\/\/meijenfeldt.nl\/index.php?rest_route=\/wp\/v2\/pages\/49079","targetHints":{"allow":["GET"]}}],"collection":[{"href":"https:\/\/meijenfeldt.nl\/index.php?rest_route=\/wp\/v2\/pages"}],"about":[{"href":"https:\/\/meijenfeldt.nl\/index.php?rest_route=\/wp\/v2\/types\/page"}],"author":[{"embeddable":true,"href":"https:\/\/meijenfeldt.nl\/index.php?rest_route=\/wp\/v2\/users\/1"}],"replies":[{"embeddable":true,"href":"https:\/\/meijenfeldt.nl\/index.php?rest_route=%2Fwp%2Fv2%2Fcomments&post=49079"}],"version-history":[{"count":5,"href":"https:\/\/meijenfeldt.nl\/index.php?rest_route=\/wp\/v2\/pages\/49079\/revisions"}],"predecessor-version":[{"id":54175,"href":"https:\/\/meijenfeldt.nl\/index.php?rest_route=\/wp\/v2\/pages\/49079\/revisions\/54175"}],"wp:attachment":[{"href":"https:\/\/meijenfeldt.nl\/index.php?rest_route=%2Fwp%2Fv2%2Fmedia&parent=49079"}],"curies":[{"name":"wp","href":"https:\/\/api.w.org\/{rel}","templated":true}]}}