{"id":49068,"date":"2022-07-31T13:35:32","date_gmt":"2022-07-31T13:35:32","guid":{"rendered":"https:\/\/meijenfeldt.nl\/?page_id=49068"},"modified":"2022-09-18T09:23:01","modified_gmt":"2022-09-18T09:23:01","slug":"adlercreutz","status":"publish","type":"page","link":"https:\/\/meijenfeldt.nl\/?page_id=49068","title":{"rendered":"Adlercreutz"},"content":{"rendered":"<p><span style=\"color: #000000; font-size: 14pt;\"><strong>H.T. Adlercreuz, &#8220;Historiskt-Politiska Anteckningar f\u00f6r \u00e5ren 1743-1796&#8221;, Helsingfors 1887<\/strong><\/span><\/p>\n<hr \/>\n<p><em><span style=\"font-size: 10pt;\"><strong><span style=\"color: #000000;\">Meijerfelt, Johan August,<\/span><\/strong> 1725\u20141800, grefve, generall\u00f6jtnant, \u00f6fverbef\u00e4lhafvare i kriget 1788\u201490, f\u00e4ltmarskalk, en af rikets herrar. Sid. 42. 44. 66. 67. 69. 82. 84. 94<\/span><\/em><\/p>\n<p><span style=\"color: #000000;\"><span style=\"color: #0000ff;\"><a style=\"color: #0000ff;\" href=\"https:\/\/archive.org\/details\/historisktpolit00legegoog\/page\/n65\/mode\/2up?q=meijerfeldt\">Pag. 42<\/a><\/span><\/span><\/p>\n<table style=\"border-collapse: collapse; width: 100%;\">\n<tbody>\n<tr>\n<td style=\"width: 50%;\"><span style=\"color: #000000; font-size: 13.3333px;\">Fr\u00e5n sj\u00f6sidan hade staden ocks\u00e5 blifvit attaqverad medelst v\u00e5ra canonslupar, hvilka bem\u00e4gtigade sig vagtskeppet med mera. Samma m\u00e5rgon staden br\u00e4ndes ryckte konungen med den hos honom varande styrka upp och flyttade h\u00f6gqvarteret till H\u00f6gfors. Position af arm\u00e9en blef l\u00e5ngs med ryska grenen af Kymmene \u00e4lf till Anjala, hvar\u00e4st grefve <\/span><mark style=\"font-size: 13.3333px;\">Meijerfeldt<\/mark><span style=\"color: #000000; font-size: 13.3333px;\">\u00a0commenderade och s\u00e5 vidare l\u00e5ngs med egen gr\u00e4nts till Nyslott, som af \u00f6fversten baron Hastfer bloqverades.<\/span><\/td>\n<td style=\"width: 50%;\">\n<p id=\"tw-target-text\" class=\"tw-data-text tw-text-large tw-ta\" dir=\"ltr\" data-placeholder=\"Vertaling\"><span class=\"Y2IQFc\" lang=\"nl\" style=\"font-size: 10pt;\">Vanaf de zeezijde was de stad ook aangevallen door middel van onze kanonsloepen, die het bewakingsschip en meer in beslag namen. Dezelfde ochtend dat de stad werd verbrand, rukte de koning op met de troepenmacht die bij hem was en verplaatste het hoofdkwartier naar H\u00f6gfors. De positie van het leger was langs de Russische tak van de rivier de Kymmene naar Anjala, waar graaf Meijerfeldt het bevel voerde en zo verder langs de eigen grens naar Nyslott, die werd geblokkeerd door kolonel Baron Hastfer.<\/span><\/p>\n<\/td>\n<\/tr>\n<\/tbody>\n<\/table>\n<p><span style=\"color: #000000;\"><span style=\"color: #0000ff;\"><a style=\"color: #0000ff;\" href=\"https:\/\/archive.org\/details\/historisktpolit00legegoog\/page\/n67\/mode\/2up?q=meijerfeldt\">Pag. 44<\/a><\/span><\/span><\/p>\n<table style=\"border-collapse: collapse; width: 100%;\">\n<tbody>\n<tr>\n<td style=\"width: 50%;\"><span style=\"color: #000000; font-size: 10pt;\">H\u00f6gqvarteret blef sedermera i Borg\u00e5, och efter det hertigen in novembris med fl\u00e5ttan begaf sig till Carlscrona, hyarom ofvan f\u00f6rm\u00e4les, emottog generalen grefve <mark>Meijerfeldt<\/mark> \u00f6fverbefelet och tillbragtes vinterqvarteren utan n\u00e5gon orolighet.<\/span><\/td>\n<td style=\"width: 50%;\">\n<p id=\"tw-target-text\" class=\"tw-data-text tw-text-large tw-ta\" dir=\"ltr\" data-placeholder=\"Vertaling\"><span class=\"Y2IQFc\" lang=\"nl\" style=\"font-size: 10pt;\">Het hoofdkwartier bevond zich later in Borg\u00e5 en nadat de hertog in november met de vloot naar Carlscrona ging, waarvan de huur hierboven is vermeld, kreeg de generaal graaf Meijerfeldt het bevel en werd het winterkwartier ongestoord doorgebracht.<\/span><\/p>\n<\/td>\n<\/tr>\n<\/tbody>\n<\/table>\n<p><span style=\"color: #000000;\"><span style=\"color: #0000ff;\"><a style=\"color: #0000ff;\" href=\"https:\/\/archive.org\/details\/historisktpolit00legegoog\/page\/n89\/mode\/2up?q=meijerfeldt\">Pag. 66<\/a><\/span><\/span><\/p>\n<table style=\"border-collapse: collapse; width: 100%;\">\n<tbody>\n<tr>\n<td style=\"width: 50%;\"><span style=\"color: #000000; font-size: 10pt;\">Efter detta intog generalen grefve\u00a0<mark>Meijerfeldt<\/mark>\u00a0med armeens h\u00f6gra flygel gr\u00e4ntsen vid Abborforss, hvar\u00e4st ryssarne utan s\u00e4rdeles motst\u00e5nd l\u00e4mnade sina f\u00f6rskantsningar^ \u00e4fvensom vid Pyttis, dragandes sig fr\u00e5n Hirveskoski genom Broby \u00e4nda till Suttula, dit v\u00e5ra ankommo den 8:de, och hvar\u00e4st fienden gjorde h\u00e5rdt motst\u00e5nd, men efter det konungen sjelf dit anl\u00e4ndt och den 16:de gjorde ytterligare f\u00f6rs\u00f6k, m\u00e5ste fienden l\u00e4mna denna post och retirera sig \u00f6fver Kymmeneg\u00e5rd till H\u00f6gforss, hvilket betydande pass den 18:de af v\u00e5ra intogs.<\/span><\/td>\n<td style=\"width: 50%;\">\n<p id=\"tw-target-text\" class=\"tw-data-text tw-text-large tw-ta\" dir=\"ltr\" data-placeholder=\"Vertaling\"><span class=\"Y2IQFc\" lang=\"nl\" style=\"font-size: 10pt;\">Hierna nam generaal graaf Meijerfeldt met de rechtervleugel van het leger de grens bij Abborforss, waar de Russen hun verschansingen zonder veel weerstand verlieten, ook bij Pyttis, marcherend van Hirveskoski door Broby tot Suttula, waar de onze op de 8e aankwam, en waar de vijand hevig verzet bood, maar nadat de koning daar zelf was aangekomen en op de 16e verdere pogingen deed, moest de vijand deze post verlaten en zich terugtrekken over Kymmeneg\u00e5rd naar H\u00f6gfors, welke belangrijke pas op de 18e door de onzen werd ingenomen.<\/span><\/p>\n<\/td>\n<\/tr>\n<\/tbody>\n<\/table>\n<p><span style=\"color: #000000;\"><span style=\"color: #0000ff;\"><a style=\"color: #0000ff;\" href=\"https:\/\/archive.org\/details\/historisktpolit00legegoog\/page\/n89\/mode\/2up?q=meijerfeldt\">Pag. 67<\/a><\/span><\/span><\/p>\n<table style=\"border-collapse: collapse; width: 100%;\">\n<tbody>\n<tr>\n<td style=\"width: 50%;\"><span style=\"color: #000000; font-size: 10pt;\">V\u00e4gen till Friedrikshamn stod s\u00e5ledes p\u00e5 denna sidan ej att hindras; hvad som skulle g\u00f6ras borde ske med armeens h\u00f6gra flygel i f\u00f6rening med sk\u00e4rg\u00e5rdsfl\u00e5ttan. Konungen tog derf\u00f6re den 28:de julii sitt h\u00f6gqvarter p\u00e5 Kymmeneg\u00e5rd, haf^andes under sig general Pl\u00e5ten, hvaremot grefve <mark>Meijerfeldt<\/mark>\u00a0fick bef\u00e5let \u00f6fver Werel\u00e4 armeen.<\/span><\/td>\n<td style=\"width: 50%;\">\n<p id=\"tw-target-text\" class=\"tw-data-text tw-text-large tw-ta\" dir=\"ltr\" data-placeholder=\"Vertaling\"><span class=\"Y2IQFc\" lang=\"nl\" style=\"font-size: 10pt;\">De weg naar Friedrikshamn mocht dus aan deze kant niet worden gestremd; wat er ook gedaan moest worden, moest worden gedaan met de rechtervleugel van het leger in samenwerking met de archipelvloot. Daarom nam de koning op 28 juli zijn hoofdkwartier in Kymmeneg\u00e5rd in, met generaal Pl\u00e5ten onder zich, waartegen graaf Meijerfeldt het bevel kreeg over het Werel\u00e4-leger.<\/span><\/p>\n<\/td>\n<\/tr>\n<\/tbody>\n<\/table>\n<p><span style=\"color: #0000ff;\"><a style=\"color: #0000ff;\" href=\"https:\/\/archive.org\/details\/historisktpolit00legegoog\/page\/n91\/mode\/2up?q=meijerfeldt\">Pag. 69<\/a><\/span><\/p>\n<table style=\"border-collapse: collapse; width: 100%;\">\n<tbody>\n<tr>\n<td style=\"width: 50%;\"><span style=\"color: #000000; font-size: 10pt;\">Konungen, \u00e5terkommen ifr\u00e5n Helsingfors, tog h\u00f6gqvarter i Lovisa och sedan bel\u00e4genheterne och \u00e5rstiden hindrade p\u00e5 denna sidan af landet vidare operationer, posterades armeen efter omst\u00e4ndigheterne f\u00f6r att emottaga vinterqvarter. Hvilka f\u00f6r att taga i \u00f6gnasigte s\u00e5 v\u00e4l h\u00e4r som vid den uti Savolax f\u00f6rlagde delen konungen den 19:de octo- ber antr\u00e4dde resan ifr\u00e5n Lovisa genom Heinola och S:t Michel till Seminge n\u00e4ra invid Nyslott och retoumerade l\u00e5ngsmed gr\u00e4ntsen till Borg\u00e5, hvarifr\u00e5n v\u00e4gen fortsattes till Stockholm, \u00f6fverl\u00e4mnandes \u00f6fverbefalet till grefve <mark>Meijerfeldt<\/mark>.<\/span><\/td>\n<td style=\"width: 50%;\">\n<p id=\"tw-target-text\" class=\"tw-data-text tw-text-large tw-ta\" dir=\"ltr\" data-placeholder=\"Vertaling\"><span class=\"Y2IQFc\" lang=\"nl\" style=\"font-size: 10pt;\">De koning, teruggekeerd uit Helsinki, nam kwartier in Lovisa, en aangezien de omstandigheden en het seizoen verdere operaties aan deze kant van het land verhinderden, werd het leger naar gelang de omstandigheden geplaatst om winterkwartieren te ontvangen. Om zowel hier als op het in Savolax geplaatste deel in het oog te krijgen, begon de koning op 19 oktober aan de reis van Lovisa via Heinola en St. Michel naar Seminge bij Nyslott en keerde terug langs de grens naar Borg\u00e5, vanwaar hij de weg vervolgde naar Stockholm, het bevel overhandigend aan graaf Meijerfeldt.<\/span><\/p>\n<\/td>\n<\/tr>\n<\/tbody>\n<\/table>\n<p class=\"page-num\"><span style=\"color: #0000ff;\"><a style=\"color: #0000ff;\" href=\"https:\/\/archive.org\/details\/historisktpolit00legegoog\/page\/n117\/mode\/2up?q=meijerfeldt\">Pag. 94<\/a><\/span><\/p>\n<table style=\"border-collapse: collapse; width: 100%;\">\n<tbody>\n<tr>\n<td style=\"width: 50%;\"><span style=\"color: #000000; font-size: 10pt;\">S\u00e5 vida utom riket. Innom riket firade S\u00e4kerhetsacten sin andra \u00e5rsdag, som tycktes med n\u00e5gon aftagande ton. Generalen grefve\u00a0<mark>Meijerfeldt<\/mark> befordrades till faldtmarskalk, undanbad sig besv\u00e4rjandet af densamma, men befaltes, \u00e5tlydde befallningen och tog afsked. \u00d6fversten vid enkiedrottningens lifregemente baron Feiff, af of\u00f6rvitelig tjenst, borde taga afsked, dock med n\u00e5d af 15,000 R:drs accord. Succederades af \u00f6fyerste Svedenbielni, k\u00e4nd s\u00e5som ordf\u00f6rande uti de \u00e5fvanomtalte finska unders\u00f6knings-krigs- r\u00e4tterna, s\u00e5 v\u00e4l som f\u00f6r Anjala surprisen.<\/span><\/td>\n<td style=\"width: 50%;\">\n<p id=\"tw-target-text\" class=\"tw-data-text tw-text-large tw-ta\" dir=\"ltr\" data-placeholder=\"Vertaling\"><span class=\"Y2IQFc\" lang=\"nl\" style=\"font-size: 10pt;\">Tot zover buiten het koninkrijk. Binnen het rijk vierde de Veiligheidswet zijn tweede verjaardag, die een beetje tanende leek te zijn. Generaal Graaf Meijerfeldt werd bevorderd tot veldmaarschalk, ontweek de eed die daarbij hoorde, kreeg daartoe bevel, gehoorzaamde het bevel en nam afscheid. De kolonel van het lijfregiment van de koningin-weduwe, Baron Feiff, van onberispelijke dienst, zou moeten aftreden, echter met de gratificatie van 15.000 R:drs. Opgevolgd door kolonel Svedenbielni, bekend als voorzitter van de bovengenoemde Finse krijgsraad, evenals voor de Anjala-verrassing.<\/span><\/p>\n<\/td>\n<\/tr>\n<\/tbody>\n<\/table>\n<p>&nbsp;<\/p>\n","protected":false},"excerpt":{"rendered":"<p>H.T. Adlercreuz, &#8220;Historiskt-Politiska Anteckningar f\u00f6r \u00e5ren 1743-1796&#8221;, Helsingfors 1887 Meijerfelt, Johan August, 1725\u20141800, grefve, generall\u00f6jtnant, \u00f6fverbef\u00e4lhafvare i kriget 1788\u201490, f\u00e4ltmarskalk, en af rikets herrar. Sid. 42. 44. 66. 67. 69. 82. 84. 94 Pag. 42 Fr\u00e5n sj\u00f6sidan hade staden ocks\u00e5 blifvit attaqverad medelst v\u00e5ra canonslupar, hvilka bem\u00e4gtigade sig vagtskeppet med mera. Samma m\u00e5rgon staden br\u00e4ndes &hellip; <a href=\"https:\/\/meijenfeldt.nl\/?page_id=49068\" class=\"more-link\">Verder lezen <span class=\"screen-reader-text\">Adlercreutz<\/span><\/a><\/p>\n","protected":false},"author":1,"featured_media":0,"parent":0,"menu_order":0,"comment_status":"closed","ping_status":"closed","template":"","meta":{"footnotes":""},"class_list":["post-49068","page","type-page","status-publish","hentry"],"_links":{"self":[{"href":"https:\/\/meijenfeldt.nl\/index.php?rest_route=\/wp\/v2\/pages\/49068","targetHints":{"allow":["GET"]}}],"collection":[{"href":"https:\/\/meijenfeldt.nl\/index.php?rest_route=\/wp\/v2\/pages"}],"about":[{"href":"https:\/\/meijenfeldt.nl\/index.php?rest_route=\/wp\/v2\/types\/page"}],"author":[{"embeddable":true,"href":"https:\/\/meijenfeldt.nl\/index.php?rest_route=\/wp\/v2\/users\/1"}],"replies":[{"embeddable":true,"href":"https:\/\/meijenfeldt.nl\/index.php?rest_route=%2Fwp%2Fv2%2Fcomments&post=49068"}],"version-history":[{"count":6,"href":"https:\/\/meijenfeldt.nl\/index.php?rest_route=\/wp\/v2\/pages\/49068\/revisions"}],"predecessor-version":[{"id":49739,"href":"https:\/\/meijenfeldt.nl\/index.php?rest_route=\/wp\/v2\/pages\/49068\/revisions\/49739"}],"wp:attachment":[{"href":"https:\/\/meijenfeldt.nl\/index.php?rest_route=%2Fwp%2Fv2%2Fmedia&parent=49068"}],"curies":[{"name":"wp","href":"https:\/\/api.w.org\/{rel}","templated":true}]}}