{"id":4878,"date":"2017-06-25T18:51:30","date_gmt":"2017-06-25T18:51:30","guid":{"rendered":"http:\/\/meijenfeldt.nl\/?page_id=4878"},"modified":"2021-08-07T15:24:56","modified_gmt":"2021-08-07T15:24:56","slug":"klaas-ane-jacomien-jellema","status":"publish","type":"page","link":"https:\/\/meijenfeldt.nl\/?page_id=4878","title":{"rendered":"Jellema op Ugerup"},"content":{"rendered":"<p style=\"text-align: justify;\"><span style=\"color: #000000;\"><strong><span style=\"font-size: 14pt;\">Klaas Ane en Jacomien Jellema, Ugerup S\u00e4teri, 291 97 G\u00e4rds K\u00f6pinge Sweden, <span class=\"baec5a81-e4d6-4674-97f3-e9220f0136c1\" style=\"white-space: nowrap;\">+46 44 235441<a style=\"margin: 0px; border: currentColor; left: 0px; top: 0px; width: 16px; height: 16px; right: 0px; bottom: 0px; color: #000000; overflow: hidden; vertical-align: middle; float: none; display: inline; white-space: nowrap; position: static !important;\" title=\"Bellen: +46 44 235441\" href=\"#\"><img decoding=\"async\" style=\"margin: 0px; border: currentColor; left: 0px; top: 0px; width: 16px; height: 16px; right: 0px; bottom: 0px; overflow: hidden; vertical-align: middle; float: none; display: inline; white-space: nowrap; position: static !important;\" title=\"Bellen: +46 44 235441\" src=\"data:image\/png;base64,iVBORw0KGgoAAAANSUhEUgAAABAAAAAQCAYAAAAf8\/9hAAAACXBIWXMAAA7EAAAOxAGVKw4bAAAKT2lDQ1BQaG90b3Nob3AgSUNDIHByb2ZpbGUAAHjanVNnVFPpFj333vRCS4iAlEtvUhUIIFJCi4AUkSYqIQkQSoghodkVUcERRUUEG8igiAOOjoCMFVEsDIoK2AfkIaKOg6OIisr74Xuja9a89+bN\/rXXPues852zzwfACAyWSDNRNYAMqUIeEeCDx8TG4eQuQIEKJHAAEAizZCFz\/SMBAPh+PDwrIsAHvgABeNMLCADATZvAMByH\/w\/qQplcAYCEAcB0kThLCIAUAEB6jkKmAEBGAYCdmCZTAKAEAGDLY2LjAFAtAGAnf+bTAICd+Jl7AQBblCEVAaCRACATZYhEAGg7AKzPVopFAFgwABRmS8Q5ANgtADBJV2ZIALC3AMDOEAuyAAgMADBRiIUpAAR7AGDIIyN4AISZABRG8lc88SuuEOcqAAB4mbI8uSQ5RYFbCC1xB1dXLh4ozkkXKxQ2YQJhmkAuwnmZGTKBNA\/g88wAAKCRFRHgg\/P9eM4Ors7ONo62Dl8t6r8G\/yJiYuP+5c+rcEAAAOF0ftH+LC+zGoA7BoBt\/qIl7gRoXgugdfeLZrIPQLUAoOnaV\/Nw+H48PEWhkLnZ2eXk5NhKxEJbYcpXff5nwl\/AV\/1s+X48\/Pf14L7iJIEyXYFHBPjgwsz0TKUcz5IJhGLc5o9H\/LcL\/\/wd0yLESWK5WCoU41EScY5EmozzMqUiiUKSKcUl0v9k4t8s+wM+3zUAsGo+AXuRLahdYwP2SycQWHTA4vcAAPK7b8HUKAgDgGiD4c93\/+8\/\/UegJQCAZkmScQAAXkQkLlTKsz\/HCAAARKCBKrBBG\/TBGCzABhzBBdzBC\/xgNoRCJMTCQhBCCmSAHHJgKayCQiiGzbAdKmAv1EAdNMBRaIaTcA4uwlW4Dj1wD\/phCJ7BKLyBCQRByAgTYSHaiAFiilgjjggXmYX4IcFIBBKLJCDJiBRRIkuRNUgxUopUIFVIHfI9cgI5h1xGupE7yAAygvyGvEcxlIGyUT3UDLVDuag3GoRGogvQZHQxmo8WoJvQcrQaPYw2oefQq2gP2o8+Q8cwwOgYBzPEbDAuxsNCsTgsCZNjy7EirAyrxhqwVqwDu4n1Y8+xdwQSgUXACTYEd0IgYR5BSFhMWE7YSKggHCQ0EdoJNwkDhFHCJyKTqEu0JroR+cQYYjIxh1hILCPWEo8TLxB7iEPENyQSiUMyJ7mQAkmxpFTSEtJG0m5SI+ksqZs0SBojk8naZGuyBzmULCAryIXkneTD5DPkG+Qh8lsKnWJAcaT4U+IoUspqShnlEOU05QZlmDJBVaOaUt2ooVQRNY9aQq2htlKvUYeoEzR1mjnNgxZJS6WtopXTGmgXaPdpr+h0uhHdlR5Ol9BX0svpR+iX6AP0dwwNhhWDx4hnKBmbGAcYZxl3GK+YTKYZ04sZx1QwNzHrmOeZD5lvVVgqtip8FZHKCpVKlSaVGyovVKmqpqreqgtV81XLVI+pXlN9rkZVM1PjqQnUlqtVqp1Q61MbU2epO6iHqmeob1Q\/pH5Z\/YkGWcNMw09DpFGgsV\/jvMYgC2MZs3gsIWsNq4Z1gTXEJrHN2Xx2KruY\/R27iz2qqaE5QzNKM1ezUvOUZj8H45hx+Jx0TgnnKKeX836K3hTvKeIpG6Y0TLkxZVxrqpaXllirSKtRq0frvTau7aedpr1Fu1n7gQ5Bx0onXCdHZ4\/OBZ3nU9lT3acKpxZNPTr1ri6qa6UbobtEd79up+6Ynr5egJ5Mb6feeb3n+hx9L\/1U\/W36p\/VHDFgGswwkBtsMzhg8xTVxbzwdL8fb8VFDXcNAQ6VhlWGX4YSRudE8o9VGjUYPjGnGXOMk423GbcajJgYmISZLTepN7ppSTbmmKaY7TDtMx83MzaLN1pk1mz0x1zLnm+eb15vft2BaeFostqi2uGVJsuRaplnutrxuhVo5WaVYVVpds0atna0l1rutu6cRp7lOk06rntZnw7Dxtsm2qbcZsOXYBtuutm22fWFnYhdnt8Wuw+6TvZN9un2N\/T0HDYfZDqsdWh1+c7RyFDpWOt6azpzuP33F9JbpL2dYzxDP2DPjthPLKcRpnVOb00dnF2e5c4PziIuJS4LLLpc+Lpsbxt3IveRKdPVxXeF60vWdm7Obwu2o26\/uNu5p7ofcn8w0nymeWTNz0MPIQ+BR5dE\/C5+VMGvfrH5PQ0+BZ7XnIy9jL5FXrdewt6V3qvdh7xc+9j5yn+M+4zw33jLeWV\/MN8C3yLfLT8Nvnl+F30N\/I\/9k\/3r\/0QCngCUBZwOJgUGBWwL7+Hp8Ib+OPzrbZfay2e1BjKC5QRVBj4KtguXBrSFoyOyQrSH355jOkc5pDoVQfujW0Adh5mGLw34MJ4WHhVeGP45wiFga0TGXNXfR3ENz30T6RJZE3ptnMU85ry1KNSo+qi5qPNo3ujS6P8YuZlnM1VidWElsSxw5LiquNm5svt\/87fOH4p3iC+N7F5gvyF1weaHOwvSFpxapLhIsOpZATIhOOJTwQRAqqBaMJfITdyWOCnnCHcJnIi\/RNtGI2ENcKh5O8kgqTXqS7JG8NXkkxTOlLOW5hCepkLxMDUzdmzqeFpp2IG0yPTq9MYOSkZBxQqohTZO2Z+pn5mZ2y6xlhbL+xW6Lty8elQfJa7OQrAVZLQq2QqboVFoo1yoHsmdlV2a\/zYnKOZarnivN7cyzytuQN5zvn\/\/tEsIS4ZK2pYZLVy0dWOa9rGo5sjxxedsK4xUFK4ZWBqw8uIq2Km3VT6vtV5eufr0mek1rgV7ByoLBtQFr6wtVCuWFfevc1+1dT1gvWd+1YfqGnRs+FYmKrhTbF5cVf9go3HjlG4dvyr+Z3JS0qavEuWTPZtJm6ebeLZ5bDpaql+aXDm4N2dq0Dd9WtO319kXbL5fNKNu7g7ZDuaO\/PLi8ZafJzs07P1SkVPRU+lQ27tLdtWHX+G7R7ht7vPY07NXbW7z3\/T7JvttVAVVN1WbVZftJ+7P3P66Jqun4lvttXa1ObXHtxwPSA\/0HIw6217nU1R3SPVRSj9Yr60cOxx++\/p3vdy0NNg1VjZzG4iNwRHnk6fcJ3\/ceDTradox7rOEH0x92HWcdL2pCmvKaRptTmvtbYlu6T8w+0dbq3nr8R9sfD5w0PFl5SvNUyWna6YLTk2fyz4ydlZ19fi753GDborZ752PO32oPb++6EHTh0kX\/i+c7vDvOXPK4dPKy2+UTV7hXmq86X23qdOo8\/pPTT8e7nLuarrlca7nuer21e2b36RueN87d9L158Rb\/1tWeOT3dvfN6b\/fF9\/XfFt1+cif9zsu72Xcn7q28T7xf9EDtQdlD3YfVP1v+3Njv3H9qwHeg89HcR\/cGhYPP\/pH1jw9DBY+Zj8uGDYbrnjg+OTniP3L96fynQ89kzyaeF\/6i\/suuFxYvfvjV69fO0ZjRoZfyl5O\/bXyl\/erA6xmv28bCxh6+yXgzMV70VvvtwXfcdx3vo98PT+R8IH8o\/2j5sfVT0Kf7kxmTk\/8EA5jz\/GMzLdsAAAAgY0hSTQAAeiUAAICDAAD5\/wAAgOkAAHUwAADqYAAAOpgAABdvkl\/FRgAAAaNJREFUeNqk009oz3Ecx\/HH9\/P9\/YQRWSi2MGmNrebkpJgSLluKEw5Kk5zUsgMOTrO42MUVxUWRg+LgaPWbUGq7rRk7sExKNPt9vx8H32l921z2vrw+n3fvz\/Pz\/vP5JDFGy7HKwk1\/fz\/sR09VNjAZG6fv1buQHcZm3P8vAMfwCKswncoHCn8nbuAratiEUQglwLXiMJz\/FhvWYC9OFb4htBV6B9VyBtsKzRJxbDhvbSS5i1kcQo736MNrjJcBeaG3MuFyInagA0fwckHcGzzGiXIJU38bk1U+x3W+x7U\/yOvYU4prwG5MlAHPoS4925TMNDeHLxNUh0gGcRC9eFqk34TBMuAhfmL9b5Vz3elIbAmfLq02d4HQhbc4gBYcxUgZMFrcIJecrsgaT6avdl6sPqu1hw9XSWs4U5Q6udgYFfP+he25MEysVWQvutORLcfTYax4gn3z\/VoM8A7Xi\/WuKNmQCRujpLc1TGkP46hOI1sKADdxG3PzjkzoTNCT1rSFiX+PuLIEoI4rGC+6\/xEPMsFKs7YmM8bsAMlyf2OwTPszAMZMeayGCpJVAAAAAElFTkSuQmCC\" \/><\/a><\/span>.<\/span><\/strong><\/span><\/p>\n<p><span style=\"color: #000000;\"><strong><span style=\"font-size: 14pt;\">CE-007<\/span><\/strong><\/span><\/p>\n<hr \/>\n<p style=\"text-align: justify;\"><span style=\"color: #000000;\">Brasschaat, 22 oktober 2008<\/span><\/p>\n<p style=\"text-align: justify;\"><span style=\"color: #000000;\">Met veel genoegen denken wij terug aan onze ontmoeting in juli jl. in de tuin van jullie landgoed Ugerup.<\/span><\/p>\n<p style=\"text-align: justify;\"><span style=\"color: #000000;\">Wij waren blij het huis, waar ooit familie van ons heeft gewoond, en de omgeving te kunnen aanschouwen, en te kunnen vernemen dat het buitenwerk van het huis in zijn oorspronkelijk staat zal worden teruggebracht.<\/span><\/p>\n<p style=\"text-align: justify;\"><span style=\"color: #000000;\">Zoals beloofd zenden wij jullie hierbij het eerste deel van de familiegeschiedenis &#8220;Het Zweedse geslacht Meijerfeldt&#8221;.<\/span><\/p>\n<p style=\"text-align: justify;\"><span style=\"color: #000000;\">Wij zouden het zeer op prijs stellen een duidelijke afbeelding van het stenen wapen boven de hoofdingang te kunnen ontvangen. Is het ook mogelijk dat wij van de beide kanonnen, links en rechts van het bordes, ook foto&#8217;s kunnen krijgen, en met name met de erop aanwezige informatie (jaartallen?). Mocht zich bij werken in het huis, achter &#8216;loskomend behang&#8217;, familie-informatie tevoorschijn komen dan houden wij ons aanbevolen voor afbeeldingen.<\/span><\/p>\n<p style=\"text-align: justify;\"><span style=\"color: #000000;\">Na ontvangst van bovenstaand gevraagde afbeeldingen bezorgen wij kopie\u00ebn aan de beheerder van het familiearchief en wel Dhr. Hugo von Meijenfeldt. Wanneer jullie ge\u00efnteresseerd zijn, bezoek ook eens dit familiearchief op Internet door in Google de naam meijenfeldt in te geven.<\/span><\/p>\n<p style=\"text-align: justify;\"><span style=\"color: #000000;\">Mochten wij in 2009 in de gelegenheid zijn Sk\u00e5ne weer een bezoek te brengen dan aarzelen wij niet jullie gedag te komen zeggen.<\/span><\/p>\n<p style=\"text-align: justify;\"><span style=\"color: #000000;\">Met vriendelijke groeten,<\/span><\/p>\n<p style=\"text-align: justify;\"><span style=\"color: #000000;\">Mevr. WP. van Luijk-von Meijenfeldt<\/span><br \/>\n<span style=\"color: #000000;\"> en zoon Dhr. Henk van Luijk.<\/span><\/p>\n<hr \/>\n<p style=\"font-weight: 400;\">Ugerup, 30 oktober 2008<\/p>\n<p style=\"font-weight: 400;\"><strong>Geachte Mevr. WP.Van Luijk von Meijenfeldt\u00a0en Dhr. H. van Luijk,<\/strong><\/p>\n<p style=\"font-weight: 400;\">Heel hartelijk dank voor het boek!. Wij zijn er ontzettend blij mee! Het is zeer interessant om het te lezen en om er achter te komen wat er in het verleden is gebeurd op Ugerups S\u00e4teri. Nogmaals dank.<\/p>\n<p style=\"font-weight: 400;\">Door omstandigheden was het er nog niet van gekomen om de desbetreffende foto\u00b4s te maken en door te mailen. Maar ik zal binnenkort foto\u00b4s gaan maken van de kanonnen en het wapen. Ook de foto\u00b4s van u en uw zoon zal ik binnenkort mailen.<\/p>\n<p style=\"font-weight: 400;\">Als wij informatie vinden dat los komt \u201cvan achter het behang\u201d of elders dan stel ik u daarvan natuurlijk op de hoogte.<\/p>\n<p style=\"font-weight: 400;\">Als u en uw zoon weer in Zweden zijn dan zijn jullie natuurlijk van harte welkom!<\/p>\n<p style=\"font-weight: 400;\">Med v\u00e4nlig h\u00e4lsning,<br \/>\nMet vriendelijke groet,<br \/>\nBest regards,<\/p>\n<p style=\"font-weight: 400;\"><strong>Klaas Ane &amp; Jacomien<\/strong><\/p>\n<p style=\"font-weight: 400;\">P.S. Foto\u2019s bijgevoegd<\/p>\n<hr \/>\n<p style=\"text-align: justify;\"><span style=\"color: #000000;\">G\u00e4rds K\u00f6pinge, 3 december 2008<\/span><\/p>\n<p style=\"text-align: justify;\"><strong><span style=\"color: #000000;\">Geachte mevr. WP. van Luijk-von Meijenfeldt,<\/span><\/strong><\/p>\n<p style=\"text-align: justify;\"><span style=\"color: #000000;\">Eindelijk weer een berichtje vanuit het koude Zweden.<\/span><\/p>\n<p style=\"text-align: justify;\"><span style=\"color: #000000;\">Dit zijn dus de foto&#8217;s van afgelopen zomer tijdens uw bezoek aan Ugerup. De foto&#8217;s van het wapen en de kanonnen komen binnenkort, wij wachten op mooi helder weer zodat het wapen echt goed zichtbaar is.<\/span><\/p>\n<p style=\"text-align: justify;\"><span style=\"color: #000000;\">Er is een meneer die heeft net een boekje uitgebracht van Ugerup S\u00e4teri. met veel informatie over het verleden, ook de Meyenfeldt\u00a0familie staat er in. Een heel interessant boekje. Wij gaan een paar extra exemplaren bestellen, zodat u ook een boekje kan ontvangen. Als wij uw adres kunnen krijgen waar ik het heen kan sturen zou dat geweldig zijn.<\/span><\/p>\n<p style=\"text-align: justify;\"><span style=\"color: #000000;\">Wij hopen dat u en uw familie in goede gezondheid zijn.<\/span><\/p>\n<p style=\"text-align: justify;\"><span style=\"color: #000000;\">Med v\u00e4nlig h\u00e4lsning, Met vriendelijke groet, Best regards,<\/span><\/p>\n<p style=\"text-align: justify;\"><strong><span style=\"color: #000000;\">Klaas Ane &amp; Jacomien<\/span><\/strong><\/p>\n","protected":false},"excerpt":{"rendered":"<p>Klaas Ane en Jacomien Jellema, Ugerup S\u00e4teri, 291 97 G\u00e4rds K\u00f6pinge Sweden, +46 44 235441. CE-007 Brasschaat, 22 oktober 2008 Met veel genoegen denken wij terug aan onze ontmoeting in juli jl. in de tuin van jullie landgoed Ugerup. Wij waren blij het huis, waar ooit familie van ons heeft gewoond, en de omgeving te &hellip; <a href=\"https:\/\/meijenfeldt.nl\/?page_id=4878\" class=\"more-link\">Verder lezen <span class=\"screen-reader-text\">Jellema op Ugerup<\/span><\/a><\/p>\n","protected":false},"author":1,"featured_media":0,"parent":0,"menu_order":0,"comment_status":"closed","ping_status":"closed","template":"","meta":{"footnotes":""},"class_list":["post-4878","page","type-page","status-publish","hentry"],"_links":{"self":[{"href":"https:\/\/meijenfeldt.nl\/index.php?rest_route=\/wp\/v2\/pages\/4878","targetHints":{"allow":["GET"]}}],"collection":[{"href":"https:\/\/meijenfeldt.nl\/index.php?rest_route=\/wp\/v2\/pages"}],"about":[{"href":"https:\/\/meijenfeldt.nl\/index.php?rest_route=\/wp\/v2\/types\/page"}],"author":[{"embeddable":true,"href":"https:\/\/meijenfeldt.nl\/index.php?rest_route=\/wp\/v2\/users\/1"}],"replies":[{"embeddable":true,"href":"https:\/\/meijenfeldt.nl\/index.php?rest_route=%2Fwp%2Fv2%2Fcomments&post=4878"}],"version-history":[{"count":7,"href":"https:\/\/meijenfeldt.nl\/index.php?rest_route=\/wp\/v2\/pages\/4878\/revisions"}],"predecessor-version":[{"id":38873,"href":"https:\/\/meijenfeldt.nl\/index.php?rest_route=\/wp\/v2\/pages\/4878\/revisions\/38873"}],"wp:attachment":[{"href":"https:\/\/meijenfeldt.nl\/index.php?rest_route=%2Fwp%2Fv2%2Fmedia&parent=4878"}],"curies":[{"name":"wp","href":"https:\/\/api.w.org\/{rel}","templated":true}]}}