{"id":43312,"date":"2022-02-10T18:17:28","date_gmt":"2022-02-10T18:17:28","guid":{"rendered":"https:\/\/meijenfeldt.nl\/?page_id=43312"},"modified":"2022-02-10T18:39:54","modified_gmt":"2022-02-10T18:39:54","slug":"roberto-barazutti","status":"publish","type":"page","link":"https:\/\/meijenfeldt.nl\/?page_id=43312","title":{"rendered":"Roberto Barazutti"},"content":{"rendered":"<p style=\"font-weight: 400;\"><span style=\"font-size: 14pt;\"><strong><span style=\"color: #000000;\">Roberto Barazutti,\u00a0<span style=\"color: #0000ff;\"><a style=\"color: #0000ff;\" href=\"http:\/\/mail2web.com\/cgi-bin\/compose.asp?mb=inbox&amp;mp=I&amp;mps=0&amp;lid=16&amp;intListPerPage=20&amp;messageto=flibust@boursomail.com&amp;ed=0GiZyQ74BELCObqTPdV%2FGY0igeq39HFty%2BC%2BiiVVfBBjiG4X27dLjIDzg9ROQQsLMqVeWMib9Q3M%0D%0Aef9QKamNl3iATz7MLsjVMSRn63AtkmqysPm%20\">flibust@boursomail.com<\/a><\/span><\/span><\/strong><\/span><\/p>\n<p style=\"font-weight: 400;\"><span style=\"font-size: 14pt;\"><strong><span style=\"color: #000000;\">CH-431<\/span><\/strong><\/span><\/p>\n<hr \/>\n<p style=\"font-weight: 400;\"><span style=\"color: #000000;\">Bilthoven, 28 december 2006<\/span><\/p>\n<p style=\"font-weight: 400;\"><span style=\"color: #000000;\"><strong>Geachte heer\u00a0<\/strong><strong>Roberto Barazzutti<\/strong><\/span><\/p>\n<p style=\"font-weight: 400;\"><span style=\"color: #000000;\">Op voorspraak van mevrouw Joke Korteweg richt ik mij tot u met een vraag over de Franse marine en\/of kaapvaart. Na lezing van haar interessante boek \u201cKaperbloed en koopmansgeest\u201d is bij mij de hypothese opgekomen dat mijn betovergrootvader Johan August von Meijenfeldt in de periode 1780-1793 bij de Franse marine en\/of kapers heeft dienstgedaan. Zij suggereerde mij u daarover te benaderen. Ik hoop dat ik hiermee niet te zeer lastigval. Ik begreep dat ik u in het Nederlands mag schrijven; een antwoord in het Frans zou overigens geen bezwaar zijn.<\/span><\/p>\n<p style=\"font-weight: 400;\"><span style=\"color: #000000;\">Laat ik u om te beginnen enkele basisgegevens over mijn familie geven. Uitgebreide informatie kunt u desgewenst vinden op mijn website\u00a0<span style=\"color: #0000ff;\"><a style=\"color: #0000ff;\" href=\"http:\/\/www.meijenfeldt.nl\/\">www.meijenfeldt.nl<\/a><\/span>.<\/span><\/p>\n<ul>\n<li style=\"list-style-type: none;\">\n<ul>\n<li style=\"font-weight: 400;\"><span style=\"color: #000000;\">De grondlegger van de Nederlandse familie Johan August von Meijenfeldt monstert aan op 1 mei 1793 bij de Admiraliteit van Amsterdam op de &#8220;Erfprins van Brunswijk&#8221;. Hij verklaart uit Stralsund (Zweeds-Pommeren) afkomstig te zijn. Hij krijgt de rang van 1<sup>e<\/sup>\u00a0constabel en al na 2 jaar wordt hij bevorderd tot constabel-majoor tijdens een reis naar Paramaribo. Hij moet dus eerder ervaring als kannonier hebben gehad.<\/span><\/li>\n<li style=\"font-weight: 400;\"><span style=\"color: #000000;\">Volgens de verklaring van zijn zoon Carl bij zijn overlijden in Rotterdam (1835) is mijn betovergrootvader in Stralsund in 1760 geboren. Ik heb onderzoek gedaan in archieven in Stralsund, Stockholm en Amsterdam\/Rotterdam. Daaruit heb ik\u00a0<em>circumstancial evidence<\/em>\u00a0verkregen dat hij de natuurlijke zoon is van de Zweedse veldmaarschalk graaf Johan August Meijerfeldt (1725-1800), die hem tijdens \u00e9\u00e9n van de lange winters van de Zevenjarige Oorlog heeft verwekt op het familielandgoed Nehringen\/Medrow bij inspecteursdochter Juliana Augusta Meyer. Dit bevestigt de familieoverlevering dat wij afstammen van de Zweedse graven Meijerfeldt.<\/span><\/li>\n<li style=\"font-weight: 400;\"><span style=\"color: #000000;\">Carl schrijft in een latere brief dat zijn vader vanaf 1780 eerst in het Franse en daarna in Nederlandse leger heeft gediend. Dit verklaart mijn interesse in Franse dienst in de periode 1780-1793.\u00a0Echter, volgens de Conserva\u00adteur-G\u00e9n\u00e9ral Centre d&#8217;accueil et de recherche des Archives nationales (CARAN) van het Minist\u00e8re de la Culture et de la Francophonie heeft er geen Meijenfeldt of Meijerfeldt in de Franse marine gediend.<\/span><\/li>\n<\/ul>\n<\/li>\n<\/ul>\n<p style=\"font-weight: 400;\"><span style=\"color: #000000;\">Het is voor mij niet goed mogelijk na te gaan of ik de vraag over de Franse marine aan de juiste dienst heb gesteld. Bovendien kan het zijn dat mijn betovergrootvader in de haven van Stralsund is geworven door een Frans kaperschip uit Duinkerken of St. Malo. Vandaar mijn vraag aan u of u mij kunt adviseren over mijn verder te verrichten onderzoek.<\/span><\/p>\n<p style=\"font-weight: 400;\"><span style=\"color: #000000;\">Bij voorbaat dank ik u hartelijk voor de genomen moeite.<\/span><\/p>\n<p style=\"font-weight: 400;\"><span style=\"color: #000000;\">Hoogachtend en u al het goede voor het komende jaar toewensend,<br \/>\n<\/span><span style=\"color: #000000;\"><strong>Hugo von Meijenfeldt<\/strong><\/span><\/p>\n<p style=\"font-weight: 400;\"><span style=\"color: #000000;\">N.B. De spelling van de familienaam varieert enorm in de documenten. Vaak ontbreekt het tussenvoegsel \u201cvon\u201d of staat er \u201cvan\u201d. De achternaam luidt regelmatig \u201cMeynfeld\u201d, \u201cMijenfeld\u201d, \u201cMeijerfeldt\u201d, \u201cMeyerfeld\u201d, \u201cMeierfeldt\u201d, etc. etc. De voornamen \u201cJohan(n)(es) August(us)\u201d komen wel steeds voor, heel soms staat er \u201cJean\u201d.<\/span><\/p>\n<hr \/>\n<p style=\"font-weight: 400;\"><span style=\"color: #000000;\">1 januari 2007<\/span><\/p>\n<p style=\"font-weight: 400;\"><span style=\"color: #000000;\"><strong>Geachte Heer<\/strong><\/span><\/p>\n<p style=\"font-weight: 400;\"><span style=\"color: #000000;\">\u00a0<\/span><span style=\"color: #000000;\">Vele bedaankt voor u brief. Het spijt mij maar ik kan niet vele u helpen. Het informatie zijn verdelt in twee. Voor 1793 de informatie kan zijn gevonden an het archives nationales (CARAN)fonds Marine s\u00e9rie C1 \u00e0 C7 and voor de revolutionnary tijd de s\u00e9rie BB and CC1 \u00e0 3. Het zet ook informatie in de Service Historique de la D\u00e9fense. Ik vraag an het prof Villiers als het zet &#8220;r\u00f4le d&#8217;\u00e9quipage&#8221;.<\/span><\/p>\n<p style=\"font-weight: 400;\"><span style=\"color: #000000;\">Vriendelijk<\/span><br \/>\n<span style=\"color: #000000;\"><strong>Roberto Barazzutti<\/strong><\/span><\/p>\n<hr \/>\n<p style=\"font-weight: 400;\"><span style=\"color: #000000;\">Bilthoven, 1 januari 2007<\/span><\/p>\n<p style=\"font-weight: 400;\"><span style=\"color: #000000;\"><strong>Geachte heer Barazzutti,<\/strong><\/span><\/p>\n<p style=\"font-weight: 400;\"><span style=\"color: #000000;\">Zeer bedankt voor uw snelle antwoord, nog wel op Nieuwjaarsdag. Ik wens u veel goeds in 2007.<\/span><\/p>\n<p style=\"font-weight: 400;\"><span style=\"color: #000000;\">Dank voor uw vraag aan prof. Villiers. Ik begrijp dus goed dat de kapers van Duinkerken niet in een apart archief zitten.<\/span><\/p>\n<p style=\"font-weight: 400;\"><span style=\"color: #000000;\">Vriendelijke groet,<br \/>\n<\/span><span style=\"color: #000000;\"><strong>Hugo von Meijenfeldt<\/strong><\/span><\/p>\n<hr \/>\n<p style=\"font-weight: 400;\"><span style=\"color: #000000;\">3 januari 2007<\/span><\/p>\n<p style=\"font-weight: 400;\"><span style=\"color: #000000;\"><strong>Geachte Heer<\/strong><\/span><\/p>\n<p style=\"font-weight: 400;\"><span style=\"color: #000000;\">Ik heb het antwoord gaat van prof Villiers. Het zet a\u00a0\u00a0paar &#8221; role d&#8217;\u00e9quipage&#8221; van de duinkerkers kapers maar in\u00a0\u00a0de Public Office. Prof Villiers denkt dat hij heef een of\u00a0\u00a0twee keer gezien het name van de kapitein Meyne.<\/span><\/p>\n<p style=\"font-weight: 400;\"><span style=\"color: #000000;\"><strong>Roberto Barazzutti<\/strong><\/span><\/p>\n","protected":false},"excerpt":{"rendered":"<p>Roberto Barazutti,\u00a0flibust@boursomail.com CH-431 Bilthoven, 28 december 2006 Geachte heer\u00a0Roberto Barazzutti Op voorspraak van mevrouw Joke Korteweg richt ik mij tot u met een vraag over de Franse marine en\/of kaapvaart. Na lezing van haar interessante boek \u201cKaperbloed en koopmansgeest\u201d is bij mij de hypothese opgekomen dat mijn betovergrootvader Johan August von Meijenfeldt in de periode &hellip; <a href=\"https:\/\/meijenfeldt.nl\/?page_id=43312\" class=\"more-link\">Verder lezen <span class=\"screen-reader-text\">Roberto Barazutti<\/span><\/a><\/p>\n","protected":false},"author":1,"featured_media":0,"parent":0,"menu_order":0,"comment_status":"closed","ping_status":"closed","template":"","meta":{"footnotes":""},"class_list":["post-43312","page","type-page","status-publish","hentry"],"_links":{"self":[{"href":"https:\/\/meijenfeldt.nl\/index.php?rest_route=\/wp\/v2\/pages\/43312","targetHints":{"allow":["GET"]}}],"collection":[{"href":"https:\/\/meijenfeldt.nl\/index.php?rest_route=\/wp\/v2\/pages"}],"about":[{"href":"https:\/\/meijenfeldt.nl\/index.php?rest_route=\/wp\/v2\/types\/page"}],"author":[{"embeddable":true,"href":"https:\/\/meijenfeldt.nl\/index.php?rest_route=\/wp\/v2\/users\/1"}],"replies":[{"embeddable":true,"href":"https:\/\/meijenfeldt.nl\/index.php?rest_route=%2Fwp%2Fv2%2Fcomments&post=43312"}],"version-history":[{"count":2,"href":"https:\/\/meijenfeldt.nl\/index.php?rest_route=\/wp\/v2\/pages\/43312\/revisions"}],"predecessor-version":[{"id":43318,"href":"https:\/\/meijenfeldt.nl\/index.php?rest_route=\/wp\/v2\/pages\/43312\/revisions\/43318"}],"wp:attachment":[{"href":"https:\/\/meijenfeldt.nl\/index.php?rest_route=%2Fwp%2Fv2%2Fmedia&parent=43312"}],"curies":[{"name":"wp","href":"https:\/\/api.w.org\/{rel}","templated":true}]}}