{"id":41424,"date":"2022-01-05T15:31:28","date_gmt":"2022-01-05T15:31:28","guid":{"rendered":"https:\/\/meijenfeldt.nl\/?page_id=41424"},"modified":"2024-05-08T14:35:46","modified_gmt":"2024-05-08T14:35:46","slug":"zz-31-carolina","status":"publish","type":"page","link":"https:\/\/meijenfeldt.nl\/?page_id=41424","title":{"rendered":"ZZ.31. Carolina"},"content":{"rendered":"<table style=\"border-collapse: collapse; width: 100%; height: 424px;\">\n<tbody>\n<tr>\n<td style=\"width: 100%; background-color: #ffffff; text-align: center;\" colspan=\"4\"><span style=\"font-size: 14pt;\"><strong><span style=\"color: #000000;\">PERSOONDOSSIER<\/span><\/strong><\/span><\/td>\n<\/tr>\n<tr>\n<td style=\"background-color: #ffffff; text-align: center; width: 100%;\" colspan=\"4\"><span style=\"color: #000000; font-size: 10pt;\"><span style=\"color: #0000ff;\"><a style=\"color: #0000ff;\" href=\"https:\/\/meijenfeldt.nl\/?page_id=654\">\u2190 Stamboom<\/a><\/span>\u00a0 \u00a0***\u00a0 <span style=\"color: #0000ff;\"><a style=\"color: #0000ff;\" href=\"#genealogie\">\u2193 Genealogie<\/a><\/span>\u00a0 \u00a0***\u00a0 <span style=\"color: #0000ff;\"><a style=\"color: #0000ff;\" href=\"#documenten\">\u2193 Documenten<\/a><\/span><\/span><\/td>\n<\/tr>\n<tr style=\"height: 28px;\">\n<td style=\"background-color: #d5e8eb; text-align: center; height: 10px; width: 100%;\" colspan=\"4\"><strong><span style=\"color: #000000;\">FAMILIETAK<\/span><\/strong><\/td>\n<\/tr>\n<tr style=\"height: 28px;\">\n<td style=\"width: 100%; height: 28px;\" colspan=\"4\"><span style=\"font-size: 6pt;\"><strong><span style=\"color: #000000;\">\u00a0<\/span><\/strong><\/span><\/td>\n<\/tr>\n<tr style=\"height: 10px;\">\n<td style=\"height: 10px; width: 25%;\"><\/td>\n<td style=\"width: 25%; height: 10px; text-align: center; background-color: #ffffff;\"><\/td>\n<td style=\"width: 25%; height: 10px; background-color: #baafaf; text-align: center;\"><span style=\"color: #0000ff;\"><a style=\"color: #0000ff;\" href=\"https:\/\/meijenfeldt.nl\/?page_id=41395\"><span style=\"font-size: 6pt;\"><strong>OUDERS<\/strong><\/span><\/a><\/span><\/td>\n<td style=\"width: 25%; height: 10px;\"><\/td>\n<\/tr>\n<tr style=\"height: 28px;\">\n<td style=\"width: 25%; height: 28px;\"><\/td>\n<td style=\"width: 25%; text-align: center; height: 28px; background-color: #ffffff;\"><\/td>\n<td style=\"width: 25%; height: 28px; background-color: #baafaf; text-align: center;\"><span style=\"color: #000000;\"><span style=\"font-size: 8px;\"><b>ZZ.31<\/b><\/span><\/span><\/td>\n<td style=\"width: 25%; height: 28px;\"><\/td>\n<\/tr>\n<tr style=\"height: 56px;\">\n<td style=\"width: 25%; height: 56px;\"><\/td>\n<td style=\"width: 25%; height: 56px; text-align: center; background-color: #ffffff;\"><span style=\"color: #008000;\"><span style=\"font-size: 6pt;\"><span style=\"color: #000000;\"><img loading=\"lazy\" decoding=\"async\" class=\"alignnone wp-image-35852 aligncenter\" style=\"color: #008000;\" src=\"https:\/\/meijenfeldt.nl\/wp-content\/uploads\/2021\/01\/Gravenwapen-258x300.jpg\" alt=\"\" width=\"376\" height=\"437\" srcset=\"https:\/\/meijenfeldt.nl\/wp-content\/uploads\/2021\/01\/Gravenwapen-258x300.jpg 258w, https:\/\/meijenfeldt.nl\/wp-content\/uploads\/2021\/01\/Gravenwapen.jpg 402w\" sizes=\"auto, (max-width: 376px) 100vw, 376px\" \/><\/span><\/span><\/span><\/td>\n<td style=\"width: 25%; height: 56px; background-color: #e8fac5; text-align: center; vertical-align: middle;\"><span style=\"color: #000000; font-size: 10pt;\"><b>Carolina<br \/>\n<\/b>von Meijerfeldt<a id=\"genealogie\"><\/a><\/span><\/td>\n<td style=\"width: 25%; height: 56px;\"><\/td>\n<\/tr>\n<tr style=\"height: 10px;\">\n<td style=\"width: 100%; height: 10px;\" colspan=\"4\"><span style=\"color: #000000;\"><strong><span style=\"font-size: 6pt;\">\u00a0<\/span><\/strong><\/span><\/td>\n<\/tr>\n<tr style=\"height: 28px;\">\n<td style=\"background-color: #d5e8eb; text-align: center; height: 28px; width: 100%;\" colspan=\"4\"><span style=\"color: #000000;\"><strong>GENEALOGIE<\/strong><\/span><\/td>\n<\/tr>\n<tr>\n<td style=\"background-color: #ffffff; text-align: left; width: 100%;\" colspan=\"4\"><span style=\"color: #000000;\"><br \/>\nZZ.31. <strong>Carolina<\/strong> barones von<strong> Meijerfeldt<\/strong>, * 1710, \u2248 Nikolai Stor Stockholm of S\u00f6vestad, Sk\u00e5ne 16-07-1710, getuigen Wolmar Johann Meijerfeldt, Arvid Horn, T\u00f6rnflycht, Ingrid Piper en Blixenstierna, \u2020 Stockholm 24-07-1710,\u00a0 opgebaard Nikolai Stor 26-07-1710, \u2261 Jakob 28-07-1710<\/span>.<a id=\"documenten\"><\/a><\/td>\n<\/tr>\n<tr>\n<td style=\"background-color: #d5e8eb; text-align: center; width: 100%;\" colspan=\"4\"><strong><span style=\"color: #000000;\">DOCUMENTEN<\/span><\/strong><\/td>\n<\/tr>\n<tr>\n<td style=\"background-color: #ffffff; text-align: left; width: 100%;\" colspan=\"4\"><span style=\"color: #000000; font-size: 10pt;\"><strong><br \/>\nSE\/SSA<\/strong> = Sverige \/ Stockholm Stadsarkivet; <strong>0016<\/strong> = Stor eller Nikolai kyrkoarkiv<\/span><\/td>\n<\/tr>\n<tr>\n<td style=\"background-color: #ffffff; text-align: left; width: 25%;\"><span style=\"color: #000000; font-size: 10pt;\">SE\/SSA\/0016, C Ia 1\/6 F\u00f6delse och D\u00f6pbocker 1705-1717,\u00a0fol 132<\/span><\/td>\n<td style=\"background-color: #ffffff; text-align: left; width: 50%;\" colspan=\"2\"><span style=\"color: #0000ff; font-size: 10pt;\"><a style=\"color: #0000ff;\" href=\"https:\/\/sok.riksarkivet.se\/bildvisning\/C0056413_00132#?c=&amp;m=&amp;s=&amp;cv=131&amp;xywh=-80%2C1034%2C4212%2C2755\">d\u00f6pta af H.r Mag: Olaus Naucclerus ??? H\u00f6gW.<sup>born<\/sup> General Majoren Joh: August Meijerfeldt och W.<sup>born<\/sup> Frau Anna Marija T\u00f6rnflycht lilla dotter<br \/>\nF\u00e4ddrare woro H: Excell: Grefve Horn, W.<sup>born<\/sup> H: \u00d6fverste Meijerfeldt, etc. etc. etc.\u00a0<\/a><br \/>\n<\/span><\/td>\n<td style=\"background-color: #ffffff; text-align: left; width: 25%;\"><span style=\"color: #000000; font-size: 10pt;\">16-07-1710<\/span><\/td>\n<\/tr>\n<tr>\n<td style=\"background-color: #ffffff; text-align: left; width: 25%;\"><span style=\"color: #000000;\"><span style=\"color: #000000; font-size: 10pt;\">SE\/SSA\/0016, Bok 36, Register d\u00f6da,\u00a0fol 414-416v<\/span><\/span><\/td>\n<td style=\"background-color: #ffffff; text-align: left; width: 25%;\" colspan=\"2\"><span style=\"color: #000000;\"><span style=\"color: #000000; font-size: 10pt;\"><a href=\"https:\/\/sok.stadsarkivet.stockholm.se\/bildarkiv\/egenproducerat\/kyrkobok\/K183O0181-0200.pdf\">O<span style=\"color: #0000ff;\">verlijden<br \/>\nOpbaring samen met haar moeder<\/span><\/a><br \/>\n<\/span><\/span><\/td>\n<td style=\"background-color: #ffffff; text-align: left; width: 25%;\"><span style=\"color: #000000; font-size: 10pt;\">24-07-1710<br \/>\n26-07-1710<\/span><\/td>\n<\/tr>\n<\/tbody>\n<\/table>\n","protected":false},"excerpt":{"rendered":"<p>PERSOONDOSSIER \u2190 Stamboom\u00a0 \u00a0***\u00a0 \u2193 Genealogie\u00a0 \u00a0***\u00a0 \u2193 Documenten FAMILIETAK \u00a0 OUDERS ZZ.31 Carolina von Meijerfeldt \u00a0 GENEALOGIE ZZ.31. Carolina barones von Meijerfeldt, * 1710, \u2248 Nikolai Stor Stockholm of S\u00f6vestad, Sk\u00e5ne 16-07-1710, getuigen Wolmar Johann Meijerfeldt, Arvid Horn, T\u00f6rnflycht, Ingrid Piper en Blixenstierna, \u2020 Stockholm 24-07-1710,\u00a0 opgebaard Nikolai Stor 26-07-1710, \u2261 Jakob 28-07-1710. DOCUMENTEN &hellip; <a href=\"https:\/\/meijenfeldt.nl\/?page_id=41424\" class=\"more-link\">Verder lezen <span class=\"screen-reader-text\">ZZ.31. Carolina<\/span><\/a><\/p>\n","protected":false},"author":1,"featured_media":0,"parent":0,"menu_order":0,"comment_status":"closed","ping_status":"closed","template":"","meta":{"footnotes":""},"class_list":["post-41424","page","type-page","status-publish","hentry"],"_links":{"self":[{"href":"https:\/\/meijenfeldt.nl\/index.php?rest_route=\/wp\/v2\/pages\/41424","targetHints":{"allow":["GET"]}}],"collection":[{"href":"https:\/\/meijenfeldt.nl\/index.php?rest_route=\/wp\/v2\/pages"}],"about":[{"href":"https:\/\/meijenfeldt.nl\/index.php?rest_route=\/wp\/v2\/types\/page"}],"author":[{"embeddable":true,"href":"https:\/\/meijenfeldt.nl\/index.php?rest_route=\/wp\/v2\/users\/1"}],"replies":[{"embeddable":true,"href":"https:\/\/meijenfeldt.nl\/index.php?rest_route=%2Fwp%2Fv2%2Fcomments&post=41424"}],"version-history":[{"count":10,"href":"https:\/\/meijenfeldt.nl\/index.php?rest_route=\/wp\/v2\/pages\/41424\/revisions"}],"predecessor-version":[{"id":63681,"href":"https:\/\/meijenfeldt.nl\/index.php?rest_route=\/wp\/v2\/pages\/41424\/revisions\/63681"}],"wp:attachment":[{"href":"https:\/\/meijenfeldt.nl\/index.php?rest_route=%2Fwp%2Fv2%2Fmedia&parent=41424"}],"curies":[{"name":"wp","href":"https:\/\/api.w.org\/{rel}","templated":true}]}}