{"id":41218,"date":"2022-01-03T14:31:24","date_gmt":"2022-01-03T14:31:24","guid":{"rendered":"https:\/\/meijenfeldt.nl\/?page_id=41218"},"modified":"2023-09-04T12:27:14","modified_gmt":"2023-09-04T12:27:14","slug":"z-johan","status":"publish","type":"page","link":"https:\/\/meijenfeldt.nl\/?page_id=41218","title":{"rendered":"Z. Johann"},"content":{"rendered":"<table style=\"border-collapse: collapse; width: 100%; height: 546px;\">\n<tbody>\n<tr>\n<td style=\"background-color: #ffffff; text-align: center; width: 100%;\" colspan=\"4\"><span style=\"color: #000000; font-size: 14pt;\"><strong>PERSOONSDOSSIER<\/strong><\/span><\/td>\n<\/tr>\n<tr style=\"height: 28px;\">\n<td style=\"background-color: #ffffff; text-align: center; height: 28px; width: 100%;\" colspan=\"4\"><span style=\"color: #0000ff; font-size: 10pt;\"><a style=\"color: #0000ff;\" href=\"https:\/\/meijenfeldt.nl\/?page_id=654\">\u2190\u00a0Stamboom<\/a>\u00a0 \u00a0<span style=\"color: #000000;\">***<\/span>\u00a0 \u00a0<a style=\"color: #0000ff;\" href=\"#genealogie\">\u2193\u00a0Genealogie<\/a>\u00a0 \u00a0<span style=\"color: #000000;\">***<\/span>\u00a0 \u00a0<a style=\"color: #0000ff;\" href=\"#documenten\">\u2193 Documenten &amp; Literatuur<\/a><\/span><\/td>\n<\/tr>\n<tr style=\"height: 28px;\">\n<td style=\"width: 100%; background-color: #ffffff; text-align: center; height: 28px;\" colspan=\"4\"><\/td>\n<\/tr>\n<tr style=\"height: 28px;\">\n<td style=\"background-color: #d5e8eb; text-align: center; height: 10px; width: 100%;\" colspan=\"4\"><span style=\"color: #000000;\"><strong>FAMILIETAK<\/strong><\/span><\/td>\n<\/tr>\n<tr style=\"height: 28px;\">\n<td style=\"width: 100%; height: 28px;\" colspan=\"4\"><\/td>\n<\/tr>\n<tr style=\"height: 10px;\">\n<td style=\"height: 10px; width: 25%;\"><\/td>\n<td style=\"width: 25%; height: 10px; background-color: #baafaf; text-align: center;\"><span style=\"color: #008000; font-size: 8pt;\"><a style=\"color: #008000;\" href=\"https:\/\/meijenfeldt.nl\/?page_id=24616\"><strong><span style=\"color: #0000ff;\">HERKOMST<\/span><\/strong><\/a><\/span><\/td>\n<td style=\"width: 25%; height: 10px;\"><\/td>\n<td style=\"width: 25%; height: 10px;\"><\/td>\n<\/tr>\n<tr style=\"height: 28px;\">\n<td style=\"width: 25%; height: 28px;\"><\/td>\n<td style=\"width: 25%; background-color: #baafaf; text-align: center; height: 28px;\"><span style=\"font-size: 8pt;\"><strong><span style=\"color: #000000;\">Z<\/span><\/strong><\/span><\/td>\n<td style=\"width: 25%; height: 28px; background-color: #ffffff;\"><\/td>\n<td style=\"width: 25%; height: 28px;\"><\/td>\n<\/tr>\n<tr style=\"height: 56px;\">\n<td style=\"width: 25%; height: 56px;\"><img loading=\"lazy\" decoding=\"async\" class=\"alignnone size-medium wp-image-50773\" src=\"https:\/\/meijenfeldt.nl\/wp-content\/uploads\/2022\/10\/1480-Sikkel-239x300.jpg\" alt=\"\" width=\"239\" height=\"300\" srcset=\"https:\/\/meijenfeldt.nl\/wp-content\/uploads\/2022\/10\/1480-Sikkel-239x300.jpg 239w, https:\/\/meijenfeldt.nl\/wp-content\/uploads\/2022\/10\/1480-Sikkel-816x1024.jpg 816w, https:\/\/meijenfeldt.nl\/wp-content\/uploads\/2022\/10\/1480-Sikkel-768x964.jpg 768w, https:\/\/meijenfeldt.nl\/wp-content\/uploads\/2022\/10\/1480-Sikkel-1223x1536.jpg 1223w, https:\/\/meijenfeldt.nl\/wp-content\/uploads\/2022\/10\/1480-Sikkel.jpg 1472w\" sizes=\"auto, (max-width: 239px) 100vw, 239px\" \/><\/td>\n<td style=\"width: 25%; background-color: #e8fac5; height: 56px; text-align: center;\"><span style=\"font-size: 8pt;\"><a href=\"https:\/\/meijenfeldt.nl\/?page_id=93\"><span style=\"color: #008000;\"><strong><span style=\"color: #0000ff;\">JOHANN<\/span><\/strong><\/span><\/a><\/span><br \/>\n<span style=\"color: #0000ff; font-size: 8pt;\"><a style=\"color: #0000ff;\" href=\"https:\/\/meijenfeldt.nl\/?page_id=93\"><strong>MEIJER<\/strong><\/a><\/span><\/td>\n<td style=\"width: 25%; height: 56px; background-color: #e8fac5; text-align: center;\"><span style=\"font-size: 8pt; color: #000000;\"><em>\u221e Gertrud<br \/>\nvon Farensbach<\/em><\/span><\/td>\n<td style=\"width: 25%; height: 56px;\"><img loading=\"lazy\" decoding=\"async\" class=\"alignnone wp-image-1280\" src=\"https:\/\/meijenfeldt.nl\/wp-content\/uploads\/2016\/11\/IMG_0436.jpg\" alt=\"\" width=\"127\" height=\"173\" \/><\/td>\n<\/tr>\n<tr style=\"height: 28px;\">\n<td style=\"width: 25%; height: 28px; text-align: center;\"><span style=\"color: #0000ff;\"><a style=\"color: #0000ff;\" href=\"https:\/\/meijenfeldt.nl\/?page_id=50819\"><span style=\"font-size: 8pt;\">Herre Bref<\/span><\/a><\/span><\/td>\n<td style=\"background-color: #baafaf; text-align: center; height: 28px; width: 50%;\" colspan=\"2\"><span style=\"font-size: 8pt;\"><span style=\"color: #000000;\"><strong>KINDEREN<\/strong><\/span><span style=\"color: #000000;\"><strong><br \/>\n<\/strong><\/span><\/span><\/td>\n<td style=\"width: 25%; height: 28px;\"><\/td>\n<\/tr>\n<tr style=\"height: 28px;\">\n<td style=\"width: 25%; text-align: center; height: 28px; background-color: #ffffff;\"><\/td>\n<td style=\"width: 50%; background-color: #baafaf; text-align: center; height: 28px;\" colspan=\"2\"><span style=\"color: #000000; font-size: 8pt;\"><strong>Z.1<\/strong><\/span><\/td>\n<td style=\"width: 25%; text-align: center; height: 28px; background-color: #ffffff;\"><\/td>\n<\/tr>\n<tr style=\"height: 56px;\">\n<td style=\"width: 25%; text-align: center; height: 56px; background-color: #ffffff;\"><\/td>\n<td style=\"width: 50%; background-color: #e8fac5; text-align: center; height: 56px;\" colspan=\"2\"><span style=\"color: #008000; font-size: 8pt;\"><a style=\"color: #008000;\" href=\"https:\/\/meijenfeldt.nl\/?page_id=41211\"><strong><span style=\"color: #0000ff;\">Wolmar<\/span><\/strong><span style=\"color: #0000ff;\"><strong><br \/>\nMeijer<\/strong><\/span><\/a><\/span><\/td>\n<td style=\"width: 25%; text-align: center; height: 56px; background-color: #ffffff;\"><\/td>\n<\/tr>\n<tr style=\"height: 28px;\">\n<td style=\"width: 25%; height: 28px;\"><\/td>\n<td style=\"background-color: #baafaf; text-align: center; height: 28px; width: 50%;\" colspan=\"2\"><span style=\"color: #000000; font-size: 8pt;\"><strong>Z.11<\/strong><\/span><\/td>\n<td style=\"width: 25%; height: 28px;\"><\/td>\n<\/tr>\n<tr style=\"height: 10px;\">\n<td style=\"width: 100%; height: 10px;\" colspan=\"4\"><span style=\"color: #000000;\"><strong><span style=\"font-size: 6pt;\">\u00a0<\/span><\/strong><\/span><\/td>\n<\/tr>\n<tr style=\"height: 28px;\">\n<td style=\"background-color: #d5e8eb; text-align: center; height: 28px; width: 100%;\" colspan=\"4\"><span style=\"color: #000000;\"><strong>GENEALOGIE<a id=\"genealogie\"><\/a><\/strong><\/span><\/td>\n<\/tr>\n<tr style=\"height: 56px;\">\n<td style=\"width: 100%; background-color: #ffffff; text-align: left; height: 56px;\" colspan=\"4\"><span style=\"color: #000000;\"><br \/>\nZ. <strong>Johan<span style=\"text-align: start;\">\u00a0<\/span><\/strong><strong style=\"text-align: start;\">Meijer<\/strong><span style=\"text-align: start;\">, heer van <span style=\"color: #0000ff;\"><a style=\"color: #0000ff;\" href=\"https:\/\/meijenfeldt.nl\/?page_id=99\">Bubus<\/a><\/span>, kasteelheer Riga, leeft 1480 en 1510, \u221e\u00a0<em>Gertrud von Farensbach,<\/em>\u00a0<\/span><span style=\"text-align: start;\">zoon <span style=\"color: #0000ff;\"><a style=\"color: #0000ff;\" href=\"https:\/\/meijenfeldt.nl\/?page_id=41211\">Wolmar<\/a><\/span>.<br \/>\n<\/span><strong><br \/>\n<\/strong><\/span><\/td>\n<\/tr>\n<tr style=\"height: 28px;\">\n<td style=\"background-color: #d5e8eb; text-align: center; height: 28px; width: 100%;\" colspan=\"4\"><strong><span style=\"color: #000000;\">DOCUMENTEN &amp; LITERATUUR<a id=\"documenten\"><\/a><\/span><\/strong><\/td>\n<\/tr>\n<tr style=\"height: 168px;\">\n<td style=\"background-color: #ffffff; text-align: left; height: 96px; width: 100%;\" colspan=\"4\"><span style=\"color: #008000;\"><span style=\"color: #000000;\"><br \/>\nA.A. von <strong>Stiernman<\/strong>, Uppsala Universit\u00e4tsbibliotek, H<span style=\"text-align: left;\">andskriften,\u00a0<\/span><span style=\"text-align: left;\">\u201cSvecia Illustris, Sl\u00e4gttaflor \u00f6fver de p\u00e5 Svenska Riddarhuset until \u00e5r \u2026. introducerade \u00e4tter i alfabetisk ordning\u201d,\u00a0<\/span><span style=\"text-align: left;\">\u00a0<\/span><\/span><span style=\"color: #333333; text-align: left;\"><span style=\"color: #000000;\">X. Svensk genealogi och biografi, deel 18 (letters M-O), <\/span><\/span><span style=\"text-align: left;\"><span style=\"color: #0000ff;\"><a style=\"color: #0000ff;\" href=\"https:\/\/meijenfeldt.nl\/wp-content\/uploads\/2018\/11\/Stiernman-UUB.pdf\">Mejerfelt<\/a>.<\/span><\/span><br \/>\n<\/span><span style=\"color: #000000;\">G.\u00a0<strong>Anrep<\/strong>, \u201cSvenska Adels \u00c4tters-taflor\u201d, Stockholm 1861,\u00a0<span style=\"color: #0000ff;\"><a style=\"color: #0000ff;\" href=\"http:\/\/runeberg.org\/anrep\/2\/0894.html\">pag. 888-889<\/a><\/span>.<\/span><\/td>\n<\/tr>\n<\/tbody>\n<\/table>\n","protected":false},"excerpt":{"rendered":"<p>PERSOONSDOSSIER \u2190\u00a0Stamboom\u00a0 \u00a0***\u00a0 \u00a0\u2193\u00a0Genealogie\u00a0 \u00a0***\u00a0 \u00a0\u2193 Documenten &amp; Literatuur FAMILIETAK HERKOMST Z JOHANN MEIJER \u221e Gertrud von Farensbach Herre Bref KINDEREN Z.1 Wolmar Meijer Z.11 \u00a0 GENEALOGIE Z. Johan\u00a0Meijer, heer van Bubus, kasteelheer Riga, leeft 1480 en 1510, \u221e\u00a0Gertrud von Farensbach,\u00a0zoon Wolmar. DOCUMENTEN &amp; LITERATUUR A.A. von Stiernman, Uppsala Universit\u00e4tsbibliotek, Handskriften,\u00a0\u201cSvecia Illustris, Sl\u00e4gttaflor \u00f6fver de &hellip; <a href=\"https:\/\/meijenfeldt.nl\/?page_id=41218\" class=\"more-link\">Verder lezen <span class=\"screen-reader-text\">Z. Johann<\/span><\/a><\/p>\n","protected":false},"author":1,"featured_media":0,"parent":0,"menu_order":0,"comment_status":"closed","ping_status":"closed","template":"","meta":{"footnotes":""},"class_list":["post-41218","page","type-page","status-publish","hentry"],"_links":{"self":[{"href":"https:\/\/meijenfeldt.nl\/index.php?rest_route=\/wp\/v2\/pages\/41218","targetHints":{"allow":["GET"]}}],"collection":[{"href":"https:\/\/meijenfeldt.nl\/index.php?rest_route=\/wp\/v2\/pages"}],"about":[{"href":"https:\/\/meijenfeldt.nl\/index.php?rest_route=\/wp\/v2\/types\/page"}],"author":[{"embeddable":true,"href":"https:\/\/meijenfeldt.nl\/index.php?rest_route=\/wp\/v2\/users\/1"}],"replies":[{"embeddable":true,"href":"https:\/\/meijenfeldt.nl\/index.php?rest_route=%2Fwp%2Fv2%2Fcomments&post=41218"}],"version-history":[{"count":32,"href":"https:\/\/meijenfeldt.nl\/index.php?rest_route=\/wp\/v2\/pages\/41218\/revisions"}],"predecessor-version":[{"id":59229,"href":"https:\/\/meijenfeldt.nl\/index.php?rest_route=\/wp\/v2\/pages\/41218\/revisions\/59229"}],"wp:attachment":[{"href":"https:\/\/meijenfeldt.nl\/index.php?rest_route=%2Fwp%2Fv2%2Fmedia&parent=41218"}],"curies":[{"name":"wp","href":"https:\/\/api.w.org\/{rel}","templated":true}]}}