{"id":41211,"date":"2022-01-03T14:16:26","date_gmt":"2022-01-03T14:16:26","guid":{"rendered":"https:\/\/meijenfeldt.nl\/?page_id=41211"},"modified":"2023-04-12T15:57:24","modified_gmt":"2023-04-12T15:57:24","slug":"z-1-wolmar","status":"publish","type":"page","link":"https:\/\/meijenfeldt.nl\/?page_id=41211","title":{"rendered":"Z.1. Wolmar"},"content":{"rendered":"<table style=\"border-collapse: collapse; width: 100%; height: 604px;\">\n<tbody>\n<tr>\n<td style=\"background-color: #ffffff; text-align: center; width: 100%;\" colspan=\"4\"><span style=\"font-size: 14pt;\"><strong><span style=\"color: #000000;\">PERSOONSDOSSIER<\/span><\/strong><\/span><\/td>\n<\/tr>\n<tr style=\"height: 28px;\">\n<td style=\"background-color: #ffffff; text-align: center; height: 28px;\" colspan=\"4\"><span style=\"color: #008000; font-size: 10pt;\"><span style=\"color: #0000ff;\"><a style=\"color: #0000ff;\" href=\"https:\/\/meijenfeldt.nl\/?page_id=654\">\u2190 Stamboom<\/a><\/span>\u00a0 <span style=\"color: #000000;\">\u00a0***\u00a0 \u00a0<span style=\"color: #0000ff;\"><a style=\"color: #0000ff;\" href=\"#Genealogie\">\u2193 Genealogie<\/a>\u00a0 \u00a0***\u00a0 <a style=\"color: #0000ff;\" href=\"#Documenten\">\u2193 Documenten &amp; Literatuur<\/a><\/span><\/span><\/span><\/td>\n<\/tr>\n<tr style=\"height: 28px;\">\n<td style=\"width: 100%; background-color: #ffffff; text-align: center; height: 28px;\" colspan=\"4\"><\/td>\n<\/tr>\n<tr style=\"height: 28px;\">\n<td style=\"background-color: #d5e8eb; text-align: center; height: 10px; width: 100%;\" colspan=\"4\"><span style=\"color: #008000;\"><strong><span style=\"color: #000000;\">FAMILIETAK<\/span><\/strong><\/span><\/td>\n<\/tr>\n<tr style=\"height: 28px;\">\n<td style=\"width: 100%; height: 28px;\" colspan=\"4\"><\/td>\n<\/tr>\n<tr style=\"height: 10px;\">\n<td style=\"height: 10px; width: 25%;\"><\/td>\n<td style=\"width: 25%; height: 10px; background-color: #baafaf; text-align: center;\"><span style=\"color: #0000ff; font-size: 8pt;\"><a style=\"color: #0000ff;\" href=\"https:\/\/meijenfeldt.nl\/?page_id=41218\"><strong>OUDERS<\/strong><\/a><\/span><\/td>\n<td style=\"width: 25%; height: 10px;\"><\/td>\n<td style=\"width: 25%; height: 10px;\"><\/td>\n<\/tr>\n<tr style=\"height: 28px;\">\n<td style=\"width: 25%; height: 28px;\"><\/td>\n<td style=\"width: 25%; background-color: #baafaf; text-align: center; height: 28px;\"><span style=\"font-size: 8pt;\"><strong><span style=\"color: #000000;\">Z.1<\/span><\/strong><\/span><\/td>\n<td style=\"width: 25%; height: 28px; background-color: #ffffff;\"><\/td>\n<td style=\"width: 25%; height: 28px;\"><\/td>\n<\/tr>\n<tr style=\"height: 56px;\">\n<td style=\"width: 25%; height: 56px;\"><img loading=\"lazy\" decoding=\"async\" class=\"alignnone size-medium wp-image-50773\" src=\"https:\/\/meijenfeldt.nl\/wp-content\/uploads\/2022\/10\/1480-Sikkel-239x300.jpg\" alt=\"\" width=\"239\" height=\"300\" srcset=\"https:\/\/meijenfeldt.nl\/wp-content\/uploads\/2022\/10\/1480-Sikkel-239x300.jpg 239w, https:\/\/meijenfeldt.nl\/wp-content\/uploads\/2022\/10\/1480-Sikkel-816x1024.jpg 816w, https:\/\/meijenfeldt.nl\/wp-content\/uploads\/2022\/10\/1480-Sikkel-768x964.jpg 768w, https:\/\/meijenfeldt.nl\/wp-content\/uploads\/2022\/10\/1480-Sikkel-1223x1536.jpg 1223w, https:\/\/meijenfeldt.nl\/wp-content\/uploads\/2022\/10\/1480-Sikkel.jpg 1472w\" sizes=\"auto, (max-width: 239px) 100vw, 239px\" \/><\/td>\n<td style=\"width: 25%; background-color: #e8fac5; height: 56px; text-align: center;\"><span style=\"color: #0000ff;\"><a style=\"color: #0000ff;\" href=\"https:\/\/meijenfeldt.nl\/?page_id=5142\"><span style=\"font-size: 8pt;\"><strong>WOLMAR<\/strong><\/span><\/a><\/span><br \/>\n<span style=\"color: #0000ff;\"><a style=\"color: #0000ff;\" href=\"https:\/\/meijenfeldt.nl\/?page_id=5142\"><span style=\"font-size: 8pt;\"><strong>MEIJER<\/strong><\/span><\/a><\/span><\/td>\n<td style=\"width: 25%; height: 56px; background-color: #e8fac5; text-align: center;\"><span style=\"font-size: 8pt; color: #000000;\">\u221e <span style=\"color: #000000;\"><em>Agnes<br \/>\nvon Tiesenhausen<\/em><\/span><\/span><\/td>\n<td style=\"width: 25%; height: 56px;\"><img loading=\"lazy\" decoding=\"async\" class=\"alignnone size-full wp-image-1282\" src=\"https:\/\/meijenfeldt.nl\/wp-content\/uploads\/2016\/11\/IMG_0437.jpg\" alt=\"\" width=\"220\" height=\"261\" \/><\/td>\n<\/tr>\n<tr style=\"height: 28px;\">\n<td style=\"width: 25%; height: 28px; text-align: center;\"><span style=\"color: #0000ff;\"><a style=\"color: #0000ff;\" href=\"https:\/\/meijenfeldt.nl\/?page_id=50819\"><span style=\"font-size: 8pt;\">Herre Bref<\/span><\/a><\/span><\/td>\n<td style=\"background-color: #baafaf; text-align: center; height: 28px; width: 50%;\" colspan=\"2\"><span style=\"font-size: 8pt;\"><span style=\"color: #000000;\"><strong>KINDEREN<\/strong><\/span><span style=\"color: #000000;\"><strong><br \/>\n<\/strong><\/span><\/span><\/td>\n<td style=\"width: 25%; height: 28px;\"><\/td>\n<\/tr>\n<tr style=\"height: 28px;\">\n<td style=\"width: 25%; text-align: center; height: 28px; background-color: #ffffff;\"><\/td>\n<td style=\"width: 50%; background-color: #baafaf; text-align: center; height: 28px;\" colspan=\"2\"><span style=\"color: #000000; font-size: 8pt;\"><strong>Z.11<\/strong><\/span><\/td>\n<td style=\"width: 25%; text-align: center; height: 28px; background-color: #ffffff;\"><\/td>\n<\/tr>\n<tr style=\"height: 56px;\">\n<td style=\"width: 25%; text-align: center; height: 56px; background-color: #ffffff;\"><\/td>\n<td style=\"width: 50%; background-color: #e8fac5; text-align: center; height: 56px;\" colspan=\"2\"><span style=\"font-size: 8pt; color: #0000ff;\"><a style=\"color: #0000ff;\" href=\"https:\/\/meijenfeldt.nl\/?page_id=41205\"><strong>Heinrich<\/strong><strong><br \/>\nMeijer<\/strong><\/a><\/span><\/td>\n<td style=\"width: 25%; text-align: center; height: 56px; background-color: #ffffff;\"><\/td>\n<\/tr>\n<tr style=\"height: 28px;\">\n<td style=\"width: 25%; height: 28px;\"><\/td>\n<td style=\"background-color: #baafaf; text-align: center; height: 28px; width: 50%;\" colspan=\"2\"><span style=\"color: #000000; font-size: 8pt;\"><strong>Z.111<a id=\"Genealogie\"><\/a><\/strong><\/span><\/td>\n<td style=\"width: 25%; height: 28px;\"><\/td>\n<\/tr>\n<tr style=\"height: 10px;\">\n<td style=\"width: 100%; height: 10px;\" colspan=\"4\"><\/td>\n<\/tr>\n<tr style=\"height: 28px;\">\n<td style=\"background-color: #d5e8eb; text-align: center; height: 28px; width: 100%;\" colspan=\"4\"><span style=\"color: #000000;\"><strong>GENEALOGIE<\/strong><\/span><\/td>\n<\/tr>\n<tr style=\"height: 114px;\">\n<td style=\"background-color: #ffffff; text-align: left; width: 100%; height: 114px;\" colspan=\"4\"><span style=\"color: #000000;\"><br \/>\nZ.1.\u00a0<span style=\"color: #0000ff;\"><a style=\"color: #0000ff;\" href=\"https:\/\/meijenfeldt.nl\/?page_id=5142\"><strong style=\"text-align: start;\">Wolmar<\/strong><span style=\"text-align: start;\">\u00a0<\/span><strong style=\"text-align: start;\">Meijer<\/strong><\/a><\/span><span style=\"text-align: start;\">, stadhouder over Wenden (<\/span><i style=\"text-align: start;\">C\u0113sis<\/i><span style=\"text-align: start;\">) 1520-1532, \u221e\u00a0<\/span><em style=\"text-align: start;\">Agnes von Tiesenhausen\u00a0<\/em><span style=\"text-align: start;\">van Odense (<\/span><em style=\"text-align: start;\">Odziena<\/em><span style=\"text-align: start;\">), zoon Z.11<span style=\"font-size: 12pt; color: #0000ff;\">.<span style=\"font-size: 14pt;\"> <a style=\"color: #0000ff;\" href=\"https:\/\/meijenfeldt.nl\/?page_id=41205\">Heinrich<\/a>.<a id=\"Documenten\"><\/a><br \/>\n<\/span><\/span><\/span><strong><br \/>\n<\/strong><\/span><\/td>\n<\/tr>\n<tr style=\"height: 28px;\">\n<td style=\"background-color: #d5e8eb; text-align: center; height: 28px; width: 100%;\" colspan=\"4\"><strong><span style=\"color: #000000;\">DOCUMENTEN &amp; LITERATUUR<\/span><\/strong><\/td>\n<\/tr>\n<tr style=\"height: 168px;\">\n<td style=\"background-color: #ffffff; text-align: left; height: 96px; width: 100%;\" colspan=\"4\"><span style=\"color: #008000;\"><span style=\"color: #000000;\"><br \/>\nA.A. von <strong>Stiernman<\/strong>, Uppsala Universit\u00e4tsbibliotek, H<span style=\"text-align: left;\">andskriften,\u00a0<\/span><span style=\"text-align: left;\">\u201cSvecia Illustris, Sl\u00e4gttaflor \u00f6fver de p\u00e5 Svenska Riddarhuset until \u00e5r \u2026. introducerade \u00e4tter i alfabetisk ordning\u201d,\u00a0<\/span><span style=\"text-align: left;\">\u00a0<\/span><\/span><span style=\"color: #333333; text-align: left;\"><span style=\"color: #000000;\">X. Svensk genealogi och biografi, deel 18 (letters M-O), <\/span><\/span><span style=\"text-align: left;\"><span style=\"color: #0000ff;\"><a style=\"color: #0000ff;\" href=\"https:\/\/meijenfeldt.nl\/wp-content\/uploads\/2018\/11\/Stiernman-UUB.pdf\">Mejerfelt<\/a>.<\/span><\/span><br \/>\n<\/span><span style=\"color: #000000;\">G.\u00a0<strong>Anrep<\/strong>, \u201cSvenska Adels \u00c4tters-taflor\u201d, Stockholm 1861,\u00a0<span style=\"color: #0000ff;\"><a style=\"color: #0000ff;\" href=\"http:\/\/runeberg.org\/anrep\/2\/0894.html\">pag. 888-889<\/a><\/span>.<\/span><\/td>\n<\/tr>\n<\/tbody>\n<\/table>\n","protected":false},"excerpt":{"rendered":"<p>PERSOONSDOSSIER \u2190 Stamboom\u00a0 \u00a0***\u00a0 \u00a0\u2193 Genealogie\u00a0 \u00a0***\u00a0 \u2193 Documenten &amp; Literatuur FAMILIETAK OUDERS Z.1 WOLMAR MEIJER \u221e Agnes von Tiesenhausen Herre Bref KINDEREN Z.11 Heinrich Meijer Z.111 GENEALOGIE Z.1.\u00a0Wolmar\u00a0Meijer, stadhouder over Wenden (C\u0113sis) 1520-1532, \u221e\u00a0Agnes von Tiesenhausen\u00a0van Odense (Odziena), zoon Z.11. Heinrich. DOCUMENTEN &amp; LITERATUUR A.A. von Stiernman, Uppsala Universit\u00e4tsbibliotek, Handskriften,\u00a0\u201cSvecia Illustris, Sl\u00e4gttaflor \u00f6fver de &hellip; <a href=\"https:\/\/meijenfeldt.nl\/?page_id=41211\" class=\"more-link\">Verder lezen <span class=\"screen-reader-text\">Z.1. Wolmar<\/span><\/a><\/p>\n","protected":false},"author":1,"featured_media":0,"parent":0,"menu_order":0,"comment_status":"closed","ping_status":"closed","template":"","meta":{"footnotes":""},"class_list":["post-41211","page","type-page","status-publish","hentry"],"_links":{"self":[{"href":"https:\/\/meijenfeldt.nl\/index.php?rest_route=\/wp\/v2\/pages\/41211","targetHints":{"allow":["GET"]}}],"collection":[{"href":"https:\/\/meijenfeldt.nl\/index.php?rest_route=\/wp\/v2\/pages"}],"about":[{"href":"https:\/\/meijenfeldt.nl\/index.php?rest_route=\/wp\/v2\/types\/page"}],"author":[{"embeddable":true,"href":"https:\/\/meijenfeldt.nl\/index.php?rest_route=\/wp\/v2\/users\/1"}],"replies":[{"embeddable":true,"href":"https:\/\/meijenfeldt.nl\/index.php?rest_route=%2Fwp%2Fv2%2Fcomments&post=41211"}],"version-history":[{"count":19,"href":"https:\/\/meijenfeldt.nl\/index.php?rest_route=\/wp\/v2\/pages\/41211\/revisions"}],"predecessor-version":[{"id":55525,"href":"https:\/\/meijenfeldt.nl\/index.php?rest_route=\/wp\/v2\/pages\/41211\/revisions\/55525"}],"wp:attachment":[{"href":"https:\/\/meijenfeldt.nl\/index.php?rest_route=%2Fwp%2Fv2%2Fmedia&parent=41211"}],"curies":[{"name":"wp","href":"https:\/\/api.w.org\/{rel}","templated":true}]}}