{"id":41205,"date":"2022-01-03T14:08:27","date_gmt":"2022-01-03T14:08:27","guid":{"rendered":"https:\/\/meijenfeldt.nl\/?page_id=41205"},"modified":"2023-04-13T09:31:21","modified_gmt":"2023-04-13T09:31:21","slug":"z-11-hinrik","status":"publish","type":"page","link":"https:\/\/meijenfeldt.nl\/?page_id=41205","title":{"rendered":"Z.11. Heinrich"},"content":{"rendered":"<table style=\"border-collapse: collapse; width: 100%; height: 320px;\">\n<tbody>\n<tr>\n<td style=\"width: 100%; background-color: #ffffff; text-align: center;\" colspan=\"4\"><span style=\"font-size: 14pt;\"><strong><span style=\"color: #000000;\">PERSOONSDOSSIER<\/span><\/strong><\/span><\/td>\n<\/tr>\n<tr>\n<td style=\"background-color: #ffffff; text-align: center;\" colspan=\"4\"><span style=\"color: #000000; font-size: 10pt;\"><span style=\"color: #0000ff;\"><a style=\"color: #0000ff;\" href=\"https:\/\/meijenfeldt.nl\/?page_id=654\">\u2190 Stamboom<\/a><\/span>\u00a0 \u00a0***\u00a0 \u00a0<span style=\"color: #0000ff;\"><a style=\"color: #0000ff;\" href=\"#Genealogie\">\u2193 Genealogie<\/a><span style=\"color: #008000; font-size: 10pt;\"><span style=\"color: #000000;\"> \u00a0***\u00a0 <a style=\"color: #0000ff;\" href=\"#Documenten\">\u2193 Documenten &amp; Literatuur<\/a><\/span><\/span><\/span><\/span><\/td>\n<\/tr>\n<tr style=\"height: 28px;\">\n<td style=\"background-color: #d5e8eb; text-align: center; height: 10px; width: 100%;\" colspan=\"4\"><span style=\"color: #000000;\"><strong>FAMILIETAK<\/strong><\/span><\/td>\n<\/tr>\n<tr style=\"height: 28px;\">\n<td style=\"width: 100%; height: 28px;\" colspan=\"4\"><\/td>\n<\/tr>\n<tr style=\"height: 10px;\">\n<td style=\"height: 10px; width: 25%;\"><\/td>\n<td style=\"width: 25%; height: 10px; background-color: #baafaf; text-align: center;\"><span style=\"color: #0000ff; font-size: 8pt;\"><a style=\"color: #0000ff;\" href=\"https:\/\/meijenfeldt.nl\/?page_id=41211\">OUDERS<\/a><\/span><\/td>\n<td style=\"width: 25%; height: 10px;\"><\/td>\n<td style=\"width: 25%; height: 10px;\"><\/td>\n<\/tr>\n<tr style=\"height: 28px;\">\n<td style=\"width: 25%; height: 28px;\"><\/td>\n<td style=\"width: 25%; background-color: #baafaf; text-align: center; height: 28px;\"><span style=\"font-size: 8pt;\"><strong><span style=\"color: #000000;\">Z.11<\/span><\/strong><\/span><\/td>\n<td style=\"width: 25%; height: 28px; background-color: #ffffff;\"><\/td>\n<td style=\"width: 25%; height: 28px;\"><\/td>\n<\/tr>\n<tr style=\"height: 56px;\">\n<td style=\"width: 25%; height: 56px;\"><img loading=\"lazy\" decoding=\"async\" class=\"alignnone size-medium wp-image-50773\" src=\"https:\/\/meijenfeldt.nl\/wp-content\/uploads\/2022\/10\/1480-Sikkel-239x300.jpg\" alt=\"\" width=\"239\" height=\"300\" srcset=\"https:\/\/meijenfeldt.nl\/wp-content\/uploads\/2022\/10\/1480-Sikkel-239x300.jpg 239w, https:\/\/meijenfeldt.nl\/wp-content\/uploads\/2022\/10\/1480-Sikkel-816x1024.jpg 816w, https:\/\/meijenfeldt.nl\/wp-content\/uploads\/2022\/10\/1480-Sikkel-768x964.jpg 768w, https:\/\/meijenfeldt.nl\/wp-content\/uploads\/2022\/10\/1480-Sikkel-1223x1536.jpg 1223w, https:\/\/meijenfeldt.nl\/wp-content\/uploads\/2022\/10\/1480-Sikkel.jpg 1472w\" sizes=\"auto, (max-width: 239px) 100vw, 239px\" \/><\/td>\n<td style=\"width: 25%; background-color: #e8fac5; height: 56px; text-align: center;\"><span style=\"color: #0000ff;\"><a style=\"color: #0000ff;\" href=\"https:\/\/meijenfeldt.nl\/?page_id=5128\"><span style=\"font-size: 8pt;\"><strong>HEINRICH<\/strong><\/span><\/a><\/span><br \/>\n<span style=\"color: #0000ff;\"><a style=\"color: #0000ff;\" href=\"https:\/\/meijenfeldt.nl\/?page_id=5128\"><span style=\"font-size: 8pt;\"><strong>MEIJER<\/strong><\/span><\/a><\/span><\/td>\n<td style=\"width: 25%; height: 56px; background-color: #e8fac5; text-align: center;\"><span style=\"font-size: 8pt; color: #000000;\">\u221e <i>Magdalena<br \/>\nvon Wrangel<\/i><\/span><\/td>\n<td style=\"width: 25%; height: 56px;\"><img loading=\"lazy\" decoding=\"async\" class=\"alignnone size-full wp-image-1257\" src=\"https:\/\/meijenfeldt.nl\/wp-content\/uploads\/2016\/11\/IMG_0423.jpg\" alt=\"\" width=\"209\" height=\"223\" \/><\/td>\n<\/tr>\n<tr style=\"height: 28px;\">\n<td style=\"width: 25%; height: 28px; text-align: center;\"><span style=\"color: #0000ff;\"><a style=\"color: #0000ff;\" href=\"https:\/\/meijenfeldt.nl\/?page_id=50819\"><span style=\"font-size: 8pt;\">Herre Bref<\/span><\/a><\/span><\/td>\n<td style=\"background-color: #baafaf; text-align: center; height: 28px; width: 50%;\" colspan=\"2\"><span style=\"font-size: 8pt;\"><span style=\"color: #000000;\"><strong>KINDEREN<\/strong><\/span><span style=\"color: #000000;\"><strong><br \/>\n<\/strong><\/span><\/span><\/td>\n<td style=\"width: 25%; height: 28px;\"><\/td>\n<\/tr>\n<tr style=\"height: 28px;\">\n<td style=\"width: 25%; text-align: center; height: 28px; background-color: #ffffff;\"><\/td>\n<td style=\"width: 50%; background-color: #baafaf; text-align: center; height: 28px;\" colspan=\"2\"><span style=\"color: #000000; font-size: 8pt;\"><strong>Z.111<\/strong><\/span><\/td>\n<td style=\"width: 25%; text-align: center; height: 28px; background-color: #ffffff;\"><\/td>\n<\/tr>\n<tr style=\"height: 56px;\">\n<td style=\"width: 25%; text-align: center; height: 56px; background-color: #ffffff;\"><\/td>\n<td style=\"width: 50%; background-color: #e8fac5; text-align: center; height: 56px;\" colspan=\"2\"><span style=\"color: #0000ff; font-size: 8pt;\"><a style=\"color: #0000ff;\" href=\"https:\/\/meijenfeldt.nl\/?page_id=41197\">Wolmar<br \/>\nMeijer<\/a><\/span><\/td>\n<td style=\"width: 25%; text-align: center; height: 56px; background-color: #ffffff;\"><\/td>\n<\/tr>\n<tr style=\"height: 28px;\">\n<td style=\"width: 25%; height: 28px;\"><\/td>\n<td style=\"background-color: #baafaf; text-align: center; height: 28px; width: 50%;\" colspan=\"2\"><span style=\"color: #000000; font-size: 8pt;\"><strong>Z.111<a id=\"Genealogie\"><\/a><\/strong><\/span><\/td>\n<td style=\"width: 25%; height: 28px;\"><\/td>\n<\/tr>\n<tr style=\"height: 10px;\">\n<td style=\"width: 100%; height: 10px;\" colspan=\"4\"><\/td>\n<\/tr>\n<tr style=\"height: 28px;\">\n<td style=\"width: 100%; background-color: #d5e8eb; text-align: center; height: 28px;\" colspan=\"4\"><span style=\"color: #000000;\"><strong>GENEALOGIE<\/strong><\/span><\/td>\n<\/tr>\n<tr style=\"height: 168px;\">\n<td style=\"height: 10px; width: 100%;\" colspan=\"4\"><span style=\"color: #000000;\"><span style=\"color: #000000;\"><br \/>\nZ.11. <a href=\"https:\/\/meijenfeldt.nl\/?page_id=5128\"><span style=\"color: #0000ff;\"><strong>Heinrich <\/strong>(Hinrik)<strong> Meijer<\/strong><\/span><\/a>, ritmeester Lijflandse adelscavalerie en landrechter 1560-1562, \u221e 1562 <em>Magdalena von Wrangel <\/em>van Ellistfer, dochter van Christoph von Wrangell van Ellistfer en Magdalena von Taube van Fier (<em>Tsooru<\/em>), zoon Z.111. <span style=\"color: #0000ff;\"><a style=\"color: #0000ff;\" href=\"https:\/\/meijenfeldt.nl\/?page_id=41197\">Wolmar<\/a><\/span>.<a id=\"Documenten\"><\/a><\/span><\/span><\/td>\n<\/tr>\n<tr style=\"height: 28px;\">\n<td style=\"background-color: #d5e8eb; text-align: center; height: 28px; width: 100%;\" colspan=\"4\"><strong><span style=\"color: #000000;\">DOCUMENTEN &amp; LITERATUUR<\/span><\/strong><\/td>\n<\/tr>\n<tr style=\"height: 168px;\">\n<td style=\"background-color: #ffffff; text-align: justify; height: 96px; width: 100%;\" colspan=\"4\"><span style=\"color: #008000;\"><span style=\"color: #000000;\"><br \/>\nA.A. von <strong>Stiernman<\/strong>, Uppsala Universit\u00e4tsbibliotek, H<span style=\"text-align: left;\">andskriften,\u00a0<\/span><span style=\"text-align: left;\">\u201cSvecia Illustris, Sl\u00e4gttaflor \u00f6fver de p\u00e5 Svenska Riddarhuset until \u00e5r \u2026. introducerade \u00e4tter i alfabetisk ordning\u201d,\u00a0<\/span><span style=\"text-align: left;\">\u00a0<\/span><\/span><span style=\"color: #333333; text-align: left;\"><span style=\"color: #000000;\">X. Svensk genealogi och biografi, deel 18 (letters M-O), <\/span><\/span><span style=\"text-align: left;\"><span style=\"color: #0000ff;\"><a style=\"color: #0000ff;\" href=\"https:\/\/meijenfeldt.nl\/wp-content\/uploads\/2018\/11\/Stiernman-UUB.pdf\">Mejerfelt<\/a>.<\/span><\/span><\/span><\/p>\n<p style=\"text-align: justify;\">G.\u00a0<strong>Anrep<\/strong>, \u201cSvenska Adels \u00c4tters-taflor\u201d, Stockholm 1861,\u00a0<span style=\"color: #0000ff;\"><a style=\"color: #0000ff;\" href=\"http:\/\/runeberg.org\/anrep\/2\/0894.html\">pag. 888-889<\/a><\/span><span style=\"color: #000000;\">.<br \/>\n<\/span><span style=\"color: #000000;\">W. von <strong>Baensch<\/strong>, \u201cGeschichte der Familie von Wrangel, vom Jahre 1250 bis auf die Gegenwart, nach Urkunden und Tageb\u00fcchern bearbeitet\u201d, Berlin und Dresden 1878, deel I,\u00a0<span style=\"color: #0000ff;\"><a style=\"color: #0000ff;\" href=\"http:\/\/digital.ub.uni-duesseldorf.de\/urn\/urn:nbn:de:hbz:061:1-476263\">pag. 130<\/a><\/span>.\u00a0<\/span><\/p>\n<\/td>\n<\/tr>\n<\/tbody>\n<\/table>\n","protected":false},"excerpt":{"rendered":"<p>PERSOONSDOSSIER \u2190 Stamboom\u00a0 \u00a0***\u00a0 \u00a0\u2193 Genealogie \u00a0***\u00a0 \u2193 Documenten &amp; Literatuur FAMILIETAK OUDERS Z.11 HEINRICH MEIJER \u221e Magdalena von Wrangel Herre Bref KINDEREN Z.111 Wolmar Meijer Z.111 GENEALOGIE Z.11. Heinrich (Hinrik) Meijer, ritmeester Lijflandse adelscavalerie en landrechter 1560-1562, \u221e 1562 Magdalena von Wrangel van Ellistfer, dochter van Christoph von Wrangell van Ellistfer en Magdalena von &hellip; <a href=\"https:\/\/meijenfeldt.nl\/?page_id=41205\" class=\"more-link\">Verder lezen <span class=\"screen-reader-text\">Z.11. Heinrich<\/span><\/a><\/p>\n","protected":false},"author":1,"featured_media":0,"parent":0,"menu_order":0,"comment_status":"closed","ping_status":"closed","template":"","meta":{"footnotes":""},"class_list":["post-41205","page","type-page","status-publish","hentry"],"_links":{"self":[{"href":"https:\/\/meijenfeldt.nl\/index.php?rest_route=\/wp\/v2\/pages\/41205","targetHints":{"allow":["GET"]}}],"collection":[{"href":"https:\/\/meijenfeldt.nl\/index.php?rest_route=\/wp\/v2\/pages"}],"about":[{"href":"https:\/\/meijenfeldt.nl\/index.php?rest_route=\/wp\/v2\/types\/page"}],"author":[{"embeddable":true,"href":"https:\/\/meijenfeldt.nl\/index.php?rest_route=\/wp\/v2\/users\/1"}],"replies":[{"embeddable":true,"href":"https:\/\/meijenfeldt.nl\/index.php?rest_route=%2Fwp%2Fv2%2Fcomments&post=41205"}],"version-history":[{"count":18,"href":"https:\/\/meijenfeldt.nl\/index.php?rest_route=\/wp\/v2\/pages\/41205\/revisions"}],"predecessor-version":[{"id":55538,"href":"https:\/\/meijenfeldt.nl\/index.php?rest_route=\/wp\/v2\/pages\/41205\/revisions\/55538"}],"wp:attachment":[{"href":"https:\/\/meijenfeldt.nl\/index.php?rest_route=%2Fwp%2Fv2%2Fmedia&parent=41205"}],"curies":[{"name":"wp","href":"https:\/\/api.w.org\/{rel}","templated":true}]}}