{"id":41197,"date":"2022-01-03T13:20:20","date_gmt":"2022-01-03T13:20:20","guid":{"rendered":"https:\/\/meijenfeldt.nl\/?page_id=41197"},"modified":"2023-04-13T09:33:25","modified_gmt":"2023-04-13T09:33:25","slug":"z-111-wolmar","status":"publish","type":"page","link":"https:\/\/meijenfeldt.nl\/?page_id=41197","title":{"rendered":"Z.111. Wolmar"},"content":{"rendered":"<table style=\"border-collapse: collapse; width: 100%; height: 320px;\">\n<tbody>\n<tr>\n<td style=\"width: 100%; background-color: #ffffff; text-align: center;\" colspan=\"4\"><span style=\"font-size: 14pt;\"><strong><span style=\"color: #000000;\">PERSOONSDOSSIER<\/span><\/strong><\/span><\/td>\n<\/tr>\n<tr>\n<td style=\"background-color: #ffffff; text-align: center;\" colspan=\"4\"><span style=\"font-size: 10pt;\"><span style=\"color: #0000ff;\"><a style=\"color: #0000ff;\" href=\"https:\/\/meijenfeldt.nl\/?page_id=654\">\u2190 Stamboom<\/a><\/span>\u00a0 \u00a0***\u00a0 <span style=\"color: #0000ff;\"><a style=\"color: #0000ff;\" href=\"#Genealogie\">\u2193 Genealogie<\/a><span style=\"color: #008000; font-size: 10pt;\"><span style=\"color: #000000;\"> \u00a0***\u00a0 <a style=\"color: #0000ff;\" href=\"#Documenten\">\u2193 Documenten &amp; Literatuur<\/a><\/span><\/span><\/span><\/span><span style=\"color: #008000;\"><strong><br \/>\n<\/strong><\/span><\/td>\n<\/tr>\n<tr style=\"height: 28px;\">\n<td style=\"background-color: #d5e8eb; text-align: center; height: 10px; width: 100%;\" colspan=\"4\"><span style=\"color: #000000;\"><strong>FAMILIETAK<\/strong><\/span><\/td>\n<\/tr>\n<tr style=\"height: 28px;\">\n<td style=\"width: 100%; height: 28px;\" colspan=\"4\"><\/td>\n<\/tr>\n<tr style=\"height: 10px;\">\n<td style=\"height: 10px; width: 25%;\"><\/td>\n<td style=\"width: 25%; height: 10px; background-color: #baafaf; text-align: center;\"><span style=\"color: #0000ff; font-size: 8pt;\"><a style=\"color: #0000ff;\" href=\"https:\/\/meijenfeldt.nl\/?page_id=41205\">OUDERS<\/a><\/span><\/td>\n<td style=\"width: 25%; height: 10px;\"><\/td>\n<td style=\"width: 25%; height: 10px;\"><\/td>\n<\/tr>\n<tr style=\"height: 28px;\">\n<td style=\"width: 25%; height: 28px;\"><\/td>\n<td style=\"width: 25%; background-color: #baafaf; text-align: center; height: 28px;\"><span style=\"font-size: 8pt;\"><strong><span style=\"color: #000000;\">Z.111<\/span><\/strong><\/span><\/td>\n<td style=\"width: 25%; height: 28px; background-color: #ffffff;\"><\/td>\n<td style=\"width: 25%; height: 28px;\"><\/td>\n<\/tr>\n<tr style=\"height: 56px;\">\n<td style=\"width: 25%; height: 56px;\"><img loading=\"lazy\" decoding=\"async\" class=\"alignnone size-medium wp-image-50773\" src=\"https:\/\/meijenfeldt.nl\/wp-content\/uploads\/2022\/10\/1480-Sikkel-239x300.jpg\" alt=\"\" width=\"239\" height=\"300\" srcset=\"https:\/\/meijenfeldt.nl\/wp-content\/uploads\/2022\/10\/1480-Sikkel-239x300.jpg 239w, https:\/\/meijenfeldt.nl\/wp-content\/uploads\/2022\/10\/1480-Sikkel-816x1024.jpg 816w, https:\/\/meijenfeldt.nl\/wp-content\/uploads\/2022\/10\/1480-Sikkel-768x964.jpg 768w, https:\/\/meijenfeldt.nl\/wp-content\/uploads\/2022\/10\/1480-Sikkel-1223x1536.jpg 1223w, https:\/\/meijenfeldt.nl\/wp-content\/uploads\/2022\/10\/1480-Sikkel.jpg 1472w\" sizes=\"auto, (max-width: 239px) 100vw, 239px\" \/><\/td>\n<td style=\"width: 25%; background-color: #e8fac5; height: 56px; text-align: center;\"><span style=\"color: #0000ff;\"><a style=\"color: #0000ff;\" href=\"https:\/\/meijenfeldt.nl\/?page_id=95\"><span style=\"font-size: 8pt;\"><strong>WOLMAR<\/strong><\/span><\/a><\/span><br \/>\n<span style=\"color: #0000ff;\"><a style=\"color: #0000ff;\" href=\"https:\/\/meijenfeldt.nl\/?page_id=95\"><span style=\"font-size: 8pt;\"><strong>MEIJER<\/strong><\/span><\/a><\/span><\/td>\n<td style=\"width: 25%; height: 56px; background-color: #e8fac5; text-align: center;\"><span style=\"font-size: 8pt; color: #000000;\">\u221e <em>Margaretha<\/em><br \/>\n<em>von Bremen<\/em><\/span><\/td>\n<td style=\"width: 25%; height: 56px;\"><img loading=\"lazy\" decoding=\"async\" class=\"alignnone wp-image-5192\" src=\"https:\/\/meijenfeldt.nl\/wp-content\/uploads\/2017\/08\/Bremen-nieuw-265x300.jpg\" alt=\"Bremen-nieuw\" width=\"159\" height=\"179\" srcset=\"https:\/\/meijenfeldt.nl\/wp-content\/uploads\/2017\/08\/Bremen-nieuw-265x300.jpg 265w, https:\/\/meijenfeldt.nl\/wp-content\/uploads\/2017\/08\/Bremen-nieuw.jpg 425w\" sizes=\"auto, (max-width: 159px) 100vw, 159px\" \/><\/td>\n<\/tr>\n<tr style=\"height: 28px;\">\n<td style=\"width: 25%; height: 28px; text-align: center;\"><span style=\"color: #0000ff;\"><a style=\"color: #0000ff;\" href=\"https:\/\/meijenfeldt.nl\/?page_id=50819\"><span style=\"font-size: 8pt;\">Herre Bref<\/span><\/a><\/span><\/td>\n<td style=\"background-color: #baafaf; text-align: center; height: 28px; width: 50%;\" colspan=\"2\"><span style=\"font-size: 8pt;\"><span style=\"color: #000000;\"><strong>KINDEREN<\/strong><\/span><span style=\"color: #000000;\"><strong><br \/>\n<\/strong><\/span><\/span><\/td>\n<td style=\"width: 25%; height: 28px;\"><\/td>\n<\/tr>\n<tr style=\"height: 28px;\">\n<td style=\"width: 25%; text-align: center; height: 28px; background-color: #ffffff;\"><\/td>\n<td style=\"width: 50%; background-color: #baafaf; text-align: center; height: 28px;\" colspan=\"2\"><span style=\"color: #000000; font-size: 8pt;\"><strong>Z.1111<\/strong><\/span><\/td>\n<td style=\"width: 25%; text-align: center; height: 28px; background-color: #ffffff;\"><\/td>\n<\/tr>\n<tr style=\"height: 56px;\">\n<td style=\"width: 25%; text-align: center; height: 56px; background-color: #ffffff;\"><\/td>\n<td style=\"width: 50%; background-color: #e8fac5; text-align: center; height: 56px;\" colspan=\"2\"><span style=\"color: #0000ff; font-size: 8pt;\"><a style=\"color: #0000ff;\" href=\"https:\/\/meijenfeldt.nl\/?page_id=41181\">Johann<br \/>\nMeijer<\/a><\/span><\/td>\n<td style=\"width: 25%; text-align: center; height: 56px; background-color: #ffffff;\"><\/td>\n<\/tr>\n<tr style=\"height: 28px;\">\n<td style=\"width: 25%; height: 28px;\"><\/td>\n<td style=\"background-color: #baafaf; text-align: center; height: 28px; width: 50%;\" colspan=\"2\"><span style=\"color: #000000; font-size: 8pt;\"><strong>Z.1111<a id=\"Genealogie\"><\/a><\/strong><\/span><\/td>\n<td style=\"width: 25%; height: 28px;\"><\/td>\n<\/tr>\n<tr style=\"height: 10px;\">\n<td style=\"width: 100%; height: 10px;\" colspan=\"4\"><\/td>\n<\/tr>\n<tr style=\"height: 28px;\">\n<td style=\"width: 100%; background-color: #d5e8eb; text-align: center; height: 28px;\" colspan=\"4\"><span style=\"color: #000000;\"><strong>GENEALOGIE<\/strong><\/span><\/td>\n<\/tr>\n<tr style=\"height: 168px;\">\n<td style=\"height: 10px; width: 100%;\" colspan=\"4\"><span style=\"color: #000000;\"><br \/>\nZ.111. <strong><span style=\"color: #0000ff;\"><a style=\"color: #0000ff;\" href=\"https:\/\/meijenfeldt.nl\/?page_id=95\">Wolmar<\/a><\/span><\/strong><span style=\"color: #0000ff;\"><a style=\"color: #0000ff;\" href=\"https:\/\/meijenfeldt.nl\/?page_id=95\"> Meijer<\/a><\/span><strong>, <\/strong>stadhouder over Padis 1592-1599, \u221e\u00a0<em>Margaretha von Bremen <\/em>van Engdes, dochter van Tuwe von Bremen uit Engdes (<em>\u00c4ntu<\/em>)\u00a0en Margaretha von Taube van Maydell (<em>Maidla<\/em>), zoon Z.1111. <span style=\"color: #0000ff;\"><a style=\"color: #0000ff;\" href=\"https:\/\/meijenfeldt.nl\/?page_id=41181\">Johann<\/a><\/span>.<a id=\"Documenten\"><\/a><\/span><\/td>\n<\/tr>\n<tr style=\"height: 28px;\">\n<td style=\"background-color: #d5e8eb; text-align: center; height: 28px; width: 100%;\" colspan=\"4\"><strong><span style=\"color: #000000;\">DOCUMENTEN &amp; LITERATUUR<\/span><\/strong><\/td>\n<\/tr>\n<tr style=\"height: 168px;\">\n<td style=\"background-color: #ffffff; text-align: justify; height: 96px; width: 100%;\" colspan=\"4\"><span style=\"color: #008000;\"><span style=\"color: #000000;\"><br \/>\nA.A. von <strong>Stiernman<\/strong>, Uppsala Universit\u00e4tsbibliotek, H<span style=\"text-align: left;\">andskriften,\u00a0<\/span><span style=\"text-align: left;\">\u201cSvecia Illustris, Sl\u00e4gttaflor \u00f6fver de p\u00e5 Svenska Riddarhuset until \u00e5r \u2026. introducerade \u00e4tter i alfabetisk ordning\u201d,\u00a0<\/span><span style=\"text-align: left;\">\u00a0<\/span><\/span><span style=\"color: #333333; text-align: left;\"><span style=\"color: #000000;\">X. Svensk genealogi och biografi, deel 18 (letters M-O), <\/span><\/span><span style=\"text-align: left;\"><span style=\"color: #0000ff;\"><a style=\"color: #0000ff;\" href=\"https:\/\/meijenfeldt.nl\/wp-content\/uploads\/2018\/11\/Stiernman-UUB.pdf\">Mejerfelt<\/a>.<\/span><\/span><\/span><\/p>\n<p style=\"text-align: justify;\">G.\u00a0<strong>Anrep<\/strong>, \u201cSvenska Adels \u00c4tters-taflor\u201d, Stockholm 1861,\u00a0<span style=\"color: #0000ff;\"><a style=\"color: #0000ff;\" href=\"http:\/\/runeberg.org\/anrep\/2\/0894.html\">pag. 888-889<\/a><\/span><span style=\"color: #000000;\">.<\/span><\/p>\n<\/td>\n<\/tr>\n<\/tbody>\n<\/table>\n","protected":false},"excerpt":{"rendered":"<p>PERSOONSDOSSIER \u2190 Stamboom\u00a0 \u00a0***\u00a0 \u2193 Genealogie \u00a0***\u00a0 \u2193 Documenten &amp; Literatuur FAMILIETAK OUDERS Z.111 WOLMAR MEIJER \u221e Margaretha von Bremen Herre Bref KINDEREN Z.1111 Johann Meijer Z.1111 GENEALOGIE Z.111. Wolmar Meijer, stadhouder over Padis 1592-1599, \u221e\u00a0Margaretha von Bremen van Engdes, dochter van Tuwe von Bremen uit Engdes (\u00c4ntu)\u00a0en Margaretha von Taube van Maydell (Maidla), zoon &hellip; <a href=\"https:\/\/meijenfeldt.nl\/?page_id=41197\" class=\"more-link\">Verder lezen <span class=\"screen-reader-text\">Z.111. Wolmar<\/span><\/a><\/p>\n","protected":false},"author":1,"featured_media":0,"parent":0,"menu_order":0,"comment_status":"closed","ping_status":"closed","template":"","meta":{"footnotes":""},"class_list":["post-41197","page","type-page","status-publish","hentry"],"_links":{"self":[{"href":"https:\/\/meijenfeldt.nl\/index.php?rest_route=\/wp\/v2\/pages\/41197","targetHints":{"allow":["GET"]}}],"collection":[{"href":"https:\/\/meijenfeldt.nl\/index.php?rest_route=\/wp\/v2\/pages"}],"about":[{"href":"https:\/\/meijenfeldt.nl\/index.php?rest_route=\/wp\/v2\/types\/page"}],"author":[{"embeddable":true,"href":"https:\/\/meijenfeldt.nl\/index.php?rest_route=\/wp\/v2\/users\/1"}],"replies":[{"embeddable":true,"href":"https:\/\/meijenfeldt.nl\/index.php?rest_route=%2Fwp%2Fv2%2Fcomments&post=41197"}],"version-history":[{"count":13,"href":"https:\/\/meijenfeldt.nl\/index.php?rest_route=\/wp\/v2\/pages\/41197\/revisions"}],"predecessor-version":[{"id":52798,"href":"https:\/\/meijenfeldt.nl\/index.php?rest_route=\/wp\/v2\/pages\/41197\/revisions\/52798"}],"wp:attachment":[{"href":"https:\/\/meijenfeldt.nl\/index.php?rest_route=%2Fwp%2Fv2%2Fmedia&parent=41197"}],"curies":[{"name":"wp","href":"https:\/\/api.w.org\/{rel}","templated":true}]}}