{"id":38960,"date":"2021-08-20T18:13:00","date_gmt":"2021-08-20T18:13:00","guid":{"rendered":"https:\/\/meijenfeldt.nl\/?page_id=38960"},"modified":"2023-08-10T15:58:27","modified_gmt":"2023-08-10T15:58:27","slug":"lantmateriet","status":"publish","type":"page","link":"https:\/\/meijenfeldt.nl\/?page_id=38960","title":{"rendered":"AZ. Lantm\u00e4teriet"},"content":{"rendered":"<p><span style=\"font-family: georgia, palatino, serif; font-size: 10pt;\"><span style=\"color: #0000ff;\"><span style=\"color: #000000;\"><span style=\"font-size: 14pt;\"><span style=\"color: #000000; font-size: 10pt;\"><a style=\"color: #0000ff;\" href=\"https:\/\/meijenfeldt.nl\/\">START<\/a>\u00a0\/\u00a0<a style=\"color: #0000ff;\" href=\"https:\/\/meijenfeldt.nl\/?page_id=749\">A. ARCHIEVEN<\/a> \/ <\/span><\/span><span style=\"font-size: 10pt;\"><a style=\"color: #0000ff;\" href=\"https:\/\/meijenfeldt.nl\/?page_id=264\">AZ. ZWEDEN<\/a> \/ KADASTER<\/span><\/span><\/span><\/span><\/p>\n<p><strong><span style=\"font-size: 14pt;\"><a style=\"color: #0000ff;\" href=\"https:\/\/www.lantmateriet.se\/\">Landm\u00e4teriet<\/a><span style=\"color: #000000;\">,\u00a0<\/span><\/span><\/strong><span style=\"color: #000000;\"><strong>Lantm\u00e4terigatan 2C, 801 82 G\u00e4vle, Tel 026-63 36 16.<\/strong><\/span><\/p>\n<p><span style=\"color: #0000ff;\"><img loading=\"lazy\" decoding=\"async\" class=\"alignnone size-medium wp-image-38961\" src=\"https:\/\/meijenfeldt.nl\/wp-content\/uploads\/2021\/08\/Lantmateriet-300x70.jpg\" alt=\"\" width=\"300\" height=\"70\" srcset=\"https:\/\/meijenfeldt.nl\/wp-content\/uploads\/2021\/08\/Lantmateriet-300x70.jpg 300w, https:\/\/meijenfeldt.nl\/wp-content\/uploads\/2021\/08\/Lantmateriet.jpg 409w\" sizes=\"auto, (max-width: 300px) 100vw, 300px\" \/><br \/>\n<\/span><\/p>\n<p><em><span style=\"color: #0000ff;\"><a style=\"color: #0000ff;\" href=\"https:\/\/historiskakartor.lantmateriet.se\/arken\/s\/search.html?swedish=true&amp;user=public&amp;arv=false&amp;pul=true&amp;asUrl=https%3A%2F%2Farkivsok.lantmateriet.se%2Farkivsok%2Fstartpage.html&amp;hk_contextpath=%2Fhistoriskakartor\">Historiska Kartor<\/a>,\u00a0<\/span><span style=\"color: #000000;\">Lantm\u00e4teristyrelsens arkiv:*<\/span><\/em><\/p>\n<ul>\n<li style=\"list-style-type: none;\">\n<ul style=\"list-style-type: circle;\">\n<li><span style=\"color: #000000;\">Stockholms L\u00e4n, T\u00e4by socken, N\u00e4sby, <span style=\"color: #0000ff;\"><a style=\"color: #0000ff;\" href=\"https:\/\/historiskakartor.lantmateriet.se\/arken\/s\/show.html?showmap=true&amp;mapTypeSelected=false&amp;mapType=&amp;archive=LMS&amp;nbOfImages=2&amp;sd_base=lms2&amp;sd_ktun=0005lfy9&amp;aktid=A19%3A25&amp;p=2\">Geometrisk Charta uthaf N\u00e4sby S\u00e4tteg\u00e5rdh<\/a> <\/span>Junio Anno 1668 af Kietel Classon Felteroff.<\/span><\/li>\n<\/ul>\n<\/li>\n<\/ul>\n<ul>\n<li style=\"list-style-type: none;\">\n<ul style=\"list-style-type: circle;\">\n<li><span style=\"color: #000000;\">Kristianstads L\u00e4n, K\u00f6pinge socken, Ugerups S\u00e4teri nr. 1,<\/span> <span style=\"color: #0000ff;\"><a style=\"color: #0000ff;\" href=\"https:\/\/historiskakartor.lantmateriet.se\/arken\/s\/show.html?showmap=true&amp;mapTypeSelected=false&amp;mapType=&amp;archive=LMS&amp;nbOfImages=2&amp;sd_base=lms2&amp;sd_ktun=4c4d535f4b37322d31313a31&amp;aktid=K72-11%3A1\">Charta \u00f6fwer F\u00e4ladsmarken till Ugerups S\u00e4tesg\u00e5rd och By\u00a0<\/a>Bel\u00e4gen<\/span>, <span style=\"color: #000000;\">F\u00f6rfattad \u00c5r 1776 af Mathias Dahlbom.<\/span><\/li>\n<\/ul>\n<\/li>\n<\/ul>\n<ul>\n<li style=\"list-style-type: none;\">\n<ul style=\"list-style-type: circle;\">\n<li><span style=\"color: #000000;\">Malm\u00f6 L\u00e4n, S\u00f6vde socken, S\u00f6vdeborg nr. 1, <span style=\"color: #0000ff;\"><a style=\"color: #0000ff;\" href=\"https:\/\/historiskakartor.lantmateriet.se\/arken\/s\/show.html?showmap=true&amp;mapTypeSelected=false&amp;mapType=&amp;archive=LMS&amp;nbOfImages=4&amp;sd_base=lms2&amp;sd_ktun=4c4d535f4c3230372d36353a31&amp;aktid=L207-65%3A1\">Geometrisk Charta \u00f6fwer S\u00f6fdeborg Herreg\u00e5rd<\/a> bel\u00e4gen uti Hertigd\u00f6mmet Sk\u00e5ne<\/span>, Anno 1729, Anton C\u00f6pinger, And: Wadman; <span style=\"color: #0000ff;\"><a style=\"color: #0000ff;\" href=\"https:\/\/historiskakartor.lantmateriet.se\/arken\/s\/show.html?showmap=true&amp;mapTypeSelected=false&amp;mapType=&amp;archive=LMS&amp;nbOfImages=1&amp;sd_base=lms2&amp;sd_ktun=4c4d535f4c3230372d36353a32&amp;aktid=L207-65%3A2\">Charta \u00f6fver Anlagde Planterings Hagar till S\u00f6fdeborgs S\u00e4tes=G\u00e5rd<\/a>, <\/span>Anno 1781, af Carl Gustaf Rubens.<\/span><\/li>\n<\/ul>\n<\/li>\n<\/ul>\n<p>&nbsp;<\/p>\n<hr \/>\n<p><span style=\"color: #000000; font-size: 10pt;\">* Zie voor Nehringen en Medrow <span style=\"color: #0000ff;\"><a style=\"color: #0000ff;\" href=\"https:\/\/meijenfeldt.nl\/?page_id=38942\">Landesarchiv Greifswald<\/a>.<\/span> Voor Gammel K\u00f8gegaard zijn geen kadastrale tekeningen gevonden.<\/span><\/p>\n","protected":false},"excerpt":{"rendered":"<p>START\u00a0\/\u00a0A. ARCHIEVEN \/ AZ. ZWEDEN \/ KADASTER Landm\u00e4teriet,\u00a0Lantm\u00e4terigatan 2C, 801 82 G\u00e4vle, Tel 026-63 36 16. Historiska Kartor,\u00a0Lantm\u00e4teristyrelsens arkiv:* Stockholms L\u00e4n, T\u00e4by socken, N\u00e4sby, Geometrisk Charta uthaf N\u00e4sby S\u00e4tteg\u00e5rdh Junio Anno 1668 af Kietel Classon Felteroff. Kristianstads L\u00e4n, K\u00f6pinge socken, Ugerups S\u00e4teri nr. 1, Charta \u00f6fwer F\u00e4ladsmarken till Ugerups S\u00e4tesg\u00e5rd och By\u00a0Bel\u00e4gen, F\u00f6rfattad \u00c5r 1776 &hellip; <a href=\"https:\/\/meijenfeldt.nl\/?page_id=38960\" class=\"more-link\">Verder lezen <span class=\"screen-reader-text\">AZ. Lantm\u00e4teriet<\/span><\/a><\/p>\n","protected":false},"author":1,"featured_media":0,"parent":0,"menu_order":0,"comment_status":"closed","ping_status":"closed","template":"","meta":{"footnotes":""},"class_list":["post-38960","page","type-page","status-publish","hentry"],"_links":{"self":[{"href":"https:\/\/meijenfeldt.nl\/index.php?rest_route=\/wp\/v2\/pages\/38960","targetHints":{"allow":["GET"]}}],"collection":[{"href":"https:\/\/meijenfeldt.nl\/index.php?rest_route=\/wp\/v2\/pages"}],"about":[{"href":"https:\/\/meijenfeldt.nl\/index.php?rest_route=\/wp\/v2\/types\/page"}],"author":[{"embeddable":true,"href":"https:\/\/meijenfeldt.nl\/index.php?rest_route=\/wp\/v2\/users\/1"}],"replies":[{"embeddable":true,"href":"https:\/\/meijenfeldt.nl\/index.php?rest_route=%2Fwp%2Fv2%2Fcomments&post=38960"}],"version-history":[{"count":12,"href":"https:\/\/meijenfeldt.nl\/index.php?rest_route=\/wp\/v2\/pages\/38960\/revisions"}],"predecessor-version":[{"id":57852,"href":"https:\/\/meijenfeldt.nl\/index.php?rest_route=\/wp\/v2\/pages\/38960\/revisions\/57852"}],"wp:attachment":[{"href":"https:\/\/meijenfeldt.nl\/index.php?rest_route=%2Fwp%2Fv2%2Fmedia&parent=38960"}],"curies":[{"name":"wp","href":"https:\/\/api.w.org\/{rel}","templated":true}]}}