{"id":37845,"date":"2021-05-25T10:21:28","date_gmt":"2021-05-25T10:21:28","guid":{"rendered":"https:\/\/meijenfeldt.nl\/?page_id=37845"},"modified":"2026-04-02T08:45:27","modified_gmt":"2026-04-02T08:45:27","slug":"2-3-1-diederich","status":"publish","type":"page","link":"https:\/\/meijenfeldt.nl\/?page_id=37845","title":{"rendered":"2.4.4. Kattenburg"},"content":{"rendered":"<p style=\"text-align: center;\"><img loading=\"lazy\" decoding=\"async\" class=\"wp-image-74179 aligncenter\" src=\"https:\/\/meijenfeldt.nl\/wp-content\/uploads\/2025\/08\/1875-Werf-en-Dok-Amsterdam-300x263.jpeg\" alt=\"\" width=\"470\" height=\"412\" srcset=\"https:\/\/meijenfeldt.nl\/wp-content\/uploads\/2025\/08\/1875-Werf-en-Dok-Amsterdam-300x263.jpeg 300w, https:\/\/meijenfeldt.nl\/wp-content\/uploads\/2025\/08\/1875-Werf-en-Dok-Amsterdam-768x674.jpeg 768w, https:\/\/meijenfeldt.nl\/wp-content\/uploads\/2025\/08\/1875-Werf-en-Dok-Amsterdam.jpeg 906w\" sizes=\"auto, (max-width: 470px) 100vw, 470px\" \/><em><span style=\"font-family: georgia, palatino, serif; font-size: 10pt; color: #000000;\">Kattenburg: Rijkswerf (bruin, links, west), werkliedenhuizen (geel, rechts, oost)<\/span><\/em><br \/>\n<span style=\"font-family: georgia, palatino, serif; font-size: 8pt; color: #000000;\">A. Braakensiek 1875<\/span><\/p>\n<p style=\"text-align: justify;\"><span style=\"color: #000000;\">Op Kattenburg loopt aansluitend op het enorme Zeemagazijn <\/span><span style=\"color: #000000;\">langs\u00a0<\/span><span style=\"color: #000000;\">de\u00a0<\/span><span style=\"color: #000000;\">Grote Kattenburgerstraat links <\/span><span style=\"color: #000000;\">een langgerekte muur naar het einde van het eiland. In de muur bevindt zich een poortgebouw, dat toegang geeft tot de Rijkswerf. Daar <\/span><span style=\"color: #000000;\">zet Carl von Meijenfeldt zijn werk voort als Scheepstimmerman der Eerste Klasse. Aan de rechterzijde is via \u00e9\u00e9n van de drie d<\/span><span style=\"color: #000000;\">warsstraten <\/span><span style=\"color: #000000;\">de parallel lopende Kleine Kattenburgerstraat te bereiken. Daar woont <\/span><span style=\"color: #000000;\">Carl <\/span><span style=\"color: #000000;\">\u00a0<\/span><span style=\"color: #000000;\">met zijn gezin\u00a0<\/span><span style=\"color: #000000;\">i<\/span><span style=\"color: #000000;\">n huis 695 <\/span><span style=\"color: #000000;\">in de kelderverdieping, meestal een indicator voor kommervolle omstandigheden. Het eiland is propvol, dus mogelijk is dit de enig beschikbare woonruimte. Vanuit hier kan hij rustig naar een betere woning omzien.<\/span><\/p>\n<p style=\"text-align: center;\"><img loading=\"lazy\" decoding=\"async\" class=\" wp-image-75646 aligncenter\" src=\"https:\/\/meijenfeldt.nl\/wp-content\/uploads\/2025\/10\/1894-Jacob-Olie-Kl-Kattenburgerstraat-224x300.jpeg\" alt=\"\" width=\"354\" height=\"474\" srcset=\"https:\/\/meijenfeldt.nl\/wp-content\/uploads\/2025\/10\/1894-Jacob-Olie-Kl-Kattenburgerstraat-224x300.jpeg 224w, https:\/\/meijenfeldt.nl\/wp-content\/uploads\/2025\/10\/1894-Jacob-Olie-Kl-Kattenburgerstraat-763x1024.jpeg 763w, https:\/\/meijenfeldt.nl\/wp-content\/uploads\/2025\/10\/1894-Jacob-Olie-Kl-Kattenburgerstraat-768x1030.jpeg 768w, https:\/\/meijenfeldt.nl\/wp-content\/uploads\/2025\/10\/1894-Jacob-Olie-Kl-Kattenburgerstraat-1145x1536.jpeg 1145w, https:\/\/meijenfeldt.nl\/wp-content\/uploads\/2025\/10\/1894-Jacob-Olie-Kl-Kattenburgerstraat-scaled.jpeg 1909w\" sizes=\"auto, (max-width: 354px) 100vw, 354px\" \/><em><span style=\"color: #000000; font-family: georgia, palatino, serif; font-size: 12pt;\">Kleine Kattenburgerstraat, Amsterdam<\/span><\/em><br \/>\n<span style=\"color: #000000; font-family: georgia, palatino, serif; font-size: 10pt;\">Foto: Jacob Olie 1894<\/span><\/p>\n<p style=\"text-align: justify;\"><span style=\"color: #000000;\">Het zoeken gaat niet rustig maar traag. T<\/span><span style=\"color: #000000;\">weede zoon Carl Frederik was al <\/span><span style=\"color: #000000;\">in de vochtige kelder <\/span><span style=\"color: #000000;\">geboren. Pas na <\/span><span style=\"color: #000000;\">bijna twee jaar in april 1852<\/span><span style=\"color: #000000;\"> verhuist het gezin naar lichtere en ruimere kamers op de kop van de Kleine Kattenburgerstraat, om de hoek aan de Nieuwendammergracht (nu Mariniersplein). Eind dat jaar is er een mooie aanleiding om de familie <\/span><span style=\"color: #000000;\">in <\/span><span style=\"color: #000000;\">Rotterdam\u00a0<\/span><span style=\"color: #000000;\">terug te zien: <\/span><span style=\"color: #000000;\">Cornelia Hendrica Diederich, de jongste zus van zijn vrouw Nel, trouwt met de Rotterdamse timmerman Pieter Kreber.<\/span><\/p>\n<p style=\"text-align: justify;\"><span style=\"color: #000000;\">Kort daarop verschijnt in een Amsterdamse krant\u00a0 voor het eerst de naam <em>Meijerfeld<\/em> in een rouwadvertentie:<\/span><\/p>\n<p style=\"text-align: center;\"><img loading=\"lazy\" decoding=\"async\" class=\"aligncenter wp-image-78306\" src=\"https:\/\/meijenfeldt.nl\/wp-content\/uploads\/2026\/02\/1853-Overlijden-zoon-300x79.png\" alt=\"\" width=\"547\" height=\"144\" srcset=\"https:\/\/meijenfeldt.nl\/wp-content\/uploads\/2026\/02\/1853-Overlijden-zoon-300x79.png 300w, https:\/\/meijenfeldt.nl\/wp-content\/uploads\/2026\/02\/1853-Overlijden-zoon.png 729w\" sizes=\"auto, (max-width: 547px) 100vw, 547px\" \/><span style=\"font-family: georgia, palatino, serif; font-size: 10pt; color: #000000;\"><em>Algemeen Handelsblad 8 februari 1853<\/em><\/span><\/p>\n<p style=\"text-align: justify;\"><span style=\"color: #000000;\">Het gaat om de dood van Johannes Nicolaas van Paddenburg, de oudste zoon van <\/span><span style=\"color: #000000;\">Wilhelmina Augusta<\/span><span style=\"color: #000000;\">. Of <\/span><span style=\"color: #000000;\">Carl zijn halfzus in het bericht wel of niet ziet en wel of geen navraag doet vertelt het verhaal niet. Omgekeerd geldt hetzelfde toen <\/span><span style=\"color: #000000;\">acht jaar eerder in dezelfde krant het huwelijk van <\/span><span style=\"color: #000000;\">broer Hendrik von Meijenfeldt stond aangekondigd. Overigens wordt <\/span><span style=\"color: #000000;\">Wilhelmina Augusta<\/span><span style=\"color: #000000;\"> e<\/span><span style=\"color: #000000;\">nkele dagen na de rouwadvertentie grootmoeder; haar dochter Johanna Susanna baart een kind van <\/span><span style=\"color: #000000;\">Hendrik Franciscus Smit, een <\/span><span style=\"color: #000000;\">vijf jaar oudere <\/span><span style=\"color: #000000;\">huurder in hun huis<\/span><span style=\"color: #000000;\">. Zij trouwen een half jaar later en h<\/span><span style=\"color: #000000;\">et hele gezelschap verhuist <\/span><span style=\"color: #000000;\">in december naar de Anjelierstraat 25 en het jaar daarop naar de Pijlsteeg 117.<\/span><\/p>\n<p style=\"text-align: justify;\"><span style=\"color: #000000;\">Terug naar het gezin van Carl aan de Nieuwendammergracht. Vroeg in de morgen van 25 juli 1853 bevalt Nel van een derde zoon. Twee dagen later doet Carl met twee scheepstimmermannen <\/span><span style=\"color: #000000;\">als getuige <\/span><span style=\"color: #000000;\">aangifte<\/span><span style=\"color: #000000;\">\u00a0<\/span><span style=\"color: #000000;\">op het stadhuis. Het kind krijgt de namen <\/span><span style=\"color: #0000ff;\"><a style=\"color: #0000ff;\" href=\"https:\/\/meijenfeldt.nl\/?page_id=40809\">Frederik Hendrik<\/a><\/span><span style=\"color: #000000;\">, vernoemd naar twee van zijn ooms. Zijn roepnaam wordt Frits. De Lutherse dominee Lagers kan de doop niet verzorgen, omdat hij weer zwaar ziek te bed ligt en ruim een jaar later vlak na Kerst zelfs zal overlijden. Dominee Ludwig Lentz vervangt hem en komt thuis langs op 17 augustus om de doop te voltrekken.<\/span><\/p>\n<p style=\"text-align: justify;\"><span style=\"color: #000000;\">In Rotterdam werkt broer Jan von Meijenfeldt als <\/span><span style=\"color: #000000;\">meester timmerman. Hij heeft knechten en leerlingen in dienst. Op 20 oktober 1853 neemt hij in \u00e9\u00e9n van de zalen van soci\u00ebteit de Harmonie deel aan een bijeenkomst.<\/span><\/p>\n<p style=\"text-align: center;\"><img loading=\"lazy\" decoding=\"async\" class=\"wp-image-68863 aligncenter\" src=\"https:\/\/meijenfeldt.nl\/wp-content\/uploads\/2024\/12\/1850-Harmonie-300x200.jpg\" alt=\"\" width=\"404\" height=\"269\" srcset=\"https:\/\/meijenfeldt.nl\/wp-content\/uploads\/2024\/12\/1850-Harmonie-300x200.jpg 300w, https:\/\/meijenfeldt.nl\/wp-content\/uploads\/2024\/12\/1850-Harmonie-1024x684.jpg 1024w, https:\/\/meijenfeldt.nl\/wp-content\/uploads\/2024\/12\/1850-Harmonie-768x513.jpg 768w, https:\/\/meijenfeldt.nl\/wp-content\/uploads\/2024\/12\/1850-Harmonie.jpg 1200w\" sizes=\"auto, (max-width: 404px) 100vw, 404px\" \/><em><span style=\"color: #000000; font-family: georgia, palatino, serif; font-size: 10pt;\">Soci\u00ebteit de Harmonie, Rotterdam<\/span><\/em><\/p>\n<p style=\"text-align: justify;\"><span style=\"color: #000000;\">Maar liefst 140 werkbazen uit verschillende vakken bespreken de duurte van de levensmiddelen voor het ambachtsvolk. Afgesproken wordt de komende winter vast te houden aan uitbetaling van het middelloon en in november geen tweede korting op het daggeld toe te passen. Bovendien wordt afgesproken de werktijden en lonen te verbeteren. Het gemeentebestuur stemt met deze sociale tegemoetkomingen in. <\/span><span style=\"color: #0000ff;\"><a style=\"color: #0000ff;\" href=\"#voetnoot\">(1)<\/a><\/span><\/p>\n<p style=\"text-align: justify;\"><span style=\"color: #000000;\">Het verhaal van broer Hendrik blijft gelijk oplopen. Hij verhuist <\/span><span style=\"color: #000000;\">met vrouw en dochter <\/span><span style=\"color: #000000;\">binnen Schiedam naar een nieuw adres op de Hoogstraat, wijk C, nummer 132. Na een nieuwe zwangerschap komt daar op 25 oktober 1854 om 4:00 uur een zoon ter wereld. In die tijd is het niet ongebruikelijk een eerder overleden kind als het ware te doen herleven in de namen van een nieuwe geboren kind. Van de twee eerder overleden jongens valt de keuze niet op Johan August maar op de naam <\/span><span style=\"color: #0000ff;\"><a style=\"color: #0000ff;\" href=\"https:\/\/meijenfeldt.nl\/?page_id=40724\">Hendrik Jacobus August<\/a><\/span><span style=\"color: #000000;\">. De inmiddels 44-jarige vader doet diezelfde dag nog aangifte op het stadhuis, met twee aanwezige ambtenaren als getuige. Hij heeft haast, want een benoeming van de Belastingdienst in Delft heeft hij al op zak. Het gezin gaat aansluitend naar het station Schiedam om daar de stoomtrein te nemen.<\/span><\/p>\n<p><img loading=\"lazy\" decoding=\"async\" class=\" wp-image-75616 aligncenter\" src=\"https:\/\/meijenfeldt.nl\/wp-content\/uploads\/2025\/10\/Zicht-op-Delft-300x225.jpg\" alt=\"\" width=\"608\" height=\"456\" srcset=\"https:\/\/meijenfeldt.nl\/wp-content\/uploads\/2025\/10\/Zicht-op-Delft-300x225.jpg 300w, https:\/\/meijenfeldt.nl\/wp-content\/uploads\/2025\/10\/Zicht-op-Delft-1024x768.jpg 1024w, https:\/\/meijenfeldt.nl\/wp-content\/uploads\/2025\/10\/Zicht-op-Delft-768x576.jpg 768w, https:\/\/meijenfeldt.nl\/wp-content\/uploads\/2025\/10\/Zicht-op-Delft-1536x1152.jpg 1536w, https:\/\/meijenfeldt.nl\/wp-content\/uploads\/2025\/10\/Zicht-op-Delft-2048x1537.jpg 2048w\" sizes=\"auto, (max-width: 608px) 100vw, 608px\" \/><\/p>\n<p style=\"text-align: center;\"><span style=\"color: #000000;\"><em><span style=\"font-family: georgia, palatino, serif; font-size: 10pt;\">Gezicht op het Station en de BuitenWatersloot te Delft<\/span><\/em><\/span><\/p>\n<p style=\"text-align: justify;\"><span style=\"color: #000000;\">Vanaf station Delft is het niet ver naar<\/span><span style=\"color: #000000;\"> de nieuwe woning aan de Brabantse Turfmarkt, wijk 3, nummer 292. De doop van het zoontje vindt <\/span><span style=\"color: #000000;\">op zondag\u00a0<\/span><span style=\"color: #000000;\">26 november<\/span><span style=\"color: #000000;\"> plaats door d<\/span><span style=\"color: #000000;\">ominee A.H. Broens. Hij is<\/span><span style=\"color: #000000;\">\u00a0<\/span><span style=\"color: #000000;\">Evangelisch-Luthers e<\/span><span style=\"color: #000000;\">n zijn kerk ligt een eind verderop aan Noordeinde 4. En dat terwijl genoeg <\/span><span style=\"color: #000000;\">Nederduits Hervormde kerken dichtbij liggen<\/span><span style=\"color: #000000;\">. Ook van deze derde zoon wordt het gezin snel beroofd, al <\/span><span style=\"color: #000000;\">n<\/span><span style=\"color: #000000;\">a 2\u00bd maand, <\/span><span style=\"color: #000000;\">op 12 januari 1855<\/span><span style=\"color: #000000;\">. Een <\/span><span style=\"color: #000000;\">cholera epidemie waart door alle steden en is de waarschijnlijke oorzaak. <\/span><span style=\"color: #000000;\">Een collega van de Belastingdienst verzorgt de aangifte op het stadhuis.<\/span><\/p>\n<p style=\"text-align: center;\"><img loading=\"lazy\" decoding=\"async\" class=\" wp-image-77356 aligncenter\" src=\"https:\/\/meijenfeldt.nl\/wp-content\/uploads\/2026\/01\/Koentje-215x300.png\" alt=\"\" width=\"333\" height=\"465\" srcset=\"https:\/\/meijenfeldt.nl\/wp-content\/uploads\/2026\/01\/Koentje-215x300.png 215w, https:\/\/meijenfeldt.nl\/wp-content\/uploads\/2026\/01\/Koentje.png 292w\" sizes=\"auto, (max-width: 333px) 100vw, 333px\" \/><em><span style=\"color: #000000; font-family: georgia, palatino, serif; font-size: 10pt;\">Cor Bruijn, &#8220;Koentje van Kattenburg&#8221;, Amsterdam 1937.\u00a0<\/span><\/em><\/p>\n<p style=\"text-align: justify;\"><span style=\"color: #000000;\">De sociale ellende van Kattenburg krijgt 80 jaar later pas grote bekendheid door Cor Bruijn, de schrijver van de deeltjes met Keteltje en van Sil de Strandjutter. Zijn roman is opgedragen aan en gebaseerd op de\u00a0 beginjaren van Jan van Zutphen, de latere vakbondsman en vechter tegen tuberculose. Net als Koentje in het boek zwerft deze Jan buiten de schooluren over de werven, waar hij het harde bestaan ziet en bijverdient met het pluizen van kabels waarmee schepen worden gebreeuwd. De zonen van Carl brengen een soortgelijke jeugd door, maar zullen niet voor het humanisme van <\/span><span style=\"color: #000000;\">Cor Bruijn of het socialisme van <\/span><span style=\"color: #000000;\">Jan van Zutphen kiezen, maar voor <\/span><span style=\"color: #000000;\">godsdienstig fanatisme. Althans, zo <\/span><span style=\"color: #000000;\">ervaart, benoemt en verwerpt de laatste dat vanwege <\/span><span style=\"color: #000000;\">zijn kindsjaren.<\/span><\/p>\n<p style=\"text-align: center;\"><img loading=\"lazy\" decoding=\"async\" class=\" wp-image-75773 aligncenter\" src=\"https:\/\/meijenfeldt.nl\/wp-content\/uploads\/2025\/10\/1820-Kattenburg-152x300.jpeg\" alt=\"\" width=\"588\" height=\"1160\" srcset=\"https:\/\/meijenfeldt.nl\/wp-content\/uploads\/2025\/10\/1820-Kattenburg-152x300.jpeg 152w, https:\/\/meijenfeldt.nl\/wp-content\/uploads\/2025\/10\/1820-Kattenburg-519x1024.jpeg 519w, https:\/\/meijenfeldt.nl\/wp-content\/uploads\/2025\/10\/1820-Kattenburg-768x1514.jpeg 768w, https:\/\/meijenfeldt.nl\/wp-content\/uploads\/2025\/10\/1820-Kattenburg-779x1536.jpeg 779w, https:\/\/meijenfeldt.nl\/wp-content\/uploads\/2025\/10\/1820-Kattenburg-1039x2048.jpeg 1039w, https:\/\/meijenfeldt.nl\/wp-content\/uploads\/2025\/10\/1820-Kattenburg-scaled.jpeg 1299w\" sizes=\"auto, (max-width: 588px) 100vw, 588px\" \/><\/p>\n<p style=\"text-align: center;\"><span style=\"color: #000000;\"><em><span style=\"font-family: georgia, palatino, serif; font-size: 10pt;\"><span style=\"color: #000000;\">Vier <\/span><\/span><\/em><\/span><em style=\"color: #000000;\"><span style=\"font-family: georgia, palatino, serif; font-size: 10pt;\">\u00a0<\/span><\/em><em style=\"color: #000000;\"><span style=\"font-family: georgia, palatino, serif; font-size: 10pt;\">huizen met percelen van Carls gezin <\/span><\/em><em style=\"color: #000000;\"><span style=\"font-family: georgia, palatino, serif; font-size: 10pt;\">op Kattenburg<\/span><\/em><\/p>\n<p style=\"text-align: justify;\"><span style=\"color: #000000;\">Op de Rijkswerf verwisselt Carl op 5 april 1854 van functie. Na 27 jaar stopt hij als Scheepstimmerman. Hij aanvaardt de functie van Schrijver bij Tweede Meesterknecht A. van der Sluijs. Een jaar later in <\/span><span style=\"color: #000000;\">april 1855 <\/span><span style=\"color: #000000;\">verhuist het gezin naar het ruimere huis nummer 665, terug in de Kleine Kattenburgerstraat.\u00a0<\/span><\/p>\n<p style=\"text-align: center;\"><span style=\"color: #0000ff;\"><a id=\"voetnoot\"><\/a><a style=\"color: #0000ff;\" href=\"https:\/\/meijenfeldt.nl\/?page_id=38188\"><span style=\"font-size: 10pt;\">Terug<\/span><\/a><\/span><span style=\"font-size: 10pt;\">\u00a0\u00a0\u00a0***\u00a0 \u00a0<span style=\"color: #0000ff;\"><a style=\"color: #0000ff;\" href=\"https:\/\/meijenfeldt.nl\/?page_id=30441\">Verder<\/a><\/span><\/span><\/p>\n<p style=\"text-align: justify;\"><span style=\"color: #000000; font-family: georgia, palatino, serif; font-size: 10pt;\"><span style=\"color: #000000;\"><span style=\"font-size: 10pt;\"><span style=\"font-family: georgia, palatino, serif;\"><span style=\"color: #000000;\">1. <\/span><span style=\"font-size: 10pt; color: #000000;\">Rotterdamse Courant, 25 oktober 1853, <span style=\"color: #0000ff;\"><a style=\"color: #0000ff;\" href=\"https:\/\/www.delpher.nl\/nl\/kranten\/view?query=meijenfeld&amp;coll=ddd&amp;sortfield=date&amp;identifier=ddd:010980090:mpeg21:a0012&amp;resultsidentifier=ddd:010980090:mpeg21:a0012&amp;rowid=1\">pag. 3<\/a><\/span>.<\/span><\/span><\/span><\/span><\/span><\/p>\n","protected":false},"excerpt":{"rendered":"<p>Kattenburg: Rijkswerf (bruin, links, west), werkliedenhuizen (geel, rechts, oost) A. Braakensiek 1875 Op Kattenburg loopt aansluitend op het enorme Zeemagazijn langs\u00a0de\u00a0Grote Kattenburgerstraat links een langgerekte muur naar het einde van het eiland. In de muur bevindt zich een poortgebouw, dat toegang geeft tot de Rijkswerf. Daar zet Carl von Meijenfeldt zijn werk voort als Scheepstimmerman &hellip; <a href=\"https:\/\/meijenfeldt.nl\/?page_id=37845\" class=\"more-link\">Verder lezen <span class=\"screen-reader-text\">2.4.4. Kattenburg<\/span><\/a><\/p>\n","protected":false},"author":1,"featured_media":0,"parent":0,"menu_order":0,"comment_status":"closed","ping_status":"closed","template":"","meta":{"footnotes":""},"class_list":["post-37845","page","type-page","status-publish","hentry"],"_links":{"self":[{"href":"https:\/\/meijenfeldt.nl\/index.php?rest_route=\/wp\/v2\/pages\/37845","targetHints":{"allow":["GET"]}}],"collection":[{"href":"https:\/\/meijenfeldt.nl\/index.php?rest_route=\/wp\/v2\/pages"}],"about":[{"href":"https:\/\/meijenfeldt.nl\/index.php?rest_route=\/wp\/v2\/types\/page"}],"author":[{"embeddable":true,"href":"https:\/\/meijenfeldt.nl\/index.php?rest_route=\/wp\/v2\/users\/1"}],"replies":[{"embeddable":true,"href":"https:\/\/meijenfeldt.nl\/index.php?rest_route=%2Fwp%2Fv2%2Fcomments&post=37845"}],"version-history":[{"count":207,"href":"https:\/\/meijenfeldt.nl\/index.php?rest_route=\/wp\/v2\/pages\/37845\/revisions"}],"predecessor-version":[{"id":79403,"href":"https:\/\/meijenfeldt.nl\/index.php?rest_route=\/wp\/v2\/pages\/37845\/revisions\/79403"}],"wp:attachment":[{"href":"https:\/\/meijenfeldt.nl\/index.php?rest_route=%2Fwp%2Fv2%2Fmedia&parent=37845"}],"curies":[{"name":"wp","href":"https:\/\/api.w.org\/{rel}","templated":true}]}}