{"id":37422,"date":"2021-03-06T14:07:30","date_gmt":"2021-03-06T14:07:30","guid":{"rendered":"http:\/\/meijenfeldt.nl\/?page_id=37422"},"modified":"2022-10-30T16:36:23","modified_gmt":"2022-10-30T16:36:23","slug":"adelsverzoek-wilhelm-meijer","status":"publish","type":"page","link":"https:\/\/meijenfeldt.nl\/?page_id=37422","title":{"rendered":"Adelsbrief von Meijersfeldt"},"content":{"rendered":"<p><span style=\"font-size: 14pt; color: #000000;\"><strong>Adelsbrief gegeven door Leopold I, Duitse koning-keizer van het Heilige Roomse Rijk, koning van Hongarije, koning van Bohemen.<\/strong><\/span><\/p>\n<p><a href=\"https:\/\/meijenfeldt.nl\/wp-content\/uploads\/2020\/12\/Meijersfeld-1704.pdf\"><span style=\"color: #008000;\"><span style=\"color: #0000ff;\">Von Meijersfeld 05-11-1704<\/span><\/span><\/a><\/p>\n<table style=\"border-collapse: collapse; width: 100%; height: 82px;\">\n<tbody>\n<tr style=\"height: 28px;\">\n<td style=\"width: 50%; height: 28px;\"><span style=\"color: #800000; font-size: 10pt;\"><strong>Transcriptie<\/strong><\/span><\/td>\n<td style=\"width: 50%; height: 28px;\"><span style=\"color: #800000; font-size: 10pt;\"><strong>Vertaling<\/strong><\/span><\/td>\n<\/tr>\n<tr style=\"height: 28px;\">\n<td style=\"text-align: center; height: 28px; width: 100%;\" colspan=\"2\"><span style=\"font-size: 10pt;\"><span style=\"color: #000000;\">folio 1<\/span><span style=\"color: #800000;\"><strong><br \/>\n<\/strong><\/span><\/span><\/td>\n<\/tr>\n<tr>\n<td style=\"text-align: center; width: 50%;\"><span style=\"font-size: 10pt;\"><span style=\"color: #000000;\">\u00a0<\/span><\/span><\/td>\n<td style=\"text-align: center; width: 50%;\"><span style=\"font-size: 10pt;\"><span style=\"color: #000000;\">\u00a0<\/span><\/span><\/td>\n<\/tr>\n<\/tbody>\n<\/table>\n<p><span style=\"color: #0000ff;\"><a style=\"color: #0000ff;\" href=\"https:\/\/meijenfeldt.nl\/wp-content\/uploads\/2020\/12\/Liht-1697.pdf\">Joh. u. Fido von der Liht 06-09-1697<\/a><\/span><\/p>\n<table style=\"border-collapse: collapse; width: 100%; height: 66px;\">\n<tbody>\n<tr style=\"height: 28px;\">\n<td style=\"width: 50%; height: 28px;\"><span style=\"color: #800000; font-size: 10pt;\"><strong>Transcriptie<\/strong><\/span><\/td>\n<td style=\"width: 50%; height: 28px;\"><span style=\"color: #800000; font-size: 10pt;\"><strong>Vertaling<\/strong><\/span><\/td>\n<\/tr>\n<tr style=\"height: 28px;\">\n<td style=\"text-align: center; height: 28px; width: 100%;\" colspan=\"2\"><span style=\"font-size: 10pt;\"><span style=\"color: #000000;\">folio 8<\/span><span style=\"color: #800000;\"><strong><br \/>\n<\/strong><\/span><\/span><\/td>\n<\/tr>\n<tr>\n<td style=\"text-align: center; width: 50%;\"><span style=\"font-size: 10pt;\"><span style=\"color: #000000;\">\u00a0<\/span><\/span><\/td>\n<td style=\"text-align: center; width: 50%;\"><span style=\"font-size: 10pt;\"><span style=\"color: #000000;\">\u00a0<\/span><\/span><\/td>\n<\/tr>\n<tr>\n<td style=\"text-align: center; width: 100%;\" colspan=\"2\"><span style=\"font-size: 10pt;\"><span style=\"color: #000000;\">folio 8v<\/span><\/span><span style=\"font-size: 10pt;\"><span style=\"color: #000000;\"><br \/>\n<\/span><\/span><\/td>\n<\/tr>\n<tr>\n<td style=\"text-align: center; width: 50%;\"><span style=\"font-size: 10pt;\"><span style=\"color: #000000;\">\u00a0<\/span><\/span><\/td>\n<td style=\"text-align: center; width: 50%;\"><span style=\"font-size: 10pt;\"><span style=\"color: #000000;\">\u00a0<\/span><\/span><\/td>\n<\/tr>\n<tr>\n<td style=\"text-align: center; width: 100%;\" colspan=\"2\"><span style=\"font-size: 10pt;\"><span style=\"color: #000000;\">folio 9<\/span><\/span><\/td>\n<\/tr>\n<tr>\n<td style=\"text-align: center; width: 50%;\"><span style=\"font-size: 10pt;\"><span style=\"color: #000000;\">\u00a0<\/span><\/span><\/td>\n<td style=\"text-align: center; width: 50%;\"><span style=\"font-size: 10pt;\"><span style=\"color: #000000;\">\u00a0<\/span><\/span><\/td>\n<\/tr>\n<tr>\n<td style=\"text-align: center; width: 100%;\" colspan=\"2\"><span style=\"font-size: 10pt;\"><span style=\"color: #000000;\">folio 9v<\/span><\/span><\/td>\n<\/tr>\n<tr>\n<td style=\"text-align: center; width: 50%;\"><span style=\"font-size: 10pt;\"><span style=\"color: #000000;\">\u00a0<\/span><\/span><\/td>\n<td style=\"text-align: center; width: 50%;\"><span style=\"font-size: 10pt;\"><span style=\"color: #000000;\">\u00a0<\/span><\/span><\/td>\n<\/tr>\n<tr>\n<td style=\"text-align: center; width: 100%;\" colspan=\"2\"><span style=\"font-size: 10pt;\"><span style=\"color: #000000;\">folio 10<\/span><\/span><\/td>\n<\/tr>\n<tr>\n<td style=\"text-align: center; width: 50%;\"><span style=\"font-size: 10pt;\"><span style=\"color: #000000;\">\u00a0<\/span><\/span><\/td>\n<td style=\"text-align: center; width: 50%;\"><span style=\"font-size: 10pt;\"><span style=\"color: #000000;\">\u00a0<\/span><\/span><\/td>\n<\/tr>\n<tr>\n<td style=\"text-align: center; width: 100%;\" colspan=\"2\"><span style=\"font-size: 10pt;\"><span style=\"color: #000000;\">folio 10v<\/span><\/span><\/td>\n<\/tr>\n<tr>\n<td style=\"text-align: center; width: 50%;\"><span style=\"font-size: 10pt;\"><span style=\"color: #000000;\">\u00a0<\/span><\/span><\/td>\n<td style=\"text-align: center; width: 50%;\"><span style=\"font-size: 10pt;\"><span style=\"color: #000000;\">\u00a0<\/span><\/span><\/td>\n<\/tr>\n<tr>\n<td style=\"text-align: center; width: 100%;\" colspan=\"2\"><span style=\"font-size: 10pt;\"><span style=\"color: #000000;\">folio 11<\/span><\/span><\/td>\n<\/tr>\n<tr>\n<td style=\"text-align: center; width: 50%;\"><span style=\"font-size: 10pt;\"><span style=\"color: #000000;\">\u00a0<\/span><\/span><\/td>\n<td style=\"text-align: center; width: 50%;\"><span style=\"font-size: 10pt;\"><span style=\"color: #000000;\">\u00a0<\/span><\/span><\/td>\n<\/tr>\n<tr>\n<td style=\"text-align: center; width: 100%;\" colspan=\"2\"><span style=\"font-size: 10pt;\"><span style=\"color: #000000;\">folio 11v<\/span><\/span><\/td>\n<\/tr>\n<tr>\n<td style=\"text-align: center; width: 50%;\"><span style=\"font-size: 10pt;\"><span style=\"color: #000000;\">\u00a0<\/span><\/span><\/td>\n<td style=\"text-align: center; width: 50%;\"><span style=\"font-size: 10pt;\"><span style=\"color: #000000;\">\u00a0<\/span><\/span><\/td>\n<\/tr>\n<tr>\n<td style=\"text-align: center; width: 50%;\" colspan=\"2\"><span style=\"font-size: 10pt;\"><span style=\"color: #000000;\">folio 12<\/span><\/span><\/td>\n<\/tr>\n<tr>\n<td style=\"text-align: center; width: 50%;\"><span style=\"font-size: 10pt;\"><span style=\"color: #000000;\">\u00a0<\/span><\/span><\/td>\n<td style=\"text-align: center; width: 50%;\"><span style=\"font-size: 10pt;\"><span style=\"color: #000000;\">\u00a0<\/span><\/span><\/td>\n<\/tr>\n<tr>\n<td style=\"text-align: center; width: 50%;\" colspan=\"2\"><span style=\"font-size: 10pt;\"><span style=\"color: #000000;\">folio 12v<\/span><\/span><\/td>\n<\/tr>\n<tr>\n<td style=\"text-align: center; width: 50%;\"><span style=\"font-size: 10pt;\"><span style=\"color: #000000;\">\u00a0<\/span><\/span><\/td>\n<td style=\"text-align: center; width: 50%;\"><span style=\"font-size: 10pt;\"><span style=\"color: #000000;\">\u00a0<\/span><\/span><\/td>\n<\/tr>\n<tr>\n<td style=\"text-align: center; width: 50%;\" colspan=\"2\"><span style=\"font-size: 10pt;\"><span style=\"color: #000000;\">folio 13<\/span><\/span><\/td>\n<\/tr>\n<tr>\n<td style=\"text-align: center; width: 50%;\"><span style=\"font-size: 10pt;\"><span style=\"color: #000000;\">\u00a0<\/span><\/span><\/td>\n<td style=\"text-align: center; width: 50%;\"><span style=\"font-size: 10pt;\"><span style=\"color: #000000;\">\u00a0<\/span><\/span><\/td>\n<\/tr>\n<tr>\n<td style=\"text-align: center; width: 50%;\" colspan=\"2\"><span style=\"font-size: 10pt;\"><span style=\"color: #000000;\">folio 13v<\/span><\/span><\/td>\n<\/tr>\n<tr>\n<td style=\"text-align: center; width: 50%;\"><span style=\"font-size: 10pt;\"><span style=\"color: #000000;\">\u00a0<\/span><\/span><\/td>\n<td style=\"text-align: center; width: 50%;\"><span style=\"font-size: 10pt;\"><span style=\"color: #000000;\">\u00a0<\/span><\/span><\/td>\n<\/tr>\n<\/tbody>\n<\/table>\n<p><span style=\"color: #0000ff;\"><a style=\"color: #0000ff;\" href=\"https:\/\/meijenfeldt.nl\/wp-content\/uploads\/2020\/12\/Meijer-1704.pdf\">Wilhelm Meijers Gesuch<\/a>\u00a0<\/span><\/p>\n<p><span style=\"color: #000000;\">Alleruntherthl: dem\u00fcthigstes Suchen, da\u03b2 Ihro Kaijl: Maijtt: allerg\u00f0st gerufe wolten, aus angef\u00fchrten Ursachen Mich und Meiner Descendentes Mann= und Weibl: Geschlechts in alten Adelstandt zu setzen, da\u03b2 Predicat Von ertheilen, und meinen Nahmen Meijer in Meyersfeld verwandlen &amp; &amp;\u00a0<\/span><\/p>\n<table style=\"border-collapse: collapse; width: 100%; height: 616px;\">\n<tbody>\n<tr style=\"height: 28px;\">\n<td style=\"width: 50%; height: 28px;\"><span style=\"color: #800000; font-size: 10pt;\"><strong>Transcriptie<\/strong><\/span><\/td>\n<td style=\"width: 50%; height: 28px;\"><span style=\"color: #800000; font-size: 10pt;\"><strong>Vertaling<\/strong><\/span><\/td>\n<\/tr>\n<tr style=\"height: 28px;\">\n<td style=\"width: 50%; text-align: center; height: 28px;\" colspan=\"2\"><span style=\"font-size: 10pt;\"><span style=\"color: #000000;\">folio 14<\/span><span style=\"color: #800000;\"><strong><br \/>\n<\/strong><\/span><\/span><\/td>\n<\/tr>\n<tr style=\"height: 560px;\">\n<td style=\"width: 50%; height: 560px;\"><span style=\"font-size: 10pt; color: #000000;\">Allerdurchleuchtist= Gro\u03b2m\u00e4chtigst= und In\u00fcberwindlicher R\u00f6mische Kaijszer &amp; &amp;<\/span><br \/>\n<span style=\"font-size: 10pt; color: #000000;\">Allergn\u00e4digster Kaijszer, K\u00f6nig, und Herr Herr,<\/span><span style=\"font-size: 10pt; color: #000000;\">Euer Kaijl: und K\u00f6nigl: Maijtt: werden allergn\u00e4digst gerufen, durch dieses alleruntherthl: Memoriale welches mit gebogenen Knijen zu dero f\u00fcessen lege, &#8230; Devotion vorstellen zu lassen, welcher gestalt durch g\u00f6ttl: direction Anno 1667. von Christl: eltern, in ihro K\u00e4ijl: Maijl: und des freies Reichs=Statt Brehmen in dies welt gebohren worden, und hat mein seul: Vatter, welcher aus einen alten und guten Geschlecht aus besagter Kaijl: freijen Reichs=Statt Brehmen entsprungen, Wilhelm Maijer geheisen, welcher Profession von studieren gemacht, nach absolvirten studijs aber auff seine G\u00fcttern in die Graffschaft Oldenburg und Delmenhorst, von seinen mittels gelebet; Meine Mutter aber, Emerentia von der Liht geheisen, ist aus dem Uhralten Hause derer Von der Liht her kommen, und ist Ihr &#8230; Vatter Johann Dietrich von der Liht genant worden, welcher B\u00fcrgermeister der Statt Verde und Inspector Gymnasij Academici daselbst lange Jahre gewesen, und seinen &#8230;..<\/span><\/td>\n<td style=\"width: 50%; height: 560px;\"><\/td>\n<\/tr>\n<tr>\n<td style=\"width: 50%; text-align: center;\" colspan=\"2\"><span style=\"font-size: 10pt; color: #000000;\">folio 14v<\/span><\/td>\n<\/tr>\n<tr>\n<td style=\"width: 50%;\"><span style=\"font-size: 10pt; color: #000000;\">\u00a0&#8230;.. dessen leiblichen bruder Tido Heinrich von der Liht gehaisen, so weijlandt ein Raths mitgliedt\u00a0<\/span><\/td>\n<td style=\"width: 50%;\"><\/td>\n<\/tr>\n<\/tbody>\n<\/table>\n","protected":false},"excerpt":{"rendered":"<p>Adelsbrief gegeven door Leopold I, Duitse koning-keizer van het Heilige Roomse Rijk, koning van Hongarije, koning van Bohemen. Von Meijersfeld 05-11-1704 Transcriptie Vertaling folio 1 \u00a0 \u00a0 Joh. u. Fido von der Liht 06-09-1697 Transcriptie Vertaling folio 8 \u00a0 \u00a0 folio 8v \u00a0 \u00a0 folio 9 \u00a0 \u00a0 folio 9v \u00a0 \u00a0 folio 10 \u00a0 &hellip; <a href=\"https:\/\/meijenfeldt.nl\/?page_id=37422\" class=\"more-link\">Verder lezen <span class=\"screen-reader-text\">Adelsbrief von Meijersfeldt<\/span><\/a><\/p>\n","protected":false},"author":1,"featured_media":0,"parent":0,"menu_order":0,"comment_status":"closed","ping_status":"closed","template":"","meta":{"footnotes":""},"class_list":["post-37422","page","type-page","status-publish","hentry"],"_links":{"self":[{"href":"https:\/\/meijenfeldt.nl\/index.php?rest_route=\/wp\/v2\/pages\/37422","targetHints":{"allow":["GET"]}}],"collection":[{"href":"https:\/\/meijenfeldt.nl\/index.php?rest_route=\/wp\/v2\/pages"}],"about":[{"href":"https:\/\/meijenfeldt.nl\/index.php?rest_route=\/wp\/v2\/types\/page"}],"author":[{"embeddable":true,"href":"https:\/\/meijenfeldt.nl\/index.php?rest_route=\/wp\/v2\/users\/1"}],"replies":[{"embeddable":true,"href":"https:\/\/meijenfeldt.nl\/index.php?rest_route=%2Fwp%2Fv2%2Fcomments&post=37422"}],"version-history":[{"count":12,"href":"https:\/\/meijenfeldt.nl\/index.php?rest_route=\/wp\/v2\/pages\/37422\/revisions"}],"predecessor-version":[{"id":37446,"href":"https:\/\/meijenfeldt.nl\/index.php?rest_route=\/wp\/v2\/pages\/37422\/revisions\/37446"}],"wp:attachment":[{"href":"https:\/\/meijenfeldt.nl\/index.php?rest_route=%2Fwp%2Fv2%2Fmedia&parent=37422"}],"curies":[{"name":"wp","href":"https:\/\/api.w.org\/{rel}","templated":true}]}}