{"id":36560,"date":"2021-01-23T20:58:13","date_gmt":"2021-01-23T20:58:13","guid":{"rendered":"http:\/\/meijenfeldt.nl\/?page_id=36560"},"modified":"2025-07-06T12:26:07","modified_gmt":"2025-07-06T12:26:07","slug":"1-3-jonge-officieren","status":"publish","type":"page","link":"https:\/\/meijenfeldt.nl\/?page_id=36560","title":{"rendered":"1.3. Andreas &#038; Zn"},"content":{"rendered":"<p style=\"text-align: center;\"><span style=\"color: #800000;\"><strong>Samenvatting 1630-1700<\/strong><\/span><\/p>\n<p style=\"text-align: justify;\"><span style=\"color: #008000;\"><a style=\"color: #008000;\" href=\"https:\/\/meijenfeldt.nl\/?page_id=5139\"><span style=\"color: #0000ff;\">Johann<\/span><\/a><\/span><span style=\"color: #000000; text-align: justify;\"> Meijer en Dorotea von Taube krijgen in Lijfland een zoon Andreas (Duits), Anders (Zweeds) of Andreae (Latijn). In zijn <\/span><span style=\"color: #0000ff;\"><a style=\"color: #0000ff;\" href=\"https:\/\/meijenfeldt.nl\/?page_id=112\">eerste 30 levensjaren<\/a> <span style=\"color: #000000;\">is hij officier in de Dertigjarige Oorlog en de Zweeds-Poolse Oorlog en hofmeester voor de jonge broers Von Wrangel<\/span><\/span><span style=\"color: #000000; text-align: justify;\">. In 1660 trouwt hij met <\/span><span style=\"color: #0000ff;\"><a style=\"color: #0000ff;\" href=\"https:\/\/meijenfeldt.nl\/?page_id=23977\">Catharina Wulff<\/a><\/span><span style=\"color: #000000; text-align: justify;\">.\u00a0 Hij wordt <\/span><span style=\"color: #008000;\"><span style=\"color: #0000ff;\"><a style=\"color: #0000ff;\" href=\"https:\/\/meijenfeldt.nl\/?page_id=27230\">hoofdinspecteur<\/a><\/span> <span style=\"color: #000000;\">in Oberpahlen<\/span><\/span><span style=\"color: #000000; text-align: justify;\">. In 1674 wordt Andreas in de <\/span><span style=\"color: #0000ff;\"><a style=\"color: #0000ff;\" href=\"https:\/\/meijenfeldt.nl\/?page_id=18673\">Zweedse adelstand<\/a><\/span><span style=\"color: #000000; text-align: justify;\"> verheven met <\/span><span style=\"color: #000000;\">schildbrief<\/span><span style=\"color: #000000; text-align: justify;\">\u00a0en wapenschild. <\/span><\/p>\n<p style=\"text-align: justify;\"><span style=\"color: #000000; text-align: justify;\">De drie zonen van Andreas von Meijerfeldt en Catharina Wulff gaan op jonge leeftijd in het Zweedse leger en krijgen vanwege hun adelstand meteen een officiersrang. Zij krijgen hun opleiding en promoties in Lijfland. Carl Friedrich doet oorlogservaring op in<\/span><span style=\"color: #000000;\">\u00a0de <\/span><span style=\"color: #0000ff;\"><a style=\"color: #0000ff;\" href=\"https:\/\/meijenfeldt.nl\/?page_id=124\">Zuidelijke Nederlanden<\/a><\/span>, eerst in Franse dienst, daarna in Staatse<span style=\"color: #000000; text-align: justify;\">. Johann August doet hetzelfde in <\/span><span style=\"color: #0000ff;\"><a style=\"color: #0000ff;\" href=\"https:\/\/meijenfeldt.nl\/?page_id=13845\">Staatse dienst<\/a><\/span><span style=\"color: #000000; text-align: justify;\"> en strijdt vooral op het slagveld in <\/span><span style=\"color: #0000ff;\"><a style=\"color: #0000ff;\" href=\"https:\/\/meijenfeldt.nl\/?page_id=13847\">Brabant<\/a><\/span><span style=\"color: #000000; text-align: justify;\">. De broers bevrijden gedrie\u00ebn hun <\/span><span style=\"color: #0000ff;\"><a style=\"color: #0000ff;\" href=\"https:\/\/meijenfeldt.nl\/?page_id=126\">vaderland<\/a> <\/span><span style=\"color: #000000; text-align: justify;\">tegen de inval van Saksen en Moskovi\u00eb en steken daarna zuidelijk de <\/span><span style=\"color: #0000ff;\"><a style=\"color: #0000ff;\" href=\"https:\/\/meijenfeldt.nl\/?page_id=128\">rivier de D\u00fcna<\/a><\/span><span style=\"color: #000000; text-align: justify;\"> over.\u00a0<\/span><\/p>\n<p style=\"text-align: center;\"><span style=\"color: #800000;\"><strong>Achtergronden<\/strong><\/span><\/p>\n<p style=\"text-align: justify;\"><span style=\"color: #000000;\">Andreas Meijer maakt het staartje van de Dertigjarige Oorlog mee. Deze voornamelijk godsdienstig gedreven oorlog wordt in de Duitse gebieden uitgevochten tussen enerzijds Zweden, Frankrijk en de Republiek en anderzijds Spanje, Denemarken en de Keizerlijke troepen. In de zomer van het geboortejaar van Andreas landt de Zweedse koning Gustaaf II Adolf met vierduizend troepen in het hertogdom Pommeren om zich aan protestantse zijde te mengen in deze oorlog. Met veel Nederlandse invloed (Maurits&#8217; gevechtstechnieken, De Geer&#8217;s mijnbouw- en wapenindustrie en bankwezen) had hij de naam \u2018Leeuw van het Noorden\u2019 opgebouwd. <\/span><\/p>\n<p style=\"text-align: justify;\"><span style=\"color: #000000;\">In een snelle veldtocht behaalt Gustaaf II Adolf diep in de Duitse gebieden overwinningen: Frankfurt, Augsburg en L\u00fctzen. In laatstbedoelde stad bij Leipzig is het op 16 november 1632 rond het middaguur wanneer de koning, in een melange van geweerrook en zware mist, gescheiden raakt van zijn cavalerie bij het leiden van een charge. Hij en zijn paard worden getroffen door meerdere kogels. Eerst in zijn linker onderarm. Daarna in zijn rug. Eenmaal liggend op de grond ontvangt hij een fataal schot op zijn slaap. Zijn leven eindigt<\/span><span style=\"color: #000000;\"> een kleine anderhalf jaar na zijn landing.\u00a0<\/span><\/p>\n<p style=\"text-align: justify;\"><span style=\"color: #000000;\">Als Andreas Meijer dit strijdtoneel betreedt vinden er al vredesonderhandelingen plaats in de neutrale en gedemilitariseerde buursteden M\u00fcnster en Osnabr\u00fcck, gelegen in het hertogdom Westfalen. In M\u00fcnster onderhandelt Frankrijk met het Heilig Roomse Rijk der Duitse Natie. Hetzelfde geldt voor Republiek en Spanje. Zij bereiken op 30 januari 1648 overeenstemming en brengen daarmee een eind aan de Tachtigjarige Oorlog en de erkenning van de Republiek als soevereine staat door de Habsburgers in Spanje.<\/span><\/p>\n<p style=\"text-align: justify;\"><span style=\"color: #000000;\">De Zweden geven de voorkeur aan het bi-confessionele Osnabr\u00fcck voor de vredesonderhandelingen. Het laatste wapenfeit van de Zweden in deze oorlog is het beleg van Praag. In de nacht van 25 op 26 juli weten zij over een zwak bewaakt deel van de stadsmuur te klimmen, de bewakers te overweldigen en openen de Strahovpoort. Tegen de ochtend is de Praagse burcht en het stadsdeel te wensten van de Moldau in handen van de Zweden. Als vervolgens de Fransen een Spaanse offensief in Vlaanderen weten te keren, voelt de Habsburgse keizer Ferdinand III zich genoodzaakt om de vredesvoorwaarden te accepteren. Op 24 oktober tekent hij de vredesverdragen met Frankrijk en Zweden. E\u00e9n van de gevolgen hiervan is dat het hertogdom Pommeren en het aartsbisdom Bremen-Verden in een personele unie aan Zweden komen, plus de daartussenin gelegen sterke vestingstad en keizerlijk leengoed Wismar.<\/span><\/p>\n<p style=\"text-align: justify;\"><span style=\"color: #000000;\">Volgens de nieuwe regels van Karel XI moeten de drie zonen &#8211; ook al zijn zij van adel &#8211; als gemeen soldaat in het leger beginnen, alle onderdelen doorlopen en een korte opleiding volgen. Volgens het plaatselijke recht van die tijd zijn zij op hun twintigste pas meerderjarig, maar kunnen wel eerder het leger in. Militaire opleiding en oefening kan in Lijfland plaatsvinden, maar werkelijke deelneming aan een oorlog niet, omdat Zweden &#8211; bij wijze van uitzondering &#8211; met geen van zijn buurlanden in oorlog is. <\/span><\/p>\n<p style=\"text-align: justify;\"><span style=\"color: #000000;\">Oorlogservaring kan alleen in het buitenland worden opgedaan. Daar moet permissie van de Zweedse koning voor verkregen worden. Carl Friedrich en Johann August volgen deze weg. Zij strijden in de Zuidelijke Nederlanden: Carl Friedrich eerst nog aan de kant van de Franse koning Lodewijk XIV, maar daarna allebei in dienst van de Republiek der Zeven Verenigde Nederlanden onder koning-stadhouder Willem III.<\/span><\/p>\n<p style=\"text-align: center;\"><span style=\"color: #800000;\"><strong>Handschriften<\/strong><\/span><\/p>\n<p style=\"text-align: justify;\"><span style=\"color: #000000;\">In dit hoofdstuk<\/span><span style=\"color: #000000;\"> is gebruik gemaakt van ongeveer 40 bewaard gebleven brieven van Andreas Meijer, vooral aan zijn opdrachtgever Carl Gustaf von Wrangel, vanuit T\u00fcbingen (inclusief Conitz en Stolpe), Gl\u00fcckstadt (inclusief Frankfurt en L\u00fcbeck) en Oberpahlen (inclusief reizen naar Stockholm, Reval en Riga). Met name is gebruik gemaakt van zijn onderstaande\u00a0relaas:<\/span><a href=\"https:\/\/meijenfeldt.nl\/wp-content\/uploads\/2022\/09\/1657-06-25-Gluckstadt.pdf\"><img loading=\"lazy\" decoding=\"async\" class=\"wp-image-52644 aligncenter\" src=\"https:\/\/meijenfeldt.nl\/wp-content\/uploads\/2023\/01\/Wahrhaffte-Relation-300x84.jpg\" alt=\"\" width=\"582\" height=\"163\" srcset=\"https:\/\/meijenfeldt.nl\/wp-content\/uploads\/2023\/01\/Wahrhaffte-Relation-300x84.jpg 300w, https:\/\/meijenfeldt.nl\/wp-content\/uploads\/2023\/01\/Wahrhaffte-Relation-1024x288.jpg 1024w, https:\/\/meijenfeldt.nl\/wp-content\/uploads\/2023\/01\/Wahrhaffte-Relation-768x216.jpg 768w, https:\/\/meijenfeldt.nl\/wp-content\/uploads\/2023\/01\/Wahrhaffte-Relation-1536x432.jpg 1536w, https:\/\/meijenfeldt.nl\/wp-content\/uploads\/2023\/01\/Wahrhaffte-Relation.jpg 1620w\" sizes=\"auto, (max-width: 582px) 100vw, 582px\" \/><\/a><span style=\"font-size: 10pt;\"><span style=\"color: #000000;\"><em>\u201cWahrhaffte Relation Wie Ich nebst meinem Anvertrauten Baron Wrangell undt einem Diener den 20<sup>ten<\/sup> Junij auf L\u00fcnenburgischem grundt und boden von den K\u00f6nigl. D\u00e4hnische Solldaten zwischen Harburgh undt Hamburgh angehalten und aller bei mich habenden Sachen benommen worden\u201d.\u00a0<\/em><\/span><a style=\"color: #0000ff;\" href=\"#voetnoot\">(1)<\/a> <\/span><\/p>\n<p style=\"text-align: justify;\">Een ander gebruikt handschrift is niet van hemzelf maar ondertekend door de Zweedse koning: zijn<span style=\"color: #000000;\">\u00a0<span style=\"color: #0000ff;\"><a style=\"color: #0000ff;\" href=\"https:\/\/meijenfeldt.nl\/?page_id=54278\">schildbrief<\/a><\/span>.<\/span><\/p>\n<p style=\"text-align: center;\"><img loading=\"lazy\" decoding=\"async\" class=\" wp-image-55055 aligncenter\" src=\"https:\/\/meijenfeldt.nl\/wp-content\/uploads\/2023\/04\/Skolde-Bref-300x190.jpg\" alt=\"\" width=\"472\" height=\"299\" srcset=\"https:\/\/meijenfeldt.nl\/wp-content\/uploads\/2023\/04\/Skolde-Bref-300x190.jpg 300w, https:\/\/meijenfeldt.nl\/wp-content\/uploads\/2023\/04\/Skolde-Bref-768x486.jpg 768w, https:\/\/meijenfeldt.nl\/wp-content\/uploads\/2023\/04\/Skolde-Bref.jpg 1024w\" sizes=\"auto, (max-width: 472px) 100vw, 472px\" \/><em><span style=\"font-size: 10pt;\">Sk\u00f6ldebref f\u00f6r Inspectoren Meijerfelt, Stockholm 24 november 1674<\/span><\/em><\/p>\n<p style=\"text-align: justify;\"><span style=\"color: #000000;\">Van zijn zonen <\/span><span style=\"color: #000000;\">Carl Friedrich en Johann August is de door henzelf opgetekende<\/span><span style=\"color: #000000;\"> staat van dienst over de eerste periode gebruikt.<\/span><\/p>\n<p style=\"text-align: center;\"><a href=\"https:\/\/meijenfeldt.nl\/?page_id=53279\"><img loading=\"lazy\" decoding=\"async\" class=\"wp-image-53179 aligncenter\" style=\"text-align: center;\" src=\"https:\/\/meijenfeldt.nl\/wp-content\/uploads\/2023\/02\/Merit-CFMsr-274x300.jpg\" alt=\"\" width=\"558\" height=\"611\" srcset=\"https:\/\/meijenfeldt.nl\/wp-content\/uploads\/2023\/02\/Merit-CFMsr-274x300.jpg 274w, https:\/\/meijenfeldt.nl\/wp-content\/uploads\/2023\/02\/Merit-CFMsr-768x842.jpg 768w, https:\/\/meijenfeldt.nl\/wp-content\/uploads\/2023\/02\/Merit-CFMsr.jpg 779w\" sizes=\"auto, (max-width: 558px) 100vw, 558px\" \/><\/a><em style=\"text-align: center;\"><span style=\"color: #000000; font-size: 10pt;\"><span style=\"color: #0000ff;\"><a style=\"color: #0000ff;\" href=\"https:\/\/meijenfeldt.nl\/?page_id=53279\">Meritf\u00f6rteckning<\/a><\/span>\u00a0(staat van dienst) <\/span><\/em><em><span style=\"color: #000000; font-size: 10pt;\">1780-1791<\/span><\/em><em><span style=\"color: #000000; font-size: 10pt;\"> van Carl Friedrich<\/span><\/em><\/p>\n<p style=\"text-align: center;\"><a href=\"https:\/\/meijenfeldt.nl\/wp-content\/uploads\/2020\/10\/1683-1700-Meritforteckning.pdf\"><img loading=\"lazy\" decoding=\"async\" class=\"wp-image-34185 aligncenter\" src=\"https:\/\/meijenfeldt.nl\/wp-content\/uploads\/2020\/10\/CV-1683-1701-300x132.jpg\" alt=\"\" width=\"607\" height=\"267\" srcset=\"https:\/\/meijenfeldt.nl\/wp-content\/uploads\/2020\/10\/CV-1683-1701-300x132.jpg 300w, https:\/\/meijenfeldt.nl\/wp-content\/uploads\/2020\/10\/CV-1683-1701-1024x452.jpg 1024w, https:\/\/meijenfeldt.nl\/wp-content\/uploads\/2020\/10\/CV-1683-1701-768x339.jpg 768w, https:\/\/meijenfeldt.nl\/wp-content\/uploads\/2020\/10\/CV-1683-1701-1536x678.jpg 1536w, https:\/\/meijenfeldt.nl\/wp-content\/uploads\/2020\/10\/CV-1683-1701.jpg 1745w\" sizes=\"auto, (max-width: 607px) 100vw, 607px\" \/><\/a><em><span style=\"color: #000000; font-size: 10pt;\"> <span style=\"color: #0000ff;\"><a style=\"color: #0000ff;\" href=\"https:\/\/meijenfeldt.nl\/?page_id=34155\">Meritf\u00f6rteckning<\/a> <span style=\"color: #000000;\">(staat van dienst<\/span><\/span>) <\/span><\/em><em><span style=\"color: #000000; font-size: 10pt;\">1783-1701 van<\/span><\/em><em><span style=\"color: #000000; font-size: 10pt;\"> Johann August<\/span><\/em><\/p>\n<p style=\"text-align: justify;\">Een ander gebruikt handschrift is niet van Johann August zelf maar ondertekend door de Zweedse koning: de <span style=\"color: #0000ff;\"><a style=\"color: #0000ff;\" href=\"https:\/\/meijenfeldt.nl\/?page_id=54227\">brief<\/a><\/span> <span style=\"color: #000000;\">waarin hij tot baron verheven wordt. In\u00a0 die brief worden zijn belevenissen vanaf 1684 geschetst.<\/span><\/p>\n<p style=\"text-align: justify;\"><span style=\"color: #000000;\">Tenslotte is gebruik gemaakt van de eerste opdrachten die koning Karel XII in 1701 aan Carl Friedrich en Johann August geeft. De eerste mondelinge opdracht om naar Kokenhusen te gaan staat in de dagboeken van Adlerfeld, Rehnski\u00f6ld en Nordberg. Twee schriftelijke besluiten en een briefje staan hieronder:<\/span><\/p>\n<p style=\"text-align: center;\"><img loading=\"lazy\" decoding=\"async\" class=\"alignnone wp-image-55075 aligncenter\" src=\"https:\/\/meijenfeldt.nl\/wp-content\/uploads\/2023\/04\/Besluit-Birsen-300x289.jpg\" alt=\"\" width=\"412\" height=\"397\" srcset=\"https:\/\/meijenfeldt.nl\/wp-content\/uploads\/2023\/04\/Besluit-Birsen-300x289.jpg 300w, https:\/\/meijenfeldt.nl\/wp-content\/uploads\/2023\/04\/Besluit-Birsen-768x739.jpg 768w, https:\/\/meijenfeldt.nl\/wp-content\/uploads\/2023\/04\/Besluit-Birsen.jpg 777w\" sizes=\"auto, (max-width: 412px) 100vw, 412px\" \/><span style=\"font-size: 10pt;\"><em style=\"color: #000000;\">&#8220;Ordres f\u00f6r Johan Augustin Meijerfelt ang\u00e5ende des f\u00f6rr\u00e4ttning i Birsen&#8221;, Alt-Raden<br \/>\n23 juli 1701, <\/em><span style=\"color: #000000;\">Riksarkivet, 1112.1. Riksregistraturet 1523-1718, B\/625, <\/span><span style=\"color: #0000ff;\"><a style=\"color: #0000ff;\" href=\"https:\/\/sok.riksarkivet.se\/bildvisning\/A0039120_00559#?c=&amp;m=&amp;s=&amp;cv=558&amp;xywh=1233%2C1596%2C4684%2C2755\"><em>folio 552<\/em><\/a><\/span><\/span><\/p>\n<p style=\"text-align: center;\"><em><span style=\"font-size: 10pt;\"><img loading=\"lazy\" decoding=\"async\" class=\"alignnone wp-image-53639\" src=\"https:\/\/meijenfeldt.nl\/wp-content\/uploads\/2023\/02\/1701-09-05-Sehlburg-CFMsr-300x286.jpg\" alt=\"\" width=\"410\" height=\"391\" srcset=\"https:\/\/meijenfeldt.nl\/wp-content\/uploads\/2023\/02\/1701-09-05-Sehlburg-CFMsr-300x286.jpg 300w, https:\/\/meijenfeldt.nl\/wp-content\/uploads\/2023\/02\/1701-09-05-Sehlburg-CFMsr.jpg 615w\" sizes=\"auto, (max-width: 410px) 100vw, 410px\" \/><br \/>\n<span style=\"color: #000000;\">&#8220;Instruction f\u00f6r Majoren Carl Fredrich Meijerfelt&#8221;,<br \/>\n&#8220;Commendantskapet p\u00e5 Sehlburg&#8221;, Grobin 5 september 1701,\u00a0<\/span><br \/>\n<\/span><span style=\"font-size: 10pt;\"><span style=\"color: #000000;\">Riksarkivet, 1112.1. Riksregistraturet 1523-1718, B\/626, <span style=\"color: #0000ff;\"><a style=\"color: #0000ff;\" href=\"https:\/\/sok.riksarkivet.se\/bildvisning\/A0039121_00277#?c=&amp;m=&amp;s=&amp;cv=276&amp;xywh=378%2C113%2C4684%2C2755\">folio 274<\/a><\/span>.<\/span><br \/>\n<\/span><\/em><\/p>\n<p style=\"text-align: center;\"><img loading=\"lazy\" decoding=\"async\" class=\" wp-image-22127 aligncenter\" src=\"https:\/\/meijenfeldt.nl\/wp-content\/uploads\/2019\/12\/635C32B3-5C60-4DC1-8D7B-DC7FCE31CFD1-300x196.jpeg\" alt=\"\" width=\"527\" height=\"344\" srcset=\"https:\/\/meijenfeldt.nl\/wp-content\/uploads\/2019\/12\/635C32B3-5C60-4DC1-8D7B-DC7FCE31CFD1-300x196.jpeg 300w, https:\/\/meijenfeldt.nl\/wp-content\/uploads\/2019\/12\/635C32B3-5C60-4DC1-8D7B-DC7FCE31CFD1.jpeg 724w\" sizes=\"auto, (max-width: 527px) 100vw, 527px\" \/><span style=\"font-size: 8pt;\"><span style=\"font-family: georgia, palatino, serif;\"><em>Persoonlijk briefje<\/em> <em>aan Johann August om naar Polangen te gaan, Grobin 9 september 1701,<\/em><br \/>\n<\/span><i>Riksarkivet, 710. Kungliga arkiv, 002\/\u223c\/7. Kungliga Handskriftsamlingan, K. Karl XII, 4b,<br \/>\n<a href=\"https:\/\/sok.riksarkivet.se\/bildvisning\/A0069169_00218\"><span style=\"color: #0000ff;\">folio 218<\/span><\/a><span style=\"color: #0000ff;\">, <span style=\"color: #000000;\"><em><span style=\"font-family: georgia, palatino, serif;\">staat in oudste geschiedenisboek <\/span><\/em><\/span><\/span><\/i><span style=\"color: #000000;\"><i><em><span style=\"font-family: georgia, palatino, serif;\">over Karel XII <\/span><\/em><\/i><i><em><span style=\"font-family: georgia, palatino, serif;\">dat jaar daarop verschijnt<\/span><\/em><\/i><\/span><\/span><\/p>\n<p style=\"text-align: center;\"><span style=\"color: #000000; font-size: 10pt;\"><span style=\"color: #0000ff;\"><a id=\"voetnoot\"><\/a>T<a style=\"color: #0000ff;\" href=\"https:\/\/meijenfeldt.nl\/?page_id=64266\">erug<\/a><\/span>\u00a0 \u00a0***\u00a0 \u00a0<a href=\"https:\/\/meijenfeldt.nl\/?page_id=112\"><span style=\"color: #0000ff;\">Verder<\/span><\/a><\/span><\/p>\n<p style=\"text-align: justify;\"><span style=\"color: #000000; font-size: 10pt;\">1. Riksarkivet Sverige, 720795 Skoklostersammlingen, II en III \u00d6vriga best\u00e5nd \/ 02 Carl Gustaf Wrangels Archiv \/ B Skrivelser till C. G. Wrangel \/ Vol E 8420 meier 012, <span style=\"color: #0000ff;\"><a style=\"color: #0000ff;\" href=\"https:\/\/meijenfeldt.nl\/?page_id=41155\">totaal 37 brieven<\/a>,<span style=\"color: #000000;\"> inclusief de <a style=\"color: #0000ff;\" href=\"https:\/\/meijenfeldt.nl\/?page_id=49711\">Wahrhaffte Relation<\/a>.<\/span><\/span> <span style=\"color: #0000ff;\"><span style=\"color: #000000;\">Het lezen van de brieven wordt bemoeilijkt door het 17<sup>de<\/sup> eeuwse handschrift, de oud-Duitse taal en doordat het geen netschrift is. Sommige brieven zijn gescand door <\/span><span style=\"color: #000000;\">het Riksarkivet en dat lukte niet altijd even scherp.<\/span><\/span><\/span><\/p>\n","protected":false},"excerpt":{"rendered":"<p>Samenvatting 1630-1700 Johann Meijer en Dorotea von Taube krijgen in Lijfland een zoon Andreas (Duits), Anders (Zweeds) of Andreae (Latijn). In zijn eerste 30 levensjaren is hij officier in de Dertigjarige Oorlog en de Zweeds-Poolse Oorlog en hofmeester voor de jonge broers Von Wrangel. In 1660 trouwt hij met Catharina Wulff.\u00a0 Hij wordt hoofdinspecteur in &hellip; <a href=\"https:\/\/meijenfeldt.nl\/?page_id=36560\" class=\"more-link\">Verder lezen <span class=\"screen-reader-text\">1.3. Andreas &#038; Zn<\/span><\/a><\/p>\n","protected":false},"author":1,"featured_media":0,"parent":0,"menu_order":0,"comment_status":"closed","ping_status":"closed","template":"","meta":{"footnotes":""},"class_list":["post-36560","page","type-page","status-publish","hentry"],"_links":{"self":[{"href":"https:\/\/meijenfeldt.nl\/index.php?rest_route=\/wp\/v2\/pages\/36560","targetHints":{"allow":["GET"]}}],"collection":[{"href":"https:\/\/meijenfeldt.nl\/index.php?rest_route=\/wp\/v2\/pages"}],"about":[{"href":"https:\/\/meijenfeldt.nl\/index.php?rest_route=\/wp\/v2\/types\/page"}],"author":[{"embeddable":true,"href":"https:\/\/meijenfeldt.nl\/index.php?rest_route=\/wp\/v2\/users\/1"}],"replies":[{"embeddable":true,"href":"https:\/\/meijenfeldt.nl\/index.php?rest_route=%2Fwp%2Fv2%2Fcomments&post=36560"}],"version-history":[{"count":33,"href":"https:\/\/meijenfeldt.nl\/index.php?rest_route=\/wp\/v2\/pages\/36560\/revisions"}],"predecessor-version":[{"id":73670,"href":"https:\/\/meijenfeldt.nl\/index.php?rest_route=\/wp\/v2\/pages\/36560\/revisions\/73670"}],"wp:attachment":[{"href":"https:\/\/meijenfeldt.nl\/index.php?rest_route=%2Fwp%2Fv2%2Fmedia&parent=36560"}],"curies":[{"name":"wp","href":"https:\/\/api.w.org\/{rel}","templated":true}]}}