{"id":34922,"date":"2020-11-21T14:00:13","date_gmt":"2020-11-21T14:00:13","guid":{"rendered":"http:\/\/meijenfeldt.nl\/?page_id=34922"},"modified":"2020-11-21T16:34:19","modified_gmt":"2020-11-21T16:34:19","slug":"kullberg","status":"publish","type":"page","link":"https:\/\/meijenfeldt.nl\/?page_id=34922","title":{"rendered":"Kullberg"},"content":{"rendered":"<p><span style=\"font-size: 14pt;\"><strong>Karl Anders af<\/strong> <b>Kullberg<\/b><\/span><\/p>\n<table style=\"border-collapse: collapse; width: 100%; height: 1616px;\">\n<tbody>\n<tr style=\"height: 104px;\">\n<td style=\"width: 33.3333%; height: 104px;\"><span style=\"color: #000000;\"><strong><span style=\"font-size: 10pt;\"><span style=\"font-size: 10pt;\">\u201cGustaf den tredje och hans hof. <\/span><\/span><\/strong><\/span><span style=\"color: #000000;\"><strong><span class=\"subtitle\" style=\"font-size: 10pt;\"><span dir=\"ltr\">F\u00f6rs\u00f6k till en karakters- och sedem\u00e5lning fr\u00e5n sista decenniet af adertonde \u00e5rhundradet&#8221;,<\/span><\/span><span style=\"font-size: 10pt;\"> J\u00f6nk\u00f6ping 1838.<\/span><\/strong><\/span><\/td>\n<td style=\"width: 33.3333%; height: 104px;\"><span style=\"font-size: 10pt; color: #000000;\"><strong>&#8220;Gustaf der Dritte und sein Hof&#8221;, Historischer Roman aus dem letzten Decennium des achtzehntenten Jahrhunderts&#8221;, Leipzig 1841, vert. C. Eichel.<\/strong> <\/span><\/td>\n<td style=\"width: 33.3333%; height: 104px;\"><strong><span style=\"font-size: 10pt;\"><span style=\"color: #000000;\">&#8220;Gustaaf III en zijn hof. Een geschiedkundige roman uit de laatste helft der XVIII&#8221;, Amsterdam 1841, vert. J. W. J. Steenbergen van Goor.<\/span> <\/span><\/strong><\/td>\n<\/tr>\n<tr style=\"height: 28px;\">\n<td style=\"width: 33.3333%; height: 28px;\"><span style=\"font-size: 10pt;\">deel 1, pag. ?<\/span><\/td>\n<td style=\"width: 33.3333%; height: 28px;\"><span style=\"font-size: 10pt;\">deel 1, pag. 144<\/span><\/td>\n<td style=\"width: 33.3333%; height: 28px;\"><span style=\"color: #0000ff;\"><a style=\"color: #0000ff;\" href=\"https:\/\/www.delpher.nl\/nl\/boeken1\/gview?query=mejerfeldt&amp;coll=boeken1&amp;identifier=6kBNAAAAcAAJ\"><span style=\"font-size: 10pt;\">deel 1, pag. 107<\/span><\/a><\/span><\/td>\n<\/tr>\n<tr>\n<td style=\"width: 33.3333%;\"><span style=\"font-size: 10pt;\">\u00a0<\/span><\/td>\n<td style=\"width: 33.3333%;\"><span style=\"font-size: 10pt;\">(&#8230;) und aus der Gr\u00e4fin Mejerfelt, die bereits eine untergehende Sonne war und, obwohl in die Liste der Anciennit\u00e4t die Erste, doch in der Reihe der Grazien die Letzte, den Jugend und Grazie m\u00fcssen, wie Fr\u00fcling und Blumen, bei einander sein.<\/span><\/td>\n<td style=\"width: 33.3333%;\"><span style=\"font-size: 10pt;\">Dit bekoorlijke klaverblad bestond uit (&#8230;) en uit de gravin MEJERFELDT, die reeds eene ondergaande zon was en, hoezeer naar den rang van jaren de eerste, nogtans in de rij der Gratien de laatste; want jeugd en bevalligheid moeten, evenals lente en bloemen, bij elkander zijn.<\/span><\/td>\n<\/tr>\n<tr style=\"height: 28px;\">\n<td style=\"width: 33.3333%; height: 28px;\"><span style=\"font-size: 10pt;\">deel 2, pag. 31-32<\/span><\/td>\n<td style=\"width: 33.3333%; height: 28px;\"><span style=\"font-size: 10pt;\"><a href=\"https:\/\/babel.hathitrust.org\/cgi\/pt?id=chi.089253567&amp;view=1up&amp;seq=111\"><span style=\"color: #0000ff;\">deel 2, pag. 107-108<\/span><\/a><\/span><\/td>\n<td style=\"width: 33.3333%; height: 28px;\"><span style=\"font-size: 10pt;\"><a href=\"https:\/\/www.delpher.nl\/nl\/boeken1\/gview?query=meijerfelt&amp;coll=boeken1&amp;identifier=AEFNAAAAcAAJ\"><span style=\"color: #0000ff;\">deel 2, pag. 99-100<\/span><\/a><\/span><\/td>\n<\/tr>\n<tr>\n<td style=\"width: 33.3333%;\"><span style=\"font-size: 10pt;\">&#8220;Se p\u00e5 Grefvinnan Mejerfelt, hur hon \u00e4r utstyrd, som om hon kl\u00e4dt sig, f\u00f6r att g\u00f6ra b\u00f6rnberna till viljes, till ett bondbr\u00f6llopp. Juvelerna i hennes kam l\u00e4ra vara tagna ur hennes mans presentsnusdoser. Fy! jag tycker<\/span> <span style=\"font-size: 10pt;\">just, de likta snus.&#8221;<\/span><br \/>\n<span style=\"font-size: 10pt;\">&#8220;Hon har lemnat sina Firatio bakom sig, och vill \u00e4nnu se tillbedjare framf\u00f6r sig. Det voro tid, hon gjorde frondf\u00f6r\u00e4ndring. Hon v\u00e4ndei alla fall sin b\u00e4st bibeh\u00e4llna sida \u00e5t adorat\u00f6rna &#8211; ifall n\u00e5gra s\u00e5 dana finnas till hennes behag, och icke till hennes hjerpar. Hon gaf i f\u00f6rg\u00e5r en superb sup\u00e9, troligtvis f\u00f6r att samla anh\u00e4ngare till i dag men det tyckes icke vara m\u00e5nga, som \u00e4mna strida under hennes urblekta f\u00f6rgor. Ah! se Baron Adelsch\u00f6ld adressar till henne n\u00e5gra ord &#8211; n\u00e5 n\u00e5! Grefvinnans man \u00e4r F\u00e4ltmarskalken, och Adelsch\u00f6ld \u00e4r L\u00f6jtenant. Men p\u00e5st\u00e5r ju, att det \u00e4r Grefvinnan, som v\u00e4ljer sin mans Adjudanter.&#8221;<br \/>\n&#8220;Derf\u00f6re har ocks\u00e5 F\u00e4ltmarskalken alltid haft att skryta af vackrdanter, som hyllat ancienniteten, f\u00f6r att kunna g\u00e5 f\u00f6rbi sina \u00e4ldra kamrater.&#8221; <\/span><\/td>\n<td style=\"width: 33.3333%;\"><span style=\"font-size: 10pt;\"><span style=\"color: #0000ff;\">\u00a0<\/span><\/span><\/td>\n<td style=\"width: 33.3333%;\"><span style=\"font-size: 10pt;\">\u201cWat dunkt u van de gravin MEIJERFELT? Hoe bespottelijk heeft zij zich opgeschikt! Ziet zij er niet uit, alsof zij naar eene boerenbruiloft moest! \u2212 De juweelen in haren haarkam schijnen van de snuifdoos genomen te zijn, welke haar man eens ten geschenk heeft ontvangen. Foei, zij zullen, buiten twijfel, sterk naar snuif rieken!\u201d<br \/>\n\u201cZij heeft de veertig reeds achter zich en wil nog aanbidders v\u00f3\u00f3r zich hebben. Het wordt hoog tijd, dat ze van front verandert. In allen geval behoorde zij, haren <em>adorateurs <\/em>hare best bewaarde zijde toe te wenden, zoo zij, namelijk, nog <em>adorateurs<\/em> heeft,\u00a0 die hare vervallene bekoorlijkheden, en niet alleen haar hazelhoenders, vereeren. Eergisteren gaf zij een brillant <em>souper<\/em>, waarschijnlijk, om zich voor heden aanhangers te verschaffen, maar naar het mij voorkomt, schijnen het er weinigen te zijn, die lust hebben, om onder haar verbleekte kleuren te kampen.\u00a0 \u2212Ah! Ziedaar de baron ADELSCH\u00d6LD rigt eenige woorden tot haar \u2013 nu, nu \u2013\u00a0 de echtgenoot der gravin is veldmaarschalk, en ADELSCH\u00d6LD is luitenant. Men beweert immers, dat de gravin de adjudanten van haren man kiest.\u201d<br \/>\n\u201cDaarom kan de veldmaarschalk zich ook steeds op schoone adjudanten beroemen, die de<em> anciennet\u00e9<\/em> huldigen, om hunne kamaraden voorbij te springen.&#8221;<\/span><\/td>\n<\/tr>\n<\/tbody>\n<\/table>\n","protected":false},"excerpt":{"rendered":"<p>Karl Anders af Kullberg \u201cGustaf den tredje och hans hof. F\u00f6rs\u00f6k till en karakters- och sedem\u00e5lning fr\u00e5n sista decenniet af adertonde \u00e5rhundradet&#8221;, J\u00f6nk\u00f6ping 1838. &#8220;Gustaf der Dritte und sein Hof&#8221;, Historischer Roman aus dem letzten Decennium des achtzehntenten Jahrhunderts&#8221;, Leipzig 1841, vert. C. Eichel. &#8220;Gustaaf III en zijn hof. Een geschiedkundige roman uit de laatste &hellip; <a href=\"https:\/\/meijenfeldt.nl\/?page_id=34922\" class=\"more-link\">Verder lezen <span class=\"screen-reader-text\">Kullberg<\/span><\/a><\/p>\n","protected":false},"author":1,"featured_media":0,"parent":0,"menu_order":0,"comment_status":"closed","ping_status":"closed","template":"","meta":{"footnotes":""},"class_list":["post-34922","page","type-page","status-publish","hentry"],"_links":{"self":[{"href":"https:\/\/meijenfeldt.nl\/index.php?rest_route=\/wp\/v2\/pages\/34922","targetHints":{"allow":["GET"]}}],"collection":[{"href":"https:\/\/meijenfeldt.nl\/index.php?rest_route=\/wp\/v2\/pages"}],"about":[{"href":"https:\/\/meijenfeldt.nl\/index.php?rest_route=\/wp\/v2\/types\/page"}],"author":[{"embeddable":true,"href":"https:\/\/meijenfeldt.nl\/index.php?rest_route=\/wp\/v2\/users\/1"}],"replies":[{"embeddable":true,"href":"https:\/\/meijenfeldt.nl\/index.php?rest_route=%2Fwp%2Fv2%2Fcomments&post=34922"}],"version-history":[{"count":9,"href":"https:\/\/meijenfeldt.nl\/index.php?rest_route=\/wp\/v2\/pages\/34922\/revisions"}],"predecessor-version":[{"id":34930,"href":"https:\/\/meijenfeldt.nl\/index.php?rest_route=\/wp\/v2\/pages\/34922\/revisions\/34930"}],"wp:attachment":[{"href":"https:\/\/meijenfeldt.nl\/index.php?rest_route=%2Fwp%2Fv2%2Fmedia&parent=34922"}],"curies":[{"name":"wp","href":"https:\/\/api.w.org\/{rel}","templated":true}]}}