{"id":34719,"date":"2020-11-10T09:50:41","date_gmt":"2020-11-10T09:50:41","guid":{"rendered":"http:\/\/meijenfeldt.nl\/?page_id=34719"},"modified":"2020-11-10T10:09:51","modified_gmt":"2020-11-10T10:09:51","slug":"nordrhein-westfalen","status":"publish","type":"page","link":"https:\/\/meijenfeldt.nl\/?page_id=34719","title":{"rendered":"Nordrhein-Westfalen"},"content":{"rendered":"<p><span style=\"font-size: 14pt;\"><b>NWR. <\/b><b><a href=\"https:\/\/www.archive.nrw.de\/lav\/\"><span style=\"color: #0000ff;\">Landesarchiv Nordrhein-Westfalen<\/span><\/a><\/b><\/span><\/p>\n<table style=\"width: 100%;\">\n<tbody>\n<tr>\n<td style=\"width: 18.6363%;\"><span style=\"color: #000000; font-size: 10pt;\"><strong>\u00a0<\/strong><\/span><\/td>\n<td style=\"width: 81.3637%;\" colspan=\"3\"><span style=\"color: #000000; font-size: 10pt;\"><b>ABTEILUNG WESTFALEN<br \/>\n<\/b><\/span><\/td>\n<\/tr>\n<tr>\n<td style=\"width: 18.6363%;\"><span style=\"color: #000000; font-size: 10pt;\"><strong>1221 \/ B 407 \/ 91<\/strong><\/span><\/td>\n<td style=\"width: 81.3637%;\" colspan=\"3\"><span style=\"color: #000000; font-size: 10pt;\"><b>Verwaltung, Justiz, Landst\u00e4nde, F\u00fcrstbistum Paderborn, Geheime Kanzlei, Adel und Adelsbezitz<\/b><\/span><\/td>\n<\/tr>\n<tr>\n<td style=\"width: 18.6363%;\"><span style=\"color: #0000ff; font-size: 10pt;\"><a style=\"color: #0000ff;\" href=\"https:\/\/www.archivportal-d.de\/item\/HI7ZUFA6KXTLIN3RE2IRYCEJT64U6PRK?isThumbnailFiltered=false&amp;rows=20&amp;offset=0&amp;viewType=list&amp;hitNumber=2&amp;_=1596446141592&amp;facetValues%5B%5D=provider_id%3D2IMVIKUTVTEKVX6C7CFHG73D4B4GZL5A&amp;sort=random_610619084207202630\">118<\/a><\/span><\/td>\n<td style=\"width: 66.9698%;\"><span style=\"color: #000000; font-size: 10pt;\"><em>Leutnant von Meyenfeld zu R\u00f6sebeck .\/. Justizkommissar Neukirch zu Paderborn als Kurator der von Spiegel-Helmerschen Konkursmasse wegen Forderung<\/em><\/span><\/td>\n<td style=\"width: 2.42425%;\"><span style=\"color: #000000; font-size: 10pt;\">1793-1808<\/span><\/td>\n<td style=\"width: 11.9697%;\"><span style=\"color: #000000; font-size: 10pt;\">Baron von Meyenfeld<\/span><\/td>\n<\/tr>\n<tr>\n<td style=\"width: 18.6363%;\"><\/td>\n<td style=\"width: 81.3637%;\" colspan=\"3\"><span style=\"color: #000000; font-size: 10pt;\"><strong>Stadtarchiv Borgentreich \/ Amtliches Archivgut \/ Bestand C. Gemeinde R\u00f6sebeck \/ 13. Kataster, Grundst\u00fccke<\/strong><\/span><\/td>\n<\/tr>\n<tr>\n<td style=\"width: 18.6363%;\"><span style=\"color: #000000; font-size: 10pt;\"><strong>202<\/strong><\/span><\/td>\n<td style=\"width: 66.9698%;\"><span style=\"color: #000000; font-size: 10pt;\">Bericht des Gerichtstaxators von Meyenfeld \u00fcber eine unrechtm\u00e4\u03b2e Grenzver\u00e4nderung<\/span><\/td>\n<td style=\"width: 2.42425%;\"><span style=\"color: #000000; font-size: 10pt;\">1844<\/span><\/td>\n<td style=\"width: 11.9697%;\"><span style=\"color: #000000; font-size: 10pt;\">August von Meyenfeld<\/span><\/td>\n<\/tr>\n<tr>\n<td style=\"width: 18.6363%;\"><span style=\"color: #000000; font-size: 10pt;\"><strong>U202<br \/>\n318<\/strong><\/span><\/td>\n<td style=\"width: 81.3637%;\" colspan=\"3\">\n<div class=\"find\"><span style=\"color: #000000; font-size: 10pt;\"><strong>Gesamtarchiv von Spiegel (Dep.) \u2013 Akten<br \/>\n<\/strong><strong>Jagd, Jagdrechte, Jagdstreitigkeiten<\/strong><\/span><\/div>\n<\/td>\n<\/tr>\n<tr>\n<td style=\"width: 18.6363%;\"><span style=\"color: #000000; font-size: 10pt;\"><a style=\"color: #000000;\" href=\"https:\/\/www.archivportal-d.de\/item\/WU2O5JFTWVAPUZPXJ3MZJQYVMWLNOD2R?isThumbnailFiltered=false&amp;rows=20&amp;offset=0&amp;viewType=list&amp;hitNumber=1&amp;_=1596448629342&amp;facetValues%5B%5D=provider_id%3D2IMVIKUTVTEKVX6C7CFHG73D4B4GZL5A&amp;sort=random_610619084207202630\"><span style=\"color: #0000ff;\">6507<\/span><\/a><\/span><\/td>\n<td style=\"width: 66.9698%;\"><span style=\"color: #000000; font-size: 10pt;\"><em>v. Meyenfeld .\/. F\u00f6rster Hepe wegen angeblich unbefugter Jagt in der R\u00f6sebecker Feldmark.<\/em><\/span><\/td>\n<td style=\"width: 2.42425%;\"><span style=\"color: #000000; font-size: 10pt;\">1839-1840<\/span><\/td>\n<td style=\"width: 11.9697%;\"><span style=\"color: #000000; font-size: 10pt;\">August von Meyenfeld<\/span><\/td>\n<\/tr>\n<tr>\n<td style=\"width: 18.6363%;\"><span style=\"color: #000000; font-size: 10pt;\"><a style=\"color: #000000;\" href=\"https:\/\/www.archivportal-d.de\/item\/CU2O64DARW23CGW7SVO4NAXMLN7SZ4WP?isThumbnailFiltered=false&amp;rows=20&amp;offset=0&amp;viewType=list&amp;hitNumber=4&amp;_=1596446141592&amp;facetValues%5B%5D=provider_id%3D2IMVIKUTVTEKVX6C7CFHG73D4B4GZL5A&amp;sort=random_610619084207202630\"><span style=\"color: #0000ff;\">7440<\/span><\/a><\/span><\/td>\n<td style=\"width: 66.9698%;\"><span style=\"color: #000000; font-size: 10pt;\"><em><span class=\"bold\">Schreiben an den Justizkommissar Evers zu Warburg betr. Verpachtung der Jagdgerechtsame in der Herrschaft Desenberg an Herrn v. Meyenfeld zu R\u00f6sebeck.<\/span><\/em><\/span><\/td>\n<td style=\"width: 2.42425%;\"><span style=\"color: #000000; font-size: 10pt;\">1839<\/span><\/td>\n<td style=\"width: 11.9697%;\"><span style=\"font-size: 10pt;\">August von Meyenfeld<\/span><\/td>\n<\/tr>\n<tr>\n<td style=\"width: 18.6363%;\"><span style=\"color: #000000; font-size: 10pt;\"><a style=\"color: #000000;\" href=\"https:\/\/www.archivportal-d.de\/item\/24VWSE4FWGKRZLXL52OJUD2EIJWIH3IW?isThumbnailFiltered=false&amp;rows=20&amp;offset=0&amp;viewType=list&amp;hitNumber=3&amp;_=1596446141592&amp;facetValues%5B%5D=provider_id%3D2IMVIKUTVTEKVX6C7CFHG73D4B4GZL5A&amp;sort=random_610619084207202630\"><span style=\"color: #0000ff;\">7812<\/span><\/a><\/span><\/td>\n<td style=\"width: 66.9698%;\"><span class=\"bold\" style=\"color: #000000; font-size: 10pt;\"><em>Fragment einer Proze\u00dfakte betr. die zwischen dem Leutnant v. Spiegel und dem Herrn v. Meyenfeld strittige Koppeljagd vor R\u00f6sebeck.<\/em><br \/>\n<\/span><\/td>\n<td style=\"width: 2.42425%;\"><span style=\"color: #000000; font-size: 10pt;\">1836<\/span><\/td>\n<td style=\"width: 11.9697%;\"><span style=\"color: #000000; font-size: 10pt;\">August von Meyenfeld<\/span><\/td>\n<\/tr>\n<tr>\n<td style=\"width: 18.6363%;\"><span style=\"color: #000000; font-size: 10pt;\"><strong>U202<br \/>\n316<\/strong><\/span><\/td>\n<td style=\"width: 81.3637%;\" colspan=\"3\">\n<div class=\"find\"><span style=\"color: #000000; font-size: 10pt;\"><strong>Gesamtarchiv von Spiegel (Dep.) \u2013 Akten<\/strong><\/span><\/div>\n<div><span style=\"color: #000000; font-size: 10pt;\"><strong>Zehntzachen<\/strong><\/span><\/div>\n<\/td>\n<\/tr>\n<tr>\n<td style=\"width: 18.6363%;\"><span style=\"color: #000000; font-size: 10pt;\"><a style=\"color: #000000;\" href=\"https:\/\/www.archivportal-d.de\/item\/OTNKIA2V6SROGOMQKCHY2ZPOOOVDNMXO?isThumbnailFiltered=false&amp;rows=20&amp;offset=0&amp;viewType=list&amp;hitNumber=5&amp;_=1596446141592&amp;facetValues%5B%5D=provider_id%3D2IMVIKUTVTEKVX6C7CFHG73D4B4GZL5A&amp;sort=random_610619084207202630\"><span style=\"color: #0000ff;\">6640<\/span><\/a><\/span><\/td>\n<td style=\"width: 66.9698%;\">\n<div class=\"find\"><span style=\"color: #000000; font-size: 10pt;\"><em>Handakte des Justizkommissars Hartmann in Sachen Oberrentmeister Lohrmann zu \u00dcbelng\u00f6nne .\/. Ackermann Heinrich Bremer und Konsorten zu K\u00f6rbecke wegen des Ferkelzehntens (eingebunden in Auszug aus einem Audienz-Protokoll des Erbschaftsprozesses v. Spiegel .\/. v. Meyenfeld).<\/em><\/span><\/div>\n<\/td>\n<td style=\"width: 2.42425%;\"><span style=\"color: #000000; font-size: 10pt;\">1835-1836<\/span><\/td>\n<td style=\"width: 11.9697%;\"><span style=\"color: #000000; font-size: 10pt;\"> August von Meyenfeld<\/span><\/td>\n<\/tr>\n<tr>\n<td style=\"width: 18.6363%;\"><span style=\"color: #000000; font-size: 10pt;\"><strong>\u00a0<\/strong><\/span><\/td>\n<td style=\"width: 66.9698%;\">\n<div class=\"find\"><span style=\"color: #000000; font-size: 10pt;\"><b>Kommunalarchive, Historisches Archiv der Stadt K\u00f6ln, 3.3. Sammlungen, 3.3.6. Siegel, 7510 Siegelsammlung Rosenkrantz<\/b><\/span><\/div>\n<\/td>\n<td style=\"width: 2.42425%;\"><\/td>\n<td style=\"width: 11.9697%;\"><\/td>\n<\/tr>\n<tr>\n<td style=\"width: 18.6363%;\"><span style=\"color: #000000; font-size: 10pt;\"><strong>A1522VIII<\/strong><\/span><\/td>\n<td style=\"width: 66.9698%;\">\n<div class=\"find\"><span style=\"color: #000000; font-size: 10pt;\">Meyerfeld von, Preussen<\/span><\/div>\n<\/td>\n<td style=\"width: 2.42425%;\"><\/td>\n<td style=\"width: 11.9697%;\"><\/td>\n<\/tr>\n<tr>\n<td style=\"width: 18.6363%;\"><\/td>\n<td style=\"width: 66.9698%;\">\n<div class=\"find\"><span style=\"color: #000000; font-size: 10pt;\"><b>Vereinigte Westf\u00e4lische Adelsarchive e.V., 046. Bausachen, Archiv Hinnenburg<\/b><\/span><\/div>\n<\/td>\n<td style=\"width: 2.42425%;\"><\/td>\n<td style=\"width: 11.9697%;\"><\/td>\n<\/tr>\n<tr>\n<td style=\"width: 18.6363%;\"><span style=\"color: #000000; font-size: 10pt;\"><b>3570<\/b><\/span><\/td>\n<td style=\"width: 66.9698%;\">\n<div class=\"find\"><span style=\"color: #000000; font-size: 10pt;\">Rechnungen Hausmeister Meyerfeldt zu Paderborn<\/span><\/div>\n<\/td>\n<td style=\"width: 2.42425%;\"><\/td>\n<td style=\"width: 11.9697%;\"><\/td>\n<\/tr>\n<tr>\n<td style=\"width: 18.6363%;\"><span style=\"color: #000000; font-size: 10pt;\"><b>\u00a0<\/b><\/span><\/td>\n<td style=\"width: 66.9698%;\">\n<div class=\"find\"><span style=\"color: #000000; font-size: 10pt;\"><strong>ABTEILUNG RHEINLAND<\/strong><\/span><\/div>\n<\/td>\n<td style=\"width: 2.42425%;\"><\/td>\n<td style=\"width: 11.9697%;\"><\/td>\n<\/tr>\n<tr>\n<td style=\"width: 18.6363%;\"><span style=\"color: #000000; font-size: 10pt;\">211.05.01<\/span><br \/>\n<span style=\"color: #000000; font-size: 10pt;\">BR 5<\/span><\/td>\n<td style=\"width: 66.9698%;\">\n<div class=\"find\"><span style=\"color: #000000; font-size: 10pt;\">Regierung Aachen, Handel und Gewerbe<\/span><br \/>\n<span style=\"color: #000000; font-size: 10pt;\">Gewerbe und Industrie, Schlichtungswesen, Specialia \u2013 nach Orten<\/span><\/div>\n<\/td>\n<td style=\"width: 2.42425%;\"><\/td>\n<td style=\"width: 11.9697%;\"><\/td>\n<\/tr>\n<tr>\n<td style=\"width: 18.6363%;\"><span style=\"color: #000000; font-size: 10pt;\"><a style=\"color: #000000;\" href=\"https:\/\/www.archivportal-d.de\/item\/SHHTF7YZTBCPUT4QXKKW6YLC7BX542TC?isThumbnailFiltered=false&amp;rows=20&amp;offset=0&amp;viewType=list&amp;hitNumber=1&amp;_=1596463078550&amp;facetValues%5B%5D=provider_id%3D2IMVIKUTVTEKVX6C7CFHG73D4B4GZL5A&amp;sort=random_610619084207202630\"><span style=\"color: #0000ff;\">13851<\/span><\/a><\/span><\/td>\n<td style=\"width: 66.9698%;\">\n<div class=\"find\">\n<p class=\"object-details-title\"><span style=\"color: #000000; font-size: 10pt;\">Schlichtungssachen der Firma und Meyerfeld und Herz, Tuchfabrik in Aachen<\/span><\/p>\n<\/div>\n<\/td>\n<td style=\"width: 2.42425%;\"><span style=\"color: #000000; font-size: 10pt;\">1921-1922<\/span><\/td>\n<td style=\"width: 11.9697%;\"><span style=\"color: #000000; font-size: 10pt;\">Meyerfeld<\/span><\/td>\n<\/tr>\n<\/tbody>\n<\/table>\n","protected":false},"excerpt":{"rendered":"<p>NWR. Landesarchiv Nordrhein-Westfalen \u00a0 ABTEILUNG WESTFALEN 1221 \/ B 407 \/ 91 Verwaltung, Justiz, Landst\u00e4nde, F\u00fcrstbistum Paderborn, Geheime Kanzlei, Adel und Adelsbezitz 118 Leutnant von Meyenfeld zu R\u00f6sebeck .\/. Justizkommissar Neukirch zu Paderborn als Kurator der von Spiegel-Helmerschen Konkursmasse wegen Forderung 1793-1808 Baron von Meyenfeld Stadtarchiv Borgentreich \/ Amtliches Archivgut \/ Bestand C. Gemeinde R\u00f6sebeck &hellip; <a href=\"https:\/\/meijenfeldt.nl\/?page_id=34719\" class=\"more-link\">Verder lezen <span class=\"screen-reader-text\">Nordrhein-Westfalen<\/span><\/a><\/p>\n","protected":false},"author":1,"featured_media":0,"parent":0,"menu_order":0,"comment_status":"closed","ping_status":"closed","template":"","meta":{"footnotes":""},"class_list":["post-34719","page","type-page","status-publish","hentry"],"_links":{"self":[{"href":"https:\/\/meijenfeldt.nl\/index.php?rest_route=\/wp\/v2\/pages\/34719","targetHints":{"allow":["GET"]}}],"collection":[{"href":"https:\/\/meijenfeldt.nl\/index.php?rest_route=\/wp\/v2\/pages"}],"about":[{"href":"https:\/\/meijenfeldt.nl\/index.php?rest_route=\/wp\/v2\/types\/page"}],"author":[{"embeddable":true,"href":"https:\/\/meijenfeldt.nl\/index.php?rest_route=\/wp\/v2\/users\/1"}],"replies":[{"embeddable":true,"href":"https:\/\/meijenfeldt.nl\/index.php?rest_route=%2Fwp%2Fv2%2Fcomments&post=34719"}],"version-history":[{"count":8,"href":"https:\/\/meijenfeldt.nl\/index.php?rest_route=\/wp\/v2\/pages\/34719\/revisions"}],"predecessor-version":[{"id":34735,"href":"https:\/\/meijenfeldt.nl\/index.php?rest_route=\/wp\/v2\/pages\/34719\/revisions\/34735"}],"wp:attachment":[{"href":"https:\/\/meijenfeldt.nl\/index.php?rest_route=%2Fwp%2Fv2%2Fmedia&parent=34719"}],"curies":[{"name":"wp","href":"https:\/\/api.w.org\/{rel}","templated":true}]}}