{"id":3429,"date":"2017-03-26T17:00:10","date_gmt":"2017-03-26T17:00:10","guid":{"rendered":"http:\/\/celinevonmeijenfeldt.nl\/?page_id=3429"},"modified":"2023-04-18T14:07:45","modified_gmt":"2023-04-18T14:07:45","slug":"ahlgren","status":"publish","type":"page","link":"https:\/\/meijenfeldt.nl\/?page_id=3429","title":{"rendered":"Ahlgren"},"content":{"rendered":"<p><span style=\"font-size: 14pt;\"><strong>Sune Ahlgren, &#8220;Ugerups by och s\u00e4teri genom seklerna\u201d, Kristianstad 2008, pag. 52-60.<\/strong><\/span><\/p>\n<hr \/>\n<table style=\"border-collapse: collapse; width: 100%; height: 1600px;\">\n<tbody>\n<tr style=\"height: 620px;\">\n<td style=\"width: 50%; height: 620px;\"><span style=\"font-size: 10pt;\">Hur s\u00e5g det d\u00e5 ut i slutet av seklet? 1780 uppr\u00e4ttades en mantalsl\u00e4ngd och 1798 upptogs en s\u00e4rskild skatt med anledning av Gustaf IV Adolfs f\u00f6rm\u00e4lning med Fredrerika av Baden. Befolkningen f\u00f6rtecknades noggrant, uppdelad <em>p\u00e5 \u00ab\u00a0M\u00e4nner, Hustrur, S\u00f6ner och Dr\u00e4ngar, D\u00f6ttrar och pigor, Torpare, gatehusm\u00e4n och Inhyses folk, Inhyses l\u00e4sa personer, Befriade\u00a0\u00bb.<\/em>\u00a0Den sista gruppen innefattade s\u00e5v\u00e4l adel som \u00e5ldringar.<\/span><br \/>\n<span style=\"font-size: 10pt;\">Total fanns i Ugerup 45 hush\u00e5ll f\u00f6rutom sj\u00e4lva s\u00e4tesg\u00e5rden samt en fattigstuga, som hyste fyra fattighjon. Ugerup s\u00e4teri \u00e4gdes av F\u00e4ltmarskalken och Riddaren m.m. greve Meijerfeldt som mestadels vistade i Stralsund. Sl\u00e4kten \u00e4gde gods p\u00e5 Rugen. P\u00e5 g\u00e5rden \u00e4r ocks\u00e5 antecknade en tr\u00e4dg\u00e5rdsm\u00e4stare, en ryktare och fem dr\u00e4nger och pigor. <\/span><span style=\"font-size: 10pt;\">En uppskattning ger ett inv\u00e5narantal i slutet av 1700-talet p\u00e5 cirka 250 personer.<br \/>\n<\/span><\/td>\n<td style=\"width: 50%; height: 620px;\">\n<p class=\"tw-data-text tw-text-large XcVN5d tw-ta\" dir=\"ltr\" data-placeholder=\"Vertaling\"><span style=\"font-size: 10pt;\"><span lang=\"nl\">Hoe zag het er aan het einde van de eeuw uit? In 1780 werd een onroerend goedregister vastgesteld en in 1798 werd een speciale belasting geheven vanwege Gustaf IV Adolf&#8217;s huwelijk met Fredrerika van Baden. De bevolking werd omzichtig opgesomd, onderverdeeld in \u00ab<em>Mannen, Vrouwen, Zonen en Boeren, Dochters en dienstmeisjes, pachters, poortwachters en bedienden, ingehuurde belezen personen, vrijgemaakten<\/em>\u00bb. De laatste groep bestond uit zowel adel als ouderen. In totaal waren er 45 huishoudens in Ugerup naast het landhuis zelf en een armenhuis, dat vier arme mensen huisvestte. Ugerup landhuis was eigendom van Veldmaarschalk en Ridder enz. graaf Meijerfeldt die voornamelijk in Stralsund woonde. De familie had bezit op R\u00fcgen. Een tuinman, een conci\u00ebrge en vijf bedienden en dienstmeisjes worden ook geregistreerd op het landgoed. <\/span>Een schatting geeft een bevolking aan het einde van de 18e eeuw van ongeveer 250 mensen.<br \/>\n<\/span><\/p>\n<\/td>\n<\/tr>\n<tr style=\"height: 476px;\">\n<td style=\"width: 50%; height: 476px;\"><span style=\"font-size: 10pt;\">S\u00e5dan fanns p\u00e5 f\u00e4laden, dvs. Allm\u00e4nningen, och sannolikt har de gatehus som saknade nummer byggts d\u00e4r. Det kan f\u00f6rklara varf\u00f6r greve Meijerfeldt 1776 beg\u00e4rde att f\u00e4ladsmarken skulle delas upp mellan godset och byn. Beg\u00e4ran bif\u00f6lls och en beskrivning med karta uppr\u00e4ttades.<br style=\"font-size: 17px;\" \/><span style=\"font-size: 10pt;\">Inledningen \u00e4r nog s\u00e5 st\u00e5tlig\u00a0:\u00a0<em>\u00ab Charte Beskrifning \u00f6fwer F\u00e4ladsmarken s\u00e5 v\u00e4l til Ugerups S\u00e4tesg\u00e5rd som Ugerups By, bel\u00e4gen uti Christianstads H\u00f6fdinge D\u00f6me, Gierds h\u00e4rad och Kj\u00f6pinge Sochn, hvilken til f\u00f6lje af Konungens H\u00f6ga Befallnings Hafvandes F\u00f6rordnande under d: 24 maii 1776, grundat upp\u00e5 \u00f6fwerstens och Riddarens H\u00f6gw\u00e4lborne Grefwe Her Carl Meijerfeldts Reqvisition, \u00e4r af tagen och utr\u00e4cknad \u00e5ren 1776 oc 1777 af undertecknad Landtm\u00e4tare.\u00bb<\/em><\/span><br \/>\n<\/span><\/td>\n<td style=\"width: 50%; height: 476px;\">\n<p class=\"tw-data-text tw-text-large XcVN5d tw-ta\" dir=\"ltr\" data-placeholder=\"Vertaling\"><span style=\"font-size: 10pt;\"><span lang=\"nl\">Dat was op het veld, dwz. gemeengoed, en ogenschijnlijk de straatwoningen die geen nummers hadden, werden daar gebouwd. Dit kan verklaren waarom graaf Meijerfeldt in 1776 verzocht om het akkerland te verdelen over het landgoed en het dorp. Het verzoek werd ingewilligd en er werd een beschrijving met een kaart opgesteld. <span lang=\"nl\" style=\"font-size: 10pt;\">De inleiding is statig: \u00ab<em>Handvestbeschrijving van F\u00e4ladsmarken van Ugerups S\u00e4tesg\u00e5rd en By, gelegen in Christianstads H\u00f6fdinge D\u00f6me, Gierds h\u00e4rad en K\u00f6pinge gemeente, die t.g.v. de Koninklijke Hoge Bevallings- en Zwangerschaps Verordening d.d. 24 mei 1776 Kolonel en Ridder Hoogwelgeboren Graaf Heer Carl Meijerfeldts verzoek, in 1776 en 1777 van ongetekende Landmeter.\u00bb<\/em><\/span><\/span><\/span><\/p>\n<\/td>\n<\/tr>\n<tr style=\"height: 504px;\">\n<td style=\"width: 50%; height: 504px;\"><span style=\"font-size: 10pt;\">Denne Carl Friedrich Meijerfeldt verkar ha varit en originell man. N\u00e4r han promenerade omkring p\u00e5 \u00e4gorna, s\u00e4gs han ha \u00e5tf\u00f6ltjts av en tam tupp. Vidare var hans ansikte asymmetriskt. Ansiktshalvorna var p\u00e5tagligt olika varandra.<br \/>\nMeijerfeldt tyckte nog att \u00e4gandef\u00f6rh\u00e5llandena var oklara och beh\u00f6vde f\u00f6rtydligas. Det verkar som om folk slagit sig ner p\u00e5 f\u00e4ladsmarken och b\u00f6rjat odla upp den. N\u00e5gonstans skulle ju den v\u00e4xande befolkningen ta v\u00e4gen. Bos\u00e4ttningen inkr\u00e4ktade p\u00e5 betesmarken och kunde nog ocks\u00e5 medf\u00f6ra att skog r\u00f6jdes i all tysthet, medan Meijerfeldt satt nere i Stralsund. N\u00e4r han inte kunde ha direkt tillsyn av g\u00e5rden beh\u00a0\u00bbvde han n\u00e5gon p\u00e5 plts som han kunde lita p\u00e5 och en s\u00e5dan person var fr\u00e4lseinspektoren Hindrich Hindrichsson, brukare av fr\u00e4sekvarnen Nym\u00f6lla i slutet av 1700-talet.<\/span><\/td>\n<td style=\"width: 50%; height: 504px;\">\n<p class=\"tw-data-text tw-text-large XcVN5d tw-ta\" dir=\"ltr\" data-placeholder=\"Vertaling\"><span style=\"font-size: 10pt;\"><span lang=\"nl\"><span lang=\"nl\" style=\"font-size: 10pt;\">Deze Carl Friedrich Meijerfeldt lijkt een originele man te zijn geweest. Terwijl hij door het pand liep, zou hij vergezeld zijn geweest van een tamme haan. Verder was zijn gezicht asymmetrisch. De helften van het gezicht waren duidelijk verschillend van elkaar. Meijerfeldt dacht waarschijnlijk dat het eigendom onduidelijk was en verduidelijkt moest worden. Het lijkt alsof mensen zich op het veld hebben gevestigd en het zijn gaan cultiveren. Ergens zou de groeiende bevolking de weg inslaan. De nederzetting tastte het weiland aan en zou waarschijnlijk ook kunnen betekenen dat het bos in volledige stilte werd gekapt, terwijl Meijerfeldt in Stralsund ging zitten. Toen hij geen direct toezicht op de boerderij kon hebben, had hij iemand nodig die hij kon vertrouwen en zo iemand was de reddingsinspecteur Hindrich Hindrichsson, gebruiker van de maalderij Nym\u00f6lla aan het eind van de 18e eeuw.<\/span><\/span><\/span><\/p>\n<\/td>\n<\/tr>\n<tr>\n<td style=\"width: 50%;\"><span style=\"font-size: 10pt;\">S\u00e5 inledde d\u00e5 Hindrich Hindrichsson en 35-\u00e5rig verksamhet p\u00e5 Nym\u00f6lla, vilket skulle inneb\u00e4ra en uppryckning av egendomen. Hans insatser uppm\u00e4rksammades tydligen av Meijerfeldt nere i Tyskland, f\u00f6r den 10 mars 1773 urf\u00e4rdade denne ett donationsbrev, som gav Hindrichsson r\u00e4tt att sitta kvar p\u00e5 Nym\u00f6lla under sin livstid\u00a0<em>\u00ab\u00a0utan n\u00e5gon den minsta utgift till \/mig\/ eller mina eftertr\u00e4dande \u00e4gare til S\u00e4tesg\u00e5rden Ugerup<\/em>\u00a0\u00bb. Sk\u00e4len till denaa v\u00e4lvilja fr\u00e4mg\u00e5r av donationsbrevet. Hindrichsson var en god hush\u00e5llare, som \u00ab\u00a0<em>med Era, Flit och Redelighet tilskyndat Ugerups S\u00e4tesg\u00e5rd och the underlydande Gods ansenlig nytta och f\u00f6rm\u00e5an<\/em>\u00a0\u00bb. Meijerfeldt framh\u00f6ll s\u00e4rskilt att Hindrichsson lagt ner stora summor av egna medel f\u00f6r att f\u00f6rb\u00e4ttra egendomen och \u00e4ven uppodlat ny mark. Han fick dock p\u00e5taga sig de skatter och andra utskylder, som skulle kunna \u00e5l\u00e4ggas.<br \/>\nDet var en f\u00f6rsiktig herre, som s\u00e5g till att f\u00e5 donationsbrevets villkor inskrivna i tingsr\u00e4ttens protokoll. Han l\u00e4mnade ocks\u00e5 in en sammanst\u00e4llning p\u00e5 sina investeringar i Nym\u00f6lla.<br \/>\n<\/span><\/td>\n<td style=\"width: 50%;\">\n<p class=\"tw-data-text tw-text-large XcVN5d tw-ta\" dir=\"ltr\" data-placeholder=\"Vertaling\"><span style=\"font-size: 10pt;\"><span lang=\"nl\"><span lang=\"nl\" style=\"font-size: 10pt;\">Dit is hoe Hindrich Hindrichsson een 35-jaar oud bedrijf startte in Nym\u00f6lla, wat een vervoering van het pand zou betekenen. Zijn inspanningen werden kennelijk opgemerkt door Meijerfeldt in Duitsland, want op 10 maart 1773 stuurde hij een donatiebrief, die Hindrichsson het recht gaf om tijdens zijn leven in Nym\u00f6lla te blijven &#8220;zonder enige kosten voor \/ mij \/ of mijn opvolger-eigenaren van S\u00e4tesg\u00e5rden Ugerup&#8221; . De redenen voor deze goodwill worden vermeld in de schenkingsbrief. Hindrichsson was een goede huishoudster, die &#8220;met Era, Diligence en Eerlijkheid Ugerup&#8217;s S\u00e4tesg\u00e5rd en het aanzienlijke nut en voordeel van de ondergeschikte Estate aanmoedigde&#8221;. Meijerfeldt benadrukte in het bijzonder dat Hindrichsson grote sommen eigen middelen had ge\u00efnvesteerd om het onroerend goed te verbeteren en ook nieuw land had gecultiveerd. Hij moest echter de belastingen en andere schulden op zich nemen die konden worden opgelegd. Het was een voorzichtige heer die ervoor zorgde dat de voorwaarden van de schenkingsbrief in de notulen van de rechtbank werden geschreven. Hij legde ook een overzicht voor van zijn investeringen in Nym\u00f6lla. <\/span><\/span><\/span><\/p>\n<\/td>\n<\/tr>\n<tr>\n<td style=\"width: 50%;\"><span style=\"font-size: 10pt;\">Men \u00e5r 1769 fick Inspectoren tilst\u00e5nd af framledne F\u00e4ltmarskalksinnan och Riksr\u00e5adinnan H\u00f6gv\u00e4lborna Fru Grefvinnan Meyerfeldt at uptaga K\u00e4rrlyckan, hvilket n\u00e4rmast \u00e5en oc \u00e4r mycket sank, oc en del d\u00e5a med Buskar t\u00e4t bevuxen; <\/span><\/td>\n<td style=\"width: 50%;\">\n<p class=\"tw-data-text tw-text-large XcVN5d tw-ta\" dir=\"ltr\" data-placeholder=\"Vertaling\"><span style=\"font-size: 10pt;\"><span lang=\"nl\"><span lang=\"nl\" style=\"font-size: 10pt;\">Maar in 1769 kreeg de inspecteur toestemming van wijlen Vrouwe Veldmaarschalk en Rijksraad Hoogwelgeboren gravin Meyerfeldt, om K\u00e4rrlyckan op te nemen, dat het dichtst bij de rivier ligt en erg verzonken is, en enkele holen met dichtbegroeide struiken;<\/span><\/span><\/span><\/p>\n<\/td>\n<\/tr>\n<tr>\n<td style=\"width: 50%;\"><span style=\"font-size: 10pt;\">Then Norre Delen eller FuruLyckan har fr\u00e4lse Inspectoren Henrichsson, enligt Donations Brefwet af nu varande \u00e4garen oc Possessoren \u00d6fwerste Lieutnanten oc Riddaren H\u00f6fv\u00e4lborne Grefve, Herr Carl Fried. Meyerfeldt, daterat Nehringen d 10 Martii \u00e5r 1773 \u00e4fven \u00e4rh\u00e5llit <\/span><\/td>\n<td style=\"width: 50%;\">\n<p class=\"tw-data-text tw-text-large XcVN5d tw-ta\" dir=\"ltr\" data-placeholder=\"Vertaling\"><span style=\"font-size: 10pt;\"><span lang=\"nl\"><span lang=\"nl\" style=\"font-size: 10pt;\">Then Norre Delen of FuruLyckan heeft adelsinspecteur Henrichsson, volgens Donatiiebrief van de tegenwoordige eigenaar en bezitter luitenant-kolonel en ridder Hoogwelgeboren graaf heer Carl Fried. Meyerfeldt, gedateerd Nehringen d 10 Maart in 1773 ook ontvangen<\/span><\/span><\/span><\/p>\n<\/td>\n<\/tr>\n<tr>\n<td style=\"width: 50%;\"><span style=\"font-size: 10pt;\">Man kan fr\u00e5ga sig varf\u00f6r had lade ner allt detta erbeta f\u00f6r att styrka sina investeringar. Litade han inte p\u00e5 Meijerfeldtarna ? Carl Friedrich var ogift och nya \u00e4gare hade kanske inte n\u00e5gon s\u00e4rskild relation till Hendrichsson.<\/span><\/td>\n<td style=\"width: 50%;\">\n<p class=\"tw-data-text tw-text-large XcVN5d tw-ta\" dir=\"ltr\" data-placeholder=\"Vertaling\"><span style=\"font-size: 10pt;\"><span lang=\"nl\"><span lang=\"nl\" style=\"font-size: 10pt;\">Je kunt je afvragen waarom hij al dit werk deed om hun investeringen te versterken. Vertrouwde hij de Meijerfeldts niet? Carl Friedrich was ongehuwd en de nieuwe eigenaren hadden misschien geen speciale band met Hendrichsson.<\/span><\/span><\/span><\/p>\n<\/td>\n<\/tr>\n<tr>\n<td style=\"width: 50%;\"><span style=\"font-size: 10pt;\">Det kan finnas fler sk\u00e4l till Meijerfeldts v\u00e4lvilja mot Hindrichsson \u00e4n hans allm\u00e4nna duglighet. P\u00e5 Ugerup bodde en syster till Carl Friedrich, Catarina. Hon var gift med Adam Horn, son till Arvid Horn, M\u00f6sspartiets ledare. Makarna levde inte tillsammans, f\u00f6r Catarina hade blivit mentalsjuk och placerats p\u00e5 Ugerup, medan Adam levde ett glatt ungkarlsliv i Stockholm, \u00e4ven om hans f\u00f6rs\u00f6k att f\u00e5 \u00e4ktenskappet uppl\u00f6st hade misslyckats. Ingen brydde sig s\u00e4rskilt om henne, och han levde under s\u00e5 bedr\u00f6vliga f\u00f6rh\u00e5allanden p\u00e5 Ugerup, att inspektoren skrev till sl\u00e4ktingarna i Stockholm och p\u00e5talade vanv\u00e5rden. Hans brev ha v\u00e4ckt deras ansvarsk\u00e4nsla, f\u00f6r \u00e5r 1778 rest n\u00e5gra anh\u00f6riga ner och h\u00e4mtade henne. Det blev till sist sonen Gustaf som fick ge henne ett hem p\u00e5 sitt gods Hornsborg. Hindrichsson ansvarsk\u00e4nsla str\u00e4ckte sig tydligen ett stycke utanf\u00f6r Nym\u00f6lla \u00e4gor.<\/span><\/td>\n<td style=\"width: 50%;\">\n<p class=\"tw-data-text tw-text-large XcVN5d tw-ta\" dir=\"ltr\" data-placeholder=\"Vertaling\"><span style=\"font-size: 10pt;\"><span lang=\"nl\"><span lang=\"nl\" style=\"font-size: 10pt;\">Er kunnen meer redenen zijn voor Meijerfeldts welwillendheid jegens Hindrichsson dan zijn algemene bekwaamheid. In Ugerup woonde een zus van Carl Friedrich, Catharina. Ze was getrouwd met Adam Horn, zoon van Arvid Horn, de leider van de Mutsen Partij. Het echtpaar woonde niet samen, omdat Catarina geestelijk ziek was geworden en in Ugerup werd geplaatst, terwijl Adam een \u200b\u200bgelukkig vrijgezellenleven leidde in Stockholm, hoewel zijn poging om het huwelijk te laten ontbinden heeft gefaald. Niemand gaf veel om haar, en zij leefde in Ugerup in zulke erbarmelijke omstandigheden dat de inspecteur de familieleden in Stockholm schreef en wees op de verwaarlozing. Zijn brieven hebben hun gevoel van verantwoordelijkheid gewekt, want in 1778 gingen enkele familieleden haar ophalen. Het was uiteindelijk haar zoon Gustaf die haar een huis moest geven op zijn landgoed Hornsberg. Hindrichssons gevoel van verantwoordelijkheid reikte blijkbaar iets verder dan Nym\u00f6lla&#8217;s eigendom.<\/span><\/span><\/span><\/p>\n<\/td>\n<\/tr>\n<tr>\n<td style=\"width: 50%;\"><span style=\"font-size: 10pt;\">Visserligen hade ett par generationer av sl\u00e4kten Meijerfeldt \u00e4gt Ugerup men de hade varit n\u00e4ra sl\u00e4kt Barnekows, och n\u00e4r Carl Fredrik Meijerfeldt dog 1791 testamenterade han Ugerup till sin kusin Christian Barnekow.<\/span><\/td>\n<td style=\"width: 50%;\">\n<p class=\"tw-data-text tw-text-large XcVN5d tw-ta\" dir=\"ltr\" data-placeholder=\"Vertaling\"><span style=\"font-size: 10pt;\"><span lang=\"nl\"><span lang=\"nl\" style=\"font-size: 10pt;\">Hoewel een paar generaties van de familie Meijerfeldt Ugerup bezaten, waren ze naaste verwanten van Barnekow geweest, en toen Carl Friedrich Meijerfeldt in 1791 stierf, liet hij Ugerup na aan zijn neef Christian Barnekow.<\/span><\/span><\/span><\/p>\n<\/td>\n<\/tr>\n<\/tbody>\n<\/table>\n","protected":false},"excerpt":{"rendered":"<p>Sune Ahlgren, &#8220;Ugerups by och s\u00e4teri genom seklerna\u201d, Kristianstad 2008, pag. 52-60. Hur s\u00e5g det d\u00e5 ut i slutet av seklet? 1780 uppr\u00e4ttades en mantalsl\u00e4ngd och 1798 upptogs en s\u00e4rskild skatt med anledning av Gustaf IV Adolfs f\u00f6rm\u00e4lning med Fredrerika av Baden. Befolkningen f\u00f6rtecknades noggrant, uppdelad p\u00e5 \u00ab\u00a0M\u00e4nner, Hustrur, S\u00f6ner och Dr\u00e4ngar, D\u00f6ttrar och pigor, &hellip; <a href=\"https:\/\/meijenfeldt.nl\/?page_id=3429\" class=\"more-link\">Verder lezen <span class=\"screen-reader-text\">Ahlgren<\/span><\/a><\/p>\n","protected":false},"author":1,"featured_media":0,"parent":0,"menu_order":0,"comment_status":"closed","ping_status":"closed","template":"","meta":{"footnotes":""},"class_list":["post-3429","page","type-page","status-publish","hentry"],"_links":{"self":[{"href":"https:\/\/meijenfeldt.nl\/index.php?rest_route=\/wp\/v2\/pages\/3429","targetHints":{"allow":["GET"]}}],"collection":[{"href":"https:\/\/meijenfeldt.nl\/index.php?rest_route=\/wp\/v2\/pages"}],"about":[{"href":"https:\/\/meijenfeldt.nl\/index.php?rest_route=\/wp\/v2\/types\/page"}],"author":[{"embeddable":true,"href":"https:\/\/meijenfeldt.nl\/index.php?rest_route=\/wp\/v2\/users\/1"}],"replies":[{"embeddable":true,"href":"https:\/\/meijenfeldt.nl\/index.php?rest_route=%2Fwp%2Fv2%2Fcomments&post=3429"}],"version-history":[{"count":8,"href":"https:\/\/meijenfeldt.nl\/index.php?rest_route=\/wp\/v2\/pages\/3429\/revisions"}],"predecessor-version":[{"id":55710,"href":"https:\/\/meijenfeldt.nl\/index.php?rest_route=\/wp\/v2\/pages\/3429\/revisions\/55710"}],"wp:attachment":[{"href":"https:\/\/meijenfeldt.nl\/index.php?rest_route=%2Fwp%2Fv2%2Fmedia&parent=3429"}],"curies":[{"name":"wp","href":"https:\/\/api.w.org\/{rel}","templated":true}]}}