{"id":33370,"date":"2020-10-02T11:01:26","date_gmt":"2020-10-02T11:01:26","guid":{"rendered":"http:\/\/meijenfeldt.nl\/?page_id=33370"},"modified":"2025-04-21T07:09:06","modified_gmt":"2025-04-21T07:09:06","slug":"drie-hoofdsteden-reis-1934","status":"publish","type":"page","link":"https:\/\/meijenfeldt.nl\/?page_id=33370","title":{"rendered":"3.1.6. Onderzoek 1934-1977"},"content":{"rendered":"<p style=\"text-align: center;\"><span style=\"font-family: georgia, palatino, serif; font-size: 10pt; color: #000000;\"><span style=\"color: #0000ff;\"><a style=\"color: #0000ff;\" href=\"#hoofdsteden\">Drie-hoofdsteden-reis<\/a><\/span>\u00a0 \u00a0***\u00a0 \u00a0<span style=\"color: #0000ff;\"><a style=\"color: #0000ff;\" href=\"#followup\">Follow-up<\/a><\/span><\/span><\/p>\n<p style=\"text-align: justify;\"><span style=\"color: #000000;\">De reden voor Govert om als eerste een serieus onderzoek in te stellen naar de herkomst van zijn overgrootvader Johan August von Meijenfeldt is vermoedelijk een mengvorm van historische interesse, verhalen van ooms en tantes en extra tijd in de crisisjaren. Hier volgen enkele hoogtepunten:<\/span><\/p>\n<p style=\"text-align: center;\"><span style=\"color: #800000;\"><strong><a id=\"hoofdsteden\"><\/a>Drie-hoofdsteden-reis<\/strong><\/span><\/p>\n<p style=\"text-align: justify;\">Govert en drie vrienden reizen van 25 juni tot en met 7 juli 1934 in een Ford van Amsterdam naar Kopenhagen, Oslo en Stockholm. Zij worden niet gehinderd door alcohol- en snelheidsbeperkingen, maar wel door steengruis, elke dag regen bij vaak kapotte ruitenwissers en veerponten. Govert chauffeert niet, maar is penningmeester en onderhandelaar.<\/p>\n<figure id=\"attachment_3212\" aria-describedby=\"caption-attachment-3212\" style=\"width: 441px\" class=\"wp-caption aligncenter\"><img loading=\"lazy\" decoding=\"async\" class=\" wp-image-3212\" src=\"https:\/\/meijenfeldt.nl\/wp-content\/uploads\/2017\/03\/auto1934-e1489826698281-300x237.jpg\" alt=\"\" width=\"441\" height=\"348\" srcset=\"https:\/\/meijenfeldt.nl\/wp-content\/uploads\/2017\/03\/auto1934-e1489826698281-300x237.jpg 300w, https:\/\/meijenfeldt.nl\/wp-content\/uploads\/2017\/03\/auto1934-e1489826698281-768x608.jpg 768w, https:\/\/meijenfeldt.nl\/wp-content\/uploads\/2017\/03\/auto1934-e1489826698281.jpg 843w\" sizes=\"auto, (max-width: 441px) 100vw, 441px\" \/><figcaption id=\"caption-attachment-3212\" class=\"wp-caption-text\"><span style=\"color: #000000; font-size: 10pt;\"><em><span style=\"font-family: georgia, palatino, serif;\">Vanaf de veerboot Helsing\u00f6r-Helsingborg wordt de Ford van boord getakeld (roll-on-roll-off schip bestond nog niet, laat staan de \u00d6resundbrug)<br \/><\/span><\/em><\/span><\/figcaption><\/figure>\n<table style=\"width: 100%; height: 1390px;\">\n<tbody>\n<tr style=\"height: 83px;\">\n<td style=\"height: 10px;\" width=\"493\"><span style=\"font-family: georgia, palatino, serif; font-size: 12pt;\">Maandag 25 juni: 5:00 Heiloo, 6:18 Afsluitdijk, 9:00 Sappemeer, 10:00 Nieuweschans (grens), 10:50 pont over de Eems, 13:20 Bremen, 16:00 Hamburg, 20:15 L\u00fcbeck, 23:00 Warnem\u00fcnde pont, 1:45 Gjedser, totaal 680 km, hotel, Govert deze dag zijn stem kwijt.<\/span><\/td>\n<\/tr>\n<tr style=\"height: 112px;\">\n<td style=\"height: 70px;\" width=\"493\"><span style=\"font-family: georgia, palatino, serif; font-size: 12pt;\">Dinsdag 26 juni: 11:00 vertrek Gjedser, pont Falstar-Seeland, 15:30 aankomst Kopenhagen, totaal 140 km, weggelopen tijdens bioscoopbezoek, frivool bezoek aan Tivoli, vakantie voorliefde voor aardbeien met slagroom.<\/span><\/td>\n<\/tr>\n<tr style=\"height: 84px;\">\n<td style=\"height: 84px;\" width=\"493\"><span style=\"font-family: georgia, palatino, serif; font-size: 12pt;\">Woensdag 27 juni: Bezoek aan Dom, Universiteit, Triniteitskerk, Beursgebouw, Tivoli (weer), Koning van Siam gezien. Aan boord van schip naar Oslo gehesen, 4 persoonshut.<\/span><\/td>\n<\/tr>\n<tr style=\"height: 112px;\">\n<td style=\"height: 74px;\" width=\"493\"><span style=\"font-family: georgia, palatino, serif; font-size: 12pt;\">Donderdag 28 juni: kanonschoten bij fjordtocht, 12:15 Oslo, 16:00 op weg langs mooiste landschap van de reis, Eidsvoll met Mj\u00f6sameer, Hamar, lekke band, overnachting in Harpefors, totaal 275 km.<\/span><\/td>\n<\/tr>\n<tr style=\"height: 84px;\">\n<td style=\"height: 52px;\" width=\"493\"><span style=\"font-family: georgia, palatino, serif; font-size: 12pt;\">Vrijdag 29 juni: 10:30 vertrek uit Harpefors, sneeuwballen gooien, Donbas, Opdal, 19:30 aankomst Nideros<\/span><\/td>\n<\/tr>\n<tr style=\"height: 140px;\">\n<td style=\"height: 140px;\" width=\"493\"><span style=\"font-family: georgia, palatino, serif; font-size: 12pt;\">Zaterdag 30 juni: kennismaking met Scandinavische hotel gewoonte om ontbijt op buffet te zetten, Donkerk bezichtigd, op orgel gespeeld, 13:30 vertrek uit Nideros, Tr\u00f6ndheimfjord, Levanger, afbuiging naar het oosten, Sandviks (grens), Tanfors watervallen, Duved, 23:00 Are, 2:30 \u00d6stersund (bij daglicht), totaal 310 km gereden.<\/span><\/td>\n<\/tr>\n<tr style=\"height: 168px;\">\n<td style=\"height: 140px;\" width=\"493\"><span style=\"font-family: georgia, palatino, serif; font-size: 12pt;\">\u00a0Zondag 1 juli: : 11:30 \u00d6stersund bezichtigd, 18:00 vertrek, theologische kwestie Geelkerken besproken, Br\u00e4cken op vlotten in stroomversnelling, Alby, kleine ongemakken met de auto (bijna van weg geraakt, binnenverlichting valt uit), 22:45 Ljusdal, zoet brood bevalt niet, Arbra, 2:30 Skog, totaal 320 km, overnachting in kleine hut, Govert als kleinste in ledikant, hakenruizen door zotte Duitser gezet,<\/span><\/td>\n<\/tr>\n<tr style=\"height: 140px;\">\n<td style=\"height: 110px;\" width=\"493\"><span style=\"font-family: georgia, palatino, serif; font-size: 12pt;\">Maandag 2 juli: vertrek Skog, G\u00e4vle, Upsala bezoek Drieenigheidskerk, Universiteitsbibliotheek, codex argenteus, Dom, vermoeden van verloving prinses Juliana met Zweedse prins, auto nagekeken door Forddealer, 19:00 aankomst in Stockholm, 260 km gereden, hotel Clara Larson (Birger Jarlsgatan).<\/span><\/td>\n<\/tr>\n<tr style=\"height: 159px;\">\n<td style=\"height: 159px;\" width=\"493\"><span style=\"font-family: georgia, palatino, serif; font-size: 12pt;\">Dinsdag 3 juli: Govert hele dag onderzoek naar zijn voorouders naar Zweedse professor (die weinig kon vertellen), consul spreekt geruststellend over sluiting Duitse grenzen. Overige 3 gaan naar Riddarholmskyrkan en maken foto van Meijerfeldtwapen, daarna Nationaal Museum, reisje met de \u201condergrondse trein\u201d. 18:00 vertrek uit Stockholm, Nyk\u00f6ping, 11:30 aankomst Nork\u00f6ping,\u00a0 140 km gereden, overnachting in G\u00f6ta Hotel.<\/span><\/td>\n<\/tr>\n<tr style=\"height: 112px;\">\n<td style=\"height: 112px;\" width=\"493\"><span style=\"font-family: georgia, palatino, serif; font-size: 12pt;\">Woensdag 4 juli: Prins Hendrik overleden. Middag vertrek uit Nork\u00f6ping, Lynk\u00f6ping, Jongk\u00f6ping, niet naar G\u00f6teborg (plaats voor 7 auto\u2019s op de pond, maar erg duur), dus naar zuiden, Onneryd, Halmstad, haas aangereden vanwege lichtbundels, aankomst Angelholm.<\/span><\/td>\n<\/tr>\n<tr style=\"height: 140px;\">\n<td style=\"height: 100px;\" width=\"493\"><span style=\"font-family: georgia, palatino, serif; font-size: 12pt;\">Donderdag 5 juli: Reis naar H\u00e4lsingborg 28 km, 12:30 pont naar H\u00e4lsing\u00f8r, mooi weer, zodat Niek gaat zwemmen met veel moeite aan- en uitkleden, lichte aanrijding in Kopenhagen, Roskilde, 17:30 pont van K\u00f6rser naar Nyborg, Odense, 24:00 veer over de Kleine Belt, aankomst Kolding, hotel.<\/span><\/td>\n<\/tr>\n<tr style=\"height: 168px;\">\n<td style=\"height: 168px;\" width=\"493\"><span style=\"font-family: georgia, palatino, serif; font-size: 12pt;\">Vrijdag 6 juli: 10:45 vertrek Kolding, voor Flensburg heeft Deense grenswacht uit protest rode roos in knoopsgat en ziet Duitse grenswacht bijbels aan voor anti-nazilectuur, dag eerder was hier Hitler, Kiel, Neum\u00fcnster, Noord-Oostzeekanaal bewonderd, Hamburg, Bremen, Osnabr\u00fcck, discussie over gedwongen sterilisatie en vaccinatie in Duitsland (Niek had sympathie), geen wegwijzers, aankomst Rheine, overnachting in hotel.<\/span><\/td>\n<\/tr>\n<tr style=\"height: 197px;\">\n<td style=\"height: 171px;\" width=\"493\"><span style=\"font-family: georgia, palatino, serif; font-size: 12pt;\">Zaterdag 7 juli: Glanerbrug, nauwkeurige grenscontrole, ieder deed aangifte, direct getroffen door grotere welvaart en prettig aanzien van de huizen, berichten over Amsterdams oproer, Lochum bezoek aan tante van de auteur, Vorden blijft Ad op de pastorie van zijn vader, Amersfoort bezoek aan schoonouders en vader Niek, problemen met de auto, 18:00 vertrek, in Amsterdam doet Goof nog wat inkopen, Haarlem auteur afgezet, 19:00 uur aankomst in Heiloo.<\/span><\/td>\n<\/tr>\n<\/tbody>\n<\/table>\n<p style=\"text-align: center;\"><span style=\"color: #800000;\"><strong><a id=\"followup\"><\/a>Follow-up<\/strong><\/span><\/p>\n<p style=\"text-align: justify;\"><span style=\"color: #000000;\">Govert schrijft en ontvangt een<\/span> <span style=\"color: #008000;\"><span style=\"color: #0000ff;\"><a style=\"color: #0000ff;\" href=\"https:\/\/meijenfeldt.nl\/?page_id=242\">zestigtal brieven<\/a><span style=\"color: #000000;\">. <\/span><\/span><\/span><\/p>\n<p style=\"text-align: justify;\"><span style=\"color: #008000;\"><span style=\"color: #0000ff;\"><span style=\"color: #000000;\">Hij probeert fami\u00adliele\u00adden warm te maken voor zijn onderzoek en slaagt daar maar gedeeltelijk in. In 1934 wendt hij zich tot hen om finan\u00adci\u00eble bijstand voor een onderzoek door de stads\u00adar\u00adchivaris van Stral\u00adsund. Hij betaalt hem in 1939 uiteindelijk een bedrag 50 Deutschmark, maar deze ziet af van het onderzoek en betaalt het bedrag vermoedelijk niet terug vanwege een verbod op export van deviezen door Hitler. Als hij na onder\u00adzoek in het Rotterdamse gemeentear\u00adchief bij neef Roelof langsgaat merkt deze \u2013 met voor\u00adspel\u00adlende gave \u2013 op: \u201c<em>Zou je hier wel mee doorgaan? Je weet maar nooit hoeveel ondergescho\u00adven kinde\u00adren boven water komen<\/em>.\u201d<\/span><\/span><\/span><\/p>\n<p style=\"text-align: justify;\"><span style=\"color: #000000;\">Tegen een vergoeding van 20 cent krijgen de familieleden van hem een afdruk van de zwart-witfoto, die hij van het familiewapen in de Riddarholmkerk te Stockholm heeft laten maken. In zijn Zwitserse tijd laat hij daar een<\/span> <span style=\"color: #0000ff;\"><a style=\"color: #0000ff;\" href=\"https:\/\/meijenfeldt.nl\/?page_id=36955\">kleurenafbeelding<\/a><\/span> van maken, met kleine foutjes. Veel familieleden bezoeken daarna de kerk, maken kleurenfoto&#8217;s en laten tekeningen maken.<\/p>\n<p style=\"text-align: center;\"><span style=\"font-size: 10pt; color: #000000;\"><span style=\"color: #0000ff;\"><a id=\"voetnoot\"><\/a><a style=\"color: #0000ff;\" href=\"https:\/\/meijenfeldt.nl\/?page_id=64142\">Terug<\/a><\/span>\u00a0 \u00a0***\u00a0 \u00a0<span style=\"color: #0000ff;\"><a style=\"color: #0000ff;\" href=\"https:\/\/meijenfeldt.nl\/?page_id=64099\">Verder<\/a><\/span><\/span><\/p>\n","protected":false},"excerpt":{"rendered":"<p>Drie-hoofdsteden-reis\u00a0 \u00a0***\u00a0 \u00a0Follow-up De reden voor Govert om als eerste een serieus onderzoek in te stellen naar de herkomst van zijn overgrootvader Johan August von Meijenfeldt is vermoedelijk een mengvorm van historische interesse, verhalen van ooms en tantes en extra tijd in de crisisjaren. Hier volgen enkele hoogtepunten: Drie-hoofdsteden-reis Govert en drie vrienden reizen van &hellip; <a href=\"https:\/\/meijenfeldt.nl\/?page_id=33370\" class=\"more-link\">Verder lezen <span class=\"screen-reader-text\">3.1.6. Onderzoek 1934-1977<\/span><\/a><\/p>\n","protected":false},"author":1,"featured_media":0,"parent":0,"menu_order":0,"comment_status":"closed","ping_status":"closed","template":"","meta":{"footnotes":""},"class_list":["post-33370","page","type-page","status-publish","hentry"],"_links":{"self":[{"href":"https:\/\/meijenfeldt.nl\/index.php?rest_route=\/wp\/v2\/pages\/33370","targetHints":{"allow":["GET"]}}],"collection":[{"href":"https:\/\/meijenfeldt.nl\/index.php?rest_route=\/wp\/v2\/pages"}],"about":[{"href":"https:\/\/meijenfeldt.nl\/index.php?rest_route=\/wp\/v2\/types\/page"}],"author":[{"embeddable":true,"href":"https:\/\/meijenfeldt.nl\/index.php?rest_route=\/wp\/v2\/users\/1"}],"replies":[{"embeddable":true,"href":"https:\/\/meijenfeldt.nl\/index.php?rest_route=%2Fwp%2Fv2%2Fcomments&post=33370"}],"version-history":[{"count":23,"href":"https:\/\/meijenfeldt.nl\/index.php?rest_route=\/wp\/v2\/pages\/33370\/revisions"}],"predecessor-version":[{"id":72436,"href":"https:\/\/meijenfeldt.nl\/index.php?rest_route=\/wp\/v2\/pages\/33370\/revisions\/72436"}],"wp:attachment":[{"href":"https:\/\/meijenfeldt.nl\/index.php?rest_route=%2Fwp%2Fv2%2Fmedia&parent=33370"}],"curies":[{"name":"wp","href":"https:\/\/api.w.org\/{rel}","templated":true}]}}