{"id":3259,"date":"2017-03-18T15:26:19","date_gmt":"2017-03-18T15:26:19","guid":{"rendered":"http:\/\/celinevonmeijenfeldt.nl\/?page_id=3259"},"modified":"2023-02-19T14:13:13","modified_gmt":"2023-02-19T14:13:13","slug":"aberg","status":"publish","type":"page","link":"https:\/\/meijenfeldt.nl\/?page_id=3259","title":{"rendered":"\u00c5berg"},"content":{"rendered":"<p><strong><span style=\"font-size: 14pt;\">Alf \u00c5berg,<br \/>\n\u2014\u00a0lemma in \u201cSvenska M\u00e4n och Kvinnor, Biografisk Uppslagsbok\u201d, Stockholm 1949, deel 5,\u00a0<span style=\"color: #0000ff;\"><a style=\"color: #0000ff;\" href=\"http:\/\/runeberg.org\/smok\/5\/0302.html\">pag. 272-273<\/a><\/span>.<br \/>\n\u2014\u00a0&#8220;J.M. Lyth&#8221; (mei 1709), in Karolinska dagb\u00f6cker, Stockholm 1958.<br \/>\n\u2014 &#8220;Av annan mening. Karolinen Axel Gyllenkrook&#8221;, Stockholm 1998.<br \/>\n<\/span><\/strong><\/p>\n<hr \/>\n<p><strong><span style=\"font-size: 14pt;\"><span style=\"color: #0000ff;\"><a style=\"color: #0000ff;\" href=\"http:\/\/runeberg.org\/smok\/5\/0302.html\">LEMMA<\/a><\/span><\/span><\/strong><\/p>\n<hr \/>\n<p><strong><span style=\"font-size: 14pt;\">LYTH<\/span><\/strong><\/p>\n<p><span style=\"text-decoration: underline; font-size: 10pt;\"><span style=\"color: #000000; font-family: georgia, palatino, serif; text-decoration: underline;\">Pag. 83<\/span><\/span><\/p>\n<p><span style=\"font-family: georgia,palatino,serif; font-size: 10pt;\">Mentsjikoff valt bij dagenraad met 40.000 man de met 4 Zweedse regimenten bezette stad Oposchnja aan.<\/span><\/p>\n<table style=\"width: 91.4286%; height: 504px;\">\n<tbody>\n<tr style=\"height: 364px;\">\n<td style=\"width: 55.7757%; height: 364px;\"><span style=\"font-family: georgia,palatino,serif; font-size: 10pt;\"><em>varf\u00f6re, s\u00e5 snart kunskap h\u00e4rom inslupit Herr General Meijerfelt beordrad blev med halva svenska arm\u00e9n att avancera emot fienden, staden Oposchnja j\u00e4mte v\u00e5ra regimenter, som nu d\u00e4r inne bel\u00e4gra h\u00f6llos, till secours.<\/em><\/span><br \/>\n<span style=\"font-family: georgia,palatino,serif; font-size: 10pt;\"> <em>Kl. vid pass 9 d. 8 d:o ankommo vid p\u00e5 f\u00e4ltet utanf\u00f6r staden och s\u00e5go fienden runt omkring staden st\u00e5 posterade, dem vi en ordre de betaille avancerade emot, men utan ringaste n\u00e5got att lendera aller vidare h\u00e5lla st\u00e5nd sig strax vid v\u00e5r anmarsch retirade neder \u00e5t sina bryggor, marcherades d\u00e4r\u00f6ver det snabbarte de hinna kunde.<\/em><\/span><\/td>\n<td style=\"width: 66.8505%; height: 364px;\"><span style=\"font-family: georgia,palatino,serif; font-size: 10pt;\">Daarom werd, zodra hierover bericht binnenkwam, de heer generaal Meijerfelt bevolen met het halve Zweedse leger op te rukken tegen de vijand, de stad Oposchnja en onze regimenten, die daarbinnen werden belegerd, te hulp te komen. Ongeveer om 9 uur van de 8e kwam hij aan op het veld voor de stad, zag de vijand rond de stad gelegerd en rukte op in slagorde, maar zonder de geringste terugwijking of standhouding dichtbij on\u00adze aanval trokken zij zich terug op hun bruggen en marcheerden daarover zo snel zij konden.<\/span><\/td>\n<\/tr>\n<tr style=\"height: 28px;\">\n<td style=\"width: 122.626%; text-align: left; height: 28px;\" colspan=\"2\"><span style=\"text-decoration: underline; font-size: 10pt;\"><span style=\"color: #000000; font-family: georgia, palatino, serif; text-decoration: underline;\">Pag. 89<\/span><\/span><\/td>\n<\/tr>\n<tr style=\"height: 112px;\">\n<td style=\"width: 55.7757%; height: 112px;\"><span style=\"font-family: georgia,palatino,serif; font-size: 10pt;\"><em>D. 28 d:o (&#8230;) d\u00e5 han f\u00f6rst avf\u00e4rdade General Meijerfelt till tsaren ang\u00e5ende v\u00e5ra dodas begravning, som under aktionen slagna blivit, allra sist sl\u00f6t Hans Maj:t (&#8230;).<\/em><\/span><\/td>\n<td style=\"width: 66.8505%; height: 112px;\"><span style=\"font-family: georgia,palatino,serif; font-size: 10pt;\">De 28e van die maand (&#8230;) toen hij eerst Meijerfelt afvaardigde naar de tsaar om on\u00adze in de slag gebleven doden te begraven, besloot Zijne Majesteit als allerlaatste (&#8230;).<\/span><\/td>\n<\/tr>\n<\/tbody>\n<\/table>\n<p><span style=\"font-size: 14pt; color: #000000;\"><strong>GYLLENKROOK<\/strong><\/span><\/p>\n<p><span style=\"color: #0000ff; font-size: 10pt;\"><a style=\"color: #0000ff;\" href=\"https:\/\/archive.org\/details\/avannanmeningkar0000aber\/page\/78\/mode\/2up?q=meijerfeldt\">Pag. 79 e.v.<\/a><\/span><\/p>\n<table style=\"border-collapse: collapse; width: 100%; height: 1043px;\">\n<tbody>\n<tr style=\"height: 1043px;\">\n<td style=\"width: 47.5758%; height: 1043px;\"><span style=\"font-size: 10pt;\">I februari 1707 ber\u00e4ttade f\u00e4ltsekreteraren Nils Reuterholm f\u00f6r hovjunkaren Jacob Cronstedt i Stockholm att det var stor uppvaktning i h\u00f6gkvarteret i Sachsen. \u00bbDem som man mest ger akt upp\u00e5 \u00e4ro friarna. Generalmajoren Otto Wrangel, generalmajoren Johan August <mark>Meijerfeldt<\/mark> och \u00f6versten Axel Gyllenkrok visa sig hj\u00e4rtnupnast, men vem som drager av med jungfrun \u00e4r \u00e4nnu Oovisst.\u00ab<br \/>\nDet blev den dj\u00e4rve och robuste\u00a0<mark>Meijerfeldt<\/mark> som Anna Maria efter l\u00e5ng tvekan \u00e4ntligen r\u00e4ckte handen \u00e5t. I slutet av maj st\u00e4llde Piper till br\u00f6llop f\u00f6r sin sv\u00e4gerska och den lycklige Meijer- feldt. Kungen var med p\u00e5 br\u00f6llopet. Alstrin ber\u00e4ttar att han s\u00e5gs dansa med en kvinna \u00bbdet starkaste han kunde utan att n\u00e5gon takt observera\u00ab. Man s\u00e5g honom ocks\u00e5 konversera med den likaledes inbjudna Aurora von K\u00f6nigsmarck, kurfurst Augusts tidigare \u00e4lskarinna.<br \/>\nAnna Maria T\u00f6rnflycht m\u00e5ste snart \u00e5terv\u00e4nda till Stockholm, men hennes namn dyker upp i Gyllenkroks marschber\u00e4ttelse n\u00e4r kungen och Piper diskuterar att avbryta arm\u00e9ns marsch och t\u00e5ga s\u00f6derut till Severien. Piper meddelade d\u00e5 att hans sv\u00e5ger\u00a0<mark>Meijerfeldt<\/mark>\u00a0inte var n\u00f6jd med ett s\u00e5dant beslut \u00bbty han har velat ha sin fru till sig, och min sv\u00e4rfader har ock skrivit mig till och beg\u00e4rt att det kunde skex\u00ab.<br \/>\nDet var inget b\u00e4rkraftigt argument och arm\u00e9n t\u00e5gade vidare p\u00e5 sin \u00f6desmarsch.\u00a0<mark>Meijerfeldt<\/mark>\u00a0togs tillf\u00e5nga och hamnade i rysk f\u00e5ngenskap, men lyckades snart l\u00f6sa ut sig och kom hem<br \/>\n<\/span><\/td>\n<td style=\"width: 52.4242%; height: 1043px;\">\n<p id=\"tw-target-text\" class=\"tw-data-text tw-text-large tw-ta\" dir=\"ltr\" data-placeholder=\"Vertaling\"><span class=\"Y2IQFc\" lang=\"nl\" style=\"font-size: 10pt;\">In februari 1707 vertelde de veldsecretaris Nils Reuterholm aan de hofjonker Jacob Cronstedt in Stockholm dat er een grote opwachting was in het hoofdkwartier in Saksen. \u00bbDegenen aan wie je de meeste aandacht besteedt, zijn de vrijers. Generaal-majoor Otto Wrangel, generaal-majoor Johan August Meijerfeldt en kolonel Axel Gyllenkrok blijken het meeste hartzeer te hebben, maar wie met het meisje zal vertrekken is nog onzeker.\u00ab<br \/>\nHet werd de durfal en robuuste Meijerfeldt waar Anna Maria na lang aarzelen uiteindelijk contact mee opnam. Eind mei was Piper gastheer van het huwelijk van haar schoonzus en de gelukkige Meijerfeldt. De koning woonde de bruiloft bij. Alstrin zegt dat hij werd gezien terwijl hij met een vrouw danste &#8220;zo hard als hij kon zonder enige maat in acht te nemen&#8221;. Hij was ook in gesprek met de al even uitgenodigde Aurora von K\u00f6nigsmarck, de voormalige minnares van keurvorst August.<br \/>\nAnna Maria T\u00f6rnflycht moet binnenkort terugkeren naar Stockholm, maar haar naam komt voor in het marsverhaal van Gyllenkrok wanneer de koning en Piper bespreken hoe ze de opmars van het leger moeten onderbreken en naar het zuiden moeten marcheren naar Severien. Piper liet toen weten dat zijn zwager Meijerfeldt niet blij was met zo&#8217;n beslissing &#8220;omdat hij zijn vrouw voor zichzelf wilde hebben, en mijn schoonvader heeft mij ook geschreven en verzocht dat er seks mocht zijn&#8221;. Het was geen houdbaar argument en het leger marcheerde verder op zijn noodlottige mars. Meijerfeldt werd gevangen genomen en belandde in Russische gevangenschap, maar wist al snel uit te breken en naar huis terug te keren<\/span><\/p>\n<\/td>\n<\/tr>\n<\/tbody>\n<\/table>\n<p><span style=\"color: #0000ff; font-size: 10pt;\"><a style=\"color: #0000ff;\" href=\"https:\/\/archive.org\/details\/avannanmeningkar0000aber\/page\/98\/mode\/2up?q=meijerfeldt\">Pag. 98<\/a><\/span><\/p>\n<table style=\"border-collapse: collapse; width: 100%;\">\n<tbody>\n<tr>\n<td style=\"width: 50%;\"><span style=\"font-size: 10pt;\">S\u00e5 skedde, och efter m\u00f6tet kallades Gyllenkrok till kungen. N\u00e4r han kom dit fanns Piper, Rehnski\u00f6ld och generalmajor\u00a0<mark>Meijerfeldt<\/mark>\u00a0i rummet. Kungen var mycket f\u00f6rn\u00f6jd och n\u00e5dig. Han tog Gyllenkrok vid armen och f\u00f6rde honom fram till ett bord, d\u00e4r Piper satt och skrev. Piper ber\u00e4ttade att kungen beslutat att g\u00e5 till Severien och ville ha en karta \u00f6ver hur<\/span><\/td>\n<td style=\"width: 50%;\">\n<p id=\"tw-target-text\" class=\"tw-data-text tw-text-large tw-ta\" dir=\"ltr\" data-placeholder=\"Vertaling\"><span class=\"Y2IQFc\" lang=\"nl\" style=\"font-size: 10pt;\">Zo gebeurde het, en na de ontmoeting werd Gyllenkrok bij de koning geroepen. Toen hij daar aankwam, waren Piper, Rehnski\u00f6ld en generaal-majoor Meijerfeldt in de kamer. De koning was zeer tevreden en genadig. Hij nam Gyllenkrook bij de arm en leidde hem naar een tafel, waar Piper zat te schrijven. Piper vertelde dat de koning besloot naar Severien te gaan en een kaart wilde hebben hoe.<\/span><\/p>\n<\/td>\n<\/tr>\n<\/tbody>\n<\/table>\n<p><span style=\"font-size: 10pt;\"><a style=\"color: #0000ff;\" href=\"https:\/\/archive.org\/details\/avannanmeningkar0000aber\/page\/136\/mode\/2up?q=meijerfeldt\">Pag. 137-138<\/a><\/span><\/p>\n<table style=\"border-collapse: collapse; width: 100%;\">\n<tbody>\n<tr>\n<td style=\"width: 50%;\"><span style=\"font-size: 10pt;\">Dagen efter\u00e5t kom generalmajor <mark>Meijerfeldt<\/mark> till kungen med en f\u00f6rsta ber\u00e4ttelse om kapitulationen i Perevolotjna. Naturligtvis blev det en sv\u00e5r chock f\u00f6r Karl XII. Hela hans situation hade f\u00f6r\u00e4ndrats. Han var inte l\u00e4ngre chef f\u00f6r en m\u00e4ktig arm\u00e9 utan en hj\u00e4lps\u00f6kande flykting i ett fr\u00e4mmande land. Meijerfeldt, som var fientligt sinnad till Lewenhaupt, hade &#8211; som Hans <mark>Villius<\/mark>\u00a0klart visat \u2014 p\u00e5verkat kungen. I ett brev till systern Ulrika Eleonora uttryckte Karl XII sitt djupa ogillande av ge- neralen: \u00bbHan har alltid visat sig ber\u00f6mlig och v\u00e4l tillf\u00f6rne, men den g\u00e5ngen m\u00e5ste sinnena ha varit honom betagna, s\u00e5 att honom sv\u00e5rligen n\u00e5got mer b\u00f6r anf\u00f6rtros.\u00ab<\/span><\/td>\n<td style=\"width: 50%;\">\n<p id=\"tw-target-text\" class=\"tw-data-text tw-text-large tw-ta\" dir=\"ltr\" data-placeholder=\"Vertaling\"><span class=\"Y2IQFc\" lang=\"nl\" style=\"font-size: 10pt;\">De dag erna kwam generaal-majoor Meijerfeldt naar de koning met een eerste verslag van de overgave bij Perevolotjna. Natuurlijk kwam het als een zware schok voor Charles XII. Zijn hele situatie was veranderd. Hij was niet langer het hoofd van een machtig leger, maar een vluchteling die hulp zocht in een vreemd land. Meijerfeldt, die vijandig stond tegenover Lewenhaupt, had &#8211; zoals Hans Villius duidelijk liet zien &#8211; de koning be\u00efnvloed. In een brief aan zijn zus Ulrika Eleonora sprak Karel XII zijn diepe afkeuring uit over de generaal: \u00bbHij heeft zich altijd getoond als illuster en braaf, maar die keer moeten zijn zintuigen geboeid zijn geweest, zodat hij nauwelijks zou moeten worden toevertrouwd met iets anders.\u00ab<\/span><\/p>\n<\/td>\n<\/tr>\n<\/tbody>\n<\/table>\n<p>&nbsp;<\/p>\n","protected":false},"excerpt":{"rendered":"<p>Alf \u00c5berg, \u2014\u00a0lemma in \u201cSvenska M\u00e4n och Kvinnor, Biografisk Uppslagsbok\u201d, Stockholm 1949, deel 5,\u00a0pag. 272-273. \u2014\u00a0&#8220;J.M. Lyth&#8221; (mei 1709), in Karolinska dagb\u00f6cker, Stockholm 1958. \u2014 &#8220;Av annan mening. Karolinen Axel Gyllenkrook&#8221;, Stockholm 1998. LEMMA LYTH Pag. 83 Mentsjikoff valt bij dagenraad met 40.000 man de met 4 Zweedse regimenten bezette stad Oposchnja aan. varf\u00f6re, s\u00e5 &hellip; <a href=\"https:\/\/meijenfeldt.nl\/?page_id=3259\" class=\"more-link\">Verder lezen <span class=\"screen-reader-text\">\u00c5berg<\/span><\/a><\/p>\n","protected":false},"author":1,"featured_media":0,"parent":0,"menu_order":0,"comment_status":"closed","ping_status":"closed","template":"","meta":{"footnotes":""},"class_list":["post-3259","page","type-page","status-publish","hentry"],"_links":{"self":[{"href":"https:\/\/meijenfeldt.nl\/index.php?rest_route=\/wp\/v2\/pages\/3259","targetHints":{"allow":["GET"]}}],"collection":[{"href":"https:\/\/meijenfeldt.nl\/index.php?rest_route=\/wp\/v2\/pages"}],"about":[{"href":"https:\/\/meijenfeldt.nl\/index.php?rest_route=\/wp\/v2\/types\/page"}],"author":[{"embeddable":true,"href":"https:\/\/meijenfeldt.nl\/index.php?rest_route=\/wp\/v2\/users\/1"}],"replies":[{"embeddable":true,"href":"https:\/\/meijenfeldt.nl\/index.php?rest_route=%2Fwp%2Fv2%2Fcomments&post=3259"}],"version-history":[{"count":14,"href":"https:\/\/meijenfeldt.nl\/index.php?rest_route=\/wp\/v2\/pages\/3259\/revisions"}],"predecessor-version":[{"id":53682,"href":"https:\/\/meijenfeldt.nl\/index.php?rest_route=\/wp\/v2\/pages\/3259\/revisions\/53682"}],"wp:attachment":[{"href":"https:\/\/meijenfeldt.nl\/index.php?rest_route=%2Fwp%2Fv2%2Fmedia&parent=3259"}],"curies":[{"name":"wp","href":"https:\/\/api.w.org\/{rel}","templated":true}]}}