{"id":32383,"date":"2020-08-22T12:20:51","date_gmt":"2020-08-22T12:20:51","guid":{"rendered":"http:\/\/meijenfeldt.nl\/?page_id=32383"},"modified":"2020-08-22T12:20:51","modified_gmt":"2020-08-22T12:20:51","slug":"dalmer","status":"publish","type":"page","link":"https:\/\/meijenfeldt.nl\/?page_id=32383","title":{"rendered":"Dalmer"},"content":{"rendered":"<p style=\"text-align: justify;\"><strong><span style=\"color: #000000; font-size: 14pt;\">C.E.F. Dalmer, &#8220;Sammlung etlicher Nachrichten aus der Zeit und dem Leben des D. Albr. Joach. v. Krakevitz, weiland Superintendenten in Mecklenburg, nachher General-superintendenten von Pommern u. R\u00fcgen u. s. w., Versassers des Mecklenburgischen Landeskatechismus&#8221;, Stralsund 1862.<\/span><\/strong><\/p>\n<article class=\"result\">\n<p class=\"results-header\" style=\"text-align: justify;\"><span style=\"color: #0000ff;\"><a style=\"color: #0000ff;\" href=\"https:\/\/babel.hathitrust.org\/cgi\/pt?q1=meyerfeld;id=hvd.ah5w2n;view=1up;seq=138;num=130;start=1;sz=10;page=search\" data-seq=\"138\">Pag. 130<\/a><\/span><\/p>\n<p class=\"kwic\" style=\"text-align: justify;\"><span style=\"color: #000000;\">&#8230;rafen <strong class=\"solr_highlight_1\">Meyerfeld<\/strong> (der noch in Stockholm weilte) Ankunft k\u00f6nnte \u017fie in Kirchen\u017fachen nichts Definitives vornehmen. Bald darauf den 26. Januar ertheilte. R\u00f6nig Friedrich**) in eluem *) Alte Regiminal-Acten, Gen.-Sup. 1. E. : **) Friedric I, regierender Landgraf von He\u017f\u017fen-Ca\u017f\u017fel, Gemahl der Sowe\u017fter Ka&#8230;<\/span><\/p>\n<article class=\"result\">\n<p class=\"results-header\" style=\"text-align: justify;\"><span style=\"color: #0000ff;\"><a style=\"color: #0000ff;\" href=\"https:\/\/babel.hathitrust.org\/cgi\/pt?q1=meyerfeldt;id=hvd.ah5w2n;view=1up;seq=139;start=1;sz=10;page=search;num=131\" data-seq=\"139\">Pag. 131<\/a><\/span><\/p>\n<p class=\"kwic\" style=\"text-align: justify;\"><span style=\"color: #000000;\">&#8230;r. an <strong class=\"solr_highlight_1\">Meyerfeldt<\/strong> ausgeh\u00e4ndigt. Er mu\u00dfte aber noch in Stocholm bleiben und es wurden zur Einf\u00fchrung des Gen.-Sup. kei- nerlei An\u017ffalten gemacht. Krakevi\u00df \u017fcheint von der Cabinets-Ordre Kenntni\u00df erlangt zu haben, und als die K\u00f6nigl. Regierung \u017fich nidit weiter movirt, kommt er \u017felb\u017ft im M\u00e4rz nach Stra&#8230;<\/span><\/p>\n<p class=\"kwic\" style=\"text-align: justify;\"><span style=\"color: #000000;\">&#8230;rafen <strong class=\"solr_highlight_1\">Meyerfeldt<\/strong> Nachricht gegeben. In Folge de\u017f\u017fen (direibt die Regierung an den Gen.-Gouv., meldet, da\u00df ein Cabinets &#8211; Befehl zur Einf\u00fchrung des Gen.-Sup. V. Krakevi\u00df noch nicht eingegangen \u017fei, bittet um f\u00f6rder\u017fam\u017fte Ueber\u017fendung des K\u00f6nigl. Briefes und um bal- dige An\u017ftalten zur In\u017ftitution des &#8230;<\/span><\/p>\n<article class=\"result\">\n<p class=\"results-header\" style=\"text-align: justify;\"><span style=\"color: #0000ff;\"><a style=\"color: #0000ff;\" href=\"https:\/\/babel.hathitrust.org\/cgi\/pt?q1=meyerfeldt;id=hvd.ah5w2n;view=1up;seq=142;start=1;sz=10;page=search;num=134\" data-seq=\"142\">Pag. 134<\/a><\/span><\/p>\n<p class=\"kwic\" style=\"text-align: justify;\"><span style=\"color: #000000;\">&#8230;h von <strong class=\"solr_highlight_1\">Meyerfeldt<\/strong> per\u017f\u00f6nlicy producirt und Dom. Exaudi, 25. Mai, zur *) Die Regierung hat auch dem Gen.-Sup. einen Brief an den Herzog mitgegeben, der gleidfalls in den Acten \u017fteht vom 21. Mai, ganz in der Wei\u017fe, wie Krakevi\u00df ihn \u017fidi erbeten. **) Wie \u017fowierig der Herzog mit Zahlen war, erbellt aus v&#8230;<\/span><\/p>\n<article class=\"result\">\n<p class=\"results-header\" style=\"text-align: justify;\"><span style=\"color: #0000ff;\"><a style=\"color: #0000ff;\" href=\"https:\/\/babel.hathitrust.org\/cgi\/pt?q1=meyerfeld;id=hvd.ah5w2n;view=1up;seq=157;num=149;start=1;sz=10;page=search\" data-seq=\"157\">Pag. 149<\/a><\/span><\/p>\n<p class=\"kwic\" style=\"text-align: justify;\"><span style=\"color: #000000;\">&#8230; Graf <strong class=\"solr_highlight_1\">Meyerfeld<\/strong> noch Herr v. Bohlen genau der von ihnen ge\u017fprochenen be- treffenden Worte, welche jedenfalls nur in einigen gewech\u017felten Complis menten be\u017ftanden haben, die ja f\u00fcr \u017folde Herrn \u017fo gel\u00e4ufig und nichts- \u017fagend zu \u017fein pflegen, da\u00df \u017fie \u017fich der\u017felben dwerlich zu erinnern wif- \u017fen. Es mu\u00df&#8230;<\/span><\/p>\n<article class=\"result\">\n<p class=\"results-header\" style=\"text-align: justify;\"><span style=\"color: #0000ff;\"><a style=\"color: #0000ff;\" href=\"https:\/\/babel.hathitrust.org\/cgi\/pt?q1=meyerfeldt;id=hvd.ah5w2n;view=1up;seq=288;start=1;sz=10;page=search;num=280\" data-seq=\"288\">Pag. 280<\/a><\/span><\/p>\n<p class=\"kwic\" style=\"text-align: justify;\"><span style=\"color: #000000;\">&#8230;enze (<strong class=\"solr_highlight_1\">Meyerfeldt<\/strong>) por Dero Abrei\u017fe gn\u00e4dige Permi\u017f\u017fion &#8230;<\/span><\/p>\n<article class=\"result\">\n<p class=\"results-header\" style=\"text-align: justify;\"><span style=\"color: #0000ff;\"><a style=\"color: #0000ff;\" href=\"https:\/\/babel.hathitrust.org\/cgi\/pt?q1=meyerfeldt;id=hvd.ah5w2n;view=1up;seq=298;start=1;sz=10;page=search;num=290\" data-seq=\"298\">Pag. 290<\/a><\/span><\/p>\n<p class=\"kwic\" style=\"text-align: justify;\"><span style=\"color: #000000;\">&#8230;ur v. <strong class=\"solr_highlight_1\">Meyerfeldt<\/strong> zwei Couriere \u00fcber Ro\u017ftod *) Wer aur einige 30 Jahre zur\u00fcdbenken fann, wird \u017fich wohl erinnern, da\u00df z. B. zwi\u017fden Damgarten und Stral\u017fund die nod febr unbequem eingeri\u00f8. teten Po\u017ften auf dem undauflirten Wege namentlich zu Herb\u017ftzeiten oftmals um. warfen und \u017fich h\u00e4ufig ver\u017fp\u00e4teten&#8230;.<\/span><\/p>\n<article class=\"result\">\n<p class=\"results-header\" style=\"text-align: justify;\"><span style=\"color: #0000ff;\"><a style=\"color: #0000ff;\" href=\"https:\/\/babel.hathitrust.org\/cgi\/pt?q1=meyerfeldt;id=hvd.ah5w2n;view=1up;seq=299;start=1;sz=10;page=search;num=291\" data-seq=\"299\">Pag. 291<\/a><\/span><\/p>\n<p class=\"kwic\" style=\"text-align: justify;\"><span style=\"color: #000000;\">&#8230;af v. <strong class=\"solr_highlight_1\">Meyerfeldt<\/strong> und Baron v. Trautvetter, Ober- Commandant, Graf Putbus und andere Vors nehme warteten da\u017felb\u017ft dem K\u00f6nige auf, und am andern Lage Mors gens repte er \u017feine Rei\u017fe nach Stral\u017fund fort. Auf der Grenze ward er von einigen Vornehmen vom Adel empfangen und vom Grafen Putbus bewillkommt. S&#8230;<\/span><\/p>\n<\/article>\n<\/article>\n<\/article>\n<\/article>\n<\/article>\n<\/article>\n<\/article>\n","protected":false},"excerpt":{"rendered":"<p>C.E.F. Dalmer, &#8220;Sammlung etlicher Nachrichten aus der Zeit und dem Leben des D. Albr. Joach. v. Krakevitz, weiland Superintendenten in Mecklenburg, nachher General-superintendenten von Pommern u. R\u00fcgen u. s. w., Versassers des Mecklenburgischen Landeskatechismus&#8221;, Stralsund 1862. Pag. 130 &#8230;rafen Meyerfeld (der noch in Stockholm weilte) Ankunft k\u00f6nnte \u017fie in Kirchen\u017fachen nichts Definitives vornehmen. Bald darauf &hellip; <a href=\"https:\/\/meijenfeldt.nl\/?page_id=32383\" class=\"more-link\">Verder lezen <span class=\"screen-reader-text\">Dalmer<\/span><\/a><\/p>\n","protected":false},"author":1,"featured_media":0,"parent":0,"menu_order":0,"comment_status":"closed","ping_status":"closed","template":"","meta":{"footnotes":""},"class_list":["post-32383","page","type-page","status-publish","hentry"],"_links":{"self":[{"href":"https:\/\/meijenfeldt.nl\/index.php?rest_route=\/wp\/v2\/pages\/32383","targetHints":{"allow":["GET"]}}],"collection":[{"href":"https:\/\/meijenfeldt.nl\/index.php?rest_route=\/wp\/v2\/pages"}],"about":[{"href":"https:\/\/meijenfeldt.nl\/index.php?rest_route=\/wp\/v2\/types\/page"}],"author":[{"embeddable":true,"href":"https:\/\/meijenfeldt.nl\/index.php?rest_route=\/wp\/v2\/users\/1"}],"replies":[{"embeddable":true,"href":"https:\/\/meijenfeldt.nl\/index.php?rest_route=%2Fwp%2Fv2%2Fcomments&post=32383"}],"version-history":[{"count":1,"href":"https:\/\/meijenfeldt.nl\/index.php?rest_route=\/wp\/v2\/pages\/32383\/revisions"}],"predecessor-version":[{"id":32384,"href":"https:\/\/meijenfeldt.nl\/index.php?rest_route=\/wp\/v2\/pages\/32383\/revisions\/32384"}],"wp:attachment":[{"href":"https:\/\/meijenfeldt.nl\/index.php?rest_route=%2Fwp%2Fv2%2Fmedia&parent=32383"}],"curies":[{"name":"wp","href":"https:\/\/api.w.org\/{rel}","templated":true}]}}