{"id":32363,"date":"2020-08-21T12:43:03","date_gmt":"2020-08-21T12:43:03","guid":{"rendered":"http:\/\/meijenfeldt.nl\/?page_id=32363"},"modified":"2020-08-21T12:43:03","modified_gmt":"2020-08-21T12:43:03","slug":"bruckner","status":"publish","type":"page","link":"https:\/\/meijenfeldt.nl\/?page_id=32363","title":{"rendered":"Br\u00fcckner"},"content":{"rendered":"<p style=\"text-align: justify;\"><strong><span style=\"color: #000000; font-size: 14pt;\">A. Br\u00fcckner, &#8220;Der Anjalabund in Finland, 1788&#8221;, Baltische Monatsschrift, 19. Band, Neuer Folge, Band I, Riga 1870, pag. 309-531.<\/span><\/strong><\/p>\n<article class=\"result\">\n<p class=\"results-header\" style=\"text-align: justify;\"><span style=\"color: #0000ff;\"><a style=\"color: #0000ff;\" href=\"https:\/\/babel.hathitrust.org\/cgi\/pt?q1=meyerfeldt;id=nyp.33433066614706;view=1up;seq=329;start=1;sz=10;page=search;num=317\" data-seq=\"329\">Pag. 317<\/a><\/span><\/p>\n<p class=\"kwic\" style=\"text-align: justify;\"><span style=\"color: #000000;\">&#8230; Graf <strong class=\"solr_highlight_1\">Meyerfeldt<\/strong>, einer der Befehls- haber, an den K\u00f6nig, sei auf keine Mannszucht zu rechnen. &#8216;) Ein solcher Zustand lieferte g\u00fcnstigen Boden f\u00fcr eine revolution\u00e4re Propaganda. Die Offiziere, welche die Opposition vertraten, h\u00f6rten nicht auf, die Soldaten zu hetzen. Von H\u00e4stesko erz\u00e4hlte man, dass &#8230;<\/span><\/p>\n<article class=\"result\">\n<p class=\"results-header\" style=\"text-align: justify;\"><span style=\"color: #0000ff;\"><a style=\"color: #0000ff;\" href=\"https:\/\/babel.hathitrust.org\/cgi\/pt?q1=meyerfeldt;id=nyp.33433066614706;view=1up;seq=333;start=1;sz=10;page=search;num=321\" data-seq=\"333\">Pag. 321<\/a> <\/span><\/p>\n<p class=\"kwic\" style=\"text-align: justify;\"><span style=\"color: #000000;\">&#8230;rafen <strong class=\"solr_highlight_1\">Meyerfeldt<\/strong> ersetzt. An demselben Tage fand eine Besprechung der Conf\u00f6derirten in Armfeldt&#8217;s Zelte statt. Ausser den Obengenannten waren Major Klick, Pehr Ehnehjelm und Baron Gustaf Kothen zugegen. Wiederum ward geltend gemacht, der K\u00f6nig w\u00fcnsche den Frieden, man m\u00fcsse ihm Gelegenheit geben, da&#8230;<\/span><\/p>\n<article class=\"result\">\n<p class=\"results-header\" style=\"text-align: justify;\"><span style=\"color: #0000ff;\"><a style=\"color: #0000ff;\" href=\"https:\/\/babel.hathitrust.org\/cgi\/pt?q1=meyerfeldt;id=nyp.33433066614706;view=1up;seq=336;start=1;sz=10;page=search;num=324\" data-seq=\"336\">Pag. 324<\/a><\/span><\/p>\n<p class=\"kwic\" style=\"text-align: justify;\"><span style=\"color: #000000;\">&#8230; Graf <strong class=\"solr_highlight_1\">Meyerfeldt<\/strong>, begn\u00fcgte sich damit, die Offiziere seiner n\u00e4chsten Umgebung vor dem Beitritt zu der Conf\u00f6deration zu warnen. Gegen die Verschworenen benahm er sich so zur\u00fcckhaltend und vorsichtig, dass Niemand wusste, wie er eigentlich denke. General Kaulbarz dagegen sprach sich sehr entschieden u&#8230;<\/span><\/p>\n<p class=\"kwic\" style=\"text-align: justify;\"><span style=\"color: #000000;\">&#8230;z und <strong class=\"solr_highlight_1\">Meyerfeldt<\/strong> zu verhaften und sie als &#8216;) In d. Handschr. wird die Propaganda geschildert. Klick suchte umsonst den Verfasser derselben zur Unterschrift zu bewegen. &#8230;<\/span><\/p>\n<article class=\"result\">\n<p class=\"results-header\" style=\"text-align: justify;\"><span style=\"color: #0000ff;\"><a style=\"color: #0000ff;\" href=\"https:\/\/babel.hathitrust.org\/cgi\/pt?q1=meyerfeldt;id=nyp.33433066614706;view=1up;seq=338;start=1;sz=10;page=search;num=326\" data-seq=\"338\">Pag. 326<\/a><\/span><\/p>\n<p class=\"kwic\" style=\"text-align: justify;\"><span style=\"color: #000000;\">&#8230; Graf <strong class=\"solr_highlight_1\">Meyerfeldt<\/strong> schrieb an den K\u00f6nig, dass viele Offiziere gegen die Beschuldigung protestirten, als wollten sie ein unabh\u00e4ngiges Finnland. Im Verh\u00f6r hat H\u00e4stesko sp\u00e4ter erkl\u00e4rt, er habe den Baron Sprengtporten von der Unm\u00f6glichkeit einer Vereinigung der finnischen Truppen mit den russischen zum Zw&#8230;<\/span><\/p>\n<article class=\"result\">\n<p class=\"results-header\" style=\"text-align: justify;\"><span style=\"color: #0000ff;\"><a style=\"color: #0000ff;\" href=\"https:\/\/babel.hathitrust.org\/cgi\/pt?q1=meyerfeldt;id=nyp.33433066614706;view=1up;seq=347;start=1;sz=10;page=search;num=335\" data-seq=\"347\">Pag. 335<\/a><\/span><\/p>\n<p class=\"kwic\" style=\"text-align: justify;\"><span style=\"color: #000000;\">&#8230;rafen <strong class=\"solr_highlight_1\">Meyerfeldt<\/strong> ersetzt, erwiderte Sprengt- porten: <strong class=\"solr_highlight_1\">Meyerfeldt<\/strong> sei unbeliebt, man solle sich gegen ihn auflehnen, , Die Aeusserung Sprengtporten&#8217;s, dass man an eine Selbst\u00e4ndigkeit Finnlands nicht denken solle, erkl\u00e4rte sich vielleicht dadurch, dass er &#8216;vermuthen konnte, Leionhufvudt, ein geborener&#8230;<\/span><\/p>\n<p class=\"kwic\" style=\"text-align: justify;\"><span style=\"color: #000000;\">&#8230; Graf <strong class=\"solr_highlight_1\">Meyerfeldt<\/strong> sei Zeuge gewesen, wie Graf Armfeldt dieses Schreiben erhielt und dahin be- antwortete, dass die Mittheilungen Sprengtporten&#8217;s zu allgemeiner Beruhigung gereicht h\u00e4tten, da man durchaus die Erhaltung des Bandes w\u00fcnsche, welches Finnland und Schweden vereinige. &#8216;) Am 12. (23.) August&#8230;<\/span><\/p>\n<article class=\"result\">\n<p class=\"results-header\" style=\"text-align: justify;\"><span style=\"color: #0000ff;\"><a style=\"color: #0000ff;\" href=\"https:\/\/babel.hathitrust.org\/cgi\/pt?q1=meyerfeldt;id=nyp.33433066614706;view=1up;seq=353;start=1;sz=10;page=search;num=341\" data-seq=\"353\">Pag. 341<\/a><\/span><\/p>\n<p class=\"kwic\" style=\"text-align: justify;\"><span style=\"color: #000000;\">&#8230;rafen <strong class=\"solr_highlight_1\">Meyerfeldt<\/strong> \u00fcbergeben wurde, schrieb Baron Sprengtporten, der Grossf\u00fcrst werde wie zuf\u00e4llig zwischen 10 und 11 Uhr als auf einer Recognoscirung begriffen im Dorfe Memmel\u00e4 eintreffen: es w\u00fcrde ihm lieb sein, dort mit schwe- dischen Offizieren zusammenzutreffen.2) Sobald ein Trompeter mit einem S&#8230;<\/span><\/p>\n<article class=\"result\">\n<p class=\"results-header\"><span style=\"color: #0000ff;\"><a style=\"color: #0000ff;\" href=\"https:\/\/babel.hathitrust.org\/cgi\/pt?q1=meyerfeldt;id=nyp.33433066614706;view=1up;seq=354;start=1;sz=10;page=search;num=342\" data-seq=\"354\">Pag. 342<\/a><\/span><\/p>\n<p class=\"kwic\"><span style=\"color: #000000;\">&#8230;rafen <strong class=\"solr_highlight_1\">Meyerfeldt<\/strong> vor, scherzte mit dem Obersten H\u00e4stesko, musste aber vom General Kaulbarz Vorw\u00fcrfe h\u00f6ren. Dem letzteren wurde der Antrag gemacht, nach Frederiks- hamm zu gehen, um dort die Unterhandlungen wegen des Friedens zu er\u00f6ffnen. Er lehnte es ab. Man schied ohne zu einem Ergebniss gekommen z&#8230;<\/span><\/p>\n<p class=\"kwic\"><span style=\"color: #000000;\">&#8230; Graf <strong class=\"solr_highlight_1\">Meyerfeldt<\/strong>, General Kaulbarz pers\u00f6nlichen Verkehr mit den Russen hatten. Es waren M\u00e4nner, welche das Interesse des K\u00f6nigs vertraten oder vertreten sollten; sie verletzten die gemessensten Befehle Gustafs indem sie wegen des Friedens oder Waffenstillstandes unterhandelten. Zu dem f\u00f6rmlichen Abs&#8230;<\/span><\/p>\n<\/article>\n<article class=\"result\">\n<p class=\"results-header\" style=\"text-align: justify;\"><span style=\"color: #0000ff;\"><a style=\"color: #0000ff;\" href=\"https:\/\/babel.hathitrust.org\/cgi\/pt?q1=meyerfeldt;id=nyp.33433066614706;view=1up;seq=355;start=1;sz=10;page=search;num=343\" data-seq=\"355\">Pag. 343<\/a><\/span><\/p>\n<p class=\"kwic\" style=\"text-align: justify;\"><span style=\"color: #000000;\">&#8230;n und <strong class=\"solr_highlight_1\">Meyerfeldt<\/strong> allenfalls f\u00fcr den K\u00f6nig gegen den Herzog in die Schranken treten w\u00fcrden. Die Nachrichten von Gustafs entschiedenen Erfolgen in Schweden, von seinen Siegen im Kampfe mit den D\u00e4nen \u00e4nderten sichtlich die Haltung des Herzogs. Hatte derselbe bis dahin gestattet, dass die Conf\u00f6derirten &#8230;<\/span><\/p>\n<p class=\"kwic\" style=\"text-align: justify;\"><span style=\"color: #000000;\">&#8230; Graf <strong class=\"solr_highlight_1\">Meyerfeldt<\/strong> als Oberbefehlshaber zur\u00fcckblieben.&#8217;) In Schweden selbst g\u00e4hrte es. Der Adel hatte keinen Krieg gewollt. Man spottete \u00fcber die Eitelkeit des K\u00f6nigs, \u00fcber dessen Prahlerei bei Er\u00f6ffnung des Feldzuges.2) Lieder von Freiheit und Gesetzm\u00e4ssigkeit, in denen der K\u00f6nig als Despot bezeichne&#8230;<\/span><\/p>\n<article class=\"result\">\n<p class=\"results-header\" style=\"text-align: justify;\"><span style=\"color: #0000ff;\"><a style=\"color: #0000ff;\" href=\"https:\/\/babel.hathitrust.org\/cgi\/pt?q1=meyerfeldt;id=nyp.33433066614706;view=1up;seq=356;start=1;sz=10;page=search;num=344\" data-seq=\"356\">Pag. 344<\/a><\/span><\/p>\n<p class=\"kwic\" style=\"text-align: justify;\"><span style=\"color: #000000;\">&#8230; Graf <strong class=\"solr_highlight_1\">Meyerfeldt<\/strong> warnen und er erschien alsbald wieder auf schwedischem Gebiete.6) Doch hatte der K\u00f6nig noch bedeutenden Anhang in Schweden. Er verstand es, durch Reden und Manifeste auf die allgemeine Stim- mung zu wirken. Offiziere, welche pl\u00f6tzlich ihren Abschied ge- nommen hatten und in Finnland&#8230;<\/span><\/p>\n<article class=\"result\">\n<p class=\"results-header\"><span style=\"color: #0000ff;\"><a style=\"color: #0000ff;\" href=\"https:\/\/babel.hathitrust.org\/cgi\/pt?q1=meyerfeldt;id=nyp.33433066614706;view=1up;seq=360;start=11;sz=10;page=search;num=348\" data-seq=\"360\">Pag. 348<\/a><\/span><\/p>\n<p class=\"kwic\"><span style=\"color: #000000;\">&#8230; Graf <strong class=\"solr_highlight_1\">Meyerfeldt<\/strong> machte wohl den Versuch, den Baron auf dessen Gute in der N\u00e4he von Borga zu verhaften, aber dieser rettete sich durch die Flucht. J\u00e4gerhorn blieb noch eine Zeitlang im schwedischen Finnland und hielt sich auf den G\u00fctern seiner Verwandten auf. Hier entwarf er noch den Plan eines nord&#8230;<\/span><\/p>\n<\/article>\n<article class=\"result\">\n<p class=\"results-header\" style=\"text-align: justify;\"><span style=\"color: #0000ff;\"><a style=\"color: #0000ff;\" href=\"https:\/\/babel.hathitrust.org\/cgi\/pt?q1=meyerfeldt;id=nyp.33433066614706;view=1up;seq=361;start=1;sz=10;page=search;num=349\" data-seq=\"361\">Pag. 349<\/a><\/span><\/p>\n<p class=\"kwic\" style=\"text-align: justify;\"><span style=\"color: #000000;\">&#8230; Graf <strong class=\"solr_highlight_1\">Meyerfeldt<\/strong> seine Anstalten, sich der Personen der Hauptanstifter der Conf\u00f6deration zu bem\u00e4chtigen. J\u00e4gerhorn war bereits in Sicherheit. Major Klick erschien im Januar pl\u00f6tzlich auf dem Gute des Capit\u00e4ns Aminoff, trat in dessen Zimmer, warf einen Packen Briefschaften auf den Tisch und bemerkte:&#8230;<\/span><\/p>\n<p class=\"kwic\" style=\"text-align: justify;\"><span style=\"color: #000000;\">&#8230;rafen <strong class=\"solr_highlight_1\">Meyerfeldt<\/strong> bei Rein 174. \u2014 d&#8217;Aquila II, 159. &#8230;<\/span><\/p>\n<article class=\"result\">\n<p class=\"results-header\" style=\"text-align: justify;\"><span style=\"color: #0000ff;\"><a style=\"color: #0000ff;\" href=\"https:\/\/babel.hathitrust.org\/cgi\/pt?q1=meyerfeldt;id=nyp.33433066614706;view=1up;seq=365;start=11;sz=10;page=search;num=353\" data-seq=\"365\">Pag. 353<\/a><\/span><\/p>\n<p class=\"kwic\" style=\"text-align: justify;\"><span style=\"color: #000000;\">&#8230; Graf <strong class=\"solr_highlight_1\">Meyerfeldt<\/strong> eine solche Maassregel unter dem Vorwande ab, dass es \u00fcberhaupt unangemessen sei. dass das Heer sich allzuviel mit der Politik befasse. Dagegen meinte man, der eigentliche Grund der Ablehnung sei die Besorgniss vor der Rache des Adels gewesen).1 Wir verweilen nicht bei den Einzelnhe&#8230;<\/span><\/p>\n<\/article>\n<\/article>\n<\/article>\n<\/article>\n<\/article>\n<\/article>\n<\/article>\n<\/article>\n<\/article>\n<\/article>\n","protected":false},"excerpt":{"rendered":"<p>A. Br\u00fcckner, &#8220;Der Anjalabund in Finland, 1788&#8221;, Baltische Monatsschrift, 19. Band, Neuer Folge, Band I, Riga 1870, pag. 309-531. Pag. 317 &#8230; Graf Meyerfeldt, einer der Befehls- haber, an den K\u00f6nig, sei auf keine Mannszucht zu rechnen. &#8216;) Ein solcher Zustand lieferte g\u00fcnstigen Boden f\u00fcr eine revolution\u00e4re Propaganda. Die Offiziere, welche die Opposition vertraten, h\u00f6rten &hellip; <a href=\"https:\/\/meijenfeldt.nl\/?page_id=32363\" class=\"more-link\">Verder lezen <span class=\"screen-reader-text\">Br\u00fcckner<\/span><\/a><\/p>\n","protected":false},"author":1,"featured_media":0,"parent":0,"menu_order":0,"comment_status":"closed","ping_status":"closed","template":"","meta":{"footnotes":""},"class_list":["post-32363","page","type-page","status-publish","hentry"],"_links":{"self":[{"href":"https:\/\/meijenfeldt.nl\/index.php?rest_route=\/wp\/v2\/pages\/32363","targetHints":{"allow":["GET"]}}],"collection":[{"href":"https:\/\/meijenfeldt.nl\/index.php?rest_route=\/wp\/v2\/pages"}],"about":[{"href":"https:\/\/meijenfeldt.nl\/index.php?rest_route=\/wp\/v2\/types\/page"}],"author":[{"embeddable":true,"href":"https:\/\/meijenfeldt.nl\/index.php?rest_route=\/wp\/v2\/users\/1"}],"replies":[{"embeddable":true,"href":"https:\/\/meijenfeldt.nl\/index.php?rest_route=%2Fwp%2Fv2%2Fcomments&post=32363"}],"version-history":[{"count":2,"href":"https:\/\/meijenfeldt.nl\/index.php?rest_route=\/wp\/v2\/pages\/32363\/revisions"}],"predecessor-version":[{"id":32365,"href":"https:\/\/meijenfeldt.nl\/index.php?rest_route=\/wp\/v2\/pages\/32363\/revisions\/32365"}],"wp:attachment":[{"href":"https:\/\/meijenfeldt.nl\/index.php?rest_route=%2Fwp%2Fv2%2Fmedia&parent=32363"}],"curies":[{"name":"wp","href":"https:\/\/api.w.org\/{rel}","templated":true}]}}