{"id":32143,"date":"2020-08-14T12:04:17","date_gmt":"2020-08-14T12:04:17","guid":{"rendered":"http:\/\/meijenfeldt.nl\/?page_id=32143"},"modified":"2023-05-08T14:36:59","modified_gmt":"2023-05-08T14:36:59","slug":"bijlage-d","status":"publish","type":"page","link":"https:\/\/meijenfeldt.nl\/?page_id=32143","title":{"rendered":"Memoires D. Absendung"},"content":{"rendered":"<p><strong>Bijlage D<\/strong>, <span style=\"color: #0000ff;\"><a style=\"color: #0000ff;\" href=\"https:\/\/meijenfeldt.nl\/wp-content\/uploads\/2020\/08\/Wahrhafte-Relation.pdf\">fol 112-119v<\/a><\/span>, pag 209-223<\/p>\n<p style=\"text-align: justify;\"><span style=\"font-family: georgia, palatino, serif; font-size: 12pt;\"><strong><span style=\"color: #000000;\">Wahrhaffte Relation wie e\u00df beschaffen mit der Absendung des G. Meijerfelt von I K M unsers gnadigstes K\u00f6niges nach der ungl\u00fcckl. pultavischen Batalli wie der H. Sultman solches als ein Unparteischer bezeugen kann.<\/span><\/strong><\/span><\/p>\n<table style=\"width: 100%; height: 1262px;\">\n<tbody>\n<tr style=\"height: 28px;\">\n<td style=\"width: 54.0909%; height: 28px;\"><em><span style=\"font-size: 10pt; color: #000000;\"><strong>TRANSCRIPTIE<\/strong><\/span><\/em><\/td>\n<td style=\"width: 45.7576%; height: 28px;\"><em><span style=\"font-size: 10pt; color: #000000;\"><strong>VERTALING<\/strong><\/span><\/em><\/td>\n<\/tr>\n<tr style=\"height: 364px;\">\n<td style=\"width: 54.0909%; height: 364px;\"><span style=\"font-size: 10pt;\"><span style=\"text-decoration: underline;\">Kopie 209, blad 112<\/span><br \/>\nWahrhaffte Relation wie e\u00df beschaffen mit der Absendung des J. Meijerfelt von I K M unsers gnadigstes K\u00f6niges nach der ungl\u00fcckl. pultavischen Batalli wie der H. Sultman solches als ein Unparteischer bezeugen kann<br \/>\n(&#8230;)<br \/>\nI K M aber wie sie weg fahren wolten resolvirten mich zur\u00fcck zum Zaren zu senden und zwar in den Angelehenheiten weilen ohngefehr acht Tage vohr her ein Cornet von Zarischer Mayt Seiten mit<br \/>\n<\/span><\/td>\n<td style=\"width: 45.7576%; height: 364px;\">\n<p class=\"tw-data-text tw-text-large tw-ta\" dir=\"ltr\" data-placeholder=\"Vertaling\"><span class=\"Y2IQFc\" lang=\"nl\" style=\"font-size: 10pt;\">Waarheidsgetrouw Relaas zoals het gebeurde met de uitzending van J. Meijerfelt door ZKM onze meest genadige Koning na de ongelukkige Poltavische veldslag zoals Heer Siltmann zulks als een onpartijdige getuigen kan<br \/>\n<\/span><span style=\"font-size: 10pt;\">(&#8230;)<\/span><br \/>\n<span class=\"Y2IQFc\" lang=\"nl\" style=\"font-size: 10pt;\">ZKM wilde echter toen zij wegreden mij terug naar de tsaar\u00a0<\/span><span style=\"font-size: 10pt;\">zenden<\/span><span style=\"font-size: 10pt;\">, en wel in de zaken waarvoor ongeveer acht dagen geleden een Cornet van de Tsaristische Majesteit met<\/span><\/p>\n<\/td>\n<\/tr>\n<tr style=\"height: 478px;\">\n<td style=\"width: 54.0909%; height: 478px;\"><span style=\"font-size: 10pt;\"><span style=\"text-decoration: underline;\">Kopie 210, blad 112v<\/span><br \/>\n18 Man zu un\u03b2erm <del>K\u00f6nige<\/del> lager mit brieffen und gewi\u03b2en propositionen \u00fcberkommen, derselbe noch nicht afgefertigt, und nach bey Novisansanscharoff mit seiner manschaft welche also mit antwort espediret wert, da aber Exc H. Graff Piper gefangen (&#8230;) fanden I K M vor n\u00f6tig und autentic gnug, ds ich Gr. Piper im Nahmen I K M muntl. bevolm\u00e4chtigten solte (&#8230;) ds er die proponirte Puncten so wie ers am besten befunde beantworten und so wohl (?) tuhnlich abhandeln (&#8230;) gaben da bey mir einen Trompeter vom Leibregim mit (&#8230;) und da nuhn \u00bd Meil von Novischansaroff kahm so begegnete wier die moskowitischen Trouppen unter Commando des H. Generall Baur.<br \/>\n(&#8230;)<br \/>\n<\/span><\/td>\n<td style=\"width: 45.7576%; height: 478px;\"><span style=\"font-size: 10pt;\"><span style=\"font-size: 10pt;\">Sultman<br \/>\n<\/span><\/span><\/p>\n<p id=\"tw-target-text\" class=\"tw-data-text tw-text-large tw-ta\" dir=\"ltr\" data-placeholder=\"Vertaling\"><span class=\"Y2IQFc\" lang=\"nl\" style=\"font-size: 10pt;\">18 man naar ons kamp met brieven en bepaalde voorstellen was overgekomen, ditzelfde was nog niet gedaan, en nabij Novi Sanscharoff met zijn team dat toen een antwoord gegeven werd, maar aangezien excellentie heer graaf Piper gevangen was (&#8230;) vond ZKM het noodzakelijk en authentieker, dat ik raaf Piper namens ZKM mondeling volmacht zou geven\u00a0 (&#8230;) dat hij de voorgestelde punten moest beantwoorden zoals hij het beste vond en ze zo goed (?) mogelijk behandelen (&#8230;) gaf mij daarbij een trompetter van het Lijdregiment bij mij (&#8230;) en \u00bd meil \u200b\u200bvon Novi Schansaroff en ontmoette wij de Moskovische troepen onder bevel van heer generaal Bauer. (&#8230;)<\/span><\/p>\n<\/td>\n<\/tr>\n<tr style=\"height: 28px;\">\n<td style=\"width: 54.0909%; height: 28px;\"><span style=\"font-size: 10pt;\">Kopie 211, blad 113<\/span><\/td>\n<td style=\"width: 45.7576%; height: 28px;\"><span style=\"font-size: 10pt;\">Bauer, prins Galletzin<\/span><\/td>\n<\/tr>\n<tr style=\"height: 28px;\">\n<td style=\"width: 54.0909%; height: 28px;\"><span style=\"font-size: 10pt;\">Kopie 212, blad 113v<br \/>\n<\/span><\/td>\n<td style=\"width: 45.7576%; height: 28px;\"><span style=\"font-size: 10pt;\"><em>Pultawa<\/em>, Gollofkin, Piper<\/span><\/td>\n<\/tr>\n<tr style=\"height: 28px;\">\n<td style=\"width: 54.0909%; height: 28px;\"><span style=\"font-size: 10pt;\">Kopie 213, blad 114<\/span><\/td>\n<td style=\"width: 45.7576%; height: 28px;\"><span style=\"font-size: 10pt;\">Gollofkin, Lewenhaupt, <em>Pultawa<\/em>,<br \/>\n<\/span><\/td>\n<\/tr>\n<tr style=\"height: 28px;\">\n<td style=\"width: 54.0909%; height: 28px;\"><span style=\"font-size: 10pt;\">Kopie 214, blad 114v<br \/>\n<\/span><\/td>\n<td style=\"width: 45.7576%; height: 28px;\"><span style=\"font-size: 10pt;\">Sultman, Butterlin<\/span><\/td>\n<\/tr>\n<tr style=\"height: 28px;\">\n<td style=\"width: 54.0909%; height: 28px;\"><span style=\"font-size: 10pt;\">Kopie 215, blad 115<\/span><\/td>\n<td style=\"width: 45.7576%; height: 28px;\"><span style=\"font-size: 10pt;\">Butterlin, Walkonski<br \/>\n<\/span><\/td>\n<\/tr>\n<tr style=\"height: 28px;\">\n<td style=\"width: 54.0909%; height: 28px;\"><span style=\"font-size: 10pt;\">Kopie 216, blad 115v<br \/>\n<\/span><\/td>\n<td style=\"width: 45.7576%; height: 28px;\"><em><span style=\"font-size: 10pt;\">Otzekoff<\/span><\/em>,<span style=\"font-size: 10pt;\"> Gollofkin, Piper<\/span><\/td>\n<\/tr>\n<tr style=\"height: 28px;\">\n<td style=\"width: 54.0909%; height: 28px;\"><span style=\"font-size: 10pt;\">Kopie 217, blad 116<\/span><\/td>\n<td style=\"width: 45.7576%; height: 28px;\"><span style=\"font-size: 10pt;\">Gollofkin, Schaffiroff<br \/>\n<\/span><\/td>\n<\/tr>\n<tr style=\"height: 28px;\">\n<td style=\"width: 54.0909%; height: 28px;\"><span style=\"font-size: 10pt;\">Kopie 218, blad 116v<br \/>\n<\/span><\/td>\n<td style=\"width: 45.7576%; height: 28px;\"><span style=\"font-size: 10pt;\">Schaffiroff, Gollofkin<\/span><\/td>\n<\/tr>\n<tr style=\"height: 28px;\">\n<td style=\"width: 54.0909%; height: 28px;\"><span style=\"font-size: 10pt;\">Kopie 219, blad 117<\/span><\/td>\n<td style=\"width: 45.7576%; height: 28px;\"><span style=\"font-size: 10pt;\">Piper, <em>Reschitiluska<\/em><\/span><\/td>\n<\/tr>\n<tr style=\"height: 28px;\">\n<td style=\"width: 54.0909%; height: 28px;\"><span style=\"font-size: 10pt;\">Kopie 220, blad 117v<br \/>\n<\/span><\/td>\n<td style=\"width: 45.7576%; height: 28px;\"><span style=\"font-size: 10pt;\">Butterlin, <em>Stockholm, Moskou<\/em><\/span><\/td>\n<\/tr>\n<tr style=\"height: 56px;\">\n<td style=\"width: 54.0909%; height: 56px;\"><span style=\"text-decoration: underline;\"><span style=\"font-size: 10pt;\">Kopie 221, blad <\/span><\/span><span style=\"font-size: 10pt;\"><span style=\"text-decoration: underline;\">118, N 24<\/span><br \/>\ndes konigs Caroli den XII (&#8230;)<br \/>\n<\/span><\/td>\n<td style=\"width: 45.7576%; height: 56px;\"><\/td>\n<\/tr>\n<tr style=\"height: 28px;\">\n<td style=\"width: 54.0909%; height: 28px;\"><span style=\"font-size: 10pt;\">Kopie 222, blad 119<\/span><\/td>\n<td style=\"width: 45.7576%; height: 28px;\"><em><span style=\"font-size: 10pt;\">Elbing<\/span><\/em><\/td>\n<\/tr>\n<tr style=\"height: 28px;\">\n<td style=\"width: 54.0909%; height: 28px;\"><span style=\"font-size: 10pt;\">Kopie 223, blad 119v<br \/>\n<\/span><\/td>\n<td style=\"width: 45.7576%; height: 28px;\"><span style=\"font-size: 10pt;\">Taube, D\u00fcker, Klinkostr\u00f6m<\/span><\/td>\n<\/tr>\n<\/tbody>\n<\/table>\n<p style=\"text-align: center;\"><span style=\"font-size: 10pt;\"><span style=\"color: #0000ff;\"><a style=\"color: #0000ff;\" href=\"https:\/\/meijenfeldt.nl\/?page_id=32136\">Terug<\/a><\/span>\u00a0 \u00a0***\u00a0 \u00a0<span style=\"color: #0000ff;\"><a style=\"color: #0000ff;\" href=\"https:\/\/meijenfeldt.nl\/?page_id=31905\">Verder<\/a><\/span><\/span><\/p>\n","protected":false},"excerpt":{"rendered":"<p>Bijlage D, fol 112-119v, pag 209-223 Wahrhaffte Relation wie e\u00df beschaffen mit der Absendung des G. Meijerfelt von I K M unsers gnadigstes K\u00f6niges nach der ungl\u00fcckl. pultavischen Batalli wie der H. Sultman solches als ein Unparteischer bezeugen kann. TRANSCRIPTIE VERTALING Kopie 209, blad 112 Wahrhaffte Relation wie e\u00df beschaffen mit der Absendung des J. &hellip; <a href=\"https:\/\/meijenfeldt.nl\/?page_id=32143\" class=\"more-link\">Verder lezen <span class=\"screen-reader-text\">Memoires D. Absendung<\/span><\/a><\/p>\n","protected":false},"author":1,"featured_media":0,"parent":0,"menu_order":0,"comment_status":"closed","ping_status":"closed","template":"","meta":{"footnotes":""},"class_list":["post-32143","page","type-page","status-publish","hentry"],"_links":{"self":[{"href":"https:\/\/meijenfeldt.nl\/index.php?rest_route=\/wp\/v2\/pages\/32143","targetHints":{"allow":["GET"]}}],"collection":[{"href":"https:\/\/meijenfeldt.nl\/index.php?rest_route=\/wp\/v2\/pages"}],"about":[{"href":"https:\/\/meijenfeldt.nl\/index.php?rest_route=\/wp\/v2\/types\/page"}],"author":[{"embeddable":true,"href":"https:\/\/meijenfeldt.nl\/index.php?rest_route=\/wp\/v2\/users\/1"}],"replies":[{"embeddable":true,"href":"https:\/\/meijenfeldt.nl\/index.php?rest_route=%2Fwp%2Fv2%2Fcomments&post=32143"}],"version-history":[{"count":10,"href":"https:\/\/meijenfeldt.nl\/index.php?rest_route=\/wp\/v2\/pages\/32143\/revisions"}],"predecessor-version":[{"id":56048,"href":"https:\/\/meijenfeldt.nl\/index.php?rest_route=\/wp\/v2\/pages\/32143\/revisions\/56048"}],"wp:attachment":[{"href":"https:\/\/meijenfeldt.nl\/index.php?rest_route=%2Fwp%2Fv2%2Fmedia&parent=32143"}],"curies":[{"name":"wp","href":"https:\/\/api.w.org\/{rel}","templated":true}]}}