{"id":32093,"date":"2020-08-12T11:52:58","date_gmt":"2020-08-12T11:52:58","guid":{"rendered":"http:\/\/meijenfeldt.nl\/?page_id=32093"},"modified":"2023-05-07T13:13:39","modified_gmt":"2023-05-07T13:13:39","slug":"katern-7","status":"publish","type":"page","link":"https:\/\/meijenfeldt.nl\/?page_id=32093","title":{"rendered":"Memoires 7. Poltava I"},"content":{"rendered":"<div class=\"entry-content\">\n<p><strong><span style=\"color: #000000;\">Katern 7, <\/span><\/strong><a href=\"https:\/\/meijenfeldt.nl\/wp-content\/uploads\/2020\/08\/Katern-7.pdf\"><span style=\"color: #0000ff;\">fol 69-73v<\/span><\/a>, pag 146-155<br \/>\n<span style=\"color: #000000; font-size: 10pt;\">Zes vel, vijf rechterbladen afgeknipt, handschrift 1 en 2 (blad 73v, regel 13 e.v.)<\/span><\/p>\n<table style=\"width: 100%;\">\n<tbody>\n<tr>\n<td style=\"width: 50.7576%;\"><em><span style=\"font-size: 10pt; color: #000000;\"><strong>TRANSCRIPTIE<\/strong><\/span><\/em><\/td>\n<td style=\"width: 49.0909%;\"><em><span style=\"font-size: 10pt; color: #000000;\"><strong>VERTALING<\/strong><\/span><\/em><\/td>\n<\/tr>\n<tr>\n<td style=\"width: 50.7576%;\"><span style=\"font-size: 10pt; color: #000000;\">kopie 146, blad 69<br \/>\n<\/span><\/td>\n<td style=\"width: 49.0909%;\"><\/td>\n<\/tr>\n<tr>\n<td style=\"width: 50.7576%;\"><span style=\"font-size: 10pt; color: #000000;\">kopie 147, blad. 69v<br \/>\n<\/span><\/td>\n<td style=\"width: 49.0909%;\"><\/td>\n<\/tr>\n<tr>\n<td style=\"width: 50.7576%;\"><span style=\"font-size: 10pt; color: #000000;\">kopie 148,, blad 70<br \/>\n<\/span><\/td>\n<td style=\"width: 49.0909%;\"><span style=\"color: #000000; font-size: 10pt;\">Kruse, Hielm, <em>Starri Schanzgarot<\/em><\/span><\/td>\n<\/tr>\n<tr>\n<td style=\"width: 50.7576%;\"><span style=\"font-size: 10pt; color: #000000;\">kopie 149, blad 70v<br \/>\n<\/span><\/td>\n<td style=\"width: 49.0909%;\"><span style=\"font-size: 10pt;\">Kruse<\/span><\/td>\n<\/tr>\n<tr>\n<td style=\"width: 50.7576%;\"><span style=\"font-size: 10pt; color: #000000;\">kopie 150, blad 71<br \/>\n<\/span><\/td>\n<td style=\"width: 49.0909%;\"><span style=\"font-size: 10pt;\">Kruse, Mazeppa, Rehnschildt<\/span><\/td>\n<\/tr>\n<tr>\n<td style=\"width: 50.7576%;\"><span style=\"font-size: 10pt; color: #000000;\">kopie 151, blad 71v<br \/>\n<\/span><\/td>\n<td style=\"width: 49.0909%;\"><span style=\"font-size: 10pt;\">Kapitein M\u00fchl<\/span><\/td>\n<\/tr>\n<tr>\n<td style=\"width: 50.7576%;\"><span style=\"font-size: 10pt; color: #000000;\">kopie 152, blad 72<br \/>\n<\/span><\/td>\n<td style=\"width: 49.0909%;\"><span style=\"font-size: 10pt;\">Karel XII gewond<\/span><\/td>\n<\/tr>\n<tr>\n<td style=\"width: 50.7576%;\"><span style=\"font-size: 10pt; color: #000000;\"><span style=\"text-decoration: underline;\">kopie 153, blad 72v<\/span><br \/>\n(&#8230;)<br \/>\nobgleich nicht stehen nicht gehen k\u00f6nte der Gen: Major Meijerfelt, sondern sich zu Pferde heben la\u00dfen muste, wahr er doch mit. Wie er den allemahl, wan wa\u00df vorfiel, ungeacht seines schwerer Accidence sich doch allemahl badey einfant und so viel m\u00f6glich Seine Dienste offerirte, so allen so dahmahls mit gewesen nicht unbekant, und da eben die Arm\u00e9 im vollen an March dem feint zu attaquiren und schon auch avanciret wahren, da\u03b2 wier mit vanonen aust ein andere seiten \/ und<br \/>\n<\/span><\/td>\n<td style=\"width: 49.0909%;\"><span style=\"font-size: 10pt;\">Rehnschildt<\/span><\/p>\n<p id=\"tw-target-text\" class=\"tw-data-text tw-text-large tw-ta\" dir=\"ltr\" data-placeholder=\"Vertaling\"><span class=\"Y2IQFc\" lang=\"nl\" style=\"font-size: 10pt;\">Hoewel generaal-majoor Meijerfelt niet kon gaan of staan, zonder zich te paard te laten tillen, was hij er wel bij. Zoals hij altijd, als er wat gebeurde, ongeacht zijn ernstige ongeluk, altijd aanwezig was en zijn diensten zoveel mogelijk aanbood, bij iedereen mee aanwezig toen niet\u00a0 onbekend, en aangezien het leger in volle mars was om de vijand aan te vallen en ook reeds geavanceerd was, dat we met cannonnen van een andere kant \/ en<\/span><\/p>\n<\/td>\n<\/tr>\n<tr>\n<td style=\"width: 50.7576%;\"><span style=\"font-size: 10pt; color: #000000;\">kopie 154, blad 73<\/span><\/td>\n<td style=\"width: 49.0909%;\"><\/td>\n<\/tr>\n<tr>\n<td style=\"width: 50.7576%;\"><span style=\"font-size: 10pt; color: #000000;\"><span style=\"text-decoration: underline;\">kopie 155, blad 73v<\/span><br \/>\n<\/span><span style=\"font-size: 10pt;\">(&#8230;)<br \/>\nder Feltmarschal mit der Gen: Major Meijerfelt begaben zich zum<span style=\"color: #0000ff;\"><a style=\"color: #0000ff;\" href=\"#voetnoot\"> (1)<\/a><\/span> K\u00f6nige und fanden es schlecht so da\u03b2 die Dochters und feltschers dem K\u00f6nige nicht mehr 24 Stunde das Leben traueten wegen de\u03b2 zunehmen des Kalten Brandes, so doch durch medicin und schwitzen durch Gotte\u03b2 Gnade zu eine\u03b2 be\u03b2ern ausschlug, da\u03b2 gab aber bey allen, da sie sich so entfernt vom Reiche in die\u03b2en Ungl\u00fcck sahen, eine sonderlich Betr\u00fcbni\u03b2 nicht wi\u03b2end wie es mit Ihro K\u00f6migl: May: selber in der s\u00e4nfte wie die Arm\u00e9 au\u03b2r\u00fcckte dabey tragen lie\u03b2, so da\u03b2 nach 8 Tagen da die fein-\/de<a id=\"voetnoot\"><\/a><br \/>\n<\/span><\/td>\n<td style=\"width: 49.0909%;\">\n<p id=\"tw-target-text\" class=\"tw-data-text tw-text-large tw-ta\" dir=\"ltr\" data-placeholder=\"Vertaling\"><span class=\"Y2IQFc\" lang=\"nl\" style=\"font-size: 10pt;\">De veldmaarschalk ging met Gen: Majoor Meijerfelt naar de koning en vond het erg dat de doctoren en veldartsen de koning niet meer 24 uur te leven vertrouwden vanwege het toenemende koudvuur, maar door middel van medicijnen en zweten door Gods genade aan de beterende hand was, maar dat gaf iedereen, aangezien ze zichzelf zo ver van het rijk bevonden en in dit ongeluk zagen, een bijzonder verdriet om niet te weten wat er met ZKM was, die zich in de draagstoel als het leger verplaatste, zodat na 8 dagen toen de vijand<\/span><\/p>\n<\/td>\n<\/tr>\n<\/tbody>\n<\/table>\n<\/div>\n<p><span style=\"font-size: 10pt;\">1. Einde handschrift Nr. 1, begin handschrift Nr. 2.<\/span><\/p>\n<p style=\"text-align: center;\"><span style=\"font-size: 10pt;\"><span style=\"color: #0000ff;\"><a style=\"color: #0000ff;\" href=\"https:\/\/meijenfeldt.nl\/?page_id=32088\">Terug<\/a><\/span>\u00a0 \u00a0***\u00a0 \u00a0<span style=\"color: #0000ff;\"><a style=\"color: #0000ff;\" href=\"https:\/\/meijenfeldt.nl\/?page_id=31995\">Verder<\/a><\/span><\/span><\/p>\n","protected":false},"excerpt":{"rendered":"<p>Katern 7, fol 69-73v, pag 146-155 Zes vel, vijf rechterbladen afgeknipt, handschrift 1 en 2 (blad 73v, regel 13 e.v.) TRANSCRIPTIE VERTALING kopie 146, blad 69 kopie 147, blad. 69v kopie 148,, blad 70 Kruse, Hielm, Starri Schanzgarot kopie 149, blad 70v Kruse kopie 150, blad 71 Kruse, Mazeppa, Rehnschildt kopie 151, blad 71v Kapitein &hellip; <a href=\"https:\/\/meijenfeldt.nl\/?page_id=32093\" class=\"more-link\">Verder lezen <span class=\"screen-reader-text\">Memoires 7. Poltava I<\/span><\/a><\/p>\n","protected":false},"author":1,"featured_media":0,"parent":0,"menu_order":0,"comment_status":"closed","ping_status":"closed","template":"","meta":{"footnotes":""},"class_list":["post-32093","page","type-page","status-publish","hentry"],"_links":{"self":[{"href":"https:\/\/meijenfeldt.nl\/index.php?rest_route=\/wp\/v2\/pages\/32093","targetHints":{"allow":["GET"]}}],"collection":[{"href":"https:\/\/meijenfeldt.nl\/index.php?rest_route=\/wp\/v2\/pages"}],"about":[{"href":"https:\/\/meijenfeldt.nl\/index.php?rest_route=\/wp\/v2\/types\/page"}],"author":[{"embeddable":true,"href":"https:\/\/meijenfeldt.nl\/index.php?rest_route=\/wp\/v2\/users\/1"}],"replies":[{"embeddable":true,"href":"https:\/\/meijenfeldt.nl\/index.php?rest_route=%2Fwp%2Fv2%2Fcomments&post=32093"}],"version-history":[{"count":15,"href":"https:\/\/meijenfeldt.nl\/index.php?rest_route=\/wp\/v2\/pages\/32093\/revisions"}],"predecessor-version":[{"id":56015,"href":"https:\/\/meijenfeldt.nl\/index.php?rest_route=\/wp\/v2\/pages\/32093\/revisions\/56015"}],"wp:attachment":[{"href":"https:\/\/meijenfeldt.nl\/index.php?rest_route=%2Fwp%2Fv2%2Fmedia&parent=32093"}],"curies":[{"name":"wp","href":"https:\/\/api.w.org\/{rel}","templated":true}]}}